{"id":18958,"date":"2025-04-07T06:04:16","date_gmt":"2025-04-07T06:04:16","guid":{"rendered":"https:\/\/www.hydraulic-cylinders.net\/product\/boom-cylinder-for-caterpillar-large-excavator-e326dl\/"},"modified":"2025-04-07T06:04:19","modified_gmt":"2025-04-07T06:04:19","slug":"boom-cylinder-for-caterpillar-large-excavator-e326dl","status":"publish","type":"product","link":"https:\/\/www.hydraulic-cylinders.net\/de\/produkt\/boom-cylinder-for-caterpillar-large-excavator-e326dl\/","title":{"rendered":"Auslegerzylinder f\u00fcr Caterpillar Gro\u00dfbagger E326DL"},"content":{"rendered":"<h1>Auslegerzylinder f\u00fcr Caterpillar Gro\u00dfbagger E326DL<\/h1>\n<h2>Einf\u00fchrung in Auslegerzylinder<\/h2>\n<p>Der Auslegerzylinder, auch Schaufelzylinder genannt, ist ein spezieller Hydraulikzylinder zur Steuerung der Schaufelbewegung in verschiedenen Baumaschinen wie Baggern, Baggerladern und Radladern. Dieses wichtige Bauteil erm\u00f6glicht das Heben, Senken und Neigen der Schaufel und ist somit f\u00fcr Materialumschlagarbeiten unerl\u00e4sslich. Die Effizienz von Hydrauliksystemen macht Auslegerzylinder in der Bau- und Landwirtschaft unverzichtbar, da sie f\u00fcr reibungslose und kraftvolle Bewegungen sorgen.<\/p>\n<p><img decoding=\"async\" src=\"https:\/\/www.hydraulic-cylinders.net\/wp-content\/uploads\/2025\/04\/songte-company-1.webp\" alt=\"Auslegerzylinder f\u00fcr Bagger\" \/><\/p>\n<h2>Hauptmerkmale des Auslegerzylinders<\/h2>\n<ul>\n<li><strong>Hohe Festigkeit und Haltbarkeit:<\/strong> Diese Zylinder werden typischerweise aus hochfestem Stahl oder Aluminium hergestellt und sind so konstruiert, dass sie hohem Druck und hohen Belastungen standhalten und sich daher f\u00fcr raue Arbeitsumgebungen eignen.<\/li>\n<li><strong>Effizienter Hydraulikbetrieb:<\/strong> Durch die Nutzung von Hydraulik\u00f6ldruck f\u00fcr ein reibungsloses Aus- und Einfahren reagieren sie schnell auf Steuerbefehle und bieten kraftvolle Schub- und Zugkr\u00e4fte zum Bewegen schwerer Materialien.<\/li>\n<li><strong>Verschiedene Typen:<\/strong> Die Zylinder sind als einfachwirkende (hydraulisch in eine Richtung arbeitende) oder doppeltwirkende (in beide Richtungen arbeitende) Ausf\u00fchrungen erh\u00e4ltlich und decken somit verschiedene Betriebsanforderungen ab. Einige Modelle verf\u00fcgen \u00fcber eine Teleskopkonstruktion, die eine gr\u00f6\u00dfere Ausfahrl\u00e4nge ohne Vergr\u00f6\u00dferung der Au\u00dfenabmessungen erm\u00f6glicht.<\/li>\n<li><strong>Kompaktes Design:<\/strong> Die Konstruktions\u00fcberlegungen f\u00fcr diese Zylinder gew\u00e4hrleisten, dass sie auch in beengten R\u00e4umen Platz finden, ohne die Leistung zu beeintr\u00e4chtigen, wodurch sie sich ideal f\u00fcr begrenzte Anwendungen eignen.<\/li>\n<li><strong>Korrosionsbest\u00e4ndigkeit:<\/strong> Dank der Verwendung verschlei\u00dffester und korrosionsbest\u00e4ndiger Materialien gew\u00e4hrleisten diese Zylinder eine lange Lebensdauer auch unter anspruchsvollen Bedingungen.<\/li>\n<\/ul>\n<h3>Unsere Produktionskapazit\u00e4ten<\/h3>\n<p>Wir fertigen hochwertige Auslegerzylinder, die die auf dem Markt erh\u00e4ltlichen Hydraulikzylinder perfekt ersetzen k\u00f6nnen.<\/p>\n<p><img decoding=\"async\" src=\"https:\/\/www.hydraulic-cylinders.net\/wp-content\/uploads\/2025\/04\/songte-cylinder-head-with-all-kinds-excavator-models.webp\" alt=\"Baggermodelle\" \/><\/p>\n<h2>Anwendungen von Auslegerzylindern<\/h2>\n<h3>Baumaschinen<\/h3>\n<p>Bei Baggern sind die Auslegerzylinder unverzichtbar f\u00fcr das Graben, Laden und Bewegen von Erde oder Bauschutt. Sie erm\u00f6glichen es der Schaufel, effektiv in den Boden einzudringen und so ein effizientes Ausheben zu gew\u00e4hrleisten. Bei Baggerladern unterst\u00fctzen die Auslegerzylinder sowohl Grab- als auch Hebearbeiten und machen sie damit zu vielseitigen Werkzeugen auf Baustellen.<\/p>\n<h3>Landmaschinen<\/h3>\n<p>Die in Frontladern eingesetzten Auslegerzylinder erleichtern das Abtragen, Anheben und Transportieren von Erde, Heu und anderen Materialien. Ihre kraftvolle Arbeitsweise erm\u00f6glicht es Landwirten, Sch\u00fcttg\u00fcter m\u00fchelos zu handhaben und so die Produktivit\u00e4t in der Landwirtschaft zu steigern.<\/p>\n<h3>Bagger<\/h3>\n<p>Der Schaufelzylinder erm\u00f6glicht dem Bagger das Ausheben von Gruben, indem er das Eindringen der Schaufel in den Boden erlaubt. Diese Funktion ist f\u00fcr Bau- und Landschaftsbauarbeiten unerl\u00e4sslich und macht den Bagger zu einer unverzichtbaren Maschine in diesen Bereichen.<\/p>\n<h3>Lader<\/h3>\n<p>Bei Frontladern unterst\u00fctzen Auslegerzylinder das effektive Heben und Abladen von Lasten. Ihre F\u00e4higkeit, eine erhebliche Hubkraft bereitzustellen, gew\u00e4hrleistet einen schnellen und effizienten Materialtransport und optimiert so die Arbeitsabl\u00e4ufe auf Baustellen.<\/p>\n<h2>Design\u00fcberlegungen und Auswahlkriterien<\/h2>\n<ul>\n<li><strong>Belastbarkeit:<\/strong> Die Tragf\u00e4higkeit des Auslegerzylinders ist entscheidend. Er muss das Gewicht der zu handhabenden Materialien tragen und den im Betrieb auftretenden Kr\u00e4ften standhalten k\u00f6nnen. \u00dcberlastung kann zum Ausfall des Zylinders f\u00fchren; daher ist es unerl\u00e4sslich, einen Zylinder zu w\u00e4hlen, der die Betriebsanforderungen \u00fcbertrifft.<\/li>\n<li><strong>Dichtheit der Dichtung:<\/strong> Dichtungen spielen eine entscheidende Rolle bei der Aufrechterhaltung des Hydraulikdrucks und der Verhinderung von Leckagen. Es sollten hochwertige Dichtungen ausgew\u00e4hlt werden, die den Betriebsdr\u00fccken und -temperaturen standhalten. Die Wahl des Materials, beispielsweise Polyurethan oder Nitrilkautschuk, hat einen erheblichen Einfluss auf die Lebensdauer und Leistungsf\u00e4higkeit der Dichtungen.<\/li>\n<li><strong>Haltbarkeit:<\/strong> Der Zylinder muss aus verschlei\u00df- und korrosionsbest\u00e4ndigen Materialien gefertigt sein. Hartbeschichtungen oder Oberfl\u00e4chenbehandlungen k\u00f6nnen die Haltbarkeit, insbesondere in abrasiven Umgebungen, verbessern. Dies gew\u00e4hrleistet eine l\u00e4ngere Lebensdauer und reduziert die H\u00e4ufigkeit von Austausch und Reparaturen.<\/li>\n<li><strong>Sicherheitsfunktionen:<\/strong> Sicherheit hat in Hydrauliksystemen h\u00f6chste Priorit\u00e4t. Die Konstruktion sollte Merkmale wie Druckbegrenzungsventile umfassen, die einen \u00fcberm\u00e4\u00dfigen Druckaufbau verhindern und so das gesamte System vor potenziellen Ausf\u00e4llen und damit verbundenen Unf\u00e4llen sch\u00fctzen.<\/li>\n<li><strong>Wartungszug\u00e4nglichkeit:<\/strong> Die Konstruktion sollte eine einfache Wartung und Reparatur erm\u00f6glichen. Dazu geh\u00f6rt die Bereitstellung ausreichender Zugangspunkte f\u00fcr Inspektion und Wartung, um sicherzustellen, dass der Zylinder stets in einwandfreiem Zustand bleibt.<\/li>\n<\/ul>\n<p><img decoding=\"async\" src=\"https:\/\/www.hydraulic-cylinders.net\/wp-content\/uploads\/2025\/04\/songte-oil-pipes-and-spare-parts.webp\" alt=\"Hydraulikteile\" \/><\/p>\n<h2>Abdichtung und Schmierung des Zylinders<\/h2>\n<p>Die Funktionsf\u00e4higkeit eines Hydraulikzylinders h\u00e4ngt ma\u00dfgeblich von einer effektiven Abdichtung und Schmierung ab. Verschiedene Dichtungskomponenten, darunter Kolben- und Stangendichtungen, sorgen f\u00fcr den n\u00f6tigen Druck im Zylinder. Die Dichtungen bestehen h\u00e4ufig aus robusten Materialien wie Polyurethan und Nitrilkautschuk, die Verschlei\u00dffestigkeit gew\u00e4hrleisten und eine dichte Abdichtung sicherstellen. Zylinderk\u00f6rper und Gewindeendfl\u00e4chen werden pr\u00e4zise bearbeitet, um ihre Verschlei\u00dffestigkeit zu erh\u00f6hen. Regelm\u00e4\u00dfige Schmierung mit geeignetem Hydraulik\u00f6l ist unerl\u00e4sslich, um Reibung zu reduzieren, Verschlei\u00df vorzubeugen und die optimale Leistung dauerhaft zu gew\u00e4hrleisten.<\/p>\n<h2>Regelm\u00e4\u00dfige Inspektion und vorbeugende Wartung<\/h2>\n<ul>\n<li><strong>Regelm\u00e4\u00dfige Inspektionen:<\/strong> F\u00fchren Sie regelm\u00e4\u00dfige Kontrollen durch, um Anzeichen von Verschlei\u00df oder Leckagen fr\u00fchzeitig zu erkennen. Die fr\u00fchzeitige Erkennung von Problemen wie \u00d6llecks kann sp\u00e4tere, aufw\u00e4ndigere Reparaturen verhindern.<\/li>\n<li><strong>Richtige Schmierung:<\/strong> Halten Sie einen regelm\u00e4\u00dfigen Schmierplan ein, um sicherzustellen, dass Dichtungen und bewegliche Teile ausreichend geschmiert bleiben und dadurch Reibung und Verschlei\u00df reduziert werden.<\/li>\n<li><strong>Dichtungswechsel:<\/strong> Pr\u00fcfen Sie regelm\u00e4\u00dfig den Zustand der Dichtungen und tauschen Sie diese gegebenenfalls aus. Abgenutzte Dichtungen k\u00f6nnen zu geringerer Effizienz und h\u00f6heren Betriebskosten f\u00fchren.<\/li>\n<\/ul>\n<h2>Installationshinweise<\/h2>\n<p>Die korrekte Montage des Auslegerzylinders ist entscheidend f\u00fcr optimale Leistung. Stellen Sie zun\u00e4chst sicher, dass der Zylinder korrekt mit den Befestigungspunkten an der Maschine ausgerichtet ist. Verwenden Sie geeignete Montagehalterungen, um den Zylinder fest zu fixieren. Ziehen Sie alle Schrauben unbedingt mit dem vom Hersteller vorgegebenen Drehmoment an, um jegliche Bewegung w\u00e4hrend des Betriebs zu vermeiden. \u00dcberpr\u00fcfen Sie nach der Montage die Ausrichtung und korrigieren Sie diese gegebenenfalls. Stellen Sie au\u00dferdem sicher, dass die Hydraulikschl\u00e4uche korrekt angeschlossen sind, um Leckagen zu verhindern. Testen Sie abschlie\u00dfend das Hydrauliksystem und beobachten Sie die Funktion des Zylinders, um einen reibungslosen Betrieb zu gew\u00e4hrleisten.<\/p>\n<h2>Allgemeine Wartungsaufgaben<\/h2>\n<ul>\n<li><strong>Regelm\u00e4\u00dfige Inspektionen:<\/strong> Regelm\u00e4\u00dfige Inspektionen helfen, Lecks oder Verschlei\u00dferscheinungen fr\u00fchzeitig zu erkennen und so rechtzeitige Reparaturen durchzuf\u00fchren, die die Lebensdauer des Zylinders verl\u00e4ngern. Achten Sie besonders auf die Dichtungen und die Kolbenstange und pr\u00fcfen Sie diese auf Besch\u00e4digungen.<\/li>\n<li><strong>Geeignete Schmierung:<\/strong> Es ist unerl\u00e4sslich, einen ausreichenden Hydraulik\u00f6lstand sicherzustellen und die Schmierstellen regelm\u00e4\u00dfig zu warten. Verwenden Sie die empfohlenen Hydraulikfl\u00fcssigkeiten, um die Systemleistung zu erhalten und den Verschlei\u00df zu reduzieren.<\/li>\n<li><strong>Dichtungswechsel und Kalibrierungspr\u00fcfungen:<\/strong> Durch regelm\u00e4\u00dfiges Austauschen der Dichtungen lassen sich \u00d6llecks verhindern und der Systemdruck aufrechterhalten. F\u00fchren Sie au\u00dferdem Kalibrierungspr\u00fcfungen durch, um sicherzustellen, dass der Zylinder innerhalb der erforderlichen Spezifikationen arbeitet.<\/li>\n<\/ul>\n<p><img decoding=\"async\" src=\"https:\/\/www.hydraulic-cylinders.net\/wp-content\/uploads\/2025\/04\/songte-chushion-collar.webp\" alt=\"Kissenkragen\" \/><\/p>\n<h2>Sicherheitsaspekte und Umweltfaktoren<\/h2>\n<p>Sicherheitsma\u00dfnahmen sind beim Umgang mit Hydrauliksystemen unerl\u00e4sslich. Bediener sollten geschult werden, potenzielle Gefahren im Zusammenhang mit Hydraulikanlagen, wie z. B. pl\u00f6tzliche Bewegungen oder Ausf\u00e4lle, zu erkennen. Die Einhaltung von Sicherheitsprotokollen, wie das Tragen von Schutzausr\u00fcstung und die Gew\u00e4hrleistung, dass die Arbeitsbereiche frei von Hindernissen sind, kann Risiken minimieren. Ber\u00fccksichtigen Sie au\u00dferdem die Umweltauswirkungen von Hydraulikfl\u00fcssigkeiten. Verwenden Sie nach M\u00f6glichkeit biologisch abbaubare \u00d6le, um den \u00f6kologischen Fu\u00dfabdruck zu verringern, und stellen Sie sicher, dass alle bei Wartungsarbeiten anfallenden Abf\u00e4lle ordnungsgem\u00e4\u00df entsorgt werden.<\/p>\n<h2>Fehlerbehebung und h\u00e4ufige Probleme<\/h2>\n<ul>\n<li><strong>Leckage:<\/strong> Eines der h\u00e4ufigsten Probleme bei Hydraulikzylindern ist Leckage. Pr\u00fcfen Sie die Dichtungen auf Besch\u00e4digungen und Verbindungen auf lockeren Sitz und tauschen Sie die Dichtungen gegebenenfalls aus, um das Problem zu beheben.<\/li>\n<li><strong>Langsamer Betrieb:<\/strong> Wenn sich der Zylinder langsam bewegt, pr\u00fcfen Sie den Hydraulikfl\u00fcssigkeitsstand und stellen Sie sicher, dass sich keine Verstopfungen im System befinden. Auch Luft im System kann eine langsame Bewegung verursachen; gegebenenfalls muss das System entl\u00fcftet werden.<\/li>\n<li><strong>Unerwartete Bewegung:<\/strong> Dies k\u00f6nnte auf einen Dichtungsschaden oder ein defektes Regelventil hindeuten. Pr\u00fcfen Sie die Dichtungen auf Besch\u00e4digungen und stellen Sie sicher, dass die Steuerungssysteme ordnungsgem\u00e4\u00df funktionieren.<\/li>\n<\/ul>\n<p>Um Probleme effektiv zu diagnostizieren und zu beheben, sollten die Betreiber ein detailliertes Wartungsprotokoll f\u00fchren, in dem alle aufgetretenen Probleme und die angewandten L\u00f6sungen dokumentiert werden. Vorbeugung ist entscheidend; regelm\u00e4\u00dfige Wartungspr\u00fcfungen k\u00f6nnen die Wahrscheinlichkeit wiederkehrender Probleme erheblich reduzieren.<\/p>\n<p><img decoding=\"async\" src=\"https:\/\/www.hydraulic-cylinders.net\/wp-content\/uploads\/2025\/04\/songte-bushings-with-all-kinds-of-excavator-models.webp\" alt=\"Buchsen f\u00fcr Bagger\" \/><\/p>\n<h2>Unternehmens\u00fcbersicht<\/h2>\n<p>Wir sind ein f\u00fchrender Hersteller von Hydraulikzylindern und bieten ein breites Produktsortiment f\u00fcr den nationalen und internationalen Markt. Unser Streben nach Exzellenz treibt uns an, h\u00f6chste Qualit\u00e4tsstandards einzuhalten, unterst\u00fctzt durch eine ausgefeilte Fertigungsmanagementstrategie. Wir nutzen fortschrittliche Technologien und qualifizierte Mitarbeiter, um unsere Produktionskapazit\u00e4ten kontinuierlich zu verbessern und so die vielf\u00e4ltigen Bed\u00fcrfnisse unserer Kunden effizient und effektiv zu erf\u00fcllen.<\/p>\n<h3>Unsere Spezialgebiete<\/h3>\n<ul>\n<li><strong>Fachliche Expertise:<\/strong> Unser Team besteht aus hochqualifizierten Fachleuten mit umfassenden Kenntnissen im Bereich Hydrauliksysteme, wodurch wir unseren Kunden die besten L\u00f6sungen bieten k\u00f6nnen.<\/li>\n<li><strong>Internationale Zertifizierungen:<\/strong> Wir besitzen diverse internationale Zertifizierungen, die die Qualit\u00e4t und Zuverl\u00e4ssigkeit unserer Produkte best\u00e4tigen.<\/li>\n<li><strong>Kundenspezifische L\u00f6sungen:<\/strong> Wir bieten kundenspezifische Fertigungsdienstleistungen an, um die spezifischen Bed\u00fcrfnisse unserer Kunden zu erf\u00fcllen und sicherzustellen, dass jedes Produkt auf ihre Anforderungen zugeschnitten ist.<\/li>\n<li><strong>Moderne Produktionsausr\u00fcstung:<\/strong> Unser hochmoderner Produktionsmaschinenpark erm\u00f6glicht es uns, in unseren Fertigungsprozessen eine hohe Pr\u00e4zision und Effizienz zu gew\u00e4hrleisten.<\/li>\n<li><strong>Umfassender After-Sales-Service:<\/strong> Wir bieten einen umfassenden Kundendienst, der sicherstellt, dass unsere Kunden mit ihren Eink\u00e4ufen zufrieden sind und bei Bedarf Unterst\u00fctzung erhalten.<\/li>\n<\/ul>\n<p><img decoding=\"async\" src=\"https:\/\/www.hydraulic-cylinders.net\/wp-content\/uploads\/2025\/04\/songte-company-4.webp\" alt=\"Firmen\u00fcbersicht 1\" \/><br \/>\n<img decoding=\"async\" src=\"https:\/\/www.hydraulic-cylinders.net\/wp-content\/uploads\/2025\/04\/songte-company-3.webp\" alt=\"Unternehmens\u00fcbersicht 2\" \/><\/p>\n<p>Autor: lyl<\/p>","protected":false},"excerpt":{"rendered":"<p>Boom Cylinder For Caterpillar Large Excavator E326DL Introduction to Boom Cylinders The boom cylinder, also known as the bucket cylinder, is a specialized hydraulic cylinder designed to control the movement of buckets in various heavy machinery, including excavators, backhoe loaders, and front loaders. This crucial component allows the bucket to lift, lower, and tilt, making [&hellip;]<\/p>","protected":false},"featured_media":17870,"comment_status":"open","ping_status":"closed","template":"","meta":{"_et_pb_use_builder":"","_et_pb_old_content":"","_et_gb_content_width":""},"product_brand":[],"product_cat":[1546],"product_tag":[1547,1496],"class_list":{"0":"post-18958","1":"product","2":"type-product","3":"status-publish","4":"has-post-thumbnail","6":"product_cat-boom-cylinders","7":"product_tag-boom-cylinders","8":"product_tag-hydraulic-cylinders","10":"first","11":"instock","12":"shipping-taxable","13":"product-type-simple"},"amp_enabled":true,"_links":{"self":[{"href":"https:\/\/www.hydraulic-cylinders.net\/de\/wp-json\/wp\/v2\/product\/18958","targetHints":{"allow":["GET"]}}],"collection":[{"href":"https:\/\/www.hydraulic-cylinders.net\/de\/wp-json\/wp\/v2\/product"}],"about":[{"href":"https:\/\/www.hydraulic-cylinders.net\/de\/wp-json\/wp\/v2\/types\/product"}],"replies":[{"embeddable":true,"href":"https:\/\/www.hydraulic-cylinders.net\/de\/wp-json\/wp\/v2\/comments?post=18958"}],"wp:featuredmedia":[{"embeddable":true,"href":"https:\/\/www.hydraulic-cylinders.net\/de\/wp-json\/wp\/v2\/media\/17870"}],"wp:attachment":[{"href":"https:\/\/www.hydraulic-cylinders.net\/de\/wp-json\/wp\/v2\/media?parent=18958"}],"wp:term":[{"taxonomy":"product_brand","embeddable":true,"href":"https:\/\/www.hydraulic-cylinders.net\/de\/wp-json\/wp\/v2\/product_brand?post=18958"},{"taxonomy":"product_cat","embeddable":true,"href":"https:\/\/www.hydraulic-cylinders.net\/de\/wp-json\/wp\/v2\/product_cat?post=18958"},{"taxonomy":"product_tag","embeddable":true,"href":"https:\/\/www.hydraulic-cylinders.net\/de\/wp-json\/wp\/v2\/product_tag?post=18958"}],"curies":[{"name":"wp","href":"https:\/\/api.w.org\/{rel}","templated":true}]}}