{"id":18974,"date":"2025-04-07T06:04:58","date_gmt":"2025-04-07T06:04:58","guid":{"rendered":"https:\/\/www.hydraulic-cylinders.net\/product\/boom-cylinder-for-caterpillar-large-excavator-e349d\/"},"modified":"2025-04-07T06:05:00","modified_gmt":"2025-04-07T06:05:00","slug":"boom-cylinder-for-caterpillar-large-excavator-e349d","status":"publish","type":"product","link":"https:\/\/www.hydraulic-cylinders.net\/de\/produkt\/boom-cylinder-for-caterpillar-large-excavator-e349d\/","title":{"rendered":"Auslegerzylinder f\u00fcr Caterpillar Gro\u00dfbagger E349D"},"content":{"rendered":"<h1>Auslegerzylinder f\u00fcr Caterpillar Gro\u00dfbagger E349D<\/h1>\n<h2>Einf\u00fchrung in den Auslegerzylinder<\/h2>\n<p>Der Auslegerzylinder ist eine essenzielle Hydraulikkomponente, die speziell f\u00fcr schwere Baumaschinen, insbesondere den Caterpillar E349D-Bagger, entwickelt wurde. Dieser Hydraulikzylinder steuert die Auslegerbewegung und erm\u00f6glicht dem Bagger so die pr\u00e4zise und effiziente Ausf\u00fchrung seiner Hauptaufgaben. Der Auslegerzylinder erm\u00f6glicht das Heben, Senken und Neigen des Auslegers, was f\u00fcr diverse Materialumschlagsaufgaben im Bauwesen und bei Erdarbeiten unerl\u00e4sslich ist.<\/p>\n<p><img decoding=\"async\" src=\"https:\/\/www.hydraulic-cylinders.net\/wp-content\/uploads\/2025\/04\/songte-company-1.webp\" alt=\"Bild des Auslegerzylinders\"><\/p>\n<h3>Definition und \u00dcbersicht<\/h3>\n<p>Hydraulic cylinders, including the boom cylinder, are mechanical devices that convert hydraulic energy into mechanical energy. In the case of the boom cylinder, it allows for the articulation of the excavator&#8217;s boom. This movement enables operators to dig, lift, and transport materials effectively. The hydraulic system utilizes pressurized fluid to create movement, allowing for smooth and controlled operation, which is essential in complex tasks where precision is key.<\/p>\n<h2>Merkmale des Auslegerzylinders<\/h2>\n<ul>\n<li><strong>Hohe Festigkeit und Haltbarkeit:<\/strong> Typischerweise werden sie aus hochfestem Stahl oder Aluminium gefertigt, um hohem Druck und schweren Belastungen standzuhalten und so eine lange Lebensdauer in rauen Arbeitsumgebungen zu gew\u00e4hrleisten.<\/li>\n<li><strong>Effizienter Hydraulikbetrieb:<\/strong> Nutzt den Druck von Hydraulik\u00f6l, um ein gleichm\u00e4\u00dfiges Aus- und Einfahren zu erreichen, reagiert schnell auf die Befehle des Bedieners und erzeugt eine erhebliche Schub- und Zugkraft.<\/li>\n<li><strong>Verschiedene Typen:<\/strong> Erh\u00e4ltlich in einfach- oder doppeltwirkenden Ausf\u00fchrungen, um verschiedenen betrieblichen Anforderungen gerecht zu werden, wobei einige Modelle \u00fcber Teleskopdesigns verf\u00fcgen, die eine gr\u00f6\u00dfere Reichweite erm\u00f6glichen, ohne die \u00e4u\u00dferen Abmessungen zu vergr\u00f6\u00dfern.<\/li>\n<li><strong>Verbesserte Verschlei\u00dffestigkeit:<\/strong> Entwickelt unter Ber\u00fccksichtigung von Verschlei\u00df- und Korrosionsbest\u00e4ndigkeit, um die Lebensdauer des Produkts auch unter anspruchsvollen Bedingungen zu verl\u00e4ngern.<\/li>\n<li><strong>Einfache Wartung:<\/strong> Konstruiert f\u00fcr einfache Wartung, die schnelle Inspektionen und routinem\u00e4\u00dfige Servicearbeiten erm\u00f6glicht, um einen optimalen Betrieb zu gew\u00e4hrleisten.<\/li>\n<\/ul>\n<h2>Produktionskapazit\u00e4ten<\/h2>\n<p>Wir fertigen Auslegerzylinder und andere Hydraulikzylinder, die bestehende Modelle perfekt ersetzen. Unsere Produkte zeichnen sich durch Pr\u00e4zision und h\u00f6chste Qualit\u00e4t aus und gew\u00e4hrleisten Kompatibilit\u00e4t und Leistung, die die Industriestandards erf\u00fcllen oder \u00fcbertreffen.<\/p>\n<p><img decoding=\"async\" src=\"https:\/\/www.hydraulic-cylinders.net\/wp-content\/uploads\/2025\/04\/songte-cylinder-head-with-all-kinds-excavator-models.webp\" alt=\"Zylinder f\u00fcr Baggermodelle\"><\/p>\n<h2>Anwendungsszenarien<\/h2>\n<h3>Baumaschinen<\/h3>\n<p>Bei Baumaschinen wie Baggern sind Auslegerzylinder unverzichtbar f\u00fcr das Graben, Laden und Bewegen von Erde oder Bauschutt. Die pr\u00e4zise Steuerung durch diese Zylinder erm\u00f6glicht es den Bedienern, komplexe Aufgaben auszuf\u00fchren und so die Produktivit\u00e4t auf der Baustelle zu steigern.<\/p>\n<h3>Landmaschinen<\/h3>\n<p>Auch bei Frontladern kommen Auslegerzylinder zum Einsatz, wo sie beim Schaufeln, Anheben und Transportieren von Erde, Heu und anderen Materialien helfen und somit in der Landwirtschaft unverzichtbar sind.<\/p>\n<h3>Bagger<\/h3>\n<p>Bei Baggern erleichtert der Auslegerzylinder die Grabvorg\u00e4nge, indem er es der Schaufel erm\u00f6glicht, effizient in den Boden einzudringen, was f\u00fcr Aushubprojekte von entscheidender Bedeutung ist.<\/p>\n<h3>Lader<\/h3>\n<p>Bei Frontladern helfen die Auslegerzylinder beim effizienten Heben und Abladen von Lasten, was f\u00fcr Materialtransportaufgaben in verschiedenen Branchen unerl\u00e4sslich ist.<\/p>\n<h2>Design\u00fcberlegungen<\/h2>\n<h3>Tragf\u00e4higkeit<\/h3>\n<p>Eines der wichtigsten Kriterien bei der Konstruktion eines Auslegerzylinders ist seine Tragf\u00e4higkeit. Er muss Gewicht und Belastung der zu bewegenden Lasten aufnehmen k\u00f6nnen, ohne Kompromisse bei Sicherheit oder Leistung einzugehen. Dies erfordert eine sorgf\u00e4ltige Materialauswahl und geeignete Konstruktionsverfahren, um sicherzustellen, dass der Zylinder den im Betrieb auftretenden dynamischen Kr\u00e4ften standh\u00e4lt.<\/p>\n<h3>Dichtungsleistung<\/h3>\n<p>Eine effektive Abdichtung ist entscheidend, um Hydraulikfl\u00fcssigkeitsverluste zu verhindern und die Betriebseffizienz zu gew\u00e4hrleisten. Bei der Auswahl von Dichtungen und Dichtungsringen m\u00fcssen die Betriebsumgebung, Temperaturschwankungen und die Art der verwendeten Hydraulikfl\u00fcssigkeit ber\u00fccksichtigt werden. Hochwertige Dichtungen k\u00f6nnen die Lebensdauer des Hydraulikzylinders deutlich verl\u00e4ngern.<\/p>\n<h3>Haltbarkeit<\/h3>\n<p>Die Langlebigkeit des Auslegerzylinders ist angesichts der anspruchsvollen Betriebsbedingungen von gr\u00f6\u00dfter Bedeutung. Faktoren wie Materialauswahl, Oberfl\u00e4chenbehandlung und Konstruktionsmerkmale spielen eine entscheidende Rolle f\u00fcr die Langlebigkeit und erm\u00f6glichen es dem Zylinder, abrasiven Materialien und korrosiven Elementen standzuhalten.<\/p>\n<h3>Sicherheitsfunktionen<\/h3>\n<p>Sicherheit hat bei der Konstruktion von Hydraulikzylindern oberste Priorit\u00e4t. Der Einsatz von Sicherheitsventilen und Berstscheiben kann schwerwiegende Ausf\u00e4lle verhindern und so die Sicherheit von Bedienern und Maschinen im Betrieb gew\u00e4hrleisten.<\/p>\n<h3>Wartungszug\u00e4nglichkeit<\/h3>\n<p>Die Konstruktion von Hydraulikzylindern mit guter Wartungszug\u00e4nglichkeit ist unerl\u00e4sslich. Durch die Integration von Merkmalen, die eine einfache Inspektion und Wartung erm\u00f6glichen, lassen sich Ausfallzeiten reduzieren und die Lebensdauer der Anlage verl\u00e4ngern.<\/p>\n<p><img decoding=\"async\" src=\"https:\/\/www.hydraulic-cylinders.net\/wp-content\/uploads\/2025\/04\/songte-oil-pipes-and-spare-parts.webp\" alt=\"Hydraulikteile und Dichtungen\"><\/p>\n<h2>Abdichtung und Schmierung<\/h2>\n<p>F\u00fcr den effizienten Betrieb von Hydraulikzylindern sind eine ordnungsgem\u00e4\u00dfe Abdichtung und Schmierung unerl\u00e4sslich. Verschiedene Dichtungskomponenten, wie Kolben- und Stangendichtungen, spielen eine entscheidende Rolle f\u00fcr die Aufrechterhaltung der hydraulischen Integrit\u00e4t. Dichtungen aus langlebigen Materialien wie Polyurethan und Nitrilkautschuk werden h\u00e4ufig eingesetzt, um Verschlei\u00df standzuhalten. Dar\u00fcber hinaus werden Zylinderk\u00f6rper und Gewindeenden pr\u00e4zisionsbearbeitet, um die Verschlei\u00dffestigkeit zu erh\u00f6hen. Regelm\u00e4\u00dfige Schmierung mit Hydraulik\u00f6l ist notwendig, um einen reibungslosen Betrieb zu gew\u00e4hrleisten und reibungsbedingte Sch\u00e4den zu vermeiden.<\/p>\n<h2>Vorbeugende Wartungsma\u00dfnahmen<\/h2>\n<ul>\n<li><strong>Regelm\u00e4\u00dfige Inspektionen:<\/strong> Regelm\u00e4\u00dfige Inspektionen des Zylinders auf Anzeichen von Verschlei\u00df, Leckagen oder Besch\u00e4digungen k\u00f6nnen dazu beitragen, Probleme zu erkennen, bevor sie sich verschlimmern, und so die dauerhafte Zuverl\u00e4ssigkeit der Maschine gew\u00e4hrleisten.<\/li>\n<li><strong>Schmierung:<\/strong> Durch die Sicherstellung einer ausreichenden Schmierung des Zylinders werden Reibung und Verschlei\u00df reduziert, was zur Gesamtlebensdauer des Bauteils beitr\u00e4gt.<\/li>\n<li><strong>Dichtungswechsel:<\/strong> Durch regelm\u00e4\u00dfiges Pr\u00fcfen und gegebenenfalls Ersetzen der Dichtungen werden Leckagen verhindert und der Hydraulikdruck im Zylinder aufrechterhalten.<\/li>\n<\/ul>\n<h2>Installationshinweise<\/h2>\n<p>Die korrekte Montage des Auslegerzylinders ist f\u00fcr seine Leistungsf\u00e4higkeit entscheidend. Beachten Sie diese Richtlinien f\u00fcr optimale Ergebnisse:<\/p>\n<ul>\n<li>Um Fehlfunktionen zu vermeiden, muss sichergestellt werden, dass der Zylinder korrekt mit dem Ausleger ausgerichtet ist.<\/li>\n<li>Verwenden Sie geeignete Montagehalterungen, um den Zylinder sicher zu befestigen und Bewegungen w\u00e4hrend des Betriebs zu minimieren.<\/li>\n<li>Vor Inbetriebnahme ist sicherzustellen, dass alle Hydraulikverbindungen fest sitzen und dicht sind.<\/li>\n<li>Check the hydraulic fluid level and ensure it meets the manufacturer&#8217;s specifications.<\/li>\n<li>F\u00fchren Sie nach der Installation einen Funktionstest durch, um sicherzustellen, dass der Zylinder einwandfrei funktioniert.<\/li>\n<\/ul>\n<h2>Allgemeine Wartungsaufgaben<\/h2>\n<h3>Regelm\u00e4\u00dfige Inspektionen<\/h3>\n<p>Regelm\u00e4\u00dfige Inspektionen des Auslegerzylinders sind unerl\u00e4sslich, um potenzielle Probleme fr\u00fchzeitig zu erkennen. Dazu geh\u00f6rt die \u00dcberpr\u00fcfung auf Anzeichen von Leckagen, Verschlei\u00df oder Fehlausrichtung. Ein einwandfreier Zustand des Zylinders kann das Risiko von Betriebsst\u00f6rungen deutlich reduzieren.<\/p>\n<h3>Geeignete Schmierung<\/h3>\n<p>Die ordnungsgem\u00e4\u00dfe Schmierung ist f\u00fcr den reibungslosen Betrieb des Hydraulikzylinders unerl\u00e4sslich. Durch regelm\u00e4\u00dfiges Nachf\u00fcllen des richtigen Hydraulik\u00f6ls in der richtigen Menge bleibt die Dichtung funktionst\u00fcchtig, die Reibung wird minimiert und die Lebensdauer des Zylinders verl\u00e4ngert.<\/p>\n<h3>Dichtungsaustausch und Kalibrierungspr\u00fcfungen<\/h3>\n<p>Dichtungen k\u00f6nnen mit der Zeit verschlei\u00dfen und m\u00fcssen dann ausgetauscht werden. Die regelm\u00e4\u00dfige \u00dcberpr\u00fcfung der Dichtungen auf Verschlei\u00dferscheinungen und deren gegebenenfalls erforderlicher Austausch tragen zur Aufrechterhaltung der Hydraulikleistung bei. Kalibrierungspr\u00fcfungen gew\u00e4hrleisten, dass der Zylinder innerhalb der vorgegebenen Parameter arbeitet, potenzielle Sch\u00e4den vermieden und eine optimale Leistung sichergestellt wird.<\/p>\n<p><img decoding=\"async\" src=\"https:\/\/www.hydraulic-cylinders.net\/wp-content\/uploads\/2025\/04\/songte-chushion-collar.webp\" alt=\"Kissenkragenbild\"><\/p>\n<h2>Sicherheitsaspekte<\/h2>\n<p>Beim Umgang mit Hydraulikzylindern haben Sicherheitsma\u00dfnahmen h\u00f6chste Priorit\u00e4t. Eine angemessene Schulung der Bediener, die Einhaltung der Sicherheitsvorschriften und die Verwendung pers\u00f6nlicher Schutzausr\u00fcstung (PSA) sind unerl\u00e4sslich. Die Gew\u00e4hrleistung der Funktionsf\u00e4higkeit aller Sicherheitsfunktionen des Hydrauliksystems kann Unf\u00e4lle und Verletzungen w\u00e4hrend des Betriebs verhindern.<\/p>\n<h2>Fehlerdiagnose und h\u00e4ufige Probleme<\/h2>\n<ul>\n<li><strong>Leckage:<\/strong> Eines der h\u00e4ufigsten Probleme ist der Austritt von Hydraulikfl\u00fcssigkeit, der durch verschlissene Dichtungen oder besch\u00e4digte Bauteile verursacht werden kann. Regelm\u00e4\u00dfige Inspektionen helfen, Leckagen fr\u00fchzeitig zu erkennen und zu beheben.<\/li>\n<li><strong>Schlechte Leistung:<\/strong> L\u00e4sst sich der Zylinder nicht reibungslos aus- oder einfahren, kann dies auf einen niedrigen Hydraulik\u00f6lstand oder interne Sch\u00e4den hindeuten. Eine schnelle Fehlerbehebung ist entscheidend, um Folgesch\u00e4den zu vermeiden.<\/li>\n<li><strong>\u00dcberhitzung:<\/strong> \u00dcberm\u00e4\u00dfige Hitze kann zum Abbau von Hydraulikfl\u00fcssigkeit f\u00fchren und dadurch deren Leistung beeintr\u00e4chtigen. Die regelm\u00e4\u00dfige \u00dcberwachung der Betriebstemperaturen kann diesem Problem entgegenwirken.<\/li>\n<\/ul>\n<h2>Tipps zur Fehlerbehebung<\/h2>\n<p>Um Probleme mit dem Auslegerzylinder effektiv zu diagnostizieren und zu beheben, beachten Sie bitte folgende Tipps:<\/p>\n<ul>\n<li>F\u00fchren Sie eine Sichtpr\u00fcfung auf Anzeichen von Besch\u00e4digung oder Abnutzung durch.<\/li>\n<li>Pr\u00fcfen Sie den Hydraulikfl\u00fcssigkeitsstand und f\u00fcllen Sie ihn gegebenenfalls auf.<\/li>\n<li>Pr\u00fcfen Sie die Dichtungen auf Anzeichen von Verschlei\u00df und ersetzen Sie sie gegebenenfalls.<\/li>\n<li>Consult the manufacturer&#8217;s troubleshooting guidelines for specific issues related to the cylinder.<\/li>\n<\/ul>\n<p><img decoding=\"async\" src=\"https:\/\/www.hydraulic-cylinders.net\/wp-content\/uploads\/2025\/04\/songte-bushings-with-all-kinds-of-excavator-models.webp\" alt=\"Buchse f\u00fcr Baggermodelle\"><\/p>\n<h2>Unternehmens\u00fcbersicht<\/h2>\n<p>Wir sind ein f\u00fchrender Hersteller von Hydraulikzylindern und bieten ein breites Produktsortiment f\u00fcr den nationalen und internationalen Markt. Unser Anspruch an h\u00f6chste Qualit\u00e4t und pr\u00e4zise Fertigung hat uns zu einem verl\u00e4sslichen Partner in der Hydraulikzylinderbranche gemacht. Wir nutzen fortschrittliche Fertigungstechnologien, qualifiziertes Fachpersonal und ein umfassendes Qualit\u00e4tssicherungssystem, um unsere Produktionskapazit\u00e4ten zu optimieren und sicherzustellen, dass unsere Produkte h\u00f6chsten Anspr\u00fcchen gen\u00fcgen.<\/p>\n<p><img decoding=\"async\" src=\"https:\/\/www.hydraulic-cylinders.net\/wp-content\/uploads\/2025\/04\/songte-company-4.webp\" alt=\"Produktionsst\u00e4tte des Unternehmens\"><br \/>\n<img decoding=\"async\" src=\"https:\/\/www.hydraulic-cylinders.net\/wp-content\/uploads\/2025\/04\/songte-company-3.webp\" alt=\"Produktionsanlagen des Unternehmens\"><\/p>\n<h3>Professionalit\u00e4t und Zertifizierungen<\/h3>\n<p>Unser Team besteht aus hochqualifizierten Fachkr\u00e4ften, die sich der Entwicklung und Herstellung erstklassiger Produkte verschrieben haben. Wir verf\u00fcgen \u00fcber internationale Zertifizierungen, die unser Engagement f\u00fcr Qualit\u00e4t und Zuverl\u00e4ssigkeit belegen und unseren Kunden Produkte garantieren, denen sie vertrauen k\u00f6nnen.<\/p>\n<h3>Ma\u00dfgeschneiderte Dienstleistungen<\/h3>\n<p>Wir bieten ma\u00dfgeschneiderte Hydraulikzylinderl\u00f6sungen an, die auf die spezifischen Anforderungen unserer Kunden zugeschnitten sind und somit auch einzigartige Anwendungsf\u00e4lle effektiv abdecken.<\/p>\n<h3>Produktionsausr\u00fcstung<\/h3>\n<p>Durch den Einsatz modernster Fertigungsanlagen gew\u00e4hrleisten wir ein hohes Ma\u00df an betrieblicher Effizienz und Pr\u00e4zision in unseren Produktionsprozessen und erm\u00f6glichen so die schnelle Lieferung qualitativ hochwertiger Produkte.<\/p>\n<h3>Kundendienst<\/h3>\n<p>Unser Engagement f\u00fcr Kundenzufriedenheit geht \u00fcber den Verkauf hinaus. Wir bieten umfassenden Kundendienst, einschlie\u00dflich Wartungsberatung und Unterst\u00fctzung bei der Fehlerbehebung, um sicherzustellen, dass unsere Kunden ihre Produkte optimal nutzen k\u00f6nnen.<\/p>\n<p>Autor: lyl<\/p>","protected":false},"excerpt":{"rendered":"<p>Boom Cylinder For Caterpillar Large Excavator E349D Introduction to Boom Cylinder The Boom Cylinder is an essential hydraulic component designed specifically for heavy machinery, particularly the Caterpillar E349D excavator. This hydraulic cylinder is responsible for controlling the movement of the boom, enabling the excavator to perform its primary functions with precision and efficiency. The boom [&hellip;]<\/p>","protected":false},"featured_media":17871,"comment_status":"open","ping_status":"closed","template":"","meta":{"_et_pb_use_builder":"","_et_pb_old_content":"","_et_gb_content_width":""},"product_brand":[],"product_cat":[1546],"product_tag":[1547,1496],"class_list":{"0":"post-18974","1":"product","2":"type-product","3":"status-publish","4":"has-post-thumbnail","6":"product_cat-boom-cylinders","7":"product_tag-boom-cylinders","8":"product_tag-hydraulic-cylinders","10":"first","11":"instock","12":"shipping-taxable","13":"product-type-simple"},"amp_enabled":true,"_links":{"self":[{"href":"https:\/\/www.hydraulic-cylinders.net\/de\/wp-json\/wp\/v2\/product\/18974","targetHints":{"allow":["GET"]}}],"collection":[{"href":"https:\/\/www.hydraulic-cylinders.net\/de\/wp-json\/wp\/v2\/product"}],"about":[{"href":"https:\/\/www.hydraulic-cylinders.net\/de\/wp-json\/wp\/v2\/types\/product"}],"replies":[{"embeddable":true,"href":"https:\/\/www.hydraulic-cylinders.net\/de\/wp-json\/wp\/v2\/comments?post=18974"}],"wp:featuredmedia":[{"embeddable":true,"href":"https:\/\/www.hydraulic-cylinders.net\/de\/wp-json\/wp\/v2\/media\/17871"}],"wp:attachment":[{"href":"https:\/\/www.hydraulic-cylinders.net\/de\/wp-json\/wp\/v2\/media?parent=18974"}],"wp:term":[{"taxonomy":"product_brand","embeddable":true,"href":"https:\/\/www.hydraulic-cylinders.net\/de\/wp-json\/wp\/v2\/product_brand?post=18974"},{"taxonomy":"product_cat","embeddable":true,"href":"https:\/\/www.hydraulic-cylinders.net\/de\/wp-json\/wp\/v2\/product_cat?post=18974"},{"taxonomy":"product_tag","embeddable":true,"href":"https:\/\/www.hydraulic-cylinders.net\/de\/wp-json\/wp\/v2\/product_tag?post=18974"}],"curies":[{"name":"wp","href":"https:\/\/api.w.org\/{rel}","templated":true}]}}