{"id":1903,"date":"2023-10-19T06:45:09","date_gmt":"2023-10-19T06:45:09","guid":{"rendered":"https:\/\/hydraulic-cylinders.net\/?post_type=product&#038;p=1903"},"modified":"2025-04-11T02:51:52","modified_gmt":"2025-04-11T02:51:52","slug":"open-tbm-shield-cylinder","status":"publish","type":"product","link":"https:\/\/www.hydraulic-cylinders.net\/de\/produkt\/open-tbm-shield-cylinder\/","title":{"rendered":"Offener TBM-Schildzylinder"},"content":{"rendered":"<h1 style=\"text-align: center;\"><strong>Offener TBM-Schildzylinder<\/strong><\/h1>\n<p><img loading=\"lazy\" decoding=\"async\" class=\"aligncenter wp-image-1904\" src=\"https:\/\/hydraulic-cylinders.net\/wp-content\/uploads\/2023\/10\/shield-cylinder-1-300x300.webp\" alt=\"\" width=\"400\" height=\"400\" \/><\/p>\n<p>Der offene TBM-Schildzylinder ist eine hochmoderne Hydraulikkomponente, die die Sicherheit und Effizienz von Tunnelbohrarbeiten erh\u00f6ht. Dieser Spezialzylinder spielt eine entscheidende Rolle bei der Unterst\u00fctzung des Schildes einer Tunnelbohrmaschine (TBM) und gew\u00e4hrleistet Stabilit\u00e4t und Schutz w\u00e4hrend des Vortriebs. In diesem informativen Artikel erl\u00e4utern wir die wichtigsten Eigenschaften, Verwendungsmethoden und Wartungshinweise des offenen TBM-Schildzylinders.<\/p>\n<p>Der offene TBM-Schildzylinder ist eine wichtige Komponente, die die Sicherheit und Effizienz von Tunnelbohrarbeiten erh\u00f6ht. Dank seiner Schildstabilit\u00e4t, pr\u00e4zisen Steuerung, Langlebigkeit und Sicherheitsfunktionen gew\u00e4hrleistet dieser Zylinder die sichere Positionierung und den Schutz des TBM-Schildes w\u00e4hrend des Vortriebs. Bei Einhaltung der empfohlenen Anwendungsmethoden und regelm\u00e4\u00dfiger Wartung liefert der offene TBM-Schildzylinder dauerhaft hervorragende Leistung und tr\u00e4gt zum Erfolg von Tunnelbauprojekten bei. Erleben Sie die Sicherheit und Effizienz des offenen TBM-Schildzylinders, der den Tunnelbohrbetrieb mit fortschrittlicher Technologie und Zuverl\u00e4ssigkeit revolutioniert.<\/p>\n<p>Schl\u00fcsselmerkmale des offenen TBM-Schildzylinders:<\/p>\n<ul>\n<li>Schildstabilit\u00e4t: Der offene TBM-Schildzylinder ist so konstruiert, dass er dem TBM-Schild au\u00dfergew\u00f6hnliche Stabilit\u00e4t verleiht. Seine robuste Konstruktion und pr\u00e4zise Verarbeitung gew\u00e4hrleisten, dass der Schild w\u00e4hrend des Vortriebs sicher an seinem Platz bleibt, wodurch das Risiko eines Bodeneinbruchs minimiert und die Sicherheit der Tunnelarbeiter gew\u00e4hrleistet wird.<\/li>\n<li>Pr\u00e4zise Steuerung und Positionierung: Ausgestattet mit fortschrittlichen hydraulischen Steuerungssystemen erm\u00f6glicht dieser Zylinder eine pr\u00e4zise Steuerung der Positionierung des TBM-Schildes. So k\u00f6nnen Bediener die Ausrichtung des Schildes an die jeweiligen Bodenbedingungen anpassen und so einen pr\u00e4zisen und effizienten Aushub gew\u00e4hrleisten.<\/li>\n<li>Langlebigkeit und Zuverl\u00e4ssigkeit: Der offene TBM-Schildzylinder wird aus hochwertigen Materialien gefertigt und ist f\u00fcr die anspruchsvollen Bedingungen im Tunnelbau ausgelegt. Er h\u00e4lt hohen Belastungen, Vibrationen und St\u00f6\u00dfen stand, bietet eine lange Lebensdauer, minimiert Ausfallzeiten und senkt die Wartungskosten.<\/li>\n<li>Sicherheitsfunktionen: Der offene TBM-Schildzylinder verf\u00fcgt \u00fcber Sicherheitsfunktionen wie \u00dcberdruckventile und Not-Aus-Mechanismen. Diese Funktionen verhindern einen \u00fcberm\u00e4\u00dfigen Druckaufbau und gew\u00e4hrleisten die Sicherheit der Tunnelarbeiter, wodurch das Risiko von Unf\u00e4llen oder Ger\u00e4tesch\u00e4den minimiert wird.<\/li>\n<\/ul>\n<h2><strong>Parameter f\u00fcr offenen TBM-Schildzylinder:<\/strong><\/h2>\n<table border=\"1\" cellspacing=\"0\" cellpadding=\"0\">\n<tbody>\n<tr>\n<td>Produktname<\/td>\n<td>Schildzylinder einer offenen Tunnelbohrmaschine<\/td>\n<\/tr>\n<tr>\n<td>Merkmale:<\/td>\n<td>Stabilisieren Sie den Schneidkopf\/verhindern Sie das Verklemmen durch Konvergenz<\/td>\n<\/tr>\n<tr>\n<td>Bohrungsdurchmesser:<\/td>\n<td>130 mm \uff5e 360 mm<\/td>\n<\/tr>\n<tr>\n<td>Stangendurchmesser:<\/td>\n<td>80 mm \uff5e 220 mm<br \/>\nHub 100 mm \uff5e 420 mm<\/td>\n<\/tr>\n<tr>\n<td>Druck:<\/td>\n<td>bis zu 25 MPa<br \/>\nSonderanforderungen bis 35 MPa<\/td>\n<\/tr>\n<tr>\n<td>Anwendungen:<\/td>\n<td>Offene Tunnelbohrmaschine<\/td>\n<\/tr>\n<\/tbody>\n<\/table>\n<h2><strong>Offene TBM-Zylinderanwendung:<\/strong><\/h2>\n<p><img loading=\"lazy\" decoding=\"async\" class=\"alignnone wp-image-1899 size-full\" src=\"https:\/\/hydraulic-cylinders.net\/wp-content\/uploads\/2023\/10\/open-tbm-cylinder-1.webp\" alt=\"\" width=\"709\" height=\"473\" srcset=\"https:\/\/hydraulic-cylinders.net\/wp-content\/uploads\/2023\/10\/open-tbm-cylinder-1.webp 709w, https:\/\/hydraulic-cylinders.net\/wp-content\/uploads\/2023\/10\/open-tbm-cylinder-1-480x320.webp 480w\" sizes=\"(min-width: 0px) and (max-width: 480px) 480px, (min-width: 481px) 709px, 100vw\" \/><\/p>\n<h2><strong>Verwendungsmethode des offenen TBM-Schildzylinders<\/strong><strong>:<\/strong><\/h2>\n<ul>\n<li><strong>Zylinderinstallation:<\/strong>\u00a0 Montieren Sie den offenen TBM-Schildzylinder gem\u00e4\u00df den Anweisungen des Herstellers. Stellen Sie die korrekte Ausrichtung und sichere Befestigung an der TBM-Schildstruktur mithilfe geeigneter Montagehalterungen oder Zubeh\u00f6r sicher.<\/li>\n<li><strong>Hydraulische Systemintegration:<\/strong> Schlie\u00dfen Sie den Zylinder mit passenden Schl\u00e4uchen und Anschl\u00fcssen an das Hydrauliksystem der TBM an. Stellen Sie sicher, dass alle Anschl\u00fcsse sicher, dicht und ausreichend festgezogen sind, um eine optimale Hydraulikleistung zu gew\u00e4hrleisten.<\/li>\n<li><strong>Schildpositionierung:<\/strong>\u00a0 Machen Sie sich mit den Bedienelementen des offenen TBM-Schildzylinders vertraut. Mit diesen Bedienelementen k\u00f6nnen Sie Position, Ausrichtung und Winkel des Schildes anpassen. Beachten Sie die Richtlinien und Empfehlungen des TBM-Herstellers zur optimalen Schildpositionierung je nach Bodenverh\u00e4ltnissen.<\/li>\n<li><strong>Sicherheitsvorkehrungen:<\/strong>\u00a0 Beachten Sie alle Sicherheitsprotokolle und Richtlinien des TBM-Herstellers. Stellen Sie sicher, dass die Bediener in der sicheren Bedienung der TBM und des offenen TBM-Schildzylinders geschult sind. \u00dcberpr\u00fcfen Sie regelm\u00e4\u00dfig die Sicherheitsmechanismen und f\u00fchren Sie die empfohlenen Wartungsarbeiten durch, um deren ordnungsgem\u00e4\u00dfe Funktion sicherzustellen.<\/li>\n<\/ul>\n<h2><strong>Wie entl\u00fcftet man einen einfachwirkenden Hydraulikzylinder?<\/strong><\/h2>\n<p>Das Entl\u00fcften eines einfachwirkenden Hydraulikzylinders ist ein unkomplizierter Vorgang, der hilft, Luft aus dem System zu entfernen und die ordnungsgem\u00e4\u00dfe Funktion sicherzustellen. Hier finden Sie eine Schritt-f\u00fcr-Schritt-Anleitung zum Entl\u00fcften eines einfachwirkenden Hydraulikzylinders:<\/p>\n<ol>\n<li><strong>Sicherheit geht vor:<\/strong> Stellen Sie vor Beginn sicher, dass das Hydrauliksystem drucklos ist und die Maschine ausgeschaltet ist. Tragen Sie geeignete pers\u00f6nliche Schutzausr\u00fcstung (PSA), wie z. B. Handschuhe und Schutzbrille.<\/li>\n<li><strong>Blutungspunkt identifizieren:<\/strong> Suchen Sie den Entl\u00fcftungspunkt am Hydraulikzylinder. Dies ist normalerweise eine kleine Schraube oder ein Ventil am Zylinderk\u00f6rper oder in der N\u00e4he der Hydraulikanschl\u00fcsse.<\/li>\n<li><strong>Auffangbeh\u00e4lter vorbereiten:<\/strong> Stellen Sie einen geeigneten Beh\u00e4lter unter die Entl\u00fcftungsstelle, um die beim Entl\u00fcftungsvorgang austretende Hydraulikfl\u00fcssigkeit aufzufangen.<\/li>\n<li><strong>Offener Entl\u00fcftungspunkt:<\/strong> \u00d6ffnen Sie die Entl\u00fcftungsstelle vorsichtig mit einem geeigneten Schraubenschl\u00fcssel oder Werkzeug, indem Sie sie gegen den Uhrzeigersinn drehen. Dadurch k\u00f6nnen Luft und eingeschlossene Fl\u00fcssigkeit entweichen.<\/li>\n<li><strong>Den Zylinder ausfahren:<\/strong> Aktivieren Sie das Hydrauliksystem, um den Zylinder vollst\u00e4ndig auszufahren. Dies kann durch Bet\u00e4tigen des Steuerventils oder Hebels erfolgen, der die Bewegung des Zylinders steuert. Durch das Ausfahren des Zylinders l\u00e4sst man Luft zum h\u00f6chsten Punkt aufsteigen und durch die Entl\u00fcftungsstelle entweichen.<\/li>\n<li><strong>Fl\u00fcssigkeitsfluss beobachten:<\/strong> Beim Ausfahren des Zylinders k\u00f6nnen Luftblasen aus der Entl\u00fcftungs\u00f6ffnung austreten. Lassen Sie die Fl\u00fcssigkeit flie\u00dfen, bis ein gleichm\u00e4\u00dfiger Strahl ohne Luftblasen entsteht. Dies zeigt an, dass die Luft aus dem Zylinder entwichen ist.<\/li>\n<li><strong>Entl\u00fcftungspunkt schlie\u00dfen:<\/strong> Sobald die Fl\u00fcssigkeit gleichm\u00e4\u00dfig und ohne Luftblasen flie\u00dft, schlie\u00dfen Sie die Entl\u00fcftungs\u00f6ffnung, indem Sie sie im Uhrzeigersinn drehen. Achten Sie darauf, sie nicht zu fest anzuziehen.<\/li>\n<li><strong>Zylinder einfahren:<\/strong> Bet\u00e4tigen Sie das Steuerventil oder den Hebel in die entgegengesetzte Richtung, um den Zylinder vollst\u00e4ndig einzufahren. Dadurch wird die verbleibende Luft aus dem System entfernt.<\/li>\n<li><strong>Bei Bedarf wiederholen:<\/strong> In manchen F\u00e4llen sind bei hartn\u00e4ckigen Lufteinschl\u00fcssen mehrere Entl\u00fcftungszyklen erforderlich. Wenn Sie weiterhin Luft im System feststellen oder die Zylinderleistung nachl\u00e4sst, wiederholen Sie den Entl\u00fcftungsvorgang, bis das System luftfrei ist.<\/li>\n<li><strong>Hydraulikfl\u00fcssigkeitsstand pr\u00fcfen:<\/strong> \u00dcberpr\u00fcfen Sie nach dem Entl\u00fcften des Zylinders den Hydraulikfl\u00fcssigkeitsstand im Beh\u00e4lter. F\u00fcllen Sie gegebenenfalls die empfohlene Hydraulikfl\u00fcssigkeit nach, um den korrekten Stand aufrechtzuerhalten. Informationen zum richtigen Typ und den Spezifikationen der Hydraulikfl\u00fcssigkeit finden Sie im Handbuch der Maschine.<\/li>\n<li><strong>Zylinderbetrieb testen:<\/strong> Nachdem der Zylinder entl\u00fcftet und der Fl\u00fcssigkeitsstand gepr\u00fcft wurde, testen Sie das Hydrauliksystem, indem Sie das Steuerventil oder den Hebel bet\u00e4tigen, der die Zylinderbewegung steuert. Beobachten Sie die Leistung des Zylinders, um sicherzustellen, dass er reibungslos funktioniert und die gew\u00fcnschte Kraft liefert.<\/li>\n<\/ol>\n<h2><strong>F\u00e4higkeit und Kapazit\u00e4t der Fabrik:<\/strong><\/h2>\n<h3>(1) Montage<\/h3>\n<p>Wir verf\u00fcgen \u00fcber eine erstklassige, unabh\u00e4ngige Forschungs- und Entwicklungsmontageplattform. Die Hydraulikzylinder-Produktionswerkstatt verf\u00fcgt \u00fcber vier halbautomatische Montagelinien f\u00fcr Hubzylinder und eine automatische Montagelinie f\u00fcr Kippzylinder mit einer geplanten j\u00e4hrlichen Produktionskapazit\u00e4t von 1 Million St\u00fcck. Die Spezialzylinderwerkstatt ist mit verschiedenen Spezifikationen eines halbautomatischen Reinigungsmontagesystems mit einer geplanten j\u00e4hrlichen Produktionskapazit\u00e4t von 200.000 ausgestattet und mit renommierten CNC-Bearbeitungsger\u00e4ten, einem Bearbeitungszentrum, einer hochpr\u00e4zisen Spezialausr\u00fcstung f\u00fcr die Zylinderverarbeitung, einer Roboterschwei\u00dfmaschine, einer automatischen Reinigungsmaschine, einer automatischen Zylindermontagemaschine und einer automatischen Lackierproduktionslinie ausgestattet. Es sind mehr als 300 Sets (S\u00e4tze) an kritischer Ausr\u00fcstung vorhanden. Die optimale Zuweisung und effiziente Nutzung der Ausr\u00fcstungsressourcen gew\u00e4hrleistet die Genauigkeitsanforderungen der Produkte und erf\u00fcllt die hohen Qualit\u00e4tsanforderungen der Produkte.<\/p>\n<p><img loading=\"lazy\" decoding=\"async\" class=\"alignnone wp-image-626\" src=\"https:\/\/hydraulic-cylinders.net\/wp-content\/uploads\/2023\/08\/hydraulic-cylinder-product-1-300x158.webp\" alt=\"\" width=\"495\" height=\"260\" srcset=\"https:\/\/hydraulic-cylinders.net\/wp-content\/uploads\/2023\/08\/hydraulic-cylinder-product-1-300x158.webp 495w, https:\/\/hydraulic-cylinders.net\/wp-content\/uploads\/2023\/08\/hydraulic-cylinder-product-1-480x252.webp 480w\" sizes=\"(min-width: 0px) and (max-width: 480px) 480px, (min-width: 481px) 495px, 100vw\" \/> <img loading=\"lazy\" decoding=\"async\" class=\"alignnone wp-image-627\" src=\"https:\/\/hydraulic-cylinders.net\/wp-content\/uploads\/2023\/08\/hydraulic-cylinder-product-2-300x189.webp\" alt=\"\" width=\"413\" height=\"260\" \/><\/p>\n<h3>(2) Bearbeitungen<\/h3>\n<p>Die Bearbeitungswerkstatt ist mit einem ma\u00dfgeschneiderten Schr\u00e4gschienen-Drehzentrum, einem Bearbeitungszentrum, einer Hochgeschwindigkeits-Honmaschine, einem Schwei\u00dfroboter und anderen zugeh\u00f6rigen Ger\u00e4ten ausgestattet, die die Bearbeitung von Zylinderrohren mit einem maximalen Innendurchmesser von 400 mm und einer maximalen L\u00e4nge von 6 Metern erm\u00f6glichen.<\/p>\n<p><img loading=\"lazy\" decoding=\"async\" class=\"alignnone wp-image-628 size-large\" src=\"https:\/\/hydraulic-cylinders.net\/wp-content\/uploads\/2023\/08\/hydraulic-cylinder-product-3-1024x391.webp\" alt=\"\" width=\"1024\" height=\"391\" srcset=\"https:\/\/hydraulic-cylinders.net\/wp-content\/uploads\/2023\/08\/hydraulic-cylinder-product-3-980x374.webp 980w, https:\/\/hydraulic-cylinders.net\/wp-content\/uploads\/2023\/08\/hydraulic-cylinder-product-3-480x183.webp 480w\" sizes=\"(min-width: 0px) and (max-width: 480px) 480px, (min-width: 481px) and (max-width: 980px) 980px, (min-width: 981px) 1024px, 100vw\" \/><\/p>\n<h3>(3) Schwei\u00dfen<\/h3>\n<p><img loading=\"lazy\" decoding=\"async\" class=\"alignnone wp-image-629 size-large\" src=\"https:\/\/hydraulic-cylinders.net\/wp-content\/uploads\/2023\/08\/hydraulic-cylinder-product-4-1024x510.webp\" alt=\"\" width=\"1024\" height=\"510\" srcset=\"https:\/\/hydraulic-cylinders.net\/wp-content\/uploads\/2023\/08\/hydraulic-cylinder-product-4-980x488.webp 980w, https:\/\/hydraulic-cylinders.net\/wp-content\/uploads\/2023\/08\/hydraulic-cylinder-product-4-480x239.webp 480w\" sizes=\"(min-width: 0px) and (max-width: 480px) 480px, (min-width: 481px) and (max-width: 980px) 980px, (min-width: 981px) 1024px, 100vw\" \/><\/p>\n<h3>(4) Malerei und Beschichtung<\/h3>\n<p>Mit kleinen und mittleren Zylinder automatische Lackieranlagen auf Wasserbasis, zu erreichen automatische Roboter Be-und Entladen und automatische Spritzen, die Design-Kapazit\u00e4t von 4000 St\u00fcck pro Schicht;<br \/>\nWir verf\u00fcgen auch \u00fcber eine halbautomatische Lackieranlage f\u00fcr gro\u00dfe Zylinder, die von einer Energiekette angetrieben wird und eine Kapazit\u00e4t von 60 Kisten pro Schicht hat.<\/p>\n<p><img loading=\"lazy\" decoding=\"async\" class=\"alignnone wp-image-630\" src=\"https:\/\/hydraulic-cylinders.net\/wp-content\/uploads\/2023\/08\/hydraulic-cylinder-product-5-300x213.webp\" alt=\"\" width=\"366\" height=\"260\" \/> <img loading=\"lazy\" decoding=\"async\" class=\"alignnone wp-image-631\" src=\"https:\/\/hydraulic-cylinders.net\/wp-content\/uploads\/2023\/08\/hydraulic-cylinder-product-6-300x225.webp\" alt=\"\" width=\"347\" height=\"260\" \/><\/p>\n<h3>(5) Pr\u00fcfung<\/h3>\n<p>Wir verf\u00fcgen \u00fcber erstklassige Pr\u00fcfeinrichtungen und Pr\u00fcfst\u00e4nde, um sicherzustellen, dass die Leistung des Zylinders den Anforderungen entspricht.<\/p>\n<p><img loading=\"lazy\" decoding=\"async\" class=\"alignnone wp-image-632\" src=\"https:\/\/hydraulic-cylinders.net\/wp-content\/uploads\/2023\/08\/hydraulic-cylinder-product-8-300x200.webp\" alt=\"\" width=\"389\" height=\"260\" \/><\/p>\n<p>&nbsp;<\/p>\n<p>&nbsp;<\/p>\n<p>Wir sind einer der besten Hydraulikzylinderhersteller. Wir k\u00f6nnen umfassende Hydraulikzylinder anbieten. Wir bieten auch entsprechende <a href=\"https:\/\/hzpt.com\/agricultural-pto-gearbox\/\" target=\"_blank\" rel=\"noopener\">landwirtschaftliche Getriebe<\/a>. Wir haben unsere Produkte an Kunden weltweit exportiert und uns aufgrund unserer hervorragenden Produktqualit\u00e4t und unseres Kundendienstes einen guten Ruf erworben. Wir begr\u00fc\u00dfen Kunden im In- und Ausland, die uns kontaktieren, um Gesch\u00e4fte zu verhandeln, Informationen auszutauschen und <a href=\"https:\/\/www.hydraulic-cylinders.net\/de\/contact-us\/\">mit uns zusammenarbeiten<\/a>!<\/p>\n<p>&nbsp;<\/p>","protected":false},"excerpt":{"rendered":"<p>Open TBM Shield Cylinder The open tbm shield cylinder is a cutting-edge hydraulic component designed to enhance the safety and efficiency of tunnel boring operations. This specialized cylinder plays a crucial role in supporting the shield of a tunnel boring machine (tbm), ensuring stability and protection during excavation. In this informative article, we will explore [&hellip;]<\/p>","protected":false},"featured_media":1905,"comment_status":"open","ping_status":"closed","template":"","meta":{"_et_pb_use_builder":"","_et_pb_old_content":"","_et_gb_content_width":""},"product_brand":[],"product_cat":[1519,1549],"product_tag":[1380],"class_list":{"0":"post-1903","1":"product","2":"type-product","3":"status-publish","4":"has-post-thumbnail","6":"product_cat-shield-machine-hydraulic-cylinders","7":"product_cat-single-acting-hydraulic-cylinder","8":"product_tag-hydraulic-cylinder","10":"first","11":"instock","12":"shipping-taxable","13":"product-type-simple"},"amp_enabled":true,"_links":{"self":[{"href":"https:\/\/www.hydraulic-cylinders.net\/de\/wp-json\/wp\/v2\/product\/1903","targetHints":{"allow":["GET"]}}],"collection":[{"href":"https:\/\/www.hydraulic-cylinders.net\/de\/wp-json\/wp\/v2\/product"}],"about":[{"href":"https:\/\/www.hydraulic-cylinders.net\/de\/wp-json\/wp\/v2\/types\/product"}],"replies":[{"embeddable":true,"href":"https:\/\/www.hydraulic-cylinders.net\/de\/wp-json\/wp\/v2\/comments?post=1903"}],"wp:featuredmedia":[{"embeddable":true,"href":"https:\/\/www.hydraulic-cylinders.net\/de\/wp-json\/wp\/v2\/media\/1905"}],"wp:attachment":[{"href":"https:\/\/www.hydraulic-cylinders.net\/de\/wp-json\/wp\/v2\/media?parent=1903"}],"wp:term":[{"taxonomy":"product_brand","embeddable":true,"href":"https:\/\/www.hydraulic-cylinders.net\/de\/wp-json\/wp\/v2\/product_brand?post=1903"},{"taxonomy":"product_cat","embeddable":true,"href":"https:\/\/www.hydraulic-cylinders.net\/de\/wp-json\/wp\/v2\/product_cat?post=1903"},{"taxonomy":"product_tag","embeddable":true,"href":"https:\/\/www.hydraulic-cylinders.net\/de\/wp-json\/wp\/v2\/product_tag?post=1903"}],"curies":[{"name":"wp","href":"https:\/\/api.w.org\/{rel}","templated":true}]}}