{"id":19098,"date":"2025-04-07T06:12:50","date_gmt":"2025-04-07T06:12:50","guid":{"rendered":"https:\/\/www.hydraulic-cylinders.net\/product\/boom-cylinder-for-grand-cme65-9\/"},"modified":"2025-04-07T06:12:53","modified_gmt":"2025-04-07T06:12:53","slug":"boom-cylinder-for-grand-cme65-9","status":"publish","type":"product","link":"https:\/\/www.hydraulic-cylinders.net\/de\/produkt\/boom-cylinder-for-grand-cme65-9\/","title":{"rendered":"Auslegerzylinder f\u00fcr Grand CME65-9"},"content":{"rendered":"<h1>Auslegerzylinder f\u00fcr Grand CME65-9<\/h1>\n<h2>Produkt\u00fcbersicht<\/h2>\n<p>Der Auslegerzylinder ist eine entscheidende Komponente des Grand CME65-9 und spielt eine wichtige Rolle im Hydrauliksystem. Dieser spezielle Hydraulikzylinder wird haupts\u00e4chlich zur Steuerung der Auslegerbewegung in Baumaschinen wie Baggern, Baggerladern und Radladern eingesetzt. Er erm\u00f6glicht das Heben, Senken und Neigen des Auslegers und tr\u00e4gt so zu effizienten Materialumschlagsarbeiten bei. Die Funktionsf\u00e4higkeit des Auslegerzylinders ist unerl\u00e4sslich f\u00fcr Eins\u00e4tze, die eine pr\u00e4zise Bewegung und Kontrolle gro\u00dfer und schwerer Lasten erfordern.<\/p>\n<p><img decoding=\"async\" src=\"https:\/\/www.hydraulic-cylinders.net\/wp-content\/uploads\/2025\/04\/songte-company-1.webp\" alt=\"Bild des Auslegerzylinders\" \/><\/p>\n<h3>Definition des Auslegerzylinders<\/h3>\n<p>Der Auslegerzylinder ist ein spezieller Hydraulikzylinder, der die Bewegung des Auslegerarms in Baumaschinen steuert. Durch die Nutzung von Hydraulikdruck stellt er die notwendige Kraft zum Heben und Man\u00f6vrieren schwerer Lasten bereit und ist somit ein unverzichtbares Werkzeug im Bauwesen und in der Industrie. Seine Konstruktion ist auf Langlebigkeit und Effizienz ausgelegt und gew\u00e4hrleistet zuverl\u00e4ssige Leistung auch unter anspruchsvollen Bedingungen.<\/p>\n<h2>Merkmale des Auslegerzylinders<\/h2>\n<ul>\n<li><strong>Hohe Festigkeit und Haltbarkeit:<\/strong> Der aus hochfestem Stahl oder Aluminium gefertigte Auslegerzylinder ist so konstruiert, dass er hohem Druck und schweren Lasten standh\u00e4lt. Er ist f\u00fcr den Einsatz unter rauen Arbeitsbedingungen ausgelegt und verf\u00fcgt \u00fcber Merkmale, die die Verschlei\u00dffestigkeit und den Korrosionsschutz verbessern.<\/li>\n<li><strong>Effizienter Hydraulikbetrieb:<\/strong> Der Zylinder nutzt Hydraulik\u00f6ldruck f\u00fcr ein sanftes Aus- und Einfahren und reagiert schnell auf Steuerbefehle. Dadurch werden hohe Schub- und Zugkr\u00e4fte gew\u00e4hrleistet, wodurch er sich ideal f\u00fcr schwere und komplexe Aufgaben eignet.<\/li>\n<li><strong>Typenvielfalt:<\/strong> Kunden k\u00f6nnen je nach Bedarf zwischen einfach- und doppeltwirkenden Zylindern w\u00e4hlen. Bestimmte Modelle verf\u00fcgen \u00fcber ein Teleskopdesign, das eine gr\u00f6\u00dfere Auszugsl\u00e4nge ohne Vergr\u00f6\u00dferung der Au\u00dfenabmessungen erm\u00f6glicht und sich ideal f\u00fcr Anwendungen mit begrenztem Platzangebot eignet.<\/li>\n<li><strong>Einfache Integration:<\/strong> Unsere Produkte k\u00f6nnen vorhandene Hydraulikzylinder perfekt ersetzen und gew\u00e4hrleisten so eine nahtlose Integration in bestehende Systeme.<\/li>\n<li><strong>Anpassungsoptionen:<\/strong> Wir bieten individuell anpassbare Optionen, um spezifischen betrieblichen Anforderungen gerecht zu werden und Leistung und Zuverl\u00e4ssigkeit zu verbessern.<\/li>\n<\/ul>\n<p><img decoding=\"async\" src=\"https:\/\/www.hydraulic-cylinders.net\/wp-content\/uploads\/2025\/04\/songte-cylinder-head-with-all-kinds-excavator-models.webp\" alt=\"Zylinderkopfbild\" \/><\/p>\n<h2>Anwendungen des Auslegerzylinders<\/h2>\n<ul>\n<li><strong>Baumaschinen:<\/strong> Der Auslegerzylinder ist ein wesentlicher Bestandteil von Baggern und erleichtert das Ausheben, Laden und Transportieren von Erde oder Bauschutt. Durch seine Ausfahr- und Einfahrfunktion erm\u00f6glicht er pr\u00e4zise Aushubarbeiten. Bei Baggerladern unterst\u00fctzt er sowohl Aushub- als auch Hebevorg\u00e4nge und steigert so Produktivit\u00e4t und Effizienz auf der Baustelle.<\/li>\n<li><strong>Landmaschinen:<\/strong> Bei Frontladern spielt der Auslegerzylinder eine entscheidende Rolle beim Laden, Heben und Transportieren von Materialien wie Erde und Heu. Die vom Auslegerzylinder bereitgestellte Hydraulikleistung erm\u00f6glicht einen reibungslosen Betrieb und macht landwirtschaftliche Arbeiten effizienter und weniger arbeitsintensiv.<\/li>\n<li><strong>Bagger:<\/strong> Der Auslegerzylinder erm\u00f6glicht den Aushubvorgang, indem er dem L\u00f6ffel ein effektives Eindringen in den Boden erlaubt. Diese Funktion ist bei Bau- und Landschaftsbauprojekten, bei denen pr\u00e4zises Graben erforderlich ist, von entscheidender Bedeutung.<\/li>\n<li><strong>Lader:<\/strong> Bei Frontladern unterst\u00fctzen Auslegerzylinder das effiziente Heben und Abladen von Lasten. Ihre zuverl\u00e4ssige Leistung gew\u00e4hrleistet einen schnellen und sicheren Materialtransport und optimiert so die Arbeitsabl\u00e4ufe in verschiedenen Umgebungen.<\/li>\n<\/ul>\n<h2>Design\u00fcberlegungen und Auswahlkriterien<\/h2>\n<ul>\n<li><strong>Belastbarkeit:<\/strong> Eines der wichtigsten Kriterien bei der Auswahl eines Auslegerzylinders ist seine Tragf\u00e4higkeit. Es ist unerl\u00e4sslich, einen Zylinder zu w\u00e4hlen, der der maximalen Belastung im Betrieb standh\u00e4lt. Die Kenntnis der erforderlichen Tragf\u00e4higkeit gew\u00e4hrleistet Sicherheit und Effizienz und beugt Ausf\u00e4llen vor, die zu Betriebsunterbrechungen f\u00fchren k\u00f6nnen.<\/li>\n<li><strong>Dichtungsmechanismen:<\/strong> Wirksame Dichtungen sind entscheidend f\u00fcr die Aufrechterhaltung des Hydraulikdrucks und die Vermeidung von Leckagen. Der Einsatz hochwertiger Dichtungen, wie beispielsweise Kolben- und Stangendichtungen aus langlebigen Materialien, gew\u00e4hrleistet die Langlebigkeit und Zuverl\u00e4ssigkeit des Zylinders. Eine einwandfreie Abdichtung ist unerl\u00e4sslich f\u00fcr optimale Leistung und minimiert den Wartungsaufwand.<\/li>\n<li><strong>Haltbarkeit:<\/strong> Die Konstruktionsmaterialien und die Konstruktion des Auslegerzylinders haben einen wesentlichen Einfluss auf seine Lebensdauer. Die Auswahl von Zylindern aus hochfesten Materialien, die Verschlei\u00df und Abnutzung in anspruchsvollen Umgebungen standhalten, f\u00fchrt zu einer l\u00e4ngeren Produktlebensdauer und geringeren Ersatzteilkosten. Regelm\u00e4\u00dfige Verschlei\u00dfpr\u00fcfungen helfen, potenzielle Ausf\u00e4lle fr\u00fchzeitig zu erkennen.<\/li>\n<li><strong>Sicherheitsfunktionen:<\/strong> Sicherheitsmechanismen sollten in die Konstruktion des Auslegerzylinders integriert werden. Merkmale wie \u00dcberlastschutz und Druckbegrenzungsventile sind entscheidend, um Unf\u00e4lle und Ger\u00e4teausf\u00e4lle zu vermeiden. Bei der Auswahl von Hydraulikkomponenten muss der Sicherheit h\u00f6chste Priorit\u00e4t einger\u00e4umt werden, um die Sicherheit der Arbeiter zu gew\u00e4hrleisten und die branchenspezifischen Vorschriften einzuhalten.<\/li>\n<li><strong>Wartungszug\u00e4nglichkeit:<\/strong> Die Konstruktion sollte eine einfache Wartung und Instandhaltung des Zylinders erm\u00f6glichen. Der Zugang zu wichtigen Bauteilen vereinfacht routinem\u00e4\u00dfige Pr\u00fcfungen und Reparaturen, reduziert Ausfallzeiten und steigert die Betriebseffizienz. Ein gut durchdachter Wartungsplan kann die Lebensdauer des Hydrauliksystems verl\u00e4ngern.<\/li>\n<\/ul>\n<p><img decoding=\"async\" src=\"https:\/\/www.hydraulic-cylinders.net\/wp-content\/uploads\/2025\/04\/songte-oil-pipes-and-spare-parts.webp\" alt=\"Abbildung von \u00d6lleitungen und Ersatzteilen\" \/><\/p>\n<h2>Abdichtung und Schmierung des Auslegerzylinders<\/h2>\n<p>F\u00fcr den effizienten Betrieb des Auslegerzylinders sind eine ordnungsgem\u00e4\u00dfe Abdichtung und Schmierung unerl\u00e4sslich. Der Einsatz verschiedener Dichtungen, wie z. B. Kolben- und Stangendichtungen, gew\u00e4hrleistet, dass die Hydraulikfl\u00fcssigkeit im Zylinder verbleibt. Dichtungen aus verschlei\u00dffesten Materialien wie Polyurethan und Nitrilkautschuk sind f\u00fcr die Aufrechterhaltung der Leistungsf\u00e4higkeit und die Vermeidung von Leckagen unerl\u00e4sslich.<\/p>\n<p>Der Zylinderk\u00f6rper und die Gewindeendfl\u00e4chen werden pr\u00e4zise bearbeitet, um die Verschlei\u00dffestigkeit zu erh\u00f6hen. Regelm\u00e4\u00dfige Schmierung mit Hydraulik\u00f6l ist notwendig, um Reibung und Verschlei\u00df an den beweglichen Teilen zu reduzieren, einen reibungslosen Betrieb zu gew\u00e4hrleisten und die Lebensdauer des Zylinders zu verl\u00e4ngern. Regelm\u00e4\u00dfige Kontrollen des Schmierstoffstands und rechtzeitiges Nachf\u00fcllen sind entscheidend f\u00fcr die optimale Funktionsf\u00e4higkeit.<\/p>\n<h2>Regelm\u00e4\u00dfige Inspektion und vorbeugende Wartungsma\u00dfnahmen<\/h2>\n<ul>\n<li><strong>Routineinspektionen:<\/strong> Regelm\u00e4\u00dfige Inspektionen sind unerl\u00e4sslich, um potenzielle Probleme fr\u00fchzeitig zu erkennen und zu beheben. Die \u00dcberpr\u00fcfung auf Lecks, Verschlei\u00df und ungew\u00f6hnliche Ger\u00e4usche tr\u00e4gt zu einer fr\u00fchzeitigen Diagnose und effizienten Probleml\u00f6sung bei. Ein festgelegter Inspektionsplan gew\u00e4hrleistet die Langlebigkeit und Zuverl\u00e4ssigkeit des Auslegerzylinders.<\/li>\n<li><strong>Richtige Schmierung:<\/strong> Die Einhaltung eines angemessenen Schmierstoffstands ist f\u00fcr den effizienten Betrieb des Auslegerzylinders entscheidend. Regelm\u00e4\u00dfiges Pr\u00fcfen und Nachf\u00fcllen des Hydraulik\u00f6ls gew\u00e4hrleistet die ausreichende Schmierung der beweglichen Teile und reduziert so Reibung und Verschlei\u00df. Es empfiehlt sich, die Herstellerangaben zu Schmierintervallen und -mengen zu beachten.<\/li>\n<li><strong>Dichtungswechsel:<\/strong> Dichtungen k\u00f6nnen mit der Zeit verschlei\u00dfen und m\u00fcssen dann ausgetauscht werden. Regelm\u00e4\u00dfige \u00dcberpr\u00fcfung des Dichtungszustands und rechtzeitiger Austausch verhindern Leckagen und erhalten die Hydraulikleistung aufrecht. F\u00fcr optimale Leistung und Lebensdauer ist es unerl\u00e4sslich, kompatible Materialien f\u00fcr Ersatzdichtungen zu verwenden.<\/li>\n<\/ul>\n<h2>Installationsrichtlinien f\u00fcr den Auslegerzylinder<\/h2>\n<p>Die Installation eines Auslegerzylinders erfordert sorgf\u00e4ltige Beachtung der Details, um eine optimale Leistung zu gew\u00e4hrleisten. Folgende Schritte sind zu befolgen:<\/p>\n<ol>\n<li>Stellen Sie zun\u00e4chst sicher, dass der Installationsbereich sauber und frei von Verunreinigungen ist. Dadurch wird eine Kontamination des Hydrauliksystems verhindert.<\/li>\n<li>Richten Sie den Auslegerzylinder pr\u00e4zise an den Befestigungspunkten aus und achten Sie darauf, dass er waagerecht und korrekt positioniert ist. Die Verwendung geeigneter Montagehalterungen ist entscheidend f\u00fcr die sichere Befestigung des Zylinders.<\/li>\n<li>Connect the hydraulic lines to the cylinder, ensuring that all fittings are tight and secure to prevent leaks. It is advisable to refer to the manufacturer&#8217;s specifications for recommended torque settings.<\/li>\n<li>Vor der Inbetriebnahme muss das Hydrauliksystem entl\u00fcftet werden, um eingeschlossene Luft aus den Leitungen zu entfernen. Dieser Schritt ist entscheidend f\u00fcr die einwandfreie Funktion des Hydrauliksystems.<\/li>\n<li>F\u00fchren Sie einen Testlauf des Systems durch und beobachten Sie den Zylinderbetrieb auf ungew\u00f6hnliche Ger\u00e4usche oder Leckagen. Nehmen Sie gegebenenfalls Anpassungen vor.<\/li>\n<\/ol>\n<h2>Allgemeine Wartungsaufgaben<\/h2>\n<ul>\n<li><strong>Regelm\u00e4\u00dfige Inspektionen:<\/strong> Regelm\u00e4\u00dfige Inspektionen helfen, Verschlei\u00dferscheinungen, Abnutzungserscheinungen oder potenzielle Probleme am Zylinder fr\u00fchzeitig zu erkennen. Dieser proaktive Ansatz beugt unerwarteten Ausf\u00e4llen vor und gew\u00e4hrleistet den reibungslosen Betrieb des Hydrauliksystems.<\/li>\n<li><strong>Richtige Schmierung:<\/strong> Eine ausreichende Schmierung des Auslegerzylinders ist f\u00fcr dessen Funktion unerl\u00e4sslich. Die Einhaltung der vom Hersteller empfohlenen Schmierintervalle tr\u00e4gt zur Aufrechterhaltung der Effizienz bei und verl\u00e4ngert die Lebensdauer des Zylinders.<\/li>\n<li><strong>Dichtungswechsel:<\/strong> Regularly checking seals for wear and replacing them as necessary is crucial for maintaining hydraulic pressure and preventing leaks. Ensuring that seals are in good condition will enhance the cylinder&#8217;s performance.<\/li>\n<\/ul>\n<h2>Sicherheitsaspekte und Umweltfaktoren<\/h2>\n<p>Beim Umgang mit Hydrauliksystemen hat die Sicherheit stets oberste Priorit\u00e4t. Der sachgem\u00e4\u00dfe Umgang mit Hydraulikfl\u00fcssigkeiten, die Einhaltung der Sicherheitsvorschriften bei Wartungsarbeiten und die Schulung aller Bediener im Umgang mit Hydraulikger\u00e4ten sind unerl\u00e4sslich, um Unf\u00e4lle zu vermeiden. Dar\u00fcber hinaus ist es wichtig, Umweltfaktoren wie die ordnungsgem\u00e4\u00dfe Entsorgung von Hydraulikfl\u00fcssigkeiten und -komponenten zu ber\u00fccksichtigen, um die Umweltbelastung zu minimieren.<\/p>\n<h2>H\u00e4ufige Probleme und Fehlerbehebung<\/h2>\n<ul>\n<li><strong>Leckage:<\/strong> Undichtigkeiten k\u00f6nnen durch verschlissene Dichtungen oder fehlerhafte Verbindungen entstehen. \u00dcberpr\u00fcfen Sie die Dichtungen regelm\u00e4\u00dfig und tauschen Sie sie bei Bedarf aus. Kleinere Undichtigkeiten lassen sich oft durch Festziehen der Verbindungen beheben.<\/li>\n<li><strong>Langsamer Betrieb:<\/strong> Wenn sich der Auslegerzylinder langsam bewegt, kann dies auf zu wenig Hydraulikfl\u00fcssigkeit oder Luft im System hindeuten. Durch Pr\u00fcfen des Fl\u00fcssigkeitsstands und Entl\u00fcften des Systems l\u00e4sst sich dieses Problem oft beheben.<\/li>\n<li><strong>Seltsame Ger\u00e4usche:<\/strong> Ungew\u00f6hnliche Ger\u00e4usche w\u00e4hrend des Betriebs k\u00f6nnen auf mechanische Probleme im Zylinder hinweisen. Die Ger\u00e4uschquelle zu untersuchen und umgehend zu beheben, ist entscheidend, um Folgesch\u00e4den zu vermeiden.<\/li>\n<\/ul>\n<h2>Tipps zur Fehlerbehebung<\/h2>\n<p>Um Probleme mit dem Auslegerzylinder effektiv zu diagnostizieren und zu beheben, beachten Sie Folgendes:<\/p>\n<ul>\n<li>F\u00fchren Sie regelm\u00e4\u00dfige Inspektionen durch, um Probleme fr\u00fchzeitig zu erkennen. Achten Sie auf Anzeichen von Verschlei\u00df oder Besch\u00e4digungen und beheben Sie diese, bevor es zu schwerwiegenden Ausf\u00e4llen kommt.<\/li>\n<li>Halten Sie den korrekten Fl\u00fcssigkeitsstand ein und stellen Sie sicher, dass sich keine Luft im Hydrauliksystem befindet. Dies verbessert die Reaktionszeiten und die Gesamtleistung.<\/li>\n<li>F\u00fchren Sie ein Wartungsprotokoll, um Reparaturen und Austauschma\u00dfnahmen zu verfolgen. Dies kann Aufschluss \u00fcber wiederkehrende Probleme geben und helfen, Muster zu erkennen.<\/li>\n<\/ul>\n<p><img decoding=\"async\" src=\"https:\/\/www.hydraulic-cylinders.net\/wp-content\/uploads\/2025\/04\/songte-bushings-with-all-kinds-of-excavator-models.webp\" alt=\"Buchsen Bild\" \/><\/p>\n<h2>\u00dcber unser Unternehmen<\/h2>\n<p>Wir sind ein f\u00fchrender Hersteller und Gro\u00dfh\u00e4ndler von Hydraulikzylindern und bieten ein umfassendes Produktsortiment f\u00fcr den nationalen und internationalen Markt. Unser Streben nach Exzellenz spiegelt sich in unserer pr\u00e4zisen Fertigung und unseren effizienten Managementstrategien wider. Wir nutzen fortschrittliches technologisches Know-how, digitale Fertigungsanlagen und professionelle Pr\u00fcfsysteme, um unsere Produktionsqualit\u00e4t kontinuierlich zu verbessern.<\/p>\n<p>Unser Leistungsspektrum umfasst die Bereitstellung ma\u00dfgeschneiderter L\u00f6sungen, die exakt auf die Bed\u00fcrfnisse unserer Kunden zugeschnitten sind. Unser Team arbeitet mit h\u00f6chstem Engagement an Effizienz, Pr\u00e4zision und Qualit\u00e4t und erf\u00fcllt so die vielf\u00e4ltigen Anforderungen unserer Kunden. Dank unserer professionellen Zertifizierungen und unseres umfassenden Kundendienstes sind wir bestens ger\u00fcstet, unseren Kunden exzellenten Service und absolute Zuverl\u00e4ssigkeit zu bieten.<\/p>\n<p><img decoding=\"async\" src=\"https:\/\/www.hydraulic-cylinders.net\/wp-content\/uploads\/2025\/04\/songte-company-4.webp\" alt=\"Firmenimage\" \/><br \/>\n<img decoding=\"async\" src=\"https:\/\/www.hydraulic-cylinders.net\/wp-content\/uploads\/2025\/04\/songte-company-3.webp\" alt=\"Firmenimage\" \/><\/p>\n<p>Autor: lyl<\/p>","protected":false},"excerpt":{"rendered":"<p>Boom Cylinder For Grand CME65-9 Product Overview The Boom Cylinder is a crucial component designed for the Grand CME65-9, playing a significant role in hydraulic systems. This specific type of hydraulic cylinder is primarily used to control the movement of the boom in heavy machinery such as excavators, backhoes, and front loaders. It allows the [&hellip;]<\/p>","protected":false},"featured_media":17874,"comment_status":"open","ping_status":"closed","template":"","meta":{"_et_pb_use_builder":"","_et_pb_old_content":"","_et_gb_content_width":""},"product_brand":[],"product_cat":[1546],"product_tag":[1547,1496],"class_list":{"0":"post-19098","1":"product","2":"type-product","3":"status-publish","4":"has-post-thumbnail","6":"product_cat-boom-cylinders","7":"product_tag-boom-cylinders","8":"product_tag-hydraulic-cylinders","10":"first","11":"instock","12":"shipping-taxable","13":"product-type-simple"},"amp_enabled":true,"_links":{"self":[{"href":"https:\/\/www.hydraulic-cylinders.net\/de\/wp-json\/wp\/v2\/product\/19098","targetHints":{"allow":["GET"]}}],"collection":[{"href":"https:\/\/www.hydraulic-cylinders.net\/de\/wp-json\/wp\/v2\/product"}],"about":[{"href":"https:\/\/www.hydraulic-cylinders.net\/de\/wp-json\/wp\/v2\/types\/product"}],"replies":[{"embeddable":true,"href":"https:\/\/www.hydraulic-cylinders.net\/de\/wp-json\/wp\/v2\/comments?post=19098"}],"wp:featuredmedia":[{"embeddable":true,"href":"https:\/\/www.hydraulic-cylinders.net\/de\/wp-json\/wp\/v2\/media\/17874"}],"wp:attachment":[{"href":"https:\/\/www.hydraulic-cylinders.net\/de\/wp-json\/wp\/v2\/media?parent=19098"}],"wp:term":[{"taxonomy":"product_brand","embeddable":true,"href":"https:\/\/www.hydraulic-cylinders.net\/de\/wp-json\/wp\/v2\/product_brand?post=19098"},{"taxonomy":"product_cat","embeddable":true,"href":"https:\/\/www.hydraulic-cylinders.net\/de\/wp-json\/wp\/v2\/product_cat?post=19098"},{"taxonomy":"product_tag","embeddable":true,"href":"https:\/\/www.hydraulic-cylinders.net\/de\/wp-json\/wp\/v2\/product_tag?post=19098"}],"curies":[{"name":"wp","href":"https:\/\/api.w.org\/{rel}","templated":true}]}}