{"id":19107,"date":"2025-04-07T06:13:13","date_gmt":"2025-04-07T06:13:13","guid":{"rendered":"https:\/\/www.hydraulic-cylinders.net\/product\/boom-cylinder-for-volvo-small-excavator-ec140b\/"},"modified":"2025-04-07T06:13:15","modified_gmt":"2025-04-07T06:13:15","slug":"boom-cylinder-for-volvo-small-excavator-ec140b","status":"publish","type":"product","link":"https:\/\/www.hydraulic-cylinders.net\/de\/produkt\/boom-cylinder-for-volvo-small-excavator-ec140b\/","title":{"rendered":"Auslegerzylinder f\u00fcr Volvo Kleinbagger EC140B"},"content":{"rendered":"<h1>Auslegerzylinder f\u00fcr Volvo Kleinbagger EC140B<\/h1>\n<h2>Einf\u00fchrung in Auslegerzylinder<\/h2>\n<p>Der Auslegerzylinder ist eine entscheidende Komponente in den Hydrauliksystemen von Baumaschinen und dient der Steuerung der Schaufel- oder Auslegerbewegung. Bei Maschinen wie Baggern, Baggerladern und Radladern erm\u00f6glicht er das Heben, Senken und Neigen der Schaufel und erleichtert so effizientes Materialhandling. Im Wesentlichen handelt es sich bei einem Schaufelzylinder um einen Hydraulikzylinder, der die f\u00fcr diese Vorg\u00e4nge notwendige Kraft bereitstellt. Durch die Nutzung des Hydraulikdrucks liefert der Auslegerzylinder die f\u00fcr vielf\u00e4ltige Aufgaben ben\u00f6tigte Kraft und ist damit ein unverzichtbarer Bestandteil von Bau- und Landmaschinen.<\/p>\n<p><img decoding=\"async\" src=\"https:\/\/www.hydraulic-cylinders.net\/wp-content\/uploads\/2025\/04\/songte-company-1.webp\" alt=\"Auslegerzylinder f\u00fcr Bagger\" \/><\/p>\n<h2>Merkmale des Auslegerzylinders<\/h2>\n<ul>\n<li><strong>Hohe Festigkeit und Haltbarkeit:<\/strong> Der Auslegerzylinder, typischerweise aus hochfestem Stahl oder Aluminium gefertigt, ist f\u00fcr hohe Dr\u00fccke und schwere Lasten ausgelegt. Seine Konstruktion ber\u00fccksichtigt zudem Verschlei\u00df- und Korrosionsbest\u00e4ndigkeit, was seine Lebensdauer verl\u00e4ngert.<\/li>\n<li><strong>Effizienter Hydraulikbetrieb:<\/strong> Durch die Nutzung von Hydraulik\u00f6ldruck gew\u00e4hrleistet der Auslegerzylinder ein reibungsloses Aus- und Einfahren, erm\u00f6glicht schnelle Reaktionen auf die Befehle des Bedieners und bietet erhebliche Schub- und Zugkr\u00e4fte, die f\u00fcr schwere Hebearbeiten geeignet sind.<\/li>\n<li><strong>Verschiedene Typen:<\/strong> Auslegerzylinder sind sowohl in einfachwirkender (einseitig wirkender) als auch in doppeltwirkender (zweiseitig wirkender) Ausf\u00fchrung erh\u00e4ltlich, um unterschiedlichen Einsatzanforderungen gerecht zu werden. Einige Modelle sind teleskopierbar und erm\u00f6glichen so eine gr\u00f6\u00dfere Ausladung ohne Vergr\u00f6\u00dferung der Au\u00dfenabmessungen. Dadurch eignen sie sich ideal f\u00fcr Anwendungen mit beengten Platzverh\u00e4ltnissen.<\/li>\n<\/ul>\n<p>Unsere Produkte k\u00f6nnen diese Hydraulikzylinder perfekt ersetzen.<\/p>\n<p><img decoding=\"async\" src=\"https:\/\/www.hydraulic-cylinders.net\/wp-content\/uploads\/2025\/04\/songte-cylinder-head-with-all-kinds-excavator-models.webp\" alt=\"Baggermodelle\" \/><\/p>\n<h2>Anwendungsszenarien<\/h2>\n<h3>Baumaschinen<\/h3>\n<p>Bei Baggern sind Auslegerzylinder unverzichtbar zum Graben, Laden und Bewegen von Erde oder Bauschutt. Sie erm\u00f6glichen es der Schaufel, effektiv in den Boden einzudringen und somit effiziente Aushubarbeiten durchzuf\u00fchren. Bei Baggerladern unterst\u00fctzt der Auslegerzylinder sowohl Grab- als auch Hebevorg\u00e4nge und ist daher ein vielseitiges Werkzeug auf Baustellen.<\/p>\n<h3>Landmaschinen<\/h3>\n<p>Bei Frontladern werden Auslegerzylinder zum Schaufeln, Anheben und Transportieren von Erde, Heu und anderen Materialien eingesetzt. Ihre robuste Bauweise erm\u00f6glicht einen zuverl\u00e4ssigen Betrieb bei verschiedenen landwirtschaftlichen Aufgaben und steigert so Produktivit\u00e4t und Effizienz.<\/p>\n<h3>Bagger<\/h3>\n<p>Die F\u00e4higkeit des Auslegerzylinders, den L\u00f6ffel in den Boden eindringen zu lassen, ist f\u00fcr effektive Aushubarbeiten unerl\u00e4sslich. Die vom Auslegerzylinder erzeugte Hydraulikkraft erm\u00f6glicht tiefes Graben und macht ihn somit zu einem unverzichtbaren Bestandteil von Aushubarbeiten.<\/p>\n<h3>Lader<\/h3>\n<p>Bei Frontladern tragen die Auslegerzylinder ma\u00dfgeblich zum effektiven Heben und Abladen von Lasten bei. Sie gew\u00e4hrleisten, dass die Maschine schwere Materialien bewegen kann und dabei Stabilit\u00e4t und Kontrolle w\u00e4hrend des Betriebs beibeh\u00e4lt.<\/p>\n<h2>Design\u00fcberlegungen und Auswahlkriterien<\/h2>\n<ul>\n<li><strong>Belastbarkeit:<\/strong> Eines der wichtigsten Kriterien bei der Auswahl eines Auslegerzylinders ist seine Tragf\u00e4higkeit. Der Zylinder muss die im Betrieb zu erwartenden maximalen Lasten aufnehmen k\u00f6nnen. Um sicherzustellen, dass der gew\u00e4hlte Zylinder diese Anforderungen erf\u00fcllt, ist es unerl\u00e4sslich, die Herstellerangaben zu beachten. Die Tragf\u00e4higkeit wird durch Material, Konstruktion und hydraulische Spezifikationen des Zylinders beeinflusst. Ein umfassendes Verst\u00e4ndnis der Betriebsanforderungen der Maschine ist entscheidend f\u00fcr die Auswahl des passenden Zylinders.<\/li>\n<li><strong>Versiegelung:<\/strong> Die Dichtungsqualit\u00e4t ist f\u00fcr den einwandfreien Betrieb eines Auslegerzylinders von entscheidender Bedeutung. Hochwertige Dichtungen verhindern Hydraulikfl\u00fcssigkeitsverluste, die die Funktion beeintr\u00e4chtigen und zu Betriebsst\u00f6rungen f\u00fchren k\u00f6nnen. Je nach Anwendung sollten verschiedene Dichtungstypen, wie Kolben- und Stangendichtungen, eingesetzt werden. Materialien wie Polyurethan und Nitrilkautschuk werden aufgrund ihrer Verschlei\u00dffestigkeit empfohlen. Regelm\u00e4\u00dfige Inspektion und der Austausch der Dichtungen sind unerl\u00e4sslich, um die Hydraulikleistung aufrechtzuerhalten und Verunreinigungen zu vermeiden.<\/li>\n<li><strong>Haltbarkeit:<\/strong> Die Langlebigkeit eines Auslegerzylinders ist von entscheidender Bedeutung, da er rauen Arbeitsbedingungen standhalten muss. Faktoren wie Feuchtigkeit, Schmutz und extreme Temperaturen k\u00f6nnen die Lebensdauer des Zylinders beeintr\u00e4chtigen. Die Wahl des Materials und der Schutzbeschichtungen spielt eine wichtige Rolle f\u00fcr die Langlebigkeit. Dar\u00fcber hinaus kann die Integration von Konstruktionsmerkmalen, die den Verschlei\u00df minimieren, die Lebensdauer des Zylinders deutlich verl\u00e4ngern.<\/li>\n<li><strong>Sicherheit:<\/strong> Sicherheitsfunktionen sind in Hydrauliksystemen unerl\u00e4sslich. Der Auslegerzylinder sollte \u00fcber integrierte Sicherheitsmechanismen verf\u00fcgen, um unbeabsichtigte Bet\u00e4tigung zu verhindern und eine kontrollierte Bewegung zu gew\u00e4hrleisten. Not-Aus-Funktionen und Druckbegrenzungsventile sollten zur Standardausstattung geh\u00f6ren, um die Risiken eines Hydraulikausfalls zu minimieren. Regelm\u00e4\u00dfige Sicherheitsinspektionen sind durchzuf\u00fchren, um die einwandfreie Funktion aller Sicherheitsfunktionen sicherzustellen.<\/li>\n<li><strong>Wartung:<\/strong> Die Wartungsfreundlichkeit ist ein weiterer entscheidender Aspekt. Ein Auslegerzylinder sollte so konstruiert sein, dass Komponenten, die regelm\u00e4\u00dfig gewartet werden m\u00fcssen, wie Dichtungen und Schmierstellen, leicht zug\u00e4nglich sind. Der Wartungsplan sollte Richtlinien f\u00fcr routinem\u00e4\u00dfige Pr\u00fcfungen enthalten, um optimale Leistung und Langlebigkeit zu gew\u00e4hrleisten.<\/li>\n<\/ul>\n<p><img decoding=\"async\" src=\"https:\/\/www.hydraulic-cylinders.net\/wp-content\/uploads\/2025\/04\/songte-oil-pipes-and-spare-parts.webp\" alt=\"\u00d6lleitungen und Ersatzteile\" \/><\/p>\n<h2>Abdichtung und Schmierung<\/h2>\n<p>Die Effektivit\u00e4t eines Auslegerzylinders h\u00e4ngt ma\u00dfgeblich von der Verwendung geeigneter Dichtungsmaterialien und Schmierverfahren ab. Verschiedene Dichtungen, wie Kolben- und Stangendichtungen, sind unerl\u00e4sslich, um das Hydraulik\u00f6l im Zylinder zu halten. Die Wahl von Dichtungen aus langlebigen Materialien wie Polyurethan und Nitrilkautschuk erh\u00f6ht deren Verschlei\u00dffestigkeit. Dar\u00fcber hinaus sollten Zylinderk\u00f6rper und Gewindeendfl\u00e4chen pr\u00e4zise bearbeitet werden, um die Verschlei\u00dffestigkeit zu verbessern und eine dichte Abdichtung zu gew\u00e4hrleisten. Regelm\u00e4\u00dfige Schmierung mit Hydraulik\u00f6l ist notwendig, um die Reibung zu minimieren und vorzeitigen Verschlei\u00df zu verhindern und so den reibungslosen Betrieb des Hydrauliksystems sicherzustellen.<\/p>\n<h2>Regelm\u00e4\u00dfige Inspektion und vorbeugende Wartungsma\u00dfnahmen<\/h2>\n<ul>\n<li><strong>Regelm\u00e4\u00dfige Kontrollen:<\/strong> F\u00fchren Sie regelm\u00e4\u00dfige Inspektionen durch, um Anzeichen von Verschlei\u00df, Lecks oder Besch\u00e4digungen zu erkennen. Dieser proaktive Ansatz hilft, potenzielle Probleme zu erkennen, bevor sie zu kostspieligen Reparaturen f\u00fchren.<\/li>\n<li><strong>Richtige Schmierung:<\/strong> Achten Sie darauf, dass der Hydraulik\u00f6lstand konstant gehalten und die Schmierung regelm\u00e4\u00dfig durchgef\u00fchrt wird. Unzureichende Schmierung kann zu erh\u00f6hter Reibung und vorzeitigem Zylinderausfall f\u00fchren.<\/li>\n<li><strong>Dichtungswechsel:<\/strong> \u00dcberpr\u00fcfen Sie regelm\u00e4\u00dfig den Zustand der Dichtungen und tauschen Sie diese gegebenenfalls aus. Abgenutzte Dichtungen k\u00f6nnen zu Leckagen und einer verringerten Hydraulikleistung f\u00fchren und somit die Gesamtleistung beeintr\u00e4chtigen.<\/li>\n<\/ul>\n<h2>Installationshinweise<\/h2>\n<p>Die korrekte Montage eines Auslegerzylinders ist entscheidend f\u00fcr optimale Leistung. Richten Sie den Zylinder zun\u00e4chst pr\u00e4zise an den Montagehalterungen aus, um Fehlausrichtungen zu vermeiden. Verwenden Sie geeignete Montagehalterungen, um den Zylinder sicher zu fixieren. Achten Sie w\u00e4hrend der Montage darauf, dass alle Hydraulikanschl\u00fcsse dicht und fest sitzen. F\u00fchren Sie nach der Montage eine gr\u00fcndliche Inspektion durch, um sicherzustellen, dass der Zylinder reibungslos und ohne Hindernisse l\u00e4uft. \u00dcberpr\u00fcfen Sie die Ausrichtung regelm\u00e4\u00dfig w\u00e4hrend des Betriebs, um die korrekte Bewegung und Funktion des Zylinders zu gew\u00e4hrleisten. Eine korrekte Montage verbessert nicht nur die Funktionalit\u00e4t, sondern erh\u00f6ht auch die Sicherheit im Betrieb.<\/p>\n<h2>Allgemeine Wartungsaufgaben<\/h2>\n<ul>\n<li><strong>Regelm\u00e4\u00dfige Inspektion:<\/strong> Regelm\u00e4\u00dfige Inspektionen sind unerl\u00e4sslich, um Verschlei\u00df fr\u00fchzeitig zu erkennen. Achten Sie auf Anzeichen von Leckagen, Korrosion oder Besch\u00e4digungen am Zylinder und seinen Bauteilen. Die Fr\u00fcherkennung erm\u00f6glicht rechtzeitige Wartungsarbeiten und beugt gr\u00f6\u00dferen Ausf\u00e4llen vor.<\/li>\n<li><strong>Geeignete Schmierung:<\/strong> Stellen Sie sicher, dass der Hydraulik\u00f6lstand ausreichend ist und die Schmierstellen ordnungsgem\u00e4\u00df gewartet werden. Regelm\u00e4\u00dfige Schmierung reduziert Reibung und Verschlei\u00df und verl\u00e4ngert so die Lebensdauer des Zylinders.<\/li>\n<li><strong>Dichtungsaustausch und Kalibrierung:<\/strong> Dichtungen regelm\u00e4\u00dfig auf Verschlei\u00df pr\u00fcfen und bei Bedarf austauschen. Die Kalibrierung des Hydrauliksystems gew\u00e4hrleistet optimale Leistung und beugt Betriebsst\u00f6rungen vor.<\/li>\n<\/ul>\n<p><img decoding=\"async\" src=\"https:\/\/www.hydraulic-cylinders.net\/wp-content\/uploads\/2025\/04\/songte-chushion-collar.webp\" alt=\"Kissenkragen\" \/><\/p>\n<h2>Sicherheitsaspekte und Umweltfaktoren<\/h2>\n<p>Beim Umgang mit Hydrauliksystemen haben Sicherheitsma\u00dfnahmen h\u00f6chste Priorit\u00e4t. Bediener m\u00fcssen in sicheren Handhabungspraktiken geschult werden, um Unf\u00e4lle zu minimieren. Die Verwendung pers\u00f6nlicher Schutzausr\u00fcstung (PSA) ist unerl\u00e4sslich, um sich vor potenziellen Gefahren durch Hochdrucksysteme zu sch\u00fctzen. Dar\u00fcber hinaus m\u00fcssen Umwelteinfl\u00fcsse, wie beispielsweise die Einwirkung extremer Wetterbedingungen, bei der Konstruktion und dem Betrieb von Auslegerzylindern ber\u00fccksichtigt werden, um Langlebigkeit und Zuverl\u00e4ssigkeit zu gew\u00e4hrleisten.<\/p>\n<h2>Fehlerbehebung und h\u00e4ufige Probleme<\/h2>\n<ul>\n<li><strong>Hydrauliklecks:<\/strong> Pr\u00fcfen Sie das Hydrauliksystem auf Leckagen, die durch verschlissene Dichtungen oder besch\u00e4digte Schl\u00e4uche verursacht werden k\u00f6nnen. Die umgehende Behebung von Leckagen ist unerl\u00e4sslich, um den Hydraulikdruck und die Systemeffizienz aufrechtzuerhalten.<\/li>\n<li><strong>Langsame Zylinderbewegung:<\/strong> Bewegt sich der Zylinder langsam, kann dies auf einen niedrigen Hydraulikfl\u00fcssigkeitsstand oder Luft in den Hydraulikleitungen hindeuten. Pr\u00fcfen Sie den Fl\u00fcssigkeitsstand und entl\u00fcften Sie das System gegebenenfalls.<\/li>\n<li><strong>\u00dcberm\u00e4\u00dfiger L\u00e4rm:<\/strong> Ungew\u00f6hnliche Betriebsger\u00e4usche k\u00f6nnen auf internen Verschlei\u00df oder hydraulische Kavitation hinweisen. Untersuchen Sie die Ger\u00e4uschquelle und f\u00fchren Sie die notwendigen Reparaturen durch.<\/li>\n<\/ul>\n<p>Um Probleme effektiv zu beheben, sollten die Betreiber Leistungskennzahlen protokollieren und regelm\u00e4\u00dfig Systempr\u00fcfungen durchf\u00fchren, um Unregelm\u00e4\u00dfigkeiten fr\u00fchzeitig zu erkennen. Vorbeugende Ma\u00dfnahmen wie routinem\u00e4\u00dfige Wartung und Inspektionen k\u00f6nnen die Wahrscheinlichkeit von Betriebsst\u00f6rungen deutlich verringern.<\/p>\n<p><img decoding=\"async\" src=\"https:\/\/www.hydraulic-cylinders.net\/wp-content\/uploads\/2025\/04\/songte-bushings-with-all-kinds-of-excavator-models.webp\" alt=\"Buchsen f\u00fcr Bagger\" \/><\/p>\n<h2>\u00dcber unser Unternehmen<\/h2>\n<p>Wir sind ein f\u00fchrender Hersteller von Hydraulikzylindern und bieten ein breites Produktsortiment, das uns als wichtigen Akteur auf dem nationalen und internationalen Markt etabliert hat. Unser Streben nach Exzellenz spiegelt sich in unseren detaillierten Fertigungsprozessen und unserem effizienten Produktionsmanagement wider. Durch den Einsatz qualifizierter Fachkr\u00e4fte, modernster digitaler Fertigungsanlagen und professioneller Testsysteme optimieren wir kontinuierlich unsere Fertigungskapazit\u00e4ten. Dieses unerm\u00fcdliche Qualit\u00e4tsstreben erm\u00f6glicht es uns, die vielf\u00e4ltigen Kundenbed\u00fcrfnisse effizient und pr\u00e4zise zu erf\u00fcllen.<\/p>\n<p>Unser Unternehmen legt Wert auf Professionalit\u00e4t, internationale Zertifizierung, kundenspezifische Dienstleistungen, fortschrittliche Produktionsanlagen und umfassenden Kundendienst und positioniert sich damit als vertrauensw\u00fcrdiger Partner auf dem Markt f\u00fcr Hydraulikzylinder.<\/p>\n<p><img decoding=\"async\" src=\"https:\/\/www.hydraulic-cylinders.net\/wp-content\/uploads\/2025\/04\/songte-company-4.webp\" alt=\"Unternehmensbetrieb\" \/><br \/>\n<img decoding=\"async\" src=\"https:\/\/www.hydraulic-cylinders.net\/wp-content\/uploads\/2025\/04\/songte-company-3.webp\" alt=\"Firmenanlage\" \/><\/p>\n<p>Autor: lyl<\/p>","protected":false},"excerpt":{"rendered":"<p>Boom Cylinder For Volvo Small Excavator EC140B Introduction to Boom Cylinders The boom cylinder is a crucial component in the hydraulic systems of heavy machinery, specifically designed to control the movement of the bucket or boom. In machines like excavators, backhoes, and front loaders, the boom cylinder allows for lifting, lowering, and tilting of the [&hellip;]<\/p>","protected":false},"featured_media":17868,"comment_status":"open","ping_status":"closed","template":"","meta":{"_et_pb_use_builder":"","_et_pb_old_content":"","_et_gb_content_width":""},"product_brand":[],"product_cat":[1546],"product_tag":[1547,1496],"class_list":{"0":"post-19107","1":"product","2":"type-product","3":"status-publish","4":"has-post-thumbnail","6":"product_cat-boom-cylinders","7":"product_tag-boom-cylinders","8":"product_tag-hydraulic-cylinders","10":"first","11":"instock","12":"shipping-taxable","13":"product-type-simple"},"amp_enabled":true,"_links":{"self":[{"href":"https:\/\/www.hydraulic-cylinders.net\/de\/wp-json\/wp\/v2\/product\/19107","targetHints":{"allow":["GET"]}}],"collection":[{"href":"https:\/\/www.hydraulic-cylinders.net\/de\/wp-json\/wp\/v2\/product"}],"about":[{"href":"https:\/\/www.hydraulic-cylinders.net\/de\/wp-json\/wp\/v2\/types\/product"}],"replies":[{"embeddable":true,"href":"https:\/\/www.hydraulic-cylinders.net\/de\/wp-json\/wp\/v2\/comments?post=19107"}],"wp:featuredmedia":[{"embeddable":true,"href":"https:\/\/www.hydraulic-cylinders.net\/de\/wp-json\/wp\/v2\/media\/17868"}],"wp:attachment":[{"href":"https:\/\/www.hydraulic-cylinders.net\/de\/wp-json\/wp\/v2\/media?parent=19107"}],"wp:term":[{"taxonomy":"product_brand","embeddable":true,"href":"https:\/\/www.hydraulic-cylinders.net\/de\/wp-json\/wp\/v2\/product_brand?post=19107"},{"taxonomy":"product_cat","embeddable":true,"href":"https:\/\/www.hydraulic-cylinders.net\/de\/wp-json\/wp\/v2\/product_cat?post=19107"},{"taxonomy":"product_tag","embeddable":true,"href":"https:\/\/www.hydraulic-cylinders.net\/de\/wp-json\/wp\/v2\/product_tag?post=19107"}],"curies":[{"name":"wp","href":"https:\/\/api.w.org\/{rel}","templated":true}]}}