{"id":19138,"date":"2025-04-07T06:14:41","date_gmt":"2025-04-07T06:14:41","guid":{"rendered":"https:\/\/www.hydraulic-cylinders.net\/product\/boom-cylinder-for-sany-small-excavator-sy65-9\/"},"modified":"2025-04-07T06:14:43","modified_gmt":"2025-04-07T06:14:43","slug":"boom-cylinder-for-sany-small-excavator-sy65-9","status":"publish","type":"product","link":"https:\/\/www.hydraulic-cylinders.net\/de\/produkt\/boom-cylinder-for-sany-small-excavator-sy65-9\/","title":{"rendered":"Auslegerzylinder f\u00fcr Sany Kleinbagger SY65-9"},"content":{"rendered":"<h1>Auslegerzylinder f\u00fcr Sany Kleinbagger SY65-9<\/h1>\n<h2>Produkt\u00fcbersicht<\/h2>\n<p>Der Auslegerzylinder f\u00fcr den Sany-Kleinbagger SY65-9 ist ein Hydraulikzylinder, der speziell f\u00fcr die Steuerung der Auslegerbewegung von Baggern entwickelt wurde. Diese Zylinder spielen eine entscheidende Rolle in Hydrauliksystemen und liefern die notwendige Kraft zum Heben, Senken und Neigen des Auslegers. Dadurch wird ein effizienter Materialumschlag in verschiedenen Anwendungsbereichen, wie z. B. im Bauwesen und bei Aushubarbeiten, erm\u00f6glicht. Der L\u00f6ffelzylinder ist f\u00fcr schwere Maschinen wie Bagger, Baggerlader und Radlader unerl\u00e4sslich. Seine hydraulische Konstruktion gew\u00e4hrleistet einen reibungslosen Betrieb und die F\u00e4higkeit, hohen Dr\u00fccken standzuhalten, wodurch er f\u00fcr die Ausf\u00fchrung anspruchsvoller Aufgaben unverzichtbar ist.<\/p>\n<p><img decoding=\"async\" src=\"https:\/\/www.hydraulic-cylinders.net\/wp-content\/uploads\/2025\/04\/songte-company-1.webp\" alt=\"Auslegerzylinder f\u00fcr Bagger\"><\/p>\n<h2>Hauptmerkmale des Auslegerzylinders<\/h2>\n<ul>\n<li><strong>Hohe Festigkeit und Haltbarkeit:<\/strong> Diese aus hochfestem Stahl oder Aluminium gefertigten Zylinder halten hohen Dr\u00fccken und schweren Belastungen stand und eignen sich f\u00fcr raue Arbeitsumgebungen. Ihre Konstruktion ber\u00fccksichtigt Verschlei\u00dffestigkeit und Korrosionsschutz und verl\u00e4ngert so ihre Lebensdauer.<\/li>\n<li><strong>Effizienter Hydraulikbetrieb:<\/strong> Durch die Nutzung von Hydraulik\u00f6ldruck erm\u00f6glicht der Auslegerzylinder ein sanftes Aus- und Einfahren, reagiert schnell auf Steuerbefehle und bietet eine starke Schub- und Zugkraft, ideal f\u00fcr die Bew\u00e4ltigung schwerer und komplexer Aufgaben.<\/li>\n<li><strong>Verschiedene Typen:<\/strong> Erh\u00e4ltlich in einfachwirkender (hydraulische Bet\u00e4tigung in eine Richtung) und doppeltwirkender (hydraulische Bet\u00e4tigung in beide Richtungen) Ausf\u00fchrung, wobei einige Modelle \u00fcber eine Teleskopfunktion f\u00fcr eine gr\u00f6\u00dfere Ausfahrl\u00e4nge verf\u00fcgen, ohne die \u00e4u\u00dferen Abmessungen zu vergr\u00f6\u00dfern, und sich somit f\u00fcr Anwendungen mit begrenztem Platzangebot eignen.<\/li>\n<li><strong>Sonderanfertigungen:<\/strong> Wir k\u00f6nnen dieses Produkt herstellen und so sicherstellen, dass es vorhandene Hydraulikzylinder in verschiedenen Maschinen perfekt ersetzt und dadurch Kompatibilit\u00e4t und Leistung verbessert.<\/li>\n<\/ul>\n<p><img decoding=\"async\" src=\"https:\/\/www.hydraulic-cylinders.net\/wp-content\/uploads\/2025\/04\/songte-cylinder-head-with-all-kinds-excavator-models.webp\" alt=\"Zylinderkopf f\u00fcr Bagger\"><\/p>\n<h2>Anwendungsszenarien<\/h2>\n<h3>Baumaschinen<\/h3>\n<p>Bei Baggern sind Auslegerzylinder unverzichtbar zum Graben, Laden und Bewegen von Erde oder Bauschutt. Durch ihr schnelles Aus- und Einfahren k\u00f6nnen die Bediener ihre Aufgaben effizient und ohne Verz\u00f6gerungen erledigen. Bei Baggerladern unterst\u00fctzen diese Zylinder nicht nur das Graben, sondern auch das Heben und machen sie so zu vielseitigen Werkzeugen f\u00fcr Baustellen.<\/p>\n<h3>Landmaschinen<\/h3>\n<p>Bei Frontladern werden Auslegerzylinder zum Schaufeln, Anheben und Transportieren von Erde, Heu und anderen Materialien eingesetzt. Ihre robuste Bauweise und ihr reaktionsschneller Betrieb machen sie unverzichtbar f\u00fcr diverse landwirtschaftliche Aufgaben und steigern so Produktivit\u00e4t und Effizienz.<\/p>\n<h3>Bagger<\/h3>\n<p>Bagger sind beim Eindringen in den Boden und damit beim Ausheben von Gruben stark auf Auslegerzylinder angewiesen. Die Konstruktion dieser Zylinder erm\u00f6glicht eine pr\u00e4zise Steuerung der Auslegerbewegung und gew\u00e4hrleistet so, dass die Bediener auch schwieriges Gel\u00e4nde problemlos bew\u00e4ltigen k\u00f6nnen.<\/p>\n<h3>Lader<\/h3>\n<p>Bei Frontladern spielen die Auslegerzylinder eine entscheidende Rolle beim effektiven Heben und Abladen von Lasten. Ihre F\u00e4higkeit, erhebliche Gewichte zu bewegen, erm\u00f6glicht es den Bedienern, Ladevorg\u00e4nge schnell und effizient zu erledigen und so die Produktivit\u00e4t auf der Baustelle zu maximieren.<\/p>\n<h2>Design\u00fcberlegungen und Auswahlkriterien<\/h2>\n<h3>Tragf\u00e4higkeit<\/h3>\n<p>Bei der Auswahl eines Auslegerzylinders ist das Verst\u00e4ndnis seiner Tragf\u00e4higkeit von entscheidender Bedeutung. Der Zylinder muss in der Lage sein, das maximale Gewicht zu tragen, dem er im Betrieb ausgesetzt sein wird. Dies erfordert die Bewertung sowohl statischer als auch dynamischer Lasten, um Sicherheit und Zuverl\u00e4ssigkeit zu gew\u00e4hrleisten. Eine \u00dcberlastung des Zylinders kann zu einem Ausfall und damit zu kostspieligen Stillstandszeiten und Reparaturen f\u00fchren.<\/p>\n<h3>Versiegelung<\/h3>\n<p>Die Abdichtung ist f\u00fcr den einwandfreien Betrieb von Hydraulikzylindern unerl\u00e4sslich. Hochwertige Dichtungen verhindern das Austreten von Hydraulikfl\u00fcssigkeit und gew\u00e4hrleisten gleichzeitig einen effizienten Betrieb. Die Verwendung von Dichtungen aus Materialien wie Polyurethan und Nitrilkautschuk erh\u00f6ht die Haltbarkeit und Verschlei\u00dffestigkeit und verl\u00e4ngert somit die Lebensdauer des Zylinders.<\/p>\n<h3>Haltbarkeit<\/h3>\n<p>Die Langlebigkeit ist ein entscheidender Faktor bei Auslegerzylindern, insbesondere angesichts der anspruchsvollen Einsatzumgebungen. Die Auswahl von Zylindern mit Schutzbeschichtungen und robusten Materialien kann Verschlei\u00df und Umweltsch\u00e4den deutlich reduzieren und somit die Lebensdauer verl\u00e4ngern und die Wartungskosten senken.<\/p>\n<h3>Sicherheit<\/h3>\n<p>Sicherheitsmerkmale sind bei der Konstruktion von Hydraulikzylindern unerl\u00e4sslich. Der Einbau von Sicherheitsventilen und Druckentlastungsmechanismen kann Unf\u00e4lle und Verletzungen am Arbeitsplatz verhindern. Regelm\u00e4\u00dfige \u00dcberpr\u00fcfungen dieser Merkmale im Rahmen der Wartung gew\u00e4hrleisten deren einwandfreie Funktion im Bedarfsfall.<\/p>\n<h3>Wartbarkeit<\/h3>\n<p>Eine wartungsfreundliche Konstruktion ist entscheidend f\u00fcr die Lebensdauer von Auslegerzylindern. Merkmale wie leicht austauschbare Dichtungen und gut zug\u00e4ngliche Schmier- und Inspektions\u00f6ffnungen sparen Zeit und Arbeitskosten. Die Implementierung eines vorbeugenden Wartungsplans kann die Leistung und Zuverl\u00e4ssigkeit des Zylinders deutlich verbessern.<\/p>\n<p><img decoding=\"async\" src=\"https:\/\/www.hydraulic-cylinders.net\/wp-content\/uploads\/2025\/04\/songte-oil-pipes-and-spare-parts.webp\" alt=\"Hydraulikteile und Zubeh\u00f6r\"><\/p>\n<h2>Abdichtung und Schmierung<\/h2>\n<p>F\u00fcr die einwandfreie Funktion von Auslegerzylindern sind eine ordnungsgem\u00e4\u00dfe Abdichtung und Schmierung unerl\u00e4sslich. Der Einsatz verschiedener Dichtungselemente, wie Kolben- und Stangendichtungen, gew\u00e4hrleistet, dass das Hydraulik\u00f6l im Zylinder bleibt und Leckagen verhindert werden. Materialien wie Polyurethan und Nitrilkautschuk werden aufgrund ihrer Verschlei\u00dffestigkeit bevorzugt. Zylinderk\u00f6rper und Gewindeendfl\u00e4chen sollten sorgf\u00e4ltig bearbeitet werden, um die Lebensdauer zu erh\u00f6hen. Das regelm\u00e4\u00dfige Nachf\u00fcllen der richtigen Menge Hydraulik\u00f6l ist ebenfalls notwendig, um optimale Leistung zu gew\u00e4hrleisten und Verschlei\u00df vorzubeugen.<\/p>\n<h2>Regelm\u00e4\u00dfige Inspektion und vorbeugende Wartungsma\u00dfnahmen<\/h2>\n<ul>\n<li><strong>Routineinspektionen:<\/strong> F\u00fchren Sie regelm\u00e4\u00dfige Inspektionen des Auslegerzylinders auf Verschlei\u00df, Leckagen oder Besch\u00e4digungen durch. Die fr\u00fchzeitige Erkennung von Problemen kann teure Reparaturen verhindern und die Lebensdauer des Zylinders verl\u00e4ngern.<\/li>\n<li><strong>Geeignete Schmierung:<\/strong> F\u00fcr einen reibungslosen Betrieb ist regelm\u00e4\u00dfige Schmierung unerl\u00e4sslich. Verwenden Sie das empfohlene Hydraulik\u00f6l und beachten Sie die Schmierintervalle gem\u00e4\u00df den Herstellerangaben.<\/li>\n<li><strong>Dichtungswechsel:<\/strong> \u00dcberpr\u00fcfen Sie regelm\u00e4\u00dfig den Zustand der Dichtungen und tauschen Sie diese bei Bedarf aus, um Leckagen zu vermeiden und die Effizienz zu erhalten. Durch die geplante Durchf\u00fchrung der Dichtungswechsel im Rahmen der routinem\u00e4\u00dfigen Wartung k\u00f6nnen die Leistung und Zuverl\u00e4ssigkeit des Zylinders verbessert werden.<\/li>\n<\/ul>\n<h2>Installationshinweise<\/h2>\n<p>F\u00fcr die korrekte Montage eines Auslegerzylinders richten Sie diesen zun\u00e4chst pr\u00e4zise an den Befestigungspunkten des Baggers aus. Mit geeigneten Montagehalterungen fixieren Sie den Zylinder sicher. Beachten Sie unbedingt die vom Hersteller vorgegebenen Drehmomenteinstellungen, um einen festen Sitz zu gew\u00e4hrleisten. Pr\u00fcfen Sie nach der Positionierung, ob Hindernisse die Bewegung des Zylinders behindern. Nach der Montage ist es unerl\u00e4sslich, die Funktion des Zylinders unter sicheren Bedingungen zu testen, um seine einwandfreie Funktion vor dem regul\u00e4ren Betrieb sicherzustellen. Beachten Sie stets die spezifischen Anweisungen im technischen Handbuch f\u00fcr Ihr Modell.<\/p>\n<h2>Allgemeine Wartungsaufgaben<\/h2>\n<h3>Regelm\u00e4\u00dfige Inspektionen<\/h3>\n<p>Regelm\u00e4\u00dfige Inspektionen sind unerl\u00e4sslich, um potenzielle Probleme fr\u00fchzeitig zu erkennen und zu beheben. Achten Sie auf Verschlei\u00dferscheinungen, Fl\u00fcssigkeitsverluste oder ungew\u00f6hnliche Ger\u00e4usche im Betrieb. Detaillierte Aufzeichnungen der Inspektionen und festgestellten Probleme tragen dazu bei, die Leistung und Zuverl\u00e4ssigkeit des Zylinders zu erhalten.<\/p>\n<h3>Richtige Schmierung<\/h3>\n<p>Die richtige Schmierung ist f\u00fcr die Langlebigkeit von Hydraulikkomponenten unerl\u00e4sslich. Verwenden Sie das vom Hersteller empfohlene Hydraulik\u00f6l und achten Sie auf die Einhaltung der vorgeschriebenen Schmierintervalle. Regelm\u00e4\u00dfige Schmierung reduziert die Reibung zwischen beweglichen Teilen und beugt vorzeitigem Verschlei\u00df vor, wodurch ein reibungsloser Betrieb gew\u00e4hrleistet wird.<\/p>\n<h3>Dichtungsaustausch und Kalibrierungspr\u00fcfungen<\/h3>\n<p>Regelm\u00e4\u00dfige Dichtungswechsel sind notwendig, um die Dichtigkeit des Hydrauliksystems zu gew\u00e4hrleisten. Die regelm\u00e4\u00dfige \u00dcberpr\u00fcfung der Dichtungen auf Verschlei\u00df und deren rechtzeitiger Austausch k\u00f6nnen kostspielige Leckagen verhindern. Dar\u00fcber hinaus stellen Kalibrierungspr\u00fcfungen sicher, dass der Hydraulikzylinder innerhalb seiner spezifizierten Parameter arbeitet und somit Sicherheit und Effizienz erh\u00f6ht werden.\n<\/p>\n<p><img decoding=\"async\" src=\"https:\/\/www.hydraulic-cylinders.net\/wp-content\/uploads\/2025\/04\/songte-chushion-collar.webp\" alt=\"Polsterkragen f\u00fcr Bagger\"><\/p>\n<h2>Sicherheitsaspekte und Umweltfaktoren<\/h2>\n<p>Beim Umgang mit Hydraulikzylindern ist die Einhaltung von Sicherheitsma\u00dfnahmen unerl\u00e4sslich. Die Bediener sollten in sicheren Handhabungsverfahren geschult werden, um Risiken wie Fl\u00fcssigkeitsverluste oder Ger\u00e4teausf\u00e4lle zu minimieren. Dar\u00fcber hinaus kann die Verwendung umweltfreundlicher Hydraulikfl\u00fcssigkeiten die Umweltbelastung reduzieren und die Nachhaltigkeit des Betriebs f\u00f6rdern.<\/p>\n<h2>Fehlerbehebung und h\u00e4ufige Probleme<\/h2>\n<ul>\n<li><strong>Fl\u00fcssigkeitslecks:<\/strong> H\u00e4ufige Leckagen k\u00f6nnen durch verschlissene Dichtungen oder besch\u00e4digte Anschl\u00fcsse verursacht werden. Die \u00dcberpr\u00fcfung und der Austausch der Dichtungen k\u00f6nnen dieses Problem oft beheben.<\/li>\n<li><strong>Unbest\u00e4ndige Leistung:<\/strong> Wenn der Auslegerzylinder ungleichm\u00e4\u00dfige Bewegungen aufweist, pr\u00fcfen Sie das Hydrauliksystem auf Luftlecks. Gegebenenfalls muss das System entl\u00fcftet werden.<\/li>\n<li><strong>\u00dcberm\u00e4\u00dfiger L\u00e4rm:<\/strong> Ger\u00e4usche im Betrieb k\u00f6nnen auf einen niedrigen Hydraulikfl\u00fcssigkeitsstand oder interne Sch\u00e4den hinweisen. Regelm\u00e4\u00dfige Wartungspr\u00fcfungen helfen, diese Probleme zu diagnostizieren und zu beheben.<\/li>\n<\/ul>\n<h2>Tipps zur Fehlerbehebung<\/h2>\n<p>Um Probleme mit dem Auslegerzylinder effektiv zu diagnostizieren und zu beheben, sollten Sie zun\u00e4chst die Symptome identifizieren und den Zylinder auf Besch\u00e4digungen oder Lecks untersuchen. Regelm\u00e4\u00dfige Wartungsarbeiten k\u00f6nnen viele h\u00e4ufige Probleme, wie z. B. Fl\u00fcssigkeitsverluste und ungleichm\u00e4\u00dfigen Betrieb, verhindern. Die sorgf\u00e4ltige Kontrolle des Hydraulikfl\u00fcssigkeitsstands und die \u00dcberpr\u00fcfung des einwandfreien Zustands der Dichtungen k\u00f6nnen das Risiko schwerwiegenderer Probleme deutlich reduzieren.<\/p>\n<p><img decoding=\"async\" src=\"https:\/\/www.hydraulic-cylinders.net\/wp-content\/uploads\/2025\/04\/songte-bushings-with-all-kinds-of-excavator-models.webp\" alt=\"Buchsen f\u00fcr Bagger\"><\/p>\n<h2>Unternehmens\u00fcbersicht<\/h2>\n<p>Wir sind ein f\u00fchrender Hersteller und Gro\u00dfh\u00e4ndler von Hydraulikzylindern und bieten ein breites Produktsortiment. Unser Anspruch an h\u00f6chste Qualit\u00e4t spiegelt sich in unseren sorgf\u00e4ltigen Fertigungsprozessen und Managementstrategien wider. Durch den Einsatz fortschrittlicher Fertigungstechnologien und eines robusten Qualit\u00e4tskontrollsystems optimieren wir kontinuierlich unsere Produktionskapazit\u00e4ten. Unser Fokus auf hohe Effizienz, Pr\u00e4zision und Qualit\u00e4t erm\u00f6glicht es uns, die vielf\u00e4ltigen Bed\u00fcrfnisse unserer Kunden optimal zu erf\u00fcllen.<\/p>\n<h3>Fachkenntnisse und Zertifizierungen<\/h3>\n<p>Unser Unternehmen legt Wert auf Professionalit\u00e4t und internationale Zertifizierungen, um sicherzustellen, dass unsere Produkte globalen Qualit\u00e4tsstandards entsprechen. Wir bieten ma\u00dfgeschneiderte L\u00f6sungen, die auf die spezifischen Bed\u00fcrfnisse unserer Kunden zugeschnitten sind und deren betriebliche Effizienz steigern.<\/p>\n<h3>Produktionsausr\u00fcstung<\/h3>\n<p>Durch den Einsatz modernster Fertigungsanlagen k\u00f6nnen wir Hydraulikzylinder h\u00f6chster Qualit\u00e4t effizient herstellen. Unsere Produktionsst\u00e4tten sind mit fortschrittlicher Technologie ausgestattet, die pr\u00e4zises Engineering und die Fertigung gro\u00dfer St\u00fcckzahlen erm\u00f6glicht.<\/p>\n<h3>Kundendienst<\/h3>\n<p>Wir sind stolz auf unseren hervorragenden Kundendienst und bieten fortlaufende Unterst\u00fctzung und Wartung, damit sich unsere Kunden auf unsere Produkte f\u00fcr ihre betrieblichen Anforderungen verlassen k\u00f6nnen. Unser engagiertes Team steht Ihnen jederzeit f\u00fcr Fragen und Unterst\u00fctzung zur Verf\u00fcgung.<\/p>\n<p><img decoding=\"async\" src=\"https:\/\/www.hydraulic-cylinders.net\/wp-content\/uploads\/2025\/04\/songte-company-4.webp\" alt=\"Produktionsst\u00e4tte f\u00fcr Hydraulikzylinder\"><br \/>\n<img decoding=\"async\" src=\"https:\/\/www.hydraulic-cylinders.net\/wp-content\/uploads\/2025\/04\/songte-company-3.webp\" alt=\"Produktionslinie f\u00fcr Hydraulikzylinder\"><\/p>\n<p>Autor: lyl<\/p>","protected":false},"excerpt":{"rendered":"<p>Boom Cylinder For Sany Small Excavator SY65-9 Product Overview The Boom Cylinder for the Sany Small Excavator SY65-9 is a hydraulic cylinder specifically designed to control the movement of the boom on excavators. These cylinders play a crucial role in hydraulic systems, providing the necessary force to lift, lower, and tilt the boom. This ability [&hellip;]<\/p>","protected":false},"featured_media":17869,"comment_status":"open","ping_status":"closed","template":"","meta":{"_et_pb_use_builder":"","_et_pb_old_content":"","_et_gb_content_width":""},"product_brand":[],"product_cat":[1546],"product_tag":[1547,1496],"class_list":{"0":"post-19138","1":"product","2":"type-product","3":"status-publish","4":"has-post-thumbnail","6":"product_cat-boom-cylinders","7":"product_tag-boom-cylinders","8":"product_tag-hydraulic-cylinders","10":"first","11":"instock","12":"shipping-taxable","13":"product-type-simple"},"amp_enabled":true,"_links":{"self":[{"href":"https:\/\/www.hydraulic-cylinders.net\/de\/wp-json\/wp\/v2\/product\/19138","targetHints":{"allow":["GET"]}}],"collection":[{"href":"https:\/\/www.hydraulic-cylinders.net\/de\/wp-json\/wp\/v2\/product"}],"about":[{"href":"https:\/\/www.hydraulic-cylinders.net\/de\/wp-json\/wp\/v2\/types\/product"}],"replies":[{"embeddable":true,"href":"https:\/\/www.hydraulic-cylinders.net\/de\/wp-json\/wp\/v2\/comments?post=19138"}],"wp:featuredmedia":[{"embeddable":true,"href":"https:\/\/www.hydraulic-cylinders.net\/de\/wp-json\/wp\/v2\/media\/17869"}],"wp:attachment":[{"href":"https:\/\/www.hydraulic-cylinders.net\/de\/wp-json\/wp\/v2\/media?parent=19138"}],"wp:term":[{"taxonomy":"product_brand","embeddable":true,"href":"https:\/\/www.hydraulic-cylinders.net\/de\/wp-json\/wp\/v2\/product_brand?post=19138"},{"taxonomy":"product_cat","embeddable":true,"href":"https:\/\/www.hydraulic-cylinders.net\/de\/wp-json\/wp\/v2\/product_cat?post=19138"},{"taxonomy":"product_tag","embeddable":true,"href":"https:\/\/www.hydraulic-cylinders.net\/de\/wp-json\/wp\/v2\/product_tag?post=19138"}],"curies":[{"name":"wp","href":"https:\/\/api.w.org\/{rel}","templated":true}]}}