{"id":19195,"date":"2025-04-07T06:17:31","date_gmt":"2025-04-07T06:17:31","guid":{"rendered":"https:\/\/www.hydraulic-cylinders.net\/product\/boom-cylinder-for-xcmg-middle-excavator-xe260cll\/"},"modified":"2025-04-07T06:17:34","modified_gmt":"2025-04-07T06:17:34","slug":"boom-cylinder-for-xcmg-middle-excavator-xe260cll","status":"publish","type":"product","link":"https:\/\/www.hydraulic-cylinders.net\/de\/produkt\/boom-cylinder-for-xcmg-middle-excavator-xe260cll\/","title":{"rendered":"Auslegerzylinder f\u00fcr XCMG Mittelbagger XE260CLL"},"content":{"rendered":"<h1>Auslegerzylinder f\u00fcr XCMG Mittelbagger XE260CLL<\/h1>\n<h2>Produkt\u00fcbersicht<\/h2>\n<p>Der Auslegerzylinder f\u00fcr den XCMG-Mittelbagger XE260CLL ist eine Schl\u00fcsselkomponente der Hydrauliksysteme von Baggern. Dieser Hydraulikzylinder ist speziell f\u00fcr die pr\u00e4zise Steuerung der Auslegerbewegung ausgelegt und erm\u00f6glicht Heben, Senken und Neigen. Diese Funktionen sind f\u00fcr diverse Materialumschlagsaufgaben unerl\u00e4sslich und gew\u00e4hrleisten Effizienz und Effektivit\u00e4t im Betrieb.<\/p>\n<p><img decoding=\"async\" src=\"https:\/\/www.hydraulic-cylinders.net\/wp-content\/uploads\/2025\/04\/songte-company-1.webp\" alt=\"Auslegerzylinder f\u00fcr Bagger\" \/><\/p>\n<h3>Definition und Funktion<\/h3>\n<p>Hydraulikzylinder f\u00fcr Ausleger spielen eine entscheidende Rolle in Baumaschinen, insbesondere in Baggern, Baggerladern und Radladern. Sie erm\u00f6glichen die Bewegung des Auslegers und erlauben dem Bediener so wichtige Aufgaben wie Graben, Heben und Transportieren von Material. Der Druck des Hydrauliksystems sorgt f\u00fcr eine gleichm\u00e4\u00dfige und kontrollierte Bewegung und macht diese Zylinder daher in Bau- und Landmaschinen unverzichtbar.<\/p>\n<h2>Hauptmerkmale<\/h2>\n<ul>\n<li><strong>Hohe Festigkeit und Haltbarkeit:<\/strong> Diese aus hochfestem Stahl oder Aluminium gefertigten Zylinder sind hochdruck- und belastbar und eignen sich daher f\u00fcr raue Arbeitsumgebungen.<\/li>\n<li><strong>Effizienter Hydraulikbetrieb:<\/strong> Durch die Nutzung von Hydraulik\u00f6ldruck werden reibungslose Aus- und Einfahrvorg\u00e4nge erm\u00f6glicht, wodurch die f\u00fcr schwere Hebearbeiten und komplexe Aufgaben erforderlichen starken Schub- und Zugkr\u00e4fte bereitgestellt werden.<\/li>\n<li><strong>Verschiedene Typen:<\/strong> Diese Zylinder sind in einfach- oder doppeltwirkender Ausf\u00fchrung erh\u00e4ltlich und k\u00f6nnen an verschiedene Betriebsanforderungen angepasst werden. Einige Modelle sind teleskopierbar und erm\u00f6glichen so eine gr\u00f6\u00dfere Reichweite ohne Vergr\u00f6\u00dferung der Au\u00dfenabmessungen.<\/li>\n<li><strong>Installationsfreundlichkeit:<\/strong> Entwickelt f\u00fcr die Kompatibilit\u00e4t mit verschiedenen Baggermodellen, um einen unkomplizierten Austausch und eine einfache Installation zu gew\u00e4hrleisten.<\/li>\n<li><strong>Wartungsfreundliches Design:<\/strong> Enth\u00e4lt Merkmale, die die Inspektion und Wartung vereinfachen und so die Lebensdauer des Zylinders verl\u00e4ngern.<\/li>\n<\/ul>\n<p>Unsere Produkte k\u00f6nnen vorhandene Hydraulikzylinder perfekt ersetzen und gew\u00e4hrleisten optimale Leistung und Zuverl\u00e4ssigkeit.<\/p>\n<p><img decoding=\"async\" src=\"https:\/\/www.hydraulic-cylinders.net\/wp-content\/uploads\/2025\/04\/songte-cylinder-head-with-all-kinds-excavator-models.webp\" alt=\"Zylinderkopf f\u00fcr Bagger\" \/><\/p>\n<h2>Anwendungsszenarien<\/h2>\n<h3>Baumaschinen<\/h3>\n<p>Bei Baggern sind Auslegerzylinder unerl\u00e4sslich f\u00fcr das Graben, Laden und Bewegen von Erde oder Bauschutt. Ihre F\u00e4higkeit, die Auslegerposition pr\u00e4zise zu steuern, erm\u00f6glicht effektives Ausheben und Materialhandling und macht sie somit f\u00fcr Bauprojekte unverzichtbar.<\/p>\n<h3>Landmaschinen<\/h3>\n<p>Bei Frontladern erleichtern Auslegerzylinder das Schaufeln, Anheben und Transportieren von Erde, Heu und anderen Materialien. Ihre robuste Bauweise gew\u00e4hrleistet, dass sie den Anforderungen landwirtschaftlicher Arbeiten gerecht werden und so die Effizienz und Produktivit\u00e4t auf landwirtschaftlichen Betrieben steigern.<\/p>\n<h3>Bagger<\/h3>\n<p>Die Auslegerzylinder sind f\u00fcr die Grabarbeiten von Baggern unerl\u00e4sslich, da sie es dem L\u00f6ffel erm\u00f6glichen, effektiv in den Boden einzudringen. Diese Funktionalit\u00e4t ist f\u00fcr diverse Aushubprojekte von entscheidender Bedeutung, sei es im Landschaftsbau, im Hochbau oder beim Abriss.<\/p>\n<h3>Lader<\/h3>\n<p>Bei Frontladern unterst\u00fctzen die Auslegerzylinder das effiziente Heben und Abladen von Lasten. Ihre kraftvolle Arbeitsweise ist unerl\u00e4sslich f\u00fcr den Umgang mit schweren Materialien und gew\u00e4hrleistet die schnelle und effektive Erledigung von Aufgaben.<\/p>\n<h2>Design\u00fcberlegungen und Auswahlkriterien<\/h2>\n<h3>Tragf\u00e4higkeit<\/h3>\n<p>Bei der Auswahl eines Hubzylinders ist das Verst\u00e4ndnis seiner Tragf\u00e4higkeit entscheidend. Diese Angabe bestimmt, wie viel Gewicht der Zylinder sicher heben und bewegen kann. Um Ausf\u00e4lle zu vermeiden und die Sicherheit zu gew\u00e4hrleisten, ist es unerl\u00e4sslich, einen Zylinder zu w\u00e4hlen, der die Anforderungen der jeweiligen Anwendung erf\u00fcllt oder \u00fcbertrifft. Eine \u00dcberlastung des Zylinders kann zu schwerwiegenden Sch\u00e4den f\u00fchren. Daher ist es unerl\u00e4sslich, das Gewicht der Lasten regelm\u00e4\u00dfig zu \u00fcberpr\u00fcfen.<\/p>\n<h3>Dichtungsleistung<\/h3>\n<p>Die Abdichtung ist ein weiterer entscheidender Aspekt von Hydraulikzylindern. Funktionierende Dichtungen verhindern Leckagen und halten den Druck im System aufrecht. Hochwertige Dichtungen aus langlebigen Materialien sind unerl\u00e4sslich f\u00fcr einen zuverl\u00e4ssigen Betrieb. Mangelhafte Abdichtung kann zu Hydraulikfl\u00fcssigkeitsverlust, reduzierter Effizienz und Umweltgefahren f\u00fchren, was die Bedeutung der Verwendung erstklassiger Dichtungskomponenten unterstreicht.<\/p>\n<h3>Haltbarkeit<\/h3>\n<p>Die Langlebigkeit ist ein entscheidender Faktor bei der Konstruktion von Hydraulikzylindern. Diese Bauteile sind rauen Betriebsbedingungen ausgesetzt, darunter extreme Temperaturen, Staub und Feuchtigkeit. Die Wahl langlebiger Materialien und Konstruktionen ist daher f\u00fcr eine dauerhafte Leistung unerl\u00e4sslich. Regelm\u00e4\u00dfige Inspektionen und Wartungsarbeiten k\u00f6nnen die Lebensdauer des Zylinders zus\u00e4tzlich verl\u00e4ngern und so seine optimale Funktion \u00fcber die gesamte Lebensdauer gew\u00e4hrleisten.<\/p>\n<h3>Sicherheitsfunktionen<\/h3>\n<p>Sicherheit hat bei Hydrauliksystemen h\u00f6chste Priorit\u00e4t. Auslegerzylinder sollten mit Sicherheitsmerkmalen wie Druckbegrenzungsventilen ausgestattet sein, um \u00dcberdruck zu verhindern. Dar\u00fcber hinaus tragen eine fachgerechte Installation und regelm\u00e4\u00dfige Wartungspr\u00fcfungen dazu bei, die Risiken von Hydraulikausf\u00e4llen zu minimieren. Die Bediener sollten geschult werden, Anzeichen von Verschlei\u00df oder Fehlfunktionen zu erkennen, um ein sicheres Arbeitsumfeld zu gew\u00e4hrleisten.<\/p>\n<h3>Wartungsfreundlichkeit<\/h3>\n<p>Die Konstruktion von Hydraulikzylindern mit dem Ziel einer einfachen Wartung verbessert deren Einsatzf\u00e4higkeit und reduziert Ausfallzeiten und Reparaturkosten. Merkmale wie gut zug\u00e4ngliche Dichtungen und Bauteile erm\u00f6glichen schnelle Reparaturen oder Austausch. Regelm\u00e4\u00dfige Wartungspl\u00e4ne sollten erstellt werden, um Verschlei\u00dferscheinungen fr\u00fchzeitig zu erkennen und zu beheben und so die Lebensdauer der Anlage zu verl\u00e4ngern.<\/p>\n<p><img decoding=\"async\" src=\"https:\/\/www.hydraulic-cylinders.net\/wp-content\/uploads\/2025\/04\/songte-oil-pipes-and-spare-parts.webp\" alt=\"Hydraulische Ersatzteile\" \/><\/p>\n<h2>Abdichtung und Schmierung<\/h2>\n<p>Eine effektive Abdichtung und Schmierung sind f\u00fcr die optimale Funktion von Auslegerzylindern unerl\u00e4sslich. Verschiedene Dichtungskomponenten, wie Kolben- und Stangendichtungen, gew\u00e4hrleisten die Integrit\u00e4t des Hydrauliksystems. Die Verwendung von Dichtungen aus verschlei\u00dffesten Materialien wie Polyurethan oder Nitrilkautschuk erh\u00f6ht die Lebensdauer und Leistungsf\u00e4higkeit. Zylinderk\u00f6rper und Gewindeendfl\u00e4chen sollten pr\u00e4zise bearbeitet sein, um die Verschlei\u00dffestigkeit zu verbessern.<\/p>\n<p>Regelm\u00e4\u00dfige Schmierung ist ebenfalls unerl\u00e4sslich. Ausreichend Hydraulik\u00f6l muss regelm\u00e4\u00dfig nachgef\u00fcllt werden, um einen reibungslosen Betrieb zu gew\u00e4hrleisten und \u00fcberm\u00e4\u00dfigen Verschlei\u00df zu vermeiden. Die Einhaltung des korrekten \u00d6lstands und der richtigen \u00d6lqualit\u00e4t ist f\u00fcr die Langlebigkeit der Hydraulikkomponenten von entscheidender Bedeutung.<\/p>\n<h2>Regelm\u00e4\u00dfige Inspektionen und vorbeugende Wartungsma\u00dfnahmen<\/h2>\n<ul>\n<li><strong>Regelm\u00e4\u00dfige Inspektionen:<\/strong> Die \u00dcberpr\u00fcfung von Hydraulikzylindern auf Leckagen, Verschlei\u00df und Besch\u00e4digungen ist unerl\u00e4sslich. Die Bediener sollten regelm\u00e4\u00dfig Sichtpr\u00fcfungen durchf\u00fchren, um potenzielle Probleme zu erkennen, bevor sie sich verschlimmern.<\/li>\n<li><strong>Geeignete Schmierung:<\/strong> Die ausreichende Schmierung der Hydraulikzylinder ist f\u00fcr einen reibungslosen Betrieb und zur Vermeidung von Verschlei\u00df unerl\u00e4sslich. Dazu geh\u00f6rt die regelm\u00e4\u00dfige Kontrolle des \u00d6lstands und der gegebenenfalls erforderliche \u00d6lwechsel.<\/li>\n<li><strong>Dichtungswechsel:<\/strong> Durch den regelm\u00e4\u00dfigen Austausch von Dichtungen lassen sich Hydraulikfl\u00fcssigkeitslecks verhindern und die Systemeffizienz aufrechterhalten. Die Bediener sollten darin geschult werden, zu erkennen, wann Dichtungen ausgetauscht werden m\u00fcssen, um Systemausf\u00e4lle zu vermeiden.<\/li>\n<\/ul>\n<h2>Installationshinweise<\/h2>\n<p>Die korrekte Montage der Auslegerzylinder ist entscheidend f\u00fcr eine optimale Leistung. Bei der Montage ist es unerl\u00e4sslich, den Zylinder exakt an den Befestigungspunkten auszurichten. Eine Fehlausrichtung kann zu vorzeitigem Verschlei\u00df oder Ausfall des Zylinders f\u00fchren. Verwenden Sie geeignete Montagehalterungen, um den Zylinder w\u00e4hrend der Montage zu sichern.<\/p>\n<p>Beachten Sie stets die Herstellerangaben zu den spezifischen Installationsanweisungen und Drehmomentvorgaben. Pr\u00fcfen Sie nach der Installation auf Undichtigkeiten und stellen Sie die einwandfreie Funktion des Hydrauliksystems sicher. \u00dcberwachen Sie regelm\u00e4\u00dfig die Zylinderleistung, um eventuelle Probleme fr\u00fchzeitig zu erkennen.<\/p>\n<h2>Wartungsaufgaben<\/h2>\n<ul>\n<li><strong>Regelm\u00e4\u00dfige Kontrollen:<\/strong> F\u00fchren Sie regelm\u00e4\u00dfige Inspektionen durch, um Auff\u00e4lligkeiten wie Lecks oder ungew\u00f6hnliche Ger\u00e4usche fr\u00fchzeitig zu erkennen. Dies hilft, potenzielle Probleme rechtzeitig zu beheben.<\/li>\n<li><strong>Richtige Schmierung:<\/strong> Stellen Sie sicher, dass der Hydraulik\u00f6lstand korrekt ist und das \u00d6l sauber ist. Verwenden Sie das vom Hersteller empfohlene \u00d6l, um die optimale Leistung zu gew\u00e4hrleisten.<\/li>\n<li><strong>Dichtungsaustausch und Kalibrierung:<\/strong> Dichtungen regelm\u00e4\u00dfig auf Verschlei\u00df pr\u00fcfen und bei Bedarf austauschen. Kalibrierungspr\u00fcfungen gew\u00e4hrleisten den Betrieb des Systems innerhalb der vorgegebenen Parameter und verbessern so Sicherheit und Leistung.<\/li>\n<\/ul>\n<p>Korrekte Montage, Schmierung und Justierung sind entscheidend f\u00fcr die Langlebigkeit von Hydraulikzylindern. Achten Sie bei der Montage auf die richtige Ausrichtung und verwenden Sie die passenden Montagehalterungen zur Befestigung des Zylinders. Befolgen Sie die empfohlenen Pr\u00fcf-, Reparatur- und Austauschverfahren und ziehen Sie unsere \u00dcberholungsdienste in Betracht, um die Lebensdauer Ihrer Hydraulikkomponenten zu verl\u00e4ngern.<\/p>\n<p><img decoding=\"async\" src=\"https:\/\/www.hydraulic-cylinders.net\/wp-content\/uploads\/2025\/04\/songte-chushion-collar.webp\" alt=\"Kissenkragen\" \/><\/p>\n<h2>Sicherheitsaspekte und Umweltfaktoren<\/h2>\n<p>Die Sicherheit hat beim Umgang mit Hydrauliksystemen oberste Priorit\u00e4t. Bediener sollten stets die geeignete pers\u00f6nliche Schutzausr\u00fcstung tragen und in Notfallma\u00dfnahmen geschult sein. Dar\u00fcber hinaus ist die Umsetzung von Sicherheitsma\u00dfnahmen, wie die regelm\u00e4\u00dfige \u00dcberpr\u00fcfung auf Leckagen und die Wartung der Anlagen, unerl\u00e4sslich, um die Risiken von Hydraulikausf\u00e4llen zu minimieren.<\/p>\n<h2>Fehlerbehebung und h\u00e4ufige Probleme<\/h2>\n<ul>\n<li><strong>Leckage:<\/strong> Eines der h\u00e4ufigsten Probleme bei Hydraulikzylindern. \u00dcberpr\u00fcfen Sie Dichtungen und Anschl\u00fcsse auf Verschlei\u00df oder Besch\u00e4digung und tauschen Sie diese gegebenenfalls aus.<\/li>\n<li><strong>Unzureichende Leistung:<\/strong> Falls sich der Zylinder nicht wie erwartet hebt oder bewegt, \u00fcberpr\u00fcfen Sie den Hydraulikfl\u00fcssigkeitsstand und suchen Sie nach Verstopfungen in den Leitungen.<\/li>\n<li><strong>Ungew\u00f6hnliche Ger\u00e4usche:<\/strong> Mahlende oder zischende Ger\u00e4usche k\u00f6nnen auf Luft im System oder einen zu niedrigen Fl\u00fcssigkeitsstand hinweisen. Untersuchen und beheben Sie diese Probleme umgehend.<\/li>\n<\/ul>\n<h3>Tipps zur Fehlerbehebung<\/h3>\n<p>Sollten Sie Probleme mit Ihrem Auslegerzylinder haben, pr\u00fcfen Sie zun\u00e4chst die Dichtungen auf Undichtigkeiten oder Risse. Stellen Sie sicher, dass der Hydraulik\u00f6lstand korrekt ist und das Hydraulik\u00f6l frei von Verunreinigungen ist. Regelm\u00e4\u00dfige Wartung kann viele h\u00e4ufige Probleme verhindern. Erstellen Sie daher einen Inspektionsplan, um potenzielle Probleme fr\u00fchzeitig zu erkennen.<\/p>\n<p><img decoding=\"async\" src=\"https:\/\/www.hydraulic-cylinders.net\/wp-content\/uploads\/2025\/04\/songte-bushings-with-all-kinds-of-excavator-models.webp\" alt=\"Baggerbuchsen\" \/><\/p>\n<h2>\u00dcber uns<\/h2>\n<p>Wir sind ein f\u00fchrender Hersteller von Hydraulikzylindern und bieten ein umfassendes Produktsortiment f\u00fcr den nationalen und internationalen Markt. Unser Qualit\u00e4tsanspruch basiert auf einer ausgereiften Fertigungsstrategie, die qualifiziertes Personal, modernste digitale Fertigungsanlagen und professionelle Testsysteme nutzt. Wir optimieren kontinuierlich unsere Fertigungskapazit\u00e4ten, um die vielf\u00e4ltigen Kundenbed\u00fcrfnisse effizient und pr\u00e4zise zu erf\u00fcllen.<\/p>\n<p>Unser Fokus auf Qualit\u00e4t gew\u00e4hrleistet die Einhaltung internationaler Standards, und unsere kundenspezifischen Serviceleistungen erm\u00f6glichen es uns, auf individuelle Anforderungen einzugehen. Unsere hochmoderne Produktionsausr\u00fcstung und unser zuverl\u00e4ssiger Kundendienst geben unseren Kunden die Sicherheit, dass sich ihre Investitionen lohnen.<\/p>\n<p><img decoding=\"async\" src=\"https:\/\/www.hydraulic-cylinders.net\/wp-content\/uploads\/2025\/04\/songte-company-4.webp\" alt=\"Firmenbild 1\" \/><br \/>\n<img decoding=\"async\" src=\"https:\/\/www.hydraulic-cylinders.net\/wp-content\/uploads\/2025\/04\/songte-company-3.webp\" alt=\"Firmenbild 2\" \/><\/p>\n<p>Autor: lyl<\/p>","protected":false},"excerpt":{"rendered":"<p>Boom Cylinder For XCMG Middle Excavator XE260CLL Product Overview The Boom Cylinder for XCMG Middle Excavator XE260CLL is a crucial component in the hydraulic systems of excavators. This hydraulic cylinder is specifically designed to control the movement of the boom, enabling it to lift, lower, and tilt with precision. These functions are essential for various [&hellip;]<\/p>","protected":false},"featured_media":17881,"comment_status":"open","ping_status":"closed","template":"","meta":{"_et_pb_use_builder":"","_et_pb_old_content":"","_et_gb_content_width":""},"product_brand":[],"product_cat":[1546],"product_tag":[1547,1496],"class_list":{"0":"post-19195","1":"product","2":"type-product","3":"status-publish","4":"has-post-thumbnail","6":"product_cat-boom-cylinders","7":"product_tag-boom-cylinders","8":"product_tag-hydraulic-cylinders","10":"first","11":"instock","12":"shipping-taxable","13":"product-type-simple"},"amp_enabled":true,"_links":{"self":[{"href":"https:\/\/www.hydraulic-cylinders.net\/de\/wp-json\/wp\/v2\/product\/19195","targetHints":{"allow":["GET"]}}],"collection":[{"href":"https:\/\/www.hydraulic-cylinders.net\/de\/wp-json\/wp\/v2\/product"}],"about":[{"href":"https:\/\/www.hydraulic-cylinders.net\/de\/wp-json\/wp\/v2\/types\/product"}],"replies":[{"embeddable":true,"href":"https:\/\/www.hydraulic-cylinders.net\/de\/wp-json\/wp\/v2\/comments?post=19195"}],"wp:featuredmedia":[{"embeddable":true,"href":"https:\/\/www.hydraulic-cylinders.net\/de\/wp-json\/wp\/v2\/media\/17881"}],"wp:attachment":[{"href":"https:\/\/www.hydraulic-cylinders.net\/de\/wp-json\/wp\/v2\/media?parent=19195"}],"wp:term":[{"taxonomy":"product_brand","embeddable":true,"href":"https:\/\/www.hydraulic-cylinders.net\/de\/wp-json\/wp\/v2\/product_brand?post=19195"},{"taxonomy":"product_cat","embeddable":true,"href":"https:\/\/www.hydraulic-cylinders.net\/de\/wp-json\/wp\/v2\/product_cat?post=19195"},{"taxonomy":"product_tag","embeddable":true,"href":"https:\/\/www.hydraulic-cylinders.net\/de\/wp-json\/wp\/v2\/product_tag?post=19195"}],"curies":[{"name":"wp","href":"https:\/\/api.w.org\/{rel}","templated":true}]}}