{"id":19209,"date":"2025-04-07T06:18:16","date_gmt":"2025-04-07T06:18:16","guid":{"rendered":"https:\/\/www.hydraulic-cylinders.net\/product\/boom-cylinder-for-xcmg-wheel-excavator-xe210w\/"},"modified":"2025-04-07T06:18:18","modified_gmt":"2025-04-07T06:18:18","slug":"boom-cylinder-for-xcmg-wheel-excavator-xe210w","status":"publish","type":"product","link":"https:\/\/www.hydraulic-cylinders.net\/de\/produkt\/boom-cylinder-for-xcmg-wheel-excavator-xe210w\/","title":{"rendered":"Auslegerzylinder f\u00fcr XCMG Radbagger XE210w"},"content":{"rendered":"<h1>Auslegerzylinder f\u00fcr XCMG Radbagger XE210w<\/h1>\n<h2>Produkt\u00fcbersicht<\/h2>\n<p>Der Auslegerzylinder f\u00fcr den XCMG-Radbagger XE210w ist eine wichtige Komponente zur Steuerung der Auslegerbewegung. Dieser Hydraulikzylinder ist unerl\u00e4sslich, damit schwere Maschinen verschiedene Aufgaben effizient ausf\u00fchren k\u00f6nnen. Konkret erm\u00f6glicht er das Heben, Senken und Neigen des Auslegers und erleichtert so Materialumschlagsarbeiten wie Graben, Heben und Transportieren.<\/p>\n<p><img decoding=\"async\" src=\"https:\/\/www.hydraulic-cylinders.net\/wp-content\/uploads\/2025\/04\/songte-company-1.webp\" alt=\"Bild des Auslegerzylinders\"><\/p>\n<h3>Definition und \u00dcbersicht der Auslegerzylinder<\/h3>\n<p>Auslegerzylinder sind Hydraulikzylinder, die speziell f\u00fcr die Steuerung der Auslegerbewegung in Baumaschinen wie Baggern, Baggerladern und Radladern entwickelt wurden. Sie sind unerl\u00e4sslich, um die Bewegung des Auslegers in verschiedene Richtungen zu erm\u00f6glichen und dem Bediener so Aufgaben wie Erdaushub, Verladen von Bauschutt und Heben schwerer Lasten zu erlauben. Die F\u00e4higkeit des Hydrauliksystems, Druck auszu\u00fcben, sorgt f\u00fcr eine hohe Betriebsleistung und macht diese Zylinder zu einem Eckpfeiler moderner Baumaschinen.<\/p>\n<h2>Merkmale des Auslegerzylinders<\/h2>\n<ul>\n<li><strong>Hohe Festigkeit und Haltbarkeit:<\/strong> Hergestellt aus hochfestem Stahl oder Aluminium, ist es f\u00fcr hohe Belastungen und Beanspruchung ausgelegt und eignet sich f\u00fcr raue Arbeitsumgebungen. Die Konstruktion gew\u00e4hrleistet zudem Verschlei\u00df- und Korrosionsbest\u00e4ndigkeit und verl\u00e4ngert so die Lebensdauer.<\/li>\n<li><strong>Effizienter Hydraulikbetrieb:<\/strong> Nutzt Hydraulik\u00f6ldruck f\u00fcr ein reibungsloses Aus- und Einfahren, reagiert schnell auf Steuerbefehle und bietet starke Schub- und Zugkr\u00e4fte, ideal f\u00fcr den Umgang mit schweren Materialien und komplexen Aufgaben.<\/li>\n<li><strong>Verschiedene Typen:<\/strong> Erh\u00e4ltlich in einfachwirkender (hydraulisch in eine Richtung wirkender) oder doppeltwirkender (hydraulisch in beide Richtungen wirkender) Ausf\u00fchrung, um verschiedenen Einsatzanforderungen gerecht zu werden. Einige Modelle sind teleskopierbar und erm\u00f6glichen so eine gr\u00f6\u00dfere Auszugsl\u00e4nge ohne Vergr\u00f6\u00dferung der Au\u00dfenabmessungen \u2013 ideal f\u00fcr beengte Platzverh\u00e4ltnisse.<\/li>\n<li><strong>Sonderanfertigungen:<\/strong> Unser Unternehmen ist auf die Herstellung dieser Zylinder spezialisiert, die vorhandene Hydraulikzylinder perfekt ersetzen k\u00f6nnen.<\/li>\n<li><strong>Integration mit verschiedenen Maschinen:<\/strong> Entwickelt f\u00fcr die nahtlose Integration in verschiedene Baggermodelle, um Kompatibilit\u00e4t und Effizienz im Betrieb zu gew\u00e4hrleisten.<\/li>\n<\/ul>\n<p><img decoding=\"async\" src=\"https:\/\/www.hydraulic-cylinders.net\/wp-content\/uploads\/2025\/04\/songte-cylinder-head-with-all-kinds-excavator-models.webp\" alt=\"Zylinderkompatibilit\u00e4tsbild\"><\/p>\n<h2>Anwendungen von Auslegerzylindern<\/h2>\n<h3>Baumaschinen<\/h3>\n<p>Im Bauwesen kommen Auslegerzylinder in Baggern zum Einsatz, wo sie f\u00fcr das Ausheben, Laden und Bewegen von Erde oder Bauschutt unerl\u00e4sslich sind. Ihre Schwenk- und Ausfahrbarkeit erleichtert nicht nur das Ausheben von Bodenmaterialien, sondern auch deren Verladung auf Lkw oder den Transport zu den vorgesehenen Bereichen. Bei Baggerladern unterst\u00fctzt der Auslegerzylinder sowohl das Ausheben als auch das Heben und ist somit f\u00fcr diverse Bauaufgaben unverzichtbar.<\/p>\n<h3>Landmaschinen<\/h3>\n<p>In der Landwirtschaft werden Auslegerzylinder an Frontladern eingesetzt, um Erde, Heu und andere Materialien aufzunehmen, anzuheben und zu transportieren. Diese Zylinder steigern die Effizienz verschiedener landwirtschaftlicher Arbeiten und erm\u00f6glichen eine schnelle und effektive Handhabung landwirtschaftlicher Produkte. Ihre Konstruktion gew\u00e4hrleistet, dass sie den Belastungen beim Heben und Transportieren schwerer Lasten standhalten und gleichzeitig die Betriebsstabilit\u00e4t gew\u00e4hrleisten.<\/p>\n<h3>Bagger<\/h3>\n<p>Bei Baggern sind die Auslegerzylinder unerl\u00e4sslich, damit die Schaufel in den Boden eindringen und so ein effektives Graben erm\u00f6glicht wird. Die von diesen Zylindern erzeugte Hydraulikkraft erlaubt es dem Bediener, auch schwierige Bodenverh\u00e4ltnisse problemlos zu bew\u00e4ltigen und pr\u00e4zise Bewegungen auszuf\u00fchren, was f\u00fcr Aushubarbeiten unerl\u00e4sslich ist.<\/p>\n<h3>Lader<\/h3>\n<p>Die Auslegerzylinder von Frontladern unterst\u00fctzen das effiziente Heben und Abladen von Lasten. Ihre hohe Hubkraft erm\u00f6glicht ein schnelles und effektives Materialhandling und steigert so die Gesamtproduktivit\u00e4t auf Baustellen.<\/p>\n<h2>Design\u00fcberlegungen und Auswahlkriterien<\/h2>\n<h3>Tragf\u00e4higkeit<\/h3>\n<p>Bei der Auswahl eines Auslegerzylinders ist seine Tragf\u00e4higkeit ein entscheidender Faktor. Dieser Parameter bestimmt, wie viel Gewicht der Zylinder heben und bewegen kann, ohne seine Stabilit\u00e4t zu beeintr\u00e4chtigen. Das verwendete Material, der Zylinderdurchmesser und die Konstruktion spielen dabei eine wichtige Rolle. Es ist unerl\u00e4sslich, die Tragf\u00e4higkeit des Zylinders an die Betriebsanforderungen der Maschine anzupassen, an der er montiert werden soll.<\/p>\n<h3>Dichtungsmechanismus<\/h3>\n<p>Eine effektive Abdichtung ist bei Hydraulikzylindern unerl\u00e4sslich, um Leckagen zu vermeiden und den Druck aufrechtzuerhalten. Die Dichtungskomponenten sollten aus langlebigen Materialien wie Polyurethan oder Nitrilkautschuk gefertigt sein, die verschlei\u00dffest sind. Hochwertige Dichtungen gew\u00e4hrleisten die Langlebigkeit des Hydrauliksystems und optimieren gleichzeitig dessen Leistung. Mangelhafte Dichtungen k\u00f6nnen zu Hydraulikfl\u00fcssigkeitsverlusten f\u00fchren, was die Leistung mindert und Maschinensch\u00e4den verursachen kann.<\/p>\n<h3>Haltbarkeit<\/h3>\n<p>Die Langlebigkeit ist ein entscheidender Konstruktionsaspekt. Der Auslegerzylinder muss extremen Belastungen und Umgebungsbedingungen standhalten. Daher sollte er aus Materialien gefertigt sein, die eine hohe Korrosions- und Verschlei\u00dfbest\u00e4ndigkeit aufweisen. Verfahren wie die Oberfl\u00e4chenh\u00e4rtung k\u00f6nnen die Langlebigkeit erh\u00f6hen und eine l\u00e4ngere Lebensdauer auch unter harten Arbeitsbedingungen gew\u00e4hrleisten.<\/p>\n<h3>Sicherheit und Instandhaltung<\/h3>\n<p>Sicherheitsmerkmale sollten in die Konstruktion des Auslegerzylinders integriert werden. Dazu geh\u00f6rt die F\u00e4higkeit, pl\u00f6tzliche Druck\u00e4nderungen abzufangen und potenzielle Ausf\u00e4lle ohne katastrophale Folgen zu bew\u00e4ltigen. Dar\u00fcber hinaus sollte die Wartungsfreundlichkeit ber\u00fccksichtigt werden, damit die Bediener routinem\u00e4\u00dfige Pr\u00fcfungen und Reparaturen ohne \u00fcberm\u00e4\u00dfige Ausfallzeiten durchf\u00fchren k\u00f6nnen. Dies kann beispielsweise durch eine Konstruktion des Zylinders erreicht werden, die einen einfachen Zugang zu Dichtungen und anderen internen Komponenten erm\u00f6glicht.<\/p>\n<p><img decoding=\"async\" src=\"https:\/\/www.hydraulic-cylinders.net\/wp-content\/uploads\/2025\/04\/songte-oil-pipes-and-spare-parts.webp\" alt=\"Abbildung von \u00d6lleitungen und Ersatzteilen\"><\/p>\n<h2>Abdichtung und Schmierung<\/h2>\n<p>F\u00fcr die optimale Funktion von Auslegerzylindern sind eine ordnungsgem\u00e4\u00dfe Abdichtung und Schmierung unerl\u00e4sslich. Verschiedene Dichtungskomponenten, darunter Kolben- und Stangendichtungen, gew\u00e4hrleisten die Dichtheit des Hydraulik\u00f6ls. Dichtungen aus robusten Materialien wie Polyurethan und Nitrilkautschuk bieten hervorragende Verschlei\u00dffestigkeit und sind hochdruckbest\u00e4ndig. Zylinderk\u00f6rper und Gewindeenden m\u00fcssen pr\u00e4zise bearbeitet werden, um ihre Verschlei\u00dffestigkeit zu erh\u00f6hen. Regelm\u00e4\u00dfige Schmierung mit Hydraulik\u00f6l ist f\u00fcr einen reibungslosen Betrieb und zur Vermeidung von Verschlei\u00df unerl\u00e4sslich. Ein geeigneter Schmierplan ist erforderlich, um den Hydraulik\u00f6lstand konstant zu halten und eine effiziente Leistung sicherzustellen.<\/p>\n<h2>Regelm\u00e4\u00dfige Inspektion und vorbeugende Wartungsma\u00dfnahmen<\/h2>\n<ul>\n<li><strong>Regelm\u00e4\u00dfige Kontrollen:<\/strong> F\u00fchren Sie regelm\u00e4\u00dfige Inspektionen durch, um m\u00f6gliche Leckagen oder Verschlei\u00df an den Dichtungskomponenten zu erkennen. Dieser proaktive Ansatz hilft, Probleme fr\u00fchzeitig zu erkennen und gr\u00f6\u00dfere Sch\u00e4den sp\u00e4ter zu vermeiden.<\/li>\n<li><strong>Schmierung:<\/strong> Achten Sie darauf, dass das Hydraulik\u00f6l regelm\u00e4\u00dfig aufgef\u00fcllt wird und dass nur die empfohlene \u00d6lsorte verwendet wird, um Kompatibilit\u00e4tsprobleme zu vermeiden, die die Leistung beeintr\u00e4chtigen k\u00f6nnten.<\/li>\n<li><strong>Dichtungswechsel:<\/strong> Pr\u00fcfen Sie die Dichtungen auf Anzeichen von Verschlei\u00df oder Besch\u00e4digung und ersetzen Sie sie gegebenenfalls, um eine ordnungsgem\u00e4\u00dfe Abdichtung zu gew\u00e4hrleisten und Fl\u00fcssigkeitsverluste zu vermeiden.<\/li>\n<\/ul>\n<h2>Installationshinweise<\/h2>\n<p>Die korrekte Montage des Auslegerzylinders ist entscheidend f\u00fcr einen einwandfreien Betrieb. Stellen Sie zun\u00e4chst sicher, dass alle Befestigungspunkte sauber und frei von Verunreinigungen sind. Richten Sie den Zylinder pr\u00e4zise an den Montagehalterungen aus, um unn\u00f6tige Belastungen w\u00e4hrend des Betriebs zu vermeiden. Verwenden Sie geeignetes Befestigungsmaterial, um den Zylinder sicher zu fixieren. Achten Sie dabei auf einen festen Sitz, ohne die notwendige Bewegungsfreiheit einzuschr\u00e4nken. Es wird empfohlen, die Montageanleitung des Herstellers f\u00fcr spezifische Anweisungen und Drehmomentvorgaben zu konsultieren. Die Einhaltung der korrekten Montageprotokolle verbessert die Leistung und Lebensdauer des Auslegerzylinders erheblich.<\/p>\n<h2>Allgemeine Wartungsaufgaben<\/h2>\n<ul>\n<li><strong>Regelm\u00e4\u00dfige Inspektionen:<\/strong> Regelm\u00e4\u00dfige Inspektionen helfen, Verschlei\u00df oder potenzielle Leckagen fr\u00fchzeitig zu erkennen. Die Bediener sollten auf Anzeichen von Hydraulikfl\u00fcssigkeitsverlust an Dichtungen und Anschl\u00fcssen achten und w\u00e4hrend des Betriebs auf ungew\u00f6hnliche Ger\u00e4usche achten.<\/li>\n<li><strong>Geeignete Schmierung:<\/strong> Eine ausreichende Schmierung des Hydraulikzylinders ist f\u00fcr einen reibungslosen Betrieb unerl\u00e4sslich. Die Bediener sollten sich mit dem empfohlenen Schmierplan und der Art des zu verwendenden Hydraulik\u00f6ls vertraut machen und die Herstellervorgaben beachten.<\/li>\n<li><strong>Dichtungswechsel und Kalibrierungspr\u00fcfungen:<\/strong> Regelm\u00e4\u00dfige \u00dcberpr\u00fcfungen der Dichtungen und Kalibrierungen sind unerl\u00e4sslich. Weisen die Dichtungen Verschlei\u00df- oder Besch\u00e4digungsspuren auf, m\u00fcssen sie umgehend ausgetauscht werden, um Leckagen zu vermeiden. Zus\u00e4tzlich sind Kalibrierungspr\u00fcfungen durchzuf\u00fchren, um sicherzustellen, dass der Zylinder innerhalb seiner Spezifikationen arbeitet. Eine korrekte Kalibrierung verbessert die Pr\u00e4zision der Maschinenbewegungen.<\/li>\n<\/ul>\n<h2>Sicherheitsaspekte und Umweltfaktoren<\/h2>\n<p>Sicherheitsma\u00dfnahmen beim Umgang mit und der Bedienung von Auslegerzylindern haben h\u00f6chste Priorit\u00e4t. Die Bediener m\u00fcssen in Bezug auf die potenziellen Gefahren von Hydrauliksystemen geschult werden, insbesondere hinsichtlich des Risikos der Hochdruck-Fl\u00fcssigkeitseinspritzung, die zu schweren Verletzungen f\u00fchren kann. Bei der Inspektion oder Wartung von Hydraulikanlagen muss stets die vorgeschriebene pers\u00f6nliche Schutzausr\u00fcstung (PSA) getragen werden. Dar\u00fcber hinaus m\u00fcssen die Bediener die Umweltvertr\u00e4glichkeit beachten und sicherstellen, dass versch\u00fcttete Hydraulikfl\u00fcssigkeit umgehend beseitigt wird, um eine Kontamination der Umgebung zu vermeiden.<\/p>\n<h2>Fehlerdiagnose und h\u00e4ufige Probleme<\/h2>\n<ul>\n<li><strong>Fl\u00fcssigkeitslecks:<\/strong> Eines der h\u00e4ufigsten Probleme bei Hydraulikzylindern ist der Fl\u00fcssigkeitsverlust. Dieser kann durch verschlissene Dichtungen oder besch\u00e4digte Anschl\u00fcsse verursacht werden. Regelm\u00e4\u00dfige Inspektionen helfen, Leckagen fr\u00fchzeitig zu erkennen.<\/li>\n<li><strong>Schlechte Leistung:<\/strong> Wenn der Auslegerzylinder nicht wie erwartet reagiert, kann dies auf einen niedrigen Hydraulik\u00f6lstand oder Luft im System hinweisen. Die Bediener sollten den \u00d6lstand pr\u00fcfen und das System gegebenenfalls entl\u00fcften.<\/li>\n<li><strong>\u00dcberm\u00e4\u00dfiger L\u00e4rm:<\/strong> Ungew\u00f6hnliche Ger\u00e4usche w\u00e4hrend des Betriebs k\u00f6nnen auf mechanische Probleme oder mangelnde Schmierung hinweisen. Bediener sollten ungew\u00f6hnliche Ger\u00e4usche umgehend untersuchen, um Sch\u00e4den am Ger\u00e4t zu vermeiden.<\/li>\n<\/ul>\n<h2>Tipps und L\u00f6sungen zur Fehlerbehebung<\/h2>\n<p>Um Probleme mit dem Auslegerzylinder effektiv zu diagnostizieren und zu beheben, sollten Bediener systematisch vorgehen. Zun\u00e4chst sollten sie den Hydraulik\u00f6lstand pr\u00fcfen und sicherstellen, dass er im empfohlenen Bereich liegt. Werden Leckagen festgestellt, muss deren Ursache ermittelt und verschlissene Dichtungen oder Anschl\u00fcsse ausgetauscht werden. Bei Leistungsproblemen ist das Hydrauliksystem auf Luft zu pr\u00fcfen und gegebenenfalls zu entl\u00fcften. Durch vorbeugende Wartungsma\u00dfnahmen wie regelm\u00e4\u00dfige Inspektionen und Schmierung l\u00e4sst sich das Risiko potenzieller Probleme deutlich reduzieren.<\/p>\n<p><img decoding=\"async\" src=\"https:\/\/www.hydraulic-cylinders.net\/wp-content\/uploads\/2025\/04\/songte-bushings-with-all-kinds-of-excavator-models.webp\" alt=\"Buchsen f\u00fcr Bagger (Bild)\"><\/p>\n<h2>\u00dcber unser Unternehmen<\/h2>\n<p>Wir sind ein auf alternative Hydraulikzylinder spezialisierter Hersteller und bieten ein breites Produktsortiment, das uns zu einem der f\u00fchrenden Hersteller und Gro\u00dfh\u00e4ndler auf nationalen und internationalen M\u00e4rkten gemacht hat. Wir verpflichten uns zu h\u00f6chster Qualit\u00e4t und setzen dabei auf ausgefeilte Fertigungsstrategien und fortschrittliche Produktionsmanagementmethoden. Unsere Investitionen in qualifizierte Fachkr\u00e4fte, modernste digitale Fertigungsanlagen und professionelle Testsysteme optimieren kontinuierlich unsere Fertigungsplattform und gew\u00e4hrleisten so eine gleichbleibend hohe Produktionsqualit\u00e4t. Wir sind bestrebt, die vielf\u00e4ltigen Bed\u00fcrfnisse unserer Kunden mit h\u00f6chster Effizienz, Pr\u00e4zision und Qualit\u00e4t zu erf\u00fcllen.<\/p>\n<p><img decoding=\"async\" src=\"https:\/\/www.hydraulic-cylinders.net\/wp-content\/uploads\/2025\/04\/songte-company-4.webp\" alt=\"Firmenbild 1\"><br \/>\n<img decoding=\"async\" src=\"https:\/\/www.hydraulic-cylinders.net\/wp-content\/uploads\/2025\/04\/songte-company-3.webp\" alt=\"Firmenbild 2\"><\/p>\n<p>Unsere Expertise erstreckt sich \u00fcber verschiedene Bereiche wie professionelle Dienstleistungen, internationale Zertifizierungen, kundenspezifische L\u00f6sungen, moderne Produktionsanlagen und umfassenden Kundendienst. So stellen wir sicher, dass unsere Kunden nicht nur erstklassige Produkte, sondern auch einen au\u00dfergew\u00f6hnlichen Service w\u00e4hrend ihrer gesamten Zusammenarbeit erhalten.<\/p>\n<p>Autor: lyl<\/p>","protected":false},"excerpt":{"rendered":"<p>Boom Cylinder For XCMG Wheel Excavator XE210w Product Overview The Boom Cylinder for XCMG Wheel Excavator XE210w is a critical component designed to control the movement of the boom on excavators. This type of hydraulic cylinder plays an essential role in enabling heavy machinery to perform various tasks efficiently. Specifically, the boom cylinder allows for [&hellip;]<\/p>","protected":false},"featured_media":17880,"comment_status":"open","ping_status":"closed","template":"","meta":{"_et_pb_use_builder":"","_et_pb_old_content":"","_et_gb_content_width":""},"product_brand":[],"product_cat":[1546],"product_tag":[1547,1496],"class_list":{"0":"post-19209","1":"product","2":"type-product","3":"status-publish","4":"has-post-thumbnail","6":"product_cat-boom-cylinders","7":"product_tag-boom-cylinders","8":"product_tag-hydraulic-cylinders","10":"first","11":"instock","12":"shipping-taxable","13":"product-type-simple"},"amp_enabled":true,"_links":{"self":[{"href":"https:\/\/www.hydraulic-cylinders.net\/de\/wp-json\/wp\/v2\/product\/19209","targetHints":{"allow":["GET"]}}],"collection":[{"href":"https:\/\/www.hydraulic-cylinders.net\/de\/wp-json\/wp\/v2\/product"}],"about":[{"href":"https:\/\/www.hydraulic-cylinders.net\/de\/wp-json\/wp\/v2\/types\/product"}],"replies":[{"embeddable":true,"href":"https:\/\/www.hydraulic-cylinders.net\/de\/wp-json\/wp\/v2\/comments?post=19209"}],"wp:featuredmedia":[{"embeddable":true,"href":"https:\/\/www.hydraulic-cylinders.net\/de\/wp-json\/wp\/v2\/media\/17880"}],"wp:attachment":[{"href":"https:\/\/www.hydraulic-cylinders.net\/de\/wp-json\/wp\/v2\/media?parent=19209"}],"wp:term":[{"taxonomy":"product_brand","embeddable":true,"href":"https:\/\/www.hydraulic-cylinders.net\/de\/wp-json\/wp\/v2\/product_brand?post=19209"},{"taxonomy":"product_cat","embeddable":true,"href":"https:\/\/www.hydraulic-cylinders.net\/de\/wp-json\/wp\/v2\/product_cat?post=19209"},{"taxonomy":"product_tag","embeddable":true,"href":"https:\/\/www.hydraulic-cylinders.net\/de\/wp-json\/wp\/v2\/product_tag?post=19209"}],"curies":[{"name":"wp","href":"https:\/\/api.w.org\/{rel}","templated":true}]}}