{"id":19221,"date":"2025-04-07T06:18:45","date_gmt":"2025-04-07T06:18:45","guid":{"rendered":"https:\/\/www.hydraulic-cylinders.net\/product\/boom-cylinder-for-zoomlion-middle-excavator-ze210e-9\/"},"modified":"2025-04-07T06:18:48","modified_gmt":"2025-04-07T06:18:48","slug":"boom-cylinder-for-zoomlion-middle-excavator-ze210e-9","status":"publish","type":"product","link":"https:\/\/www.hydraulic-cylinders.net\/de\/produkt\/boom-cylinder-for-zoomlion-middle-excavator-ze210e-9\/","title":{"rendered":"Auslegerzylinder f\u00fcr Zoomlion Mittelbagger ZE210E-9"},"content":{"rendered":"<h1>Auslegerzylinder f\u00fcr Zoomlion Mittelbagger ZE210E-9<\/h1>\n<h2>Produkt\u00fcbersicht<\/h2>\n<p>Der Auslegerzylinder des Zoomlion Mittelbaggers ZE210E-9 ist eine wichtige Hydraulikkomponente, die f\u00fcr die Funktionsf\u00e4higkeit der Baumaschine unerl\u00e4sslich ist. Dieser Hydraulikzylinder wurde speziell zur Steuerung der Auslegerbewegung entwickelt und erm\u00f6glicht so eine Vielzahl von Arbeitsg\u00e4ngen, die f\u00fcr Aushub- und Materialumschlagsarbeiten notwendig sind.<\/p>\n<p>Der Hubzylinder erm\u00f6glicht das Heben, Senken und Neigen der Baggerschaufel und ist daher in vielen Anwendungsbereichen unverzichtbar. Das Hydrauliksystem, zu dem dieser Zylinder geh\u00f6rt, nutzt unter Druck stehende Hydraulikfl\u00fcssigkeit, um eine lineare Bewegung zu erzeugen und dem Bediener so pr\u00e4zises und effizientes Arbeiten zu erm\u00f6glichen.<\/p>\n<p><img decoding=\"async\" src=\"https:\/\/www.hydraulic-cylinders.net\/wp-content\/uploads\/2025\/04\/songte-company-1.webp\" alt=\"Bild des Auslegerzylinders\" \/><\/p>\n<h2>Merkmale des Auslegerzylinders<\/h2>\n<ul>\n<li><strong>Hohe Festigkeit und Haltbarkeit:<\/strong> Der aus hochfestem Stahl oder Aluminium gefertigte Auslegerzylinder ist in der Lage, hohen Dr\u00fccken und schweren Lasten standzuhalten und ist gleichzeitig verschlei\u00df- und korrosionsbest\u00e4ndig, was eine lange Lebensdauer gew\u00e4hrleistet.<\/li>\n<li><strong>Effizienter Hydraulikbetrieb:<\/strong> Der Zylinder nutzt den Druck von Hydraulik\u00f6l f\u00fcr ein reibungsloses Aus- und Einfahren, bietet eine schnelle Reaktion auf Steuerbefehle und erm\u00f6glicht kraftvolle Schub- und Zugkr\u00e4fte, die f\u00fcr schwere und komplexe Aufgaben geeignet sind.<\/li>\n<li><strong>Verschiedene Typen:<\/strong> Erh\u00e4ltlich als einfachwirkende (in eine Richtung wirkende) oder doppeltwirkende (in beide Richtungen wirkende) Zylinder, wobei bestimmte Modelle \u00fcber eine Teleskopkonstruktion f\u00fcr eine gr\u00f6\u00dfere Reichweite ohne Vergr\u00f6\u00dferung der Au\u00dfenma\u00dfe verf\u00fcgen und somit ideal f\u00fcr beengte R\u00e4ume geeignet sind.<\/li>\n<li><strong>Pr\u00e4zisionstechnik:<\/strong> Hergestellt mit fortschrittlichen Konstruktionstechniken, um optimale Leistung, Zuverl\u00e4ssigkeit und Kompatibilit\u00e4t mit verschiedenen Baggermodellen zu gew\u00e4hrleisten.<\/li>\n<li><strong>Anpassbare L\u00f6sungen:<\/strong> Unser Unternehmen kann dieses Produkt nach spezifischen Anforderungen herstellen und vorhandene Hydraulikzylinder perfekt ersetzen.<\/li>\n<\/ul>\n<p><img decoding=\"async\" src=\"https:\/\/www.hydraulic-cylinders.net\/wp-content\/uploads\/2025\/04\/songte-cylinder-head-with-all-kinds-excavator-models.webp\" alt=\"Baggermodelle\" \/><\/p>\n<h2>Anwendungen des Auslegerzylinders<\/h2>\n<h3>Baumaschinen<\/h3>\n<p>Bei Baumaschinen ist der Auslegerzylinder von Baggern unverzichtbar zum Graben, Laden und Bewegen von Erde oder Bauschutt. Er erm\u00f6glicht das Eindringen der Schaufel in den Boden und sorgt so f\u00fcr effizientes Ausheben bei gleichzeitiger Stabilit\u00e4t w\u00e4hrend des Betriebs. Dar\u00fcber hinaus hilft er beim Anheben von Materialien auf h\u00f6here Ebenen f\u00fcr eine bessere Platzierung und steigert so die Produktivit\u00e4t auf der Baustelle.<\/p>\n<h3>Landmaschinen<\/h3>\n<p>Bei Landmaschinen wie Radladern dient der Auslegerzylinder zum Schaufeln, Heben und Transportieren von Erde, Heu und anderen Materialien. Die M\u00f6glichkeit, Winkel und H\u00f6he der Schaufel zu steuern, erm\u00f6glicht ein effizientes Materialmanagement bei Aussaat, Ernte und anderen landwirtschaftlichen Arbeiten.<\/p>\n<h3>Bagger<\/h3>\n<p>Der Auslegerzylinder erm\u00f6glicht es Baggern, effektiv in den Boden einzudringen und ist daher eine entscheidende Komponente f\u00fcr Aushubarbeiten. Seine zuverl\u00e4ssige Leistung gew\u00e4hrleistet, dass die Maschine verschiedene Gel\u00e4ndearten und Bedingungen bew\u00e4ltigen kann und somit einen reibungslosen und effizienten Projektablauf sicherstellt.<\/p>\n<h3>Lader<\/h3>\n<p>Bei Frontladern unterst\u00fctzen Auslegerzylinder das effiziente Heben und Abladen von Lasten. Sie liefern die n\u00f6tige Kraft, um schwere Materialien auf betr\u00e4chtliche H\u00f6hen zu heben und so ein einfaches Entladen und Platzieren zu erm\u00f6glichen. Dies ist unerl\u00e4sslich f\u00fcr einen reibungslosen Arbeitsablauf bei Bau- und Landschaftsbauprojekten.<\/p>\n<h2>Design\u00fcberlegungen und Auswahlkriterien<\/h2>\n<h3>Tragf\u00e4higkeit<\/h3>\n<p>Bei der Auswahl eines Auslegerzylinders ist die Tragf\u00e4higkeit von entscheidender Bedeutung. Der Zylinder muss sowohl das Gewicht des zu bewegenden Materials als auch die w\u00e4hrend des Betriebs auftretenden dynamischen Kr\u00e4fte tragen k\u00f6nnen. Das Verst\u00e4ndnis der technischen Daten und die Sicherstellung, dass der Zylinder f\u00fcr die zu erwartenden Lasten ausgelegt ist, beugen Ausf\u00e4llen vor und erh\u00f6hen die Sicherheit. Hersteller geben in der Regel detaillierte Tragf\u00e4higkeitsangaben an. F\u00fcr zus\u00e4tzliche Zuverl\u00e4ssigkeit ist es unerl\u00e4sslich, einen Zylinder zu w\u00e4hlen, dessen Tragf\u00e4higkeit die maximal zu erwartenden Lasten \u00fcbersteigt.<\/p>\n<h3>Versiegelung und Haltbarkeit<\/h3>\n<p>Das Dichtungssystem eines Auslegerzylinders ist entscheidend f\u00fcr seine Lebensdauer und Leistungsf\u00e4higkeit. Hochwertige Dichtungen verhindern das Austreten von Hydraulikfl\u00fcssigkeit, was f\u00fcr die Aufrechterhaltung von Druck und Effizienz unerl\u00e4sslich ist. Die Verwendung langlebiger Materialien wie Polyurethan und Nitrilkautschuk f\u00fcr die Dichtungen gew\u00e4hrleistet Best\u00e4ndigkeit gegen Verschlei\u00df, Temperaturschwankungen und Umwelteinfl\u00fcsse. Ein gut abgedichteter Zylinder minimiert den Wartungsaufwand und die Betriebsausfallzeiten und sorgt so f\u00fcr eine h\u00f6here Gesamteffizienz.<\/p>\n<h3>Sicherheitsfunktionen<\/h3>\n<p>Sicherheit hat bei der Konstruktion von Hydraulikzylindern h\u00f6chste Priorit\u00e4t. Fortschrittliche Sicherheitsmerkmale wie Druckbegrenzungsventile und \u00dcberhubbegrenzer tragen dazu bei, schwerwiegende Ausf\u00e4lle zu verhindern und einen sicheren Betrieb zu gew\u00e4hrleisten. Diese Merkmale sch\u00fctzen sowohl die Maschine als auch den Bediener und reduzieren so das Unfallrisiko auf der Baustelle. Dar\u00fcber hinaus spielen regelm\u00e4\u00dfige Inspektionen und die Einhaltung von Sicherheitsstandards eine entscheidende Rolle f\u00fcr die Betriebssicherheit und die Vermeidung von Unf\u00e4llen.<\/p>\n<h3>Wartung und Reparatur<\/h3>\n<p>Die wartungsfreundliche Konstruktion eines Auslegerzylinders ist entscheidend f\u00fcr seine langfristige Leistungsf\u00e4higkeit. Merkmale, die den Wartungszugang erleichtern, wie abnehmbare Abdeckungen und gut zug\u00e4ngliche Hydraulikanschl\u00fcsse, k\u00f6nnen Ausfallzeiten deutlich reduzieren. Regelm\u00e4\u00dfige Wartungsarbeiten, einschlie\u00dflich Inspektionen und rechtzeitiger Reparaturen, verl\u00e4ngern die Lebensdauer des Zylinders und gew\u00e4hrleisten eine gleichbleibende Leistung, wodurch die Gesamtbetriebskosten minimiert werden.<\/p>\n<p><img decoding=\"async\" src=\"https:\/\/www.hydraulic-cylinders.net\/wp-content\/uploads\/2025\/04\/songte-oil-pipes-and-spare-parts.webp\" alt=\"\u00d6lleitungen und Ersatzteile\" \/><\/p>\n<h2>Abdichtung und Schmierung<\/h2>\n<p>Eine effektive Abdichtung und Schmierung sind f\u00fcr die Funktionsf\u00e4higkeit von Hydraulikzylindern unerl\u00e4sslich. Verschiedene Dichtungskomponenten, darunter Kolben- und Stangendichtungen, verhindern Leckagen und halten den Druck im System aufrecht. Dichtungen aus verschlei\u00dffesten Materialien wie Polyurethan und Nitrilkautschuk verbessern Lebensdauer und Leistung deutlich.<\/p>\n<p>Der Zylinderk\u00f6rper und die Gewindeenden sind pr\u00e4zisionsgefertigt, um die Verschlei\u00dffestigkeit zu verbessern. Regelm\u00e4\u00dfige Schmierung mit Hydraulik\u00f6l ist unerl\u00e4sslich; sie reduziert Reibung und Verschlei\u00df an beweglichen Teilen und gew\u00e4hrleistet so einen reibungslosen Betrieb. Die Bediener sollten die Empfehlungen des Herstellers hinsichtlich Schmierintervallen und -mengen beachten, um eine optimale Leistung zu gew\u00e4hrleisten.<\/p>\n<h2>Regelm\u00e4\u00dfige Inspektion und vorbeugende Wartung<\/h2>\n<ul>\n<li><strong>Regelm\u00e4\u00dfige Inspektionen:<\/strong> Regelm\u00e4\u00dfige Inspektionen sind unerl\u00e4sslich, um potenzielle Probleme fr\u00fchzeitig zu erkennen und zu beheben. Die Bediener sollten den Zylinder visuell auf Verschlei\u00df, Leckagen oder Besch\u00e4digungen pr\u00fcfen und Funktionspr\u00fcfungen durchf\u00fchren, um sicherzustellen, dass alles wie vorgesehen funktioniert.<\/li>\n<li><strong>Geeignete Schmierung:<\/strong> Die ordnungsgem\u00e4\u00dfe Schmierung des Hydrauliksystems ist entscheidend f\u00fcr die Reduzierung von Reibung und Verschlei\u00df. Die Bediener sollten einen Schmierplan befolgen, der sich nach Betriebsstunden und Umgebungsbedingungen richtet und den empfohlenen Hydraulik\u00f6ltyp verwendet.<\/li>\n<li><strong>Dichtungswechsel:<\/strong> Dichtungen sind Verschlei\u00dfteile und sollten im Rahmen der routinem\u00e4\u00dfigen Wartung ausgetauscht werden. Regelm\u00e4\u00dfige Kontrollen helfen, verschlissene oder besch\u00e4digte Dichtungen zu erkennen und rechtzeitig auszutauschen, um Leckagen zu vermeiden und die Systemintegrit\u00e4t zu erhalten.<\/li>\n<\/ul>\n<h2>Installationshinweise<\/h2>\n<p>Die korrekte Montage des Auslegerzylinders ist entscheidend f\u00fcr seine Leistung und Lebensdauer. Stellen Sie zun\u00e4chst sicher, dass die Montagefl\u00e4chen sauber und frei von Verunreinigungen sind. Verwenden Sie geeignete Montagehalterungen, um den Zylinder zu fixieren und \u00fcberm\u00e4\u00dfige Bewegungen w\u00e4hrend des Betriebs zu vermeiden. Die korrekte Ausrichtung ist unerl\u00e4sslich; die Kolbenstange muss parallel zur Last ausgerichtet sein, um seitliche Belastungen zu verhindern, die zu vorzeitigem Verschlei\u00df oder Ausfall f\u00fchren k\u00f6nnen.<\/p>\n<p>Befolgen Sie bei der Installation diese Schritte:<\/p>\n<ul>\n<li>Stellen Sie sicher, dass alle Gewindeverbindungen mit dem vom Hersteller vorgeschriebenen Drehmoment angezogen werden.<\/li>\n<li>Pr\u00fcfen Sie, ob Hydraulikschl\u00e4uche und -anschl\u00fcsse fest verbunden sind, um Leckagen zu vermeiden.<\/li>\n<li>Nach der Installation muss der Zylinder \u00fcber seinen gesamten Bewegungsbereich bewegt werden, um sicherzustellen, dass keine Hindernisse oder Ausrichtungsprobleme vorliegen.<\/li>\n<li>F\u00fchren Sie vor der Inbetriebnahme des Ger\u00e4ts eine Druckpr\u00fcfung durch, um sicherzustellen, dass das System ordnungsgem\u00e4\u00df funktioniert und keine Lecks vorhanden sind.<\/li>\n<\/ul>\n<h2>Allgemeine Wartungsaufgaben<\/h2>\n<ul>\n<li><strong>Regelm\u00e4\u00dfige Inspektionen:<\/strong> Gr\u00fcndliche Inspektionen helfen, potenzielle Probleme fr\u00fchzeitig zu erkennen. Achten Sie auf Anzeichen von Lecks, Korrosion oder Besch\u00e4digungen und beheben Sie diese umgehend, um gr\u00f6\u00dfere Probleme zu vermeiden.<\/li>\n<li><strong>Richtige Schmierung:<\/strong> Schmieren Sie den Zylinder regelm\u00e4\u00dfig gem\u00e4\u00df den Herstellerangaben. Dies ist unerl\u00e4sslich, um einen reibungslosen Betrieb zu gew\u00e4hrleisten und den Verschlei\u00df an Dichtungen und beweglichen Teilen zu reduzieren.<\/li>\n<li><strong>Dichtungswechsel und Kalibrierungspr\u00fcfungen:<\/strong> Die Dichtungen sind regelm\u00e4\u00dfig auf Verschlei\u00df zu pr\u00fcfen und gegebenenfalls auszutauschen. Die Kalibrierung des Zylinders gew\u00e4hrleistet den Betrieb innerhalb der vorgegebenen Parameter, was f\u00fcr die Aufrechterhaltung von Leistung und Sicherheit unerl\u00e4sslich ist.<\/li>\n<\/ul>\n<h2>Sicherheitsaspekte und Umweltfaktoren<\/h2>\n<p>Sicherheitsma\u00dfnahmen haben beim Betrieb von Hydrauliksystemen h\u00f6chste Priorit\u00e4t. Bediener m\u00fcssen in sicheren Handhabungspraktiken geschult sein und die potenziellen Gefahren hydraulischer Anlagen kennen. Regelm\u00e4\u00dfige Sicherheits\u00fcberpr\u00fcfungen und die Einhaltung der geltenden Sicherheitsrichtlinien k\u00f6nnen das Unfallrisiko am Arbeitsplatz deutlich reduzieren. Dar\u00fcber hinaus k\u00f6nnen Umwelteinfl\u00fcsse wie Temperaturschwankungen und extreme Umgebungsbedingungen die Leistung von Hydraulikzylindern beeintr\u00e4chtigen; daher ist die Auswahl geeigneter Materialien und Konstruktionen f\u00fcr die jeweiligen Umgebungsbedingungen entscheidend.<\/p>\n<h2>Fehlerbehebung und h\u00e4ufige Probleme<\/h2>\n<ul>\n<li><strong>Lecks:<\/strong> Eines der h\u00e4ufigsten Probleme bei Hydraulikzylindern ist Leckage, die durch verschlissene Dichtungen oder besch\u00e4digte Anschl\u00fcsse verursacht werden kann. Zur Fehlersuche sollten die Dichtungen gepr\u00fcft und gegebenenfalls ausgetauscht werden. Achten Sie darauf, dass alle Verbindungen fest sitzen und nicht verkantet sind.<\/li>\n<li><strong>Schlechte Leistung:<\/strong> L\u00e4sst sich der Zylinder nicht reibungslos aus- oder einfahren, kann dies an zu wenig Hydraulikfl\u00fcssigkeit oder Luft im System liegen. Pr\u00fcfen Sie den Fl\u00fcssigkeitsstand und entl\u00fcften Sie das System, um eingeschlossene Luft zu entfernen.<\/li>\n<li><strong>\u00dcberhitzung:<\/strong> \u00dcberhitzung kann durch \u00dcberlastung oder zu geringen Fl\u00fcssigkeitsstand entstehen. Stellen Sie sicher, dass der Hydraulikfl\u00fcssigkeitsstand korrekt ist und das System nicht \u00fcberlastet wird. Lassen Sie das System abk\u00fchlen, bevor Sie den Betrieb wieder aufnehmen.<\/li>\n<\/ul>\n<p>Vorbeugende Ma\u00dfnahmen wie regelm\u00e4\u00dfige Wartung, die Verwendung geeigneter Hydraulikfl\u00fcssigkeiten und die Schulung der Bediener im richtigen Umgang mit den Ger\u00e4ten k\u00f6nnen diese Probleme mindern und die Lebensdauer der Ger\u00e4te verl\u00e4ngern.<\/p>\n<p><img decoding=\"async\" src=\"https:\/\/www.hydraulic-cylinders.net\/wp-content\/uploads\/2025\/04\/songte-bushings-with-all-kinds-of-excavator-models.webp\" alt=\"Buchsen bei Baggermodellen\" \/><\/p>\n<h2>Unternehmens\u00fcbersicht<\/h2>\n<p>Wir sind ein f\u00fchrender Hersteller von Hydraulikzylindern und genie\u00dfen sowohl auf dem nationalen als auch auf dem internationalen Markt hohes Ansehen. Unser umfangreiches Produktsortiment festigt unsere Position als f\u00fchrender Hersteller und Gro\u00dfh\u00e4ndler. Durch sorgf\u00e4ltige Fertigungsmanagementstrategien gew\u00e4hrleisten wir h\u00f6chste Qualit\u00e4t. Investitionen in qualifizierte Fachkr\u00e4fte, modernste digitale Fertigungsanlagen und professionelle Testsysteme optimieren unsere Produktionskapazit\u00e4ten und erm\u00f6glichen es uns, die vielf\u00e4ltigen Kundenbed\u00fcrfnisse effizient, pr\u00e4zise und in bester Qualit\u00e4t zu erf\u00fcllen.<\/p>\n<p>Unser Unternehmen ist stolz auf seine Professionalit\u00e4t, internationalen Zertifizierungen, kundenspezifischen Dienstleistungen, fortschrittlichen Produktionsanlagen und umfassenden Kundendienst, um sicherzustellen, dass unsere Kunden au\u00dfergew\u00f6hnliche Produkte und Dienstleistungen erhalten.<\/p>\n<p><img decoding=\"async\" src=\"https:\/\/www.hydraulic-cylinders.net\/wp-content\/uploads\/2025\/04\/songte-company-4.webp\" alt=\"Unternehmens\u00fcbersicht\" \/><br \/>\n<img decoding=\"async\" src=\"https:\/\/www.hydraulic-cylinders.net\/wp-content\/uploads\/2025\/04\/songte-company-3.webp\" alt=\"Produktionsst\u00e4tte\" \/><\/p>\n<p>Autor: lyl<\/p>","protected":false},"excerpt":{"rendered":"<p>Boom Cylinder For Zoomlion Middle Excavator ZE210E-9 Product Overview The Boom Cylinder for the Zoomlion Middle Excavator ZE210E-9 is a vital hydraulic component that plays a crucial role in the functionality of heavy machinery. This hydraulic cylinder is specifically designed to control the movement of the boom, allowing for a range of operations essential for [&hellip;]<\/p>","protected":false},"featured_media":17877,"comment_status":"open","ping_status":"closed","template":"","meta":{"_et_pb_use_builder":"","_et_pb_old_content":"","_et_gb_content_width":""},"product_brand":[],"product_cat":[1546],"product_tag":[1547,1496],"class_list":{"0":"post-19221","1":"product","2":"type-product","3":"status-publish","4":"has-post-thumbnail","6":"product_cat-boom-cylinders","7":"product_tag-boom-cylinders","8":"product_tag-hydraulic-cylinders","10":"first","11":"instock","12":"shipping-taxable","13":"product-type-simple"},"amp_enabled":true,"_links":{"self":[{"href":"https:\/\/www.hydraulic-cylinders.net\/de\/wp-json\/wp\/v2\/product\/19221","targetHints":{"allow":["GET"]}}],"collection":[{"href":"https:\/\/www.hydraulic-cylinders.net\/de\/wp-json\/wp\/v2\/product"}],"about":[{"href":"https:\/\/www.hydraulic-cylinders.net\/de\/wp-json\/wp\/v2\/types\/product"}],"replies":[{"embeddable":true,"href":"https:\/\/www.hydraulic-cylinders.net\/de\/wp-json\/wp\/v2\/comments?post=19221"}],"wp:featuredmedia":[{"embeddable":true,"href":"https:\/\/www.hydraulic-cylinders.net\/de\/wp-json\/wp\/v2\/media\/17877"}],"wp:attachment":[{"href":"https:\/\/www.hydraulic-cylinders.net\/de\/wp-json\/wp\/v2\/media?parent=19221"}],"wp:term":[{"taxonomy":"product_brand","embeddable":true,"href":"https:\/\/www.hydraulic-cylinders.net\/de\/wp-json\/wp\/v2\/product_brand?post=19221"},{"taxonomy":"product_cat","embeddable":true,"href":"https:\/\/www.hydraulic-cylinders.net\/de\/wp-json\/wp\/v2\/product_cat?post=19221"},{"taxonomy":"product_tag","embeddable":true,"href":"https:\/\/www.hydraulic-cylinders.net\/de\/wp-json\/wp\/v2\/product_tag?post=19221"}],"curies":[{"name":"wp","href":"https:\/\/api.w.org\/{rel}","templated":true}]}}