{"id":1926,"date":"2023-10-20T06:44:54","date_gmt":"2023-10-20T06:44:54","guid":{"rendered":"https:\/\/hydraulic-cylinders.net\/?post_type=product&#038;p=1926"},"modified":"2023-10-20T07:49:41","modified_gmt":"2023-10-20T07:49:41","slug":"hp21vg-series-swashplate-variable-double-hydraulic-pumps","status":"publish","type":"product","link":"https:\/\/www.hydraulic-cylinders.net\/de\/produkt\/hp21vg-series-swashplate-variable-double-hydraulic-pumps\/","title":{"rendered":"HP21VG Serie Taumelscheiben-Verstell-Doppelhydraulikpumpen"},"content":{"rendered":"<h1 style=\"text-align: center;\"><strong>HP21VG Serie Taumelscheiben-Verstell-Doppelhydraulikpumpen<\/strong><\/h1>\n<p><img loading=\"lazy\" decoding=\"async\" class=\"aligncenter wp-image-1955\" src=\"https:\/\/hydraulic-cylinders.net\/wp-content\/uploads\/2023\/10\/hp21vg-series-swashplate-variable-double-pumps-1-300x300.webp\" alt=\"\" width=\"400\" height=\"400\" \/><\/p>\n<p>Die HP21VG-Serie umfasst innovative und leistungsstarke Doppelhydraulikpumpen mit Taumelscheibenantrieb, die speziell f\u00fcr die hohen Anforderungen moderner Hydrauliksysteme entwickelt wurden. Dank fortschrittlicher Technologie und herausragender Eigenschaften bieten diese Pumpen pr\u00e4zise Steuerung, \u00fcberlegene Kraft\u00fcbertragung und optimale Energieeffizienz. Dieser Artikel beschreibt die wichtigsten Merkmale, Anwendungsmethoden und Wartungshinweise f\u00fcr die HP21VG-Serie.<\/p>\n<p>Die HP21VG-Serie von verstellbaren Doppelhydraulikpumpen mit Taumelscheibe bietet herausragende Leistung und Effizienz f\u00fcr Hydrauliksysteme. Dank ihrer Taumelscheiben-Verstellkonstruktion, der Doppelpumpenkonfiguration und der hohen Druckkapazit\u00e4t gew\u00e4hrleisten diese Pumpen eine pr\u00e4zise Steuerung und zuverl\u00e4ssige Kraft\u00fcbertragung. Bei Einhaltung der empfohlenen Anwendungsmethoden und regelm\u00e4\u00dfiger Wartung erbringen die Pumpen der HP21VG-Serie dauerhaft hervorragende Leistungen und tragen so zum Erfolg Ihres Hydrauliksystems bei. Nutzen Sie die Effizienz und Leistung der HP21VG-Serie von verstellbaren Doppelhydraulikpumpen mit Taumelscheibe, um die Leistungsf\u00e4higkeit Ihres Hydrauliksystems zu optimieren.<\/p>\n<p>Hauptmerkmale der HP21VG-Serie Taumelscheiben-Verstell-Doppelhydraulikpumpen:<\/p>\n<ul>\n<li>Variable Taumelscheibenkonstruktion: Die Hydraulikpumpen der Serie HP21VG verf\u00fcgen \u00fcber eine variable Taumelscheibenkonstruktion, die eine pr\u00e4zise Einstellung des F\u00f6rderwinkels erm\u00f6glicht. Dadurch l\u00e4sst sich die F\u00f6rderleistung der Pumpe genau steuern, was die Effizienz steigert und den Energieverbrauch senkt.<\/li>\n<li>Doppelpumpenkonfiguration: Diese Pumpen verf\u00fcgen \u00fcber eine Doppelpumpenkonfiguration mit zwei unabh\u00e4ngigen Pumpeneinheiten in einem gemeinsamen Geh\u00e4use. Diese Konfiguration bietet den Vorteil einer kompakten Bauweise und erm\u00f6glicht den flexiblen Betrieb der Pumpen einzeln oder im Tandembetrieb, je nach den Anforderungen des Hydrauliksystems.<\/li>\n<li>Hoher Druck und hohe F\u00f6rderleistung: Die Pumpen der Serie HP21VG zeichnen sich durch ihre robuste Bauweise und fortschrittliche Technik aus und eignen sich daher hervorragend f\u00fcr Hochdruckanwendungen. Sie bieten eine au\u00dfergew\u00f6hnliche Druckleistung und F\u00f6rderleistung und sind somit f\u00fcr vielf\u00e4ltige industrielle Anwendungen geeignet.<\/li>\n<li>Effiziente Kraft\u00fcbertragung: Diese Hydraulikpumpen gew\u00e4hrleisten eine effiziente Kraft\u00fcbertragung und damit eine verbesserte Systemleistung. Dank ihrer pr\u00e4zisen Steuerungsm\u00f6glichkeiten reagiert das Hydrauliksystem schnell und genau auf Last\u00e4nderungen und optimiert so die Gesamtproduktivit\u00e4t.<\/li>\n<\/ul>\n<h2><strong>Parameter der HP21VG-Serie Taumelscheiben-Verstell-Doppelhydraulikpumpen:<\/strong><\/h2>\n<table class=\"table table-bordered table-hover table-colored\" width=\"721\" data-sort=\"sortDisabled\">\n<tbody>\n<tr class=\"firstRow\">\n<td colspan=\"3\" align=\"left\" valign=\"middle\">Spezifikation<\/td>\n<td colspan=\"1\" rowspan=\"1\" align=\"center\" valign=\"middle\" width=\"null\">21<\/td>\n<td align=\"center\" valign=\"middle\">45<\/td>\n<\/tr>\n<tr>\n<td colspan=\"3\" align=\"left\" valign=\"middle\">Geometrische Verschiebung cm\/Umdrehung<\/td>\n<td colspan=\"1\" rowspan=\"1\" align=\"center\" valign=\"middle\" width=\"null\">21*21<\/td>\n<td align=\"center\" valign=\"middle\">45*2<\/td>\n<\/tr>\n<tr>\n<td rowspan=\"3\" align=\"left\" valign=\"middle\">Geschwindigkeit<\/td>\n<td colspan=\"2\" align=\"left\" valign=\"middle\">Nenndrehzahl<\/td>\n<td colspan=\"1\" rowspan=\"1\" align=\"center\" valign=\"middle\" width=\"null\">3300<\/td>\n<td align=\"center\" valign=\"middle\">3300<\/td>\n<\/tr>\n<tr>\n<td colspan=\"2\" align=\"left\" valign=\"middle\">max. Drehzahl<\/td>\n<td colspan=\"1\" rowspan=\"1\" align=\"center\" valign=\"middle\" width=\"null\">3600<\/td>\n<td align=\"center\" valign=\"middle\">3550<\/td>\n<\/tr>\n<tr>\n<td colspan=\"2\" align=\"left\" valign=\"middle\">Mindestdrehzahl<\/td>\n<td colspan=\"1\" rowspan=\"1\" align=\"center\" valign=\"middle\" width=\"null\">500<\/td>\n<td align=\"center\" valign=\"middle\">500<\/td>\n<\/tr>\n<tr>\n<td rowspan=\"4\" align=\"left\" valign=\"middle\">Druck<\/td>\n<td colspan=\"2\" align=\"left\" valign=\"middle\">Bewertungsbar<\/td>\n<td colspan=\"1\" rowspan=\"1\" align=\"center\" valign=\"middle\" width=\"null\">200<\/td>\n<td align=\"center\" valign=\"middle\">420<\/td>\n<\/tr>\n<tr>\n<td colspan=\"2\" align=\"left\" valign=\"middle\">Max. Balken<\/td>\n<td colspan=\"1\" rowspan=\"1\" align=\"center\" valign=\"middle\" width=\"null\">250<\/td>\n<td align=\"center\" valign=\"middle\">450<\/td>\n<\/tr>\n<tr>\n<td rowspan=\"2\" align=\"left\" valign=\"middle\">Min. Bar<\/td>\n<td align=\"left\" valign=\"middle\">Hochdruckseite<\/td>\n<td colspan=\"1\" rowspan=\"1\" align=\"center\" valign=\"middle\" width=\"null\">25<\/td>\n<td align=\"center\" valign=\"middle\">25<\/td>\n<\/tr>\n<tr>\n<td align=\"left\" valign=\"middle\">Niederdruckseite<\/td>\n<td colspan=\"1\" rowspan=\"1\" align=\"center\" valign=\"middle\" width=\"null\">10<\/td>\n<td align=\"center\" valign=\"middle\">10<\/td>\n<\/tr>\n<tr>\n<td colspan=\"3\" rowspan=\"1\" align=\"left\" valign=\"middle\">\u00d6lviskosit\u00e4t (mm<sup>2<\/sup>\/S)<\/td>\n<td colspan=\"2\" rowspan=\"1\" align=\"center\" valign=\"middle\">10\u20131000, Optimaler Bereich: 16\u201336<\/td>\n<\/tr>\n<tr>\n<td colspan=\"3\" align=\"left\" valign=\"middle\">\u00d6ltemperatur (\u2103 )<\/td>\n<td colspan=\"1\" rowspan=\"1\" align=\"center\" valign=\"middle\" width=\"null\">-20~80<\/td>\n<td align=\"center\" valign=\"middle\">-20~95<\/td>\n<\/tr>\n<tr>\n<td colspan=\"3\" align=\"left\" valign=\"middle\">\u00d6lreinheit<\/td>\n<td colspan=\"2\" rowspan=\"1\" align=\"center\" valign=\"middle\">ISO 4406 Klasse 20\/18\/15 oder h\u00f6her<\/td>\n<\/tr>\n<tr>\n<td colspan=\"3\" align=\"left\" valign=\"middle\">Gewicht (kg)<\/td>\n<td colspan=\"1\" rowspan=\"1\" align=\"center\" valign=\"middle\" width=\"null\">25.9<\/td>\n<td align=\"center\" valign=\"middle\">56<\/td>\n<\/tr>\n<\/tbody>\n<\/table>\n<h2><strong>Vorteile der HP21VG-Serie von variablen Doppelhydraulikpumpen mit Taumelscheibe:<\/strong><\/h2>\n<p>\u2022 Axialkolbenpumpe in Taumelscheibenbauweise f\u00fcr Anwendungen mit beweglichen Maschinen wie z. B. Kompaktlader.<br \/>\n\u2022 Kompakte Gr\u00f6\u00dfe, geringer Installationsraum<br \/>\n\u2022 Es k\u00f6nnen verschiedene Steuerungsarten entwickelt werden, wie z. B. hydraulische Steuerung, elektronische Steuerung und manuelle Steuerung.<br \/>\n\u2022 Kombination aus DA-Regelventil und Notabsperrventil usw. (HP21VG45)<br \/>\n\u2022 Nur ein Abflussanschluss wird von zwei Stromkreisen gemeinsam genutzt.<\/p>\n<h2><strong>HP21VG Serie Taumelscheiben-Verstell-Doppelhydraulikpumpen <\/strong><strong>Anwendung:<\/strong><\/h2>\n<p><img loading=\"lazy\" decoding=\"async\" class=\"alignnone wp-image-1958 size-full\" src=\"https:\/\/hydraulic-cylinders.net\/wp-content\/uploads\/2023\/10\/hp21vg-series-swashplate-variable-double-pumps-2.webp\" alt=\"\" width=\"1151\" height=\"226\" srcset=\"https:\/\/hydraulic-cylinders.net\/wp-content\/uploads\/2023\/10\/hp21vg-series-swashplate-variable-double-pumps-2.webp 1151w, https:\/\/hydraulic-cylinders.net\/wp-content\/uploads\/2023\/10\/hp21vg-series-swashplate-variable-double-pumps-2-980x192.webp 980w, https:\/\/hydraulic-cylinders.net\/wp-content\/uploads\/2023\/10\/hp21vg-series-swashplate-variable-double-pumps-2-480x94.webp 480w\" sizes=\"(min-width: 0px) and (max-width: 480px) 480px, (min-width: 481px) and (max-width: 980px) 980px, (min-width: 981px) 1151px, 100vw\" \/><\/p>\n<h2><strong>Anwendungsmethode der HP21VG-Serie Taumelscheiben-Verstell-Doppelhydraulikpumpen<\/strong><strong>:<\/strong><\/h2>\n<ul>\n<li><strong>Pumpeninstallation:<\/strong> W\u00e4hlen Sie einen geeigneten Einbauort im Hydrauliksystem f\u00fcr die HP21VG-Serie von Taumelscheiben-Verstellpumpen. Achten Sie auf die korrekte Ausrichtung und befestigen Sie die Pumpen mithilfe geeigneter Montagehalterungen oder Zubeh\u00f6rteile sicher an der Systemstruktur.<\/li>\n<li><strong>Fl\u00fcssigkeitsvertr\u00e4glichkeit:<\/strong> Vergewissern Sie sich, dass die im System verwendete Hydraulikfl\u00fcssigkeit mit den Pumpen der HP21VG-Serie kompatibel ist. Beachten Sie die Empfehlungen des Herstellers hinsichtlich der geeigneten Fl\u00fcssigkeitsart, Viskosit\u00e4t und des Temperaturbereichs. Kontrollieren und warten Sie die Hydraulikfl\u00fcssigkeit regelm\u00e4\u00dfig, um einen einwandfreien Betrieb und eine lange Lebensdauer der Pumpe zu gew\u00e4hrleisten.<\/li>\n<li><strong>Integration mit dem Hydrauliksystem:<\/strong> Schlie\u00dfen Sie die Pumpen mithilfe kompatibler Schl\u00e4uche, Armaturen und Ventile an das Hydrauliksystem an. Achten Sie darauf, dass alle Verbindungen sicher, dicht und ordnungsgem\u00e4\u00df angezogen sind, um eine optimale Hydraulikleistung zu gew\u00e4hrleisten.<\/li>\n<li><strong>Steuerung und Einstellung:<\/strong> Machen Sie sich mit den Steuerungsm\u00f6glichkeiten der Pumpen der HP21VG-Serie vertraut. Passen Sie den F\u00f6rderwinkel und die Steuerungsparameter der Pumpe an die spezifischen Anforderungen des Hydrauliksystems an. Dies erm\u00f6glicht eine pr\u00e4zise Steuerung der Pumpenleistung und gew\u00e4hrleistet optimale Performance.<\/li>\n<\/ul>\n<h2><strong>Wie misst man einen Hydraulikzylinder?<\/strong><\/h2>\n<p>Die genaue Vermessung eines Hydraulikzylinders ist unerl\u00e4sslich, um die richtigen Ersatz- oder Reparaturteile zu ermitteln. Gehen Sie wie folgt vor, um einen Hydraulikzylinder effektiv zu vermessen:<\/p>\n<ol>\n<li><strong>Bestimmen Sie den Zylindertyp:<\/strong><br \/>\nErmitteln Sie, ob es sich bei dem Hydraulikzylinder um einen einfach- oder doppeltwirkenden Zylinder handelt. Einfachwirkende Zylinder besitzen einen Anschluss f\u00fcr Hydraulikfl\u00fcssigkeit, doppeltwirkende Zylinder hingegen zwei Anschl\u00fcsse.<\/li>\n<li><strong>Messen Sie den Bohrungsdurchmesser:<\/strong><br \/>\nDer Bohrungsdurchmesser bezeichnet den Innendurchmesser des Zylinderlaufs. Gehen Sie wie folgt vor, um ihn zu messen:<\/p>\n<ul>\n<li>Je nach Zylindertyp muss sichergestellt werden, dass der Zylinder vollst\u00e4ndig ein- oder ausgefahren ist.<\/li>\n<li>Verwenden Sie einen Messschieber oder ein Mikrometer, um den Innendurchmesser des Zylinderlaufs zu messen. Nehmen Sie mehrere Messungen an verschiedenen Stellen vor und bilden Sie den Mittelwert, um die Genauigkeit zu gew\u00e4hrleisten.<\/li>\n<li>Notieren Sie den Bohrungsdurchmesser entweder in Zoll oder Millimetern.<\/li>\n<\/ul>\n<\/li>\n<li><strong>Messen Sie den Stangendurchmesser:<\/strong><br \/>\nDer Pleuelstangendurchmesser bezeichnet den Durchmesser der Kolbenstange, die aus dem Zylinder herausragt. So wird er gemessen:<\/p>\n<ul>\n<li>Je nach Zylindertyp muss sichergestellt werden, dass der Zylinder vollst\u00e4ndig ein- oder ausgefahren ist.<\/li>\n<li>Verwenden Sie einen Messschieber oder ein Mikrometer, um den Durchmesser des Stabes zu messen. Nehmen Sie auch hier mehrere Messungen an verschiedenen Stellen vor und bilden Sie den Mittelwert, um ein genaues Ergebnis zu erhalten.<\/li>\n<li>Notieren Sie den Stangendurchmesser entweder in Zoll oder Millimetern.<\/li>\n<\/ul>\n<\/li>\n<li><strong>Bestimmen Sie die Hubl\u00e4nge:<\/strong><br \/>\nDer Hub bezeichnet die gesamte Strecke, die die Kolbenstange im Zylinder zur\u00fccklegen kann. Zur Messung:<\/p>\n<ul>\n<li>Den Zylinder vollst\u00e4ndig ausfahren und den Abstand von der Mitte des Befestigungslochs an einem Ende zur Mitte des Befestigungslochs am anderen Ende messen.<\/li>\n<li>Notieren Sie die Hubl\u00e4nge entweder in Zoll oder Millimetern.<\/li>\n<\/ul>\n<\/li>\n<li><strong>Montageart bestimmen:<\/strong><br \/>\nErmitteln Sie die Befestigungsart des Zylinders, die je nach Anwendung variieren kann. G\u00e4ngige Befestigungsarten sind Flansch-, Gabel-, Zapfen- und Fu\u00dfbefestigung. Notieren Sie sich die genaue Befestigungsart, um die Kompatibilit\u00e4t mit Ersatz- oder Reparaturteilen sicherzustellen.<\/li>\n<li><strong>Zus\u00e4tzliche Spezifikationen beachten:<\/strong><br \/>\nJe nach Art des Hydraulikzylinders k\u00f6nnen weitere Spezifikationen zu beachten sein. Dazu geh\u00f6ren die Gesamtl\u00e4nge des Zylinders, Art und Gr\u00f6\u00dfe der Anschl\u00fcsse sowie etwaige Sonderausstattungen oder Modifikationen.<\/li>\n<\/ol>\n<h2><strong>F\u00e4higkeit und Kapazit\u00e4t der Fabrik:<\/strong><\/h2>\n<h3>(1) Montage<\/h3>\n<p>Wir verf\u00fcgen \u00fcber eine erstklassige, unabh\u00e4ngige Forschungs- und Entwicklungsmontageplattform. Die Hydraulikzylinder-Produktionswerkstatt verf\u00fcgt \u00fcber vier halbautomatische Montagelinien f\u00fcr Hubzylinder und eine automatische Montagelinie f\u00fcr Kippzylinder mit einer geplanten j\u00e4hrlichen Produktionskapazit\u00e4t von 1 Million St\u00fcck. Die Spezialzylinderwerkstatt ist mit verschiedenen Spezifikationen eines halbautomatischen Reinigungsmontagesystems mit einer geplanten j\u00e4hrlichen Produktionskapazit\u00e4t von 200.000 ausgestattet und mit renommierten CNC-Bearbeitungsger\u00e4ten, einem Bearbeitungszentrum, einer hochpr\u00e4zisen Spezialausr\u00fcstung f\u00fcr die Zylinderverarbeitung, einer Roboterschwei\u00dfmaschine, einer automatischen Reinigungsmaschine, einer automatischen Zylindermontagemaschine und einer automatischen Lackierproduktionslinie ausgestattet. Es sind mehr als 300 Sets (S\u00e4tze) an kritischer Ausr\u00fcstung vorhanden. Die optimale Zuweisung und effiziente Nutzung der Ausr\u00fcstungsressourcen gew\u00e4hrleistet die Genauigkeitsanforderungen der Produkte und erf\u00fcllt die hohen Qualit\u00e4tsanforderungen der Produkte.<\/p>\n<p><img loading=\"lazy\" decoding=\"async\" class=\"alignnone wp-image-626\" src=\"https:\/\/hydraulic-cylinders.net\/wp-content\/uploads\/2023\/08\/hydraulic-cylinder-product-1-300x158.webp\" alt=\"\" width=\"495\" height=\"260\" srcset=\"https:\/\/hydraulic-cylinders.net\/wp-content\/uploads\/2023\/08\/hydraulic-cylinder-product-1-300x158.webp 495w, https:\/\/hydraulic-cylinders.net\/wp-content\/uploads\/2023\/08\/hydraulic-cylinder-product-1-480x252.webp 480w\" sizes=\"(min-width: 0px) and (max-width: 480px) 480px, (min-width: 481px) 495px, 100vw\" \/> <img loading=\"lazy\" decoding=\"async\" class=\"alignnone wp-image-627\" src=\"https:\/\/hydraulic-cylinders.net\/wp-content\/uploads\/2023\/08\/hydraulic-cylinder-product-2-300x189.webp\" alt=\"\" width=\"413\" height=\"260\" \/><\/p>\n<h3>(2) Bearbeitungen<\/h3>\n<p>Die Bearbeitungswerkstatt ist mit einem ma\u00dfgeschneiderten Schr\u00e4gschienen-Drehzentrum, einem Bearbeitungszentrum, einer Hochgeschwindigkeits-Honmaschine, einem Schwei\u00dfroboter und anderen zugeh\u00f6rigen Ger\u00e4ten ausgestattet, die die Bearbeitung von Zylinderrohren mit einem maximalen Innendurchmesser von 400 mm und einer maximalen L\u00e4nge von 6 Metern erm\u00f6glichen.<\/p>\n<p><img loading=\"lazy\" decoding=\"async\" class=\"alignnone wp-image-628 size-large\" src=\"https:\/\/hydraulic-cylinders.net\/wp-content\/uploads\/2023\/08\/hydraulic-cylinder-product-3-1024x391.webp\" alt=\"\" width=\"1024\" height=\"391\" srcset=\"https:\/\/hydraulic-cylinders.net\/wp-content\/uploads\/2023\/08\/hydraulic-cylinder-product-3-980x374.webp 980w, https:\/\/hydraulic-cylinders.net\/wp-content\/uploads\/2023\/08\/hydraulic-cylinder-product-3-480x183.webp 480w\" sizes=\"(min-width: 0px) and (max-width: 480px) 480px, (min-width: 481px) and (max-width: 980px) 980px, (min-width: 981px) 1024px, 100vw\" \/><\/p>\n<h3>(3) Schwei\u00dfen<\/h3>\n<p><img loading=\"lazy\" decoding=\"async\" class=\"alignnone wp-image-629 size-large\" src=\"https:\/\/hydraulic-cylinders.net\/wp-content\/uploads\/2023\/08\/hydraulic-cylinder-product-4-1024x510.webp\" alt=\"\" width=\"1024\" height=\"510\" srcset=\"https:\/\/hydraulic-cylinders.net\/wp-content\/uploads\/2023\/08\/hydraulic-cylinder-product-4-980x488.webp 980w, https:\/\/hydraulic-cylinders.net\/wp-content\/uploads\/2023\/08\/hydraulic-cylinder-product-4-480x239.webp 480w\" sizes=\"(min-width: 0px) and (max-width: 480px) 480px, (min-width: 481px) and (max-width: 980px) 980px, (min-width: 981px) 1024px, 100vw\" \/><\/p>\n<h3>(4) Malerei und Beschichtung<\/h3>\n<p>Mit kleinen und mittleren Zylinder automatische Lackieranlagen auf Wasserbasis, zu erreichen automatische Roboter Be-und Entladen und automatische Spritzen, die Design-Kapazit\u00e4t von 4000 St\u00fcck pro Schicht;<br \/>\nWir verf\u00fcgen auch \u00fcber eine halbautomatische Lackieranlage f\u00fcr gro\u00dfe Zylinder, die von einer Energiekette angetrieben wird und eine Kapazit\u00e4t von 60 Kisten pro Schicht hat.<\/p>\n<p><img loading=\"lazy\" decoding=\"async\" class=\"alignnone wp-image-630\" src=\"https:\/\/hydraulic-cylinders.net\/wp-content\/uploads\/2023\/08\/hydraulic-cylinder-product-5-300x213.webp\" alt=\"\" width=\"366\" height=\"260\" \/> <img loading=\"lazy\" decoding=\"async\" class=\"alignnone wp-image-631\" src=\"https:\/\/hydraulic-cylinders.net\/wp-content\/uploads\/2023\/08\/hydraulic-cylinder-product-6-300x225.webp\" alt=\"\" width=\"347\" height=\"260\" \/><\/p>\n<h3>(5) Pr\u00fcfung<\/h3>\n<p>Wir verf\u00fcgen \u00fcber erstklassige Pr\u00fcfeinrichtungen und Pr\u00fcfst\u00e4nde, um sicherzustellen, dass die Leistung des Zylinders den Anforderungen entspricht.<\/p>\n<p><img loading=\"lazy\" decoding=\"async\" class=\"alignnone wp-image-632\" src=\"https:\/\/hydraulic-cylinders.net\/wp-content\/uploads\/2023\/08\/hydraulic-cylinder-product-8-300x200.webp\" alt=\"\" width=\"389\" height=\"260\" \/><\/p>\n<p>&nbsp;<\/p>\n<p>&nbsp;<\/p>\n<p>Wir sind einer der besten Hydraulikzylinderhersteller. Wir k\u00f6nnen umfassende Hydraulikzylinder anbieten. Wir bieten auch entsprechende <a href=\"https:\/\/hzpt.com\/agricultural-pto-gearbox\/\" target=\"_blank\" rel=\"noopener\">landwirtschaftliche Getriebe<\/a>. Wir haben unsere Produkte an Kunden weltweit exportiert und uns aufgrund unserer hervorragenden Produktqualit\u00e4t und unseres Kundendienstes einen guten Ruf erworben. Wir begr\u00fc\u00dfen Kunden im In- und Ausland, die uns kontaktieren, um Gesch\u00e4fte zu verhandeln, Informationen auszutauschen und <a href=\"https:\/\/www.hydraulic-cylinders.net\/de\/contact-us\/\">mit uns zusammenarbeiten<\/a>!<\/p>\n<p>&nbsp;<\/p>","protected":false},"excerpt":{"rendered":"<p>HP21VG Series Swashplate Variable Double Hydraulic Pumps The HP21VG series swashplate variable double hydraulic pumps are innovative and high-performance hydraulic pumps designed to meet the demanding requirements of modern hydraulic systems. With advanced technology and exceptional features, these pumps deliver precise control, superior power transmission, and optimal energy efficiency. This article will delve into the [&hellip;]<\/p>","protected":false},"featured_media":1957,"comment_status":"open","ping_status":"closed","template":"","meta":{"_et_pb_use_builder":"","_et_pb_old_content":"","_et_gb_content_width":""},"product_brand":[],"product_cat":[1425],"product_tag":[1426],"class_list":{"0":"post-1926","1":"product","2":"type-product","3":"status-publish","4":"has-post-thumbnail","6":"product_cat-piston-pump","7":"product_tag-hydraulic-pump","9":"first","10":"instock","11":"shipping-taxable","12":"product-type-simple"},"amp_enabled":true,"_links":{"self":[{"href":"https:\/\/www.hydraulic-cylinders.net\/de\/wp-json\/wp\/v2\/product\/1926","targetHints":{"allow":["GET"]}}],"collection":[{"href":"https:\/\/www.hydraulic-cylinders.net\/de\/wp-json\/wp\/v2\/product"}],"about":[{"href":"https:\/\/www.hydraulic-cylinders.net\/de\/wp-json\/wp\/v2\/types\/product"}],"replies":[{"embeddable":true,"href":"https:\/\/www.hydraulic-cylinders.net\/de\/wp-json\/wp\/v2\/comments?post=1926"}],"wp:featuredmedia":[{"embeddable":true,"href":"https:\/\/www.hydraulic-cylinders.net\/de\/wp-json\/wp\/v2\/media\/1957"}],"wp:attachment":[{"href":"https:\/\/www.hydraulic-cylinders.net\/de\/wp-json\/wp\/v2\/media?parent=1926"}],"wp:term":[{"taxonomy":"product_brand","embeddable":true,"href":"https:\/\/www.hydraulic-cylinders.net\/de\/wp-json\/wp\/v2\/product_brand?post=1926"},{"taxonomy":"product_cat","embeddable":true,"href":"https:\/\/www.hydraulic-cylinders.net\/de\/wp-json\/wp\/v2\/product_cat?post=1926"},{"taxonomy":"product_tag","embeddable":true,"href":"https:\/\/www.hydraulic-cylinders.net\/de\/wp-json\/wp\/v2\/product_tag?post=1926"}],"curies":[{"name":"wp","href":"https:\/\/api.w.org\/{rel}","templated":true}]}}