{"id":19265,"date":"2025-04-07T06:23:46","date_gmt":"2025-04-07T06:23:46","guid":{"rendered":"https:\/\/www.hydraulic-cylinders.net\/product\/boom-cylinder-for-lishide-large-excavator-sc360-8\/"},"modified":"2025-04-07T06:23:49","modified_gmt":"2025-04-07T06:23:49","slug":"boom-cylinder-for-lishide-large-excavator-sc360-8","status":"publish","type":"product","link":"https:\/\/www.hydraulic-cylinders.net\/de\/produkt\/boom-cylinder-for-lishide-large-excavator-sc360-8\/","title":{"rendered":"Auslegerzylinder f\u00fcr Lishide Gro\u00dfbagger SC360.8"},"content":{"rendered":"<h1>Auslegerzylinder f\u00fcr Lishide Gro\u00dfbagger SC360.8<\/h1>\n<h2>Produkt\u00fcbersicht<\/h2>\n<p>Der Auslegerzylinder f\u00fcr den Lishide Gro\u00dfbagger SC360.8 ist ein spezieller Hydraulikzylinder zur Steuerung der Auslegerbewegung. Diese Zylinder spielen eine entscheidende Rolle in Hydrauliksystemen und erm\u00f6glichen den effektiven Einsatz schwerer Baumaschinen auf Baustellen. Sie erm\u00f6glichen das Heben, Senken und Neigen des Auslegers und erleichtern so diverse Materialtransportaufgaben, die f\u00fcr Bau- und Aushubprojekte unerl\u00e4sslich sind.<\/p>\n<p>Hydraulikzylinder, wie beispielsweise der Schaufelzylinder, sind f\u00fcr den reibungslosen Betrieb von Baumaschinen unerl\u00e4sslich. Diese Art von Hydraulikzylinder ist speziell f\u00fcr die Steuerung der Schaufelbewegung an Baggern, Baggerladern und Radladern entwickelt. Sie liefern die notwendige Kraft zum Man\u00f6vrieren der Schaufel und erm\u00f6glichen so effizientes und effektives Graben, Heben und Transportieren von Materialien.<\/p>\n<p><img decoding=\"async\" src=\"https:\/\/www.hydraulic-cylinders.net\/wp-content\/uploads\/2025\/04\/songte-company-1.webp\" alt=\"Auslegerzylinder f\u00fcr Lishide Gro\u00dfbagger SC360.8\"\/><\/p>\n<h2>Hauptmerkmale<\/h2>\n<ul>\n<li>\n<h3>Hohe Festigkeit und Haltbarkeit<\/h3>\n<p>Diese aus hochfestem Stahl oder Aluminium gefertigten Zylinder halten hohen Dr\u00fccken und schweren Belastungen stand und eignen sich f\u00fcr raue Arbeitsumgebungen. Ihre Konstruktion ber\u00fccksichtigt Verschlei\u00dffestigkeit und Korrosionsbest\u00e4ndigkeit, was ihre Lebensdauer deutlich verl\u00e4ngert.<\/p>\n<\/li>\n<li>\n<h3>Effizienter Hydraulikbetrieb<\/h3>\n<p>Durch die Nutzung des Hydraulik\u00f6ldrucks erm\u00f6glicht der Auslegerzylinder ein sanftes Aus- und Einfahren und reagiert schnell auf die Befehle des Bedieners. Gleichzeitig bietet er eine hohe Schub- und Zugkraft und eignet sich perfekt f\u00fcr die Bew\u00e4ltigung schwerer und komplexer Aufgaben.<\/p>\n<\/li>\n<li>\n<h3>Verschiedene Typen<\/h3>\n<p>Diese Zylinder sind in einfachwirkender (einseitig wirkender) oder doppeltwirkender (beidseitig wirkender) Ausf\u00fchrung erh\u00e4ltlich und lassen sich an spezifische Betriebsanforderungen anpassen. Einige Modelle sind teleskopierbar und erm\u00f6glichen so eine gr\u00f6\u00dfere Auszugsl\u00e4nge ohne Vergr\u00f6\u00dferung der Au\u00dfenabmessungen \u2013 ideal f\u00fcr beengte Platzverh\u00e4ltnisse.<\/p>\n<\/li>\n<\/ul>\n<p>Unser Unternehmen ist auf die Herstellung dieses Produkts spezialisiert und bietet perfekte Ersatzteile f\u00fcr verschiedene Hydraulikzylinder an.<\/p>\n<p><img decoding=\"async\" src=\"https:\/\/www.hydraulic-cylinders.net\/wp-content\/uploads\/2025\/04\/songte-cylinder-head-with-all-kinds-excavator-models.webp\" alt=\"Hydraulikzylinderkopf\"\/><\/p>\n<h2>Anwendungsszenarien<\/h2>\n<ul>\n<li>\n<h3>Baumaschinen<\/h3>\n<p>Bei Baggern sind die Auslegerzylinder unerl\u00e4sslich zum Graben, Laden und Bewegen von Erde oder Bauschutt. Sie liefern die notwendige Kraft, damit die Maschine diese Aufgaben effizient ausf\u00fchren kann. Bei Baggerladern unterst\u00fctzen sie sowohl das Graben als auch das Heben und gew\u00e4hrleisten so vielseitige Einsatzm\u00f6glichkeiten.<\/p>\n<\/li>\n<li>\n<h3>Landmaschinen<\/h3>\n<p>Diese in Frontladern eingesetzten Zylinder erleichtern das Schaufeln, Anheben und Transportieren von Erde, Heu und anderen Materialien. Ihre hohe Leistungsf\u00e4higkeit und Zuverl\u00e4ssigkeit gew\u00e4hrleisten einen reibungslosen Ablauf der landwirtschaftlichen Arbeiten und steigern so die Produktivit\u00e4t des Betriebs.<\/p>\n<\/li>\n<li>\n<h3>Aushubprojekte<\/h3>\n<p>Bei Baggern erm\u00f6glicht der Auslegerzylinder dem L\u00f6ffel ein effektives Eindringen in den Boden und erleichtert so den Aushubvorgang. Diese Funktionalit\u00e4t ist unerl\u00e4sslich f\u00fcr Bau- und Landschaftsbauprojekte, bei denen pr\u00e4zises und kraftvolles Graben erforderlich ist.<\/p>\n<\/li>\n<li>\n<h3>Lader<\/h3>\n<p>Bei Frontladern unterst\u00fctzen diese Zylinder das effiziente Heben und Abladen von Lasten. Ihre robuste Konstruktion gew\u00e4hrleistet die Handhabung schwerer Materialien ohne Beeintr\u00e4chtigung der Maschinenleistung und macht sie somit in verschiedenen Branchen unverzichtbar.<\/p>\n<\/li>\n<\/ul>\n<h2>Design\u00fcberlegungen und Auswahlkriterien<\/h2>\n<ul>\n<li>\n<h3>Tragf\u00e4higkeit<\/h3>\n<p>Eines der wichtigsten Kriterien bei der Auswahl eines Auslegerzylinders ist seine Tragf\u00e4higkeit. Er muss das maximale Gewicht, das im Betrieb auftreten kann, tragen k\u00f6nnen. Ein Zylinder, der diese Lasten nicht aush\u00e4lt, birgt die Gefahr des Versagens, was zu kostspieligen Reparaturen und Ausfallzeiten f\u00fchrt. Ingenieure m\u00fcssen die zu erwartenden Lasten pr\u00e4zise berechnen und Zylinder ausw\u00e4hlen, die diese Spezifikationen \u00fcbertreffen, um Sicherheit und Zuverl\u00e4ssigkeit zu gew\u00e4hrleisten.<\/p>\n<\/li>\n<li>\n<h3>Dichtungsintegrit\u00e4t<\/h3>\n<p>Eine effektive Abdichtung ist entscheidend f\u00fcr die Leistung und Lebensdauer von Hydraulikzylindern. Hochwertige Dichtungen verhindern das Austreten von Hydraulikfl\u00fcssigkeit und halten den Druck im System aufrecht. Diese Dichtheit ist unerl\u00e4sslich f\u00fcr die Effizienz und Betriebssicherheit des Zylinders. Der Einsatz moderner Dichtungsmaterialien kann die Haltbarkeit und Verschlei\u00dffestigkeit verbessern und somit die Lebensdauer des Zylinders verl\u00e4ngern.<\/p>\n<\/li>\n<li>\n<h3>Haltbarkeit<\/h3>\n<p>Aufgrund der rauen Einsatzbedingungen von Hydraulikzylindern ist Langlebigkeit ein entscheidender Faktor. Sie sind h\u00e4ufig extremen Temperaturen, Feuchtigkeit und Verunreinigungen ausgesetzt. Die Auswahl von Materialien und Konstruktionen, die diesen Bedingungen standhalten, reduziert die Wartungskosten erheblich und verl\u00e4ngert die Lebensdauer. Regelm\u00e4\u00dfige \u00dcberpr\u00fcfungen helfen, Verschlei\u00df fr\u00fchzeitig zu erkennen und so schwerwiegende Ausf\u00e4lle zu verhindern.<\/p>\n<\/li>\n<li>\n<h3>Sicherheitsfunktionen<\/h3>\n<p>Sicherheit hat bei der Konstruktion von Hydraulikzylindern h\u00f6chste Priorit\u00e4t. Der Einsatz von Sicherheitsvorrichtungen wie Druckbegrenzungsventilen und Sicherheitsverriegelungen verhindert unbeabsichtigte Bet\u00e4tigung und gew\u00e4hrleistet die Sicherheit des Bedieners. Hersteller m\u00fcssen strenge Sicherheitsstandards einhalten, um die mit Hydraulikmaschinen verbundenen Risiken zu minimieren.<\/p>\n<\/li>\n<li>\n<h3>Wartungszug\u00e4nglichkeit<\/h3>\n<p>Wartungsfreundlichkeit ist ein entscheidender Konstruktionsaspekt. Hydraulikzylinder sollten eine einfache Inspektion, Schmierung und den Austausch von Dichtungen und Bauteilen erm\u00f6glichen. Eine Konstruktion, die eine schnelle und effiziente Wartung gew\u00e4hrleistet, minimiert Anlagenstillstandszeiten und verl\u00e4ngert Wartungsintervalle, wodurch ein reibungsloser Betrieb sichergestellt wird.<\/p>\n<\/li>\n<\/ul>\n<p><img decoding=\"async\" src=\"https:\/\/www.hydraulic-cylinders.net\/wp-content\/uploads\/2025\/04\/songte-oil-pipes-and-spare-parts.webp\" alt=\"Hydraulik\u00f6lleitungen und Ersatzteile\"\/><\/p>\n<h2>Abdichtung und Schmierung<\/h2>\n<p>F\u00fcr den einwandfreien Betrieb von Hydraulikzylindern sind eine ordnungsgem\u00e4\u00dfe Abdichtung und Schmierung unerl\u00e4sslich. Verschiedene Dichtungskomponenten, wie Kolben- und Stangendichtungen, dienen der Aufrechterhaltung des Systemdrucks und verhindern Fl\u00fcssigkeitsverluste. Dichtungen aus langlebigen Materialien wie Polyurethan und Nitrilkautschuk werden aufgrund ihrer Verschlei\u00dffestigkeit bevorzugt. Zylinderk\u00f6rper und Gewindeenden werden pr\u00e4zise bearbeitet, um die Verschlei\u00dffestigkeit zu erh\u00f6hen, was f\u00fcr eine lange Lebensdauer entscheidend ist.<\/p>\n<p>Regelm\u00e4\u00dfige Schmierung ist f\u00fcr einen reibungslosen Betrieb unerl\u00e4sslich. Das periodische Nachf\u00fcllen des geeigneten Hydraulik\u00f6ls reduziert Reibung und Verschlei\u00df an beweglichen Teilen und gew\u00e4hrleistet so eine optimale Leistung. Wird die Schmierung vernachl\u00e4ssigt, kann dies zu vorzeitigem Verschlei\u00df und Ausfall des Hydrauliksystems f\u00fchren und kostspielige Reparaturen nach sich ziehen.<\/p>\n<h2>Vorbeugende Wartungsma\u00dfnahmen<\/h2>\n<ul>\n<li>\n<h3>Regelm\u00e4\u00dfige Inspektion<\/h3>\n<p>Regelm\u00e4\u00dfige Inspektionen sind unerl\u00e4sslich, um potenzielle Probleme fr\u00fchzeitig zu erkennen. Achten Sie auf Anzeichen von Verschlei\u00df, Leckagen oder Funktionsst\u00f6rungen. Durch die Planung dieser Inspektionen k\u00f6nnen Sie verhindern, dass sich kleinere Probleme zu schwerwiegenden Ausf\u00e4llen ausweiten, die den Betrieb lahmlegen k\u00f6nnten.<\/p>\n<\/li>\n<li>\n<h3>Geeignete Schmierung<\/h3>\n<p>Die regelm\u00e4\u00dfige Schmierung des Hydraulikzylinders ist f\u00fcr seine Funktionsf\u00e4higkeit entscheidend. Verwenden Sie das empfohlene Hydraulik\u00f6l und beachten Sie die Schmierintervalle gem\u00e4\u00df den Herstellerangaben. Eine gleichm\u00e4\u00dfige Schmierung reduziert die Reibung und verl\u00e4ngert die Lebensdauer des Zylinders.<\/p>\n<\/li>\n<li>\n<h3>Dichtungsaustausch und Kalibrierungspr\u00fcfungen<\/h3>\n<p>Die Dichtungen sollten im Rahmen der regelm\u00e4\u00dfigen Wartung ausgetauscht werden. Mit der Zeit k\u00f6nnen sie verschlei\u00dfen und die Integrit\u00e4t des Hydrauliksystems beeintr\u00e4chtigen. Zus\u00e4tzlich sollten Kalibrierungspr\u00fcfungen durchgef\u00fchrt werden, um sicherzustellen, dass der Zylinder innerhalb der vorgegebenen Parameter arbeitet und somit Sicherheit und Effizienz gew\u00e4hrleistet sind.<\/p>\n<\/li>\n<\/ul>\n<h2>Richtlinien f\u00fcr die ordnungsgem\u00e4\u00dfe Installation<\/h2>\n<p>Die korrekte Montage eines Auslegerzylinders ist entscheidend f\u00fcr seine Leistung und Lebensdauer. Achten Sie auf die korrekte Ausrichtung des Zylinders zur Maschine, um unn\u00f6tige Belastungen der Bauteile zu vermeiden. Es wird empfohlen, geeignete Montagehalterungen zu verwenden, um den Zylinder sicher zu befestigen.<\/p>\n<p>Pr\u00fcfen Sie den Zylinder vor der Montage auf Besch\u00e4digungen. Reinigen Sie alle Montagefl\u00e4chen und tragen Sie eine d\u00fcnne Fettschicht auf, um Fressen zu verhindern. Ziehen Sie die Befestigungsschrauben gleichm\u00e4\u00dfig mit dem vom Hersteller vorgegebenen Drehmoment fest, um einen sicheren Sitz zu gew\u00e4hrleisten. Testen Sie nach der Montage die Funktion des Zylinders bei niedrigem Druck, um die korrekte Ausrichtung und Funktion zu \u00fcberpr\u00fcfen, bevor Sie ihn mit dem vollen Betriebsdruck betreiben.<\/p>\n<h2>Wartungsaufgaben<\/h2>\n<ul>\n<li>\n<h3>Regelm\u00e4\u00dfige Kontrollen<\/h3>\n<p>F\u00fchren Sie regelm\u00e4\u00dfige Kontrollen durch, um den Zustand des Hydraulikzylinders zu \u00fcberwachen. Achten Sie auf Leckagen, Verschlei\u00dferscheinungen und ungew\u00f6hnliche Ger\u00e4usche im Betrieb. Die fr\u00fchzeitige Erkennung potenzieller Probleme spart Zeit und Geld, da teure Reparaturen vermieden werden.<\/p>\n<\/li>\n<li>\n<h3>Richtige Schmierung<\/h3>\n<p>Stellen Sie sicher, dass der Zylinder gem\u00e4\u00df den Herstellerempfehlungen ausreichend geschmiert ist. Die Schmierung reduziert Reibung und Verschlei\u00df an beweglichen Teilen und tr\u00e4gt so zur Gesamteffizienz und Lebensdauer des Zylinders bei.<\/p>\n<\/li>\n<li>\n<h3>Dichtungswechsel<\/h3>\n<p>Um die Systemintegrit\u00e4t zu gew\u00e4hrleisten, sollten Dichtungen regelm\u00e4\u00dfig ausgetauscht werden. Abgenutzte Dichtungen k\u00f6nnen zu Leckagen und Druckverlust f\u00fchren und die Leistung beeintr\u00e4chtigen. Planen Sie den Dichtungsaustausch als Teil Ihrer routinem\u00e4\u00dfigen Wartung ein, um Ausf\u00e4lle zu vermeiden.<\/p>\n<\/li>\n<\/ul>\n<p><img decoding=\"async\" src=\"https:\/\/www.hydraulic-cylinders.net\/wp-content\/uploads\/2025\/04\/songte-chushion-collar.webp\" alt=\"Kissenkragen\"\/><\/p>\n<h2>Sicherheitsaspekte und Umweltfaktoren<\/h2>\n<p>Bei der Verwendung von Hydraulikzylindern hat die Sicherheit h\u00f6chste Priorit\u00e4t. Die Bediener sollten in sicheren Handhabungs- und Bedienungspraktiken geschult werden, um Unf\u00e4lle zu vermeiden. Regelm\u00e4\u00dfige Sicherheits\u00fcberpr\u00fcfungen helfen, potenzielle Gefahren zu erkennen und Korrekturma\u00dfnahmen einzuleiten. Zus\u00e4tzlich sind Umweltfaktoren wie L\u00e4rm und Fl\u00fcssigkeitsverluste zu ber\u00fccksichtigen. Der Einsatz biologisch abbaubarer Hydraulikfl\u00fcssigkeiten minimiert die Umweltbelastung und f\u00f6rdert die Nachhaltigkeit.<\/p>\n<h2>Fehlerdiagnose und h\u00e4ufige Probleme<\/h2>\n<ul>\n<li>\n<h3>Leckageprobleme<\/h3>\n<p>Undichtigkeiten geh\u00f6ren zu den h\u00e4ufigsten Problemen bei Hydraulikzylindern. Sie k\u00f6nnen durch verschlissene Dichtungen, besch\u00e4digte Bauteile oder unsachgem\u00e4\u00dfe Installation verursacht werden. Zur Diagnose von Leckagen muss der Zylinder auf sichtbare Anzeichen von Fl\u00fcssigkeitsverlust untersucht und die zugrunde liegende Ursache umgehend behoben werden.<\/p>\n<\/li>\n<li>\n<h3>Leistungsverschlechterung<\/h3>\n<p>L\u00e4sst sich der Zylinder nicht reibungslos aus- oder einfahren, kann dies auf ein Problem wie unzureichende Schmierung oder Verunreinigungen im Hydraulik\u00f6l hinweisen. Regelm\u00e4\u00dfige Wartung und \u00dcberwachung der Hydraulik\u00f6lqualit\u00e4t k\u00f6nnen Funktionsst\u00f6rungen vorbeugen.<\/p>\n<\/li>\n<li>\n<h3>\u00fcberm\u00e4\u00dfiger L\u00e4rm<\/h3>\n<p>Ungew\u00f6hnliche Betriebsger\u00e4usche k\u00f6nnen auf Probleme wie Kavitation, Luft im Hydrauliksystem oder mechanischen Verschlei\u00df hinweisen. Die Identifizierung und Behebung der Ger\u00e4uschquelle ist entscheidend f\u00fcr die Langlebigkeit und Leistungsf\u00e4higkeit des Zylinders.<\/p>\n<\/li>\n<\/ul>\n<h2>Tipps zur Fehlerbehebung<\/h2>\n<p>Um Probleme mit Hydraulikzylindern effektiv zu diagnostizieren und zu beheben, beachten Sie folgende Tipps: Pr\u00fcfen Sie regelm\u00e4\u00dfig auf Leckagen und stellen Sie sicher, dass die Dichtungen in einwandfreiem Zustand sind. \u00dcberwachen Sie die Leistung und achten Sie auf ungew\u00f6hnliche Ger\u00e4usche. Gehen Sie auf auftretende Probleme umgehend ein. F\u00fchren Sie vorbeugende Ma\u00dfnahmen wie regelm\u00e4\u00dfige Wartung und Inspektionen durch, um das Risiko zuk\u00fcnftiger Probleme zu minimieren. Dieser proaktive Ansatz kann Ausfallzeiten und Reparaturkosten deutlich reduzieren.<\/p>\n<p><img decoding=\"async\" src=\"https:\/\/www.hydraulic-cylinders.net\/wp-content\/uploads\/2025\/04\/songte-bushings-with-all-kinds-of-excavator-models.webp\" alt=\"Buchsen f\u00fcr Baggermodelle\"\/><\/p>\n<h2>\u00dcber unser Unternehmen<\/h2>\n<p>Wir sind ein f\u00fchrender Hersteller von Hydraulikzylindern als Ersatzteil und bieten ein umfassendes Produktsortiment f\u00fcr den nationalen und internationalen Markt. Unser Streben nach Exzellenz spiegelt sich in unseren sorgf\u00e4ltigen Fertigungsprozessen wider, die durch moderne Anlagen und qualifizierte Mitarbeiter unterst\u00fctzt werden.<\/p>\n<p>Unser Unternehmen legt gr\u00f6\u00dften Wert auf Qualit\u00e4t und setzt modernste Anlagen sowie strenge Testverfahren ein, um sicherzustellen, dass unsere Produkte den Branchenstandards entsprechen. Wir bieten ma\u00dfgeschneiderte Dienstleistungen, um die spezifischen Bed\u00fcrfnisse unserer Kunden zu erf\u00fcllen und so Zufriedenheit und Zuverl\u00e4ssigkeit in allen Bereichen unserer T\u00e4tigkeit zu gew\u00e4hrleisten.<\/p>\n<p>Dar\u00fcber hinaus ist unser Kundendienst darauf ausgelegt, unsere Kunden kontinuierlich zu unterst\u00fctzen und so das Nutzererlebnis insgesamt zu verbessern. Mit Fokus auf Professionalit\u00e4t, internationalen Zertifizierungen und innovativen L\u00f6sungen streben wir danach, die Erwartungen unserer Kunden in jedem Projekt zu \u00fcbertreffen.<\/p>\n<p><img decoding=\"async\" src=\"https:\/\/www.hydraulic-cylinders.net\/wp-content\/uploads\/2025\/04\/songte-company-4.webp\" alt=\"Unternehmens\u00fcbersicht\"\/><br \/>\n<img decoding=\"async\" src=\"https:\/\/www.hydraulic-cylinders.net\/wp-content\/uploads\/2025\/04\/songte-company-3.webp\" alt=\"Fertigungsexzellenz\"\/><\/p>\n<p>Autor: lyl<\/p>","protected":false},"excerpt":{"rendered":"<p>Boom Cylinder For Lishide Large Excavator SC360.8 Product Overview The Boom Cylinder for Lishide Large Excavator SC360.8 is a specialized hydraulic cylinder designed to control the movement of the excavator&#8217;s boom. These cylinders play a crucial role in hydraulic systems, allowing heavy machinery to perform effectively on job sites. They enable the boom to lift, [&hellip;]<\/p>","protected":false},"featured_media":17875,"comment_status":"open","ping_status":"closed","template":"","meta":{"_et_pb_use_builder":"","_et_pb_old_content":"","_et_gb_content_width":""},"product_brand":[],"product_cat":[1546],"product_tag":[1547,1496],"class_list":{"0":"post-19265","1":"product","2":"type-product","3":"status-publish","4":"has-post-thumbnail","6":"product_cat-boom-cylinders","7":"product_tag-boom-cylinders","8":"product_tag-hydraulic-cylinders","10":"first","11":"instock","12":"shipping-taxable","13":"product-type-simple"},"amp_enabled":true,"_links":{"self":[{"href":"https:\/\/www.hydraulic-cylinders.net\/de\/wp-json\/wp\/v2\/product\/19265","targetHints":{"allow":["GET"]}}],"collection":[{"href":"https:\/\/www.hydraulic-cylinders.net\/de\/wp-json\/wp\/v2\/product"}],"about":[{"href":"https:\/\/www.hydraulic-cylinders.net\/de\/wp-json\/wp\/v2\/types\/product"}],"replies":[{"embeddable":true,"href":"https:\/\/www.hydraulic-cylinders.net\/de\/wp-json\/wp\/v2\/comments?post=19265"}],"wp:featuredmedia":[{"embeddable":true,"href":"https:\/\/www.hydraulic-cylinders.net\/de\/wp-json\/wp\/v2\/media\/17875"}],"wp:attachment":[{"href":"https:\/\/www.hydraulic-cylinders.net\/de\/wp-json\/wp\/v2\/media?parent=19265"}],"wp:term":[{"taxonomy":"product_brand","embeddable":true,"href":"https:\/\/www.hydraulic-cylinders.net\/de\/wp-json\/wp\/v2\/product_brand?post=19265"},{"taxonomy":"product_cat","embeddable":true,"href":"https:\/\/www.hydraulic-cylinders.net\/de\/wp-json\/wp\/v2\/product_cat?post=19265"},{"taxonomy":"product_tag","embeddable":true,"href":"https:\/\/www.hydraulic-cylinders.net\/de\/wp-json\/wp\/v2\/product_tag?post=19265"}],"curies":[{"name":"wp","href":"https:\/\/api.w.org\/{rel}","templated":true}]}}