{"id":19318,"date":"2025-04-07T06:26:43","date_gmt":"2025-04-07T06:26:43","guid":{"rendered":"https:\/\/www.hydraulic-cylinders.net\/product\/boom-cylinder-for-xgma-middle-excavator-xg822el\/"},"modified":"2025-04-07T06:26:45","modified_gmt":"2025-04-07T06:26:45","slug":"boom-cylinder-for-xgma-middle-excavator-xg822el","status":"publish","type":"product","link":"https:\/\/www.hydraulic-cylinders.net\/de\/produkt\/boom-cylinder-for-xgma-middle-excavator-xg822el\/","title":{"rendered":"Auslegerzylinder f\u00fcr XGMA Mittelbagger XG822EL"},"content":{"rendered":"<h1>Auslegerzylinder f\u00fcr XGMA Mittelbagger XG822EL<\/h1>\n<h2>Produkt\u00fcbersicht<\/h2>\n<p>Der Auslegerzylinder f\u00fcr den XGMA-Mittelbagger XG822EL ist eine entscheidende Komponente des Hydrauliksystems. Dieser Hydraulikzylinder wurde speziell f\u00fcr die Steuerung der Auslegerbewegung entwickelt und erm\u00f6glicht so das effiziente Heben, Senken und Neigen der Schaufel. Er spielt eine wichtige Rolle bei der Materialhandhabung und ist daher f\u00fcr den Einsatz schwerer Baumaschinen unverzichtbar.<\/p>\n<p><img decoding=\"async\" src=\"https:\/\/www.hydraulic-cylinders.net\/wp-content\/uploads\/2025\/04\/songte-company-1.webp\" alt=\"Auslegerzylinder f\u00fcr Bagger\"><\/p>\n<h3>Definition und Funktionalit\u00e4t<\/h3>\n<p>Der Auslegerzylinder ist ein Hydraulikzylinder, der die Bewegung des Auslegers in verschiedenen Baumaschinen wie Baggern, Baggerladern und Radladern steuert. Durch den Hydraulikdruck erm\u00f6glicht er dem Ausleger wichtige Arbeitsvorg\u00e4nge wie Graben, Laden und Transportieren von Material. Die Konstruktion des Auslegerzylinders gew\u00e4hrleistet einen reibungslosen und effizienten Betrieb und erm\u00f6glicht eine pr\u00e4zise Steuerung auch bei anspruchsvollen Aufgaben.<\/p>\n<h2>Produkteigenschaften<\/h2>\n<ul>\n<li><strong>Hohe Festigkeit und Haltbarkeit:<\/strong> Der aus hochfestem Stahl oder Aluminium gefertigte Auslegerzylinder ist f\u00fcr hohen Druck und schwere Lasten ausgelegt. Er ist so konstruiert, dass er auch unter rauen Arbeitsbedingungen zuverl\u00e4ssig funktioniert, wobei besonderer Wert auf Verschlei\u00dffestigkeit und Korrosionsschutz gelegt wurde, um seine Lebensdauer zu verl\u00e4ngern.<\/li>\n<li><strong>Effizienter Hydraulikbetrieb:<\/strong> Der Zylinder nutzt den Druck von Hydraulik\u00f6l f\u00fcr eine reibungslose Teleskopierbewegung und reagiert schnell auf die Befehle des Bedieners, w\u00e4hrend er gleichzeitig kraftvolle Schub- und Zugkr\u00e4fte liefert, um schwere und komplexe Aufgaben zu bew\u00e4ltigen.<\/li>\n<li><strong>Verschiedene Typen:<\/strong> Der Auslegerzylinder ist in einfachwirkender (einseitig wirkender) oder doppeltwirkender (beidseitig wirkender) Ausf\u00fchrung erh\u00e4ltlich und kann je nach Einsatzbedarf ausgew\u00e4hlt werden. Einige Modelle verf\u00fcgen \u00fcber eine Teleskopkonstruktion, die eine gr\u00f6\u00dfere Ausladung ohne Vergr\u00f6\u00dferung der Au\u00dfenabmessungen erm\u00f6glicht \u2013 ideal f\u00fcr Anwendungen mit beengten Platzverh\u00e4ltnissen.<\/li>\n<li><strong>Sonderanfertigungen:<\/strong> Unsere Produkte sind bestens geeignet, verschiedene Hydraulikzylinder durch \u00fcberlegene Qualit\u00e4t und Leistung zu ersetzen und gew\u00e4hrleisten die Kompatibilit\u00e4t mit mehreren Baggermodellen.<\/li>\n<li><strong>Vielseitige Anwendungen:<\/strong> Der Auslegerzylinder ist f\u00fcr verschiedene Maschinen geeignet und steigert so die Gesamteffizienz in zahlreichen Branchen.<\/li>\n<\/ul>\n<p><img decoding=\"async\" src=\"https:\/\/www.hydraulic-cylinders.net\/wp-content\/uploads\/2025\/04\/songte-cylinder-head-with-all-kinds-excavator-models.webp\" alt=\"Zylinderkopf f\u00fcr Baggermodelle\"><\/p>\n<h2>Anwendungsszenarien<\/h2>\n<h3>Baumaschinen<\/h3>\n<p>Bei Baumaschinen sind Auslegerzylinder f\u00fcr Bagger unverzichtbar, da sie das effiziente Graben, Laden und Bewegen von Erde oder Bauschutt erm\u00f6glichen. Ihre Konstruktion sorgt f\u00fcr optimale Hubh\u00f6he und Reichweite und erleichtert so Aufgaben vom Grabenbau bis zur Landschaftsgestaltung. Bei Baggerladern unterst\u00fctzt der Auslegerzylinder sowohl Aushub- als auch Hebearbeiten und maximiert so die Betriebseffizienz.<\/p>\n<h3>Landmaschinen<\/h3>\n<p>Bei Landmaschinen wie Frontladern werden Auslegerzylinder zum Schaufeln, Anheben und Transportieren von Erde, Heu und anderen Materialien eingesetzt. Ihre St\u00e4rke und Zuverl\u00e4ssigkeit gew\u00e4hrleisten, dass Landwirte sich bei verschiedenen Aufgaben auf ihre Ger\u00e4te verlassen k\u00f6nnen und so die Produktivit\u00e4t in der Landwirtschaft steigern.<\/p>\n<h3>Bagger<\/h3>\n<p>Bei Baggern erm\u00f6glicht der Auslegerzylinder ein effektives Eindringen des L\u00f6ffels in den Boden und somit effizientes Graben. Das Hydrauliksystem gew\u00e4hrleistet eine gleichbleibende Leistung, die f\u00fcr tiefe Aushubarbeiten oder schwieriges Gel\u00e4nde unerl\u00e4sslich ist.<\/p>\n<h3>Lader<\/h3>\n<p>Bei Frontladern spielt der Auslegerzylinder eine entscheidende Rolle beim effizienten Heben und Abladen von Materialien. Er liefert die notwendige Kraft zum Heben schwerer Lasten und gew\u00e4hrleistet gleichzeitig die Stabilit\u00e4t, die f\u00fcr Bau- und Materialumschlagsarbeiten unerl\u00e4sslich ist.<\/p>\n<h2>Design\u00fcberlegungen und Auswahlkriterien<\/h2>\n<h3>Tragf\u00e4higkeit<\/h3>\n<p>Bei der Auswahl eines Hubzylinders ist das Verst\u00e4ndnis seiner Tragf\u00e4higkeit entscheidend. Der Zylinder muss das maximale Gewicht tragen k\u00f6nnen, das w\u00e4hrend des Betriebs gehoben oder bewegt wird. Hersteller geben h\u00e4ufig Spezifikationen mit den Tragf\u00e4higkeitsgrenzen an, die sorgf\u00e4ltig beachtet werden sollten, um Ausf\u00e4lle im Einsatz zu vermeiden. Die Wahl eines Zylinders mit der passenden Tragf\u00e4higkeit gew\u00e4hrleistet Sicherheit und Effizienz.<\/p>\n<h3>Versiegelung und Haltbarkeit<\/h3>\n<p>Die Dichtungskonstruktion des Auslegerzylinders ist entscheidend f\u00fcr die Integrit\u00e4t des Hydraulik\u00f6ls und die Vermeidung von Leckagen. Hochwertige Dichtungen, wie Kolben- und Stangendichtungen aus langlebigen Materialien wie Polyurethan und Nitrilkautschuk, sind f\u00fcr eine lange Lebensdauer unerl\u00e4sslich. Auch das Zylindergeh\u00e4use und die Gewindeendfl\u00e4chen sollten pr\u00e4zise bearbeitet sein, um die Verschlei\u00dffestigkeit zu erh\u00f6hen und so eine l\u00e4ngere Lebensdauer zu gew\u00e4hrleisten.<\/p>\n<h3>Sicherheitsfunktionen<\/h3>\n<p>Sicherheit hat beim Betrieb schwerer Maschinen oberste Priorit\u00e4t. Die Konstruktion des Auslegerzylinders muss Sicherheitsmerkmale aufweisen, die unerwartete Ausf\u00e4lle verhindern. Dazu geh\u00f6ren Druckbegrenzungsventile, um \u00dcberdruck zu vermeiden, und eine robuste Bauweise, die auch unter rauen Bedingungen zuverl\u00e4ssig funktioniert. Regelm\u00e4\u00dfige Inspektionen und die Einhaltung der Sicherheitsvorschriften sind unerl\u00e4sslich f\u00fcr die Funktionsf\u00e4higkeit der Maschinen.<\/p>\n<p><img decoding=\"async\" src=\"https:\/\/www.hydraulic-cylinders.net\/wp-content\/uploads\/2025\/04\/songte-oil-pipes-and-spare-parts.webp\" alt=\"\u00d6lleitungen und Ersatzteile\"><\/p>\n<h2>Abdichtung und Schmierung<\/h2>\n<p>Eine einwandfreie Abdichtung ist f\u00fcr den effizienten Betrieb von Hydraulikzylindern unerl\u00e4sslich. Verschiedene Dichtungen, darunter Kolben- und Stangendichtungen, verhindern das Austreten von Hydraulikfl\u00fcssigkeit. Die Verwendung langlebiger Materialien wie Polyurethan und Nitrilkautschuk erh\u00f6ht die Verschlei\u00dffestigkeit und verl\u00e4ngert die Lebensdauer der Dichtungen. Zylinderk\u00f6rper und Gewindeenden sollten pr\u00e4zisionsbearbeitet werden, um die Haltbarkeit zu verbessern.<\/p>\n<p>Regelm\u00e4\u00dfige Schmierung ist ebenfalls unerl\u00e4sslich. Hydraulik\u00f6l sollte periodisch nachgef\u00fcllt werden, um die optimale Funktion der Dichtungen zu gew\u00e4hrleisten und Verschlei\u00df an den internen Bauteilen zu verhindern. Ausreichende Schmierung reduziert die Reibung, die zu \u00dcberhitzung und vorzeitigem Ausfall des Hydrauliksystems f\u00fchren kann.<\/p>\n<h2>Regelm\u00e4\u00dfige Inspektion und vorbeugende Wartungsma\u00dfnahmen<\/h2>\n<ul>\n<li><strong>Regelm\u00e4\u00dfige Inspektionen:<\/strong> F\u00fchren Sie gr\u00fcndliche Inspektionen des Auslegerzylinders durch, um Anzeichen von Verschlei\u00df oder Besch\u00e4digungen zu erkennen. Achten Sie auf Lecks, ungew\u00f6hnliche Ger\u00e4usche oder unregelm\u00e4\u00dfige Bewegungen, die auf potenzielle Probleme hinweisen k\u00f6nnten. Eine fr\u00fchzeitige Erkennung kann teure Reparaturen und Ausfallzeiten verhindern.<\/li>\n<li><strong>Richtige Schmierung:<\/strong> Achten Sie auf einen ausreichenden Hydraulik\u00f6lstand und eine ausreichende Schmierung der Dichtungen. Pr\u00fcfen Sie regelm\u00e4\u00dfig Viskosit\u00e4t und Qualit\u00e4t des Hydraulik\u00f6ls und tauschen Sie es bei Bedarf aus, um eine optimale Leistung zu gew\u00e4hrleisten.<\/li>\n<li><strong>Dichtungswechsel:<\/strong> Dichtungen k\u00f6nnen mit der Zeit verschlei\u00dfen und m\u00fcssen dann ausgetauscht werden. Regelm\u00e4\u00dfige Kontrollen sollten durchgef\u00fchrt werden, um verschlissene Dichtungen zu erkennen und diese rechtzeitig auszutauschen, um Leckagen zu vermeiden und die Hydraulikleistung aufrechtzuerhalten.<\/li>\n<\/ul>\n<h2>Installationshinweise<\/h2>\n<p>Die korrekte Montage des Auslegerzylinders ist entscheidend f\u00fcr seine Leistung und Lebensdauer. Stellen Sie zun\u00e4chst sicher, dass alle Komponenten sauber und frei von Verunreinigungen sind. Richten Sie den Zylinder pr\u00e4zise an den Montagehalterungen aus und verwenden Sie geeignete Montagest\u00fctzen, um ihn zu fixieren. Achten Sie darauf, dass alle Befestigungselemente gem\u00e4\u00df den Herstellervorgaben festgezogen sind, um ein L\u00f6sen w\u00e4hrend des Betriebs zu verhindern.<\/p>\n<p>Bei der Installation ist eine pr\u00e4zise Ausrichtung des Zylinders wichtig, um unn\u00f6tige Belastungen der Bauteile zu vermeiden. Nach der Befestigung des Zylinders muss unbedingt \u00fcberpr\u00fcft werden, ob alle Hydraulikleitungen korrekt angeschlossen und dicht sind. Nach der Installation ist das System zu testen, um die einwandfreie Funktion des Zylinders und damit die ordnungsgem\u00e4\u00dfe Funktion des Hydrauliksystems sicherzustellen.<\/p>\n<h2>Wartungsaufgaben<\/h2>\n<h3>Regelm\u00e4\u00dfige Kontrollen<\/h3>\n<p>Regelm\u00e4\u00dfige Kontrollen des Auslegerzylinders helfen, potenzielle Probleme fr\u00fchzeitig zu erkennen. Dazu geh\u00f6rt die Sichtpr\u00fcfung des Zylinders auf Verschlei\u00dferscheinungen, die Kontrolle des Hydraulik\u00f6lstands und die Sicherstellung, dass keine Leckagen vorhanden sind. Die Einf\u00fchrung eines regelm\u00e4\u00dfigen Inspektionsplans kann die Lebensdauer des Zylinders deutlich verl\u00e4ngern.<\/p>\n<h3>Geeignete Schmierung<\/h3>\n<p>Eine ordnungsgem\u00e4\u00dfe Schmierung ist unerl\u00e4sslich f\u00fcr den reibungslosen Betrieb des Auslegerzylinders. Verwenden Sie das empfohlene Hydraulik\u00f6l und achten Sie auf den korrekten \u00d6lstand. Kontrollieren Sie das \u00d6l regelm\u00e4\u00dfig auf Verunreinigungen und tauschen Sie es bei Bedarf aus, um eine optimale Leistung zu gew\u00e4hrleisten und den Verschlei\u00df der Hydraulikkomponenten zu minimieren.<\/p>\n<h3>Dichtungsaustausch und Kalibrierungspr\u00fcfungen<\/h3>\n<p>Dichtungen regelm\u00e4\u00dfig auf Verschlei\u00df pr\u00fcfen und umgehend austauschen, um Hydraulikfl\u00fcssigkeitsverluste zu vermeiden. Kalibrierungspr\u00fcfungen sind ebenfalls unerl\u00e4sslich, um die korrekte und effiziente Funktion des Zylinders sicherzustellen. F\u00fchren Sie regelm\u00e4\u00dfige Kontrollen der Hydrauliksystemleistung durch und passen Sie die Einstellungen bei Bedarf an, um einen optimalen Betrieb zu gew\u00e4hrleisten.<\/p>\n<p><img decoding=\"async\" src=\"https:\/\/www.hydraulic-cylinders.net\/wp-content\/uploads\/2025\/04\/songte-chushion-collar.webp\" alt=\"Kissenkragen\"><\/p>\n<h2>Sicherheitsaspekte und Umweltfaktoren<\/h2>\n<p>Beim Betrieb von Hydrauliksystemen haben Sicherheitsvorkehrungen h\u00f6chste Priorit\u00e4t. Die Bediener m\u00fcssen im sicheren Umgang mit den Ger\u00e4ten und in der Einhaltung der Sicherheitsvorschriften geschult werden, um Risiken zu minimieren. Pers\u00f6nliche Schutzausr\u00fcstung (PSA) ist zu tragen, und Wartungsarbeiten sind in einer kontrollierten Umgebung durchzuf\u00fchren, um die Sicherheit zu gew\u00e4hrleisten.<\/p>\n<p>Umweltfaktoren m\u00fcssen ebenfalls ber\u00fccksichtigt werden, da Hydraulikfl\u00fcssigkeiten sch\u00e4dlich f\u00fcr das \u00d6kosystem sein k\u00f6nnen. Die ordnungsgem\u00e4\u00dfe Entsorgung gebrauchter Fl\u00fcssigkeiten und die Einhaltung von Umweltvorschriften sind unerl\u00e4sslich, um potenzielle Umweltauswirkungen zu minimieren.<\/p>\n<h2>Fehlerdiagnose und h\u00e4ufige Probleme<\/h2>\n<h3>H\u00e4ufige Probleme<\/h3>\n<ul>\n<li><strong>Fl\u00fcssigkeitslecks:<\/strong> Dies kann durch verschlissene Dichtungen oder besch\u00e4digte Anschl\u00fcsse verursacht werden. Regelm\u00e4\u00dfige Inspektionen helfen, Lecks fr\u00fchzeitig zu erkennen.<\/li>\n<li><strong>Nicht reagierender Zylinder:<\/strong> Dies kann auf einen niedrigen Hydraulikfl\u00fcssigkeitsstand oder Luft im System hinweisen, was den normalen Betrieb st\u00f6ren kann.<\/li>\n<li><strong>\u00dcberhitzung:<\/strong> \u00dcberm\u00e4\u00dfige Hitze kann die Folge unzureichender Schmierung oder \u00dcberlastung sein und erfordert sofortiges Eingreifen, um Sch\u00e4den zu vermeiden.<\/li>\n<\/ul>\n<h3>Tipps zur Fehlerbehebung<\/h3>\n<p>Um Probleme effektiv zu beheben, beginnen Sie mit der Identifizierung der Symptome. Bei Fl\u00fcssigkeitslecks pr\u00fcfen Sie Dichtungen und Anschl\u00fcsse auf Besch\u00e4digungen. Bei nicht reagierenden Zylindern kontrollieren Sie den Fl\u00fcssigkeitsstand und entl\u00fcften Sie das System gegebenenfalls. Im Falle einer \u00dcberhitzung \u00fcberpr\u00fcfen Sie die Schmierverfahren und stellen Sie sicher, dass das System nicht \u00fcberlastet ist.<\/p>\n<p>Regelm\u00e4\u00dfige Wartungsarbeiten und Inspektionen k\u00f6nnen dazu beitragen, diese Probleme zu vermeiden. Die Schulung der Bediener hinsichtlich der korrekten Nutzung und der Wartungsprotokolle minimiert potenzielle Probleme zus\u00e4tzlich und gew\u00e4hrleistet den effizienten Betrieb des Hydrauliksystems.<\/p>\n<p><img decoding=\"async\" src=\"https:\/\/www.hydraulic-cylinders.net\/wp-content\/uploads\/2025\/04\/songte-bushings-with-all-kinds-of-excavator-models.webp\" alt=\"Buchsen f\u00fcr Baggermodelle\"><\/p>\n<h2>Unternehmens\u00fcbersicht<\/h2>\n<p>Wir sind ein f\u00fchrender Hersteller von Hydraulikzylindern und bieten ein umfassendes Produktsortiment f\u00fcr den nationalen und internationalen Markt. Unser Streben nach Exzellenz treibt uns an, sorgf\u00e4ltige Fertigungsstrategien zu verfolgen und mithilfe fortschrittlicher Technologien und qualifizierter Fachkr\u00e4fte unsere Produktionskapazit\u00e4ten stetig zu erweitern.<\/p>\n<p>Unsere hochmodernen Produktionsanlagen gew\u00e4hrleisten h\u00f6chste Effizienz, Pr\u00e4zision und Qualit\u00e4t im gesamten Produktionsprozess. Kundenzufriedenheit steht bei uns an erster Stelle. Deshalb bieten wir ma\u00dfgeschneiderte Dienstleistungen an, die auf spezifische Bed\u00fcrfnisse zugeschnitten sind und durch internationale Zertifizierungen untermauert werden, die unser Engagement f\u00fcr h\u00f6chste Qualit\u00e4tsstandards best\u00e4tigen.<\/p>\n<p>Mit einem umfassenden Kundendienst stellen wir sicher, dass unsere Kunden fortlaufende Unterst\u00fctzung erhalten und f\u00f6rdern so langfristige Beziehungen, die auf Vertrauen und Zuverl\u00e4ssigkeit basieren.<\/p>\n<p><img decoding=\"async\" src=\"https:\/\/www.hydraulic-cylinders.net\/wp-content\/uploads\/2025\/04\/songte-company-4.webp\" alt=\"Unternehmens\u00fcbersicht\"><br \/>\n<img decoding=\"async\" src=\"https:\/\/www.hydraulic-cylinders.net\/wp-content\/uploads\/2025\/04\/songte-company-3.webp\" alt=\"Herstellungsprozess des Unternehmens\"><\/p>\n<p>Autor: lyl<\/p>","protected":false},"excerpt":{"rendered":"<p>Boom Cylinder For XGMA Middle Excavator XG822EL Product Overview The Boom Cylinder for XGMA Middle Excavator XG822EL is a crucial component in the hydraulic system of excavators. This hydraulic cylinder is specifically designed to control the movement of the boom arm, enabling efficient lifting, lowering, and tilting of the bucket. It plays a vital role [&hellip;]<\/p>","protected":false},"featured_media":17868,"comment_status":"open","ping_status":"closed","template":"","meta":{"_et_pb_use_builder":"","_et_pb_old_content":"","_et_gb_content_width":""},"product_brand":[],"product_cat":[1546],"product_tag":[1547,1496],"class_list":{"0":"post-19318","1":"product","2":"type-product","3":"status-publish","4":"has-post-thumbnail","6":"product_cat-boom-cylinders","7":"product_tag-boom-cylinders","8":"product_tag-hydraulic-cylinders","10":"first","11":"instock","12":"shipping-taxable","13":"product-type-simple"},"amp_enabled":true,"_links":{"self":[{"href":"https:\/\/www.hydraulic-cylinders.net\/de\/wp-json\/wp\/v2\/product\/19318","targetHints":{"allow":["GET"]}}],"collection":[{"href":"https:\/\/www.hydraulic-cylinders.net\/de\/wp-json\/wp\/v2\/product"}],"about":[{"href":"https:\/\/www.hydraulic-cylinders.net\/de\/wp-json\/wp\/v2\/types\/product"}],"replies":[{"embeddable":true,"href":"https:\/\/www.hydraulic-cylinders.net\/de\/wp-json\/wp\/v2\/comments?post=19318"}],"wp:featuredmedia":[{"embeddable":true,"href":"https:\/\/www.hydraulic-cylinders.net\/de\/wp-json\/wp\/v2\/media\/17868"}],"wp:attachment":[{"href":"https:\/\/www.hydraulic-cylinders.net\/de\/wp-json\/wp\/v2\/media?parent=19318"}],"wp:term":[{"taxonomy":"product_brand","embeddable":true,"href":"https:\/\/www.hydraulic-cylinders.net\/de\/wp-json\/wp\/v2\/product_brand?post=19318"},{"taxonomy":"product_cat","embeddable":true,"href":"https:\/\/www.hydraulic-cylinders.net\/de\/wp-json\/wp\/v2\/product_cat?post=19318"},{"taxonomy":"product_tag","embeddable":true,"href":"https:\/\/www.hydraulic-cylinders.net\/de\/wp-json\/wp\/v2\/product_tag?post=19318"}],"curies":[{"name":"wp","href":"https:\/\/api.w.org\/{rel}","templated":true}]}}