{"id":19407,"date":"2025-04-07T06:32:57","date_gmt":"2025-04-07T06:32:57","guid":{"rendered":"https:\/\/www.hydraulic-cylinders.net\/product\/boom-cylinder-for-bobcat-small-excavator-e42\/"},"modified":"2025-04-07T06:33:03","modified_gmt":"2025-04-07T06:33:03","slug":"boom-cylinder-for-bobcat-small-excavator-e42","status":"publish","type":"product","link":"https:\/\/www.hydraulic-cylinders.net\/de\/produkt\/boom-cylinder-for-bobcat-small-excavator-e42\/","title":{"rendered":"Auslegerzylinder f\u00fcr Bobcat Kleinbagger E42"},"content":{"rendered":"<h1>Auslegerzylinder f\u00fcr Bobcat Kleinbagger E42<\/h1>\n<h2>Produkt\u00fcbersicht<\/h2>\n<p>Der Auslegerzylinder f\u00fcr den Bobcat-Kleinbagger E42 ist eine entscheidende Komponente im Hydrauliksystem von Baumaschinen, insbesondere von Baggern, Baggerladern und Radladern. Dieser Hydraulikzylinder ist speziell f\u00fcr die Steuerung der L\u00f6ffelbewegung ausgelegt und erm\u00f6glicht so ein effektives Heben, Senken und Neigen. Diese Funktionalit\u00e4t ist f\u00fcr Materialumschlagsarbeiten unerl\u00e4sslich und gew\u00e4hrleistet, dass Bediener Grab-, Hebe- und Transportarbeiten m\u00fchelos und pr\u00e4zise durchf\u00fchren k\u00f6nnen.<\/p>\n<p><img decoding=\"async\" src=\"https:\/\/www.hydraulic-cylinders.net\/wp-content\/uploads\/2025\/04\/songte-company-1.webp\" alt=\"Auslegerzylinder f\u00fcr Bagger\" \/><\/p>\n<h3>Funktion und Anwendungen von Schaufelzylindern<\/h3>\n<p>Ein Schaufelzylinder ist ein Hydraulikzylinder, der in den Hydrauliksystemen verschiedener Baumaschinen eine zentrale Rolle spielt. Er erm\u00f6glicht es der Schaufel, mehrere Aktionen auszuf\u00fchren, darunter:<\/p>\n<ul>\n<li><strong>Heben:<\/strong> Der Zylinder des L\u00f6ffels erm\u00f6glicht das Anheben des L\u00f6ffels und erleichtert so das Verladen von Materialien auf Lastwagen oder andere Ger\u00e4te.<\/li>\n<li><strong>Senkung:<\/strong> Es erm\u00f6glicht die Kontrolle \u00fcber das Absenken der Schaufel und gew\u00e4hrleistet so Pr\u00e4zision beim Absetzen des Materials.<\/li>\n<li><strong>Neigung:<\/strong> Die M\u00f6glichkeit, die Schaufel zu neigen, verbessert die Kontrolle beim Schaufeln und Abkippen.<\/li>\n<\/ul>\n<p>Diese Funktionen sind f\u00fcr Bau-, Bergbau- und Landwirtschaftsbetriebe unerl\u00e4sslich, bei denen schwere Lasten gehoben und pr\u00e4zise Materialhandhabung erforderlich ist.<\/p>\n<h2>Merkmale des Auslegerzylinders<\/h2>\n<p>Der Auslegerzylinder f\u00fcr den Bobcat E42 zeichnet sich durch mehrere Merkmale aus, die seine Leistung und Langlebigkeit verbessern:<\/p>\n<ul>\n<li><strong>Hohe Festigkeit und Haltbarkeit:<\/strong> Dieser aus hochfestem Stahl oder Aluminium gefertigte Zylinder ist in der Lage, hohen Dr\u00fccken und schweren Belastungen standzuhalten und eignet sich daher f\u00fcr raue Arbeitsumgebungen.<\/li>\n<li><strong>Effizienter Hydraulikbetrieb:<\/strong> Es nutzt den Druck von Hydraulik\u00f6l f\u00fcr reibungslose Teleskopbewegungen, reagiert schnell auf die Befehle des Bedieners und bietet eine hohe Schub- und Zugkraft.<\/li>\n<li><strong>Verschiedene Typen:<\/strong> Je nach Bedarf k\u00f6nnen Anwender zwischen einfachwirkenden (in eine Richtung wirkenden) und doppeltwirkenden (in zwei Richtungen wirkenden) Zylindern w\u00e4hlen. Bestimmte Modelle bieten zudem eine Teleskopfunktion f\u00fcr eine gr\u00f6\u00dfere Reichweite.<\/li>\n<li><strong>Korrosions- und Verschlei\u00dfbest\u00e4ndigkeit:<\/strong> Hergestellt aus Materialien, die Verschlei\u00df und Korrosion widerstehen und so auch unter schwierigen Bedingungen eine l\u00e4ngere Lebensdauer gew\u00e4hrleisten.<\/li>\n<li><strong>Einfacher Austausch:<\/strong> Unsere Produkte sind so konstruiert, dass sie vorhandene Hydraulikzylinder perfekt ersetzen und sich nahtlos in Ihre Maschinen integrieren lassen.<\/li>\n<\/ul>\n<p><img decoding=\"async\" src=\"https:\/\/www.hydraulic-cylinders.net\/wp-content\/uploads\/2025\/04\/songte-cylinder-head-with-all-kinds-excavator-models.webp\" alt=\"Austausch des Hydraulikzylinders\" \/><\/p>\n<h2>Anwendungsszenarien<\/h2>\n<h3>Baumaschinen<\/h3>\n<p>Bei Baggern ist der Auslegerzylinder unverzichtbar zum Graben, Laden und Bewegen von Erde oder Bauschutt. Die erzeugte Hydraulikkraft erm\u00f6glicht es dem Bediener, harten Boden effizient auszuheben und Materialien zu transportieren. Baggerlader profitieren von der F\u00e4higkeit des L\u00f6ffelzylinders, sowohl beim Graben als auch beim Heben zu helfen, wodurch er vielseitig f\u00fcr verschiedene Aufgaben auf der Baustelle einsetzbar ist.<\/p>\n<h3>Landmaschinen<\/h3>\n<p>Frontlader nutzen den Auslegerzylinder zum Schaufeln, Anheben und Transportieren von Erde, Heu und anderen Materialien. Diese Funktion ist in der Landwirtschaft unerl\u00e4sslich und erm\u00f6glicht einen schnellen und effektiven Materialumschlag, der die Produktivit\u00e4t steigert.<\/p>\n<h3>Bagger<\/h3>\n<p>Der Schaufelzylinder erm\u00f6glicht das Graben von Baggern, indem er ein effektives Eindringen der Schaufel in den Boden gew\u00e4hrleistet. Diese Funktion ist f\u00fcr diverse Bauprojekte, die pr\u00e4zises Ausheben erfordern, von entscheidender Bedeutung.<\/p>\n<h3>Lader<\/h3>\n<p>Bei Frontladern unterst\u00fctzt der Auslegerzylinder das effiziente Heben und Abladen von Lasten. Diese Funktion ist entscheidend f\u00fcr Materialumschlagsvorg\u00e4nge, bei denen kurze Umschlagzeiten die Produktivit\u00e4t steigern.<\/p>\n<h2>Design\u00fcberlegungen<\/h2>\n<p>Bei der Konstruktion des Auslegerzylinders wurden mehrere wichtige Aspekte ber\u00fccksichtigt:<\/p>\n<ul>\n<li><strong>Belastbarkeit:<\/strong> Es ist von gr\u00f6\u00dfter Wichtigkeit sicherzustellen, dass der Zylinder die zu erwartenden Lasten ohne Ausfall bew\u00e4ltigen kann. Die Berechnung der erforderlichen Tragf\u00e4higkeit setzt voraus, dass das maximale Gewicht bekannt ist, dem der Zylinder im Betrieb ausgesetzt sein wird.<\/li>\n<li><strong>Versiegelung:<\/strong> Eine effektive Abdichtung ist unerl\u00e4sslich, um Hydraulikfl\u00fcssigkeitsverluste zu verhindern und den Systemdruck aufrechtzuerhalten. Hochwertige Dichtungen aus langlebigen Materialien gew\u00e4hrleisten eine lange Lebensdauer.<\/li>\n<li><strong>Haltbarkeit:<\/strong> Das Design legt Wert auf Materialien und Konstruktionstechniken, die den Belastungen im praktischen Einsatz standhalten. Dazu geh\u00f6ren Verschlei\u00df- und Korrosionsbest\u00e4ndigkeit.<\/li>\n<li><strong>Sicherheit:<\/strong> Um \u00dcberlastungen und m\u00f6gliche Unf\u00e4lle w\u00e4hrend des Betriebs zu verhindern, sind Sicherheitsmerkmale wie Druckentlastungsventile integriert.<\/li>\n<li><strong>Wartung:<\/strong> Bei den Konstruktions\u00fcberlegungen wurde auch auf Wartungsfreundlichkeit geachtet, um einfache Kontrollen und Reparaturen zu erm\u00f6glichen und gleichzeitig die Funktionsf\u00e4higkeit des Zylinders zu gew\u00e4hrleisten.<\/li>\n<\/ul>\n<p><img decoding=\"async\" src=\"https:\/\/www.hydraulic-cylinders.net\/wp-content\/uploads\/2025\/04\/songte-oil-pipes-and-spare-parts.webp\" alt=\"Hydraulikzylinderteile\" \/><\/p>\n<h2>Abdichtung und Schmierung<\/h2>\n<p>F\u00fcr den effizienten Betrieb von Hydraulikzylindern sind eine ordnungsgem\u00e4\u00dfe Abdichtung und Schmierung unerl\u00e4sslich. Verschiedene Dichtungselemente, wie Kolben- und Stangendichtungen, gew\u00e4hrleisten, dass die Hydraulikfl\u00fcssigkeit im Zylinder verbleibt. Dichtungen aus Polyurethan oder Nitrilkautschuk bieten eine ausgezeichnete Verschlei\u00dffestigkeit. Zylinderk\u00f6rper und Gewindeenden werden pr\u00e4zisionsbearbeitet, um die Lebensdauer zu erh\u00f6hen. Regelm\u00e4\u00dfige Schmierung mit Hydraulik\u00f6l ist notwendig, um Reibung und Verschlei\u00df zu minimieren, einen reibungslosen Betrieb zu gew\u00e4hrleisten und die Lebensdauer des Zylinders zu verl\u00e4ngern.<\/p>\n<h2>Vorbeugende Wartungsma\u00dfnahmen<\/h2>\n<p>Regelm\u00e4\u00dfige Wartung ist f\u00fcr die Langlebigkeit und Effizienz des Auslegerzylinders unerl\u00e4sslich. Hier einige wichtige Ma\u00dfnahmen:<\/p>\n<ul>\n<li><strong>Regelm\u00e4\u00dfige Inspektionen:<\/strong> F\u00fchren Sie regelm\u00e4\u00dfige Inspektionen durch, um Verschlei\u00df oder Besch\u00e4digungen fr\u00fchzeitig zu erkennen. Achten Sie auf Lecks, verbogene Stangen und andere Anzeichen von Verschlei\u00df.<\/li>\n<li><strong>Geeignete Schmierung:<\/strong> Stellen Sie sicher, dass der Zylinder ausreichend mit Hydraulik\u00f6l geschmiert ist, um die Reibung zu verringern und eine \u00dcberhitzung zu verhindern.<\/li>\n<li><strong>Dichtungswechsel:<\/strong> Dichtungen sollten bei Bedarf ausgetauscht werden, um ihre Funktionsf\u00e4higkeit zu erhalten und Leckagen zu vermeiden. Regelm\u00e4\u00dfige Kontrollen helfen dabei, Verschlei\u00dferscheinungen der Dichtungen fr\u00fchzeitig zu erkennen.<\/li>\n<\/ul>\n<h2>Installationshinweise<\/h2>\n<p>Die korrekte Installation des Auslegerzylinders ist f\u00fcr eine optimale Leistung entscheidend. Befolgen Sie diese Schritte, um eine ordnungsgem\u00e4\u00dfe Installation sicherzustellen:<\/p>\n<ul>\n<li><strong>Ausrichtung:<\/strong> Stellen Sie sicher, dass der Zylinder korrekt an den Befestigungspunkten ausgerichtet ist. Eine Fehlausrichtung kann zu vorzeitigem Verschlei\u00df und potenziellen Ausf\u00e4llen f\u00fchren.<\/li>\n<li><strong>Geeignete Unterst\u00fctzungsmaterialien verwenden:<\/strong> Verwenden Sie geeignete Montagehalterungen, um den Zylinder fest zu fixieren. Dadurch wird eine Bewegung w\u00e4hrend des Betriebs verhindert.<\/li>\n<li><strong>Verbindungen pr\u00fcfen:<\/strong> Vor Inbetriebnahme der Maschine ist sicherzustellen, dass alle Hydraulikanschl\u00fcsse fest sitzen und dicht sind.<\/li>\n<li><strong>Funktionalit\u00e4t testen:<\/strong> Nach der Installation muss das Hydrauliksystem getestet werden, um sicherzustellen, dass der Zylinder reibungslos und effektiv funktioniert.<\/li>\n<\/ul>\n<p><img decoding=\"async\" src=\"https:\/\/www.hydraulic-cylinders.net\/wp-content\/uploads\/2025\/04\/songte-chushion-collar.webp\" alt=\"Zylinderinstallation\" \/><\/p>\n<h2>Sicherheitsaspekte<\/h2>\n<p>Bei der Arbeit mit Hydraulikzylindern hat die Sicherheit oberste Priorit\u00e4t. Bediener m\u00fcssen die vorgeschriebene pers\u00f6nliche Schutzausr\u00fcstung (PSA) tragen und sicherstellen, dass alle Sicherheitsma\u00dfnahmen w\u00e4hrend des Betriebs eingehalten werden. Schulungen zum korrekten Umgang mit Hydrauliksystemen sind unerl\u00e4sslich, um Unf\u00e4lle und Verletzungen zu vermeiden.<\/p>\n<h2>Fehlerbehebung bei h\u00e4ufigen Problemen<\/h2>\n<p>H\u00e4ufige Probleme mit Hydraulikzylindern lassen sich oft anhand der folgenden Punkte diagnostizieren:<\/p>\n<ul>\n<li><strong>Leckage:<\/strong> Die Leckagequelle, die h\u00e4ufig durch verschlissene Dichtungen verursacht wird, muss ermittelt werden. Eine umgehende Behebung der Leckage ist unerl\u00e4sslich, um den Druck im System aufrechtzuerhalten.<\/li>\n<li><strong>Langsamer Betrieb:<\/strong> Wenn der Zylinder nur langsam reagiert, \u00fcberpr\u00fcfen Sie den Hydraulikfl\u00fcssigkeitsstand und stellen Sie sicher, dass die Hydraulikleitungen nicht verstopft sind.<\/li>\n<li><strong>\u00dcberhitzung:<\/strong> \u00dcberhitzung kann ein Anzeichen f\u00fcr unzureichende Schmierung oder \u00dcberlastung sein. Regelm\u00e4\u00dfige Kontrollen k\u00f6nnen verhindern, dass sich diese Probleme verschlimmern.<\/li>\n<\/ul>\n<p>Zur effektiven Fehlerbehebung empfiehlt es sich, ein detailliertes Protokoll aller Probleme und durchgef\u00fchrten Wartungsarbeiten zu f\u00fchren, um die Diagnose wiederkehrender Probleme zu erleichtern.<\/p>\n<p><img decoding=\"async\" src=\"https:\/\/www.hydraulic-cylinders.net\/wp-content\/uploads\/2025\/04\/songte-bushings-with-all-kinds-of-excavator-models.webp\" alt=\"H\u00e4ufige Probleme bei Hydraulikzylindern\" \/><\/p>\n<h2>Unternehmens\u00fcbersicht<\/h2>\n<p>Wir sind ein Hersteller von hydraulischen Ersatzzylindern und bieten ein umfassendes Produktsortiment, das uns zu einem f\u00fchrenden Hersteller und Gro\u00dfh\u00e4ndler auf nationalen und internationalen M\u00e4rkten macht. Unser Streben nach Exzellenz spiegelt sich in unseren ausgereiften Fertigungsmanagementstrategien wider, die auf fortschrittlicher Technologie und qualifiziertem Personal basieren. Dank unserer starken Kompetenzen k\u00f6nnen wir die vielf\u00e4ltigen Kundenbed\u00fcrfnisse mit hoher Effizienz, Pr\u00e4zision und Qualit\u00e4t erf\u00fcllen.<\/p>\n<p><strong>Spezialisierung:<\/strong> Unser Team besteht aus Experten f\u00fcr Hydrauliksysteme, die sicherstellen, dass unsere Produkte die Branchenstandards erf\u00fcllen und \u00fcbertreffen.<\/p>\n<p><strong>Internationale Zertifizierung:<\/strong> Unsere Produkte sind nach globalen Qualit\u00e4tsstandards zertifiziert und gew\u00e4hrleisten so Zuverl\u00e4ssigkeit und Sicherheit.<\/p>\n<p><strong>Kundenspezifische L\u00f6sungen:<\/strong> Wir bieten ma\u00dfgeschneiderte L\u00f6sungen, die auf spezifische betriebliche Bed\u00fcrfnisse zugeschnitten sind und unseren Kunden flexible Optionen f\u00fcr ihre Maschinen bieten.<\/p>\n<p><strong>Moderne Fertigungsanlagen:<\/strong> Durch den Einsatz modernster Fertigungstechnologie gew\u00e4hrleisten wir eine hohe Produktionsqualit\u00e4t.<\/p>\n<p><strong>Kundendienst:<\/strong> Unser engagiertes Kundenservice-Team setzt sich daf\u00fcr ein, Unterst\u00fctzung und Hilfe zu leisten, um die Kundenzufriedenheit und die Produktleistung sicherzustellen.<\/p>\n<p><img decoding=\"async\" src=\"https:\/\/www.hydraulic-cylinders.net\/wp-content\/uploads\/2025\/04\/songte-company-4.webp\" alt=\"Unternehmen Fertigung\" \/><br \/>\n<img decoding=\"async\" src=\"https:\/\/www.hydraulic-cylinders.net\/wp-content\/uploads\/2025\/04\/songte-company-3.webp\" alt=\"Firmenprodukte\" \/><\/p>\n<p>Autor: lyl<\/p>","protected":false},"excerpt":{"rendered":"<p>Boom Cylinder For Bobcat Small Excavator E42 Product Overview The Boom Cylinder for Bobcat Small Excavator E42 is a crucial component in the hydraulic system of heavy machinery, particularly in excavators, backhoes, and front loaders. This hydraulic cylinder is specifically designed to control the movement of the bucket, allowing it to lift, lower, and tilt [&hellip;]<\/p>","protected":false},"featured_media":17867,"comment_status":"open","ping_status":"closed","template":"","meta":{"_et_pb_use_builder":"","_et_pb_old_content":"","_et_gb_content_width":""},"product_brand":[],"product_cat":[1546],"product_tag":[1547,1496],"class_list":{"0":"post-19407","1":"product","2":"type-product","3":"status-publish","4":"has-post-thumbnail","6":"product_cat-boom-cylinders","7":"product_tag-boom-cylinders","8":"product_tag-hydraulic-cylinders","10":"first","11":"instock","12":"shipping-taxable","13":"product-type-simple"},"amp_enabled":true,"_links":{"self":[{"href":"https:\/\/www.hydraulic-cylinders.net\/de\/wp-json\/wp\/v2\/product\/19407","targetHints":{"allow":["GET"]}}],"collection":[{"href":"https:\/\/www.hydraulic-cylinders.net\/de\/wp-json\/wp\/v2\/product"}],"about":[{"href":"https:\/\/www.hydraulic-cylinders.net\/de\/wp-json\/wp\/v2\/types\/product"}],"replies":[{"embeddable":true,"href":"https:\/\/www.hydraulic-cylinders.net\/de\/wp-json\/wp\/v2\/comments?post=19407"}],"wp:featuredmedia":[{"embeddable":true,"href":"https:\/\/www.hydraulic-cylinders.net\/de\/wp-json\/wp\/v2\/media\/17867"}],"wp:attachment":[{"href":"https:\/\/www.hydraulic-cylinders.net\/de\/wp-json\/wp\/v2\/media?parent=19407"}],"wp:term":[{"taxonomy":"product_brand","embeddable":true,"href":"https:\/\/www.hydraulic-cylinders.net\/de\/wp-json\/wp\/v2\/product_brand?post=19407"},{"taxonomy":"product_cat","embeddable":true,"href":"https:\/\/www.hydraulic-cylinders.net\/de\/wp-json\/wp\/v2\/product_cat?post=19407"},{"taxonomy":"product_tag","embeddable":true,"href":"https:\/\/www.hydraulic-cylinders.net\/de\/wp-json\/wp\/v2\/product_tag?post=19407"}],"curies":[{"name":"wp","href":"https:\/\/api.w.org\/{rel}","templated":true}]}}