{"id":19408,"date":"2025-04-07T06:33:03","date_gmt":"2025-04-07T06:33:03","guid":{"rendered":"https:\/\/www.hydraulic-cylinders.net\/product\/boom-cylinder-for-bobcat-small-excavator-e50\/"},"modified":"2025-04-07T06:33:06","modified_gmt":"2025-04-07T06:33:06","slug":"boom-cylinder-for-bobcat-small-excavator-e50","status":"publish","type":"product","link":"https:\/\/www.hydraulic-cylinders.net\/de\/produkt\/boom-cylinder-for-bobcat-small-excavator-e50\/","title":{"rendered":"Auslegerzylinder f\u00fcr Bobcat Kleinbagger E50"},"content":{"rendered":"<h1>Auslegerzylinder f\u00fcr Bobcat Kleinbagger E50<\/h1>\n<h2>Produkt\u00fcbersicht<\/h2>\n<p>Der Auslegerzylinder ist ein wesentlicher Bestandteil des Hydrauliksystems von Baumaschinen und wurde speziell zur Steuerung der Bewegung von Ger\u00e4teschaufeln entwickelt. Dieser Hydraulikzylinder erm\u00f6glicht das pr\u00e4zise Heben, Senken und Neigen der Schaufel und tr\u00e4gt so zu effizienten Materialumschlagsaufgaben in verschiedenen Branchen bei.<\/p>\n<p><img decoding=\"async\" src=\"https:\/\/www.hydraulic-cylinders.net\/wp-content\/uploads\/2025\/04\/songte-company-1.webp\" alt=\"Auslegerzylinder\"><\/p>\n<h3>Definition und Funktion<\/h3>\n<p>Der Schaufelzylinder ist ein Hydraulikzylinder, der in Baggern, Baggerladern und Radladern eine entscheidende Rolle spielt. Er erzeugt die Kraft, die zum Bewegen der Schaufel in verschiedene Richtungen ben\u00f6tigt wird und ist daher f\u00fcr Aushubarbeiten, Verladung und Materialtransport unverzichtbar. Der Zylinder arbeitet mit unter Druck stehender Hydraulikfl\u00fcssigkeit und erm\u00f6glicht es dem Bediener, komplexe Aufgaben m\u00fchelos zu bew\u00e4ltigen.<\/p>\n<h2>Merkmale des Auslegerzylinders<\/h2>\n<ul>\n<li><strong>Hohe Festigkeit und Haltbarkeit:<\/strong> Diese Zylinder werden typischerweise aus hochfestem Stahl oder Aluminium gefertigt und widerstehen hohem Druck und hohen Belastungen, wodurch sie sich f\u00fcr raue Arbeitsumgebungen eignen.<\/li>\n<li><strong>Effizienter Hydraulikbetrieb:<\/strong> Sie nutzen den Druck von Hydraulik\u00f6l f\u00fcr sanfte Aus- und Einfahrbewegungen, reagieren schnell auf Steuerbefehle und bieten eine betr\u00e4chtliche Schub- und Zugkraft.<\/li>\n<li><strong>Verschiedene Typen:<\/strong> Erh\u00e4ltlich in einfach- und doppeltwirkenden Ausf\u00fchrungen, die verschiedenen Einsatzanforderungen gerecht werden, wobei einige Modelle \u00fcber ein Teleskopdesign f\u00fcr eine gr\u00f6\u00dfere Reichweite verf\u00fcgen, ohne die \u00e4u\u00dferen Abmessungen zu vergr\u00f6\u00dfern.<\/li>\n<li><strong>Korrosionsbest\u00e4ndig:<\/strong> Die Konstruktion besteht aus Materialien, die Korrosion und Verschlei\u00df widerstehen und so die Lebensdauer des Zylinders auch unter anspruchsvollen Bedingungen verl\u00e4ngern.<\/li>\n<li><strong>Sonderanfertigungen:<\/strong> Wir k\u00f6nnen diese Zylinder herstellen, die sich perfekt als Ersatz f\u00fcr die vorhandenen Hydraulikzylinder in Ihren Ger\u00e4ten eignen.<\/li>\n<\/ul>\n<p><img decoding=\"async\" src=\"https:\/\/www.hydraulic-cylinders.net\/wp-content\/uploads\/2025\/04\/songte-cylinder-head-with-all-kinds-excavator-models.webp\" alt=\"Hydraulikzylinder-Modelle\"><\/p>\n<h2>Anwendungen des Auslegerzylinders<\/h2>\n<h3>Baumaschinen<\/h3>\n<p>Bei Baggern sind die Auslegerzylinder unverzichtbar f\u00fcr das Graben, Laden und Bewegen von Erde oder Bauschutt. Sie erm\u00f6glichen die pr\u00e4zise Steuerung der L\u00f6ffelbewegung und steigern so die Produktivit\u00e4t auf Baustellen erheblich.<\/p>\n<h3>Landmaschinen<\/h3>\n<p>Diese Zylinder werden in Frontladern eingesetzt und \u00fcbernehmen Aufgaben wie das Schaufeln, Anheben und Transportieren von Erde, Heu und anderen f\u00fcr landwirtschaftliche Betriebe unerl\u00e4sslichen Materialien, wodurch die Effizienz der landwirtschaftlichen T\u00e4tigkeiten verbessert wird.<\/p>\n<h3>Bagger<\/h3>\n<p>Die Auslegerzylinder erm\u00f6glichen es dem L\u00f6ffel, effektiv in den Boden einzudringen und erleichtern so die Aushubarbeiten. Ihre Konstruktion erlaubt es dem Bediener, den L\u00f6ffel pr\u00e4zise zu man\u00f6vrieren und damit Material effizient auszuheben.<\/p>\n<h3>Lader<\/h3>\n<p>Bei Frontladern unterst\u00fctzen Auslegerzylinder das Anheben und Abladen von Lasten und gew\u00e4hrleisten so den sicheren Materialtransport von einem Ort zum anderen mit minimalem Aufwand und maximaler Kontrolle.<\/p>\n<h2>Design\u00fcberlegungen und Auswahlstandards<\/h2>\n<h3>Tragf\u00e4higkeit<\/h3>\n<p>Die Wahl des richtigen Auslegerzylinders beginnt mit dem Verst\u00e4ndnis seiner Tragf\u00e4higkeit, die den Anforderungen der Maschine entsprechen muss, in der er eingesetzt werden soll. Ein Zylinder muss das maximale Gewicht der zu hebenden Materialien ohne Ausfallrisiko bew\u00e4ltigen k\u00f6nnen.<\/p>\n<h3>Versiegelung und Haltbarkeit<\/h3>\n<p>Dichtungen sind entscheidend f\u00fcr die Aufrechterhaltung des Drucks im Zylinder und die Verhinderung von Leckagen. Die Auswahl hochwertiger Dichtungen beeinflusst die Lebensdauer und Leistung des Zylinders. Materialien wie Polyurethan oder Nitrilkautschuk werden aufgrund ihrer Verschlei\u00dffestigkeit h\u00e4ufig verwendet.<\/p>\n<h3>Sicherheitsfunktionen<\/h3>\n<p>Die Konstruktionen sollten Sicherheitsmerkmale beinhalten, um Unf\u00e4lle im Betrieb zu verhindern. Dazu geh\u00f6ren Druckentlastungsventile und eine robuste Bauweise, die unerwarteten Belastungen standh\u00e4lt.<\/p>\n<h3>Wartungsaspekte<\/h3>\n<p>Auch die Wartungsfreundlichkeit ist ein wichtiger Faktor. Ein gut konstruierter Zylinder sollte einen einfachen Zugang f\u00fcr Inspektionen und Reparaturen erm\u00f6glichen und so Ausfallzeiten und Betriebsunterbrechungen minimieren.<\/p>\n<p><img decoding=\"async\" src=\"https:\/\/www.hydraulic-cylinders.net\/wp-content\/uploads\/2025\/04\/songte-oil-pipes-and-spare-parts.webp\" alt=\"Hydraulikteile\"><\/p>\n<h2>Abdichtung und Schmierung<\/h2>\n<p>Eine effektive Abdichtung und Schmierung sind f\u00fcr die Langlebigkeit von Auslegerzylindern unerl\u00e4sslich. Verschiedene Dichtungen, wie Kolben- und Stangendichtungen, bestehen aus verschlei\u00dffesten Materialien wie Polyurethan und Nitrilkautschuk. Zylinderk\u00f6rper und Gewindeendfl\u00e4chen werden pr\u00e4zise bearbeitet, um die Verschlei\u00dffestigkeit zu erh\u00f6hen. Regelm\u00e4\u00dfige Schmierung mit Hydraulik\u00f6l ist notwendig, um einen reibungslosen Betrieb zu gew\u00e4hrleisten und Bauteilverschlei\u00df vorzubeugen.<\/p>\n<h2>Vorbeugende Wartungsma\u00dfnahmen<\/h2>\n<ul>\n<li>F\u00fchren Sie regelm\u00e4\u00dfige Inspektionen durch, um Verschlei\u00dferscheinungen festzustellen.<\/li>\n<li>Sorgen Sie f\u00fcr ausreichende Schmierung, um Reibung und W\u00e4rme zu minimieren.<\/li>\n<li>Dichtungen regelm\u00e4\u00dfig austauschen und Kalibrierungspr\u00fcfungen durchf\u00fchren.<\/li>\n<\/ul>\n<h2>Installationshinweise<\/h2>\n<p>Die korrekte Montage des Auslegerzylinders ist entscheidend f\u00fcr seine Funktion. Achten Sie auf die korrekte Ausrichtung des Zylinders zur Maschine, um unn\u00f6tige Belastungen und m\u00f6gliche Sch\u00e4den zu vermeiden. Verwenden Sie geeignete Montagehalterungen zur Befestigung des Zylinders und beachten Sie die Herstellervorgaben f\u00fcr die Hydraulikanschl\u00fcsse. Testen Sie das System nach der Installation auf Dichtheit und Funktion, bevor Sie es in den regul\u00e4ren Betrieb nehmen.<\/p>\n<h2>Allgemeine Wartungsaufgaben<\/h2>\n<ul>\n<li><strong>Regelm\u00e4\u00dfige Inspektionen:<\/strong> Regelm\u00e4\u00dfige Inspektionen helfen, potenzielle Probleme fr\u00fchzeitig zu erkennen und rechtzeitig zu beheben, bevor sie sich zu gr\u00f6\u00dferen Problemen ausweiten.<\/li>\n<li><strong>Geeignete Schmierung:<\/strong> Eine gleichm\u00e4\u00dfige Schmierung ist unerl\u00e4sslich, um Reibung und Verschlei\u00df an beweglichen Teilen zu reduzieren und so einen reibungslosen Betrieb des Zylinders zu gew\u00e4hrleisten.<\/li>\n<li><strong>Dichtungsaustausch:<\/strong> Der regelm\u00e4\u00dfige Austausch der Dichtungen ist notwendig, um eine optimale Leistung zu gew\u00e4hrleisten und Hydraulikfl\u00fcssigkeitslecks zu vermeiden.<\/li>\n<\/ul>\n<h2>Sicherheitsaspekte und Umweltfaktoren<\/h2>\n<p>Bei der Verwendung von Auslegerzylindern ist die Einhaltung der Sicherheitsvorschriften unerl\u00e4sslich. Die Bediener m\u00fcssen geschult sein, die potenziellen Gefahren von Hydrauliksystemen, wie Druckaufbau und m\u00f6gliche Leckagen, zu erkennen. Die Ber\u00fccksichtigung von Umweltaspekten, wie die ordnungsgem\u00e4\u00dfe Entsorgung von Fl\u00fcssigkeiten und das Management von Leckagen, ist entscheidend, um die Umweltbelastung zu minimieren.<\/p>\n<h2>Fehlerbehebung und h\u00e4ufige Probleme<\/h2>\n<ul>\n<li><strong>Hydraulikfl\u00fcssigkeitslecks:<\/strong> Pr\u00fcfen Sie Dichtungen und Verbindungen auf Anzeichen von Verschlei\u00df oder Besch\u00e4digung; ersetzen Sie Dichtungen gegebenenfalls.<\/li>\n<li><strong>Schlechte Leistung:<\/strong> Pr\u00fcfen Sie den Hydraulikfl\u00fcssigkeitsstand und den Zustand der Filter; stellen Sie sicher, dass eine ordnungsgem\u00e4\u00dfe Schmierung gew\u00e4hrleistet ist.<\/li>\n<li><strong>Unerwartete Verschiebung:<\/strong> Pr\u00fcfen Sie die Ausrichtung und Montage; stellen Sie sicher, dass der Zylinder ordnungsgem\u00e4\u00df befestigt und eingestellt ist.<\/li>\n<\/ul>\n<h2>Wartungstipps und L\u00f6sungen<\/h2>\n<p>Um Probleme mit Auslegerzylindern effektiv zu diagnostizieren und zu beheben, ist eine proaktive Wartung unerl\u00e4sslich. \u00dcberpr\u00fcfen Sie regelm\u00e4\u00dfig auf Verschlei\u00dferscheinungen und beheben Sie diese umgehend, um kostspielige Reparaturen zu vermeiden. Durch vorbeugende Ma\u00dfnahmen wie die Sicherstellung einer ordnungsgem\u00e4\u00dfen Schmierung und regelm\u00e4\u00dfige Inspektionen minimieren Sie das Risiko von Komplikationen aufgrund von Vernachl\u00e4ssigung.<\/p>\n<p><img decoding=\"async\" src=\"https:\/\/www.hydraulic-cylinders.net\/wp-content\/uploads\/2025\/04\/songte-bushings-with-all-kinds-of-excavator-models.webp\" alt=\"Buchsenmodelle\"><\/p>\n<h2>Unternehmens\u00fcbersicht<\/h2>\n<p>Wir sind ein f\u00fchrender Hersteller von Hydraulikzylindern und bieten ein breites Produktsortiment f\u00fcr den nationalen und internationalen Markt. Unser Anspruch an Exzellenz spiegelt sich in unseren ausgefeilten Fertigungsstrategien und unserem hohen Qualit\u00e4tsanspruch wider, der durch fortschrittliche Technologien und qualifizierte Mitarbeiter gew\u00e4hrleistet wird. Dank unserer hohen Effizienz, Pr\u00e4zision und Qualit\u00e4t erf\u00fcllen wir die vielf\u00e4ltigen Bed\u00fcrfnisse unserer Kunden optimal.<\/p>\n<p><img decoding=\"async\" src=\"https:\/\/www.hydraulic-cylinders.net\/wp-content\/uploads\/2025\/04\/songte-company-4.webp\" alt=\"Firmen\u00fcbersicht 1\"><br \/>\n<img decoding=\"async\" src=\"https:\/\/www.hydraulic-cylinders.net\/wp-content\/uploads\/2025\/04\/songte-company-3.webp\" alt=\"Unternehmens\u00fcbersicht 2\"><\/p>\n<p>Autor: lyl<\/p>","protected":false},"excerpt":{"rendered":"<p>Boom Cylinder For Bobcat Small Excavator E50 Product Overview The boom cylinder is an essential component in the hydraulic system of heavy machinery, specifically designed for controlling the movement of equipment buckets. This hydraulic cylinder allows for precise lifting, lowering, and tilting of the bucket, facilitating efficient material handling tasks across various industries. Definition and [&hellip;]<\/p>","protected":false},"featured_media":17868,"comment_status":"open","ping_status":"closed","template":"","meta":{"_et_pb_use_builder":"","_et_pb_old_content":"","_et_gb_content_width":""},"product_brand":[],"product_cat":[1546],"product_tag":[1547,1496],"class_list":{"0":"post-19408","1":"product","2":"type-product","3":"status-publish","4":"has-post-thumbnail","6":"product_cat-boom-cylinders","7":"product_tag-boom-cylinders","8":"product_tag-hydraulic-cylinders","10":"first","11":"instock","12":"shipping-taxable","13":"product-type-simple"},"amp_enabled":true,"_links":{"self":[{"href":"https:\/\/www.hydraulic-cylinders.net\/de\/wp-json\/wp\/v2\/product\/19408","targetHints":{"allow":["GET"]}}],"collection":[{"href":"https:\/\/www.hydraulic-cylinders.net\/de\/wp-json\/wp\/v2\/product"}],"about":[{"href":"https:\/\/www.hydraulic-cylinders.net\/de\/wp-json\/wp\/v2\/types\/product"}],"replies":[{"embeddable":true,"href":"https:\/\/www.hydraulic-cylinders.net\/de\/wp-json\/wp\/v2\/comments?post=19408"}],"wp:featuredmedia":[{"embeddable":true,"href":"https:\/\/www.hydraulic-cylinders.net\/de\/wp-json\/wp\/v2\/media\/17868"}],"wp:attachment":[{"href":"https:\/\/www.hydraulic-cylinders.net\/de\/wp-json\/wp\/v2\/media?parent=19408"}],"wp:term":[{"taxonomy":"product_brand","embeddable":true,"href":"https:\/\/www.hydraulic-cylinders.net\/de\/wp-json\/wp\/v2\/product_brand?post=19408"},{"taxonomy":"product_cat","embeddable":true,"href":"https:\/\/www.hydraulic-cylinders.net\/de\/wp-json\/wp\/v2\/product_cat?post=19408"},{"taxonomy":"product_tag","embeddable":true,"href":"https:\/\/www.hydraulic-cylinders.net\/de\/wp-json\/wp\/v2\/product_tag?post=19408"}],"curies":[{"name":"wp","href":"https:\/\/api.w.org\/{rel}","templated":true}]}}