{"id":19445,"date":"2025-04-07T06:47:52","date_gmt":"2025-04-07T06:47:52","guid":{"rendered":"https:\/\/www.hydraulic-cylinders.net\/product\/boom-cylinder-for-case-middle-excavator-cx240b\/"},"modified":"2025-04-07T06:47:54","modified_gmt":"2025-04-07T06:47:54","slug":"boom-cylinder-for-case-middle-excavator-cx240b","status":"publish","type":"product","link":"https:\/\/www.hydraulic-cylinders.net\/de\/produkt\/boom-cylinder-for-case-middle-excavator-cx240b\/","title":{"rendered":"Auslegerzylinder f\u00fcr Case Mittelbagger CX240B"},"content":{"rendered":"<h1>Auslegerzylinder f\u00fcr Case Mittelbagger CX240B<\/h1>\n<h2>Definition und \u00dcbersicht des Schaufelzylinders<\/h2>\n<p>Der Schaufelzylinder, auch Auslegerzylinder genannt, ist eine Schl\u00fcsselkomponente in Hydrauliksystemen verschiedener Baumaschinen wie Bagger, Baggerlader und Radlader. Er erm\u00f6glicht die Bewegung der Schaufel und damit deren Heben, Senken und Neigen beim Materialumschlag. Seine Konstruktion ist essenziell f\u00fcr effizienten Betrieb und hohe Produktivit\u00e4t auf Baustellen und in der Landwirtschaft. Die pr\u00e4zise Positionierung der Schaufel ist entscheidend f\u00fcr Aufgaben wie Graben, Laden und Transportieren von Materialien. Die kontrollierte Bewegung dieser Zylinder verbessert die Funktionalit\u00e4t von Baumaschinen erheblich und macht sie zu einem unverzichtbaren Bestandteil moderner Maschinen.<\/p>\n<p><img decoding=\"async\" src=\"https:\/\/www.hydraulic-cylinders.net\/wp-content\/uploads\/2025\/04\/songte-company-1.webp\" alt=\"Auslegerzylinder\"><\/p>\n<h2>Merkmale des Auslegerzylinders<\/h2>\n<ul>\n<li><strong>Hohe Festigkeit und Haltbarkeit:<\/strong> Hergestellt aus hochfestem Stahl oder Aluminium, h\u00e4lt es hohem Druck und schweren Belastungen stand. Entwickelt f\u00fcr Langlebigkeit unter rauen Arbeitsbedingungen, mit Verschlei\u00df- und Korrosionsbest\u00e4ndigkeit f\u00fcr eine lange Lebensdauer.<\/li>\n<li><strong>Effizienter Hydraulikbetrieb:<\/strong> Erm\u00f6glicht ein reibungsloses Teleskopieren durch den Einsatz von Hydraulik\u00f6ldruck, reagiert schnell auf Steuerbefehle und bietet eine erhebliche Schub- und Zugkraft, die f\u00fcr schwere und komplexe Aufgaben geeignet ist.<\/li>\n<li><strong>Verschiedene Typen:<\/strong> Erh\u00e4ltlich in einfachwirkender (hydraulischer Druck in eine Richtung) oder doppeltwirkender (hydraulischer Druck in beide Richtungen) Ausf\u00fchrung, um verschiedenen Einsatzanforderungen gerecht zu werden. Einige Modelle sind teleskopierbar und erm\u00f6glichen so eine gr\u00f6\u00dfere Auszugsl\u00e4nge ohne Vergr\u00f6\u00dferung der Au\u00dfenabmessungen \u2013 ideal f\u00fcr beengte Platzverh\u00e4ltnisse.<\/li>\n<\/ul>\n<p>Wir fertigen dieses Produkt so, dass es perfekt als Ersatz f\u00fcr vorhandene Hydraulikzylinder geeignet ist.<\/p>\n<p><img decoding=\"async\" src=\"https:\/\/www.hydraulic-cylinders.net\/wp-content\/uploads\/2025\/04\/songte-cylinder-head-with-all-kinds-excavator-models.webp\" alt=\"Optionen f\u00fcr Hydraulikzylinder\"><\/p>\n<h2>Anwendungsbereiche des Hydraulikzylinders<\/h2>\n<h3>Baumaschinen<\/h3>\n<p>Bei Baggern sind die Schaufelzylinder unverzichtbar f\u00fcr das Graben, Laden und Bewegen von Erde oder Bauschutt. Sie erm\u00f6glichen die pr\u00e4zise Steuerung, die f\u00fcr Aushubarbeiten notwendig ist, und erlauben dem Bediener, die Schaufel effektiv zu man\u00f6vrieren und Material effizient in Lkw oder andere Maschinen zu verladen. Bei Baggerladern unterst\u00fctzt der Schaufelzylinder sowohl das Graben als auch das Heben und ist somit ein wesentlicher Bestandteil der Ger\u00e4tefunktionalit\u00e4t.<\/p>\n<h3>Landmaschinen<\/h3>\n<p>Bei Frontladern werden Schaufelzylinder zum Schaufeln, Anheben und Transportieren von Erde, Heu und anderen Materialien eingesetzt. Die F\u00e4higkeit des Hydraulikzylinders, erhebliche Kr\u00e4fte aufzubringen, erm\u00f6glicht das einfache Bewegen schwerer Lasten und tr\u00e4gt so zur Zeiteffizienz in der Landwirtschaft bei. Da die Landwirtschaft zunehmend auf Maschinen angewiesen ist, wird die Rolle der Schaufelzylinder immer wichtiger.<\/p>\n<h3>Bagger<\/h3>\n<p>Bei Baggern erm\u00f6glicht der Schaufelzylinder das Eindringen der Schaufel in den Boden und somit ein effektives Graben. Diese F\u00e4higkeit ist f\u00fcr vielf\u00e4ltige Anwendungen unerl\u00e4sslich, von der Baustellenvorbereitung bis hin zum Landschaftsbau. Die hydraulische Steuerung gew\u00e4hrleistet, dass die Bediener die gew\u00fcnschte Tiefe und den gew\u00fcnschten Winkel erreichen und so die Gesamtleistung und Produktivit\u00e4t steigern.<\/p>\n<h3>Lader<\/h3>\n<p>Bei Frontladern unterst\u00fctzen die Zylinder der Schaufel das effiziente Heben und Abladen von Lasten. Das Hydrauliksystem liefert die n\u00f6tige Kraft, um schwere Materialien anzuheben, sodass die Maschine eine Vielzahl von Aufgaben \u2013 vom Entladen von Materialien bis zur Baustellenreinigung \u2013 problemlos bew\u00e4ltigen kann.<\/p>\n<h2>Design\u00fcberlegungen und Auswahlkriterien<\/h2>\n<h3>Tragf\u00e4higkeit<\/h3>\n<p>Die Tragf\u00e4higkeit eines Schaufelzylinders ist ein entscheidender Konstruktionsfaktor. Er muss ausreichend stabil sein, um das jeweilige Gewicht und die Art des zu f\u00f6rdernden Materials zu bew\u00e4ltigen. Hersteller bewerten daher verschiedene Faktoren wie Zylinderdurchmesser, Hubl\u00e4nge und Materialfestigkeit, um eine optimale Tragf\u00e4higkeit zu gew\u00e4hrleisten. Sorgf\u00e4ltige Berechnungen und Simulationen werden durchgef\u00fchrt, um das Verhalten unter verschiedenen Bedingungen vorherzusagen und so die Zuverl\u00e4ssigkeit und Sicherheit im Betrieb zu erh\u00f6hen.<\/p>\n<h3>Dichtungsintegrit\u00e4t<\/h3>\n<p>Das Dichtungssystem ist unerl\u00e4sslich f\u00fcr die Aufrechterhaltung des Hydraulikdrucks und die Vermeidung von Leckagen. Hochwertige Dichtungen aus Materialien wie Polyurethan und Nitrilkautschuk werden h\u00e4ufig eingesetzt, um hohem Druck standzuhalten und eine lange Lebensdauer zu gew\u00e4hrleisten. Eine einwandfreie Abdichtung stellt sicher, dass die Hydraulikfl\u00fcssigkeit im System bleibt, was f\u00fcr einen effektiven Betrieb entscheidend ist und den Wartungsaufwand reduziert. Regelm\u00e4\u00dfige Dichtungspr\u00fcfungen sind notwendig, um die dauerhafte Funktionsf\u00e4higkeit der Dichtungen zu gew\u00e4hrleisten und mechanische Ausf\u00e4lle sowie Betriebsunterbrechungen zu vermeiden.<\/p>\n<h3>Haltbarkeit<\/h3>\n<p>Langlebigkeit ist ein grundlegender Konstruktionsaspekt, insbesondere in Umgebungen mit rauen Bedingungen. Die verwendeten Werkstoffe, wie beispielsweise hochfester Stahl, werden aufgrund ihrer Verschlei\u00df- und Korrosionsbest\u00e4ndigkeit ausgew\u00e4hlt. Die Konstruktionen beinhalten h\u00e4ufig Oberfl\u00e4chenbehandlungen oder Beschichtungen, die die Best\u00e4ndigkeit gegen\u00fcber Umwelteinfl\u00fcssen erh\u00f6hen. Ein langlebiger Schaufelzylinder gew\u00e4hrleistet eine lange Lebensdauer und reduziert die H\u00e4ufigkeit von Austausch und Reparaturen, wodurch die Kosten f\u00fcr die Betreiber gesenkt werden.<\/p>\n<h3>Sicherheitsfunktionen<\/h3>\n<p>Sicherheit hat bei der Konstruktion von Hydraulikzylindern h\u00f6chste Priorit\u00e4t. Hersteller integrieren verschiedene Sicherheitsmerkmale, darunter \u00dcberlastschutzmechanismen und Druckbegrenzungsventile, um Unf\u00e4lle im Betrieb zu verhindern. Diese Merkmale gew\u00e4hrleisten, dass das System bei \u00dcberschreitung der Zylinderkapazit\u00e4t den Druck sicher abbauen kann. Dadurch wird das Risiko katastrophaler Ausf\u00e4lle minimiert und Bediener sowie Maschinen gesch\u00fctzt.<\/p>\n<h3>Wartungszug\u00e4nglichkeit<\/h3>\n<p>Die wartungsfreundliche Konstruktion ist entscheidend f\u00fcr Langlebigkeit und Zuverl\u00e4ssigkeit. Leicht zug\u00e4ngliche Stellen f\u00fcr Schmierung, Inspektion und Reparatur k\u00f6nnen Ausfallzeiten deutlich reduzieren. Hersteller konstruieren Zylinder h\u00e4ufig mit modularen, einfach austauschbaren Komponenten, was schnelle Reparaturen erm\u00f6glicht und Betriebsunterbrechungen minimiert. Regelm\u00e4\u00dfige Wartungspr\u00fcfungen sind unerl\u00e4sslich, um Probleme fr\u00fchzeitig zu erkennen, bevor sie sich zu gr\u00f6\u00dferen St\u00f6rungen ausweiten.<\/p>\n<p><img decoding=\"async\" src=\"https:\/\/www.hydraulic-cylinders.net\/wp-content\/uploads\/2025\/04\/songte-oil-pipes-and-spare-parts.webp\" alt=\"Hydraulikzylinderteile\"><\/p>\n<h2>Abdichtung und Schmierung des Hydraulikzylinders<\/h2>\n<p>Die effektive Abdichtung und Schmierung von Hydraulikzylindern ist f\u00fcr deren optimale Leistung unerl\u00e4sslich. Verschiedene Dichtungselemente, wie Kolben- und Stangendichtungen, spielen eine wichtige Rolle bei der Aufrechterhaltung des Hydraulikdrucks und der Verhinderung von Fl\u00fcssigkeitsverlusten. Diese Dichtungen bestehen h\u00e4ufig aus verschlei\u00dffesten Materialien wie Polyurethan, um den rauen Betriebsbedingungen dieser Zylinder standzuhalten.<\/p>\n<p>Der Zylinderk\u00f6rper und die Gewindeenden werden pr\u00e4zisionsbearbeitet, um die Verschlei\u00dffestigkeit zu erh\u00f6hen, einen dichten Sitz der Dichtungen zu gew\u00e4hrleisten und den Verschlei\u00df im Laufe der Zeit zu reduzieren. Regelm\u00e4\u00dfige Schmierung mit dem geeigneten Hydraulik\u00f6l ist ebenfalls unerl\u00e4sslich, da sie eine reibungslose Bewegung erm\u00f6glicht und die Reibung zwischen den beweglichen Teilen verringert. Eine ordnungsgem\u00e4\u00dfe Schmierung tr\u00e4gt zur Erhaltung der Zylindereffizienz und zur Verl\u00e4ngerung seiner Lebensdauer bei.<\/p>\n<h2>Regelm\u00e4\u00dfige Inspektion und vorbeugende Wartungsma\u00dfnahmen<\/h2>\n<ul>\n<li><strong>Regelm\u00e4\u00dfige Inspektionen:<\/strong> Regelm\u00e4\u00dfige Inspektionen sind unerl\u00e4sslich, um Verschlei\u00df oder Besch\u00e4digungen fr\u00fchzeitig zu erkennen. Pr\u00fcfen Sie Dichtungen, Schl\u00e4uche und Anschl\u00fcsse auf Undichtigkeiten oder Abnutzungserscheinungen. Regelm\u00e4\u00dfige Kontrollen beugen unerwarteten Ausf\u00e4llen vor.<\/li>\n<li><strong>Richtige Schmierung:<\/strong> Stellen Sie sicher, dass der Hydraulik\u00f6lstand korrekt ist und das \u00d6l sauber ist. Tauschen Sie verunreinigtes \u00d6l regelm\u00e4\u00dfig aus, um einen effizienten Betrieb zu gew\u00e4hrleisten und Sch\u00e4den am Zylinder zu vermeiden.<\/li>\n<li><strong>Dichtungswechsel:<\/strong> \u00dcberpr\u00fcfen Sie regelm\u00e4\u00dfig die Dichtungen auf Dichtheit und tauschen Sie sie aus, sobald Verschlei\u00dferscheinungen erkennbar sind. Abgenutzte Dichtungen k\u00f6nnen zu erheblichem Hydraulikfl\u00fcssigkeitsverlust f\u00fchren und die Leistung beeintr\u00e4chtigen.<\/li>\n<\/ul>\n<h2>Installationsanleitung f\u00fcr den Hydraulikzylinder<\/h2>\n<p>Die korrekte Montage des Auslegerzylinders ist entscheidend f\u00fcr seine Leistung und Lebensdauer. Stellen Sie zun\u00e4chst sicher, dass die Montagefl\u00e4chen sauber und frei von Verunreinigungen sind. Richten Sie den Zylinder an den Montagehalterungen aus und verwenden Sie geeignetes Befestigungsmaterial, um ihn zu fixieren. Beachten Sie unbedingt die vom Hersteller vorgegebenen Drehmomenteinstellungen, um einen festen Sitz zu gew\u00e4hrleisten. Eine falsche Ausrichtung kann zu ungleichm\u00e4\u00dfigem Verschlei\u00df und vorzeitigem Ausfall f\u00fchren. \u00dcberpr\u00fcfen Sie daher die Ausrichtung sorgf\u00e4ltig, bevor Sie alles endg\u00fcltig befestigen.<\/p>\n<p>Schlie\u00dfen Sie nach der Installation die Hydraulikleitungen an und achten Sie darauf, dass keine Knicke oder scharfen Biegungen vorhanden sind, die den Fl\u00fcssigkeitsfluss behindern k\u00f6nnten. Bef\u00fcllen Sie das Hydrauliksystem anschlie\u00dfend mit dem empfohlenen Hydraulik\u00f6l und entl\u00fcften Sie die Leitungen, um einen reibungslosen Betrieb zu gew\u00e4hrleisten. F\u00fchren Sie abschlie\u00dfend einen Probelauf durch, um Dichtheit und einwandfreie Funktion zu \u00fcberpr\u00fcfen. Diese vorausschauende Vorgehensweise kann die Leistung und Lebensdauer des Zylinders deutlich verbessern.<\/p>\n<h2>Allgemeine Wartungsaufgaben<\/h2>\n<ul>\n<li><strong>Regelm\u00e4\u00dfige Inspektionen:<\/strong> F\u00fchren Sie regelm\u00e4\u00dfige Kontrollen auf Verschlei\u00df durch. Regelm\u00e4\u00dfige Inspektionen helfen, Probleme fr\u00fchzeitig zu erkennen und so einen effizienten Betrieb des Zylinders zu gew\u00e4hrleisten.<\/li>\n<li><strong>Geeignete Schmierung:<\/strong> Achten Sie auf einen ausreichenden Schmierstoffstand und wechseln Sie das Hydraulik\u00f6l bei Bedarf. Dadurch wird ein reibungsloser Betrieb des Zylinders gew\u00e4hrleistet und das Verschlei\u00dfrisiko verringert.<\/li>\n<li><strong>Dichtungswechsel und Kalibrierungspr\u00fcfungen:<\/strong> Pr\u00fcfen Sie regelm\u00e4\u00dfig den Zustand der Dichtungen und tauschen Sie diese gegebenenfalls aus. Kalibrierungspr\u00fcfungen gew\u00e4hrleisten den Betrieb des Zylinders innerhalb der vorgegebenen Parameter und verbessern so Sicherheit und Leistung.<\/li>\n<\/ul>\n<p>F\u00fcr den Betrieb des Auslegerzylinders sind die korrekte Montage, Schmierung und Justierung entscheidend. Achten Sie bei der Montage auf die korrekte Ausrichtung des Zylinders. Die Verwendung geeigneter Montagehalterungen zur Befestigung des Zylinders wird empfohlen. Um die Lebensdauer des Zylinders zu verl\u00e4ngern, sollten Sie regelm\u00e4\u00dfig die empfohlenen Verfahren zur Inspektion, Reparatur und zum Austausch der Komponenten befolgen.<\/p>\n<p><img decoding=\"async\" src=\"https:\/\/www.hydraulic-cylinders.net\/wp-content\/uploads\/2025\/04\/songte-chushion-collar.webp\" alt=\"Kissenkragen\"><\/p>\n<h2>Sicherheitsaspekte und Umweltfaktoren<\/h2>\n<p>Sicherheitsma\u00dfnahmen sind beim Umgang mit Hydraulikzylindern unerl\u00e4sslich. Bediener m\u00fcssen die Sicherheitsrichtlinien stets einhalten, um Unf\u00e4lle und Verletzungen zu vermeiden. Das Tragen geeigneter pers\u00f6nlicher Schutzausr\u00fcstung (PSA) wie Handschuhe und Schutzbrille ist von entscheidender Bedeutung. Dar\u00fcber hinaus k\u00f6nnen das Wissen um die Betriebsgrenzen des Ger\u00e4ts und die Vermeidung von \u00dcberlastung des Zylinders Ausf\u00e4lle verhindern und die Sicherheit erh\u00f6hen. Die Ber\u00fccksichtigung von Umgebungsfaktoren wie Temperatur und Kontakt mit korrosiven Substanzen kann die Lebensdauer von Hydraulikzylindern verl\u00e4ngern. Bediener sollten stets f\u00fcr eine saubere Arbeitsumgebung sorgen, um Verschmutzungen und Verschlei\u00df zu minimieren.<\/p>\n<h2>Fehlerbehebung bei h\u00e4ufigen Problemen<\/h2>\n<ul>\n<li><strong>Hydraulikfl\u00fcssigkeitslecks:<\/strong> Pr\u00fcfen Sie die Dichtungen auf Verschlei\u00df und tauschen Sie sie gegebenenfalls aus. Untersuchen Sie Schl\u00e4uche und Anschl\u00fcsse auf Besch\u00e4digungen. Regelm\u00e4\u00dfige Wartung beugt Leckagen vor, bevor sie zu gr\u00f6\u00dferen Problemen f\u00fchren.<\/li>\n<li><strong>Verminderte Zylinderleistung:<\/strong> Pr\u00fcfen Sie den Hydraulikfl\u00fcssigkeitsstand und tauschen Sie verunreinigtes \u00d6l aus. Ein niedriger Fl\u00fcssigkeitsstand kann zu tr\u00e4gem Betrieb f\u00fchren, daher sind regelm\u00e4\u00dfige Kontrollen unerl\u00e4sslich.<\/li>\n<li><strong>Seltsame Ger\u00e4usche w\u00e4hrend des Betriebs:<\/strong> Ungew\u00f6hnliche Ger\u00e4usche k\u00f6nnen auf inneren Verschlei\u00df oder Besch\u00e4digungen hinweisen. \u00dcberpr\u00fcfen Sie den Zylinder und die Bauteile auf Anzeichen von Besch\u00e4digungen oder Fehlausrichtung.<\/li>\n<\/ul>\n<p>Durch die Bereitstellung effektiver Tipps und L\u00f6sungen zur Fehlerbehebung k\u00f6nnen die Bediener Probleme mit Hydraulikzylindern schnell erkennen und beheben, wodurch Ausfallzeiten minimiert und die Effizienz aufrechterhalten werden.<\/p>\n<p>Vorbeugende Ma\u00dfnahmen wie regelm\u00e4\u00dfige Wartungschecks und die Einhaltung der Betriebsrichtlinien k\u00f6nnen die Wahrscheinlichkeit, dass diese Probleme \u00fcberhaupt auftreten, erheblich verringern.<\/p>\n<p><img decoding=\"async\" src=\"https:\/\/www.hydraulic-cylinders.net\/wp-content\/uploads\/2025\/04\/songte-bushings-with-all-kinds-of-excavator-models.webp\" alt=\"Baggerbuchsen\"><\/p>\n<h2>\u00dcber uns<\/h2>\n<p>Wir sind ein f\u00fchrender Hersteller von Hydraulikzylindern und bieten ein umfassendes Produktsortiment. Unser Streben nach Exzellenz hat uns zu einem der f\u00fchrenden Hersteller und Gro\u00dfh\u00e4ndler von Hydraulikzylindern auf nationalen und internationalen M\u00e4rkten gemacht. Wir verfolgen eine Strategie optimierten Fertigungsmanagements und verbessern unsere Produktionskapazit\u00e4ten kontinuierlich durch fortschrittliche Technologien, qualifiziertes Personal und strenge Testverfahren.<\/p>\n<p>Unser Fokus auf hohe Effizienz, Pr\u00e4zision und Qualit\u00e4t stellt sicher, dass wir die vielf\u00e4ltigen Bed\u00fcrfnisse unserer Kunden erf\u00fcllen. Wir bieten professionelle, kundenspezifische L\u00f6sungen, internationale Zertifizierungen f\u00fcr unsere Produkte und einen umfassenden Kundendienst, um die Kundenzufriedenheit zu gew\u00e4hrleisten. Unsere Produktionsanlagen sind mit modernster Technik ausgestattet, die es uns erm\u00f6glicht, hochwertige Hydraulikzylinder nach Kundenspezifikation herzustellen.<\/p>\n<p><img decoding=\"async\" src=\"https:\/\/www.hydraulic-cylinders.net\/wp-content\/uploads\/2025\/04\/songte-company-4.webp\" alt=\"Unternehmens\u00fcbersicht\"><br \/>\n<img decoding=\"async\" src=\"https:\/\/www.hydraulic-cylinders.net\/wp-content\/uploads\/2025\/04\/songte-company-3.webp\" alt=\"Produktion von Hydraulikzylindern\"><\/p>\n<p>Autor: lyl<\/p>","protected":false},"excerpt":{"rendered":"<p>Boom Cylinder For Case Middle Excavator CX240B Definition and Overview of the Bucket Cylinder The bucket cylinder, also known as the boom cylinder, is a critical component in hydraulic systems used in various heavy machinery, including excavators, backhoe loaders, and front loaders. This hydraulic cylinder enables the movement of the bucket, allowing it to lift, [&hellip;]<\/p>","protected":false},"featured_media":17874,"comment_status":"open","ping_status":"closed","template":"","meta":{"_et_pb_use_builder":"","_et_pb_old_content":"","_et_gb_content_width":""},"product_brand":[],"product_cat":[1546],"product_tag":[1547,1496],"class_list":{"0":"post-19445","1":"product","2":"type-product","3":"status-publish","4":"has-post-thumbnail","6":"product_cat-boom-cylinders","7":"product_tag-boom-cylinders","8":"product_tag-hydraulic-cylinders","10":"first","11":"instock","12":"shipping-taxable","13":"product-type-simple"},"amp_enabled":true,"_links":{"self":[{"href":"https:\/\/www.hydraulic-cylinders.net\/de\/wp-json\/wp\/v2\/product\/19445","targetHints":{"allow":["GET"]}}],"collection":[{"href":"https:\/\/www.hydraulic-cylinders.net\/de\/wp-json\/wp\/v2\/product"}],"about":[{"href":"https:\/\/www.hydraulic-cylinders.net\/de\/wp-json\/wp\/v2\/types\/product"}],"replies":[{"embeddable":true,"href":"https:\/\/www.hydraulic-cylinders.net\/de\/wp-json\/wp\/v2\/comments?post=19445"}],"wp:featuredmedia":[{"embeddable":true,"href":"https:\/\/www.hydraulic-cylinders.net\/de\/wp-json\/wp\/v2\/media\/17874"}],"wp:attachment":[{"href":"https:\/\/www.hydraulic-cylinders.net\/de\/wp-json\/wp\/v2\/media?parent=19445"}],"wp:term":[{"taxonomy":"product_brand","embeddable":true,"href":"https:\/\/www.hydraulic-cylinders.net\/de\/wp-json\/wp\/v2\/product_brand?post=19445"},{"taxonomy":"product_cat","embeddable":true,"href":"https:\/\/www.hydraulic-cylinders.net\/de\/wp-json\/wp\/v2\/product_cat?post=19445"},{"taxonomy":"product_tag","embeddable":true,"href":"https:\/\/www.hydraulic-cylinders.net\/de\/wp-json\/wp\/v2\/product_tag?post=19445"}],"curies":[{"name":"wp","href":"https:\/\/api.w.org\/{rel}","templated":true}]}}