{"id":19457,"date":"2025-04-07T06:48:40","date_gmt":"2025-04-07T06:48:40","guid":{"rendered":"https:\/\/www.hydraulic-cylinders.net\/product\/boom-cylinder-for-world-small-excavator-w218\/"},"modified":"2025-04-07T06:48:42","modified_gmt":"2025-04-07T06:48:42","slug":"boom-cylinder-for-world-small-excavator-w218","status":"publish","type":"product","link":"https:\/\/www.hydraulic-cylinders.net\/de\/produkt\/boom-cylinder-for-world-small-excavator-w218\/","title":{"rendered":"Auslegerzylinder f\u00fcr World Kleinbagger W218"},"content":{"rendered":"<h1>Auslegerzylinder f\u00fcr World Kleinbagger W218<\/h1>\n<h2>Produkt\u00fcbersicht<\/h2>\n<p>Der Auslegerzylinder f\u00fcr den World Kleinbagger W218 ist ein Spezialhydraulikzylinder zur Steuerung der L\u00f6ffelbewegung in verschiedenen Baumaschinen, darunter Bagger, Baggerlader und Radlader. Mit diesem Hydraulikzylinder l\u00e4sst sich der L\u00f6ffel heben, senken und neigen, was ein effizientes Umschlagverhalten erm\u00f6glicht. Der L\u00f6ffelzylinder spielt eine entscheidende Rolle in den Hydrauliksystemen von Baumaschinen und gew\u00e4hrleistet pr\u00e4zise Arbeitsabl\u00e4ufe beim Graben, Laden und Transportieren von Materialien.<\/p>\n<p><img decoding=\"async\" src=\"https:\/\/www.hydraulic-cylinders.net\/wp-content\/uploads\/2025\/04\/songte-company-1.webp\" alt=\"Auslegerzylinder f\u00fcr Bagger\" \/><\/p>\n<h3>Definition und Funktionalit\u00e4t<\/h3>\n<p>Der Schaufelzylinder ist ein Hydraulikzylinder, der Hydraulikfl\u00fcssigkeit f\u00fcr eine lineare Bewegung nutzt. Er arbeitet unter Druck und erm\u00f6glicht es schweren Maschinen, Aufgaben mit gro\u00dfer Kraft und Pr\u00e4zision auszuf\u00fchren. Bei der Konstruktion dieses Zylinders wurden Faktoren wie Festigkeit, Langlebigkeit und Korrosionsbest\u00e4ndigkeit ber\u00fccksichtigt, wodurch er sich f\u00fcr raue Arbeitsumgebungen eignet. Diese Zylinder sind in Bau- und Landmaschinen unverzichtbar und erm\u00f6glichen es den Bedienern, vielf\u00e4ltige Aufgaben reibungslos und effizient zu erledigen.<\/p>\n<h2>Merkmale des Auslegerzylinders<\/h2>\n<ul>\n<li><strong>Hohe Festigkeit und Haltbarkeit:<\/strong> Diese Zylinder werden typischerweise aus hochfestem Stahl oder Aluminium hergestellt und sind in der Lage, hohem Druck und hohen Belastungen standzuhalten, wodurch sie sich f\u00fcr raue Arbeitsbedingungen eignen.<\/li>\n<li><strong>Effizienter Hydraulikbetrieb:<\/strong> Durch den Einsatz von Hydraulik\u00f6ldruck wird ein reibungsloses Aus- und Einfahren erm\u00f6glicht, was eine schnelle Reaktion auf Steuerbefehle und eine starke Schub- und Zugkraft gew\u00e4hrleistet.<\/li>\n<li><strong>Verschiedene Typen:<\/strong> Erh\u00e4ltlich in einfachwirkender (einseitig wirkender) oder doppeltwirkender (beidseitig wirkender) Ausf\u00fchrung, um unterschiedlichen Einsatzanforderungen gerecht zu werden. Einige Modelle verf\u00fcgen \u00fcber ein Teleskopdesign f\u00fcr eine gr\u00f6\u00dfere Reichweite ohne Vergr\u00f6\u00dferung der Au\u00dfenabmessungen.<\/li>\n<li><strong>Korrosionsbest\u00e4ndigkeit:<\/strong> Die Konstruktion besteht aus verschlei\u00df- und korrosionsbest\u00e4ndigen Materialien, wodurch die Lebensdauer und Zuverl\u00e4ssigkeit des Hydraulikzylinders auch unter widrigen Bedingungen verl\u00e4ngert werden.<\/li>\n<li><strong>Anpassbare Optionen:<\/strong> Unsere Zylinder k\u00f6nnen individuell an verschiedene Baggermodelle angepasst werden, um sicherzustellen, dass sie den jeweiligen betrieblichen Anforderungen gerecht werden.<\/li>\n<\/ul>\n<p><img decoding=\"async\" src=\"https:\/\/www.hydraulic-cylinders.net\/wp-content\/uploads\/2025\/04\/songte-cylinder-head-with-all-kinds-excavator-models.webp\" alt=\"Zylinderkopf f\u00fcr Bagger\" \/><\/p>\n<h2>Anwendungen des Auslegerzylinders<\/h2>\n<h3>Baumaschinen<\/h3>\n<p>Bei Baggern sind die Auslegerzylinder unverzichtbar f\u00fcr das Graben, Laden und Bewegen von Erde oder Bauschutt. Sie erm\u00f6glichen dem Bediener die Kontrolle von Tiefe und Winkel der Schaufel und verbessern so Effizienz und Pr\u00e4zision bei Aushubarbeiten. Ihre zuverl\u00e4ssige Funktion tr\u00e4gt zur Reduzierung von Betriebsstillstandszeiten bei und macht sie zu einem unverzichtbaren Bestandteil auf Baustellen.<\/p>\n<h3>Landmaschinen<\/h3>\n<p>Bei Frontladern erleichtern Auslegerzylinder das Schaufeln, Anheben und Transportieren von Erde, Heu und anderen Materialien. Ihre F\u00e4higkeit, schwere Lasten schnell zu bewegen, steigert die Produktivit\u00e4t in der Landwirtschaft und erm\u00f6glicht eine effiziente Landbewirtschaftung und Ernte. Diese Vielseitigkeit macht sie im Agrarsektor unverzichtbar.<\/p>\n<h3>Bagger<\/h3>\n<p>Bei Baggern erm\u00f6glicht der Auslegerzylinder dem L\u00f6ffel ein effektives Eindringen in den Boden und damit kraftvolle Grabvorg\u00e4nge. Indem er die notwendige Kraft zum Durchbrechen von hartem Untergrund bereitstellt, optimiert dieser Zylinder den Aushubprozess, was zu k\u00fcrzeren Projektlaufzeiten und geringeren Arbeitskosten f\u00fchrt.<\/p>\n<h3>Lader<\/h3>\n<p>Bei Frontladern unterst\u00fctzen Auslegerzylinder das effiziente Heben und Kippen von Lasten. Ihre Konstruktion erm\u00f6glicht es dem Bediener, verschiedenste Materialien \u2013 von lockerem Erdreich bis hin zu schweren Paletten \u2013 m\u00fchelos zu handhaben. Diese F\u00e4higkeit erweitert die Einsatzm\u00f6glichkeiten des Laders in unterschiedlichen Anwendungsbereichen und gew\u00e4hrleistet maximale Flexibilit\u00e4t im Betrieb.<\/p>\n<h2>Design\u00fcberlegungen und Auswahlkriterien<\/h2>\n<h3>Tragf\u00e4higkeit<\/h3>\n<p>Bei der Auswahl eines Auslegerzylinders ist das Verst\u00e4ndnis seiner Tragf\u00e4higkeit unerl\u00e4sslich. Der Zylinder muss so konstruiert sein, dass er die im Betrieb zu erwartende maximale Last aufnehmen kann. Dabei sind Faktoren wie das Gewicht des zu bewegenden Materials und die spezifischen Anforderungen der Maschine zu ber\u00fccksichtigen. Ein korrekt dimensionierter Zylinder gew\u00e4hrleistet Sicherheit und Effizienz und beugt vorzeitigem Verschlei\u00df und Unf\u00e4llen vor.<\/p>\n<h3>Versiegelung und Haltbarkeit<\/h3>\n<p>Eine effektive Abdichtung ist bei Hydraulikzylindern entscheidend, um Leckagen zu vermeiden und den Druck aufrechtzuerhalten. Hochwertige Dichtungen aus Materialien wie Polyurethan und Nitrilkautschuk sind f\u00fcr Langlebigkeit und optimale Leistung unerl\u00e4sslich. Die Konstruktion muss zudem einen einfachen Dichtungsaustausch erm\u00f6glichen, da regelm\u00e4\u00dfige Wartung f\u00fcr den langfristigen Betrieb unerl\u00e4sslich ist.<\/p>\n<h3>Sicherheitsfunktionen<\/h3>\n<p>Sicherheit sollte bei der Konstruktion von Hydraulikzylindern stets oberste Priorit\u00e4t haben. Der Einbau von Sicherheitsvorrichtungen wie Druckbegrenzungsventilen und \u00dcberlastschutzmechanismen kann schwerwiegende Ausf\u00e4lle verhindern. Die Integration dieser Sicherheitsmerkmale in die Zylinderkonstruktion sch\u00fctzt Bediener und Anlagen im Betrieb.<\/p>\n<p><img decoding=\"async\" src=\"https:\/\/www.hydraulic-cylinders.net\/wp-content\/uploads\/2025\/04\/songte-oil-pipes-and-spare-parts.webp\" alt=\"Hydraulikzylinderteile\" \/><\/p>\n<h2>Abdichtung und Schmierung<\/h2>\n<p>Eine effektive Abdichtung und Schmierung sind f\u00fcr die Leistungsf\u00e4higkeit von Auslegerzylindern unerl\u00e4sslich. Der Einsatz verschiedener Dichtungskomponenten, wie Kolben- und Stangendichtungen, gew\u00e4hrleistet, dass die Hydraulikfl\u00fcssigkeit im Zylinder verbleibt und Leckagen, die den Betrieb beeintr\u00e4chtigen k\u00f6nnten, verhindert werden. Dichtungen aus langlebigen Materialien wie Polyurethan und Nitrilkautschuk bieten Best\u00e4ndigkeit gegen Verschlei\u00df und Umwelteinfl\u00fcsse.<\/p>\n<p>Dar\u00fcber hinaus werden Zylinderk\u00f6rper und Gewindeendfl\u00e4chen einer Feinbearbeitung unterzogen, um die Verschlei\u00dffestigkeit zu erh\u00f6hen. Regelm\u00e4\u00dfige Schmierung mit geeignetem Hydraulik\u00f6l ist erforderlich, um einen reibungslosen Betrieb zu gew\u00e4hrleisten, die Reibung zu minimieren und die Lebensdauer des Zylinders zu verl\u00e4ngern. Die Bediener sollten den \u00d6lstand \u00fcberwachen und bei Bedarf \u00d6l nachf\u00fcllen, um Betriebsst\u00f6rungen zu vermeiden.<\/p>\n<h2>Vorbeugende Wartungsma\u00dfnahmen<\/h2>\n<ul>\n<li><strong>Regelm\u00e4\u00dfige Inspektionen:<\/strong> Regelm\u00e4\u00dfige \u00dcberpr\u00fcfungen des Hydrauliksystems helfen, Verschlei\u00df und potenzielle Probleme fr\u00fchzeitig zu erkennen. Achten Sie auf Lecks, besch\u00e4digte Dichtungen und Verschlei\u00dfspuren am Zylinderk\u00f6rper.<\/li>\n<li><strong>Geeignete Schmierung:<\/strong> Es ist entscheidend, dass der Hydraulik\u00f6lstand korrekt ist und die richtige \u00d6lsorte verwendet wird. Kontrollieren Sie das \u00d6l regelm\u00e4\u00dfig auf Verunreinigungen und tauschen Sie es gem\u00e4\u00df den Herstellerempfehlungen aus.<\/li>\n<li><strong>Dichtungswechsel:<\/strong> \u00dcberpr\u00fcfen Sie die Dichtungen regelm\u00e4\u00dfig auf Anzeichen von Verschlei\u00df. Durch den regelm\u00e4\u00dfigen Austausch der Dichtungen lassen sich Leckagen vermeiden und eine gleichbleibende Leistung sicherstellen. Es ist wichtig, Ersatzdichtungen f\u00fcr schnelle Reparaturen vorr\u00e4tig zu haben.<\/li>\n<\/ul>\n<h2>Installationshinweise<\/h2>\n<p>Die korrekte Montage des Auslegerzylinders ist f\u00fcr optimale Leistung und lange Lebensdauer unerl\u00e4sslich. Stellen Sie zun\u00e4chst sicher, dass der Arbeitsbereich sauber ist und alle ben\u00f6tigten Werkzeuge bereitliegen. Richten Sie den Zylinder pr\u00e4zise an den Montagehalterungen aus, um unn\u00f6tige Belastungen im Betrieb zu vermeiden. Es wird empfohlen, geeignete Montagehalterungen zur sicheren Befestigung des Zylinders zu verwenden.<\/p>\n<p>Achten Sie bei der Installation darauf, dass alle Hydraulikanschl\u00fcsse dicht und leckagefrei sind. Pr\u00fcfen Sie das Hydrauliksystem auf Verstopfungen, die den Durchfluss behindern k\u00f6nnten. F\u00fchren Sie nach der Installation einen Testlauf durch, um sicherzustellen, dass sich der Zylinder reibungslos und ohne ungew\u00f6hnliche Ger\u00e4usche oder Widerstand aus- und einfahren l\u00e4sst.<\/p>\n<h2>Allgemeine Wartungsaufgaben<\/h2>\n<h3>Regelm\u00e4\u00dfige Inspektionen<\/h3>\n<p>Regelm\u00e4\u00dfige Inspektionen des Auslegerzylinders sind unerl\u00e4sslich, um die einwandfreie Funktion aller Komponenten sicherzustellen. Achten Sie auf Verschlei\u00dferscheinungen wie Kratzer am Zylinder oder Bewegungsunregelm\u00e4\u00dfigkeiten. Die fr\u00fchzeitige Erkennung von Problemen kann Kosten f\u00fcr aufwendige Reparaturen sparen und die Betriebssicherheit erh\u00f6hen.<\/p>\n<h3>Richtige Schmierung<\/h3>\n<p>Die ordnungsgem\u00e4\u00dfe Schmierung ist f\u00fcr den reibungslosen Betrieb von Hydraulikzylindern unerl\u00e4sslich. Achten Sie darauf, dass das Hydraulik\u00f6l sauber ist und den empfohlenen F\u00fcllstand aufweist. Kontrollieren Sie regelm\u00e4\u00dfig auf Leckagen, da ein niedriger \u00d6lstand zu Leistungseinbu\u00dfen und erh\u00f6htem Verschlei\u00df der Zylinderkomponenten f\u00fchren kann.<\/p>\n<h3>Dichtungsaustausch und Kalibrierungspr\u00fcfungen<\/h3>\n<p>Der rechtzeitige Austausch der Dichtungen ist wichtig, um Leckagen zu vermeiden und den Hydraulikdruck aufrechtzuerhalten. F\u00fchren Sie regelm\u00e4\u00dfige Kalibrierungspr\u00fcfungen durch, um sicherzustellen, dass der Zylinder innerhalb seiner spezifizierten Parameter arbeitet. Eine korrekte Kalibrierung kann die Leistung verbessern und die Lebensdauer des Hydraulikzylinders verl\u00e4ngern.<\/p>\n<p><img decoding=\"async\" src=\"https:\/\/www.hydraulic-cylinders.net\/wp-content\/uploads\/2025\/04\/songte-chushion-collar.webp\" alt=\"Kissenkragen\" \/><\/p>\n<h2>Sicherheitsaspekte und Umweltfaktoren<\/h2>\n<p>Bei der Arbeit mit Hydraulikzylindern ist die Einhaltung von Sicherheitsma\u00dfnahmen von h\u00f6chster Wichtigkeit. Die Bediener m\u00fcssen geeignete Schutzausr\u00fcstung tragen und in sicheren Betriebsabl\u00e4ufen geschult sein. Regelm\u00e4\u00dfige Sicherheits\u00fcberpr\u00fcfungen helfen, potenzielle Gefahren im Zusammenhang mit Hydrauliksystemen zu erkennen. Die Gew\u00e4hrleistung, dass alle Komponenten gut gewartet sind und einwandfrei funktionieren, reduziert die Betriebsrisiken zus\u00e4tzlich.<\/p>\n<h2>Fehlerdiagnose und h\u00e4ufige Probleme<\/h2>\n<ul>\n<li><strong>Fl\u00fcssigkeitslecks:<\/strong> Pr\u00fcfen Sie Dichtungen und Verbindungen auf sichtbare Leckagen. Fl\u00fcssigkeitsverlust kann zu Druckabfall und Leistungsminderung f\u00fchren. Untersuchen Sie verschlissene Dichtungen und ersetzen Sie diese gegebenenfalls oder ziehen Sie Verbindungen nach.<\/li>\n<li><strong>Unregelm\u00e4\u00dfige Zylinderbewegung:<\/strong> Wenn sich der Zylinder tr\u00e4ge oder ruckartig bewegt, kann dies auf Luft im Hydrauliksystem oder einen zu niedrigen Fl\u00fcssigkeitsstand hindeuten. Entl\u00fcften Sie das System und stellen Sie sicher, dass der Fl\u00fcssigkeitsstand korrekt ist.<\/li>\n<li><strong>\u00dcberhitzung:<\/strong> \u00dcberm\u00e4\u00dfige Hitze kann auf eine Verunreinigung der Hydraulikfl\u00fcssigkeit oder eine \u00dcberbeanspruchung des Zylinders hinweisen. \u00dcberpr\u00fcfen Sie die Hydraulikfl\u00fcssigkeit regelm\u00e4\u00dfig auf Reinheit und Viskosit\u00e4t.<\/li>\n<\/ul>\n<h2>Tipps zur Fehlerbehebung<\/h2>\n<p>Um Probleme mit dem Auslegerzylinder effektiv zu diagnostizieren und zu beheben, befolgen Sie diese Tipps zur Fehlerbehebung. Beginnen Sie mit der Identifizierung der Symptome und f\u00fchren Sie eine gr\u00fcndliche Inspektion aller Komponenten durch. Beheben Sie Leckagen umgehend, da dies sonst zu schwerwiegenderen Problemen f\u00fchren kann. Weist der Zylinder Anzeichen von Verschlei\u00df oder Besch\u00e4digung auf, sollten Sie ihn austauschen, um die Betriebssicherheit zu gew\u00e4hrleisten.<\/p>\n<p>Vorbeugende Ma\u00dfnahmen wie regelm\u00e4\u00dfige Wartungspr\u00fcfungen, die Sicherstellung einer ordnungsgem\u00e4\u00dfen Schmierung und die Verwendung hochwertiger Hydraulikfl\u00fcssigkeit k\u00f6nnen potenzielle Probleme minimieren. Durch ein proaktives Vorgehen k\u00f6nnen Bediener die Lebensdauer des Auslegerzylinders verl\u00e4ngern und seine Gesamtleistung verbessern.<\/p>\n<p><img decoding=\"async\" src=\"https:\/\/www.hydraulic-cylinders.net\/wp-content\/uploads\/2025\/04\/songte-bushings-with-all-kinds-of-excavator-models.webp\" alt=\"Baggerbuchsen\" \/><\/p>\n<h2>Unternehmens\u00fcbersicht<\/h2>\n<p>Wir sind ein f\u00fchrender Hersteller und Gro\u00dfh\u00e4ndler von Hydraulikzylindern und bekannt f\u00fcr unser umfassendes Produktsortiment. Unser Streben nach Exzellenz treibt uns an, industrialisierte Produktionsmanagementstrategien anzuwenden und dabei modernste Technologien und hochqualifizierte Fachkr\u00e4fte einzusetzen. Wir optimieren kontinuierlich unsere Fertigungskapazit\u00e4ten, um die vielf\u00e4ltigen Kundenbed\u00fcrfnisse mit h\u00f6chster Effizienz und Pr\u00e4zision zu erf\u00fcllen.<\/p>\n<p>Unsere Produkte werden unter strengen Qualit\u00e4tskontrollstandards gefertigt und entsprechen internationalen Zertifizierungen. Wir bieten ma\u00dfgeschneiderte L\u00f6sungen, die den individuellen Kundenanforderungen gerecht werden und optimale Leistung jedes Produkts gew\u00e4hrleisten. Mit einem umfassenden Kundendienst unterst\u00fctzen wir unsere Kunden \u00fcber den gesamten Produktlebenszyklus hinweg und bieten Wartungs- und Austauschservices, um die Nutzung zu maximieren und Ausfallzeiten zu minimieren.<\/p>\n<p><img decoding=\"async\" src=\"https:\/\/www.hydraulic-cylinders.net\/wp-content\/uploads\/2025\/04\/songte-company-4.webp\" alt=\"Firmenanlage\" \/><br \/>\n<img decoding=\"async\" src=\"https:\/\/www.hydraulic-cylinders.net\/wp-content\/uploads\/2025\/04\/songte-company-3.webp\" alt=\"Herstellungsprozess\" \/><\/p>\n<p>Autor: lyl<\/p>","protected":false},"excerpt":{"rendered":"<p>Boom Cylinder For World Small Excavator W218 Product Overview The Boom Cylinder for the World Small Excavator W218 is a specialized hydraulic cylinder designed to control the movement of the bucket in various heavy machinery applications, including excavators, backhoe loaders, and front loaders. This hydraulic cylinder enables the bucket to lift, lower, and tilt, facilitating [&hellip;]<\/p>","protected":false},"featured_media":17871,"comment_status":"open","ping_status":"closed","template":"","meta":{"_et_pb_use_builder":"","_et_pb_old_content":"","_et_gb_content_width":""},"product_brand":[],"product_cat":[1546],"product_tag":[1547,1496],"class_list":{"0":"post-19457","1":"product","2":"type-product","3":"status-publish","4":"has-post-thumbnail","6":"product_cat-boom-cylinders","7":"product_tag-boom-cylinders","8":"product_tag-hydraulic-cylinders","10":"first","11":"instock","12":"shipping-taxable","13":"product-type-simple"},"amp_enabled":true,"_links":{"self":[{"href":"https:\/\/www.hydraulic-cylinders.net\/de\/wp-json\/wp\/v2\/product\/19457","targetHints":{"allow":["GET"]}}],"collection":[{"href":"https:\/\/www.hydraulic-cylinders.net\/de\/wp-json\/wp\/v2\/product"}],"about":[{"href":"https:\/\/www.hydraulic-cylinders.net\/de\/wp-json\/wp\/v2\/types\/product"}],"replies":[{"embeddable":true,"href":"https:\/\/www.hydraulic-cylinders.net\/de\/wp-json\/wp\/v2\/comments?post=19457"}],"wp:featuredmedia":[{"embeddable":true,"href":"https:\/\/www.hydraulic-cylinders.net\/de\/wp-json\/wp\/v2\/media\/17871"}],"wp:attachment":[{"href":"https:\/\/www.hydraulic-cylinders.net\/de\/wp-json\/wp\/v2\/media?parent=19457"}],"wp:term":[{"taxonomy":"product_brand","embeddable":true,"href":"https:\/\/www.hydraulic-cylinders.net\/de\/wp-json\/wp\/v2\/product_brand?post=19457"},{"taxonomy":"product_cat","embeddable":true,"href":"https:\/\/www.hydraulic-cylinders.net\/de\/wp-json\/wp\/v2\/product_cat?post=19457"},{"taxonomy":"product_tag","embeddable":true,"href":"https:\/\/www.hydraulic-cylinders.net\/de\/wp-json\/wp\/v2\/product_tag?post=19457"}],"curies":[{"name":"wp","href":"https:\/\/api.w.org\/{rel}","templated":true}]}}