{"id":19459,"date":"2025-04-07T06:48:45","date_gmt":"2025-04-07T06:48:45","guid":{"rendered":"https:\/\/www.hydraulic-cylinders.net\/product\/boom-cylinder-for-world-small-excavator-w265-8\/"},"modified":"2025-04-07T06:48:47","modified_gmt":"2025-04-07T06:48:47","slug":"boom-cylinder-for-world-small-excavator-w265-8","status":"publish","type":"product","link":"https:\/\/www.hydraulic-cylinders.net\/de\/produkt\/boom-cylinder-for-world-small-excavator-w265-8\/","title":{"rendered":"Auslegerzylinder f\u00fcr World Kleinbagger W265-8"},"content":{"rendered":"<h1>Auslegerzylinder f\u00fcr World Kleinbagger W265-8<\/h1>\n<h2>Was ist ein Auslegerzylinder?<\/h2>\n<p>Der speziell f\u00fcr den World Kleinbagger W265-8 entwickelte Auslegerzylinder ist eine Schl\u00fcsselkomponente von Hydrauliksystemen. Er erm\u00f6glicht die Bewegung des Auslegers an Baggern, Baggerladern und Radladern. Mit diesem Zylinder l\u00e4sst sich der Ausleger heben, senken und neigen, wodurch er zu einem unverzichtbaren Werkzeug f\u00fcr Materialumschlagsarbeiten wird. Die Funktion des Auslegerzylinders ist in verschiedenen Bau- und Landwirtschaftsanwendungen von entscheidender Bedeutung, da sie die Leistung und Effizienz der Maschine direkt beeinflusst.<\/p>\n<p><img decoding=\"async\" src=\"https:\/\/www.hydraulic-cylinders.net\/wp-content\/uploads\/2025\/04\/songte-company-1.webp\" alt=\"Auslegerzylinder\" \/><\/p>\n<h2>Merkmale des Auslegerzylinders<\/h2>\n<ul>\n<li>\n<h3>Hohe Festigkeit und Haltbarkeit<\/h3>\n<p>Der Auslegerzylinder, typischerweise aus hochfestem Stahl oder Aluminium gefertigt, h\u00e4lt hohem Druck und schweren Lasten stand und eignet sich daher f\u00fcr anspruchsvolle Arbeitsumgebungen. Seine Konstruktion gew\u00e4hrleistet Verschlei\u00df- und Korrosionsbest\u00e4ndigkeit, was seine Lebensdauer deutlich verl\u00e4ngert.<\/p>\n<\/li>\n<li>\n<h3>Effizienter Hydraulikbetrieb<\/h3>\n<p>Der Auslegerzylinder nutzt Hydraulik\u00f6ldruck f\u00fcr eine gleichm\u00e4\u00dfige Teleskopbewegung und erm\u00f6glicht so eine schnelle Reaktion auf Steuerbefehle. Diese Funktion erzeugt starke Schub- und Zugkr\u00e4fte, die ideal f\u00fcr das Handling schwerer Objekte und komplexe Arbeitsabl\u00e4ufe geeignet sind.<\/p>\n<\/li>\n<li>\n<h3>Verschiedene Typen<\/h3>\n<p>Je nach Anwendungsanforderungen kann der Auslegerzylinder als einfachwirkender (hydraulisch in eine Richtung wirkender) oder doppeltwirkender (hydraulisch in zwei Richtungen wirkender) Zylinder ausgew\u00e4hlt werden. Einige Modelle sind teleskopierbar und erm\u00f6glichen so eine gr\u00f6\u00dfere Ausladung ohne Vergr\u00f6\u00dferung der Au\u00dfenabmessungen, wodurch sie sich besonders f\u00fcr beengte Platzverh\u00e4ltnisse eignen.<\/p>\n<\/li>\n<li>\n<h3>Kundenspezifische Fertigung<\/h3>\n<p>Wir sind spezialisiert auf die Herstellung von Auslegerzylindern, die sich ideal als Ersatz f\u00fcr vorhandene Hydraulikzylinder eignen. Unsere Produkte sind auf die spezifischen Anforderungen verschiedener Baggermodelle zugeschnitten und gew\u00e4hrleisten Kompatibilit\u00e4t und Zuverl\u00e4ssigkeit.<\/p>\n<\/li>\n<li>\n<h3>Qualit\u00e4tssicherung<\/h3>\n<p>Unsere Fertigungsprozesse unterliegen strengen Qualit\u00e4tsstandards, um sicherzustellen, dass jeder hergestellte Auslegerzylinder von h\u00f6chster Qualit\u00e4t ist und auch unter anspruchsvollen Bedingungen zuverl\u00e4ssig funktioniert.<\/p>\n<\/li>\n<\/ul>\n<p><img decoding=\"async\" src=\"https:\/\/www.hydraulic-cylinders.net\/wp-content\/uploads\/2025\/04\/songte-cylinder-head-with-all-kinds-excavator-models.webp\" alt=\"Baggermodelle\" \/><\/p>\n<h2>Anwendungen des Auslegerzylinders<\/h2>\n<ul>\n<li>\n<h3>Baumaschinen<\/h3>\n<p>Der Auslegerzylinder ist bei Baggern weit verbreitet und spielt dort eine entscheidende Rolle beim Ausheben, Laden und Bewegen von Erde oder Bauschutt. Bei Baggerladern unterst\u00fctzt der Auslegerzylinder sowohl Aushub- als auch Hebearbeiten und maximiert so die Produktivit\u00e4t auf Baustellen.<\/p>\n<\/li>\n<li>\n<h3>Landmaschinen<\/h3>\n<p>Bei Frontladern werden Auslegerzylinder zum Schaufeln, Anheben und Transportieren von Erde, Heu und anderen Materialien eingesetzt. Ihre effiziente Arbeitsweise erm\u00f6glicht schnelles Man\u00f6vrieren, was f\u00fcr eine effektive landwirtschaftliche Bewirtschaftung unerl\u00e4sslich ist.<\/p>\n<\/li>\n<li>\n<h3>Bagger<\/h3>\n<p>Bagger nutzen den Auslegerzylinder, um in den Boden einzudringen und so die Grabarbeiten zu erleichtern. Die hydraulischen F\u00e4higkeiten des Auslegerzylinders erm\u00f6glichen es dem Bagger, auch tiefe Grabarbeiten effizient durchzuf\u00fchren.<\/p>\n<\/li>\n<li>\n<h3>Lader<\/h3>\n<p>Bei Frontladern unterst\u00fctzt der Auslegerzylinder das effiziente Heben und Abladen von Lasten. Seine Konstruktion erm\u00f6glicht eine optimale Steuerung und gew\u00e4hrleistet so, dass Materialien pr\u00e4zise am gew\u00fcnschten Ort platziert werden k\u00f6nnen.<\/p>\n<\/li>\n<\/ul>\n<h2>Design\u00fcberlegungen und Auswahlkriterien<\/h2>\n<ul>\n<li>\n<h3>Tragf\u00e4higkeit<\/h3>\n<p>Bei der Auswahl eines Auslegerzylinders ist dessen Tragf\u00e4higkeit entscheidend. Dadurch wird sichergestellt, dass der Zylinder das maximale Gewicht, dem er im Betrieb ausgesetzt sein wird, bew\u00e4ltigen kann. Eine hohe Tragf\u00e4higkeit erh\u00f6ht nicht nur die Effizienz, sondern minimiert auch das Risiko von Ger\u00e4teausf\u00e4llen.<\/p>\n<\/li>\n<li>\n<h3>Versiegelung<\/h3>\n<p>Die Dichtleistung des Auslegerzylinders ist f\u00fcr dessen Funktion entscheidend. Intakte Dichtungen verhindern den Austritt von Hydraulikfl\u00fcssigkeit und gew\u00e4hrleisten so die Effizienz des Zylinders. Die Dichtungen m\u00fcssen sorgf\u00e4ltig auf die Betriebsbedingungen abgestimmt sein, und regelm\u00e4\u00dfige Wartung ist notwendig, um ihre Funktionst\u00fcchtigkeit sicherzustellen.<\/p>\n<\/li>\n<li>\n<h3>Haltbarkeit<\/h3>\n<p>Langlebigkeit ist ein Schl\u00fcsselfaktor bei der Konstruktion von Auslegerzylindern. Da sie extremen Bedingungen ausgesetzt sind, m\u00fcssen robuste Materialien und Konstruktionsmethoden zum Einsatz kommen. Ein langlebiger Zylinder widersteht Verschlei\u00df, was seine Lebensdauer verl\u00e4ngert und die Wartungskosten senkt.<\/p>\n<\/li>\n<li>\n<h3>Sicherheit<\/h3>\n<p>Sicherheitsmerkmale bei der Konstruktion des Auslegerzylinders sind von h\u00f6chster Bedeutung. Sie m\u00fcssen Mechanismen umfassen, die ein \u00dcberstrecken oder Versagen verhindern und so sowohl den Bediener als auch die Maschine sch\u00fctzen. Regelm\u00e4\u00dfige Sicherheitspr\u00fcfungen sind ebenfalls unerl\u00e4sslich, um die Funktionsf\u00e4higkeit zu gew\u00e4hrleisten.<\/p>\n<\/li>\n<li>\n<h3>Wartung<\/h3>\n<p>Wartungsfreundlichkeit ist ein entscheidender Faktor bei der Auswahl eines Auslegerzylinders. Konstruktionen, die einen einfachen Zugang zu Teilen f\u00fcr Inspektion, Schmierung und Austausch erm\u00f6glichen, sparen langfristig Zeit und Kosten.<\/p>\n<\/li>\n<\/ul>\n<p><img decoding=\"async\" src=\"https:\/\/www.hydraulic-cylinders.net\/wp-content\/uploads\/2025\/04\/songte-oil-pipes-and-spare-parts.webp\" alt=\"\u00d6lleitungen und Ersatzteile\" \/><\/p>\n<h2>Abdichtung und Schmierung des Zylinders<\/h2>\n<p>Die Abdichtung und Schmierung des Auslegerzylinders sind entscheidend f\u00fcr seine optimale Funktion. Verschiedene Dichtungen, wie Kolben- und Stangendichtungen, verhindern das Austreten von Hydraulikfl\u00fcssigkeit. Dichtungen aus langlebigen Materialien wie Polyurethan und Nitrilkautschuk sind f\u00fcr eine lange Lebensdauer unerl\u00e4sslich. Die Oberfl\u00e4chen des Zylinderk\u00f6rpers und die Gewindeenden werden pr\u00e4zise bearbeitet, um die Verschlei\u00dffestigkeit zu erh\u00f6hen. Regelm\u00e4\u00dfige Schmierung mit dem geeigneten Hydraulik\u00f6l ist notwendig, um einen reibungslosen Betrieb zu gew\u00e4hrleisten und reibungsbedingte Sch\u00e4den zu vermeiden.<\/p>\n<h2>Regelm\u00e4\u00dfige Inspektion und vorbeugende Wartung<\/h2>\n<ul>\n<li>\n<h3>Regelm\u00e4\u00dfige Inspektionen<\/h3>\n<p>Regelm\u00e4\u00dfige Inspektionen des Auslegerzylinders sind unerl\u00e4sslich, um Verschlei\u00df oder Besch\u00e4digungen fr\u00fchzeitig zu erkennen. Achten Sie auf Lecks, ungew\u00f6hnliche Ger\u00e4usche und unregelm\u00e4\u00dfige Bewegungen. Die fr\u00fchzeitige Erkennung von Problemen kann schwerwiegende Ausf\u00e4lle und kostspielige Reparaturen verhindern.<\/p>\n<\/li>\n<li>\n<h3>Richtige Schmierung<\/h3>\n<p>Stellen Sie sicher, dass der Zylinder ausreichend mit dem richtigen Hydraulik\u00f6l geschmiert ist, um den Verschlei\u00df zu minimieren und einen reibungslosen Betrieb zu gew\u00e4hrleisten. Erstellen Sie einen Schmierplan, der auf der Nutzungsh\u00e4ufigkeit und den Betriebsbedingungen basiert.<\/p>\n<\/li>\n<li>\n<h3>Dichtungsaustausch und Kalibrierungspr\u00fcfungen<\/h3>\n<p>Um die Funktionsf\u00e4higkeit des Hydrauliksystems zu gew\u00e4hrleisten, sollten Dichtungen regelm\u00e4\u00dfig gepr\u00fcft und bei Bedarf ausgetauscht werden. Kalibrierungspr\u00fcfungen stellen sicher, dass der Zylinder innerhalb der vorgegebenen Parameter arbeitet, was Leistung und Sicherheit erh\u00f6ht.<\/p>\n<\/li>\n<\/ul>\n<h2>Installationshinweise<\/h2>\n<p>Die Montage eines Auslegerzylinders erfordert sorgf\u00e4ltiges Arbeiten, um die einwandfreie Funktion zu gew\u00e4hrleisten. Stellen Sie zun\u00e4chst sicher, dass alle ben\u00f6tigten Werkzeuge und Materialien bereitliegen. Richten Sie den Zylinder mithilfe geeigneter Montagehalterungen pr\u00e4zise an den Montagehalterungen aus, um eine Fehlausrichtung zu vermeiden. Ziehen Sie die Schrauben gem\u00e4\u00df den Herstellervorgaben mit dem vorgeschriebenen Drehmoment an, um einen sicheren Sitz zu gew\u00e4hrleisten. F\u00fchren Sie nach der Montage eine gr\u00fcndliche \u00dcberpr\u00fcfung durch, um sicherzustellen, dass alle Verbindungen fest sitzen und keine Leckagen vorhanden sind. F\u00fchren Sie anschlie\u00dfend einen Funktionstest durch, um einen reibungslosen Betrieb zu gew\u00e4hrleisten, bevor Sie die Maschine in Betrieb nehmen.<\/p>\n<h2>Allgemeine Wartungsaufgaben<\/h2>\n<ul>\n<li>\n<h3>Regelm\u00e4\u00dfige Inspektionen<\/h3>\n<p>Regelm\u00e4\u00dfige Inspektionen sind unerl\u00e4sslich, um potenzielle Probleme fr\u00fchzeitig zu erkennen. Achten Sie auf Verschlei\u00dferscheinungen, Leckagen und die allgemeine Funktionsf\u00e4higkeit. Geplante Inspektionen k\u00f6nnen teure Reparaturen und Ausfallzeiten verhindern.<\/p>\n<\/li>\n<li>\n<h3>Richtige Schmierung<\/h3>\n<p>Schmieren Sie den Auslegerzylinder im Rahmen der regelm\u00e4\u00dfigen Wartung. Eine ordnungsgem\u00e4\u00dfe Schmierung reduziert Reibung und Verschlei\u00df und verl\u00e4ngert so die Lebensdauer des Zylinders.<\/p>\n<\/li>\n<li>\n<h3>Dichtungsaustausch und Kalibrierungspr\u00fcfungen<\/h3>\n<p>Regelm\u00e4\u00dfige Dichtungspr\u00fcfungen gew\u00e4hrleisten die hydraulische Integrit\u00e4t. Verschlei\u00dfte Dichtungen sollten umgehend ausgetauscht werden, um Leckagen zu vermeiden. Der Zylinder muss kalibriert werden, um sicherzustellen, dass er innerhalb der gew\u00fcnschten Spezifikationen arbeitet.<\/p>\n<\/li>\n<\/ul>\n<p><img decoding=\"async\" src=\"https:\/\/www.hydraulic-cylinders.net\/wp-content\/uploads\/2025\/04\/songte-chushion-collar.webp\" alt=\"Kissenkragen\" \/><\/p>\n<h2>Sicherheitsaspekte und Umweltfaktoren<\/h2>\n<p>Bei der Arbeit mit Hydrauliksystemen haben Sicherheitsma\u00dfnahmen h\u00f6chste Priorit\u00e4t. Stellen Sie sicher, dass alle Bediener im sicheren Umgang mit Maschinen und Hydraulikfl\u00fcssigkeiten geschult sind. Die vorgeschriebene Schutzausr\u00fcstung muss stets getragen werden. Es ist unerl\u00e4sslich, sich der Umweltauswirkungen, wie z. B. des Auslaufens von Hydraulikfl\u00fcssigkeit, bewusst zu sein. Regelm\u00e4\u00dfige Wartung beugt Leckagen vor, sch\u00fctzt die Umwelt und gew\u00e4hrleistet einen sicheren Betrieb.<\/p>\n<h2>Fehlerdiagnose und h\u00e4ufige Probleme<\/h2>\n<ul>\n<li>\n<h3>Hydrauliklecks<\/h3>\n<p>Undichtigkeiten deuten oft auf verschlissene Dichtungen oder besch\u00e4digte Schl\u00e4uche hin. \u00dcberpr\u00fcfen Sie die Dichtungen regelm\u00e4\u00dfig auf Verschlei\u00df und tauschen Sie sie gegebenenfalls aus. Sollte eine Undichtigkeit auftreten, ermitteln Sie die Ursache schnellstm\u00f6glich und beheben Sie das Problem, um Folgesch\u00e4den zu vermeiden.<\/p>\n<\/li>\n<li>\n<h3>Nicht reagierender Zylinder<\/h3>\n<p>Wenn der Zylinder nicht oder nur tr\u00e4ge reagiert, \u00fcberpr\u00fcfen Sie den Hydraulik\u00f6lstand und den Zustand der Filter. Auch Luft im System kann zu Reaktionsproblemen f\u00fchren, die durch Entl\u00fcften des Systems behoben werden m\u00fcssen.<\/p>\n<\/li>\n<li>\n<h3>\u00dcberhitzung<\/h3>\n<p>\u00dcberhitzung kann durch \u00dcberlastung oder zu niedrigen Fl\u00fcssigkeitsstand entstehen. \u00dcberwachen Sie die Betriebsbedingungen und stellen Sie sicher, dass das System nicht \u00fcberlastet wird. Sorgen Sie f\u00fcr einen ausreichenden Fl\u00fcssigkeitsstand, um die K\u00fchlung zu gew\u00e4hrleisten.<\/p>\n<\/li>\n<\/ul>\n<h2>Tipps zur Probleml\u00f6sung<\/h2>\n<p>Um Probleme mit Zylindern effektiv zu diagnostizieren und zu beheben, ist ein systematisches Vorgehen wichtig. Beginnen Sie mit regelm\u00e4\u00dfigen Kontrollen und Wartungsarbeiten, um potenzielle Probleme fr\u00fchzeitig zu erkennen und zu beheben. Dokumentieren Sie alle Wartungsarbeiten, um wiederkehrende Probleme zu erfassen. Setzen Sie vorbeugende Ma\u00dfnahmen wie korrekte Belastungstechniken und ausreichende Schmierung ein, um den Verschlei\u00df des Zylinders zu minimieren.<\/p>\n<p><img decoding=\"async\" src=\"https:\/\/www.hydraulic-cylinders.net\/wp-content\/uploads\/2025\/04\/songte-bushings-with-all-kinds-of-excavator-models.webp\" alt=\"Buchsen f\u00fcr Baggermodelle\" \/><\/p>\n<h2>\u00dcber unser Unternehmen<\/h2>\n<p>Wir sind ein f\u00fchrender Hersteller von Hydraulikzylindern und bieten ein umfassendes Produktsortiment f\u00fcr den nationalen und internationalen Markt. Unser Qualit\u00e4tsanspruch spiegelt sich in unseren sorgf\u00e4ltigen Fertigungsprozessen wider, die durch fortschrittliche Technologie und qualifizierte Mitarbeiter unterst\u00fctzt werden. Wir legen Wert auf exzellentes Produktionsmanagement und erf\u00fcllen so die vielf\u00e4ltigen Bed\u00fcrfnisse unserer Kunden mit h\u00f6chster Effizienz, Pr\u00e4zision und Qualit\u00e4t.<\/p>\n<p><img decoding=\"async\" src=\"https:\/\/www.hydraulic-cylinders.net\/wp-content\/uploads\/2025\/04\/songte-company-4.webp\" alt=\"Firmenbild 1\" \/><br \/>\n<img decoding=\"async\" src=\"https:\/\/www.hydraulic-cylinders.net\/wp-content\/uploads\/2025\/04\/songte-company-3.webp\" alt=\"Firmenbild 2\" \/><\/p>\n<h2>Abschluss<\/h2>\n<p>Mit Fokus auf Professionalit\u00e4t, internationale Zertifizierungen, kundenspezifische Dienstleistungen, fortschrittliche Fertigungsanlagen und au\u00dfergew\u00f6hnlichen Kundendienst streben wir danach, unseren Kunden die besten Hydraulikl\u00f6sungen zu bieten.<\/p>\n<p>Autor: lyl<\/p>","protected":false},"excerpt":{"rendered":"<p>Boom Cylinder For World Small Excavator W265-8 What is a Boom Cylinder? The Boom Cylinder, specifically designed for the World Small Excavator W265-8, is a crucial component in hydraulic systems. It is a type of hydraulic cylinder that facilitates the movement of the boom on excavators, backhoes, and front loaders. This cylinder enables the boom [&hellip;]<\/p>","protected":false},"featured_media":17873,"comment_status":"open","ping_status":"closed","template":"","meta":{"_et_pb_use_builder":"","_et_pb_old_content":"","_et_gb_content_width":""},"product_brand":[],"product_cat":[1546],"product_tag":[1547,1496],"class_list":{"0":"post-19459","1":"product","2":"type-product","3":"status-publish","4":"has-post-thumbnail","6":"product_cat-boom-cylinders","7":"product_tag-boom-cylinders","8":"product_tag-hydraulic-cylinders","10":"first","11":"instock","12":"shipping-taxable","13":"product-type-simple"},"amp_enabled":true,"_links":{"self":[{"href":"https:\/\/www.hydraulic-cylinders.net\/de\/wp-json\/wp\/v2\/product\/19459","targetHints":{"allow":["GET"]}}],"collection":[{"href":"https:\/\/www.hydraulic-cylinders.net\/de\/wp-json\/wp\/v2\/product"}],"about":[{"href":"https:\/\/www.hydraulic-cylinders.net\/de\/wp-json\/wp\/v2\/types\/product"}],"replies":[{"embeddable":true,"href":"https:\/\/www.hydraulic-cylinders.net\/de\/wp-json\/wp\/v2\/comments?post=19459"}],"wp:featuredmedia":[{"embeddable":true,"href":"https:\/\/www.hydraulic-cylinders.net\/de\/wp-json\/wp\/v2\/media\/17873"}],"wp:attachment":[{"href":"https:\/\/www.hydraulic-cylinders.net\/de\/wp-json\/wp\/v2\/media?parent=19459"}],"wp:term":[{"taxonomy":"product_brand","embeddable":true,"href":"https:\/\/www.hydraulic-cylinders.net\/de\/wp-json\/wp\/v2\/product_brand?post=19459"},{"taxonomy":"product_cat","embeddable":true,"href":"https:\/\/www.hydraulic-cylinders.net\/de\/wp-json\/wp\/v2\/product_cat?post=19459"},{"taxonomy":"product_tag","embeddable":true,"href":"https:\/\/www.hydraulic-cylinders.net\/de\/wp-json\/wp\/v2\/product_tag?post=19459"}],"curies":[{"name":"wp","href":"https:\/\/api.w.org\/{rel}","templated":true}]}}