{"id":19461,"date":"2025-04-07T06:48:50","date_gmt":"2025-04-07T06:48:50","guid":{"rendered":"https:\/\/www.hydraulic-cylinders.net\/product\/boom-cylinder-for-world-small-excavator-w285b-8\/"},"modified":"2025-04-07T06:48:53","modified_gmt":"2025-04-07T06:48:53","slug":"boom-cylinder-for-world-small-excavator-w285b-8","status":"publish","type":"product","link":"https:\/\/www.hydraulic-cylinders.net\/de\/produkt\/boom-cylinder-for-world-small-excavator-w285b-8\/","title":{"rendered":"Auslegerzylinder f\u00fcr World Kleinbagger W285B-8"},"content":{"rendered":"<h1>Auslegerzylinder f\u00fcr World Kleinbagger W285B-8<\/h1>\n<h2>Einf\u00fchrung in Auslegerzylinder<\/h2>\n<p>Ein Auslegerzylinder ist ein spezieller Hydraulikzylinder, der die Bewegung von Schaufeln in verschiedenen Baumaschinen wie Baggern, Baggerladern und Radladern steuert. Diese wichtige Komponente erm\u00f6glicht das Heben, Senken und Neigen der Schaufel und erleichtert so Materialumschlagsarbeiten. Der Auslegerzylinder arbeitet innerhalb eines Hydrauliksystems und nutzt unter Druck stehende Hydraulikfl\u00fcssigkeit, um die f\u00fcr diese Bewegungen notwendige Kraft zu erzeugen. Er ist entscheidend f\u00fcr die Effizienz und Effektivit\u00e4t von Bau- und Erdbewegungsarbeiten.<\/p>\n<p><img decoding=\"async\" src=\"https:\/\/www.hydraulic-cylinders.net\/wp-content\/uploads\/2025\/04\/songte-company-1.webp\" alt=\"Auslegerzylinder\"><\/p>\n<h3>Hauptfunktionen der Auslegerzylinder<\/h3>\n<ul>\n<li>Steuerung der Schaufelbewegungen: Der Auslegerzylinder erm\u00f6glicht eine pr\u00e4zise Steuerung des Hebens und Senkens der Schaufel.<\/li>\n<li>Leistungssteigerung: Ein reibungsloser Betrieb erm\u00f6glicht einen schnelleren und effizienteren Materialtransport.<\/li>\n<li>Vielseitigkeit: Geeignet f\u00fcr verschiedene Anwendungen in unterschiedlichen Baumaschinentypen.<\/li>\n<\/ul>\n<h2>Merkmale des Auslegerzylinders<\/h2>\n<ul>\n<li><strong>Hohe Festigkeit und Haltbarkeit:<\/strong> Dieser aus hochfestem Stahl oder Aluminium gefertigte Zylinder h\u00e4lt hohen Dr\u00fccken und schweren Belastungen stand und gew\u00e4hrleistet so eine lange Lebensdauer auch unter rauen Arbeitsbedingungen.<\/li>\n<li><strong>Effizienter Hydraulikbetrieb:<\/strong> Nutzt den Druck von Hydraulik\u00f6l f\u00fcr ein reibungsloses Aus- und Einfahren und reagiert schnell auf Bedienbefehle.<\/li>\n<li><strong>Verschiedene Typen verf\u00fcgbar:<\/strong> Zur Auswahl stehen einfachwirkende und doppeltwirkende Zylinder, die einer Vielzahl von Betriebsanforderungen gerecht werden.<\/li>\n<li><strong>Kompaktes Design:<\/strong> Einige Modelle verf\u00fcgen \u00fcber ein Teleskopdesign, das eine gr\u00f6\u00dfere Auszugsl\u00e4nge erm\u00f6glicht, ohne die \u00e4u\u00dferen Abmessungen zu vergr\u00f6\u00dfern \u2013 ideal f\u00fcr Anwendungen mit begrenztem Platzangebot.<\/li>\n<li><strong>Fortschrittliche Ingenieurskunst:<\/strong> Entwickelt mit Blick auf Verschlei\u00df- und Korrosionsbest\u00e4ndigkeit, um die Lebensdauer des Produkts zu verl\u00e4ngern.<\/li>\n<\/ul>\n<p><img decoding=\"async\" src=\"https:\/\/www.hydraulic-cylinders.net\/wp-content\/uploads\/2025\/04\/songte-cylinder-head-with-all-kinds-excavator-models.webp\" alt=\"Baggermodelle\"><\/p>\n<h2>Anwendungen von Auslegerzylindern<\/h2>\n<h3>Baumaschinen<\/h3>\n<p>Bei Baggern sind Auslegerzylinder unverzichtbar zum Graben, Laden und Transportieren von Erde oder Bauschutt. Sie erm\u00f6glichen es der Schaufel, effektiv in den Boden einzudringen und so die Aushubarbeiten effizient durchzuf\u00fchren. Die Pr\u00e4zision und Kraft des Auslegerzylinders verbessern die Gesamtleistung der Maschine und machen ihn auf Baustellen unverzichtbar.<\/p>\n<h3>Landmaschinen<\/h3>\n<p>In Frontladern eingesetzte Auslegerzylinder erleichtern das Schaufeln, Anheben und Transportieren von Erde, Heu und anderen Materialien. Ihr zuverl\u00e4ssiger Betrieb ist in der Landwirtschaft unerl\u00e4sslich und gew\u00e4hrleistet, dass Landwirte Materialien einfach und effizient bewegen k\u00f6nnen. Die Anpassungsf\u00e4higkeit der Auslegerzylinder an verschiedene landwirtschaftliche Anwendungen unterstreicht ihre Bedeutung im Agrarsektor.<\/p>\n<h3>Bagger<\/h3>\n<p>Bei Baggern erm\u00f6glicht der Auslegerzylinder das Graben, indem er es der Schaufel erlaubt, Bodenschichten zu durchbrechen. Diese F\u00e4higkeit ist f\u00fcr verschiedenste Aushubarbeiten unerl\u00e4sslich, von der Landschaftsgestaltung bis hin zu Gro\u00dfbauprojekten. Dank seiner F\u00e4higkeit, schwere Lasten zu bew\u00e4ltigen, ist der Auslegerzylinder ein unverzichtbarer Bestandteil jedes Baggers.<\/p>\n<h3>Lader<\/h3>\n<p>Bei Frontladern unterst\u00fctzen Auslegerzylinder das effiziente Heben und Abladen von Lasten. Ihre Konstruktion erm\u00f6glicht die effiziente Materialhandhabung und tr\u00e4gt so zu reibungsloseren Arbeitsabl\u00e4ufen auf Baustellen bei. Die Robustheit der Auslegerzylinder gew\u00e4hrleistet, dass diese auch anspruchsvolle Aufgaben ohne Leistungseinbu\u00dfen bew\u00e4ltigen k\u00f6nnen.<\/p>\n<h2>Design\u00fcberlegungen und Auswahlkriterien<\/h2>\n<h3>Tragf\u00e4higkeit<\/h3>\n<p>Eines der wichtigsten Kriterien bei der Auswahl eines Auslegerzylinders ist seine Tragf\u00e4higkeit. Der Zylinder muss das maximal zu handhabende Gewicht ohne Ausfallrisiko tragen k\u00f6nnen. Dazu m\u00fcssen das Gewicht der Schaufel, die maximale Traglast und alle zus\u00e4tzlichen Kr\u00e4fte, die w\u00e4hrend des Betriebs auf den Zylinder wirken k\u00f6nnen, ber\u00fccksichtigt werden. Ein gut konstruierter Zylinder verf\u00fcgt \u00fcber einen Sicherheitsfaktor in seiner Tragf\u00e4higkeitsberechnung, der auch unter extremen Bedingungen zuverl\u00e4ssige Leistung gew\u00e4hrleistet.<\/p>\n<h3>Dichtungsleistung<\/h3>\n<p>Eine effektive Abdichtung ist f\u00fcr die einwandfreie Funktion von Hydraulikzylindern unerl\u00e4sslich. Eine gut konstruierte Dichtung verhindert das Austreten von Hydraulikfl\u00fcssigkeit, was zu Effizienzverlusten und potenziellen Sch\u00e4den am Hydrauliksystem f\u00fchren kann. Die f\u00fcr die Dichtungen verwendeten Materialien m\u00fcssen verschlei\u00dffest sein und den in Hydraulikanwendungen typischen hohen Dr\u00fccken standhalten. Regelm\u00e4\u00dfige Dichtungspr\u00fcfungen sind notwendig, um die dauerhafte Funktionsf\u00e4higkeit der Dichtungen zu gew\u00e4hrleisten, da verschlissene oder besch\u00e4digte Dichtungen die Funktion des gesamten Systems beeintr\u00e4chtigen k\u00f6nnen.<\/p>\n<h3>Haltbarkeit und Langlebigkeit<\/h3>\n<p>Die Langlebigkeit ist ein entscheidender Faktor bei der Konstruktion von Auslegerzylindern. Da sie h\u00e4ufig rauen Umgebungsbedingungen ausgesetzt sind, m\u00fcssen sie aus hochwertigen, verschlei\u00df-, korrosions- und erm\u00fcdungsbest\u00e4ndigen Materialien gefertigt sein. Die Materialwahl und die Fertigungsprozesse beeinflussen die Lebensdauer des Zylinders ma\u00dfgeblich. Oberfl\u00e4chenbehandlungen oder Beschichtungen verbessern die Korrosions- und Verschlei\u00dfbest\u00e4ndigkeit und verl\u00e4ngern so die Lebensdauer des Zylinders zus\u00e4tzlich.<\/p>\n<h3>Sicherheitsfunktionen<\/h3>\n<p>Sicherheit hat bei der Konstruktion von Hydraulikzylindern h\u00f6chste Priorit\u00e4t. Durch den Einsatz von Sicherheitsmerkmalen wie Druckbegrenzungsventilen und robusten Befestigungsm\u00f6glichkeiten lassen sich schwerwiegende Ausf\u00e4lle verhindern. Regelm\u00e4\u00dfige Wartungs- und Inspektionsroutinen gew\u00e4hrleisten die einwandfreie Funktion aller Sicherheitsmerkmale. Dar\u00fcber hinaus tr\u00e4gt die Schulung der Bediener im korrekten Umgang mit den Maschinen und deren Grenzen dazu bei, Unf\u00e4lle zu vermeiden und die allgemeine Sicherheit auf Baustellen zu erh\u00f6hen.<\/p>\n<h3>Wartung und Reparatur<\/h3>\n<p>Die wartungsfreundliche Konstruktion von Auslegerzylindern ist entscheidend f\u00fcr deren langfristige Funktionsf\u00e4higkeit. Dazu geh\u00f6ren der einfache Zugang zu Komponenten f\u00fcr Reparaturen und Austausch sowie klare Richtlinien f\u00fcr routinem\u00e4\u00dfige Wartungsarbeiten. Modulare Bauweisen erm\u00f6glichen schnellere Reparaturen und reduzieren Ausfallzeiten. Die Bediener sollten geschult werden, Verschlei\u00dferscheinungen zu erkennen und die entsprechenden Wartungsverfahren zu kennen, um die Zylinder in optimalem Zustand zu halten.<\/p>\n<p><img decoding=\"async\" src=\"https:\/\/www.hydraulic-cylinders.net\/wp-content\/uploads\/2025\/04\/songte-oil-pipes-and-spare-parts.webp\" alt=\"\u00d6lleitungen und Ersatzteile\"><\/p>\n<h2>Abdichtung und Schmierung<\/h2>\n<p>Die Leistungsf\u00e4higkeit von Auslegerzylindern h\u00e4ngt ma\u00dfgeblich von der Effektivit\u00e4t der Dichtungs- und Schmiersysteme ab. Verschiedene Dichtungselemente, wie Kolben- und Stangendichtungen, sind unerl\u00e4sslich, um den Hydraulikdruck aufrechtzuerhalten und Fl\u00fcssigkeitsverluste zu verhindern. Dichtungen aus langlebigen Materialien wie Polyurethan und Nitrilkautschuk werden aufgrund ihrer hervorragenden Verschlei\u00dffestigkeit h\u00e4ufig eingesetzt. Die Oberfl\u00e4chen des Zylinderk\u00f6rpers und der Gewindeenden werden pr\u00e4zisionsbearbeitet, um die Lebensdauer zu verl\u00e4ngern und den Verschlei\u00df zu reduzieren.<\/p>\n<p>Regelm\u00e4\u00dfige Schmierung ist f\u00fcr den reibungslosen Betrieb von Hydraulikzylindern unerl\u00e4sslich. Um optimale Leistung zu gew\u00e4hrleisten, muss stets ausreichend Hydraulik\u00f6l vorhanden sein. Bediener sollten einen regelm\u00e4\u00dfigen Wartungsplan einhalten, der die \u00dcberpr\u00fcfung des \u00d6lstands, den Austausch verschlissener Dichtungen und die Sicherstellung der ausreichenden Schmierung aller mechanischen Teile umfasst. Eine ordnungsgem\u00e4\u00dfe Schmierung minimiert die Reibung, verl\u00e4ngert die Lebensdauer der Komponenten und gew\u00e4hrleistet einen effizienten Betrieb.<\/p>\n<h2>Regelm\u00e4\u00dfige Inspektion und vorbeugende Wartungsma\u00dfnahmen<\/h2>\n<ul>\n<li><strong>Sichtpr\u00fcfungen:<\/strong> \u00dcberpr\u00fcfen Sie den Zylinder regelm\u00e4\u00dfig auf Verschlei\u00df, Besch\u00e4digungen oder Undichtigkeiten. Durch fr\u00fchzeitiges Erkennen und Beheben von Problemen lassen sich gr\u00f6\u00dfere Sch\u00e4den vermeiden.<\/li>\n<li><strong>Schmierplan:<\/strong> Legen Sie eine Routine zur Schmierung beweglicher Teile fest, um einen reibungslosen Betrieb zu gew\u00e4hrleisten und Verschlei\u00df vorzubeugen.<\/li>\n<li><strong>Dichtungswechsel:<\/strong> \u00dcberwachen Sie den Zustand der Dichtungen und tauschen Sie diese bei Bedarf aus, um die hydraulische Integrit\u00e4t aufrechtzuerhalten.<\/li>\n<\/ul>\n<h2>Installationshinweise<\/h2>\n<p>Die korrekte Montage des Auslegerzylinders ist entscheidend f\u00fcr seine Leistungsf\u00e4higkeit und Lebensdauer. Stellen Sie zun\u00e4chst sicher, dass der Zylinder korrekt an den Befestigungspunkten des Baggers ausgerichtet ist. Verwenden Sie geeignete Montagehalterungen, um den Zylinder zu fixieren und eine Fehlausrichtung w\u00e4hrend des Betriebs zu verhindern. Achten Sie darauf, die Schrauben nicht zu fest anzuziehen, da dies zu Besch\u00e4digungen f\u00fchren kann.<\/p>\n<p>Pr\u00fcfen Sie w\u00e4hrend der Installation, ob alle Hydraulikanschl\u00fcsse dicht und dicht sind. Bef\u00fcllen Sie das Hydrauliksystem mit der empfohlenen Fl\u00fcssigkeit und entl\u00fcften Sie es, um einen reibungslosen Betrieb zu gew\u00e4hrleisten. Testen Sie nach der Installation die Funktion des Zylinders durch eine Reihe kontrollierter Bewegungen, um sicherzustellen, dass alles einwandfrei funktioniert. \u00dcberpr\u00fcfen Sie die Installation regelm\u00e4\u00dfig, um sicherzustellen, dass im Laufe der Zeit keine Nachjustierungen erforderlich sind.<\/p>\n<h2>Allgemeine Wartungsaufgaben<\/h2>\n<h3>Regelm\u00e4\u00dfige Inspektionen<\/h3>\n<p>Regelm\u00e4\u00dfige Inspektionen sind unerl\u00e4sslich f\u00fcr die Funktionsf\u00e4higkeit und Sicherheit der Auslegerzylinder. Die Bediener sollten einen Pr\u00fcfplan f\u00fcr alle Zylinderkomponenten erstellen, einschlie\u00dflich Dichtungen, Befestigungspunkte und Hydraulikanschl\u00fcsse. Durch die umgehende Behebung kleinerer Probleme l\u00e4sst sich verhindern, dass diese sich zu gr\u00f6\u00dferen Problemen ausweiten, die kostspielige Reparaturen oder einen Austausch erforderlich machen k\u00f6nnten.<\/p>\n<h3>Richtige Schmierung<\/h3>\n<p>Die ordnungsgem\u00e4\u00dfe Schmierung von Hydraulikzylindern ist f\u00fcr deren reibungslosen Betrieb unerl\u00e4sslich. Bediener sollten einen Wartungsplan einhalten, der die \u00dcberpr\u00fcfung des \u00d6lstands und den gegebenenfalls erforderlichen \u00d6lwechsel umfasst. Die Verwendung des richtigen Hydraulik\u00f6ls ist entscheidend f\u00fcr die Effizienz und Leistungsf\u00e4higkeit des Zylinders. Regelm\u00e4\u00dfige Schmierung minimiert Reibung und Verschlei\u00df und verbessert so die Leistung und Lebensdauer des Zylinders.<\/p>\n<h3>Dichtungsaustausch und Kalibrierungspr\u00fcfungen<\/h3>\n<p>Dichtungen k\u00f6nnen mit der Zeit verschlei\u00dfen und m\u00fcssen ausgetauscht werden, um die hydraulische Funktionsf\u00e4higkeit zu erhalten. Regelm\u00e4\u00dfige Dichtungspr\u00fcfungen und -austausche gew\u00e4hrleisten optimale Leistung. Kalibrierungspr\u00fcfungen sind ebenfalls unerl\u00e4sslich, um sicherzustellen, dass der Zylinder innerhalb der vorgegebenen Parameter arbeitet, pr\u00e4zise Bewegungen erm\u00f6glicht und den Verschlei\u00df der Komponenten minimiert.<\/p>\n<h2>Sicherheitsaspekte und Umweltfaktoren<\/h2>\n<p>Bei der Arbeit mit Hydrauliksystemen haben Sicherheitsma\u00dfnahmen h\u00f6chste Priorit\u00e4t. Bediener m\u00fcssen im sicheren Umgang mit Maschinen, die mit Auslegerzylindern ausgestattet sind, geschult werden. Dies umfasst das Verst\u00e4ndnis der Leistungsgrenzen der Ger\u00e4te, das Erkennen von Warnzeichen f\u00fcr Verschlei\u00df oder Fehlfunktionen sowie die Einhaltung der Herstellerrichtlinien. Umwelteinfl\u00fcsse wie Temperatur und Kontakt mit Chemikalien m\u00fcssen ebenfalls ber\u00fccksichtigt werden, da sie die Leistung und Lebensdauer der Hydraulikkomponenten beeintr\u00e4chtigen k\u00f6nnen.<\/p>\n<h2>Fehlerdiagnose und h\u00e4ufige Probleme<\/h2>\n<ul>\n<li><strong>Leckage:<\/strong> Hydraulikfl\u00fcssigkeitsverluste k\u00f6nnen durch besch\u00e4digte Dichtungen oder unsachgem\u00e4\u00dfe Installation entstehen. Regelm\u00e4\u00dfige Inspektionen helfen, Probleme fr\u00fchzeitig zu erkennen.<\/li>\n<li><strong>Reduzierte Leistung:<\/strong> Eine verminderte Betriebseffizienz kann auf einen niedrigen Hydraulikfl\u00fcssigkeitsstand oder interne Sch\u00e4den hinweisen. Es sollten umgehend Ma\u00dfnahmen zur Untersuchung ergriffen werden.<\/li>\n<li><strong>Ungew\u00f6hnliche Ger\u00e4usche:<\/strong> Ungew\u00f6hnliche Ger\u00e4usche w\u00e4hrend des Betriebs k\u00f6nnen auf Probleme im Zylinder hinweisen, wie z. B. Luft im System oder besch\u00e4digte interne Bauteile.<\/li>\n<\/ul>\n<p>Die Bediener sollten sich mit diesen h\u00e4ufig auftretenden Problemen vertraut machen und wissen, wie sie diese effektiv beheben k\u00f6nnen. Die umgehende Behebung von Unregelm\u00e4\u00dfigkeiten tr\u00e4gt dazu bei, die Integrit\u00e4t des Hydrauliksystems zu erhalten und einen sicheren Betrieb zu gew\u00e4hrleisten.<\/p>\n<h2>Tipps und L\u00f6sungen zur Fehlerbehebung<\/h2>\n<p>Um Probleme mit Auslegerzylindern effektiv zu diagnostizieren und zu beheben, sollten Bediener systematisch vorgehen. Symptome wie Leckagen oder Leistungsverlust sollten identifiziert und m\u00f6gliche Ursachen ermittelt werden. Bei Leckagen sind beispielsweise Dichtungen und Verbindungen auf Besch\u00e4digungen zu pr\u00fcfen. Regelm\u00e4\u00dfige Wartungsarbeiten wie Schmierung und Inspektionen beugen vielen h\u00e4ufigen Problemen vor.<\/p>\n<p>Durch die Einrichtung eines vorbeugenden Wartungsplans l\u00e4sst sich das Risiko von Problemen minimieren. Die Bediener sollten darin geschult werden, Fr\u00fchwarnzeichen zu erkennen und Ma\u00dfnahmen zu ergreifen, bevor sich Probleme verschlimmern. Dadurch werden die Zuverl\u00e4ssigkeit und Sicherheit des Hydrauliksystems erh\u00f6ht.<\/p>\n<p><img decoding=\"async\" src=\"https:\/\/www.hydraulic-cylinders.net\/wp-content\/uploads\/2025\/04\/songte-bushings-with-all-kinds-of-excavator-models.webp\" alt=\"Buchsen bei Baggermodellen\"><\/p>\n<h2>\u00dcber unser Unternehmen<\/h2>\n<p>Wir sind ein f\u00fchrender Hersteller von Hydraulikzylindern und konzentrieren uns auf die Bereitstellung hochwertiger Ersatzteile f\u00fcr vielf\u00e4ltige Anwendungen. Unser umfassendes Produktsortiment hat uns an die Spitze des nationalen und internationalen Marktes gebracht. Wir verfolgen eine Philosophie der Exzellenz und setzen dabei auf fortschrittliche Fertigungsstrategien und strenge Qualit\u00e4tskontrollprozesse.<\/p>\n<p>Unser Innovationsgeist wird durch ein Team hochqualifizierter Fachkr\u00e4fte, modernste Fertigungsanlagen und ein umfassendes Testsystem untermauert. Wir optimieren kontinuierlich unsere Produktionskapazit\u00e4ten, um die vielf\u00e4ltigen Bed\u00fcrfnisse unserer Kunden effizient zu erf\u00fcllen. Unsere Produkte und Dienstleistungen zeichnen sich durch hohe Effizienz, Pr\u00e4zision und Qualit\u00e4t aus und gew\u00e4hrleisten, dass wir die Erwartungen unserer Kunden erf\u00fcllen oder sogar \u00fcbertreffen.<\/p>\n<p>Unser Leistungsspektrum umfasst ma\u00dfgeschneiderte L\u00f6sungen, internationale Zertifizierungen und einen starken Fokus auf Kundenservice. Wir legen Wert auf den Aufbau langfristiger Kundenbeziehungen durch zuverl\u00e4ssige Produkte und exzellenten Kundendienst.<\/p>\n<p><img decoding=\"async\" src=\"https:\/\/www.hydraulic-cylinders.net\/wp-content\/uploads\/2025\/04\/songte-company-4.webp\" alt=\"Unternehmens\u00fcbersicht\"><br \/>\n<img decoding=\"async\" src=\"https:\/\/www.hydraulic-cylinders.net\/wp-content\/uploads\/2025\/04\/songte-company-3.webp\" alt=\"Firmeneinrichtungen\"><\/p>\n<p>Autor: lyl<\/p>","protected":false},"excerpt":{"rendered":"<p>Boom Cylinder For World Small Excavator W285B-8 Introduction to Boom Cylinders A boom cylinder is a specialized hydraulic cylinder designed to control the movement of buckets in various heavy machinery, such as excavators, backhoe loaders, and front-end loaders. This essential component enables the bucket to lift, lower, and tilt, facilitating material handling tasks. The boom [&hellip;]<\/p>","protected":false},"featured_media":17875,"comment_status":"open","ping_status":"closed","template":"","meta":{"_et_pb_use_builder":"","_et_pb_old_content":"","_et_gb_content_width":""},"product_brand":[],"product_cat":[1546],"product_tag":[1547,1496],"class_list":{"0":"post-19461","1":"product","2":"type-product","3":"status-publish","4":"has-post-thumbnail","6":"product_cat-boom-cylinders","7":"product_tag-boom-cylinders","8":"product_tag-hydraulic-cylinders","10":"first","11":"instock","12":"shipping-taxable","13":"product-type-simple"},"amp_enabled":true,"_links":{"self":[{"href":"https:\/\/www.hydraulic-cylinders.net\/de\/wp-json\/wp\/v2\/product\/19461","targetHints":{"allow":["GET"]}}],"collection":[{"href":"https:\/\/www.hydraulic-cylinders.net\/de\/wp-json\/wp\/v2\/product"}],"about":[{"href":"https:\/\/www.hydraulic-cylinders.net\/de\/wp-json\/wp\/v2\/types\/product"}],"replies":[{"embeddable":true,"href":"https:\/\/www.hydraulic-cylinders.net\/de\/wp-json\/wp\/v2\/comments?post=19461"}],"wp:featuredmedia":[{"embeddable":true,"href":"https:\/\/www.hydraulic-cylinders.net\/de\/wp-json\/wp\/v2\/media\/17875"}],"wp:attachment":[{"href":"https:\/\/www.hydraulic-cylinders.net\/de\/wp-json\/wp\/v2\/media?parent=19461"}],"wp:term":[{"taxonomy":"product_brand","embeddable":true,"href":"https:\/\/www.hydraulic-cylinders.net\/de\/wp-json\/wp\/v2\/product_brand?post=19461"},{"taxonomy":"product_cat","embeddable":true,"href":"https:\/\/www.hydraulic-cylinders.net\/de\/wp-json\/wp\/v2\/product_cat?post=19461"},{"taxonomy":"product_tag","embeddable":true,"href":"https:\/\/www.hydraulic-cylinders.net\/de\/wp-json\/wp\/v2\/product_tag?post=19461"}],"curies":[{"name":"wp","href":"https:\/\/api.w.org\/{rel}","templated":true}]}}