{"id":19497,"date":"2025-04-07T06:50:56","date_gmt":"2025-04-07T06:50:56","guid":{"rendered":"https:\/\/www.hydraulic-cylinders.net\/product\/boom-cylinder-for-jove-jv365lc\/"},"modified":"2025-04-07T06:50:58","modified_gmt":"2025-04-07T06:50:58","slug":"boom-cylinder-for-jove-jv365lc","status":"publish","type":"product","link":"https:\/\/www.hydraulic-cylinders.net\/de\/produkt\/boom-cylinder-for-jove-jv365lc\/","title":{"rendered":"Auslegerzylinder f\u00fcr Jove JV365LC"},"content":{"rendered":"<h1>Auslegerzylinder f\u00fcr Jove JV365LC<\/h1>\n<h2>Produkt\u00fcbersicht<\/h2>\n<p>Der <strong>Auslegerzylinder f\u00fcr Jove JV365LC<\/strong> Der Schaufelzylinder ist ein Spezialhydraulikzylinder zur Steuerung der Schaufelbewegung in Baumaschinen wie Baggern, Baggerladern und Radladern. Er spielt eine entscheidende Rolle beim Heben, Senken und Neigen der Schaufel und erm\u00f6glicht so diverse Materialumschlagsaufgaben. Der Schaufelzylinder arbeitet innerhalb von Hydrauliksystemen und wandelt hydraulische Energie in mechanische Kraft um, was einen reibungslosen und effizienten Betrieb auch unter anspruchsvollen Bedingungen gew\u00e4hrleistet.<\/p>\n<p><img decoding=\"async\" src=\"https:\/\/www.hydraulic-cylinders.net\/wp-content\/uploads\/2025\/04\/songte-company-1.webp\" alt=\"Auslegerzylinder f\u00fcr Jove JV365LC\"><\/p>\n<h3>Hauptmerkmale<\/h3>\n<ul>\n<li><strong>Hohe Festigkeit und Haltbarkeit:<\/strong> Diese aus hochfestem Stahl oder Aluminium gefertigten Zylinder sind f\u00fcr hohen Druck und schwere Belastungen ausgelegt. Ihre Konstruktion gew\u00e4hrleistet Verschlei\u00df- und Korrosionsbest\u00e4ndigkeit und verl\u00e4ngert so ihre Lebensdauer.<\/li>\n<li><strong>Effizienter Hydraulikbetrieb:<\/strong> Sie nutzen den Druck von Hydraulik\u00f6l, um ein gleichm\u00e4\u00dfiges Aus- und Einfahren zu erreichen, reagieren schnell auf Steuerbefehle und bieten gleichzeitig eine erhebliche Schub- und Zugkraft \u2013 ideal f\u00fcr die Bew\u00e4ltigung schwerer und komplexer Aufgaben.<\/li>\n<li><strong>Verschiedene Typen:<\/strong> Erh\u00e4ltlich in einfachwirkender (hydraulisch in eine Richtung wirkender) und doppeltwirkender (hydraulisch in beide Richtungen wirkender) Ausf\u00fchrung, um unterschiedlichen Einsatzanforderungen gerecht zu werden. Einige Modelle verf\u00fcgen \u00fcber eine Teleskopfunktion f\u00fcr eine gr\u00f6\u00dfere Auszugsl\u00e4nge ohne Vergr\u00f6\u00dferung der Au\u00dfenabmessungen \u2013 ideal f\u00fcr beengte Platzverh\u00e4ltnisse.<\/li>\n<li><strong>Sonderanfertigungen:<\/strong> Wir k\u00f6nnen dieses Produkt herstellen und so sicherstellen, dass unsere Hydraulikzylinder perfekte Ersatzteile f\u00fcr bestehende Modelle sind.<\/li>\n<\/ul>\n<p><img decoding=\"async\" src=\"https:\/\/www.hydraulic-cylinders.net\/wp-content\/uploads\/2025\/04\/songte-cylinder-head-with-all-kinds-excavator-models.webp\" alt=\"Hydraulikzylinderkopf\"><\/p>\n<h2>Anwendungen<\/h2>\n<h3>Baumaschinen<\/h3>\n<p>Im Baugewerbe sind Auslegerzylinder zentrale Komponenten von Baggern. Sie erm\u00f6glichen das Ausheben, Laden und Transportieren von Erde oder Bauschutt. Ihre Funktionalit\u00e4t ist sowohl f\u00fcr Grab- als auch f\u00fcr Hebearbeiten mit Baggerladern unerl\u00e4sslich und steigert die Gesamteffizienz von Bauprojekten. Die pr\u00e4zise Bewegung dieser Zylinder erm\u00f6glicht genaues Graben und Materialhandling und gew\u00e4hrleistet so die Produktivit\u00e4t auf Baustellen.<\/p>\n<h3>Landmaschinen<\/h3>\n<p>Frontlader mit Auslegerzylindern sind f\u00fcr landwirtschaftliche Arbeiten unverzichtbar, da sie das Heben, Schaufeln und Transportieren verschiedener Materialien wie Erde und Heu erm\u00f6glichen. Diese Flexibilit\u00e4t ist f\u00fcr Landwirte entscheidend, um Ressourcen effizient zu nutzen und so schnellere und effektivere Arbeitsabl\u00e4ufe auf dem Hof \u200b\u200bzu gew\u00e4hrleisten. Die Zuverl\u00e4ssigkeit dieser Zylinder beeinflusst die Produktivit\u00e4t der Landmaschinen direkt und macht sie in der modernen Landwirtschaft unverzichtbar.<\/p>\n<h3>Bagger<\/h3>\n<p>Bei Baggern erm\u00f6glichen die Auslegerzylinder das Eindringen der Schaufel in den Boden w\u00e4hrend der Aushubarbeiten. Dadurch lassen sich verschiedene Materialien, von lockerem Erdreich bis hin zu harten Oberfl\u00e4chen, effizient ausheben. Die von diesen Zylindern erzeugte Hydraulikkraft steigert die Effektivit\u00e4t des Baggers und macht ihn zu einem unverzichtbaren Werkzeug im Bauwesen und im Bergbau. Seine Leistungsf\u00e4higkeit unter hoher Belastung gew\u00e4hrleistet, dass Projekte termingerecht und mit minimalen Ausfallzeiten abgeschlossen werden k\u00f6nnen.<\/p>\n<h3>Lader<\/h3>\n<p>Bei Frontladern sind die Auslegerzylinder f\u00fcr das effiziente Heben und Kippen von Lasten verantwortlich. Sie liefern die notwendige Kraft zum Bewegen schwerer Materialien und gew\u00e4hrleisten einen reibungslosen Ablauf beim Be- und Entladen. Die Effizienz dieser Zylinder tr\u00e4gt ma\u00dfgeblich zur Leistungsf\u00e4higkeit des Laders bei und optimiert die Arbeitsabl\u00e4ufe auf Baustellen und bei Materialumschlagsvorg\u00e4ngen.<\/p>\n<h2>Design\u00fcberlegungen und Auswahlkriterien<\/h2>\n<h3>Tragf\u00e4higkeit<\/h3>\n<p>Bei der Auswahl eines Auslegerzylinders ist dessen Tragf\u00e4higkeit von entscheidender Bedeutung. Der Zylinder muss f\u00fcr die in den vorgesehenen Anwendungen auftretenden Gewichte ausgelegt sein. Ein Zylinder mit unzureichender Tragf\u00e4higkeit kann zu Ausf\u00e4llen und Sicherheitsrisiken f\u00fchren. Daher ist es f\u00fcr einen sicheren und effektiven Betrieb unerl\u00e4sslich, die Gewichtsgrenzen zu kennen und sicherzustellen, dass der Zylinder entsprechend dimensioniert ist.<\/p>\n<h3>Versiegelung und Haltbarkeit<\/h3>\n<p>Eine effektive Abdichtung ist f\u00fcr die Langlebigkeit von Hydraulikzylindern unerl\u00e4sslich. Die Konstruktion muss hochwertige Dichtungen umfassen, die das Austreten von Hydraulikfl\u00fcssigkeit verhindern und gleichzeitig das Eindringen von Verunreinigungen in den Zylinder gew\u00e4hrleisten. Dichtungsmaterialien wie Polyurethan und Nitrilkautschuk sollten aufgrund ihrer Verschlei\u00dffestigkeit und Langlebigkeit ausgew\u00e4hlt werden. Eine fachgerechte Abdichtung verl\u00e4ngert die Lebensdauer des Zylinders, reduziert den Wartungsaufwand und gew\u00e4hrleistet eine gleichbleibende Hydraulikleistung.<\/p>\n<h3>Sicherheitsfunktionen<\/h3>\n<p>Sicherheit hat bei der Konstruktion von Hydraulikzylindern h\u00f6chste Priorit\u00e4t. Merkmale wie Druckbegrenzungsventile und robuste Befestigungselemente erh\u00f6hen die Betriebssicherheit. Diese Merkmale sch\u00fctzen vor \u00dcberdruck und gew\u00e4hrleisten, dass der Zylinder w\u00e4hrend des Betriebs sicher befestigt bleibt. Regelm\u00e4\u00dfige Inspektionen und die Einhaltung von Sicherheitsvorschriften tragen zus\u00e4tzlich zur Sicherheit beim Betrieb von Hydraulikzylindern bei.<\/p>\n<h3>Wartung und Instandhaltung<\/h3>\n<p>Die Konstruktion von Hydraulikzylindern mit dem Ziel der einfachen Wartung ist entscheidend f\u00fcr deren Langlebigkeit und Zuverl\u00e4ssigkeit. Zylinder sollten so konstruiert sein, dass sie bei routinem\u00e4\u00dfigen Pr\u00fcfungen und Reparaturen leicht zug\u00e4nglich sind. Dazu geh\u00f6ren Merkmale wie austauschbare Dichtungen und gut erreichbare Schmierstellen, die regelm\u00e4\u00dfige Wartungschecks erleichtern, das Risiko unerwarteter Ausf\u00e4lle reduzieren und die Lebensdauer der Anlage verl\u00e4ngern.<\/p>\n<p><img decoding=\"async\" src=\"https:\/\/www.hydraulic-cylinders.net\/wp-content\/uploads\/2025\/04\/songte-oil-pipes-and-spare-parts.webp\" alt=\"Hydraulikzylinderteile\"><\/p>\n<h2>Abdichtung und Schmierung<\/h2>\n<p>Die Leistungsf\u00e4higkeit und Lebensdauer von Auslegerzylindern h\u00e4ngen ma\u00dfgeblich von effektiven Dichtungs- und Schmierstrategien ab. Verschiedene Dichtungselemente, wie Kolben- und Stangendichtungen, spielen eine entscheidende Rolle f\u00fcr die Funktionsf\u00e4higkeit von Hydrauliksystemen. Dichtungen aus verschlei\u00dffesten Materialien wie Polyurethan und Nitrilkautschuk werden aufgrund ihrer Best\u00e4ndigkeit gegen\u00fcber rauen Betriebsbedingungen bevorzugt.<\/p>\n<p>Dar\u00fcber hinaus werden Zylinderk\u00f6rper und Gewindeendfl\u00e4chen sorgf\u00e4ltig bearbeitet, um die Verschlei\u00dffestigkeit zu erh\u00f6hen. Regelm\u00e4\u00dfige Schmierung mit geeignetem Hydraulik\u00f6l ist unerl\u00e4sslich, um Reibung und Verschlei\u00df zu minimieren und einen reibungslosen Betrieb zu gew\u00e4hrleisten. Diese routinem\u00e4\u00dfige Wartung verl\u00e4ngert die Lebensdauer des Hydraulikzylinders und erh\u00e4lt gleichzeitig seine optimale Leistungsf\u00e4higkeit.<\/p>\n<h2>Regelm\u00e4\u00dfige Inspektion und vorbeugende Wartung<\/h2>\n<ul>\n<li><strong>Regelm\u00e4\u00dfige Kontrollen:<\/strong> Regelm\u00e4\u00dfige Inspektionen des Hydrauliksystems sind unerl\u00e4sslich, um potenzielle Probleme fr\u00fchzeitig zu erkennen und zu beheben. Dazu geh\u00f6ren die \u00dcberpr\u00fcfung auf Leckagen, die Kontrolle der Dichtungen auf Verschlei\u00df und die Sicherstellung eines ausreichenden Hydraulikfl\u00fcssigkeitsstands.<\/li>\n<li><strong>Richtige Schmierung:<\/strong> Eine ausreichende Schmierung der Hydraulikkomponenten beugt \u00fcberm\u00e4\u00dfigem Verschlei\u00df vor. Regelm\u00e4\u00dfiges Nachf\u00fcllen von Hydraulikfl\u00fcssigkeit und die Sicherstellung, dass das Schmiermittel frei von Verunreinigungen ist, k\u00f6nnen die Lebensdauer des Systems deutlich verl\u00e4ngern.<\/li>\n<li><strong>Dichtungswechsel:<\/strong> Dichtungen verschlei\u00dfen mit der Zeit. Die regelm\u00e4\u00dfige \u00dcberpr\u00fcfung und der Austausch der Dichtungen sind daher unerl\u00e4sslich, um Leckagen zu vermeiden und die Systemintegrit\u00e4t zu gew\u00e4hrleisten. Auch regelm\u00e4\u00dfige Kalibrierungspr\u00fcfungen helfen, etwaige Abweichungen zu erkennen, die zu Leistungsproblemen f\u00fchren k\u00f6nnten.<\/li>\n<\/ul>\n<h2>Installationshinweise<\/h2>\n<p>Die korrekte Installation eines Auslegerzylinders ist entscheidend f\u00fcr optimale Leistung und Sicherheit. Lesen Sie zun\u00e4chst die Anweisungen und Richtlinien des Herstellers sorgf\u00e4ltig durch. Richten Sie den Zylinder pr\u00e4zise an den Befestigungspunkten aus, um unn\u00f6tige Belastungen zu vermeiden. Es wird empfohlen, geeignete Montagehalterungen zur sicheren Befestigung des Zylinders zu verwenden. Stellen Sie vor der Systempr\u00fcfung sicher, dass alle Hydraulikanschl\u00fcsse dicht und fest sind. F\u00fchren Sie nach der Installation eine gr\u00fcndliche Inspektion durch, um die einwandfreie und effiziente Funktion des Zylinders zu gew\u00e4hrleisten. \u00dcberpr\u00fcfen Sie die Installation regelm\u00e4\u00dfig auf Anzeichen von Verschlei\u00df oder Leckagen, um Probleme fr\u00fchzeitig zu erkennen und zu beheben.<\/p>\n<h2>Wartungsaufgaben<\/h2>\n<h3>Regelm\u00e4\u00dfige Inspektion<\/h3>\n<p>Regelm\u00e4\u00dfige Inspektionen sind unerl\u00e4sslich f\u00fcr die Funktionsf\u00e4higkeit von Hydraulikzylindern. Dabei werden die Zylinder visuell auf Verschlei\u00df oder Besch\u00e4digungen, insbesondere an Dichtungen und Befestigungspunkten, \u00fcberpr\u00fcft. Ein Inspektionsprotokoll hilft, die Zylinderleistung im Laufe der Zeit zu verfolgen und Trends zu erkennen, die auf potenzielle Probleme hinweisen k\u00f6nnen.<\/p>\n<h3>Richtige Schmierung<\/h3>\n<p>Die Schmierung ist ein entscheidender Aspekt der Wartung von Hydraulikzylindern. Durch die Sicherstellung einer ausreichenden Schmierung aller beweglichen Teile lassen sich Reibung und Verschlei\u00df vermeiden und die Lebensdauer des Zylinders verl\u00e4ngern. Es ist wichtig, das vom Hersteller empfohlene Hydraulik\u00f6l zu verwenden und den \u00d6lstand regelm\u00e4\u00dfig zu \u00fcberpr\u00fcfen, um einen optimalen Betrieb zu gew\u00e4hrleisten.<\/p>\n<h3>Dichtungswechsel<\/h3>\n<p>Da Dichtungen einem st\u00e4ndigen Verschlei\u00df unterliegen, ist ihr regelm\u00e4\u00dfiger Austausch unerl\u00e4sslich, um Leckagen zu vermeiden und die Systemintegrit\u00e4t zu gew\u00e4hrleisten. \u00dcberpr\u00fcfen Sie die Dichtungen im Rahmen der routinem\u00e4\u00dfigen Wartung auf Besch\u00e4digungen oder Verschlei\u00df und tauschen Sie sie gegebenenfalls aus. Dieses vorausschauende Vorgehen tr\u00e4gt dazu bei, die Effizienz und Sicherheit des Hydrauliksystems zu erhalten und die Wahrscheinlichkeit ungeplanter Ausfallzeiten zu verringern.<\/p>\n<p><img decoding=\"async\" src=\"https:\/\/www.hydraulic-cylinders.net\/wp-content\/uploads\/2025\/04\/songte-chushion-collar.webp\" alt=\"D\u00e4mpfungsmanschette f\u00fcr Hydraulikzylinder\"><\/p>\n<h2>Sicherheitsaspekte und Umweltfaktoren<\/h2>\n<p>Bei der Verwendung von Hydraulikzylindern ist die Einhaltung der Sicherheitsvorschriften von h\u00f6chster Bedeutung. Die Bediener m\u00fcssen in Bezug auf die potenziellen Gefahren von Hydrauliksystemen geschult werden, insbesondere hinsichtlich des Risikos von Druckentlastung und Fl\u00fcssigkeitsleckagen. Pers\u00f6nliche Schutzausr\u00fcstung (PSA) ist w\u00e4hrend des gesamten Betriebs zu tragen. Dar\u00fcber hinaus sind Umweltaspekte zu ber\u00fccksichtigen, wie beispielsweise die ordnungsgem\u00e4\u00dfe Entsorgung von Hydraulikfl\u00fcssigkeiten und Wartungsmaterialien, um Boden- und Wasserverschmutzung zu vermeiden. Die Einhaltung der Sicherheitsvorschriften sch\u00fctzt nicht nur die Arbeiter, sondern tr\u00e4gt auch zur Einhaltung der Umweltauflagen bei.<\/p>\n<h2>Fehlerbehebung bei h\u00e4ufigen Problemen<\/h2>\n<ul>\n<li><strong>Hydraulikfl\u00fcssigkeitslecks:<\/strong> Eines der h\u00e4ufigsten Probleme ist das Austreten von Hydraulikfl\u00fcssigkeit. Dies kann durch verschlissene Dichtungen oder fehlerhafte Verbindungen verursacht werden. Um das Problem zu beheben, \u00fcberpr\u00fcfen Sie das System auf besch\u00e4digte Dichtungen und tauschen Sie diese gegebenenfalls aus.<\/li>\n<li><strong>Unregelm\u00e4\u00dfige Zylinderbewegung:<\/strong> Wenn der Zylinder ungleichm\u00e4\u00dfig l\u00e4uft, kann dies an Luft in den Hydraulikleitungen oder an zu wenig Hydraulikfl\u00fcssigkeit liegen. Durch Entl\u00fcften des Systems, um die eingeschlossene Luft zu entfernen, und \u00dcberpr\u00fcfen des Fl\u00fcssigkeitsstands l\u00e4sst sich die gleichm\u00e4\u00dfige Funktion wiederherstellen.<\/li>\n<li><strong>\u00dcberhitzung:<\/strong> \u00dcberhitzung kann durch \u00dcberlastung oder unzureichende Schmierung entstehen. \u00dcberwachen Sie regelm\u00e4\u00dfig die Betriebstemperatur und stellen Sie sicher, dass das Hydraulik\u00f6l sauber ist und den erforderlichen F\u00fcllstand aufweist, um \u00dcberhitzungsprobleme zu vermeiden.<\/li>\n<\/ul>\n<h2>Vorbeugende Ma\u00dfnahmen<\/h2>\n<p>Um potenzielle Probleme mit Hydraulikzylindern zu minimieren, ist es unerl\u00e4sslich, vorbeugende Ma\u00dfnahmen zu ergreifen. Regelm\u00e4\u00dfige Wartung und rechtzeitige Inspektionen k\u00f6nnen Probleme fr\u00fchzeitig erkennen und so das Risiko unerwarteter Ausf\u00e4lle verringern. Eine angemessene Schulung der Bediener tr\u00e4gt ebenfalls zu mehr Sicherheit und Effizienz im Umgang mit Hydrauliksystemen bei. Schlie\u00dflich kann die Verwendung von sauberem und gut geschmiertem Hydraulik\u00f6l den Verschlei\u00df deutlich reduzieren und die Lebensdauer der Komponenten verl\u00e4ngern.<\/p>\n<p><img decoding=\"async\" src=\"https:\/\/www.hydraulic-cylinders.net\/wp-content\/uploads\/2025\/04\/songte-bushings-with-all-kinds-of-excavator-models.webp\" alt=\"Buchsen f\u00fcr Baggermodelle\"><\/p>\n<h2>Unternehmensvorstellung<\/h2>\n<p>Wir sind ein f\u00fchrender Hersteller von Hydraulikzylindern und bieten ein umfassendes Produktsortiment, das uns als einen der f\u00fchrenden Hersteller und Gro\u00dfh\u00e4ndler auf nationalen und internationalen M\u00e4rkten etabliert hat. Unser Anspruch an h\u00f6chste Qualit\u00e4t basiert auf einer ausgereiften Fertigungsstrategie, die modernste digitale Fertigungsanlagen und professionelle Testsysteme nutzt.<\/p>\n<p>Unsere Werkst\u00e4tten optimieren kontinuierlich ihre Produktionsplattformen, um einen reibungslosen und qualitativ hochwertigen Produktionsprozess zu gew\u00e4hrleisten. Mit einem starken Fokus auf technisches Know-how und Innovation streben wir danach, die vielf\u00e4ltigen Kundenbed\u00fcrfnisse effizient und effektiv zu erf\u00fcllen. Unser Fokus auf hohe Effizienz, Pr\u00e4zision und Qualit\u00e4t erm\u00f6glicht es uns, erstklassige Produkte zu liefern, die sich \u00fcber lange Zeit bew\u00e4hren.<\/p>\n<p><img decoding=\"async\" src=\"https:\/\/www.hydraulic-cylinders.net\/wp-content\/uploads\/2025\/04\/songte-company-4.webp\" alt=\"Unternehmens\u00fcbersicht\"><br \/>\n<img decoding=\"async\" src=\"https:\/\/www.hydraulic-cylinders.net\/wp-content\/uploads\/2025\/04\/songte-company-3.webp\" alt=\"Firmeneinrichtungen\"><\/p>\n<p>Autor: lyl<\/p>","protected":false},"excerpt":{"rendered":"<p>Boom Cylinder For Jove JV365LC Product Overview The Boom Cylinder for Jove JV365LC is a specialized hydraulic cylinder designed for controlling the movement of buckets in heavy machinery such as excavators, backhoe loaders, and front loaders. These cylinders play a crucial role in enabling the lifting, lowering, and tilting of buckets, facilitating various material handling [&hellip;]<\/p>","protected":false},"featured_media":17881,"comment_status":"open","ping_status":"closed","template":"","meta":{"_et_pb_use_builder":"","_et_pb_old_content":"","_et_gb_content_width":""},"product_brand":[],"product_cat":[1546],"product_tag":[1547,1496],"class_list":{"0":"post-19497","1":"product","2":"type-product","3":"status-publish","4":"has-post-thumbnail","6":"product_cat-boom-cylinders","7":"product_tag-boom-cylinders","8":"product_tag-hydraulic-cylinders","10":"first","11":"instock","12":"shipping-taxable","13":"product-type-simple"},"amp_enabled":true,"_links":{"self":[{"href":"https:\/\/www.hydraulic-cylinders.net\/de\/wp-json\/wp\/v2\/product\/19497","targetHints":{"allow":["GET"]}}],"collection":[{"href":"https:\/\/www.hydraulic-cylinders.net\/de\/wp-json\/wp\/v2\/product"}],"about":[{"href":"https:\/\/www.hydraulic-cylinders.net\/de\/wp-json\/wp\/v2\/types\/product"}],"replies":[{"embeddable":true,"href":"https:\/\/www.hydraulic-cylinders.net\/de\/wp-json\/wp\/v2\/comments?post=19497"}],"wp:featuredmedia":[{"embeddable":true,"href":"https:\/\/www.hydraulic-cylinders.net\/de\/wp-json\/wp\/v2\/media\/17881"}],"wp:attachment":[{"href":"https:\/\/www.hydraulic-cylinders.net\/de\/wp-json\/wp\/v2\/media?parent=19497"}],"wp:term":[{"taxonomy":"product_brand","embeddable":true,"href":"https:\/\/www.hydraulic-cylinders.net\/de\/wp-json\/wp\/v2\/product_brand?post=19497"},{"taxonomy":"product_cat","embeddable":true,"href":"https:\/\/www.hydraulic-cylinders.net\/de\/wp-json\/wp\/v2\/product_cat?post=19497"},{"taxonomy":"product_tag","embeddable":true,"href":"https:\/\/www.hydraulic-cylinders.net\/de\/wp-json\/wp\/v2\/product_tag?post=19497"}],"curies":[{"name":"wp","href":"https:\/\/api.w.org\/{rel}","templated":true}]}}