{"id":19526,"date":"2025-04-07T06:52:50","date_gmt":"2025-04-07T06:52:50","guid":{"rendered":"https:\/\/www.hydraulic-cylinders.net\/product\/boom-cylinder-for-kym-ky60f\/"},"modified":"2025-04-07T06:52:52","modified_gmt":"2025-04-07T06:52:52","slug":"boom-cylinder-for-kym-ky60f","status":"publish","type":"product","link":"https:\/\/www.hydraulic-cylinders.net\/de\/produkt\/boom-cylinder-for-kym-ky60f\/","title":{"rendered":"Auslegerzylinder f\u00fcr KYM KY60F"},"content":{"rendered":"<h1>Auslegerzylinder f\u00fcr KYM KY60F<\/h1>\n<h2>Produkt\u00fcbersicht<\/h2>\n<p>Der Auslegerzylinder f\u00fcr den KYM KY60F ist eine wichtige Hydraulikkomponente, die speziell f\u00fcr die Steuerung der Schaufelbewegung an Baumaschinen wie Baggern, Baggerladern und Radladern entwickelt wurde. Dieser Hydraulikzylinder erm\u00f6glicht das Heben, Senken und Neigen der Schaufel und erleichtert so effiziente Materialumschlagsarbeiten in verschiedenen Bau- und Landwirtschaftsanwendungen. Als Hydraulikzylinder arbeitet er mit unter Druck stehender Hydraulikfl\u00fcssigkeit, was eine gleichm\u00e4\u00dfige und kraftvolle Bewegung erm\u00f6glicht und dem Bediener ein pr\u00e4zises Man\u00f6vrieren schwerer Lasten erlaubt.<\/p>\n<p><img decoding=\"async\" src=\"https:\/\/www.hydraulic-cylinders.net\/wp-content\/uploads\/2025\/04\/songte-company-1.webp\" alt=\"Auslegerzylinder\"><\/p>\n<h2>Merkmale des Auslegerzylinders<\/h2>\n<ul>\n<li><strong>Hohe Festigkeit und Haltbarkeit:<\/strong> Dieser Zylinder, typischerweise aus hochfestem Stahl oder Aluminium gefertigt, h\u00e4lt hohem Druck und hohen Belastungen stand und eignet sich daher f\u00fcr anspruchsvolle Arbeitsumgebungen. Er ist verschlei\u00df- und korrosionsbest\u00e4ndig konstruiert, was seine Lebensdauer verl\u00e4ngert.<\/li>\n<li><strong>Effizienter Hydraulikbetrieb:<\/strong> Durch die Nutzung von Hydraulik\u00f6ldruck erm\u00f6glicht dieser Zylinder gleichm\u00e4\u00dfige Teleskopbewegungen und reagiert schnell auf Steuerbefehle. Er liefert kraftvolle Schub- und Zugkr\u00e4fte, die ideal f\u00fcr die Handhabung schwerer Materialien und komplexer Aufgaben geeignet sind.<\/li>\n<li><strong>Verschiedene Typen:<\/strong> Je nach Bedarf k\u00f6nnen Anwender zwischen einfachwirkenden (in eine Richtung wirkenden) und doppeltwirkenden (in beide Richtungen wirkenden) Zylindern w\u00e4hlen. Einige Modelle verf\u00fcgen \u00fcber ein Teleskopdesign, das eine gr\u00f6\u00dfere Auszugsl\u00e4nge ohne Vergr\u00f6\u00dferung der Au\u00dfenabmessungen erm\u00f6glicht \u2013 ideal f\u00fcr Anwendungen mit begrenztem Platzangebot.<\/li>\n<li><strong>Sonderanfertigungen:<\/strong> Unsere Produktionskapazit\u00e4ten erm\u00f6glichen es uns, dieses Produkt so herzustellen, dass es bestehende Hydraulikzylinder perfekt ersetzen kann und somit Kompatibilit\u00e4t und Leistung gew\u00e4hrleistet sind.<\/li>\n<\/ul>\n<p><img decoding=\"async\" src=\"https:\/\/www.hydraulic-cylinders.net\/wp-content\/uploads\/2025\/04\/songte-cylinder-head-with-all-kinds-excavator-models.webp\" alt=\"Zylinderkopf f\u00fcr Baggermodelle\"><\/p>\n<h2>Anwendungen des Auslegerzylinders<\/h2>\n<h3>Baumaschinen<\/h3>\n<p>Bei Baumaschinen ist der Auslegerzylinder f\u00fcr Bagger unverzichtbar, da er beim Graben, Laden und Bewegen von Erde oder Bauschutt hilft. Die Hydraulikleistung des Zylinders erm\u00f6glicht effiziente Grabungsarbeiten und macht ihn zu einem unverzichtbaren Bestandteil von Bauprojekten \u2013 von kleinen Landschaftsbauarbeiten bis hin zu gro\u00dffl\u00e4chigen Aushubarbeiten.<\/p>\n<h3>Landmaschinen<\/h3>\n<p>Bei Radladern spielt der Auslegerzylinder eine entscheidende Rolle beim Aufnehmen, Anheben und Transportieren von Erde, Heu und anderen Materialien. Seine F\u00e4higkeit, kraftvolle Hubbewegungen zu erm\u00f6glichen, steigert die Produktivit\u00e4t in der Landwirtschaft und erlaubt es Landwirten, Ressourcen effizient zu nutzen und ihre Arbeitsabl\u00e4ufe zu optimieren.<\/p>\n<h3>Bagger<\/h3>\n<p>Der Auslegerzylinder erm\u00f6glicht es dem L\u00f6ffel, in den Boden einzudringen und so die f\u00fcr Bagger notwendigen Grabarbeiten zu erleichtern. Diese F\u00e4higkeit ist f\u00fcr verschiedene Aufgaben wie Grabenbau, Baustellenvorbereitung und Fundamentaushub unerl\u00e4sslich und tr\u00e4gt wesentlich zur Effizienz von Baggern bei.<\/p>\n<h3>Lader<\/h3>\n<p>Bei Frontladern unterst\u00fctzen Auslegerzylinder das effiziente Heben und Abladen von Lasten. Die Hydraulikleistung erm\u00f6glicht es dem Bediener, Materialien wie Kies, Sand und andere Sch\u00fcttg\u00fcter m\u00fchelos zu handhaben und so einen reibungslosen Ablauf beim Be- und Entladen zu gew\u00e4hrleisten.<\/p>\n<h2>Design\u00fcberlegungen und Auswahlkriterien<\/h2>\n<h3>Tragf\u00e4higkeit<\/h3>\n<p>Bei der Auswahl eines Auslegerzylinders ist das Verst\u00e4ndnis seiner Tragf\u00e4higkeit von entscheidender Bedeutung. Der Zylinder muss die im Betrieb zu erwartende maximale Last aufnehmen k\u00f6nnen. Dies erfordert die Ber\u00fccksichtigung sowohl der statischen als auch der dynamischen Belastungen, denen der Zylinder ausgesetzt sein wird. Die Wahl eines Zylinders mit unzureichender Tragf\u00e4higkeit kann zu vorzeitigem Ausfall, Sicherheitsrisiken und kostspieligen Stillstandszeiten f\u00fchren.<\/p>\n<h3>Versiegelung und Haltbarkeit<\/h3>\n<p>Das Dichtungssystem eines Auslegerzylinders ist entscheidend f\u00fcr seine Leistungsf\u00e4higkeit und Lebensdauer. Hochwertige Dichtungen verhindern den Austritt von Hydraulikfl\u00fcssigkeit und gew\u00e4hrleisten so einen effizienten Betrieb. Die Wahl geeigneter Dichtungsmaterialien wie Polyurethan und Nitrilkautschuk erh\u00f6ht die Haltbarkeit und reduziert den Wartungsaufwand. Dar\u00fcber hinaus sollten Zylinder so konstruiert sein, dass sie Verschlei\u00df durch Umwelteinfl\u00fcsse standhalten, was zu ihrer Gesamtlebensdauer beitr\u00e4gt.<\/p>\n<h3>Sicherheitsfunktionen<\/h3>\n<p>Sicherheit hat bei der Konstruktion von Hydrauliksystemen h\u00f6chste Priorit\u00e4t. Der Einsatz von Sicherheitsvorrichtungen wie Druckbegrenzungsventilen und Sicherheitsverriegelungen kann Unf\u00e4lle durch pl\u00f6tzliche Druckspitzen oder Ger\u00e4teausf\u00e4lle verhindern. Ein gut konstruierter Zylinder sollte diese Sicherheitsmechanismen beinhalten, um sowohl den Bediener als auch die Anlage zu sch\u00fctzen.<\/p>\n<h3>Wartungszug\u00e4nglichkeit<\/h3>\n<p>Ein wesentlicher Aspekt der Konstruktion ist die Gew\u00e4hrleistung einer einfachen Wartung des Zylinders. Dies umfasst die Ber\u00fccksichtigung regelm\u00e4\u00dfiger Inspektionen, der Schmierung und der M\u00f6glichkeit, verschlissene Dichtungen oder Teile ohne aufwendige Demontage auszutauschen. Ein wartungsfreundlich konstruierter Zylinder steigert die Betriebseffizienz und reduziert Ausfallzeiten.<\/p>\n<p><img decoding=\"async\" src=\"https:\/\/www.hydraulic-cylinders.net\/wp-content\/uploads\/2025\/04\/songte-oil-pipes-and-spare-parts.webp\" alt=\"Hydraulikleitungen und Ersatzteile\"><\/p>\n<h2>Abdichtung und Schmierung<\/h2>\n<p>Eine effektive Abdichtung und Schmierung sind f\u00fcr die Leistungsf\u00e4higkeit des Auslegerzylinders unerl\u00e4sslich. Verschiedene Dichtungskomponenten, darunter Kolben- und Stangendichtungen, sollten anhand ihrer Langlebigkeit und Verschlei\u00dffestigkeit ausgew\u00e4hlt werden. Materialien wie Polyurethan oder Nitrilkautschuk werden aufgrund ihrer Festigkeit und Best\u00e4ndigkeit gegen\u00fcber Hydraulikfl\u00fcssigkeiten h\u00e4ufig verwendet. Zylinderk\u00f6rper und Gewindeendfl\u00e4chen m\u00fcssen pr\u00e4zise bearbeitet werden, um die Verschlei\u00dffestigkeit zu erh\u00f6hen und ihre Best\u00e4ndigkeit gegen\u00fcber rauen Betriebsbedingungen zu gew\u00e4hrleisten.<\/p>\n<p>Eine regelm\u00e4\u00dfige Schmierung mit Hydraulik\u00f6l ist unerl\u00e4sslich. Ausreichende Schmierung minimiert Reibung und Verschlei\u00df, gew\u00e4hrleistet einen reibungslosen Betrieb und verl\u00e4ngert die Lebensdauer des Zylinders. Die Bediener sollten den \u00d6lstand regelm\u00e4\u00dfig kontrollieren und die erforderliche Menge Hydraulik\u00f6l nachf\u00fcllen, um eine optimale Leistung zu gew\u00e4hrleisten.<\/p>\n<h2>Regelm\u00e4\u00dfige Wartung und vorbeugende Ma\u00dfnahmen<\/h2>\n<ul>\n<li><strong>Regelm\u00e4\u00dfige Inspektionen:<\/strong> Die regelm\u00e4\u00dfige \u00dcberpr\u00fcfung des Auslegerzylinders auf Verschlei\u00df, Leckagen oder Besch\u00e4digungen ist unerl\u00e4sslich. Durch das fr\u00fchzeitige Erkennen von Problemen lassen sich gr\u00f6\u00dfere Schwierigkeiten und kostspielige Reparaturen sp\u00e4ter vermeiden.<\/li>\n<li><strong>Richtige Schmierung:<\/strong> Durch ausreichende Schmierung des Zylinders wird vorzeitiger Verschlei\u00df verhindert. Die Bediener sollten die Empfehlungen des Herstellers hinsichtlich Schmierintervallen und \u00d6lsorten beachten.<\/li>\n<li><strong>Dichtungswechsel:<\/strong> Dichtungen k\u00f6nnen mit der Zeit verschlei\u00dfen und m\u00fcssen dann ausgetauscht werden. Durch regelm\u00e4\u00dfige \u00dcberpr\u00fcfung und gegebenenfalls Austausch der Dichtungen l\u00e4sst sich das Risiko von Hydrauliklecks deutlich reduzieren und eine optimale Leistung gew\u00e4hrleisten.<\/li>\n<\/ul>\n<h2>Installationshinweise<\/h2>\n<p>Die korrekte Montage des Auslegerzylinders ist entscheidend f\u00fcr optimale Leistung und lange Lebensdauer. Stellen Sie zun\u00e4chst sicher, dass die Montagefl\u00e4chen sauber und frei von Verunreinigungen sind. Richten Sie den Zylinder mithilfe geeigneter Montagehalterungen pr\u00e4zise an den Befestigungspunkten der Maschine aus. Eine Fehlausrichtung ist unbedingt zu vermeiden, da sie zu ungleichm\u00e4\u00dfigem Verschlei\u00df und schlie\u00dflich zum Ausfall f\u00fchren kann.<\/p>\n<p>Beachten Sie bei der Installation die Drehmomentvorgaben des Herstellers und stellen Sie sicher, dass alle Verbindungen fest angezogen sind, um Leckagen zu vermeiden. Verwenden Sie stets einen kalibrierten Drehmomentschl\u00fcssel, um ein \u00dcberdrehen und damit eine Besch\u00e4digung des Zylinders zu verhindern. F\u00fchren Sie nach der Installation eine Funktionspr\u00fcfung durch, um den reibungslosen und effizienten Betrieb des Zylinders zu gew\u00e4hrleisten.<\/p>\n<h2>Allgemeine Wartungsaufgaben<\/h2>\n<h3>Regelm\u00e4\u00dfige Inspektionen<\/h3>\n<p>Regelm\u00e4\u00dfige Inspektionen sind unerl\u00e4sslich, um Verschlei\u00df und potenzielle Ausf\u00e4lle am Auslegerzylinder zu erkennen. Die Bediener sollten Sichtpr\u00fcfungen auf Anzeichen von Leckagen oder Besch\u00e4digungen durchf\u00fchren und Schl\u00e4uche und Anschl\u00fcsse auf Dichtheit pr\u00fcfen. Durch die Planung routinem\u00e4\u00dfiger Wartungsarbeiten lassen sich Probleme fr\u00fchzeitig erkennen, bevor sie sich zu schwerwiegenden St\u00f6rungen entwickeln.<\/p>\n<h3>Richtige Schmierung<\/h3>\n<p>Eine ordnungsgem\u00e4\u00dfe Schmierung ist f\u00fcr die Funktionsf\u00e4higkeit des Auslegerzylinders unerl\u00e4sslich. Die Bediener m\u00fcssen sicherstellen, dass der Hydraulik\u00f6lstand ausreichend und das \u00d6l sauber ist. Verunreinigtes oder unzureichendes \u00d6l kann zu erh\u00f6hter Reibung und Verschlei\u00df f\u00fchren. Die Einhaltung des vom Hersteller vorgegebenen Schmierplans ist f\u00fcr eine optimale Leistung entscheidend.<\/p>\n<h3>Dichtungsaustausch und Kalibrierungspr\u00fcfungen<\/h3>\n<p>Der Austausch der Dichtungen ist notwendig, da diese mit der Zeit verschlei\u00dfen. Pr\u00fcfen Sie die Dichtungen regelm\u00e4\u00dfig auf Verschlei\u00dferscheinungen und tauschen Sie sie bei Bedarf aus. Zus\u00e4tzlich sollten Kalibrierungspr\u00fcfungen durchgef\u00fchrt werden, um sicherzustellen, dass der Zylinder innerhalb der vorgegebenen Parameter arbeitet. Dies tr\u00e4gt zur Aufrechterhaltung der Effizienz und zur Verl\u00e4ngerung der Lebensdauer des Hydrauliksystems bei.<\/p>\n<p><img decoding=\"async\" src=\"https:\/\/www.hydraulic-cylinders.net\/wp-content\/uploads\/2025\/04\/songte-chushion-collar.webp\" alt=\"Kissenkragen\"><\/p>\n<h2>Sicherheitsaspekte und Umweltfaktoren<\/h2>\n<p>Sicherheitsma\u00dfnahmen haben bei der Arbeit mit Hydrauliksystemen h\u00f6chste Priorit\u00e4t. Bediener m\u00fcssen im sicheren Umgang mit Hydraulikger\u00e4ten geschult sein und die potenziellen Gefahren von Hochdrucksystemen kennen. Das Tragen geeigneter pers\u00f6nlicher Schutzausr\u00fcstung (PSA) ist unerl\u00e4sslich, um Verletzungen bei Betrieb und Wartung zu vermeiden. Dar\u00fcber hinaus sind Umweltfaktoren zu ber\u00fccksichtigen; geeignete Auffangma\u00dfnahmen m\u00fcssen getroffen werden, um das Austreten von Hydraulikfl\u00fcssigkeit zu verhindern, da diese umweltsch\u00e4dlich sein kann.<\/p>\n<h2>Fehlerdiagnose und h\u00e4ufige Probleme<\/h2>\n<ul>\n<li><strong>Leckage:<\/strong> Hydraulikfl\u00fcssigkeitsverluste sind ein h\u00e4ufiges Problem, das auf verschlissene Dichtungen oder besch\u00e4digte Schl\u00e4uche hinweisen kann. Betreiber sollten regelm\u00e4\u00dfig auf Leckagen pr\u00fcfen und diese umgehend beheben, um Systemausf\u00e4lle zu vermeiden.<\/li>\n<li><strong>Reduzierte Leistung:<\/strong> Wenn der Auslegerzylinder nicht effizient reagiert, kann dies an einem niedrigen Hydraulik\u00f6lstand, verunreinigtem \u00d6l oder internem Verschlei\u00df liegen. Regelm\u00e4\u00dfige Kontrollen und rechtzeitige Wartung k\u00f6nnen diese Probleme beheben.<\/li>\n<li><strong>Ungew\u00f6hnliche Ger\u00e4usche:<\/strong> Ungew\u00f6hnliche Betriebsger\u00e4usche wie Schleif- oder Zischger\u00e4usche k\u00f6nnen auf mechanische Probleme hinweisen. Bediener sollten diese Ger\u00e4usche umgehend untersuchen, da sie auf schwerwiegende Probleme hinweisen k\u00f6nnen, die Aufmerksamkeit erfordern.<\/li>\n<\/ul>\n<h2>Tipps zur Fehlerbehebung<\/h2>\n<p>Zur effektiven Fehlerdiagnose sollten die Bediener ein detailliertes Inspektionsprotokoll f\u00fchren, um Leistungsprobleme und die Wartungshistorie zu dokumentieren. Bei Leckage sind zun\u00e4chst Dichtungen und Anschl\u00fcsse zu pr\u00fcfen und verschlissene Bauteile auszutauschen. Bei verminderter Leistung ist sicherzustellen, dass der Hydraulik\u00f6lstand dem empfohlenen Wert entspricht und das Hydraulik\u00f6l sauber ist. Treten ungew\u00f6hnliche Ger\u00e4usche auf, ist der Betrieb sofort einzustellen, um Folgesch\u00e4den zu vermeiden, und ein Techniker zur detaillierten Analyse hinzuzuziehen.<\/p>\n<p>Vorbeugen ist entscheidend; regelm\u00e4\u00dfige Wartung und Schulung k\u00f6nnen das Risiko potenzieller Probleme deutlich verringern. Die Bediener sollten dazu angehalten werden, sich mit den Maschinen vertraut zu machen und die empfohlenen Wartungspl\u00e4ne einzuhalten, um deren Langlebigkeit und Zuverl\u00e4ssigkeit zu gew\u00e4hrleisten.<\/p>\n<p><img decoding=\"async\" src=\"https:\/\/www.hydraulic-cylinders.net\/wp-content\/uploads\/2025\/04\/songte-bushings-with-all-kinds-of-excavator-models.webp\" alt=\"Buchsen f\u00fcr Baggermodelle\"><\/p>\n<h2>\u00dcber unser Unternehmen<\/h2>\n<p>Wir sind ein f\u00fchrender Hersteller von Hydraulikzylindern und bieten ein umfassendes Produktsortiment, das uns als einen der Top-Hersteller und Gro\u00dfh\u00e4ndler auf nationalen und internationalen M\u00e4rkten etabliert hat. Unser Anspruch an h\u00f6chste Qualit\u00e4t basiert auf ausgereiften Fertigungsstrategien und fortschrittlichen Produktionsmanagementtechniken.<\/p>\n<p>Unser Unternehmen optimiert seine Fertigungsplattform kontinuierlich durch den Einsatz hochqualifizierter Fachkr\u00e4fte, modernster digitaler Fertigungsanlagen und professioneller Testsysteme. So gew\u00e4hrleisten wir h\u00f6chste Produktionsstandards. Wir verf\u00fcgen \u00fcber ausgepr\u00e4gte Innovationskraft und orientieren uns an den Prinzipien hoher Effizienz, Pr\u00e4zision und Qualit\u00e4t, um den vielf\u00e4ltigen Bed\u00fcrfnissen unserer Kunden gerecht zu werden.<\/p>\n<p>Unsere Expertise erstreckt sich auf verschiedene Aspekte, darunter die Spezialisierung auf Hydrauliksysteme, internationale Zertifizierungen, kundenspezifische Dienstleistungen, fortschrittliche Produktionsanlagen und ein unvergleichlicher Kundendienst.<\/p>\n<p><img decoding=\"async\" src=\"https:\/\/www.hydraulic-cylinders.net\/wp-content\/uploads\/2025\/04\/songte-company-4.webp\" alt=\"Firmenbild 1\"><br \/>\n<img decoding=\"async\" src=\"https:\/\/www.hydraulic-cylinders.net\/wp-content\/uploads\/2025\/04\/songte-company-3.webp\" alt=\"Firmenbild 2\"><\/p>\n<p>Autor: lyl<\/p>","protected":false},"excerpt":{"rendered":"<p>Boom Cylinder For KYM KY60F Product Overview The Boom Cylinder for KYM KY60F is an essential hydraulic component designed specifically for controlling the movement of the bucket on heavy machinery such as excavators, backhoe loaders, and front-end loaders. This hydraulic cylinder enables the bucket to lift, lower, and tilt, facilitating efficient material handling tasks in [&hellip;]<\/p>","protected":false},"featured_media":17879,"comment_status":"open","ping_status":"closed","template":"","meta":{"_et_pb_use_builder":"","_et_pb_old_content":"","_et_gb_content_width":""},"product_brand":[],"product_cat":[1546],"product_tag":[1547,1496],"class_list":{"0":"post-19526","1":"product","2":"type-product","3":"status-publish","4":"has-post-thumbnail","6":"product_cat-boom-cylinders","7":"product_tag-boom-cylinders","8":"product_tag-hydraulic-cylinders","10":"first","11":"instock","12":"shipping-taxable","13":"product-type-simple"},"amp_enabled":true,"_links":{"self":[{"href":"https:\/\/www.hydraulic-cylinders.net\/de\/wp-json\/wp\/v2\/product\/19526","targetHints":{"allow":["GET"]}}],"collection":[{"href":"https:\/\/www.hydraulic-cylinders.net\/de\/wp-json\/wp\/v2\/product"}],"about":[{"href":"https:\/\/www.hydraulic-cylinders.net\/de\/wp-json\/wp\/v2\/types\/product"}],"replies":[{"embeddable":true,"href":"https:\/\/www.hydraulic-cylinders.net\/de\/wp-json\/wp\/v2\/comments?post=19526"}],"wp:featuredmedia":[{"embeddable":true,"href":"https:\/\/www.hydraulic-cylinders.net\/de\/wp-json\/wp\/v2\/media\/17879"}],"wp:attachment":[{"href":"https:\/\/www.hydraulic-cylinders.net\/de\/wp-json\/wp\/v2\/media?parent=19526"}],"wp:term":[{"taxonomy":"product_brand","embeddable":true,"href":"https:\/\/www.hydraulic-cylinders.net\/de\/wp-json\/wp\/v2\/product_brand?post=19526"},{"taxonomy":"product_cat","embeddable":true,"href":"https:\/\/www.hydraulic-cylinders.net\/de\/wp-json\/wp\/v2\/product_cat?post=19526"},{"taxonomy":"product_tag","embeddable":true,"href":"https:\/\/www.hydraulic-cylinders.net\/de\/wp-json\/wp\/v2\/product_tag?post=19526"}],"curies":[{"name":"wp","href":"https:\/\/api.w.org\/{rel}","templated":true}]}}