{"id":19564,"date":"2025-04-07T06:54:50","date_gmt":"2025-04-07T06:54:50","guid":{"rendered":"https:\/\/www.hydraulic-cylinders.net\/product\/boom-cylinder-for-yishan-ys70\/"},"modified":"2025-04-07T06:54:52","modified_gmt":"2025-04-07T06:54:52","slug":"boom-cylinder-for-yishan-ys70","status":"publish","type":"product","link":"https:\/\/www.hydraulic-cylinders.net\/de\/produkt\/boom-cylinder-for-yishan-ys70\/","title":{"rendered":"Auslegerzylinder f\u00fcr Yishan YS70"},"content":{"rendered":"<h1>Auslegerzylinder f\u00fcr Yishan YS70<\/h1>\n<h2>Einf\u00fchrung in den Auslegerzylinder<\/h2>\n<p>Der Auslegerzylinder ist eine entscheidende Komponente in Hydrauliksystemen und wurde speziell f\u00fcr die Steuerung der Schaufelbewegung in Baumaschinen wie Baggern, Baggerladern und Radladern entwickelt. Er erm\u00f6glicht das Heben, Senken und Neigen der Schaufel und tr\u00e4gt so zu effizienten Materialumschlagsarbeiten bei. Dieser Hydraulikzylindertyp spielt eine wichtige Rolle bei der Steigerung der Leistungsf\u00e4higkeit und Vielseitigkeit von Baumaschinen.<\/p>\n<p>Als Hydraulikzylinder nutzt der Auslegerzylinder Hydraulikfl\u00fcssigkeit, um eine lineare Bewegung zu erzeugen. Durch die Steuerung des Hydraulikfl\u00fcssigkeitsdrucks k\u00f6nnen Bediener pr\u00e4zise Bewegungen ausf\u00fchren, die f\u00fcr Aufgaben wie Graben, Laden und Transportieren von Materialien unerl\u00e4sslich sind.<\/p>\n<p><img decoding=\"async\" src=\"https:\/\/www.hydraulic-cylinders.net\/wp-content\/uploads\/2025\/04\/songte-company-1.webp\" alt=\"Bild des Auslegerzylinders\" \/><\/p>\n<h2>Merkmale des Auslegerzylinders<\/h2>\n<ul>\n<li>\n<h3>Hohe Festigkeit und Haltbarkeit<\/h3>\n<p>Der Auslegerzylinder, typischerweise aus hochfestem Stahl oder Aluminium gefertigt, ist so konstruiert, dass er hohem Druck und schweren Lasten standh\u00e4lt und sich daher f\u00fcr raue Arbeitsumgebungen eignet. Die Konstruktion ber\u00fccksichtigt Verschlei\u00dffestigkeit und Korrosionsschutz, was seine Lebensdauer verl\u00e4ngert.<\/li>\n<li>\n<h3>Effizienter Hydraulikbetrieb<\/h3>\n<p>Der Auslegerzylinder nutzt Hydraulik\u00f6ldruck f\u00fcr ein sanftes Aus- und Einfahren, was eine schnelle Reaktion auf die Befehle des Bedieners erm\u00f6glicht und starke Schub- und Zugkr\u00e4fte bereitstellt, die ideal f\u00fcr das Handling schwerer Objekte und komplexer Aufgaben geeignet sind.<\/li>\n<li>\n<h3>Verschiedene Zylindertypen<\/h3>\n<p>Der Auslegerzylinder ist in verschiedenen Ausf\u00fchrungen erh\u00e4ltlich, darunter einfachwirkende (einseitig wirkende) und doppeltwirkende (beidseitig wirkende) Zylinder. Bestimmte Modelle sind teleskopierbar und erm\u00f6glichen so eine gr\u00f6\u00dfere Ausladung ohne Vergr\u00f6\u00dferung der Au\u00dfenabmessungen, wodurch sie sich ideal f\u00fcr beengte Platzverh\u00e4ltnisse eignen.<\/li>\n<\/ul>\n<p>Unsere Produkte k\u00f6nnen vorhandene Hydraulikzylinder perfekt ersetzen und gew\u00e4hrleisten Kompatibilit\u00e4t und Zuverl\u00e4ssigkeit.<\/p>\n<p><img decoding=\"async\" src=\"https:\/\/www.hydraulic-cylinders.net\/wp-content\/uploads\/2025\/04\/songte-cylinder-head-with-all-kinds-excavator-models.webp\" alt=\"Baggermodelle\" \/><\/p>\n<h2>Anwendungen von Auslegerzylindern<\/h2>\n<h3>Baumaschinen<\/h3>\n<p>Bei Baggern sind die Auslegerzylinder unverzichtbar f\u00fcr das Graben, Laden und Bewegen von Erde oder Schutt. Das Hydrauliksystem erm\u00f6glicht die pr\u00e4zise Steuerung der L\u00f6ffelbewegung und erlaubt dem Bediener so, verschiedene Aufgaben effizient auszuf\u00fchren. Bei Baggerladern unterst\u00fctzt der Auslegerzylinder sowohl Aushub- als auch Hebevorg\u00e4nge und erh\u00f6ht dadurch die Vielseitigkeit der Maschine.<\/p>\n<h3>Landmaschinen<\/h3>\n<p>Bei Frontladern werden Auslegerzylinder zum Schaufeln, Anheben und Transportieren von Erde, Heu und anderen Materialien eingesetzt. Durch die Erm\u00f6glichung effektiver Hebe- und Kippvorg\u00e4nge steigern diese Zylinder die Produktivit\u00e4t in der Landwirtschaft erheblich.<\/p>\n<h3>Bagger<\/h3>\n<p>Die Auslegerzylinder erm\u00f6glichen es dem L\u00f6ffel, effektiv in den Boden einzudringen und so Aushubarbeiten zu erleichtern. Die Hydraulikleistung versetzt den L\u00f6ffel in die Lage, die notwendige Kraft aufzubringen, um selbst harte Oberfl\u00e4chen zu durchbrechen, was ihn zu einem unverzichtbaren Element im Bauwesen und in der Landentwicklung macht.<\/p>\n<h3>Lader<\/h3>\n<p>Bei Frontladern unterst\u00fctzen Auslegerzylinder das effiziente Heben und Abladen von Lasten. Ihre Konstruktion erm\u00f6glicht eine reibungslose Bewegung und Kontrolle und verbessert so die Einsatzm\u00f6glichkeiten des Laders in verschiedenen Anwendungsbereichen.<\/p>\n<h2>Design\u00fcberlegungen und Auswahlkriterien<\/h2>\n<h3>Tragf\u00e4higkeit<\/h3>\n<p>Bei der Auswahl eines Auslegerzylinders ist die Tragf\u00e4higkeit einer der wichtigsten Faktoren. Sie bestimmt das maximale Gewicht, das der Zylinder ohne Beeintr\u00e4chtigung der strukturellen Integrit\u00e4t tragen kann. Ein f\u00fcr Anwendungen mit hohen Lasten ausgelegter Zylinder muss strengen Tests unterzogen werden, um Zuverl\u00e4ssigkeit und Sicherheit unter extremen Bedingungen zu gew\u00e4hrleisten.<\/p>\n<h3>Dichtungsintegrit\u00e4t<\/h3>\n<p>Die Abdichtung spielt eine entscheidende Rolle f\u00fcr die Effizienz des Hydrauliksystems. Die Wahl der richtigen Dichtungen tr\u00e4gt dazu bei, Hydraulikfl\u00fcssigkeitsverluste zu verhindern, optimale Leistung zu gew\u00e4hrleisten und die Wartungskosten zu minimieren. Der Einsatz hochwertiger Dichtungsmaterialien wie Polyurethan und Nitrilkautschuk erh\u00f6ht die Langlebigkeit und Verschlei\u00dffestigkeit.<\/p>\n<h3>Haltbarkeit<\/h3>\n<p>Langlebigkeit ist f\u00fcr Hydraulikzylinder, die rauen Umgebungsbedingungen ausgesetzt sind, unerl\u00e4sslich. Materialien und Beschichtungen, die Korrosion und Abrieb widerstehen, verl\u00e4ngern die Lebensdauer des Auslegerzylinders und machen ihn somit zu einer wirtschaftlicheren Investition f\u00fcr die Betreiber.<\/p>\n<h3>Sicherheitsstandards<\/h3>\n<p>Die Einhaltung von Sicherheitsstandards bei der Konstruktion von Auslegerzylindern ist entscheidend f\u00fcr die Sicherheit des Bedieners und die Langlebigkeit der Ausr\u00fcstung. Die Befolgung der Branchenvorschriften st\u00e4rkt das Vertrauen in das Produkt am Markt.<\/p>\n<h3>Wartungszug\u00e4nglichkeit<\/h3>\n<p>Die Konstruktion von Auslegerzylindern mit dem Ziel einer einfachen Wartung ist entscheidend f\u00fcr die Minimierung von Ausfallzeiten. Merkmale, die eine unkomplizierte Inspektion, Schmierung und den Austausch von Teilen erm\u00f6glichen, tragen zur allgemeinen Betriebseffizienz bei.<\/p>\n<p><img decoding=\"async\" src=\"https:\/\/www.hydraulic-cylinders.net\/wp-content\/uploads\/2025\/04\/songte-oil-pipes-and-spare-parts.webp\" alt=\"\u00d6lleitungen und Ersatzteile\" \/><\/p>\n<h2>Abdichtung und Schmierung<\/h2>\n<p>Eine effektive Abdichtung ist f\u00fcr den reibungslosen Betrieb von Auslegerzylindern unerl\u00e4sslich. Verschiedene Dichtungen kommen zum Einsatz, darunter Kolben- und Stangendichtungen, die h\u00e4ufig aus verschlei\u00dffesten Materialien wie Polyurethan und Nitrilkautschuk gefertigt sind. Zylinderk\u00f6rper und Gewindeenden werden pr\u00e4zise bearbeitet, um die Verschlei\u00dffestigkeit zu erh\u00f6hen und eine lange Lebensdauer zu gew\u00e4hrleisten. Regelm\u00e4\u00dfige Schmierung mit dem geeigneten Hydraulik\u00f6l ist erforderlich, um die Funktionsf\u00e4higkeit der Dichtungen und des Zylinders zu erhalten, Betriebsst\u00f6rungen vorzubeugen und die Lebensdauer des Produkts zu verl\u00e4ngern.<\/p>\n<h2>Vorbeugende Wartungsma\u00dfnahmen<\/h2>\n<ul>\n<li>\n<h3>Regelm\u00e4\u00dfige Inspektionen<\/h3>\n<p>Die regelm\u00e4\u00dfige \u00dcberpr\u00fcfung des Auslegerzylinders auf Verschlei\u00df, Leckagen oder Besch\u00e4digungen ist unerl\u00e4sslich. Die fr\u00fchzeitige Erkennung von Problemen erm\u00f6glicht rechtzeitige Reparaturen und beugt so schwerwiegenderen Problemen und kostspieligen Ausfallzeiten vor.<\/h3>\n<\/li>\n<li>\n<h3>Richtige Schmierung<\/h3>\n<p>Eine ausreichende Schmierung der beweglichen Teile ist entscheidend, um Reibung und Verschlei\u00df zu reduzieren. Regelm\u00e4\u00dfiges Pr\u00fcfen und Nachf\u00fcllen des Hydraulik\u00f6lstands tr\u00e4gt zur Aufrechterhaltung einer optimalen Betriebseffizienz bei.<\/h3>\n<\/li>\n<li>\n<h3>Dichtungswechsel<\/h3>\n<p>Dichtungen k\u00f6nnen mit der Zeit verschlei\u00dfen und m\u00fcssen dann ausgetauscht werden. Durch die rechtzeitige Wartung der Dichtungen lassen sich Leckagen verhindern und die Systemintegrit\u00e4t erhalten.<\/h3>\n<\/li>\n<\/ul>\n<h2>Installationshinweise<\/h2>\n<p>Die korrekte Montage des Auslegerzylinders ist entscheidend f\u00fcr seine Leistung und Lebensdauer. Stellen Sie zun\u00e4chst sicher, dass der Zylinder korrekt zur Maschine ausgerichtet ist, um unn\u00f6tige Belastungen der Komponenten zu vermeiden. Verwenden Sie geeignete Montagehalterungen, um den Zylinder zu fixieren. Dies tr\u00e4gt zur Ausrichtung bei und reduziert Vibrationen im Betrieb. Beachten Sie die Herstellervorgaben f\u00fcr den Anschluss der Hydraulikleitungen und vermeiden Sie Knicke oder scharfe Biegungen, die den Fl\u00fcssigkeitsfluss behindern k\u00f6nnten. Testen Sie abschlie\u00dfend nach der Montage das Hydrauliksystem, um sicherzustellen, dass der Auslegerzylinder einwandfrei und dicht funktioniert.<\/p>\n<h2>Allgemeine Wartungsaufgaben<\/h2>\n<h3>Regelm\u00e4\u00dfige Kontrollen<\/h3>\n<p>Regelm\u00e4\u00dfige Inspektionen helfen, potenzielle Probleme fr\u00fchzeitig zu erkennen. Achten Sie bei den Kontrollen auf Verschlei\u00df, Lecks oder Besch\u00e4digungen. Ein Wartungsprotokoll hilft Ihnen, die Leistung zu verfolgen und im Laufe der Zeit Muster zu erkennen.<\/p>\n<h3>Geeignete Schmierung<\/h3>\n<p>Die Einhaltung des korrekten Schmierstoffstands ist f\u00fcr den reibungslosen Betrieb des Auslegerzylinders unerl\u00e4sslich. Achten Sie darauf, die Schmierstoffe gem\u00e4\u00df den Herstellerempfehlungen aufzutragen, um die Besch\u00e4digung von Dichtungen und anderen Bauteilen zu vermeiden.<\/p>\n<h3>Dichtungsaustausch und Kalibrierungspr\u00fcfungen<\/h3>\n<p>Regelm\u00e4\u00dfige Kalibrierungspr\u00fcfungen gew\u00e4hrleisten die optimale Funktion des Auslegerzylinders. Sollten bei der Kalibrierung Unregelm\u00e4\u00dfigkeiten festgestellt werden, m\u00fcssen m\u00f6glicherweise Dichtungen ausgetauscht oder Anpassungen am Hydrauliksystem vorgenommen werden, um die einwandfreie Funktion wiederherzustellen.<\/p>\n<p><img decoding=\"async\" src=\"https:\/\/www.hydraulic-cylinders.net\/wp-content\/uploads\/2025\/04\/songte-chushion-collar.webp\" alt=\"Kissenkragen\" \/><\/p>\n<h2>Sicherheitsaspekte und Umweltfaktoren<\/h2>\n<p>Bei der Arbeit mit Hydrauliksystemen hat die Einhaltung von Sicherheitsma\u00dfnahmen h\u00f6chste Priorit\u00e4t. Stellen Sie stets sicher, dass die Bediener im sicheren Umgang mit den Auslegerzylindern geschult sind. Die Ger\u00e4te sollten regelm\u00e4\u00dfig \u00fcberpr\u00fcft werden, um Unf\u00e4lle durch Ger\u00e4teausf\u00e4lle zu vermeiden. Ber\u00fccksichtigen Sie au\u00dferdem die Umweltauswirkungen von Hydraulikfl\u00fcssigkeiten und w\u00e4hlen Sie, wenn m\u00f6glich, biologisch abbaubare Alternativen, um die Umweltbelastung zu minimieren.<\/p>\n<h2>Fehlerbehebung und h\u00e4ufige Probleme<\/h2>\n<ul>\n<li>\n<h3>Leckage<\/h3>\n<p>Undichtigkeiten k\u00f6nnen durch verschlissene Dichtungen oder besch\u00e4digte Bauteile entstehen. Um dem entgegenzuwirken, sollten Sie die Dichtungen auf Verschlei\u00df pr\u00fcfen und gegebenenfalls austauschen. Achten Sie au\u00dferdem darauf, dass alle Verbindungen dicht und sicher sitzen.<\/h3>\n<\/li>\n<li>\n<h3>Unbest\u00e4ndige Leistung<\/h3>\n<p>Wenn der Auslegerzylinder unregelm\u00e4\u00dfig arbeitet, pr\u00fcfen Sie den Hydraulikfl\u00fcssigkeitsstand und das System auf Luft. Gegebenenfalls muss das System entl\u00fcftet werden, um eine gleichm\u00e4\u00dfige Druckabgabe zu gew\u00e4hrleisten.<\/h3>\n<\/li>\n<li>\n<h3>\u00dcberhitzung<\/h3>\n<p>Eine \u00dcberhitzung der Hydraulikfl\u00fcssigkeit kann auf ein Problem mit der K\u00fchlung des Systems hinweisen. Die Sicherstellung eines korrekten Fl\u00fcssigkeitsstands und die \u00dcberpr\u00fcfung des K\u00fchlsystems auf Verstopfungen k\u00f6nnen dieses Problem beheben.<\/h3>\n<\/li>\n<\/ul>\n<p>Durch die Umsetzung vorbeugender Ma\u00dfnahmen kann die Wahrscheinlichkeit des Auftretens dieser Probleme deutlich verringert und somit die Gesamtzuverl\u00e4ssigkeit des Auslegerzylinders erh\u00f6ht werden.<\/p>\n<p><img decoding=\"async\" src=\"https:\/\/www.hydraulic-cylinders.net\/wp-content\/uploads\/2025\/04\/songte-bushings-with-all-kinds-of-excavator-models.webp\" alt=\"Buchsen bei Baggermodellen\" \/><\/p>\n<h2>\u00dcber unser Unternehmen<\/h2>\n<p>Wir sind ein f\u00fchrender Hersteller und Gro\u00dfh\u00e4ndler von Hydraulikzylindern und bieten hochwertige Alternativen f\u00fcr vielf\u00e4ltige Anwendungen. Unser umfangreiches Produktsortiment und unser Streben nach Exzellenz haben uns zu einem bedeutenden Akteur auf dem nationalen und internationalen Markt gemacht. Wir halten uns an strenge Qualit\u00e4tsstandards und setzen fortschrittliche Fertigungstechniken ein, um sicherzustellen, dass unsere Produkte den unterschiedlichen Bed\u00fcrfnissen unserer Kunden gerecht werden.<\/p>\n<p>Unsere Expertise wird durch qualifizierte Mitarbeiter, modernste digitale Fertigungsanlagen und robuste Testsysteme unterst\u00fctzt, wodurch unsere Produktionskapazit\u00e4ten stetig erweitert werden. Wir legen Wert auf Qualit\u00e4t, Effizienz und Pr\u00e4zision, um die individuellen Anforderungen unserer Kunden optimal zu erf\u00fcllen. Unser guter Ruf basiert auf Zuverl\u00e4ssigkeit, innovativen L\u00f6sungen und einem herausragenden Kundenservice.<\/p>\n<p><img decoding=\"async\" src=\"https:\/\/www.hydraulic-cylinders.net\/wp-content\/uploads\/2025\/04\/songte-company-4.webp\" alt=\"Firmenbild 1\" \/><br \/>\n<img decoding=\"async\" src=\"https:\/\/www.hydraulic-cylinders.net\/wp-content\/uploads\/2025\/04\/songte-company-3.webp\" alt=\"Firmenbild 2\" \/><\/p>\n<p>Autor: lyl<\/p>","protected":false},"excerpt":{"rendered":"<p>Boom Cylinder For Yishan YS70 Introduction to Boom Cylinder The Boom Cylinder is a crucial component in hydraulic systems, specifically designed for controlling the movement of buckets in heavy machinery such as excavators, backhoe loaders, and front loaders. It allows for the lifting, lowering, and tilting of the bucket, facilitating efficient material handling tasks. This [&hellip;]<\/p>","protected":false},"featured_media":17872,"comment_status":"open","ping_status":"closed","template":"","meta":{"_et_pb_use_builder":"","_et_pb_old_content":"","_et_gb_content_width":""},"product_brand":[],"product_cat":[1546],"product_tag":[1547,1496],"class_list":{"0":"post-19564","1":"product","2":"type-product","3":"status-publish","4":"has-post-thumbnail","6":"product_cat-boom-cylinders","7":"product_tag-boom-cylinders","8":"product_tag-hydraulic-cylinders","10":"first","11":"instock","12":"shipping-taxable","13":"product-type-simple"},"amp_enabled":true,"_links":{"self":[{"href":"https:\/\/www.hydraulic-cylinders.net\/de\/wp-json\/wp\/v2\/product\/19564","targetHints":{"allow":["GET"]}}],"collection":[{"href":"https:\/\/www.hydraulic-cylinders.net\/de\/wp-json\/wp\/v2\/product"}],"about":[{"href":"https:\/\/www.hydraulic-cylinders.net\/de\/wp-json\/wp\/v2\/types\/product"}],"replies":[{"embeddable":true,"href":"https:\/\/www.hydraulic-cylinders.net\/de\/wp-json\/wp\/v2\/comments?post=19564"}],"wp:featuredmedia":[{"embeddable":true,"href":"https:\/\/www.hydraulic-cylinders.net\/de\/wp-json\/wp\/v2\/media\/17872"}],"wp:attachment":[{"href":"https:\/\/www.hydraulic-cylinders.net\/de\/wp-json\/wp\/v2\/media?parent=19564"}],"wp:term":[{"taxonomy":"product_brand","embeddable":true,"href":"https:\/\/www.hydraulic-cylinders.net\/de\/wp-json\/wp\/v2\/product_brand?post=19564"},{"taxonomy":"product_cat","embeddable":true,"href":"https:\/\/www.hydraulic-cylinders.net\/de\/wp-json\/wp\/v2\/product_cat?post=19564"},{"taxonomy":"product_tag","embeddable":true,"href":"https:\/\/www.hydraulic-cylinders.net\/de\/wp-json\/wp\/v2\/product_tag?post=19564"}],"curies":[{"name":"wp","href":"https:\/\/api.w.org\/{rel}","templated":true}]}}