{"id":19574,"date":"2025-04-07T06:55:18","date_gmt":"2025-04-07T06:55:18","guid":{"rendered":"https:\/\/www.hydraulic-cylinders.net\/product\/boom-cylinder-for-yuchai-yc08-8\/"},"modified":"2025-04-07T06:55:20","modified_gmt":"2025-04-07T06:55:20","slug":"boom-cylinder-for-yuchai-yc08-8","status":"publish","type":"product","link":"https:\/\/www.hydraulic-cylinders.net\/de\/produkt\/boom-cylinder-for-yuchai-yc08-8\/","title":{"rendered":"Auslegerzylinder f\u00fcr Yuchai YC08-8"},"content":{"rendered":"<h1>Auslegerzylinder f\u00fcr Yuchai YC08-8<\/h1>\n<h2>Produkt\u00fcbersicht<\/h2>\n<p>Der Auslegerzylinder f\u00fcr Yuchai YC08-8 ist eine wichtige Komponente in Hydrauliksystemen von Baumaschinen. Als Hydraulikzylinder dient er speziell der Steuerung der Schaufelbewegung in verschiedenen Ger\u00e4ten wie Baggern, Baggerladern und Radladern. Seine Hauptfunktion besteht darin, das Heben, Senken und Neigen der Schaufel zu erm\u00f6glichen und so effiziente Materialumschlagsarbeiten zu gew\u00e4hrleisten.<\/p>\n<p>Die Funktion des Auslegerzylinders ist bei Bau- und Landmaschinen, die pr\u00e4zise Steuerung und hohe Leistung erfordern, von entscheidender Bedeutung. Er erm\u00f6glicht sanfte Bewegungen und liefert die notwendige Kraft, um schwere Lasten effektiv zu bewegen. Das Hydrauliksystem nutzt den Fl\u00fcssigkeitsdruck, wodurch der Auslegerzylinder stufenlos aus- und eingefahren werden kann. Diese Funktionalit\u00e4t ist unerl\u00e4sslich f\u00fcr verschiedene Arbeitsg\u00e4nge wie Graben, Heben und Transportieren von Materialien.<\/p>\n<p><img decoding=\"async\" src=\"https:\/\/www.hydraulic-cylinders.net\/wp-content\/uploads\/2025\/04\/songte-company-1.webp\" alt=\"Auslegerzylinder\"><\/p>\n<h2>Hauptmerkmale<\/h2>\n<ul>\n<li>\n<h3>Hohe Festigkeit und Haltbarkeit<\/h3>\n<p>Der aus hochfestem Stahl oder Aluminium gefertigte Auslegerzylinder ist f\u00fcr hohen Druck und schwere Belastungen ausgelegt. Seine Konstruktion ber\u00fccksichtigt Verschlei\u00dffestigkeit und Korrosionsschutz und gew\u00e4hrleistet so eine lange Lebensdauer auch unter rauen Arbeitsbedingungen.<\/p>\n<\/li>\n<li>\n<h3>Effizienter Hydraulikbetrieb<\/h3>\n<p>Der Auslegerzylinder nutzt Hydraulik\u00f6ldruck f\u00fcr ein sanftes Aus- und Einfahren. Er reagiert schnell auf die Befehle des Bedieners und liefert robuste Schub- und Zugkr\u00e4fte, die sich f\u00fcr das Heben schwerer Lasten und komplexe Aufgaben eignen.<\/p>\n<\/li>\n<li>\n<h3>Vielfalt der Typen<\/h3>\n<p>Je nach Anwendungsbedarf kann der Auslegerzylinder als einfachwirkender (in eine Richtung wirkender) oder doppeltwirkender (in zwei Richtungen wirkender) Zylinder ausgew\u00e4hlt werden. Bestimmte Modelle sind teleskopierbar und erm\u00f6glichen so eine gr\u00f6\u00dfere Ausladung ohne Vergr\u00f6\u00dferung der Au\u00dfenabmessungen, wodurch sie sich ideal f\u00fcr beengte Platzverh\u00e4ltnisse eignen.<\/p>\n<\/li>\n<li>\n<h3>Kundenspezifische Fertigung<\/h3>\n<p>Unser Unternehmen ist auf die Herstellung von Auslegerzylindern spezialisiert, die individuell auf spezifische Anforderungen zugeschnitten sind. Unsere Produkte k\u00f6nnen vorhandene Hydraulikzylinder perfekt ersetzen und gew\u00e4hrleisten dabei Kompatibilit\u00e4t und Leistung.<\/p>\n<\/li>\n<li>\n<h3>Integration fortschrittlicher Technologien<\/h3>\n<p>Wir nutzen modernste Technologien in unseren Fertigungsprozessen, um die Pr\u00e4zision und Qualit\u00e4t unserer Auslegerzylinder zu verbessern.<\/p>\n<\/li>\n<\/ul>\n<p><img decoding=\"async\" src=\"https:\/\/www.hydraulic-cylinders.net\/wp-content\/uploads\/2025\/04\/songte-cylinder-head-with-all-kinds-excavator-models.webp\" alt=\"Hydraulikzylinderkopf\"><\/p>\n<h2>Anwendungsszenarien<\/h2>\n<h3>Baumaschinen<\/h3>\n<p>Bei Baggern spielen die Auslegerzylinder eine entscheidende Rolle beim Graben, Laden und Bewegen von Erde oder Bauschutt. Sie erm\u00f6glichen es der Schaufel, effektiv in den Boden einzudringen und so die Aushubarbeiten effizient durchzuf\u00fchren. Bei Baggerladern unterst\u00fctzen diese Zylinder nicht nur das Graben, sondern auch das Heben von Materialien und gew\u00e4hrleisten so vielseitige Einsatzm\u00f6glichkeiten auf Baustellen.<\/p>\n<h3>Landmaschinen<\/h3>\n<p>Bei Radladern sind die Auslegerzylinder unverzichtbar zum Schaufeln, Anheben und Transportieren von Erde, Heu und anderen Materialien. Ihre Hydraulikleistung erm\u00f6glicht den schnellen und effektiven Transport gro\u00dfer Mengen und steigert so die Produktivit\u00e4t in landwirtschaftlichen Betrieben.<\/p>\n<h3>Bagger<\/h3>\n<p>Bagger nutzen Auslegerzylinder, um das Graben zu erleichtern und dem L\u00f6ffel ein effektives Eindringen in den Boden zu erm\u00f6glichen. Diese F\u00e4higkeit ist f\u00fcr verschiedene Aufgaben unerl\u00e4sslich, darunter Grabenbau, Planieren und Baustellenvorbereitung, wo Pr\u00e4zision und Kraft gefragt sind.<\/p>\n<h3>Lader<\/h3>\n<p>Bei Frontladern tragen die Auslegerzylinder wesentlich zum effizienten Heben und Abladen von Lasten bei. Sie sind so konstruiert, dass sie den Anforderungen des Schwerlasthebens gerecht werden und gleichzeitig Stabilit\u00e4t und Kontrolle gew\u00e4hrleisten, wodurch sie f\u00fcr Materialumschlagsvorg\u00e4nge unverzichtbar sind.<\/p>\n<h2>Design\u00fcberlegungen<\/h2>\n<h3>Tragf\u00e4higkeit<\/h3>\n<p>Die Tragf\u00e4higkeit eines Auslegerzylinders ist ein entscheidender Faktor bei seiner Konstruktion. Er muss so ausgelegt sein, dass er das maximal auftretende Gewicht ohne Einbu\u00dfen bei Sicherheit oder Leistung tragen kann. Dies erfordert die Auswahl geeigneter Materialien und Abmessungen, um die strukturelle Integrit\u00e4t unter Last zu gew\u00e4hrleisten.<\/p>\n<h3>Versiegelung<\/h3>\n<p>Eine effektive Abdichtung ist bei Hydraulikzylindern unerl\u00e4sslich, um Fl\u00fcssigkeitsverlust und Verunreinigungen zu verhindern. Hochwertige Dichtungen m\u00fcssen eingesetzt werden, um den Druck im System aufrechtzuerhalten und so optimale Leistung und Langlebigkeit des Zylinders zu gew\u00e4hrleisten. Die Konstruktion sollte verschiedene Dichtungstypen f\u00fcr spezifische Betriebsbedingungen erm\u00f6glichen.<\/p>\n<h3>Haltbarkeit<\/h3>\n<p>Langlebigkeit ist bei Auslegerzylindern von gr\u00f6\u00dfter Bedeutung, da sie unter rauen Bedingungen eingesetzt werden. Die verwendeten Materialien m\u00fcssen verschlei\u00df- und korrosionsbest\u00e4ndig sein, um die Lebensdauer des Zylinders zu verl\u00e4ngern. Regelm\u00e4\u00dfige Wartung und Qualit\u00e4tskontrollen w\u00e4hrend der Fertigung tragen dazu bei, dass die Zylinder die Langlebigkeitsstandards erf\u00fcllen.<\/p>\n<h3>Sicherheit<\/h3>\n<p>Die Integration von Sicherheitsmerkmalen in die Konstruktion von Hydraulikzylindern ist unerl\u00e4sslich, um Unf\u00e4lle zu vermeiden und den sicheren Betrieb schwerer Maschinen zu gew\u00e4hrleisten. Dazu geh\u00f6ren Druckbegrenzungsventile und Ausfallsicherungsmechanismen, die im Falle einer Fehlfunktion aktiviert werden.<\/p>\n<h3>Wartbarkeit<\/h3>\n<p>Die Konstruktion der Auslegerzylinder sollte eine einfache Wartung und Reparatur erm\u00f6glichen. Dazu geh\u00f6ren die Zug\u00e4nglichkeit zum Austauschen von Dichtungen und Schmieren von Teilen sowie klare Wartungsrichtlinien. Gut durchdachte Wartungsverfahren tragen zur Verl\u00e4ngerung der Lebensdauer des Hydrauliksystems bei.<\/p>\n<p><img decoding=\"async\" src=\"https:\/\/www.hydraulic-cylinders.net\/wp-content\/uploads\/2025\/04\/songte-oil-pipes-and-spare-parts.webp\" alt=\"Hydraulikteile\"><\/p>\n<h2>Abdichtung und Schmierung<\/h2>\n<p>Abdichtung und Schmierung sind entscheidende Faktoren f\u00fcr die Funktionsf\u00e4higkeit von Hydraulikzylindern. Verschiedene Dichtungselemente, wie Kolben- und Stangendichtungen, gew\u00e4hrleisten den Austritt von Hydraulikfl\u00fcssigkeit und halten den Systemdruck aufrecht. Dichtungen aus Materialien wie Polyurethan und Nitrilkautschuk werden aufgrund ihrer Verschlei\u00dffestigkeit und Langlebigkeit bevorzugt.<\/p>\n<p>Der Zylinderk\u00f6rper und die Gewindeendfl\u00e4chen werden in der Regel feinbearbeitet, um die Verschlei\u00dffestigkeit zu erh\u00f6hen. Regelm\u00e4\u00dfige Schmierung mit geeignetem Hydraulik\u00f6l ist notwendig, um Reibung und Verschlei\u00df an den beweglichen Teilen zu minimieren und so einen reibungslosen Betrieb zu gew\u00e4hrleisten. Die Einhaltung eines regelm\u00e4\u00dfigen Schmierplans ist entscheidend f\u00fcr die Effizienz und Langlebigkeit des Hydrauliksystems.<\/p>\n<h2>Regelm\u00e4\u00dfige Inspektion und vorbeugende Wartung<\/h2>\n<ul>\n<li>\n<h3>Routineinspektionen<\/h3>\n<p>Regelm\u00e4\u00dfige Inspektionen des Auslegerzylinders sind entscheidend, um potenzielle Probleme fr\u00fchzeitig zu erkennen und zu beheben. Die Bediener sollten Dichtungen und andere Bauteile auf Anzeichen von Leckagen, Korrosion oder Verschlei\u00df \u00fcberpr\u00fcfen. Eine fr\u00fchzeitige Erkennung kann teure Reparaturen verhindern und die Lebensdauer des Ger\u00e4ts verl\u00e4ngern.<\/p>\n<\/li>\n<li>\n<h3>Richtige Schmierung<\/h3>\n<p>Eine ausreichende Schmierung des Auslegerzylinders ist f\u00fcr dessen effizienten Betrieb unerl\u00e4sslich. Die Bediener sollten die Herstellervorgaben zur Schmierh\u00e4ufigkeit und zum zu verwendenden Hydraulik\u00f6l beachten. Unzureichende Schmierung kann zu erh\u00f6hter Reibung und vorzeitigem Verschlei\u00df f\u00fchren.<\/p>\n<\/li>\n<li>\n<h3>Dichtungswechsel<\/h3>\n<p>Dichtungen k\u00f6nnen mit der Zeit verschlei\u00dfen und m\u00fcssen ausgetauscht werden, um die Systemintegrit\u00e4t zu gew\u00e4hrleisten. Regelm\u00e4\u00dfige Wartungsarbeiten sollten die \u00dcberpr\u00fcfung der Dichtungen auf Verschlei\u00df und deren gegebenenfalls erforderlichen Austausch umfassen, um Fl\u00fcssigkeitsverluste zu vermeiden und eine optimale Leistung sicherzustellen.<\/p>\n<\/li>\n<\/ul>\n<h2>Installationshinweise<\/h2>\n<p>Die korrekte Montage des Auslegerzylinders ist entscheidend f\u00fcr seine optimale Leistung und lange Lebensdauer. Stellen Sie zun\u00e4chst sicher, dass der Arbeitsbereich sauber und frei von Verunreinigungen ist. Richten Sie den Zylinder pr\u00e4zise an den Montagepunkten aus und verwenden Sie geeignete Halterungen zur sicheren Befestigung. Pr\u00fcfen Sie unbedingt, ob alle Verbindungen fest sitzen und die Hydraulikschl\u00e4uche korrekt verlegt sind, um Knicke oder Druckverluste zu vermeiden.<\/p>\n<p>Achten Sie beim Anschlie\u00dfen der Schl\u00e4uche auf Dichtheit, indem Sie alle Verbindungen und Anschl\u00fcsse pr\u00fcfen. Testen Sie den Zylinder nach der Installation, indem Sie ihn \u00fcber seinen gesamten Bewegungsbereich bewegen, um sicherzustellen, dass er reibungslos und ohne Blockierungen funktioniert. \u00dcberpr\u00fcfen Sie regelm\u00e4\u00dfig die Ausrichtung und den festen Sitz der Befestigung, um Betriebsst\u00f6rungen zu vermeiden.<\/p>\n<h2>Allgemeine Wartungsaufgaben<\/h2>\n<ul>\n<li>\n<h3>Regelm\u00e4\u00dfige Inspektionen<\/h3>\n<p>Regelm\u00e4\u00dfige Inspektionen sollten durchgef\u00fchrt werden, um den Zustand des Auslegerzylinders zu \u00fcberwachen. Dies umfasst die \u00dcberpr\u00fcfung auf Verschlei\u00dferscheinungen, die Kontrolle der Fl\u00fcssigkeitsst\u00e4nde und die Sicherstellung, dass alle Komponenten fest sitzen und ordnungsgem\u00e4\u00df funktionieren.<\/p>\n<\/li>\n<li>\n<h3>Richtige Schmierung<\/h3>\n<p>Die Erstellung eines Schmierplans ist unerl\u00e4sslich. Verwenden Sie die empfohlenen Hydraulik\u00f6le und stellen Sie sicher, dass der Zylinder gem\u00e4\u00df den Herstellervorgaben geschmiert wird, um \u00fcberm\u00e4\u00dfigen Verschlei\u00df zu vermeiden und die Leistungsf\u00e4higkeit zu erhalten.<\/p>\n<\/li>\n<li>\n<h3>Dichtungsaustausch und Kalibrierungspr\u00fcfungen<\/h3>\n<p>\u00dcberpr\u00fcfen Sie die Dichtungen regelm\u00e4\u00dfig auf Anzeichen von Verschlei\u00df. Stellen Sie beim Austausch der Dichtungen sicher, dass alle Komponenten korrekt kalibriert werden, um die optimale Leistung des Hydrauliksystems zu gew\u00e4hrleisten.<\/p>\n<\/li>\n<\/ul>\n<p><img decoding=\"async\" src=\"https:\/\/www.hydraulic-cylinders.net\/wp-content\/uploads\/2025\/04\/songte-chushion-collar.webp\" alt=\"Hydraulisch gepolsterter Kragen\"><\/p>\n<h2>Sicherheitsaspekte und Umweltfaktoren<\/h2>\n<p>Beim Betrieb von Hydrauliksystemen haben Sicherheitsma\u00dfnahmen h\u00f6chste Priorit\u00e4t. Bediener m\u00fcssen die entsprechende pers\u00f6nliche Schutzausr\u00fcstung tragen und sicherstellen, dass alle Sicherheitsvorschriften w\u00e4hrend des Betriebs und der Wartung eingehalten werden. Regelm\u00e4\u00dfige Schulungen und Sicherheits\u00fcbungen tragen dazu bei, das Unfallrisiko am Arbeitsplatz zu verringern. Dar\u00fcber hinaus sind Umweltschutzma\u00dfnahmen zu ergreifen, um das Austreten und Auslaufen von Hydraulikfl\u00fcssigkeit zu verhindern, die die Umgebung sch\u00e4digen k\u00f6nnten.<\/p>\n<h2>Fehlerdiagnose und h\u00e4ufige Probleme<\/h2>\n<ul>\n<li>\n<h3>Fl\u00fcssigkeitslecks<\/h3>\n<p>Fl\u00fcssigkeitsverluste geh\u00f6ren zu den h\u00e4ufigsten Problemen bei Hydraulikzylindern. Anzeichen daf\u00fcr sind beispielsweise Fl\u00fcssigkeitspf\u00fctzen unter der Maschine oder ein Abfall des Hydraulikdrucks. \u00dcberpr\u00fcfen Sie Dichtungen, Anschl\u00fcsse und Schl\u00e4uche, um die Leckagequelle zu finden und zu beheben.<\/p>\n<\/li>\n<li>\n<h3>Verminderte Leistung<\/h3>\n<p>Wenn der Auslegerzylinder nicht hebt oder nicht wie erwartet funktioniert, pr\u00fcfen Sie den Hydraulik\u00f6lstand, ob Schl\u00e4uche verstopft oder Dichtungen verschlissen sind. Die Sicherstellung eines korrekten Hydraulik\u00f6lstands und die \u00dcberpr\u00fcfung auf Verstopfungen k\u00f6nnen Funktionsprobleme h\u00e4ufig beheben.<\/p>\n<\/li>\n<li>\n<h3>\u00dcberhitzung<\/h3>\n<p>\u00dcberhitzung kann durch \u00fcberm\u00e4\u00dfige Beanspruchung, unzureichende Schmierung oder eine Fehlfunktion des Hydrauliksystems entstehen. Um \u00dcberhitzungsprobleme zu vermeiden, ist eine regelm\u00e4\u00dfige Wartung und der Austausch des Hydraulik\u00f6ls gem\u00e4\u00df den Herstellerempfehlungen sicherzustellen.<\/p>\n<\/li>\n<\/ul>\n<p>Um Probleme effektiv zu diagnostizieren und zu beheben, sollten die Bediener darin geschult werden, Symptome zu erkennen und grundlegende Fehlerbehebungen durchzuf\u00fchren. Vorbeugende Ma\u00dfnahmen wie regelm\u00e4\u00dfige Wartung und \u00dcberwachung der Fl\u00fcssigkeitsst\u00e4nde k\u00f6nnen dazu beitragen, potenzielle Probleme zu minimieren.<\/p>\n<p><img decoding=\"async\" src=\"https:\/\/www.hydraulic-cylinders.net\/wp-content\/uploads\/2025\/04\/songte-bushings-with-all-kinds-of-excavator-models.webp\" alt=\"Hydraulische Buchsen\"><\/p>\n<h2>\u00dcber unser Unternehmen<\/h2>\n<p>Wir sind ein f\u00fchrender Hersteller von Hydraulikzylindern und bieten ein umfassendes Produktsortiment f\u00fcr den nationalen und internationalen Markt. Unser Anspruch an h\u00f6chste Qualit\u00e4t basiert auf ausgereiften Fertigungsmanagementstrategien. Durch den Einsatz fortschrittlicher Technologien, qualifizierter Fachkr\u00e4fte und professioneller Testsysteme optimieren wir kontinuierlich unsere Produktionskapazit\u00e4ten und gew\u00e4hrleisten so hocheffiziente, pr\u00e4zise und qualitativ hochwertige Ergebnisse, die den vielf\u00e4ltigen Bed\u00fcrfnissen unserer Kunden gerecht werden.<\/p>\n<p>Unsere Spezialisierung umfasst professionelle Dienstleistungen, internationale Zertifizierungen und ma\u00dfgeschneiderte L\u00f6sungen f\u00fcr unterschiedlichste Branchenanforderungen. Modernste Fertigungsanlagen und ein zuverl\u00e4ssiger Kundendienst unterstreichen unser Engagement f\u00fcr Kundenzufriedenheit.<\/p>\n<p><img decoding=\"async\" src=\"https:\/\/www.hydraulic-cylinders.net\/wp-content\/uploads\/2025\/04\/songte-company-4.webp\" alt=\"Firmenanlage\"><br \/>\n<img decoding=\"async\" src=\"https:\/\/www.hydraulic-cylinders.net\/wp-content\/uploads\/2025\/04\/songte-company-3.webp\" alt=\"Unternehmensproduktion\"><\/p>\n<p>Autor: lyl<\/p>","protected":false},"excerpt":{"rendered":"<p>Boom Cylinder For Yuchai YC08-8 Product Overview The Boom Cylinder for Yuchai YC08-8 is an essential component in hydraulic systems used in heavy machinery. As a type of hydraulic cylinder, it is specifically designed to control the movement of buckets in various equipment such as excavators, backhoe loaders, and front-end loaders. The primary function of [&hellip;]<\/p>","protected":false},"featured_media":17867,"comment_status":"open","ping_status":"closed","template":"","meta":{"_et_pb_use_builder":"","_et_pb_old_content":"","_et_gb_content_width":""},"product_brand":[],"product_cat":[1546],"product_tag":[1547,1496],"class_list":{"0":"post-19574","1":"product","2":"type-product","3":"status-publish","4":"has-post-thumbnail","6":"product_cat-boom-cylinders","7":"product_tag-boom-cylinders","8":"product_tag-hydraulic-cylinders","10":"first","11":"instock","12":"shipping-taxable","13":"product-type-simple"},"amp_enabled":true,"_links":{"self":[{"href":"https:\/\/www.hydraulic-cylinders.net\/de\/wp-json\/wp\/v2\/product\/19574","targetHints":{"allow":["GET"]}}],"collection":[{"href":"https:\/\/www.hydraulic-cylinders.net\/de\/wp-json\/wp\/v2\/product"}],"about":[{"href":"https:\/\/www.hydraulic-cylinders.net\/de\/wp-json\/wp\/v2\/types\/product"}],"replies":[{"embeddable":true,"href":"https:\/\/www.hydraulic-cylinders.net\/de\/wp-json\/wp\/v2\/comments?post=19574"}],"wp:featuredmedia":[{"embeddable":true,"href":"https:\/\/www.hydraulic-cylinders.net\/de\/wp-json\/wp\/v2\/media\/17867"}],"wp:attachment":[{"href":"https:\/\/www.hydraulic-cylinders.net\/de\/wp-json\/wp\/v2\/media?parent=19574"}],"wp:term":[{"taxonomy":"product_brand","embeddable":true,"href":"https:\/\/www.hydraulic-cylinders.net\/de\/wp-json\/wp\/v2\/product_brand?post=19574"},{"taxonomy":"product_cat","embeddable":true,"href":"https:\/\/www.hydraulic-cylinders.net\/de\/wp-json\/wp\/v2\/product_cat?post=19574"},{"taxonomy":"product_tag","embeddable":true,"href":"https:\/\/www.hydraulic-cylinders.net\/de\/wp-json\/wp\/v2\/product_tag?post=19574"}],"curies":[{"name":"wp","href":"https:\/\/api.w.org\/{rel}","templated":true}]}}