{"id":19582,"date":"2025-04-07T06:55:53","date_gmt":"2025-04-07T06:55:53","guid":{"rendered":"https:\/\/www.hydraulic-cylinders.net\/product\/boom-cylinder-for-yuchai-yc18-8\/"},"modified":"2025-04-07T06:55:56","modified_gmt":"2025-04-07T06:55:56","slug":"boom-cylinder-for-yuchai-yc18-8","status":"publish","type":"product","link":"https:\/\/www.hydraulic-cylinders.net\/de\/produkt\/boom-cylinder-for-yuchai-yc18-8\/","title":{"rendered":"Auslegerzylinder f\u00fcr Yuchai YC18-8"},"content":{"rendered":"<h1>Auslegerzylinder f\u00fcr Yuchai YC18-8<\/h1>\n<h2>Produkt\u00fcbersicht<\/h2>\n<p>Der Auslegerzylinder f\u00fcr Yuchai YC18-8 ist ein Spezialhydraulikzylinder, der eine entscheidende Rolle bei der Steuerung der Schaufelbewegung verschiedener Baumaschinen wie Bagger, Baggerlader und Radlader spielt. Mit diesem Hydraulikzylinder l\u00e4sst sich die Schaufel heben, senken und neigen, was ein effizientes Umschlagverhalten erm\u00f6glicht. Die Zylinder sind f\u00fcr hohe Dr\u00fccke und schwere Lasten ausgelegt und somit unverzichtbare Komponenten in Hydrauliksystemen, die eine optimale Leistung in Bau- und Landmaschinen gew\u00e4hrleisten.<\/p>\n<p><img decoding=\"async\" src=\"https:\/\/www.hydraulic-cylinders.net\/wp-content\/uploads\/2025\/04\/songte-company-1.webp\" alt=\"Auslegerzylinder f\u00fcr Yuchai YC18-8\" \/><\/p>\n<h2>Hauptmerkmale<\/h2>\n<ul>\n<li>\n<h3>Hohe Festigkeit und Haltbarkeit<\/h3>\n<p>Diese aus hochfestem Stahl oder Aluminium gefertigten Zylinder halten hohem Druck und schweren Belastungen stand und eignen sich f\u00fcr raue Arbeitsumgebungen. Sie sind verschlei\u00df- und korrosionsbest\u00e4ndig konstruiert, was ihre Lebensdauer verl\u00e4ngert.<\/li>\n<li>\n<h3>Effizienter Hydraulikbetrieb<\/h3>\n<p>Durch die Nutzung des Drucks von Hydraulik\u00f6l erm\u00f6glichen diese Zylinder ein sanftes Aus- und Einfahren, reagieren schnell auf Steuerbefehle und bieten eine starke Schub- und Zugkraft, die f\u00fcr die Handhabung schwerer Objekte und komplexer Aufgaben geeignet ist.<\/li>\n<li>\n<h3>Verschiedene Typen<\/h3>\n<p>Die Zylinder sind in verschiedenen Ausf\u00fchrungen erh\u00e4ltlich, darunter einfachwirkende (in eine Richtung wirkende) und doppeltwirkende (in beide Richtungen wirkende) Varianten, um unterschiedlichen Betriebsanforderungen gerecht zu werden. Einige Modelle sind teleskopierbar und erm\u00f6glichen so eine gr\u00f6\u00dfere Auszugsl\u00e4nge ohne Vergr\u00f6\u00dferung der Au\u00dfenabmessungen \u2013 ideal f\u00fcr Anwendungen mit beengten Platzverh\u00e4ltnissen.<\/li>\n<li>\n<h3>Kundenspezifische Fertigung<\/h3>\n<p>Wir fertigen dieses Produkt so, dass es vorhandene Hydraulikzylinder perfekt ersetzen kann und dabei Kompatibilit\u00e4t und Zuverl\u00e4ssigkeit gew\u00e4hrleistet.<\/li>\n<li>\n<h3>Vielseitige Einsatzm\u00f6glichkeiten<\/h3>\n<p>Sie sind f\u00fcr verschiedene Arten von Schwermaschinen konzipiert und k\u00f6nnen an unterschiedliche Einsatzszenarien angepasst werden, wodurch die Produktivit\u00e4t in verschiedenen Branchen gesteigert wird.<\/li>\n<\/ul>\n<p><img decoding=\"async\" src=\"https:\/\/www.hydraulic-cylinders.net\/wp-content\/uploads\/2025\/04\/songte-cylinder-head-with-all-kinds-excavator-models.webp\" alt=\"Varianten von Hydraulikzylindern\" \/><\/p>\n<h2>Anwendungen des Auslegerzylinders<\/h2>\n<h3>Baumaschinen<\/h3>\n<p>Bei Baggern ist der Auslegerzylinder unverzichtbar zum Graben, Laden und Bewegen von Erde oder Bauschutt. Er liefert die notwendige Kraft zum Anheben der Schaufel und erm\u00f6glicht eine pr\u00e4zise Positionierung w\u00e4hrend des Betriebs. Bei Baggerladern erleichtert der Zylinder sowohl Grab- als auch Hebearbeiten und tr\u00e4gt so wesentlich zur Effizienz auf Baustellen bei.<\/p>\n<h3>Landmaschinen<\/h3>\n<p>Diese Zylinder sind in Frontladern unverzichtbar, wo sie zum Schaufeln, Anheben und Transportieren von Erde, Heu und anderen Materialien eingesetzt werden. Ihre Hydraulikleistung erm\u00f6glicht einen reibungslosen Betrieb in der Landwirtschaft, steigert die Produktivit\u00e4t und reduziert den manuellen Arbeitsaufwand.<\/p>\n<h3>Bagger<\/h3>\n<p>Der Auslegerzylinder erm\u00f6glicht das Eindringen des L\u00f6ffels in den Boden und erleichtert so effiziente Grabungsarbeiten. Die Hydraulikleistung erm\u00f6glicht den Einsatz auch unter schwierigen Bedingungen und macht ihn damit zu einer unverzichtbaren Komponente f\u00fcr Aushubarbeiten in unterschiedlichem Gel\u00e4nde.<\/p>\n<h3>Lader<\/h3>\n<p>Bei Frontladern unterst\u00fctzt der Auslegerzylinder das effiziente Heben und Abladen von Materialien. Dadurch lassen sich schwere Lasten m\u00fchelos bewegen, was die Gesamtproduktivit\u00e4t der Ladevorg\u00e4nge verbessert.<\/p>\n<h2>Design\u00fcberlegungen und Auswahlkriterien<\/h2>\n<h3>Tragf\u00e4higkeit<\/h3>\n<p>Die Tragf\u00e4higkeit des Auslegerzylinders ist ein entscheidender Konstruktionsfaktor. Er muss so ausgelegt sein, dass er das spezifische Gewicht der zu bewegenden oder anzuhebenden Materialien tragen kann. Eine korrekte Berechnung der Tragf\u00e4higkeit gew\u00e4hrleistet, dass der Zylinder auch unter maximaler Betriebsbelastung zuverl\u00e4ssig funktioniert.<\/p>\n<h3>Dichtungsleistung<\/h3>\n<p>Eine effektive Abdichtung ist unerl\u00e4sslich, um Leckagen und Verunreinigungen der Hydraulikfl\u00fcssigkeit zu verhindern. Die Konstruktion muss langlebige Dichtungen, wie z. B. Kolben- und Stangendichtungen, beinhalten, um die Systemintegrit\u00e4t und -leistung langfristig zu gew\u00e4hrleisten. Hochwertige Dichtungen minimieren den Verschlei\u00df und verl\u00e4ngern die Lebensdauer des Hydraulikzylinders.<\/p>\n<h3>Haltbarkeit<\/h3>\n<p>Langlebigkeit ist unerl\u00e4sslich, insbesondere unter harten Arbeitsbedingungen. Die f\u00fcr den Auslegerzylinder verwendeten Materialien m\u00fcssen verschlei\u00df- und korrosionsbest\u00e4ndig sein, um die Funktionsf\u00e4higkeit des Zylinders \u00fcber lange Zeitr\u00e4ume zu gew\u00e4hrleisten. Regelm\u00e4\u00dfige Materialpr\u00fcfungen k\u00f6nnen vorzeitige Ausf\u00e4lle verhindern.<\/p>\n<h3>Sicherheitsfunktionen<\/h3>\n<p>Sicherheit sollte bei der Konstruktion von Hydraulikzylindern oberste Priorit\u00e4t haben. Der Einbau von Sicherheitsventilen kann \u00dcberlastungen und potenzielle Unf\u00e4lle im Betrieb verhindern. Die Einhaltung von Sicherheitsstandards sch\u00fctzt sowohl die Anlage als auch die Bediener.<\/p>\n<h3>Wartbarkeit<\/h3>\n<p>Eine wartungsfreundliche Konstruktion erm\u00f6glicht einfachere Inspektionen und Reparaturen. Die Komponenten sollten zug\u00e4nglich sein, und die Konstruktion sollte routinem\u00e4\u00dfige Wartungsarbeiten wie den Austausch von Dichtungen und die Schmierung erleichtern, um die Lebensdauer des Hydrauliksystems zu verl\u00e4ngern.<\/p>\n<p><img decoding=\"async\" src=\"https:\/\/www.hydraulic-cylinders.net\/wp-content\/uploads\/2025\/04\/songte-oil-pipes-and-spare-parts.webp\" alt=\"Hydraulikzylinderkomponenten\" \/><\/p>\n<h2>Abdichtung und Schmierung<\/h2>\n<p>Die Leistungsf\u00e4higkeit eines Hydraulikzylinders h\u00e4ngt ma\u00dfgeblich von seinen Dichtungs- und Schmiersystemen ab. Verschiedene Dichtungen, darunter Kolben- und Stangendichtungen, sind entscheidend f\u00fcr die Aufrechterhaltung des Hydraulikdrucks und die Vermeidung von Leckagen. Aufgrund ihrer Verschlei\u00dffestigkeit werden h\u00e4ufig Materialien wie Polyurethan und Nitrilkautschuk eingesetzt.<\/p>\n<p>Dar\u00fcber hinaus sind Zylinderk\u00f6rper und Gewindeendfl\u00e4chen feinbearbeitet, um die Verschlei\u00dffestigkeit zu erh\u00f6hen. Regelm\u00e4\u00dfige Schmierung mit Hydraulik\u00f6l ist unerl\u00e4sslich, um den reibungslosen Betrieb aller beweglichen Teile zu gew\u00e4hrleisten und Reibung, die zu vorzeitigem Verschlei\u00df f\u00fchren kann, zu minimieren.<\/p>\n<h2>Vorbeugende Wartungsma\u00dfnahmen<\/h2>\n<ul>\n<li>\n<h3>Regelm\u00e4\u00dfige Inspektionen<\/h3>\n<p>Regelm\u00e4\u00dfige Inspektionen des Auslegerzylinders auf Verschlei\u00df oder Besch\u00e4digungen sind unerl\u00e4sslich. Die \u00dcberpr\u00fcfung auf Leckagen, die Sicherstellung intakter Dichtungen und die Beurteilung des Zustands der Hydraulikschl\u00e4uche helfen, Probleme fr\u00fchzeitig zu erkennen und zu beheben.<\/li>\n<li>\n<h3>Geeignete Schmierung<\/h3>\n<p>Durch die Sicherstellung eines ausreichenden Hydraulik\u00f6lstands und die ordnungsgem\u00e4\u00dfe Schmierung der beweglichen Teile werden die Leistung verbessert und die Lebensdauer des Zylinders verl\u00e4ngert. Es ist unerl\u00e4sslich, die vom Hersteller empfohlenen Schmierintervalle einzuhalten.<\/li>\n<li>\n<h3>Dichtungswechsel<\/h3>\n<p>Der regelm\u00e4\u00dfige Austausch von Dichtungen im Rahmen der Wartung beugt Leckagen vor und erh\u00e4lt die Hydraulikleistung. Werden verschlissene Dichtungen nicht ausgetauscht, kann dies zu erheblichen Leistungseinbu\u00dfen und kostspieligen Reparaturen f\u00fchren.<\/li>\n<\/ul>\n<h2>Installationshinweise<\/h2>\n<p>F\u00fcr die einwandfreie Funktion und lange Lebensdauer des Auslegerzylinders ist die Einhaltung der korrekten Montagevorschriften unerl\u00e4sslich. Stellen Sie zun\u00e4chst sicher, dass die Montagefl\u00e4chen sauber und frei von Verunreinigungen sind. Richten Sie den Zylinder pr\u00e4zise an den Befestigungspunkten aus und achten Sie dabei auf die richtige Ausrichtung, um die Dichtungen nicht zu belasten.<\/p>\n<p>Verwenden Sie geeignete Montagehalterungen, um den Zylinder zu sichern und jegliche Bewegung w\u00e4hrend des Betriebs zu verhindern. Pr\u00fcfen Sie nach der Installation den korrekten Hydraulik\u00f6lstand und entl\u00fcften Sie das System, um eventuell vorhandene Lufteinschl\u00fcsse zu entfernen, die die Funktion beeintr\u00e4chtigen k\u00f6nnten. F\u00fchren Sie abschlie\u00dfend einen Probelauf durch, um sicherzustellen, dass der Zylinder einwandfrei und effizient funktioniert und nehmen Sie gegebenenfalls erforderliche Anpassungen vor.<\/p>\n<h2>Allgemeine Wartungsaufgaben<\/h2>\n<ul>\n<li>\n<h3>Regelm\u00e4\u00dfige Inspektionen<\/h3>\n<p>Regelm\u00e4\u00dfige Inspektionen helfen, potenzielle Probleme fr\u00fchzeitig zu erkennen. Pr\u00fcfen Sie Dichtungen auf Verschlei\u00df, sichtbare Lecks und den allgemeinen Zustand. Rechtzeitiges Eingreifen kann gr\u00f6\u00dfere Ausf\u00e4lle und teure Reparaturen verhindern.<\/li>\n<li>\n<h3>Richtige Schmierung<\/h3>\n<p>Die Aufrechterhaltung eines ausreichenden Schmierstoffstands ist f\u00fcr den reibungslosen Betrieb des Hydrauliksystems unerl\u00e4sslich. \u00dcberpr\u00fcfen und f\u00fcllen Sie das Hydraulik\u00f6l regelm\u00e4\u00dfig auf und stellen Sie sicher, dass es den erforderlichen Spezifikationen entspricht, um Leistungsprobleme zu vermeiden.<\/li>\n<li>\n<h3>Dichtungswechsel und Kalibrierung<\/h3>\n<p>Um den Hydraulikdruck aufrechtzuerhalten, m\u00fcssen Dichtungen mit Verschlei\u00df- oder Besch\u00e4digungsspuren ausgetauscht werden. Die Kalibrierung des Hydrauliksystems gew\u00e4hrleistet zudem den Betrieb innerhalb der vorgegebenen Parameter und optimiert so Leistung und Sicherheit.<\/li>\n<\/ul>\n<h2>Sicherheitsaspekte und Umweltfaktoren<\/h2>\n<p>Bei der Verwendung von Hydraulikzylindern haben Sicherheitsma\u00dfnahmen h\u00f6chste Priorit\u00e4t. Die Bediener m\u00fcssen geschult sein, Anzeichen von Hydraulikversagen oder -st\u00f6rungen zu erkennen. Regelm\u00e4\u00dfige Sicherheits\u00fcberpr\u00fcfungen und die Einhaltung der Betriebsrichtlinien tragen zur Risikominderung bei. Dar\u00fcber hinaus sollten umweltschonende Verfahren angewendet werden, wie z. B. die ordnungsgem\u00e4\u00dfe Entsorgung von Hydraulikfl\u00fcssigkeiten und das Recycling von Materialien, wo immer m\u00f6glich.<\/p>\n<h2>Fehlerdiagnose und h\u00e4ufige Probleme<\/h2>\n<ul>\n<li>\n<h3>Hydrauliklecks<\/h3>\n<p>Leckagen k\u00f6nnen durch verschlissene Dichtungen oder besch\u00e4digte Schl\u00e4uche entstehen. Es ist daher unerl\u00e4sslich, das System regelm\u00e4\u00dfig zu \u00fcberpr\u00fcfen, um Leckagen fr\u00fchzeitig zu erkennen und zu beheben.<\/li>\n<li>\n<h3>Druckverlust<\/h3>\n<p>Ein pl\u00f6tzlicher Druckverlust kann auf interne Sch\u00e4den oder Fl\u00fcssigkeitslecks hinweisen. Die \u00dcberwachung der Manometeranzeigen hilft, ein Problem zu erkennen und rechtzeitige Reparaturen durchzuf\u00fchren.<\/li>\n<li>\n<h3>Nicht reagierender Zylinder<\/h3>\n<p>Reagiert der Zylinder nicht auf Steuerbefehle, kann dies auf eine Verstopfung im Hydrauliksystem oder einen Defekt im Steuermechanismus hindeuten. Die \u00dcberpr\u00fcfung der Steuerventile und Schl\u00e4uche kann helfen, die Ursache zu ermitteln.<\/li>\n<\/ul>\n<h2>Tipps zur Fehlerbehebung<\/h2>\n<p>Um Probleme mit dem Auslegerzylinder effektiv zu diagnostizieren und zu beheben, sollten die Bediener ein detailliertes Protokoll der Symptome und der Wartungshistorie f\u00fchren. Regelm\u00e4\u00dfige Schulungen zu Fehlersuchtechniken helfen dem Personal, Probleme fr\u00fchzeitig zu erkennen.<\/p>\n<p>Die Umsetzung vorbeugender Ma\u00dfnahmen wie regelm\u00e4\u00dfige Wartungspl\u00e4ne und die Einhaltung von Betriebsrichtlinien minimieren potenzielle Probleme. Dar\u00fcber hinaus tr\u00e4gt die Kenntnis der Sicherheitsprotokolle durch die Bediener zu einem sichereren Arbeitsumfeld bei.<\/p>\n<p><img decoding=\"async\" src=\"https:\/\/www.hydraulic-cylinders.net\/wp-content\/uploads\/2025\/04\/songte-bushings-with-all-kinds-of-excavator-models.webp\" alt=\"Baggerkomponenten\" \/><\/p>\n<h2>\u00dcber unser Unternehmen<\/h2>\n<p>Wir sind ein f\u00fchrender Hersteller von Hydraulikzylindern und bieten ein umfassendes Produktsortiment f\u00fcr internationale M\u00e4rkte. Durch die Einhaltung h\u00f6chster Qualit\u00e4tsstandards und die Umsetzung einer ausgereiften Fertigungsmanagementstrategie optimieren wir kontinuierlich unsere Produktionskapazit\u00e4ten. Unser Fokus auf qualifizierte Fachkr\u00e4fte, moderne Fertigungsanlagen und spezialisierte Pr\u00fcfsysteme erm\u00f6glicht es uns, vielf\u00e4ltige Kundenanforderungen effizient, pr\u00e4zise und in h\u00f6chster Qualit\u00e4t zu erf\u00fcllen.<\/p>\n<p>Unser Unternehmen ist international zertifiziert und bietet ma\u00dfgeschneiderte Dienstleistungen, die auf die spezifischen Bed\u00fcrfnisse unserer Kunden abgestimmt sind. Mit modernster Produktionsausr\u00fcstung und einem engagierten Kundendienstteam garantieren wir unseren Kunden Produkte und Support von h\u00f6chster Qualit\u00e4t.<\/p>\n<p><img decoding=\"async\" src=\"https:\/\/www.hydraulic-cylinders.net\/wp-content\/uploads\/2025\/04\/songte-company-4.webp\" alt=\"Unternehmens\u00fcbersicht\" \/><br \/>\n<img decoding=\"async\" src=\"https:\/\/www.hydraulic-cylinders.net\/wp-content\/uploads\/2025\/04\/songte-company-3.webp\" alt=\"Produktionsst\u00e4tte\" \/><\/p>\n<p>Autor: lyl<\/p>","protected":false},"excerpt":{"rendered":"<p>Boom Cylinder For Yuchai YC18-8 Product Overview The Boom Cylinder for Yuchai YC18-8 is a specialized hydraulic cylinder that plays a critical role in controlling the movement of the bucket on various heavy machinery, including excavators, backhoe loaders, and front loaders. This hydraulic cylinder enables the bucket to lift, lower, and tilt, facilitating efficient material [&hellip;]<\/p>","protected":false},"featured_media":17875,"comment_status":"open","ping_status":"closed","template":"","meta":{"_et_pb_use_builder":"","_et_pb_old_content":"","_et_gb_content_width":""},"product_brand":[],"product_cat":[1546],"product_tag":[1547,1496],"class_list":{"0":"post-19582","1":"product","2":"type-product","3":"status-publish","4":"has-post-thumbnail","6":"product_cat-boom-cylinders","7":"product_tag-boom-cylinders","8":"product_tag-hydraulic-cylinders","10":"first","11":"instock","12":"shipping-taxable","13":"product-type-simple"},"amp_enabled":true,"_links":{"self":[{"href":"https:\/\/www.hydraulic-cylinders.net\/de\/wp-json\/wp\/v2\/product\/19582","targetHints":{"allow":["GET"]}}],"collection":[{"href":"https:\/\/www.hydraulic-cylinders.net\/de\/wp-json\/wp\/v2\/product"}],"about":[{"href":"https:\/\/www.hydraulic-cylinders.net\/de\/wp-json\/wp\/v2\/types\/product"}],"replies":[{"embeddable":true,"href":"https:\/\/www.hydraulic-cylinders.net\/de\/wp-json\/wp\/v2\/comments?post=19582"}],"wp:featuredmedia":[{"embeddable":true,"href":"https:\/\/www.hydraulic-cylinders.net\/de\/wp-json\/wp\/v2\/media\/17875"}],"wp:attachment":[{"href":"https:\/\/www.hydraulic-cylinders.net\/de\/wp-json\/wp\/v2\/media?parent=19582"}],"wp:term":[{"taxonomy":"product_brand","embeddable":true,"href":"https:\/\/www.hydraulic-cylinders.net\/de\/wp-json\/wp\/v2\/product_brand?post=19582"},{"taxonomy":"product_cat","embeddable":true,"href":"https:\/\/www.hydraulic-cylinders.net\/de\/wp-json\/wp\/v2\/product_cat?post=19582"},{"taxonomy":"product_tag","embeddable":true,"href":"https:\/\/www.hydraulic-cylinders.net\/de\/wp-json\/wp\/v2\/product_tag?post=19582"}],"curies":[{"name":"wp","href":"https:\/\/api.w.org\/{rel}","templated":true}]}}