{"id":19633,"date":"2025-04-07T06:58:34","date_gmt":"2025-04-07T06:58:34","guid":{"rendered":"https:\/\/www.hydraulic-cylinders.net\/product\/boom-cylinder-for-aotai-at80e-9\/"},"modified":"2025-04-07T06:58:37","modified_gmt":"2025-04-07T06:58:37","slug":"boom-cylinder-for-aotai-at80e-9","status":"publish","type":"product","link":"https:\/\/www.hydraulic-cylinders.net\/de\/produkt\/boom-cylinder-for-aotai-at80e-9\/","title":{"rendered":"Auslegerzylinder f\u00fcr Aotai AT80E-9"},"content":{"rendered":"<h1>Auslegerzylinder f\u00fcr Aotai AT80E-9<\/h1>\n<h2>Produkt\u00fcbersicht<\/h2>\n<p>Der Auslegerzylinder f\u00fcr den Aotai AT80E-9 ist eine wichtige Komponente, die speziell f\u00fcr schwere Baumaschinen entwickelt wurde. Dieser Hydraulikzylinder steuert die Auslegerbewegung und erm\u00f6glicht das effektive Heben, Senken und Neigen der Schaufel. Diese Zylinder sind unerl\u00e4sslich f\u00fcr die effiziente Durchf\u00fchrung von Materialumschlagsaufgaben in verschiedenen Anwendungsbereichen, insbesondere im Bauwesen und bei Erdarbeiten.<\/p>\n<p><img decoding=\"async\" src=\"https:\/\/www.hydraulic-cylinders.net\/wp-content\/uploads\/2025\/04\/songte-company-1.webp\" alt=\"Bild des Auslegerzylinders\"><\/p>\n<h3>Definition und Funktion<\/h3>\n<p>Ein Schaufelzylinder ist ein Hydraulikzylinder, der speziell f\u00fcr die Bewegung von Schaufeln in Baumaschinen wie Baggern, Baggerladern und Radladern entwickelt wurde. Seine Hauptfunktion besteht darin, das Heben, Senken und Neigen der Schaufel zu erm\u00f6glichen, was f\u00fcr effiziente Materialumschlagsvorg\u00e4nge unerl\u00e4sslich ist. Diese Zylinder nutzen Hydraulikfl\u00fcssigkeit, um Kraft und Bewegung zu erzeugen und sind daher in Hydrauliksystemen unverzichtbar. Der Schaufelzylinder wandelt hydraulische Energie in mechanische Energie um und erm\u00f6glicht so eine pr\u00e4zise Steuerung der Schaufelbewegungen, wodurch Produktivit\u00e4t und Effizienz auf Baustellen gesteigert werden.<\/p>\n<h2>Merkmale des Auslegerzylinders<\/h2>\n<ul>\n<li><strong>Hohe Festigkeit und Haltbarkeit:<\/strong> Diese aus hochfestem Stahl oder Aluminium gefertigten Zylinder sind f\u00fcr den Einsatz unter hohem Druck und schweren Belastungen sowie f\u00fcr raue Arbeitsumgebungen ausgelegt. Ihre Konstruktion gew\u00e4hrleistet Verschlei\u00df- und Korrosionsbest\u00e4ndigkeit und verl\u00e4ngert so ihre Lebensdauer erheblich.<\/li>\n<li><strong>Effizienter Hydraulikbetrieb:<\/strong> Der Zylinder arbeitet effizient mit dem Druck des Hydraulik\u00f6ls und gew\u00e4hrleistet so ein sanftes Aus- und Einfahren. Er reagiert schnell auf Steuerbefehle und liefert eine starke Schub- und Zugkraft, wodurch er sich ideal f\u00fcr schwere und komplexe Aufgaben eignet.<\/li>\n<li><strong>Verschiedene Typen:<\/strong> Der Auslegerzylinder ist in verschiedenen Ausf\u00fchrungen erh\u00e4ltlich, darunter einfachwirkende (die die Hydraulikkraft in eine Richtung nutzen) und doppeltwirkende (die die Hydraulikkraft in beide Richtungen nutzen). Einige Versionen sind teleskopierbar und erm\u00f6glichen so eine gr\u00f6\u00dfere Ausladung ohne Vergr\u00f6\u00dferung der Au\u00dfenabmessungen. Dadurch eignen sie sich ideal f\u00fcr Anwendungen auf kleinem Raum.<\/li>\n<li><strong>Einfache Installation:<\/strong> Diese Zylinder sind f\u00fcr eine unkomplizierte Installation ausgelegt und gew\u00e4hrleisten die Kompatibilit\u00e4t mit verschiedenen Baumaschinenmodellen, wodurch Austausch und Wartung problemlos m\u00f6glich sind.<\/li>\n<li><strong>Kosteneffizienz:<\/strong> Durch die Wahl unserer Auslegerzylinder k\u00f6nnen Kunden erhebliche Einsparungen bei Reparaturen und Ersatzteilen erzielen, ohne dabei Abstriche bei Leistung oder Qualit\u00e4t machen zu m\u00fcssen.<\/li>\n<\/ul>\n<p>Wir fertigen diese Auslegerzylinder und bieten damit den perfekten Ersatz f\u00fcr die auf dem Markt erh\u00e4ltlichen Hydraulikzylinder.<\/p>\n<p><img decoding=\"async\" src=\"https:\/\/www.hydraulic-cylinders.net\/wp-content\/uploads\/2025\/04\/songte-cylinder-head-with-all-kinds-excavator-models.webp\" alt=\"Baggermodelle\"><\/p>\n<h2>Anwendungen des Auslegerzylinders<\/h2>\n<h3>Baumaschinen<\/h3>\n<p>Bei Baumaschinen spielt der Auslegerzylinder eine entscheidende Rolle beim Graben, Laden und Bewegen von Erde oder Bauschutt. Er steuert das Heben und Senken des Auslegers und erm\u00f6glicht so pr\u00e4zise Aushubarbeiten. Dank seiner F\u00e4higkeit, schwere Lasten zu heben, ist der Hydraulikzylinder unverzichtbar f\u00fcr Bauprojekte, bei denen Effizienz und Geschwindigkeit f\u00fcr die Einhaltung des Projektzeitplans entscheidend sind.<\/p>\n<h3>Landmaschinen<\/h3>\n<p>In der Landwirtschaft wird der Auslegerzylinder von Frontladern zum Schaufeln, Anheben und Transportieren von Erde, Heu und anderen Materialien eingesetzt. Die Hydraulikleistung erm\u00f6glicht ein schnelles und effizientes Bewegen schwerer Lasten, was in der Landwirtschaft unerl\u00e4sslich ist, da Zeit und Effizienz sich direkt auf Produktivit\u00e4t und Ertrag auswirken.<\/p>\n<h3>Bagger<\/h3>\n<p>Bei Baggern erleichtert der Auslegerzylinder das Graben, indem er dem L\u00f6ffel ein effektives Eindringen in den Boden erm\u00f6glicht. Diese F\u00e4higkeit ist f\u00fcr verschiedene Anwendungen, wie beispielsweise das Ausheben von Gr\u00e4ben und die Baustellenvorbereitung, von entscheidender Bedeutung, da hier Pr\u00e4zision erforderlich ist, um die gew\u00fcnschten Ergebnisse zu erzielen, ohne die Umgebung zu besch\u00e4digen.<\/p>\n<h3>Lader<\/h3>\n<p>Bei Frontladern unterst\u00fctzen Auslegerzylinder das effiziente Heben und Abladen von Materialien. Die Hydraulikzylinder liefern die notwendige Kraft zum Heben schwerer Lasten und gew\u00e4hrleisten so den pr\u00e4zisen Transport und die exakte Platzierung der Materialien \u2013 unerl\u00e4sslich sowohl im Bauwesen als auch bei Materialumschlagsarbeiten.<\/p>\n<h2>Design\u00fcberlegungen und Auswahlkriterien<\/h2>\n<h3>Tragf\u00e4higkeit<\/h3>\n<p>Die Tragf\u00e4higkeit des Auslegerzylinders ist ein entscheidender Konstruktionsfaktor. Er muss die maximalen Lastgewichte der verschiedenen Anwendungen tragen k\u00f6nnen. Die Wahl eines Zylinders mit der passenden Tragf\u00e4higkeit gew\u00e4hrleistet Sicherheit und Effizienz im Betrieb. Ein zu kleiner Zylinder kann zu Ausf\u00e4llen oder Besch\u00e4digungen f\u00fchren, w\u00e4hrend ein zu gro\u00dfer Zylinder die Kosten unn\u00f6tig in die H\u00f6he treiben kann.<\/p>\n<h3>Dichtungsintegrit\u00e4t<\/h3>\n<p>Eine effektive Abdichtung ist bei Hydraulikzylindern von entscheidender Bedeutung, um Fl\u00fcssigkeitsverluste zu verhindern, die zu Leistungseinbu\u00dfen und erh\u00f6hten Wartungskosten f\u00fchren k\u00f6nnen. Hochwertige Dichtungen aus langlebigen Materialien wie Polyurethan und Nitrilkautschuk sind unerl\u00e4sslich f\u00fcr eine lange Lebensdauer und Zuverl\u00e4ssigkeit. Die Konstruktion sollte einen einfachen Dichtungsaustausch erm\u00f6glichen, um die Wartung zu erleichtern.<\/p>\n<h3>Haltbarkeit<\/h3>\n<p>Langlebigkeit ist ein entscheidender Faktor f\u00fcr Hydraulikzylinder, die unter rauen Bedingungen eingesetzt werden. Die verwendeten Werkstoffe m\u00fcssen verschlei\u00df- und korrosionsbest\u00e4ndig sein. Beschichtungen und Behandlungen des Zylinderk\u00f6rpers k\u00f6nnen die Langlebigkeit erh\u00f6hen, die Lebensdauer des Produkts verl\u00e4ngern und die H\u00e4ufigkeit von Austauschvorg\u00e4ngen reduzieren.<\/p>\n<h3>Sicherheitsfunktionen<\/h3>\n<p>Sicherheit hat bei der Konstruktion von Hydraulikzylindern h\u00f6chste Priorit\u00e4t. Der Einsatz von Sicherheitsventilen und Verriegelungsmechanismen erh\u00f6ht die Betriebssicherheit. Diese Merkmale verhindern Unf\u00e4lle durch unerwartete Druckspitzen oder Zylinderversagen und gew\u00e4hrleisten so die Sicherheit von Bedienern und Maschinen.<\/p>\n<h3>Wartungszug\u00e4nglichkeit<\/h3>\n<p>Die Konstruktion von Hydraulikzylindern mit einfacher Wartungszug\u00e4nglichkeit ist entscheidend. Wartungsarbeiten wie Schmierung und Dichtungswechsel sollten unkompliziert sein, um Ausfallzeiten zu minimieren. Ein gut konstruierter Zylinder kann die Wartungskosten deutlich senken und die Betriebseffizienz steigern.<\/p>\n<p><img decoding=\"async\" src=\"https:\/\/www.hydraulic-cylinders.net\/wp-content\/uploads\/2025\/04\/songte-oil-pipes-and-spare-parts.webp\" alt=\"\u00d6lleitungen und Ersatzteile\"><\/p>\n<h2>Abdichtung und Schmierung<\/h2>\n<p>Eine effektive Abdichtung und Schmierung sind f\u00fcr die Funktionsf\u00e4higkeit von Hydraulikzylindern unerl\u00e4sslich. Verschiedene Dichtungen, darunter Kolben- und Stangendichtungen, sind notwendig, um das Austreten von Hydraulikfl\u00fcssigkeit zu verhindern. Die Wahl geeigneter Dichtungsmaterialien, wie beispielsweise Polyurethan oder Nitrilkautschuk, gew\u00e4hrleistet Verschlei\u00dffestigkeit und Best\u00e4ndigkeit gegen\u00fcber Umwelteinfl\u00fcssen.<\/p>\n<p>Dar\u00fcber hinaus werden Zylinderk\u00f6rper und Gewindeenden pr\u00e4zisionsbearbeitet, um Langlebigkeit und Leistung zu optimieren. Regelm\u00e4\u00dfige Schmierung mit dem geeigneten Hydraulik\u00f6l ist notwendig, um Reibung und Verschlei\u00df an den beweglichen Teilen zu minimieren. Diese Wartungsma\u00dfnahme tr\u00e4gt zu einem reibungslosen Betrieb bei und verl\u00e4ngert die Lebensdauer des Hydraulikzylinders.<\/p>\n<h2>Regelm\u00e4\u00dfige Wartung und vorbeugende Ma\u00dfnahmen<\/h2>\n<ul>\n<li><strong>Inspektionen:<\/strong> Regelm\u00e4\u00dfige Inspektionen sollten durchgef\u00fchrt werden, um Verschlei\u00df oder potenzielle Probleme fr\u00fchzeitig zu erkennen, bevor sie sich verschlimmern. Dieser proaktive Ansatz kann teure Reparaturen und Ausfallzeiten verhindern.<\/li>\n<li><strong>Schmierung:<\/strong> Eine ausreichende Schmierung der Hydraulikzylinder ist f\u00fcr einen reibungslosen Betrieb unerl\u00e4sslich. Regelm\u00e4\u00dfiges Pr\u00fcfen und Nachf\u00fcllen des Hydraulik\u00f6ls beugt \u00fcberm\u00e4\u00dfigem Verschlei\u00df vor und verl\u00e4ngert die Lebensdauer des Zylinders.<\/li>\n<li><strong>Dichtungswechsel:<\/strong> Dichtungen k\u00f6nnen mit der Zeit verschlei\u00dfen und dadurch Leckagen verursachen. Regelm\u00e4\u00dfige Kontrollen und der rechtzeitige Austausch verschlissener Dichtungen sind daher entscheidend f\u00fcr die Aufrechterhaltung der Leistungsf\u00e4higkeit und die Vermeidung von Hydraulikfl\u00fcssigkeitsverlusten.<\/li>\n<\/ul>\n<h2>Installationshinweise<\/h2>\n<p>Die korrekte Montage des Auslegerzylinders ist f\u00fcr eine optimale Leistung unerl\u00e4sslich. Stellen Sie zun\u00e4chst sicher, dass alle Komponenten sauber und frei von Verunreinigungen sind. Richten Sie den Zylinder pr\u00e4zise an den Montagehalterungen aus, um unn\u00f6tige Belastungen zu vermeiden. Die Verwendung geeigneter Montagehalterungen ist entscheidend f\u00fcr die sichere Befestigung des Zylinders.<\/p>\n<p>Nach der Ausrichtung alle Schrauben gem\u00e4\u00df den Herstellervorgaben festziehen, um einen sicheren Sitz zu gew\u00e4hrleisten. Die Hydraulikanschl\u00fcsse auf Dichtheit und Leckagen pr\u00fcfen. Nach der Installation die Zylinderfunktion schrittweise testen und dabei auf ungew\u00f6hnliche Ger\u00e4usche oder Leckagen achten. Korrekte Ausrichtung und sichere Installation k\u00f6nnen Betriebsst\u00f6rungen deutlich reduzieren.<\/p>\n<h2>Allgemeine Wartungsaufgaben<\/h2>\n<h3>Regelm\u00e4\u00dfige Inspektionen<\/h3>\n<p>Die regelm\u00e4\u00dfige Inspektion von Hydraulikzylindern ist entscheidend, um potenzielle Probleme fr\u00fchzeitig zu erkennen. Pr\u00fcfen Sie die Zylinder auf Verschlei\u00df, Leckagen oder Besch\u00e4digungen. Dieser proaktive Ansatz beugt unerwarteten Ausf\u00e4llen vor und erh\u00f6ht die Zuverl\u00e4ssigkeit von Hydrauliksystemen.<\/p>\n<h3>Richtige Schmierung<\/h3>\n<p>Die Einhaltung eines angemessenen Schmierstoffstands ist unerl\u00e4sslich, um Verschlei\u00df zu vermeiden und einen reibungslosen Betrieb zu gew\u00e4hrleisten. \u00dcberpr\u00fcfen Sie regelm\u00e4\u00dfig den Hydraulik\u00f6lstand und f\u00fcllen Sie ihn bei Bedarf auf. Die Verwendung des richtigen Hydraulik\u00f6ls ist entscheidend f\u00fcr optimale Leistung und lange Lebensdauer des Zylinders.<\/p>\n<h3>Dichtungsaustausch und Kalibrierungspr\u00fcfungen<\/h3>\n<p>Dichtungen regelm\u00e4\u00dfig auf Verschlei\u00df pr\u00fcfen und bei Bedarf austauschen, um Leckagen zu vermeiden. Kalibrierungspr\u00fcfungen gew\u00e4hrleisten den Betrieb des Zylinders innerhalb der vorgegebenen Parameter. Funktionierende Dichtungen und kalibrierte Zylinder verbessern die Betriebseffizienz und -sicherheit.<\/p>\n<p><img decoding=\"async\" src=\"https:\/\/www.hydraulic-cylinders.net\/wp-content\/uploads\/2025\/04\/songte-chushion-collar.webp\" alt=\"Kissenkragen\"><\/p>\n<h2>Sicherheitsaspekte und Umweltfaktoren<\/h2>\n<p>Bei der Verwendung von Hydraulikzylindern haben Sicherheitsma\u00dfnahmen h\u00f6chste Priorit\u00e4t. Bediener m\u00fcssen geschult werden, um potenzielle Gefahren im Zusammenhang mit Hydraulikanlagen zu erkennen. Beim Betrieb von Maschinen mit Hydraulikzylindern ist Schutzausr\u00fcstung zu tragen und die Sicherheitsvorschriften sind unbedingt einzuhalten. Umwelteinfl\u00fcsse wie Temperaturschwankungen und der Kontakt mit korrosiven Substanzen m\u00fcssen bei der Konstruktion und Wartung von Hydraulikzylindern ber\u00fccksichtigt werden, um deren Zuverl\u00e4ssigkeit und Langlebigkeit zu gew\u00e4hrleisten.<\/p>\n<h2>Fehlerbehebung und h\u00e4ufige Probleme<\/h2>\n<ul>\n<li><strong>Nicht reagierender Zylinder:<\/strong> Wenn der Zylinder nicht auf die Steuerung reagiert, pr\u00fcfen Sie den Hydraulikfl\u00fcssigkeitsstand und m\u00f6gliche Leckagen im System. Stellen Sie sicher, dass die Hydraulikpumpe ordnungsgem\u00e4\u00df funktioniert.<\/li>\n<li><strong>Fl\u00fcssigkeitslecks:<\/strong> Fl\u00fcssigkeitsverluste k\u00f6nnen auf verschlissene Dichtungen oder besch\u00e4digte Zylinderbauteile hinweisen. Pr\u00fcfen Sie die Dichtungen auf Verschlei\u00df und tauschen Sie sie gegebenenfalls aus, um Fl\u00fcssigkeitsverluste zu vermeiden.<\/li>\n<li><strong>Ungew\u00f6hnliche Ger\u00e4usche:<\/strong> Ungew\u00f6hnliche Betriebsger\u00e4usche k\u00f6nnen auf interne Sch\u00e4den oder unzureichende Schmierung hinweisen. F\u00fchren Sie gr\u00fcndliche Inspektionen durch, um die Ursache zu ermitteln und zu beheben.<\/li>\n<\/ul>\n<p>Durch vorbeugende Ma\u00dfnahmen wie regelm\u00e4\u00dfige Wartung und Inspektionen lassen sich potenzielle Probleme minimieren und die Zuverl\u00e4ssigkeit von Hydrauliksystemen erh\u00f6hen.<\/p>\n<p><img decoding=\"async\" src=\"https:\/\/www.hydraulic-cylinders.net\/wp-content\/uploads\/2025\/04\/songte-bushings-with-all-kinds-of-excavator-models.webp\" alt=\"Buchse mit Baggermodellen\"><\/p>\n<h2>Unternehmensvorstellung<\/h2>\n<p>Wir sind ein f\u00fchrender Hersteller von Hydraulikzylindern als Ersatzteil und bieten ein breites Produktsortiment f\u00fcr den nationalen und internationalen Markt. Unser Qualit\u00e4tsanspruch basiert auf optimierten Fertigungsprozessen und einer soliden Produktionsmanagementstrategie. Wir nutzen fortschrittliche Technologien, qualifiziertes Personal und innovative Testsysteme, um unsere Fertigungsplattform kontinuierlich zu verbessern.<\/p>\n<p>Unsere Produktionskapazit\u00e4ten erm\u00f6glichen es uns, vielf\u00e4ltige Kundenbed\u00fcrfnisse effizient zu erf\u00fcllen und dabei h\u00f6chste Effizienz, Pr\u00e4zision und Qualit\u00e4t zu gew\u00e4hrleisten. Dank internationaler Zertifizierungen und kundenspezifischer Serviceleistungen erf\u00fcllen unsere Produkte h\u00f6chste Anspr\u00fcche an Leistung und Zuverl\u00e4ssigkeit. Unser Kundendienst bietet kontinuierliche Unterst\u00fctzung und Beratung und sichert so die Kundenzufriedenheit mit unseren Hydraulikl\u00f6sungen.<\/p>\n<p><img decoding=\"async\" src=\"https:\/\/www.hydraulic-cylinders.net\/wp-content\/uploads\/2025\/04\/songte-company-4.webp\" alt=\"Firmenbild 4\"><br \/>\n<img decoding=\"async\" src=\"https:\/\/www.hydraulic-cylinders.net\/wp-content\/uploads\/2025\/04\/songte-company-3.webp\" alt=\"Firmenbild 3\"><\/p>\n<p>Autor: lyl<\/p>","protected":false},"excerpt":{"rendered":"<p>Boom Cylinder For Aotai AT80E-9 Product Overview The Boom Cylinder for Aotai AT80E-9 is a crucial component designed specifically for heavy machinery. This hydraulic cylinder controls the movement of the boom, enabling the lifting, lowering, and tilting of the bucket effectively. These cylinders are essential for performing material handling tasks efficiently in various applications, particularly [&hellip;]<\/p>","protected":false},"featured_media":17881,"comment_status":"open","ping_status":"closed","template":"","meta":{"_et_pb_use_builder":"","_et_pb_old_content":"","_et_gb_content_width":""},"product_brand":[],"product_cat":[1546],"product_tag":[1547,1496],"class_list":{"0":"post-19633","1":"product","2":"type-product","3":"status-publish","4":"has-post-thumbnail","6":"product_cat-boom-cylinders","7":"product_tag-boom-cylinders","8":"product_tag-hydraulic-cylinders","10":"first","11":"instock","12":"shipping-taxable","13":"product-type-simple"},"amp_enabled":true,"_links":{"self":[{"href":"https:\/\/www.hydraulic-cylinders.net\/de\/wp-json\/wp\/v2\/product\/19633","targetHints":{"allow":["GET"]}}],"collection":[{"href":"https:\/\/www.hydraulic-cylinders.net\/de\/wp-json\/wp\/v2\/product"}],"about":[{"href":"https:\/\/www.hydraulic-cylinders.net\/de\/wp-json\/wp\/v2\/types\/product"}],"replies":[{"embeddable":true,"href":"https:\/\/www.hydraulic-cylinders.net\/de\/wp-json\/wp\/v2\/comments?post=19633"}],"wp:featuredmedia":[{"embeddable":true,"href":"https:\/\/www.hydraulic-cylinders.net\/de\/wp-json\/wp\/v2\/media\/17881"}],"wp:attachment":[{"href":"https:\/\/www.hydraulic-cylinders.net\/de\/wp-json\/wp\/v2\/media?parent=19633"}],"wp:term":[{"taxonomy":"product_brand","embeddable":true,"href":"https:\/\/www.hydraulic-cylinders.net\/de\/wp-json\/wp\/v2\/product_brand?post=19633"},{"taxonomy":"product_cat","embeddable":true,"href":"https:\/\/www.hydraulic-cylinders.net\/de\/wp-json\/wp\/v2\/product_cat?post=19633"},{"taxonomy":"product_tag","embeddable":true,"href":"https:\/\/www.hydraulic-cylinders.net\/de\/wp-json\/wp\/v2\/product_tag?post=19633"}],"curies":[{"name":"wp","href":"https:\/\/api.w.org\/{rel}","templated":true}]}}