{"id":19655,"date":"2025-04-07T07:00:01","date_gmt":"2025-04-07T07:00:01","guid":{"rendered":"https:\/\/www.hydraulic-cylinders.net\/product\/boom-cylinder-for-bonny-cee2200-7\/"},"modified":"2025-04-07T07:00:04","modified_gmt":"2025-04-07T07:00:04","slug":"boom-cylinder-for-bonny-cee2200-7","status":"publish","type":"product","link":"https:\/\/www.hydraulic-cylinders.net\/de\/produkt\/boom-cylinder-for-bonny-cee2200-7\/","title":{"rendered":"Auslegerzylinder f\u00fcr Bonny CEE2200-7"},"content":{"rendered":"<h1>Auslegerzylinder f\u00fcr Bonny CEE2200-7<\/h1>\n<h2>Produkt\u00fcbersicht<\/h2>\n<p>Der Auslegerzylinder f\u00fcr Bonny CEE2200-7 ist ein essenzieller Hydraulikzylinder, der speziell f\u00fcr die Steuerung der Schaufelbewegung in verschiedenen Baumaschinen entwickelt wurde. Dieser Zylindertyp ist unverzichtbar f\u00fcr den Betrieb von Ger\u00e4ten wie Baggern, Baggerladern und Radladern. Er erm\u00f6glicht das Heben, Senken und Neigen der Schaufel und tr\u00e4gt so zu effizienten Materialumschlagsaufgaben bei.<\/p>\n<p>Hydraulikzylinder f\u00fcr Schaufeln sind zentrale Aktuatoren in den Hydrauliksystemen von Bau- und Landmaschinen. Sie nutzen Hydraulikfl\u00fcssigkeit unter hohem Druck, um Bewegung zu erzeugen und so ein pr\u00e4zises Man\u00f6vrieren der Schaufeln zu erm\u00f6glichen. Die nahtlose Steuerung durch diese Zylinder steigert die Produktivit\u00e4t und Betriebseffizienz in verschiedenen Anwendungsbereichen.<\/p>\n<p><img decoding=\"async\" src=\"https:\/\/www.hydraulic-cylinders.net\/wp-content\/uploads\/2025\/04\/songte-company-1.webp\" alt=\"Bild des Auslegerzylinders\" \/><\/p>\n<h2>Hauptmerkmale<\/h2>\n<ul>\n<li><strong>Hohe Festigkeit und Haltbarkeit:<\/strong> Der aus hochfestem Stahl oder Aluminium gefertigte Auslegerzylinder h\u00e4lt hohen Dr\u00fccken und schweren Lasten stand und eignet sich daher f\u00fcr anspruchsvolle Arbeitsumgebungen. Seine Konstruktion ber\u00fccksichtigt Verschlei\u00df- und Korrosionsbest\u00e4ndigkeit und verl\u00e4ngert so seine Lebensdauer.<\/li>\n<li><strong>Effizienter Hydraulikbetrieb:<\/strong> Es nutzt Hydraulik\u00f6ldruck f\u00fcr sanfte Aus- und Einfahrvorg\u00e4nge, reagiert schnell auf Bedienerbefehle und liefert hohe Schub- und Zugkr\u00e4fte. Dadurch eignet es sich ideal f\u00fcr den Umgang mit schweren Materialien und die Ausf\u00fchrung komplexer Aufgaben.<\/li>\n<li><strong>Verschiedene Typen:<\/strong> Erh\u00e4ltlich in einfachwirkender (hydraulisch in eine Richtung wirkender) oder doppeltwirkender (hydraulisch in beide Richtungen wirkender) Ausf\u00fchrung, um unterschiedlichen Betriebsanforderungen gerecht zu werden. Einige Modelle sind teleskopierbar und erm\u00f6glichen so eine gr\u00f6\u00dfere Auszugsl\u00e4nge ohne Vergr\u00f6\u00dferung der Au\u00dfenabmessungen \u2013 ideal f\u00fcr Anwendungen mit beengten Platzverh\u00e4ltnissen.<\/li>\n<li><strong>Kundenspezifische L\u00f6sungen:<\/strong> Wir fertigen dieses Produkt und bieten damit den perfekten Ersatz f\u00fcr vorhandene Hydraulikzylinder, um Kompatibilit\u00e4t und Leistungsf\u00e4higkeit in verschiedenen Maschinen zu gew\u00e4hrleisten.<\/li>\n<li><strong>Fortschrittliche Ingenieurskunst:<\/strong> Unsere Auslegerzylinder sind mit h\u00f6chster Pr\u00e4zision konstruiert, um auch unter anspruchsvollen Bedingungen optimale Leistung zu gew\u00e4hrleisten und auf spezifische Betriebsanforderungen zugeschnitten zu sein.<\/li>\n<\/ul>\n<p><img decoding=\"async\" src=\"https:\/\/www.hydraulic-cylinders.net\/wp-content\/uploads\/2025\/04\/songte-cylinder-head-with-all-kinds-excavator-models.webp\" alt=\"Hydraulikzylinderkopf\" \/><\/p>\n<h2>Anwendungen<\/h2>\n<h3>Baumaschinen<\/h3>\n<p>Bei Baggern sind die Auslegerzylinder unverzichtbar f\u00fcr das Graben, Laden und Bewegen von Erde oder Bauschutt. Sie erm\u00f6glichen es der Schaufel, tief in den Boden einzudringen und schwere Materialien effizient anzuheben und zu transportieren. Bei Baggerladern unterst\u00fctzen diese Zylinder nicht nur das Ausheben, sondern auch Heben und sorgen so f\u00fcr vielseitige Einsatzm\u00f6glichkeiten auf Baustellen.<\/p>\n<h3>Landmaschinen<\/h3>\n<p>Bei Frontladern dienen die Auslegerzylinder zum Schaufeln, Anheben und Transportieren von Erde, Heu und anderen Materialien. Ihre robuste Bauweise erm\u00f6glicht es ihnen, den Anforderungen der Landwirtschaft gerecht zu werden und gew\u00e4hrleistet Zuverl\u00e4ssigkeit auch bei intensivem Einsatz.<\/p>\n<h3>Bagger<\/h3>\n<p>Bei Baggern erleichtern die Zylinder der Schaufel die Grabbewegung, indem sie ein effektives Eindringen der Schaufel in den Boden erm\u00f6glichen. Diese F\u00e4higkeit ist f\u00fcr Aushubarbeiten unerl\u00e4sslich und gew\u00e4hrleistet, dass die Bediener pr\u00e4zise und kraftvoll arbeiten k\u00f6nnen.<\/p>\n<h3>Lader<\/h3>\n<p>Bei Frontladern tragen diese Zylinder zum effizienten Heben und Abladen von Lasten bei. Sie leisten einen wichtigen Beitrag zur Gesamtfunktionalit\u00e4t und Produktivit\u00e4t der Maschine und sind daher in verschiedenen Materialtransportanwendungen unverzichtbar.<\/p>\n<h2>Design\u00fcberlegungen<\/h2>\n<ul>\n<li><strong>Belastbarkeit:<\/strong> Die Tragf\u00e4higkeit eines Auslegerzylinders ist ein entscheidender Faktor, da sie bestimmt, wie viel Gewicht er heben und bewegen kann. Um den richtigen Zylinder auszuw\u00e4hlen und so Effizienz und Sicherheit im Betrieb zu gew\u00e4hrleisten, ist es unerl\u00e4sslich, die Lastanforderungen Ihrer Ausr\u00fcstung zu kennen. Die Konstruktion muss unterschiedliche Lasten aufnehmen k\u00f6nnen, ohne die strukturelle Integrit\u00e4t zu beeintr\u00e4chtigen.<\/li>\n<li><strong>Dichtungsf\u00e4higkeit:<\/strong> Eine effektive Abdichtung ist entscheidend f\u00fcr die Aufrechterhaltung des Hydraulikdrucks und die Vermeidung von Leckagen. Hochwertige Dichtungen aus langlebigen Materialien wie Polyurethan und Nitrilkautschuk sind unerl\u00e4sslich. Die Zylinderkonstruktion muss die korrekte Montage dieser Dichtungen gew\u00e4hrleisten, um Lebensdauer und Leistung zu optimieren und den Wartungsaufwand zu minimieren.<\/li>\n<li><strong>Haltbarkeit:<\/strong> Die Werkstoffe und die Konstruktion des Auslegerzylinders m\u00fcssen Verschlei\u00df standhalten, insbesondere unter rauen Arbeitsbedingungen. Der Einsatz korrosionsbest\u00e4ndiger Materialien und Oberfl\u00e4chenbehandlungen kann die Lebensdauer des Zylinders deutlich verl\u00e4ngern und einen zuverl\u00e4ssigen Betrieb \u00fcber lange Zeit gew\u00e4hrleisten.<\/li>\n<li><strong>Sicherheitsfunktionen:<\/strong> Sicherheit hat in Hydrauliksystemen h\u00f6chste Priorit\u00e4t. Der Einbau von Sicherheitsventilen und Druckentlastungsmechanismen gew\u00e4hrleistet den sicheren Betrieb des Zylinders und sch\u00fctzt so sowohl die Anlage als auch den Bediener. Bei der Konstruktion und Fertigung m\u00fcssen angemessene Sicherheitsstandards eingehalten werden.<\/li>\n<li><strong>Wartbarkeit:<\/strong> Die Konstruktion sollte Wartung und Reparatur erleichtern. Die Komponenten sollten f\u00fcr Inspektionen leicht zug\u00e4nglich sein, und Ersatzteile sollten problemlos verf\u00fcgbar sein. Regelm\u00e4\u00dfige Wartung ist unerl\u00e4sslich, um die Langlebigkeit und Zuverl\u00e4ssigkeit des Hydrauliksystems zu gew\u00e4hrleisten.<\/li>\n<\/ul>\n<p><img decoding=\"async\" src=\"https:\/\/www.hydraulic-cylinders.net\/wp-content\/uploads\/2025\/04\/songte-oil-pipes-and-spare-parts.webp\" alt=\"\u00d6lleitungen und Ersatzteile\" \/><\/p>\n<h2>Abdichtung und Schmierung<\/h2>\n<p>Die einwandfreie Funktion des Auslegerzylinders h\u00e4ngt ma\u00dfgeblich von einer effektiven Abdichtung und Schmierung ab. Verschiedene Dichtungen, darunter Kolben- und Stangendichtungen, verhindern den Austritt von Hydraulikfl\u00fcssigkeit. Die Dichtungen bestehen typischerweise aus verschlei\u00dffesten Materialien wie Polyurethan und Nitrilkautschuk, um eine lange Lebensdauer zu gew\u00e4hrleisten. Der Zylinderk\u00f6rper und die Gewindeendfl\u00e4chen werden pr\u00e4zise bearbeitet, um die Verschlei\u00dffestigkeit zu erh\u00f6hen und somit eine l\u00e4ngere Lebensdauer zu erm\u00f6glichen.<\/p>\n<p>Regelm\u00e4\u00dfige Schmierung ist f\u00fcr die Funktionsf\u00e4higkeit des Hydrauliksystems unerl\u00e4sslich. Ein ausreichender Hydraulik\u00f6lstand gew\u00e4hrleistet einen reibungslosen Betrieb, verhindert \u00dcberhitzung und reduziert die Reibung zwischen beweglichen Teilen. Die Bediener sollten den Hydraulik\u00f6lstand regelm\u00e4\u00dfig pr\u00fcfen und bei Bedarf auff\u00fcllen, um eine optimale Funktion sicherzustellen.<\/p>\n<h2>Regelm\u00e4\u00dfige Inspektion und vorbeugende Wartung<\/h2>\n<ul>\n<li><strong>Regelm\u00e4\u00dfige Kontrollen:<\/strong> Regelm\u00e4\u00dfige Inspektionen sollten durchgef\u00fchrt werden, um Anzeichen von Verschlei\u00df, Leckagen oder Besch\u00e4digungen zu erkennen. Die Bediener m\u00fcssen den Hydraulikzylinder auf sichtbare Abnutzungserscheinungen \u00fcberpr\u00fcfen und etwaige Probleme umgehend beheben, um schwerwiegende Ausf\u00e4lle zu verhindern.<\/li>\n<li><strong>Richtige Schmierung:<\/strong> Eine ausreichende Schmierung des Hydrauliksystems ist f\u00fcr einen reibungslosen Betrieb unerl\u00e4sslich. Die Bediener sollten die Herstellervorgaben hinsichtlich Schmierintervallen und Schmierstoffarten beachten, um die Effizienz zu erhalten und die Lebensdauer des Systems zu verl\u00e4ngern.<\/li>\n<li><strong>Dichtungswechsel:<\/strong> Die Lebensdauer von Dichtungen kann je nach Nutzung und Umgebungsbedingungen variieren. Ein regelm\u00e4\u00dfiger Austausch der Dichtungen ist notwendig, um die Systemintegrit\u00e4t zu gew\u00e4hrleisten und Leckagen zu vermeiden. Betreiber sollten daher einen Vorrat an wichtigen Ersatzdichtungen bereithalten, um Reparaturen zeitnah durchf\u00fchren zu k\u00f6nnen.<\/li>\n<\/ul>\n<h2>Installationshinweise<\/h2>\n<p>Die korrekte Montage des Auslegerzylinders ist f\u00fcr dessen einwandfreie Funktion unerl\u00e4sslich. Stellen Sie zun\u00e4chst sicher, dass der Montagebereich sauber und frei von Verunreinigungen ist. Richten Sie den Zylinder pr\u00e4zise an der Montageposition aus, um Fehlausrichtungen und damit einhergehenden vorzeitigen Verschlei\u00df oder Ausfall zu vermeiden. Es empfiehlt sich, geeignete Montagehalterungen zu verwenden, um den Zylinder sicher zu befestigen.<\/p>\n<p>Nach der Ausrichtung alle Befestigungsschrauben gem\u00e4\u00df den Herstellervorgaben festziehen. Dabei darauf achten, dass sie fest sitzen, aber nicht zu fest angezogen werden, da dies zu Besch\u00e4digungen f\u00fchren kann. Nach der Installation eine gr\u00fcndliche \u00dcberpr\u00fcfung durchf\u00fchren, um sicherzustellen, dass alle Hydraulikanschl\u00fcsse dicht sind und der Zylinder reibungslos und ohne Hindernisse funktioniert.<\/p>\n<p>Nach der Installation ist es unerl\u00e4sslich, das Hydrauliksystem unter kontrollierten Bedingungen zu testen, um seine Funktionsf\u00e4higkeit zu \u00fcberpr\u00fcfen. Die genaue \u00dcberwachung des Systems w\u00e4hrend der ersten Betriebsphasen hilft, potenzielle Probleme fr\u00fchzeitig zu erkennen und rechtzeitig Anpassungen oder Reparaturen vorzunehmen.<\/p>\n<h2>Allgemeine Wartungsaufgaben<\/h2>\n<ul>\n<li><strong>Regelm\u00e4\u00dfige Inspektionen:<\/strong> F\u00fchren Sie regelm\u00e4\u00dfige Inspektionen des Hydrauliksystems durch, um potenzielle Probleme fr\u00fchzeitig zu erkennen und schwerwiegende St\u00f6rungen zu vermeiden. Pr\u00fcfen Sie dabei auf Leckagen, Verschlei\u00df und die einwandfreie Funktion der Dichtungen und Hydraulikanschl\u00fcsse. Ein proaktives Vorgehen gew\u00e4hrleistet dauerhafte Leistung und Sicherheit.<\/li>\n<li><strong>Geeignete Schmierung:<\/strong> Um die Funktionsf\u00e4higkeit des Hydrauliksystems zu gew\u00e4hrleisten, ist ein strikter Schmierplan einzuhalten. Verwenden Sie das empfohlene Hydraulik\u00f6l und stellen Sie sicher, dass alle beweglichen Teile ausreichend geschmiert werden, um Verschlei\u00df und \u00dcberhitzung zu vermeiden. Eine ordnungsgem\u00e4\u00dfe Schmierung ist entscheidend f\u00fcr die Langlebigkeit des Zylinders.<\/li>\n<li><strong>Dichtungswechsel und Kalibrierungspr\u00fcfungen:<\/strong> Pr\u00fcfen Sie die Dichtungen regelm\u00e4\u00dfig auf Verschlei\u00df und tauschen Sie sie bei Bedarf aus. Die Kalibrierung des Hydrauliksystems ist ebenfalls unerl\u00e4sslich, um den Betrieb innerhalb der vorgegebenen Grenzen zu gew\u00e4hrleisten und somit Sicherheit und Leistung zu optimieren.<\/li>\n<\/ul>\n<p><img decoding=\"async\" src=\"https:\/\/www.hydraulic-cylinders.net\/wp-content\/uploads\/2025\/04\/songte-chushion-collar.webp\" alt=\"Kissenkragen\" \/><\/p>\n<h2>Sicherheitsaspekte und Umweltfaktoren<\/h2>\n<p>Bei der Verwendung von Hydrauliksystemen wie dem Auslegerzylinder f\u00fcr Bonny CEE2200-7 haben Sicherheitsma\u00dfnahmen h\u00f6chste Priorit\u00e4t. Die Bediener m\u00fcssen im sachgem\u00e4\u00dfen Umgang mit Hydraulikger\u00e4ten geschult und \u00fcber potenzielle Gefahren informiert sein. Die Einhaltung der Sicherheitsvorschriften beugt Unf\u00e4llen und Verletzungen am Arbeitsplatz vor. Dar\u00fcber hinaus muss die Umweltbelastung durch auslaufende Hydraulikfl\u00fcssigkeit ber\u00fccksichtigt werden, was sachgem\u00e4\u00dfe Handhabungs- und Entsorgungsverfahren erforderlich macht.<\/p>\n<h2>Fehlerbehebung und h\u00e4ufige Probleme<\/h2>\n<ul>\n<li><strong>Leckage:<\/strong> Eines der h\u00e4ufigsten Probleme ist das Austreten von Hydraulikfl\u00fcssigkeit, oft verursacht durch verschlissene Dichtungen. Werden Leckagen festgestellt, m\u00fcssen die Dichtungen umgehend ausgetauscht werden, um den Verlust von Hydraulikfl\u00fcssigkeit zu verhindern.<\/li>\n<li><strong>Reduzierte Leistung:<\/strong> Wenn der Auslegerzylinder nicht wie erwartet reagiert, kann dies auf einen niedrigen Hydraulik\u00f6lstand oder interne Verstopfungen hindeuten. Die \u00dcberpr\u00fcfung des \u00d6lstands und die Sicherstellung, dass alle Hydraulikleitungen frei sind, sind unerl\u00e4sslich, um die volle Funktionsf\u00e4higkeit wiederherzustellen.<\/li>\n<li><strong>Ungew\u00f6hnliche Ger\u00e4usche:<\/strong> Ungew\u00f6hnliche Ger\u00e4usche w\u00e4hrend des Betriebs k\u00f6nnen auf interne Probleme im Zylinder hinweisen. In diesem Fall ist m\u00f6glicherweise eine professionelle \u00dcberpr\u00fcfung erforderlich, um das Problem zu diagnostizieren und effektiv zu beheben.<\/li>\n<\/ul>\n<h2>Vorbeugende Ma\u00dfnahmen<\/h2>\n<p>Um potenzielle Probleme mit dem Auslegerzylinder zu minimieren, sollten regelm\u00e4\u00dfige Wartungsarbeiten und vorbeugende Ma\u00dfnahmen unbedingt durchgef\u00fchrt werden. Ein Wartungsplan, der Inspektionen, Schmierung und den Austausch von Dichtungen umfasst, reduziert das Risiko unerwarteter Ausf\u00e4lle erheblich. Dar\u00fcber hinaus kann die Schulung der Bediener in Bezug auf bew\u00e4hrte Verfahren f\u00fcr den Umgang mit Hydraulikger\u00e4ten Komplikationen weiter vorbeugen und so ein sichereres und effizienteres Arbeitsumfeld gew\u00e4hrleisten.<\/p>\n<p><img decoding=\"async\" src=\"https:\/\/www.hydraulic-cylinders.net\/wp-content\/uploads\/2025\/04\/songte-bushings-with-all-kinds-of-excavator-models.webp\" alt=\"Buchsen bei Baggermodellen\" \/><\/p>\n<h2>\u00dcber unser Unternehmen<\/h2>\n<p>Wir sind ein f\u00fchrender Hersteller von Hydraulikzylindern als Ersatzteil und bieten ein breites Produktsortiment f\u00fcr den nationalen und internationalen Markt. Unser Anspruch an Exzellenz und Qualit\u00e4t basiert auf einer ausgereiften Fertigungsmanagementstrategie. Wir nutzen fortschrittliche Technologien und qualifizierte Mitarbeiter, um unsere Produktionskapazit\u00e4ten kontinuierlich zu verbessern.<\/p>\n<p>Unsere Produktionsst\u00e4tte ist mit modernsten Fertigungsanlagen und einem professionellen Pr\u00fcfsystem ausgestattet, um sicherzustellen, dass unsere Produkte h\u00f6chsten Anspr\u00fcchen gen\u00fcgen. Wir konzentrieren uns auf hohe Effizienz, Pr\u00e4zision und Qualit\u00e4t, um den vielf\u00e4ltigen Bed\u00fcrfnissen unserer Kunden gerecht zu werden. Ob Standardprodukte oder individuelle L\u00f6sungen \u2013 wir bieten Ihnen exzellenten Service.<\/p>\n<p><img decoding=\"async\" src=\"https:\/\/www.hydraulic-cylinders.net\/wp-content\/uploads\/2025\/04\/songte-company-4.webp\" alt=\"Unternehmens\u00fcbersicht\" \/><br \/>\n<img decoding=\"async\" src=\"https:\/\/www.hydraulic-cylinders.net\/wp-content\/uploads\/2025\/04\/songte-company-3.webp\" alt=\"Fortschrittliche Fertigung\" \/><\/p>\n<p>Autor: lyl<\/p>","protected":false},"excerpt":{"rendered":"<p>Boom Cylinder For Bonny CEE2200-7 Product Overview The Boom Cylinder for Bonny CEE2200-7 is an essential hydraulic cylinder designed specifically to control the movement of the bucket in various heavy machinery applications. This type of cylinder is integral to the operation of equipment such as excavators, backhoe loaders, and front loaders. It enables the bucket [&hellip;]<\/p>","protected":false},"featured_media":17873,"comment_status":"open","ping_status":"closed","template":"","meta":{"_et_pb_use_builder":"","_et_pb_old_content":"","_et_gb_content_width":""},"product_brand":[],"product_cat":[1546],"product_tag":[1547,1496],"class_list":{"0":"post-19655","1":"product","2":"type-product","3":"status-publish","4":"has-post-thumbnail","6":"product_cat-boom-cylinders","7":"product_tag-boom-cylinders","8":"product_tag-hydraulic-cylinders","10":"first","11":"instock","12":"shipping-taxable","13":"product-type-simple"},"amp_enabled":true,"_links":{"self":[{"href":"https:\/\/www.hydraulic-cylinders.net\/de\/wp-json\/wp\/v2\/product\/19655","targetHints":{"allow":["GET"]}}],"collection":[{"href":"https:\/\/www.hydraulic-cylinders.net\/de\/wp-json\/wp\/v2\/product"}],"about":[{"href":"https:\/\/www.hydraulic-cylinders.net\/de\/wp-json\/wp\/v2\/types\/product"}],"replies":[{"embeddable":true,"href":"https:\/\/www.hydraulic-cylinders.net\/de\/wp-json\/wp\/v2\/comments?post=19655"}],"wp:featuredmedia":[{"embeddable":true,"href":"https:\/\/www.hydraulic-cylinders.net\/de\/wp-json\/wp\/v2\/media\/17873"}],"wp:attachment":[{"href":"https:\/\/www.hydraulic-cylinders.net\/de\/wp-json\/wp\/v2\/media?parent=19655"}],"wp:term":[{"taxonomy":"product_brand","embeddable":true,"href":"https:\/\/www.hydraulic-cylinders.net\/de\/wp-json\/wp\/v2\/product_brand?post=19655"},{"taxonomy":"product_cat","embeddable":true,"href":"https:\/\/www.hydraulic-cylinders.net\/de\/wp-json\/wp\/v2\/product_cat?post=19655"},{"taxonomy":"product_tag","embeddable":true,"href":"https:\/\/www.hydraulic-cylinders.net\/de\/wp-json\/wp\/v2\/product_tag?post=19655"}],"curies":[{"name":"wp","href":"https:\/\/api.w.org\/{rel}","templated":true}]}}