{"id":19691,"date":"2025-04-07T07:02:05","date_gmt":"2025-04-07T07:02:05","guid":{"rendered":"https:\/\/www.hydraulic-cylinders.net\/product\/boom-cylinder-for-dasin-ds18\/"},"modified":"2025-04-07T07:02:07","modified_gmt":"2025-04-07T07:02:07","slug":"boom-cylinder-for-dasin-ds18","status":"publish","type":"product","link":"https:\/\/www.hydraulic-cylinders.net\/de\/produkt\/boom-cylinder-for-dasin-ds18\/","title":{"rendered":"Auslegerzylinder f\u00fcr Dasin DS18"},"content":{"rendered":"<h1>Auslegerzylinder f\u00fcr Dasin DS18<\/h1>\n<h2>Einf\u00fchrung in den Auslegerzylinder<\/h2>\n<p>Der Auslegerzylinder ist eine entscheidende Komponente in Hydrauliksystemen und wurde speziell f\u00fcr die Steuerung der Bewegung von Schaufeln schwerer Baumaschinen wie Baggern, Baggerladern und Radladern entwickelt. Diese Hydraulikzylinder erm\u00f6glichen das Heben, Senken und Neigen der Schaufel und tragen so zu effizienten Materialumschlagsarbeiten bei. Im Wesentlichen handelt es sich bei einem Schaufelzylinder um einen Hydraulikzylinder, der eine wichtige Rolle im Betrieb verschiedener Erdbewegungsmaschinen spielt.<\/p>\n<p><img decoding=\"async\" src=\"https:\/\/www.hydraulic-cylinders.net\/wp-content\/uploads\/2025\/04\/songte-company-1.webp\" alt=\"Bild des Auslegerzylinders\" \/><\/p>\n<h3>Funktion und Anwendung von Schaufelzylindern<\/h3>\n<p>Schaufelzylinder sind f\u00fcr den Betrieb von Baumaschinen unerl\u00e4sslich. Sie liefern die notwendige Kraft zum Heben und Bewegen schwerer Lasten und gew\u00e4hrleisten so die effiziente Ausf\u00fchrung von Bau- und Landwirtschaftsarbeiten. Durch die Umwandlung von Hydraulikdruck in mechanische Kraft erm\u00f6glichen diese Zylinder dem Bediener, komplexe Man\u00f6ver pr\u00e4zise und kontrolliert durchzuf\u00fchren.<\/p>\n<h2>Hauptmerkmale des Auslegerzylinders<\/h2>\n<ul>\n<li><strong>Hohe Festigkeit und Haltbarkeit:<\/strong> Diese aus hochfestem Stahl oder Aluminium gefertigten Zylinder sind hochdruck- und belastbar und eignen sich daher f\u00fcr raue Arbeitsumgebungen.<\/li>\n<li><strong>Effizienter Hydraulikbetrieb:<\/strong> Sie nutzen den Druck von Hydraulik\u00f6l f\u00fcr ein reibungsloses Aus- und Einfahren, reagieren schnell auf Steuerbefehle und liefern eine starke Schub- und Zugkraft.<\/li>\n<li><strong>Verschiedene Typen:<\/strong> Erh\u00e4ltlich in einfachwirkender (wirkt in eine Richtung) oder doppeltwirkender (wirkt in beide Richtungen) Ausf\u00fchrung, sind einige Modelle teleskopierbar, was eine gr\u00f6\u00dfere Ausladung ohne Vergr\u00f6\u00dferung der \u00e4u\u00dferen Abmessungen erm\u00f6glicht.<\/li>\n<li><strong>Verbesserte Leistung:<\/strong> Dank ihrer Verschlei\u00dffestigkeit und Korrosionsbest\u00e4ndigkeit gew\u00e4hrleisten sie Langlebigkeit und Zuverl\u00e4ssigkeit in verschiedenen Anwendungsbereichen.<\/li>\n<li><strong>Sonderanfertigungen:<\/strong> Wir k\u00f6nnen dieses Produkt herstellen, und unsere Zylinder k\u00f6nnen bestehende Hydraulikzylinder perfekt ersetzen.<\/li>\n<\/ul>\n<p><img decoding=\"async\" src=\"https:\/\/www.hydraulic-cylinders.net\/wp-content\/uploads\/2025\/04\/songte-cylinder-head-with-all-kinds-excavator-models.webp\" alt=\"Optionen zum Zylinderwechsel\" \/><\/p>\n<h2>Anwendungen von Auslegerzylindern<\/h2>\n<h3>Baumaschinen<\/h3>\n<p>Bei Baumaschinen kommen Auslegerzylinder in Baggern zum Einsatz, wo sie f\u00fcr das Graben, Laden und Bewegen von Erde oder Bauschutt unerl\u00e4sslich sind. Der L\u00f6ffelzylinder erm\u00f6glicht sowohl Grab- als auch Hebevorg\u00e4nge und erh\u00f6ht so die Vielseitigkeit und Produktivit\u00e4t der Maschine.<\/p>\n<h3>Landmaschinen<\/h3>\n<p>Frontlader nutzen Auslegerzylinder zum Schaufeln, Anheben und Transportieren von Erde, Heu und anderen Materialien. Diese Zylinder sind unerl\u00e4sslich f\u00fcr Arbeiten, die ein schnelles und effizientes Umschlagen schwerer landwirtschaftlicher Lasten erfordern.<\/p>\n<h3>Bagger<\/h3>\n<p>Bei Baggern erm\u00f6glicht der Schaufelzylinder das Eindringen der Schaufel in den Boden und somit effektives Graben. Diese F\u00e4higkeit ist f\u00fcr diverse Aushubarbeiten, ob im Hoch- oder Tiefbau, unerl\u00e4sslich.<\/p>\n<h3>Lader<\/h3>\n<p>Bei Frontladern unterst\u00fctzen Auslegerzylinder das effiziente Heben und Abladen von Materialien. Ihre Konstruktion gew\u00e4hrleistet die problemlose Handhabung schwerer Lasten und verbessert so die Betriebseffizienz.<\/p>\n<h2>Design\u00fcberlegungen und Auswahlkriterien<\/h2>\n<h3>Tragf\u00e4higkeit<\/h3>\n<p>Die Tragf\u00e4higkeit eines Auslegerzylinders ist ein entscheidender Faktor f\u00fcr dessen Konstruktion. Sie bestimmt, wie viel Gewicht der Zylinder sicher tragen kann, ohne dass die Gefahr eines Strukturversagens oder einer Leistungsbeeintr\u00e4chtigung besteht. Ingenieure m\u00fcssen die Tragf\u00e4higkeit sorgf\u00e4ltig anhand des vorgesehenen Einsatzes berechnen, um sicherzustellen, dass der Zylinder die in Bau- und Landwirtschaftsumgebungen typischerweise auftretenden hohen Gewichte tragen kann.<\/p>\n<h3>Versiegelung und Haltbarkeit<\/h3>\n<p>Die Abdichtung ist bei Hydraulikzylindern von entscheidender Bedeutung, um Fl\u00fcssigkeitsverluste zu verhindern und den Druck aufrechtzuerhalten. Hochwertige Dichtungen aus langlebigen Materialien wie Polyurethan oder Nitrilkautschuk sind unerl\u00e4sslich. Diese Dichtungen m\u00fcssen rauen Bedingungen standhalten und ihre Dichtheit \u00fcber lange Zeit bewahren, um das Risiko von Systemausf\u00e4llen zu minimieren und einen zuverl\u00e4ssigen Betrieb zu gew\u00e4hrleisten.<\/p>\n<h3>Sicherheitsfunktionen<\/h3>\n<p>Die Integration von Sicherheitsmerkmalen in die Konstruktion von Auslegerzylindern ist unerl\u00e4sslich, um Bediener und Maschinen zu sch\u00fctzen. Sicherheitsventile, Manometer und robuste Montagesysteme tragen zu einer sichereren Arbeitsumgebung bei und verhindern Unf\u00e4lle und Maschinensch\u00e4den w\u00e4hrend des Betriebs.<\/p>\n<h3>Wartung und Reparatur<\/h3>\n<p>Eine wartungsfreundliche Konstruktion gew\u00e4hrleistet, dass Ersatzteile wie Dichtungen und Anschl\u00fcsse leicht zug\u00e4nglich und austauschbar sind. Dies reduziert Ausfallzeiten und Wartungskosten und verl\u00e4ngert gleichzeitig die Lebensdauer des Hydraulikzylinders. Produkte m\u00fcssen wartungsfreundlich konstruiert sein, um routinem\u00e4\u00dfige Inspektionen und Reparaturen zu erleichtern.<\/p>\n<p><img decoding=\"async\" src=\"https:\/\/www.hydraulic-cylinders.net\/wp-content\/uploads\/2025\/04\/songte-oil-pipes-and-spare-parts.webp\" alt=\"\u00d6lleitungen und Ersatzteile\" \/><\/p>\n<h2>Abdichtung und Schmierung des Auslegerzylinders<\/h2>\n<p>Eine effektive Abdichtung und Schmierung sind f\u00fcr die Leistungsf\u00e4higkeit und Lebensdauer von Auslegerzylindern unerl\u00e4sslich. Verschiedene Dichtungskomponenten, wie Kolben- und Stangendichtungen, verhindern das Austreten von Hydraulikfl\u00fcssigkeit. Die Dichtungen bestehen typischerweise aus verschlei\u00dffesten Materialien wie Polyurethan und Nitrilkautschuk, die den anspruchsvollen Bedingungen in Hydraulikanwendungen standhalten. Zylinderk\u00f6rper und Gewindeenden werden pr\u00e4zisionsbearbeitet, um die Verschlei\u00dffestigkeit zu erh\u00f6hen und die Gesamtlebensdauer zu verbessern.<\/p>\n<p>Regelm\u00e4\u00dfige Schmierung mit Hydraulik\u00f6l ist notwendig, um die Reibung zwischen beweglichen Teilen zu verringern und einen reibungslosen Betrieb zu gew\u00e4hrleisten. Die Bediener m\u00fcssen sicherstellen, dass ausreichend Hydraulik\u00f6l vorhanden ist, um \u00dcberhitzung und Verschlei\u00df zu vermeiden und so die Lebensdauer des Hydraulikzylinders zu verl\u00e4ngern.<\/p>\n<h2>Vorbeugende Wartungsma\u00dfnahmen<\/h2>\n<ul>\n<li><strong>Regelm\u00e4\u00dfige Inspektionen:<\/strong> F\u00fchren Sie regelm\u00e4\u00dfige Inspektionen durch, um potenzielle Probleme zu erkennen, bevor sie sich zu gr\u00f6\u00dferen Schwierigkeiten ausweiten. Pr\u00fcfen Sie auf Undichtigkeiten, Verschlei\u00df und die einwandfreie Funktion von Dichtungen und Verbindungen.<\/li>\n<li><strong>Geeignete Schmierung:<\/strong> Um Sch\u00e4den an den internen Bauteilen zu vermeiden und die Effizienz aufrechtzuerhalten, muss sichergestellt werden, dass der Hydraulikzylinder ausreichend mit der richtigen Art und Menge an Hydraulik\u00f6l geschmiert ist.<\/li>\n<li><strong>Dichtungswechsel:<\/strong> \u00dcberpr\u00fcfen Sie regelm\u00e4\u00dfig die Dichtungen auf Verschlei\u00df und tauschen Sie sie gegebenenfalls aus, um Fl\u00fcssigkeitsverluste zu vermeiden, die zu Ineffizienzen und Ausf\u00e4llen des Systems f\u00fchren k\u00f6nnen.<\/li>\n<\/ul>\n<h2>Installationshinweise<\/h2>\n<p>Die korrekte Montage der Auslegerzylinder ist entscheidend f\u00fcr eine optimale Leistung. Stellen Sie zun\u00e4chst sicher, dass alle Komponenten sauber und frei von Verunreinigungen sind. Richten Sie den Zylinder pr\u00e4zise an den Befestigungspunkten aus, um eine Fehlausrichtung zu vermeiden. Diese kann zu \u00fcberm\u00e4\u00dfiger Belastung des Zylinders und vorzeitigem Verschlei\u00df f\u00fchren. Verwenden Sie geeignete Montagehalterungen, um den Zylinder sicher zu befestigen und Bewegungen w\u00e4hrend des Betriebs zu verhindern. Beachten Sie unbedingt die vom Hersteller vorgegebenen Drehmomentvorgaben, um sicherzustellen, dass alle Befestigungselemente fest angezogen sind.<\/p>\n<p>F\u00fchren Sie nach der Installation eine umfassende Systempr\u00fcfung durch, um sicherzustellen, dass keine Leckagen vorhanden sind und das System ordnungsgem\u00e4\u00df funktioniert. \u00dcberwachen Sie den Hydraulikfl\u00fcssigkeitsstand und pr\u00fcfen Sie den korrekten Hydraulikfluss zum Zylinder. \u00dcberpr\u00fcfen Sie die Installation regelm\u00e4\u00dfig, um ihre Sicherheit und Funktionsf\u00e4higkeit zu gew\u00e4hrleisten.<\/p>\n<p><img decoding=\"async\" src=\"https:\/\/www.hydraulic-cylinders.net\/wp-content\/uploads\/2025\/04\/songte-chushion-collar.webp\" alt=\"Kissenkragen\" \/><\/p>\n<h2>Allgemeine Wartungsaufgaben<\/h2>\n<h3>Regelm\u00e4\u00dfige Inspektionen<\/h3>\n<p>Regelm\u00e4\u00dfige Inspektionen sind entscheidend, um potenzielle Probleme fr\u00fchzeitig zu erkennen. Achten Sie auf Anzeichen von Verschlei\u00df, Besch\u00e4digungen oder Leckagen am Hydraulikzylinder. Durch die umgehende Behebung dieser Probleme lassen sich gr\u00f6\u00dfere Sch\u00e4den und kostspielige Reparaturen in der Zukunft vermeiden. Es ist unerl\u00e4sslich, diese Inspektionen in den routinem\u00e4\u00dfigen Wartungsplan aufzunehmen, um den effizienten Betrieb des Hydrauliksystems sicherzustellen.<\/p>\n<h3>Geeignete Schmierung<\/h3>\n<p>Die ordnungsgem\u00e4\u00dfe Schmierung von Hydraulikzylindern ist f\u00fcr einen reibungslosen Betrieb unerl\u00e4sslich. Verwenden Sie das empfohlene Hydraulik\u00f6l und achten Sie auf den korrekten F\u00fcllstand. Schmierung reduziert die Reibung zwischen beweglichen Teilen und beugt so Verschlei\u00df vor. Bediener sollten au\u00dferdem den Zustand des Hydraulik\u00f6ls regelm\u00e4\u00dfig \u00fcberpr\u00fcfen und es bei Bedarf austauschen, um eine optimale Leistung zu gew\u00e4hrleisten.<\/p>\n<h3>Dichtungsaustausch und Kalibrierungspr\u00fcfungen<\/h3>\n<p>Dichtungen k\u00f6nnen mit der Zeit verschlei\u00dfen und m\u00fcssen dann ausgetauscht werden. Pr\u00fcfen Sie die Dichtungen regelm\u00e4\u00dfig auf Anzeichen von Undichtigkeiten oder Verschlei\u00df und tauschen Sie sie umgehend aus, um die Systemintegrit\u00e4t zu gew\u00e4hrleisten. Kalibrierungspr\u00fcfungen sind ebenfalls unerl\u00e4sslich, um sicherzustellen, dass der Hydraulikzylinder innerhalb der vorgegebenen Parameter arbeitet und seine Effizienz und Leistungsf\u00e4higkeit im Betrieb beibeh\u00e4lt.<\/p>\n<h2>Sicherheitsaspekte und Umweltfaktoren<\/h2>\n<p>Bei Arbeiten mit Hydrauliksystemen haben Sicherheitsma\u00dfnahmen h\u00f6chste Priorit\u00e4t. Bediener m\u00fcssen stets die vorgeschriebene pers\u00f6nliche Schutzausr\u00fcstung (PSA) tragen und die Sicherheitsvorschriften einhalten, um Unf\u00e4lle zu vermeiden. Hydraulikfl\u00fcssigkeiten k\u00f6nnen zudem Umweltgefahren bergen. Daher ist es unerl\u00e4sslich, sie sachgem\u00e4\u00df zu handhaben und zu entsorgen, um die Umweltbelastung zu minimieren.<\/p>\n<h2>Fehlerbehebung und h\u00e4ufige Probleme<\/h2>\n<ul>\n<li><strong>Verminderte Zylinderleistung:<\/strong> Wenn ein Zylinder eine verminderte Leistung aufweist, pr\u00fcfen Sie ihn auf Luft im Hydraulik\u00f6l, Lecks oder einen niedrigen \u00d6lstand. Durch die umgehende Behebung dieser Probleme kann die Funktionsf\u00e4higkeit wiederhergestellt werden.<\/li>\n<li><strong>Undichte Dichtungen:<\/strong> Undichtigkeiten an den Dichtungen k\u00f6nnen auf Verschlei\u00df oder Besch\u00e4digung hinweisen. \u00dcberpr\u00fcfen Sie die Dichtungen daher regelm\u00e4\u00dfig und tauschen Sie sie gegebenenfalls aus, um Fl\u00fcssigkeitsverlust zu vermeiden.<\/li>\n<li><strong>Unerwartete Zylinderbewegung:<\/strong> Falls sich der Zylinder unerwartet bewegt, \u00fcberpr\u00fcfen Sie das Steuerungssystem auf Fehler und stellen Sie sicher, dass alle Komponenten ordnungsgem\u00e4\u00df funktionieren.<\/li>\n<\/ul>\n<h3>Tipps zur Fehlerbehebung<\/h3>\n<p>Um Probleme effektiv zu diagnostizieren und zu beheben, sollten die Bediener ein detailliertes Protokoll aller w\u00e4hrend des Betriebs beobachteten Unregelm\u00e4\u00dfigkeiten f\u00fchren. Dieses Protokoll hilft, Muster und potenzielle zugrunde liegende Probleme zu erkennen. Regelm\u00e4\u00dfige Wartung und proaktive Inspektionen sind unerl\u00e4sslich, um das Ausfallrisiko zu minimieren und einen reibungslosen Betrieb des Hydrauliksystems zu gew\u00e4hrleisten.<\/p>\n<p><img decoding=\"async\" src=\"https:\/\/www.hydraulic-cylinders.net\/wp-content\/uploads\/2025\/04\/songte-bushings-with-all-kinds-of-excavator-models.webp\" alt=\"Buchsen f\u00fcr Bagger\" \/><\/p>\n<h2>\u00dcber unser Unternehmen<\/h2>\n<p>Wir sind ein f\u00fchrender Hersteller von Hydraulikzylindern und bieten ein umfassendes Sortiment an hochwertigen Produkten, die auf die vielf\u00e4ltigen Bed\u00fcrfnisse nationaler und internationaler M\u00e4rkte zugeschnitten sind. Unser Streben nach Exzellenz treibt uns an, h\u00f6chste Fertigungsstandards einzuhalten und fortschrittliche Technologien sowie qualifiziertes Fachpersonal in unsere Produktionsprozesse zu integrieren.<\/p>\n<p>Wir sind stolz auf unser umfangreiches Produktsortiment und unsere F\u00e4higkeit, L\u00f6sungen individuell an die Bed\u00fcrfnisse unserer Kunden anzupassen. Mit Fokus auf Qualit\u00e4tssicherung setzen wir modernste Fertigungsanlagen und strenge Testverfahren ein, um sicherzustellen, dass unsere Hydraulikzylinder h\u00f6chsten Industriestandards entsprechen. Unser Engagement f\u00fcr Effizienz, Pr\u00e4zision und Qualit\u00e4t macht uns zu einem verl\u00e4sslichen Partner f\u00fcr Hydraulikl\u00f6sungen.<\/p>\n<p><img decoding=\"async\" src=\"https:\/\/www.hydraulic-cylinders.net\/wp-content\/uploads\/2025\/04\/songte-company-4.webp\" alt=\"Unternehmens\u00fcbersicht\" \/><br \/>\n<img decoding=\"async\" src=\"https:\/\/www.hydraulic-cylinders.net\/wp-content\/uploads\/2025\/04\/songte-company-3.webp\" alt=\"Unternehmen Fertigung\" \/><\/p>\n<p>Verfasst von lyl.<\/p>","protected":false},"excerpt":{"rendered":"<p>Boom Cylinder For Dasin DS18 Introduction to Boom Cylinder The Boom Cylinder is a crucial component in hydraulic systems, specifically designed to control the movement of heavy machinery buckets, such as those found in excavators, backhoe loaders, and front loaders. These hydraulic cylinders enable the bucket to lift, lower, and tilt, facilitating efficient material handling [&hellip;]<\/p>","protected":false},"featured_media":17879,"comment_status":"open","ping_status":"closed","template":"","meta":{"_et_pb_use_builder":"","_et_pb_old_content":"","_et_gb_content_width":""},"product_brand":[],"product_cat":[1546],"product_tag":[1547,1496],"class_list":{"0":"post-19691","1":"product","2":"type-product","3":"status-publish","4":"has-post-thumbnail","6":"product_cat-boom-cylinders","7":"product_tag-boom-cylinders","8":"product_tag-hydraulic-cylinders","10":"first","11":"instock","12":"shipping-taxable","13":"product-type-simple"},"amp_enabled":true,"_links":{"self":[{"href":"https:\/\/www.hydraulic-cylinders.net\/de\/wp-json\/wp\/v2\/product\/19691","targetHints":{"allow":["GET"]}}],"collection":[{"href":"https:\/\/www.hydraulic-cylinders.net\/de\/wp-json\/wp\/v2\/product"}],"about":[{"href":"https:\/\/www.hydraulic-cylinders.net\/de\/wp-json\/wp\/v2\/types\/product"}],"replies":[{"embeddable":true,"href":"https:\/\/www.hydraulic-cylinders.net\/de\/wp-json\/wp\/v2\/comments?post=19691"}],"wp:featuredmedia":[{"embeddable":true,"href":"https:\/\/www.hydraulic-cylinders.net\/de\/wp-json\/wp\/v2\/media\/17879"}],"wp:attachment":[{"href":"https:\/\/www.hydraulic-cylinders.net\/de\/wp-json\/wp\/v2\/media?parent=19691"}],"wp:term":[{"taxonomy":"product_brand","embeddable":true,"href":"https:\/\/www.hydraulic-cylinders.net\/de\/wp-json\/wp\/v2\/product_brand?post=19691"},{"taxonomy":"product_cat","embeddable":true,"href":"https:\/\/www.hydraulic-cylinders.net\/de\/wp-json\/wp\/v2\/product_cat?post=19691"},{"taxonomy":"product_tag","embeddable":true,"href":"https:\/\/www.hydraulic-cylinders.net\/de\/wp-json\/wp\/v2\/product_tag?post=19691"}],"curies":[{"name":"wp","href":"https:\/\/api.w.org\/{rel}","templated":true}]}}