{"id":19694,"date":"2025-04-07T07:02:13","date_gmt":"2025-04-07T07:02:13","guid":{"rendered":"https:\/\/www.hydraulic-cylinders.net\/product\/boom-cylinder-for-dasin-ds15\/"},"modified":"2025-04-07T07:02:16","modified_gmt":"2025-04-07T07:02:16","slug":"boom-cylinder-for-dasin-ds15","status":"publish","type":"product","link":"https:\/\/www.hydraulic-cylinders.net\/de\/produkt\/boom-cylinder-for-dasin-ds15\/","title":{"rendered":"Auslegerzylinder f\u00fcr Dasin DS15"},"content":{"rendered":"<h1>Auslegerzylinder f\u00fcr Dasin DS15<\/h1>\n<h2>Einf\u00fchrung in den Auslegerzylinder<\/h2>\n<p>Der speziell f\u00fcr den Dasin DS15 entwickelte Auslegerzylinder ist eine zentrale Komponente von Hydrauliksystemen. Er steuert die Auslegerbewegung und erm\u00f6glicht so das effiziente Handling und Man\u00f6vrieren von Baumaschinen. Als Hydraulikzylinder spielt er eine entscheidende Rolle in verschiedenen Anwendungen von Baumaschinen wie Baggern, Baggerladern und Radladern. Mit diesem Zylinder l\u00e4sst sich der Ausleger heben, senken und neigen, wodurch Materialtransportaufgaben erleichtert werden.<\/p>\n<p><img decoding=\"async\" src=\"https:\/\/www.hydraulic-cylinders.net\/wp-content\/uploads\/2025\/04\/songte-company-1.webp\" alt=\"Hydraulik-Zylinder\"><\/p>\n<h3>Definition und \u00dcbersicht<\/h3>\n<p>Im Kern ist ein Auslegerzylinder ein hydraulisches Bauteil, das hydraulische Energie in mechanische Energie umwandelt. Er liefert die notwendige Kraft, um den Ausleger einer Baumaschine zu bewegen, was f\u00fcr das Graben, Heben und Transportieren von Materialien unerl\u00e4sslich ist. Die Konstruktion des Auslegerzylinders erm\u00f6glicht eine hohe Hubkraft bei gleichzeitiger Stabilit\u00e4t und Pr\u00e4zision im Betrieb. Sein effizienter Betrieb ist entscheidend, um Ausfallzeiten zu reduzieren und die Produktivit\u00e4t bei Bau- und Landwirtschaftsarbeiten zu steigern.<\/p>\n<h2>Merkmale des Auslegerzylinders<\/h2>\n<ul>\n<li><strong>Hohe Festigkeit und Haltbarkeit:<\/strong> Diese aus hochfestem Stahl oder Aluminium gefertigten Zylinder halten hohem Druck und schweren Belastungen stand. Sie sind f\u00fcr den Einsatz unter rauen Arbeitsbedingungen ausgelegt und gleichzeitig verschlei\u00df- und korrosionsbest\u00e4ndig, was ihre Lebensdauer verl\u00e4ngert.<\/li>\n<li><strong>Effizienter Hydraulikbetrieb:<\/strong> Durch die Nutzung des Hydraulik\u00f6ldrucks f\u00fcr ein sanftes Aus- und Einfahren des Auslegerzylinders wird eine schnelle Reaktion auf Steuerbefehle erm\u00f6glicht, wodurch eine starke Schub- und Zugkraft erzeugt wird, die ideal f\u00fcr schwere und komplexe Aufgaben geeignet ist.<\/li>\n<li><strong>Verschiedene Typen:<\/strong> Je nach Anwendungsbedarf stehen einfachwirkende (hydraulisch in eine Richtung wirkende) und doppeltwirkende (hydraulisch in beide Richtungen wirkende) Zylinder zur Verf\u00fcgung. Bestimmte Modelle sind teleskopierbar und erm\u00f6glichen so eine gr\u00f6\u00dfere Auszugsl\u00e4nge ohne Vergr\u00f6\u00dferung der Au\u00dfenabmessungen, wodurch sie sich auch f\u00fcr beengte Platzverh\u00e4ltnisse eignen.<\/li>\n<li><strong>Sonderanfertigungen:<\/strong> Unsere Produkte k\u00f6nnen vorhandene Hydraulikzylinder nahtlos ersetzen und gew\u00e4hrleisten so optimale Leistung und Kompatibilit\u00e4t.<\/li>\n<li><strong>Vielseitige Anwendung:<\/strong> Diese Zylinder sind f\u00fcr eine Vielzahl von Anwendungen konzipiert und passen sich den spezifischen Betriebsanforderungen verschiedener Maschinen an.<\/li>\n<\/ul>\n<p><img decoding=\"async\" src=\"https:\/\/www.hydraulic-cylinders.net\/wp-content\/uploads\/2025\/04\/songte-cylinder-head-with-all-kinds-excavator-models.webp\" alt=\"Baggermodelle\"><\/p>\n<h2>Anwendungen des Auslegerzylinders<\/h2>\n<h3>Baumaschinen<\/h3>\n<p>Bei Baggern sind Auslegerzylinder unverzichtbar f\u00fcr das Ausheben, Laden und Transportieren von Erde oder Bauschutt. Sie erm\u00f6glichen die Auf- und Abw\u00e4rtsbewegung des Auslegers und steigern so die Betriebseffizienz der Maschine erheblich. Bei Baggerladern unterst\u00fctzen die Auslegerzylinder sowohl Grab- als auch Hebearbeiten und sind daher f\u00fcr Bau- und Abbruchprojekte unerl\u00e4sslich.<\/p>\n<h3>Landmaschinen<\/h3>\n<p>Bei Radladern erleichtern Auslegerzylinder das Schaufeln, Anheben und Transportieren von Erde, Heu und anderen Materialien. Ihre F\u00e4higkeit, schwere Lasten effizient zu bewegen, macht sie in der Landwirtschaft unverzichtbar, steigert die Produktivit\u00e4t und senkt die Arbeitskosten.<\/p>\n<h3>Bagger<\/h3>\n<p>Der Auslegerzylinder ist f\u00fcr die Grabbewegung von Baggern von entscheidender Bedeutung, da er es dem L\u00f6ffel erm\u00f6glicht, effektiv in den Boden einzudringen. Diese F\u00e4higkeit ist unerl\u00e4sslich f\u00fcr Aufgaben, die Pr\u00e4zision und Kraft erfordern, und erleichtert den Bedienern das Ausheben von Gruben.<\/p>\n<h3>Lader<\/h3>\n<p>Bei Frontladern tragen die Auslegerzylinder zum Heben und Abladen von Lasten bei. Ihre Konstruktion gew\u00e4hrleistet einen reibungslosen Betrieb bei gleichzeitiger Aufrechterhaltung der erforderlichen Hubkraft, wodurch sie sich ideal zum schnellen und effizienten Bewegen und Entladen von Materialien eignen.<\/p>\n<h2>Design\u00fcberlegungen und Auswahlkriterien<\/h2>\n<h3>Tragf\u00e4higkeit<\/h3>\n<p>Eines der wichtigsten Konstruktionskriterien f\u00fcr einen Auslegerzylinder ist seine Tragf\u00e4higkeit. Der Zylinder muss die maximal zu erwartende Last ohne Einbu\u00dfen bei Sicherheit oder Funktionalit\u00e4t bew\u00e4ltigen k\u00f6nnen. Dies erfordert die Beurteilung der Materialfestigkeit und der Konstruktionsgeometrie, um einen zuverl\u00e4ssigen Betrieb des Zylinders unter verschiedenen Bedingungen zu gew\u00e4hrleisten.<\/p>\n<h3>Versiegelung<\/h3>\n<p>Eine effektive Abdichtung ist in Hydraulikanwendungen unerl\u00e4sslich. Hochwertige Dichtungen verhindern das Austreten von Hydraulikfl\u00fcssigkeit und gew\u00e4hrleisten so einen effizienten Systembetrieb. Die Wahl der Dichtungsmaterialien, wie beispielsweise Polyurethan und Nitrilkautschuk, ist entscheidend f\u00fcr die Langlebigkeit und die Vermeidung von Verschlei\u00df. Eine einwandfreie Abdichtung tr\u00e4gt zur Systemzuverl\u00e4ssigkeit bei und reduziert die Wartungskosten.<\/p>\n<h3>Haltbarkeit<\/h3>\n<p>Langlebigkeit ist ein Schl\u00fcsselfaktor bei der Konstruktion von Auslegerzylindern. Sie m\u00fcssen so konstruiert sein, dass sie rauen Arbeitsbedingungen wie extremen Temperaturen, Feuchtigkeit und Schmutz standhalten. Der Einsatz hochfester Materialien und Schutzbeschichtungen kann die Lebensdauer der Zylinder deutlich verl\u00e4ngern und ihre einwandfreie Funktion w\u00e4hrend der gesamten Betriebsdauer gew\u00e4hrleisten.<\/p>\n<h3>Sicherheit<\/h3>\n<p>Sicherheitsmerkmale m\u00fcssen in die Konstruktion von Auslegerzylindern integriert werden. Dazu geh\u00f6rt die Ausstattung der Zylinder mit Druckbegrenzungsventilen, um eine \u00dcberlastung zu verhindern. Regelm\u00e4\u00dfige Wartungspr\u00fcfungen sind zudem unerl\u00e4sslich, um potenzielle Probleme, die zu Ausf\u00e4llen f\u00fchren k\u00f6nnten, fr\u00fchzeitig zu erkennen und so die Sicherheit von Bedienern und Ausr\u00fcstung zu gew\u00e4hrleisten.<\/p>\n<h3>Wartung<\/h3>\n<p>Die Wartungsfreundlichkeit ist ein weiterer wichtiger Konstruktionsaspekt. Auslegerzylinder sollten so konstruiert sein, dass Dichtungen und andere interne Komponenten leicht zug\u00e4nglich sind, um routinem\u00e4\u00dfige Inspektionen und Austausche zu erleichtern. Vereinfachte Wartungsverfahren tragen dazu bei, Ausfallzeiten zu reduzieren und die Gesamtlebensdauer des Produkts zu verl\u00e4ngern.<\/p>\n<p><img decoding=\"async\" src=\"https:\/\/www.hydraulic-cylinders.net\/wp-content\/uploads\/2025\/04\/songte-oil-pipes-and-spare-parts.webp\" alt=\"\u00d6lleitungen und Ersatzteile\"><\/p>\n<h2>Abdichtung und Schmierung des Auslegerzylinders<\/h2>\n<p>Das Dichtungssystem eines Auslegerzylinders besteht aus verschiedenen Komponenten, darunter Kolben- und Stangendichtungen. Diese Dichtungen werden \u00fcblicherweise aus abriebfesten Materialien wie Polyurethan und Nitrilkautschuk gefertigt, was ihre Lebensdauer und Leistungsf\u00e4higkeit erh\u00f6ht. Zylinderk\u00f6rper und Gewindeendfl\u00e4chen werden pr\u00e4zisionsbearbeitet, um die Verschlei\u00dffestigkeit zu verbessern und einen dichten Sitz zu gew\u00e4hrleisten, der f\u00fcr die Vermeidung von Leckagen unerl\u00e4sslich ist.<\/p>\n<p>Die regelm\u00e4\u00dfige Schmierung mit Hydraulik\u00f6l ist f\u00fcr die Funktionsf\u00e4higkeit des Zylinders unerl\u00e4sslich. Hydraulikfl\u00fcssigkeit schmiert nicht nur bewegliche Teile, sondern tr\u00e4gt auch zur W\u00e4rmeabfuhr bei. Es ist wichtig, in regelm\u00e4\u00dfigen Abst\u00e4nden ausreichend Hydraulik\u00f6l nachzuf\u00fcllen, um Verschlei\u00df an Dichtungen und anderen Bauteilen zu vermeiden.<\/p>\n<h2>Vorbeugende Wartungsma\u00dfnahmen<\/h2>\n<ul>\n<li><strong>Regelm\u00e4\u00dfige Inspektionen:<\/strong> Regelm\u00e4\u00dfige Inspektionen des Auslegerzylinders sind unerl\u00e4sslich, um Anzeichen von Verschlei\u00df, Leckagen oder Besch\u00e4digungen zu erkennen. Diese Inspektionen sollten sich auf das \u00c4u\u00dfere des Zylinders, die Dichtungen und die Anschl\u00fcsse konzentrieren, um die Betriebssicherheit zu gew\u00e4hrleisten.<\/li>\n<li><strong>Richtige Schmierung:<\/strong> Es ist entscheidend, dass der Zylinder ausreichend mit Hydraulik\u00f6l geschmiert wird. Die richtige Schmierstoffmenge minimiert die Reibung zwischen den beweglichen Teilen und tr\u00e4gt zur Aufrechterhaltung einer optimalen Leistung bei.<\/li>\n<li><strong>Dichtungswechsel:<\/strong> Dichtungen sollten regelm\u00e4\u00dfig \u00fcberpr\u00fcft und bei Bedarf ausgetauscht werden, um Leckagen zu vermeiden. Die Verwendung hochwertiger Dichtungen kann die Lebensdauer und Leistung des Zylinders verbessern.<\/li>\n<\/ul>\n<h2>Installationshinweise<\/h2>\n<p>Die korrekte Montage des Auslegerzylinders ist f\u00fcr eine optimale Leistung unerl\u00e4sslich. Stellen Sie zun\u00e4chst sicher, dass der Zylinder korrekt zur Maschine ausgerichtet ist, um unn\u00f6tige Belastungen der Bauteile zu vermeiden. Verwenden Sie geeignete Montagehalterungen, um den Zylinder gem\u00e4\u00df den Drehmomentvorgaben des Herstellers zu befestigen.<\/p>\n<p>Vor dem Anschlie\u00dfen der Hydraulikleitungen pr\u00fcfen Sie diese auf Verunreinigungen, die die Dichtungen besch\u00e4digen k\u00f6nnten. Bef\u00fcllen Sie das System nach der Installation mit dem empfohlenen Hydraulik\u00f6l und entl\u00fcften Sie es, um eingeschlossene Luft zu entfernen. Testen Sie die Funktion des Zylinders, um die korrekte Ausrichtung und Funktion zu \u00fcberpr\u00fcfen und gegebenenfalls Anpassungen vorzunehmen.<\/p>\n<h2>Allgemeine Wartungsaufgaben<\/h2>\n<h3>Regelm\u00e4\u00dfige Inspektionen<\/h3>\n<p>Regelm\u00e4\u00dfige Inspektionen des Auslegerzylinders sind unerl\u00e4sslich f\u00fcr dessen Langlebigkeit und optimale Leistung. Die Inspektionen sollten gr\u00fcndlich sein und die \u00dcberpr\u00fcfung auf sichtbare Verschlei\u00dferscheinungen wie beispielsweise abgenutzte Dichtungen oder Korrosion am Zylinderk\u00f6rper umfassen. Die fr\u00fchzeitige Erkennung potenzieller Probleme kann kostspielige Reparaturen und Ausfallzeiten verhindern.<\/p>\n<h3>Richtige Schmierung<\/h3>\n<p>Die ordnungsgem\u00e4\u00dfe Schmierung ist f\u00fcr den effizienten Betrieb des Auslegerzylinders unerl\u00e4sslich. Pr\u00fcfen Sie regelm\u00e4\u00dfig den Hydraulik\u00f6lstand und f\u00fcllen Sie bei Bedarf nach. Eine optimale Schmierung reduziert Reibung und Verschlei\u00df und verl\u00e4ngert so die Lebensdauer des Zylinders. Verwenden Sie unbedingt das empfohlene Hydraulik\u00f6l, um die Leistung zu erhalten und Sch\u00e4den vorzubeugen.<\/p>\n<h3>Dichtungswechsel<\/h3>\n<p>Dichtungen spielen eine entscheidende Rolle bei der Verhinderung von Leckagen und der Aufrechterhaltung des Drucks im Hydrauliksystem. Pr\u00fcfen Sie die Dichtungen regelm\u00e4\u00dfig auf Verschlei\u00dferscheinungen und tauschen Sie sie gegebenenfalls aus. Ein fachgerechter Dichtungsaustausch kann die Leistung des Auslegerzylinders verbessern und das Risiko eines Hydraulikausfalls verringern.<\/p>\n<p><img decoding=\"async\" src=\"https:\/\/www.hydraulic-cylinders.net\/wp-content\/uploads\/2025\/04\/songte-chushion-collar.webp\" alt=\"Kissenkragen\"><\/p>\n<h2>Sicherheitsaspekte und Umweltfaktoren<\/h2>\n<p>Bei der Arbeit mit Hydrauliksystemen haben Sicherheitsma\u00dfnahmen h\u00f6chste Priorit\u00e4t. Die Bediener m\u00fcssen im sicheren Umgang mit Hydraulikger\u00e4ten und den potenziellen Gefahren von Hochdruck-Hydrauliksystemen geschult sein. Die strikte Einhaltung der Sicherheitsvorschriften minimiert das Risiko von Unf\u00e4llen und Verletzungen.<\/p>\n<p>Dar\u00fcber hinaus ist es entscheidend, bei der Verwendung von Hydraulikzylindern Umweltfaktoren zu ber\u00fccksichtigen. Hydraulikfl\u00fcssigkeiten und gebrauchte Dichtungen m\u00fcssen fachgerecht entsorgt werden, um Umweltbelastungen zu vermeiden. Der Einsatz umweltfreundlicher Schmierstoffe und Materialien kann die Umweltauswirkungen von Hydraulikvorg\u00e4ngen weiter reduzieren.<\/p>\n<h2>Fehlerdiagnose und h\u00e4ufige Probleme<\/h2>\n<ul>\n<li><strong>Leckage:<\/strong> Undichtigkeiten sind ein h\u00e4ufiges Problem bei Hydraulikzylindern und werden oft durch verschlissene Dichtungen oder besch\u00e4digte Bauteile verursacht. Regelm\u00e4\u00dfige Inspektionen helfen, Leckagen fr\u00fchzeitig zu erkennen und so eine schnelle Reparatur zu erm\u00f6glichen.<\/li>\n<li><strong>Leistungsverlust:<\/strong> Wenn der Zylinder an Leistung verliert oder verz\u00f6gert reagiert, kann dies auf einen niedrigen Hydraulik\u00f6lstand oder Luft im System hindeuten. Durch Pr\u00fcfen des \u00d6lstands und Entl\u00fcften des Systems lassen sich diese Probleme beheben.<\/li>\n<li><strong>Fehlausrichtung:<\/strong> Eine fehlerhafte Ausrichtung w\u00e4hrend der Montage kann zu \u00fcberm\u00e4\u00dfiger Belastung des Zylinders und damit zu vorzeitigem Verschlei\u00df f\u00fchren. Eine korrekte Ausrichtung w\u00e4hrend der Montage ist daher unerl\u00e4sslich, um dieses Problem zu vermeiden.<\/li>\n<\/ul>\n<h2>Tipps und L\u00f6sungen zur Fehlerbehebung<\/h2>\n<p>Um Probleme mit dem Auslegerzylinder effektiv zu diagnostizieren und zu beheben, sollten die Bediener systematisch vorgehen. Zun\u00e4chst sollten sie auf sichtbare Lecks pr\u00fcfen und die Ursache f\u00fcr Hydraulikfl\u00fcssigkeitsverluste ermitteln. Reagiert der Zylinder nicht ordnungsgem\u00e4\u00df, \u00fcberpr\u00fcfen Sie den Hydraulikfl\u00fcssigkeitsstand und die Leitungen auf Verstopfungen oder Lufteinschl\u00fcsse.<\/p>\n<p>Die Umsetzung vorbeugender Ma\u00dfnahmen wie regelm\u00e4\u00dfiger Wartung und Inspektionen ist entscheidend, um potenzielle Probleme zu minimieren. Die Betreiber sollten ein Wartungsprotokoll f\u00fchren, um Inspektionen und Reparaturen zu dokumentieren und so sicherzustellen, dass alle Aspekte des Zylinderbetriebs kontinuierlich \u00fcberwacht werden.<\/p>\n<p><img decoding=\"async\" src=\"https:\/\/www.hydraulic-cylinders.net\/wp-content\/uploads\/2025\/04\/songte-bushings-with-all-kinds-of-excavator-models.webp\" alt=\"Buchsen bei Baggermodellen\"><\/p>\n<h2>\u00dcber unser Unternehmen<\/h2>\n<p>Wir sind ein f\u00fchrender Hersteller von Hydraulikzylindern als Ersatzteil und bieten ein umfassendes Produktsortiment f\u00fcr den nationalen und internationalen Markt. Unser Qualit\u00e4tsanspruch spiegelt sich in unseren ausgereiften Fertigungsprozessen und fortschrittlichen Produktionsmanagementstrategien wider.<\/p>\n<p>Unser Team aus technischen Experten, modernste Fertigungsanlagen und strenge Testsysteme gew\u00e4hrleisten die kontinuierliche Verbesserung unserer Produktionskapazit\u00e4ten. Wir halten uns an die Prinzipien h\u00f6chster Effizienz, Pr\u00e4zision und Qualit\u00e4t, um den vielf\u00e4ltigen Bed\u00fcrfnissen unserer Kunden gerecht zu werden.<\/p>\n<p>Mit Fokus auf professionelle Zertifizierungen, ma\u00dfgeschneiderte L\u00f6sungen und exzellenten Kundendienst streben wir danach, unseren Kunden die besten L\u00f6sungen zu bieten. Unser umfassendes Produktsortiment und unser Engagement f\u00fcr h\u00f6chste Qualit\u00e4t haben uns zu einem vertrauensw\u00fcrdigen Partner in der Hydraulikzylinderbranche gemacht.<\/p>\n<p><img decoding=\"async\" src=\"https:\/\/www.hydraulic-cylinders.net\/wp-content\/uploads\/2025\/04\/songte-company-4.webp\" alt=\"Unternehmens\u00fcbersicht\"><br \/>\n<img decoding=\"async\" src=\"https:\/\/www.hydraulic-cylinders.net\/wp-content\/uploads\/2025\/04\/songte-company-3.webp\" alt=\"Produktionsst\u00e4tte\"><\/p>\n<p>Autor: lyl<\/p>","protected":false},"excerpt":{"rendered":"<p>Boom Cylinder For Dasin DS15 Introduction to the Boom Cylinder The boom cylinder, specifically designed for the Dasin DS15, is a vital component in hydraulic systems. It serves to control the motion of the boom, allowing for efficient handling and maneuvering of heavy machinery. As a type of hydraulic cylinder, it plays a crucial role [&hellip;]<\/p>","protected":false},"featured_media":17867,"comment_status":"open","ping_status":"closed","template":"","meta":{"_et_pb_use_builder":"","_et_pb_old_content":"","_et_gb_content_width":""},"product_brand":[],"product_cat":[1546],"product_tag":[1547,1496],"class_list":{"0":"post-19694","1":"product","2":"type-product","3":"status-publish","4":"has-post-thumbnail","6":"product_cat-boom-cylinders","7":"product_tag-boom-cylinders","8":"product_tag-hydraulic-cylinders","10":"first","11":"instock","12":"shipping-taxable","13":"product-type-simple"},"amp_enabled":true,"_links":{"self":[{"href":"https:\/\/www.hydraulic-cylinders.net\/de\/wp-json\/wp\/v2\/product\/19694","targetHints":{"allow":["GET"]}}],"collection":[{"href":"https:\/\/www.hydraulic-cylinders.net\/de\/wp-json\/wp\/v2\/product"}],"about":[{"href":"https:\/\/www.hydraulic-cylinders.net\/de\/wp-json\/wp\/v2\/types\/product"}],"replies":[{"embeddable":true,"href":"https:\/\/www.hydraulic-cylinders.net\/de\/wp-json\/wp\/v2\/comments?post=19694"}],"wp:featuredmedia":[{"embeddable":true,"href":"https:\/\/www.hydraulic-cylinders.net\/de\/wp-json\/wp\/v2\/media\/17867"}],"wp:attachment":[{"href":"https:\/\/www.hydraulic-cylinders.net\/de\/wp-json\/wp\/v2\/media?parent=19694"}],"wp:term":[{"taxonomy":"product_brand","embeddable":true,"href":"https:\/\/www.hydraulic-cylinders.net\/de\/wp-json\/wp\/v2\/product_brand?post=19694"},{"taxonomy":"product_cat","embeddable":true,"href":"https:\/\/www.hydraulic-cylinders.net\/de\/wp-json\/wp\/v2\/product_cat?post=19694"},{"taxonomy":"product_tag","embeddable":true,"href":"https:\/\/www.hydraulic-cylinders.net\/de\/wp-json\/wp\/v2\/product_tag?post=19694"}],"curies":[{"name":"wp","href":"https:\/\/api.w.org\/{rel}","templated":true}]}}