{"id":19719,"date":"2025-04-07T07:03:38","date_gmt":"2025-04-07T07:03:38","guid":{"rendered":"https:\/\/www.hydraulic-cylinders.net\/product\/boom-cylinder-for-yigong-cy860\/"},"modified":"2025-04-07T07:03:41","modified_gmt":"2025-04-07T07:03:41","slug":"boom-cylinder-for-yigong-cy860","status":"publish","type":"product","link":"https:\/\/www.hydraulic-cylinders.net\/de\/produkt\/boom-cylinder-for-yigong-cy860\/","title":{"rendered":"Auslegerzylinder f\u00fcr Yigong CY860"},"content":{"rendered":"<h1>Auslegerzylinder f\u00fcr Yigong CY860<\/h1>\n<h2>Produkt\u00fcbersicht<\/h2>\n<p>Der Auslegerzylinder f\u00fcr den Yigong CY860 ist eine spezielle Hydraulikkomponente zur Steuerung der Bewegung von Schwermaschinenschaufeln. Dieser Hydraulikzylinder spielt eine entscheidende Rolle in Baggern, Baggerladern und Frontladern und erm\u00f6glicht diesen Maschinen das effiziente Heben, Senken und Kippen ihrer Schaufeln. Seine pr\u00e4zise Konstruktion erm\u00f6glicht einen reibungslosen Betrieb bei verschiedenen Materialtransportaufgaben und macht ihn zu einem unverzichtbaren Bestandteil hydraulischer Systeme.<\/p>\n<p><img decoding=\"async\" src=\"https:\/\/www.hydraulic-cylinders.net\/wp-content\/uploads\/2025\/04\/songte-company-1.webp\" alt=\"Auslegerzylinder f\u00fcr Yigong CY860\" \/><\/p>\n<h3>Definition und Funktionalit\u00e4t<\/h3>\n<p>Ein Schaufelzylinder, oft auch Auslegerzylinder genannt, ist ein Hydraulikzylinder, der speziell in Schwermaschinen zur Steuerung der Schaufelbewegung eingesetzt wird. Diese Zylinder erzeugen mithilfe von Hydraulikfl\u00fcssigkeit eine Kraft, die die Schaufelbewegung erm\u00f6glicht, was f\u00fcr effizientes Graben, Heben und Transportieren von Materialien entscheidend ist. Die Konstruktion der Auslegerzylinder gew\u00e4hrleistet hohe Leistung und Zuverl\u00e4ssigkeit in anspruchsvollen Arbeitsumgebungen.<\/p>\n<h2>Merkmale des Auslegerzylinders<\/h2>\n<ul>\n<li><strong>Hohe Festigkeit und Haltbarkeit:<\/strong> Diese aus hochfestem Stahl oder Aluminium gefertigten Zylinder sind so konstruiert, dass sie hohem Druck und schweren Lasten standhalten und sich daher f\u00fcr raue Arbeitsbedingungen eignen.<\/li>\n<li><strong>Effizienter Hydraulikbetrieb:<\/strong> Das Design erm\u00f6glicht sanfte Ein- und Ausfahrbewegungen und bietet leistungsstarke Schub- und Zugfunktionen, die f\u00fcr das Heben schwerer Lasten und komplexe Aufgaben unerl\u00e4sslich sind.<\/li>\n<li><strong>Verschiedene Typen:<\/strong> Erh\u00e4ltlich in einfachwirkender (mit hydraulischer Kraft in eine Richtung) oder doppeltwirkender (mit hydraulischer Kraft in zwei Richtungen) Konfiguration, um unterschiedlichen Betriebsanforderungen gerecht zu werden.<\/li>\n<li><strong>Kompaktes Design:<\/strong> Bestimmte Modelle verf\u00fcgen \u00fcber ein Teleskopdesign, das eine gr\u00f6\u00dfere Ausdehnung erm\u00f6glicht, ohne die Au\u00dfenabmessungen zu vergr\u00f6\u00dfern, ideal f\u00fcr Anwendungen mit Platzbeschr\u00e4nkungen.<\/li>\n<li><strong>Verbesserte Verschlei\u00df- und Korrosionsbest\u00e4ndigkeit:<\/strong> Diese Zylinder wurden unter Ber\u00fccksichtigung der Verschlei\u00df- und Korrosionsbest\u00e4ndigkeit entwickelt, haben eine l\u00e4ngere Lebensdauer und m\u00fcssen seltener ausgetauscht werden.<\/li>\n<\/ul>\n<p>Unsere Produkte k\u00f6nnen diese Hydraulikzylinder perfekt ersetzen.<\/p>\n<p><img decoding=\"async\" src=\"https:\/\/www.hydraulic-cylinders.net\/wp-content\/uploads\/2025\/04\/songte-cylinder-head-with-all-kinds-excavator-models.webp\" alt=\"Austausch von Hydraulikzylindern\" \/><\/p>\n<h2>Anwendungen des Auslegerzylinders<\/h2>\n<h3>Baumaschinen<\/h3>\n<p>Bei Baggern sind Auslegerzylinder entscheidend f\u00fcr das Graben, Laden und Bewegen von Erde oder Schutt. Sie erm\u00f6glichen pr\u00e4zise Bewegungen, die f\u00fcr effektives Ausheben erforderlich sind. Bei Baggerladern unterst\u00fctzen diese Zylinder sowohl das Graben als auch das Heben und machen sie so vielseitig f\u00fcr verschiedene Bauaufgaben.<\/p>\n<h3>Landmaschinen<\/h3>\n<p>In Frontladern werden Auslegerzylinder zum Schaufeln, Heben und Transportieren von Erde, Heu und anderen Materialien eingesetzt und steigern so die Produktivit\u00e4t in der Landwirtschaft. Ihre robuste Konstruktion gew\u00e4hrleistet, dass sie die in der Landwirtschaft erforderlichen schweren Hebearbeiten bew\u00e4ltigen k\u00f6nnen.<\/p>\n<h3>Bagger<\/h3>\n<p>L\u00f6ffelzylinder erm\u00f6glichen die Grabarbeit von Baggern, indem sie ein effizientes Eindringen der Schaufel in den Boden erm\u00f6glichen. Sie sind f\u00fcr kraftvolle Bewegungen ausgelegt und erh\u00f6hen so die Effektivit\u00e4t der Aushubarbeiten in unterschiedlichem Gel\u00e4nde.<\/p>\n<h3>Lader<\/h3>\n<p>Bei Frontladern tragen Auslegerzylinder zum Heben und Abkippen von Lasten bei, rationalisieren den Arbeitsablauf und erh\u00f6hen die Geschwindigkeit und Effizienz der Materialhandhabung. Ihre zuverl\u00e4ssige Leistung ist f\u00fcr effektive Be- und Entladevorg\u00e4nge unerl\u00e4sslich.<\/p>\n<h2>Design\u00fcberlegungen und Auswahlkriterien<\/h2>\n<h3>Tragf\u00e4higkeit<\/h3>\n<p>Bei der Auswahl eines Auslegerzylinders ist die Bewertung seiner Tragf\u00e4higkeit entscheidend. Der Zylinder muss die im Betrieb auftretenden H\u00f6chstlasten st\u00f6rungsfrei bew\u00e4ltigen k\u00f6nnen. Die Konstruktion muss sicherstellen, dass der Zylinder auch bei hoher Belastung seine strukturelle Integrit\u00e4t beh\u00e4lt. Dazu werden Materialst\u00e4rke, Dicke und Gesamtkonstruktionsgeometrie bewertet.<\/p>\n<h3>Dichtungszuverl\u00e4ssigkeit<\/h3>\n<p>Eine effektive Abdichtung ist f\u00fcr Hydraulikzylinder entscheidend, um Fl\u00fcssigkeitslecks zu verhindern, die zu Leistungseinbu\u00dfen und verminderter Effizienz f\u00fchren k\u00f6nnen. Die Wahl der Dichtungsmaterialien, wie Polyurethan und Nitrilkautschuk, beeinflusst die Druckstabilit\u00e4t und die Funktionsf\u00e4higkeit des Zylinders. Regelm\u00e4\u00dfige Wartungskontrollen der Dichtungen sind notwendig, um kostspielige Reparaturen zu vermeiden und eine optimale Leistung zu gew\u00e4hrleisten.<\/p>\n<h3>Haltbarkeit<\/h3>\n<p>Langlebigkeit ist ein wesentlicher Aspekt bei der Konstruktion von Auslegerzylindern. Faktoren wie die Auswahl hochwertiger Materialien, Oberfl\u00e4chenbehandlungen und Schutzbeschichtungen k\u00f6nnen die Lebensdauer des Zylinders deutlich verl\u00e4ngern. Ein langlebiger Zylinder reduziert Ausfallzeiten und Wartungskosten und f\u00fchrt so zu einer verbesserten Betriebseffizienz.<\/p>\n<h3>Sicherheitsfunktionen<\/h3>\n<p>Sicherheitsfunktionen sind bei der Konstruktion von Hydraulikzylindern von gr\u00f6\u00dfter Bedeutung. Der Einbau von Sicherheitsventilen und Druckentlastungssystemen hilft, \u00dcberdruck und m\u00f6gliche Unf\u00e4lle zu vermeiden. Ingenieure m\u00fcssen diese Sicherheitsaspekte ber\u00fccksichtigen, um Industriestandards einzuhalten und die Sicherheit des Anwenders w\u00e4hrend des Betriebs zu gew\u00e4hrleisten.<\/p>\n<h3>Wartungszug\u00e4nglichkeit<\/h3>\n<p>Die wartungsfreundliche Konstruktion von Hydraulikzylindern ist ein wichtiger Aspekt. Merkmale wie zug\u00e4ngliche Schmierstellen und leicht austauschbare Dichtungen erleichtern die regelm\u00e4\u00dfige Wartung und reduzieren den Zeit- und Arbeitsaufwand f\u00fcr die optimale Wartung des Zylinders. Ein Fokus auf Wartungszug\u00e4nglichkeit erh\u00f6ht die Gesamtzuverl\u00e4ssigkeit der Anlage.<\/p>\n<p><img decoding=\"async\" src=\"https:\/\/www.hydraulic-cylinders.net\/wp-content\/uploads\/2025\/04\/songte-oil-pipes-and-spare-parts.webp\" alt=\"Hydraulikzylinderteile\" \/><\/p>\n<h2>Abdichtung und Schmierung<\/h2>\n<p>Der Auslegerzylinder verf\u00fcgt \u00fcber verschiedene Dichtungskomponenten, darunter Kolben- und Stangendichtungen. Diese Dichtungen bestehen typischerweise aus verschlei\u00dffesten Materialien wie Polyurethan und Nitrilkautschuk und halten so auch rauen Betriebsbedingungen stand. Zylinderk\u00f6rper und Gewindeenden werden pr\u00e4zise bearbeitet, um die Verschlei\u00dffestigkeit zu erh\u00f6hen und so die Lebensdauer zu verl\u00e4ngern. Regelm\u00e4\u00dfige Schmierung mit Hydraulik\u00f6l ist erforderlich, um optimale Leistung zu gew\u00e4hrleisten und Verschlei\u00df vorzubeugen.<\/p>\n<h2>Regelm\u00e4\u00dfige Inspektion und vorbeugende Wartung<\/h2>\n<ul>\n<li><strong>Routineinspektionen:<\/strong> Regelm\u00e4\u00dfige Kontrollen auf Lecks, Verschlei\u00df und andere Sch\u00e4den helfen, Probleme zu erkennen, bevor sie zu Ausf\u00e4llen f\u00fchren. Die Implementierung eines pr\u00e4ventiven Wartungsplans kann Reparaturkosten und Ausfallzeiten erheblich reduzieren.<\/li>\n<li><strong>Geeignete Schmierung:<\/strong> F\u00fcr die Aufrechterhaltung der Zylinderleistung ist es entscheidend, dass der richtige Hydraulik\u00f6lstand und die richtige \u00d6lsorte vorhanden sind. Regelm\u00e4\u00dfiges Nachf\u00fcllen und Ersetzen der Hydraulikfl\u00fcssigkeit kann die Lebensdauer des Zylinders verl\u00e4ngern.<\/li>\n<li><strong>Dichtungswechsel:<\/strong> Mit der Zeit k\u00f6nnen Dichtungen durch Verschlei\u00df und Umwelteinfl\u00fcsse verschlei\u00dfen. Eine regelm\u00e4\u00dfige \u00dcberpr\u00fcfung und ein rechtzeitiger Austausch der Dichtungen sind unerl\u00e4sslich, um die Integrit\u00e4t und Effizienz des Zylinders zu erhalten.<\/li>\n<\/ul>\n<h2>Installationshinweise<\/h2>\n<p>Die korrekte Installation des Auslegerzylinders ist entscheidend f\u00fcr seine optimale Leistung. Stellen Sie sicher, dass der Zylinder korrekt mit den Montagehalterungen ausgerichtet ist, um unn\u00f6tige Belastungen und m\u00f6gliche Sch\u00e4den w\u00e4hrend des Betriebs zu vermeiden. Verwenden Sie geeignete Befestigungsteile, um den Zylinder sicher zu befestigen. Es wird empfohlen, die Installationsanleitung des Herstellers f\u00fcr spezifische Drehmomenteinstellungen und Ausrichtungsverfahren zu konsultieren. Dar\u00fcber hinaus sollten alle Hydraulikanschl\u00fcsse nach der Installation auf Dichtheit gepr\u00fcft und Drucktests durchgef\u00fchrt werden, um die ordnungsgem\u00e4\u00dfe Funktion sicherzustellen.<\/p>\n<h2>Wartungsaufgaben<\/h2>\n<ul>\n<li><strong>Regelm\u00e4\u00dfige Inspektionen:<\/strong> Regelm\u00e4\u00dfige Sicht- und Funktionspr\u00fcfungen sind unerl\u00e4sslich, um Anzeichen von Verschlei\u00df, Besch\u00e4digungen oder Fl\u00fcssigkeitslecks zu erkennen. Dieser proaktive Ansatz hilft, potenzielle Probleme fr\u00fchzeitig zu erkennen.<\/li>\n<li><strong>Richtige Schmierung:<\/strong> Durch die ausreichende Schmierung des Zylinders mit der entsprechenden Hydraulikfl\u00fcssigkeit wird Verschlei\u00df vermieden und eine optimale Leistung gew\u00e4hrleistet. Regelm\u00e4\u00dfige Kontrollen des Schmiermittelstands sind erforderlich.<\/li>\n<li><strong>Dichtungswechsel und Kalibrierungspr\u00fcfungen:<\/strong> Der regelm\u00e4\u00dfige Austausch verschlissener Dichtungen und die \u00dcberpr\u00fcfung der Zylinderkalibrierung tragen zur Aufrechterhaltung der genauen Leistung bei. Eine ordnungsgem\u00e4\u00dfe Kalibrierung stellt sicher, dass der Zylinder innerhalb der angegebenen Parameter arbeitet.<\/li>\n<\/ul>\n<p>Die ordnungsgem\u00e4\u00dfe Installation, Schmierung und Einstellung des Auslegerzylinders sind entscheidend f\u00fcr seine Langlebigkeit und Leistung. Die korrekte Ausrichtung des Zylinders w\u00e4hrend der Installation und die Verwendung geeigneter Halterungen k\u00f6nnen Fehlausrichtungen vermeiden. Um die Betriebseffizienz zu gew\u00e4hrleisten, sollten die empfohlenen Inspektions-, Reparatur- und Austauschverfahren befolgt werden. Umbauservices und Tipps zur Verl\u00e4ngerung der Lebensdauer von Hydraulikzylindern tragen ebenfalls zur Benutzerfreundlichkeit bei.<\/p>\n<p><img decoding=\"async\" src=\"https:\/\/www.hydraulic-cylinders.net\/wp-content\/uploads\/2025\/04\/songte-chushion-collar.webp\" alt=\"Kissenkragen\" \/><\/p>\n<h2>Sicherheitsaspekte und Umweltfaktoren<\/h2>\n<p>Die Umsetzung geeigneter Sicherheitsma\u00dfnahmen beim Betrieb von Hydraulikzylindern ist entscheidend. Bediener sollten darin geschult sein, Warnsignale f\u00fcr Fehlfunktionen zu erkennen und die Bedeutung der Einhaltung von Sicherheitsprotokollen zu verstehen. Eine angemessene Schulung der Bediener und die Einhaltung von Sicherheitsrichtlinien tragen dazu bei, Unf\u00e4lle zu vermeiden und ein sicheres Arbeitsumfeld zu gew\u00e4hrleisten.<\/p>\n<h2>Fehlerdiagnose und h\u00e4ufige Probleme<\/h2>\n<ul>\n<li><strong>Leckage:<\/strong> Austretende Hydraulikfl\u00fcssigkeit kann auf einen Dichtungsfehler oder eine Besch\u00e4digung hinweisen. Regelm\u00e4\u00dfige Inspektionen und der rechtzeitige Austausch der Dichtungen k\u00f6nnen Fl\u00fcssigkeitsverlust verhindern und die Leistung aufrechterhalten.<\/li>\n<li><strong>Langsame oder ungleichm\u00e4\u00dfige Bewegung:<\/strong> Wenn der Zylinder langsam oder unregelm\u00e4\u00dfig reagiert, kann dies auf einen niedrigen Hydraulikfl\u00fcssigkeitsstand oder Schmierbedarf hinweisen. Durch die \u00dcberpr\u00fcfung des Fl\u00fcssigkeitsstands und die Sicherstellung einer ordnungsgem\u00e4\u00dfen Wartung k\u00f6nnen diese Probleme behoben werden.<\/li>\n<li><strong>Ungew\u00f6hnliche Ger\u00e4usche:<\/strong> Ungew\u00f6hnliche Ger\u00e4usche w\u00e4hrend des Betriebs k\u00f6nnen auf interne Sch\u00e4den oder unzureichende Schmierung hinweisen. Die Ursache dieser Ger\u00e4usche muss umgehend untersucht und behoben werden.<\/li>\n<\/ul>\n<p>Durch die Bereitstellung von Tipps und L\u00f6sungen zur Fehlerbehebung bei h\u00e4ufigen Zylinderproblemen k\u00f6nnen Benutzer Probleme effektiv diagnostizieren und beheben und so Betriebsunterbrechungen minimieren.<\/p>\n<p><img decoding=\"async\" src=\"https:\/\/www.hydraulic-cylinders.net\/wp-content\/uploads\/2025\/04\/songte-bushings-with-all-kinds-of-excavator-models.webp\" alt=\"Baggerbuchsen\" \/><\/p>\n<h2>Unternehmens\u00fcbersicht<\/h2>\n<p>Wir sind ein f\u00fchrender Hersteller und Gro\u00dfh\u00e4ndler von Hydraulikzylindern mit einem umfassenden Produktsortiment. Unser Engagement f\u00fcr Spitzenqualit\u00e4t und ausgefeilte Fertigungsstrategien positionieren uns als Top-Anbieter auf dem nationalen und internationalen Markt. Durch den Einsatz modernster Fertigungsanlagen und professioneller Pr\u00fcfsysteme verbessern wir kontinuierlich unsere Produktionskapazit\u00e4ten und Qualit\u00e4tssicherungsprozesse. Unser Fokus auf hohe Effizienz, Pr\u00e4zision und Qualit\u00e4t erm\u00f6glicht es uns, die vielf\u00e4ltigen Kundenbed\u00fcrfnisse effektiv zu erf\u00fcllen.<\/p>\n<p>Neben unserer Spezialisierung auf Hydraulikzylinder bieten wir ma\u00dfgeschneiderte Dienstleistungen an, die auf die individuellen Kundenanforderungen zugeschnitten sind und so Zufriedenheit und Leistung gew\u00e4hrleisten. Unsere Produktionsst\u00e4tte ist mit modernster Technologie ausgestattet, sodass wir stets zuverl\u00e4ssige und qualitativ hochwertige Produkte herstellen k\u00f6nnen. Dar\u00fcber hinaus gew\u00e4hrleistet unser engagierter After-Sales-Support, dass Kunden auch nach dem Kauf umfassende Unterst\u00fctzung erhalten.<\/p>\n<p><img decoding=\"async\" src=\"https:\/\/www.hydraulic-cylinders.net\/wp-content\/uploads\/2025\/04\/songte-company-4.webp\" alt=\"Unternehmens\u00fcbersicht\" \/><br \/>\n<img decoding=\"async\" src=\"https:\/\/www.hydraulic-cylinders.net\/wp-content\/uploads\/2025\/04\/songte-company-3.webp\" alt=\"Produktionsst\u00e4tte\" \/><\/p>\n<p>Autor: lyl<\/p>","protected":false},"excerpt":{"rendered":"<p>Boom Cylinder For Yigong CY860 Product Overview The Boom Cylinder for Yigong CY860 is a specialized hydraulic component designed to control the movement of heavy machinery buckets. This hydraulic cylinder plays a critical role in excavators, backhoe loaders, and front-end loaders, enabling these machines to lift, lower, and tilt their buckets efficiently. Its precise engineering [&hellip;]<\/p>","protected":false},"featured_media":17877,"comment_status":"open","ping_status":"closed","template":"","meta":{"_et_pb_use_builder":"","_et_pb_old_content":"","_et_gb_content_width":""},"product_brand":[],"product_cat":[1546],"product_tag":[1547,1496],"class_list":{"0":"post-19719","1":"product","2":"type-product","3":"status-publish","4":"has-post-thumbnail","6":"product_cat-boom-cylinders","7":"product_tag-boom-cylinders","8":"product_tag-hydraulic-cylinders","10":"first","11":"instock","12":"shipping-taxable","13":"product-type-simple"},"amp_enabled":true,"_links":{"self":[{"href":"https:\/\/www.hydraulic-cylinders.net\/de\/wp-json\/wp\/v2\/product\/19719","targetHints":{"allow":["GET"]}}],"collection":[{"href":"https:\/\/www.hydraulic-cylinders.net\/de\/wp-json\/wp\/v2\/product"}],"about":[{"href":"https:\/\/www.hydraulic-cylinders.net\/de\/wp-json\/wp\/v2\/types\/product"}],"replies":[{"embeddable":true,"href":"https:\/\/www.hydraulic-cylinders.net\/de\/wp-json\/wp\/v2\/comments?post=19719"}],"wp:featuredmedia":[{"embeddable":true,"href":"https:\/\/www.hydraulic-cylinders.net\/de\/wp-json\/wp\/v2\/media\/17877"}],"wp:attachment":[{"href":"https:\/\/www.hydraulic-cylinders.net\/de\/wp-json\/wp\/v2\/media?parent=19719"}],"wp:term":[{"taxonomy":"product_brand","embeddable":true,"href":"https:\/\/www.hydraulic-cylinders.net\/de\/wp-json\/wp\/v2\/product_brand?post=19719"},{"taxonomy":"product_cat","embeddable":true,"href":"https:\/\/www.hydraulic-cylinders.net\/de\/wp-json\/wp\/v2\/product_cat?post=19719"},{"taxonomy":"product_tag","embeddable":true,"href":"https:\/\/www.hydraulic-cylinders.net\/de\/wp-json\/wp\/v2\/product_tag?post=19719"}],"curies":[{"name":"wp","href":"https:\/\/api.w.org\/{rel}","templated":true}]}}