{"id":19723,"date":"2025-04-07T07:03:57","date_gmt":"2025-04-07T07:03:57","guid":{"rendered":"https:\/\/www.hydraulic-cylinders.net\/product\/boom-cylinder-for-xiniu-xn7180\/"},"modified":"2025-04-07T07:04:02","modified_gmt":"2025-04-07T07:04:02","slug":"boom-cylinder-for-xiniu-xn7180","status":"publish","type":"product","link":"https:\/\/www.hydraulic-cylinders.net\/de\/produkt\/boom-cylinder-for-xiniu-xn7180\/","title":{"rendered":"Auslegerzylinder f\u00fcr Xiniu XN7180"},"content":{"rendered":"<h1>Auslegerzylinder f\u00fcr Xiniu XN7180<\/h1>\n<h2>Einf\u00fchrung in Auslegerzylinder<\/h2>\n<p>Der speziell f\u00fcr den Xiniu XN7180 entwickelte Auslegerzylinder ist eine wichtige Hydraulikkomponente, die eine entscheidende Rolle bei der Steuerung der Bewegung schwerer Maschinen spielt. Diese Zylinder werden haupts\u00e4chlich in Baggern, Baggerladern und Frontladern eingesetzt und erm\u00f6glichen das effiziente Heben, Senken und Kippen der Schaufel. Ein Schaufelzylinder ist ein Hydraulikzylinder, der hydraulischen Druck in mechanische Kraft umwandelt und so verschiedene Materialtransportaufgaben im Bau- und Agrarbereich erleichtert.<\/p>\n<p><img decoding=\"async\" src=\"https:\/\/www.hydraulic-cylinders.net\/wp-content\/uploads\/2025\/04\/songte-company-1.webp\" alt=\"Bild des Auslegerzylinders\"><\/p>\n<h3>Funktion und Anwendungen<\/h3>\n<p>In Hydrauliksystemen ist die Funktion des Auslegerzylinders von entscheidender Bedeutung. Er liefert die n\u00f6tige Kraft f\u00fcr pr\u00e4zise Schaufelbewegungen und erm\u00f6glicht Bedienern so das effektive Ausf\u00fchren von Aufgaben wie Graben, Heben und Transportieren von Materialien. Die Kontrolle \u00fcber die Zylindermechanik ist entscheidend f\u00fcr die Steigerung der Produktivit\u00e4t und die Gew\u00e4hrleistung der Betriebssicherheit.<\/p>\n<h2>Merkmale des Auslegerzylinders<\/h2>\n<ul>\n<li><strong>Hohe Festigkeit und Haltbarkeit:<\/strong> Diese Zylinder bestehen aus hochfestem Stahl oder Aluminium und sind f\u00fcr hohen Druck und schwere Lasten ausgelegt, sodass sie f\u00fcr raue Arbeitsumgebungen geeignet sind.<\/li>\n<li><strong>Effizienter Hydraulikbetrieb:<\/strong> Der Auslegerzylinder nutzt Hydraulik\u00f6ldruck zum sanften Ausfahren und Einfahren, erm\u00f6glicht eine schnelle Reaktion auf Betriebsbefehle und liefert eine betr\u00e4chtliche Schub- und Zugkraft.<\/li>\n<li><strong>Typenvielfalt:<\/strong> Sie sind in einfachwirkenden oder doppeltwirkenden Modellen erh\u00e4ltlich und erf\u00fcllen unterschiedliche Betriebsanforderungen. Einige Modelle sind teleskopisch und erm\u00f6glichen eine gr\u00f6\u00dfere Ausdehnung, ohne die Au\u00dfenabmessungen zu vergr\u00f6\u00dfern, was ideal f\u00fcr beengte R\u00e4ume ist.<\/li>\n<li><strong>Korrosionsbest\u00e4ndigkeit:<\/strong> Diese Zylinder sind korrosionsbest\u00e4ndig und bestehen aus Materialien, die die Lebensdauer unter schwierigen Bedingungen verl\u00e4ngern.<\/li>\n<li><strong>Einfache Wartung:<\/strong> Diese Zylinder sind f\u00fcr eine unkomplizierte Wartung konzipiert, vereinfachen Reparaturen und Servicearbeiten und sorgen f\u00fcr minimale Ausfallzeiten der Maschinen.<\/li>\n<\/ul>\n<h2>Fertigungskapazit\u00e4ten<\/h2>\n<p>Wir sind in der Lage, hochwertige Auslegerzylinder herzustellen, die vorhandene Hydraulikzylinder perfekt ersetzen. Unser optimierter Produktionsprozess gew\u00e4hrleistet Pr\u00e4zision und Zuverl\u00e4ssigkeit bei jeder von uns produzierten Einheit.<\/p>\n<p><img decoding=\"async\" src=\"https:\/\/www.hydraulic-cylinders.net\/wp-content\/uploads\/2025\/04\/songte-cylinder-head-with-all-kinds-excavator-models.webp\" alt=\"Bild zur Zylinderherstellung\"><\/p>\n<h2>Anwendungsszenarien<\/h2>\n<h3>Baumaschinen<\/h3>\n<p>Auslegerzylinder sind ein integraler Bestandteil von Baggern und erleichtern das Graben, Laden und Bewegen von Erde oder Schutt. Ihre robuste Konstruktion erm\u00f6glicht kraftvolles Heben und pr\u00e4zises Man\u00f6vrieren, was bei Bauprojekten, die schweres Heben und Materialverschieben erfordern, unerl\u00e4sslich ist.<\/p>\n<h3>Landmaschinen<\/h3>\n<p>Frontlader werden mit Auslegerzylindern beim Schaufeln, Heben und Transportieren von Erde, Heu und anderen Materialien unterst\u00fctzt. Sie liefern die n\u00f6tige Kraft, um gro\u00dfe Lasten effizient zu handhaben und so die Gesamtproduktivit\u00e4t landwirtschaftlicher Betriebe zu verbessern.<\/p>\n<h3>Bagger<\/h3>\n<p>Bei Baggern erm\u00f6glichen Auslegerzylinder ein effektives Eindringen der Schaufel in den Boden und erm\u00f6glichen so wichtige Grabvorg\u00e4nge. Ihre Leistung ist f\u00fcr Aushubarbeiten in unterschiedlichem Gel\u00e4nde von entscheidender Bedeutung und stellt sicher, dass der Bediener mit minimalem Aufwand die gew\u00fcnschten Ergebnisse erzielen kann.<\/p>\n<h3>Lader<\/h3>\n<p>In Frontladern helfen diese Zylinder beim effizienten Heben und Abkippen von Lasten. Ihr zuverl\u00e4ssiger Betrieb stellt sicher, dass Lader Aufgaben wie Materialhandhabung und Transport ohne Leistungseinbu\u00dfen ausf\u00fchren k\u00f6nnen.<\/p>\n<h2>Design\u00fcberlegungen und Auswahlkriterien<\/h2>\n<h3>Tragf\u00e4higkeit<\/h3>\n<p>Die Tragf\u00e4higkeit eines Auslegerzylinders ist ein grundlegender Konstruktionsaspekt. Sie muss auf die spezifischen Anforderungen der eingesetzten Maschinen zugeschnitten sein. Hersteller m\u00fcssen die vorgesehene Belastung ermitteln und sicherstellen, dass der Zylinder diesen Kr\u00e4ften standh\u00e4lt, ohne dass w\u00e4hrend des Betriebs ein Ausfallrisiko besteht. Eine \u00dcbersch\u00e4tzung der Tragf\u00e4higkeit kann zu unn\u00f6tigen Kosten f\u00fchren, eine Untersch\u00e4tzung hingegen zu katastrophalen Ausf\u00e4llen. Daher sind genaue Berechnungen und Kenntnisse der Betriebsanforderungen f\u00fcr die Auswahl des geeigneten Auslegerzylinders entscheidend.<\/p>\n<h3>Dichtungsmechanismen<\/h3>\n<p>Effektive Dichtungsmechanismen sind f\u00fcr die Langlebigkeit und Effizienz von Hydraulikzylindern unerl\u00e4sslich. Die Wahl der Dichtungen hat gro\u00dfen Einfluss auf die F\u00e4higkeit des Zylinders, Hydraulikfl\u00fcssigkeit zur\u00fcckzuhalten und Leckagen zu verhindern. Hochwertige Dichtungsmaterialien wie Polyurethan und Nitrilkautschuk werden aufgrund ihrer Verschlei\u00dffestigkeit und Umweltvertr\u00e4glichkeit bevorzugt. Eine sorgf\u00e4ltige Dichtungskonstruktion minimiert den Wartungsaufwand und erh\u00f6ht die Gesamtzuverl\u00e4ssigkeit des Systems.<\/p>\n<h3>Haltbarkeit und Wartung<\/h3>\n<p>Langlebigkeit ist ein entscheidender Aspekt der Konstruktion, der sicherstellt, dass der Zylinder den Belastungen starker Beanspruchung standh\u00e4lt. Dazu werden verschlei\u00df-, korrosions- und erm\u00fcdungsbest\u00e4ndige Materialien verwendet. Dar\u00fcber hinaus kann eine wartungsfreundliche Konstruktion \u2013 beispielsweise durch einfachen Zugang f\u00fcr Inspektion und Dichtungsaustausch \u2013 Ausfallzeiten und Betriebskosten deutlich reduzieren. Regelm\u00e4\u00dfige Wartungskontrollen sind unerl\u00e4sslich, um potenzielle Probleme fr\u00fchzeitig zu erkennen. Daher ist die Ber\u00fccksichtigung von Langlebigkeit und Wartungsfreundlichkeit in der Konstruktion eine bew\u00e4hrte Vorgehensweise.<\/p>\n<p><img decoding=\"async\" src=\"https:\/\/www.hydraulic-cylinders.net\/wp-content\/uploads\/2025\/04\/songte-oil-pipes-and-spare-parts.webp\" alt=\"Bild der Hydraulikkomponenten\"><\/p>\n<h2>Abdichtung und Schmierung<\/h2>\n<p>Eine ordnungsgem\u00e4\u00dfe Abdichtung und Schmierung sind f\u00fcr den effizienten Betrieb von Auslegerzylindern unerl\u00e4sslich. Verschiedene Dichtungskomponenten wie Kolben- und Stangendichtungen sch\u00fctzen vor Fl\u00fcssigkeitsverlust. Dichtungen aus langlebigen Materialien wie Polyurethan und Nitrilkautschuk bieten eine hervorragende Verschlei\u00dffestigkeit und verl\u00e4ngern so die Lebensdauer des Zylinders. Zus\u00e4tzlich werden Zylinderk\u00f6rper und Gewindeenden sorgf\u00e4ltig bearbeitet, um die Verschlei\u00dffestigkeit zu erh\u00f6hen. Regelm\u00e4\u00dfige Schmierung mit Hydraulik\u00f6l ist unerl\u00e4sslich, da sie die Reibung minimiert, einen reibungslosen Betrieb f\u00f6rdert und so die optimale Funktion des Hydrauliksystems gew\u00e4hrleistet.<\/p>\n<h2>Regelm\u00e4\u00dfige Inspektion und vorbeugende Wartung<\/h2>\n<ul>\n<li><strong>Routinekontrollen:<\/strong> Regelm\u00e4\u00dfige Inspektionen sind unerl\u00e4sslich, um Verschlei\u00df zu erkennen, bevor er eskaliert. Achten Sie auf Anzeichen von Lecks, Korrosion oder ungew\u00f6hnlichen Ger\u00e4uschen w\u00e4hrend des Betriebs.<\/li>\n<li><strong>Richtige Schmierung:<\/strong> Stellen Sie sicher, dass der Hydraulik\u00f6lstand ausreichend ist und die Schmierung gem\u00e4\u00df den Empfehlungen des Herstellers erfolgt. Eine ausreichende Schmierung reduziert Reibung und Verschlei\u00df der internen Komponenten.<\/li>\n<li><strong>Dichtungswechsel:<\/strong> \u00dcberpr\u00fcfen Sie regelm\u00e4\u00dfig den Zustand der Dichtungen und ersetzen Sie diese bei Bedarf. Besch\u00e4digte Dichtungen k\u00f6nnen zu Fl\u00fcssigkeitslecks und verminderter Effizienz f\u00fchren.<\/li>\n<\/ul>\n<h2>Installationshinweise<\/h2>\n<p>Um einen Auslegerzylinder ordnungsgem\u00e4\u00df zu installieren, gehen Sie wie folgt vor:<\/p>\n<ol>\n<li>Stellen Sie sicher, dass das Hydrauliksystem drucklos ist, bevor Sie mit der Installation beginnen, um Unf\u00e4lle zu vermeiden.<\/li>\n<li>Richten Sie den Zylinder sorgf\u00e4ltig an den Befestigungspunkten der Maschine aus und stellen Sie sicher, dass er waagerecht und richtig positioniert ist.<\/li>\n<li>Befestigen Sie den Zylinder mit geeigneten Montagehalterungen und achten Sie darauf, dass er fest angebracht ist, um Bewegungen w\u00e4hrend des Betriebs zu verhindern.<\/li>\n<li>Schlie\u00dfen Sie die Hydraulikleitungen an und achten Sie darauf, dass sie frei von Schmutz sind und sicher befestigt sind, um Lecks zu vermeiden.<\/li>\n<li>Nach der Installation setzen Sie das System langsam unter Druck und pr\u00fcfen Sie es auf Lecks. Stellen Sie vor der vollst\u00e4ndigen Nutzung sicher, dass alles reibungslos funktioniert.<\/li>\n<\/ol>\n<h2>Wartungsaufgaben<\/h2>\n<ul>\n<li><strong>Regelm\u00e4\u00dfige Inspektionen:<\/strong> F\u00fchren Sie regelm\u00e4\u00dfige Inspektionen durch, um potenzielle Probleme zu identifizieren. \u00dcberpr\u00fcfen Sie die Funktion auf Lecks, Verschlei\u00df und ordnungsgem\u00e4\u00dfe Funktion, um Probleme fr\u00fchzeitig zu erkennen.<\/li>\n<li><strong>Richtige Schmierung:<\/strong> Sorgen Sie f\u00fcr einen ausreichenden Hydraulik\u00f6lstand und schmieren Sie das Ger\u00e4t wie empfohlen, um einen reibungslosen Betrieb zu gew\u00e4hrleisten und den Verschlei\u00df zu verringern.<\/li>\n<li><strong>Dichtungswechsel und Kalibrierungspr\u00fcfungen:<\/strong> Ersetzen Sie regelm\u00e4\u00dfig die Dichtungen und f\u00fchren Sie Kalibrierungspr\u00fcfungen durch, um sicherzustellen, dass der Zylinder innerhalb der angegebenen Parameter arbeitet.<\/li>\n<\/ul>\n<h2>Sicherheitsaspekte und Umweltfaktoren<\/h2>\n<p>Sicherheitsma\u00dfnahmen sind beim Betrieb von Hydrauliksystemen von gr\u00f6\u00dfter Bedeutung. Bediener sollten im sicheren Umgang mit Maschinen geschult sein und die Bedeutung der Einhaltung von Sicherheitsprotokollen verstehen. Ordnungsgem\u00e4\u00dfe Wartung und rechtzeitige Inspektionen k\u00f6nnen Unf\u00e4lle durch Ger\u00e4teausf\u00e4lle verhindern. Dar\u00fcber hinaus sollten umweltfreundliche Verfahren wie die Verwendung biologisch abbaubarer Hydraulikfl\u00fcssigkeiten und die umgehende Behebung von Leckagen ber\u00fccksichtigt werden, um die Umweltbelastung zu minimieren.<\/p>\n<h2>Fehlerbehebung und h\u00e4ufige Probleme<\/h2>\n<ul>\n<li><strong>Hydraulikfl\u00fcssigkeitslecks:<\/strong> Leckagen k\u00f6nnen oft auf verschlissene Dichtungen oder besch\u00e4digte Armaturen hinweisen. \u00dcberpr\u00fcfen Sie die Dichtungen und ersetzen Sie sie gegebenenfalls.<\/li>\n<li><strong>Schwacher oder nicht reagierender Zylinder:<\/strong> Die Ursache hierf\u00fcr kann ein niedriger Hydraulikfl\u00fcssigkeitsstand oder Luft im System sein. \u00dcberpr\u00fcfen Sie den Fl\u00fcssigkeitsstand und entl\u00fcften Sie das System, um die Luft zu entfernen.<\/li>\n<li><strong>Inkonsistente Bewegung:<\/strong> Unregelm\u00e4\u00dfige Zylinderbewegungen k\u00f6nnen auf Probleme mit der Hydraulikpumpe oder Verstopfungen in den Hydraulikleitungen hinweisen. \u00dcberpr\u00fcfen Sie die Pumpe und die Leitungen auf Verstopfungen.<\/li>\n<\/ul>\n<h2>Tipps zur Fehlerbehebung<\/h2>\n<p>Um Probleme effektiv zu diagnostizieren und zu beheben, befolgen Sie diese Tipps:<\/p>\n<ul>\n<li>F\u00fchren Sie stets ein Protokoll der Wartungsaktivit\u00e4ten und der aufgetretenen Probleme. Dies kann helfen, Muster zu erkennen und zuk\u00fcnftige Probleme zu vermeiden.<\/li>\n<li>F\u00fchren Sie regelm\u00e4\u00dfige Schulungen f\u00fcr die Bediener durch, um sicherzustellen, dass sie wissen, wie sie potenzielle Probleme fr\u00fchzeitig erkennen und kostspielige Reparaturen vermeiden k\u00f6nnen.<\/li>\n<li>Konsultieren Sie das Handbuch des Herstellers, um Richtlinien zur Fehlerbehebung speziell f\u00fcr Ihr Modell zu erhalten und stellen Sie sicher, dass Sie die bew\u00e4hrten Vorgehensweisen f\u00fcr Reparaturen befolgen.<\/li>\n<\/ul>\n<p><img decoding=\"async\" src=\"https:\/\/www.hydraulic-cylinders.net\/wp-content\/uploads\/2025\/04\/songte-bushings-with-all-kinds-of-excavator-models.webp\" alt=\"Buchsenbild\"><\/p>\n<h2>\u00dcber unser Unternehmen<\/h2>\n<p>Wir sind ein f\u00fchrender Hersteller von Hydraulikzylindern und bekannt f\u00fcr unsere breite Produktpalette und unser Qualit\u00e4tsbewusstsein. Unser Unternehmen hat sich als einer der f\u00fchrenden Hersteller und Gro\u00dfh\u00e4ndler von Hydraulikzylindern auf dem nationalen und internationalen Markt etabliert. Wir legen Wert auf h\u00f6chste Qualit\u00e4t und nutzen eine hochmoderne Fertigungsst\u00e4tte mit industriellem Produktionsmanagement. Durch den Einsatz qualifizierter Techniker, modernster digitaler Fertigungsanlagen und eines professionellen Pr\u00fcfsystems verbessern wir unsere Fertigungskapazit\u00e4ten kontinuierlich.<\/p>\n<p><img decoding=\"async\" src=\"https:\/\/www.hydraulic-cylinders.net\/wp-content\/uploads\/2025\/04\/songte-company-4.webp\" alt=\"Bild zur Unternehmens\u00fcbersicht\"><br \/>\n<img decoding=\"async\" src=\"https:\/\/www.hydraulic-cylinders.net\/wp-content\/uploads\/2025\/04\/songte-company-3.webp\" alt=\"Bild der Produktionsst\u00e4tte\"><\/p>\n<p>Unser Engagement f\u00fcr Professionalit\u00e4t zeigt sich in internationalen Zertifizierungen und ma\u00dfgeschneiderten Dienstleistungen, die auf die Bed\u00fcrfnisse unserer Kunden zugeschnitten sind. Wir nutzen modernste Produktionsanlagen f\u00fcr hohe Effizienz, Pr\u00e4zision und Qualit\u00e4t. So erf\u00fcllen wir die vielf\u00e4ltigen Anforderungen unserer Kunden und bieten gleichzeitig einen hervorragenden After-Sales-Support.<\/p>\n<p>Autor: lyl<\/p>","protected":false},"excerpt":{"rendered":"<p>Boom Cylinder For Xiniu XN7180 Introduction to Boom Cylinders The Boom Cylinder, specifically designed for the Xiniu XN7180, is an essential hydraulic component that plays a critical role in controlling the movement of heavy machinery. These cylinders are primarily used in excavators, backhoe loaders, and front-end loaders, enabling the bucket to lift, lower, and tilt [&hellip;]<\/p>","protected":false},"featured_media":17881,"comment_status":"open","ping_status":"closed","template":"","meta":{"_et_pb_use_builder":"","_et_pb_old_content":"","_et_gb_content_width":""},"product_brand":[],"product_cat":[1546],"product_tag":[1547,1496],"class_list":{"0":"post-19723","1":"product","2":"type-product","3":"status-publish","4":"has-post-thumbnail","6":"product_cat-boom-cylinders","7":"product_tag-boom-cylinders","8":"product_tag-hydraulic-cylinders","10":"first","11":"instock","12":"shipping-taxable","13":"product-type-simple"},"amp_enabled":true,"_links":{"self":[{"href":"https:\/\/www.hydraulic-cylinders.net\/de\/wp-json\/wp\/v2\/product\/19723","targetHints":{"allow":["GET"]}}],"collection":[{"href":"https:\/\/www.hydraulic-cylinders.net\/de\/wp-json\/wp\/v2\/product"}],"about":[{"href":"https:\/\/www.hydraulic-cylinders.net\/de\/wp-json\/wp\/v2\/types\/product"}],"replies":[{"embeddable":true,"href":"https:\/\/www.hydraulic-cylinders.net\/de\/wp-json\/wp\/v2\/comments?post=19723"}],"wp:featuredmedia":[{"embeddable":true,"href":"https:\/\/www.hydraulic-cylinders.net\/de\/wp-json\/wp\/v2\/media\/17881"}],"wp:attachment":[{"href":"https:\/\/www.hydraulic-cylinders.net\/de\/wp-json\/wp\/v2\/media?parent=19723"}],"wp:term":[{"taxonomy":"product_brand","embeddable":true,"href":"https:\/\/www.hydraulic-cylinders.net\/de\/wp-json\/wp\/v2\/product_brand?post=19723"},{"taxonomy":"product_cat","embeddable":true,"href":"https:\/\/www.hydraulic-cylinders.net\/de\/wp-json\/wp\/v2\/product_cat?post=19723"},{"taxonomy":"product_tag","embeddable":true,"href":"https:\/\/www.hydraulic-cylinders.net\/de\/wp-json\/wp\/v2\/product_tag?post=19723"}],"curies":[{"name":"wp","href":"https:\/\/api.w.org\/{rel}","templated":true}]}}