{"id":19725,"date":"2025-04-07T07:04:08","date_gmt":"2025-04-07T07:04:08","guid":{"rendered":"https:\/\/www.hydraulic-cylinders.net\/product\/boom-cylinder-for-xiniu-xn80-l\/"},"modified":"2025-04-07T07:04:18","modified_gmt":"2025-04-07T07:04:18","slug":"boom-cylinder-for-xiniu-xn80-l","status":"publish","type":"product","link":"https:\/\/www.hydraulic-cylinders.net\/de\/produkt\/boom-cylinder-for-xiniu-xn80-l\/","title":{"rendered":"Auslegerzylinder f\u00fcr Xiniu XN80-L"},"content":{"rendered":"<h1>Auslegerzylinder f\u00fcr Xiniu XN80-L<\/h1>\n<h2>Produkt\u00fcbersicht<\/h2>\n<p>Der Auslegerzylinder f\u00fcr Xiniu XN80-L ist ein Spezialhydraulikzylinder zur Steuerung der Schaufelbewegung in verschiedenen Baumaschinen. Diese Hydraulikkomponente spielt eine zentrale Rolle in Baggern, Baggerladern und Radladern und erm\u00f6glicht das effiziente Heben, Senken und Neigen der Schaufel, wodurch vielf\u00e4ltige Materialumschlagsaufgaben erleichtert werden.<\/p>\n<p><img decoding=\"async\" src=\"https:\/\/www.hydraulic-cylinders.net\/wp-content\/uploads\/2025\/04\/songte-company-1.webp\" alt=\"\u00dcbersicht \u00fcber den Auslegerzylinder\"><\/p>\n<h3>Definition und Funktion<\/h3>\n<p>Ein Schaufelzylinder ist ein Hydraulikzylinder, der speziell f\u00fcr die Bewegung von Schaufeln in Baumaschinen eingesetzt wird. Diese Zylinder sind unerl\u00e4sslich f\u00fcr Aufgaben wie Graben, Heben und Transportieren von Materialien. Ihre Funktionsweise basiert auf der Hydraulik, die kraftvolle und pr\u00e4zise Bewegungen erm\u00f6glicht. Dadurch sind sie in der Bau-, Landwirtschafts- und Bergbauindustrie unverzichtbar.<\/p>\n<h2>Merkmale des Auslegerzylinders f\u00fcr Xiniu XN80-L<\/h2>\n<ul>\n<li><strong>Hohe Festigkeit und Haltbarkeit:<\/strong> Diese aus hochfestem Stahl oder Aluminium gefertigten Zylinder sind hochdruck- und belastbar und eignen sich daher f\u00fcr raue Arbeitsbedingungen.<\/li>\n<li><strong>Effizienter Hydraulikbetrieb:<\/strong> Der Zylinder nutzt den Druck von Hydraulik\u00f6l, um gleichm\u00e4\u00dfige Teleskopbewegungen zu erzielen, schnelle Reaktionen auf Steuerbefehle zu erm\u00f6glichen und starke Schub- und Zugkr\u00e4fte zu erzeugen.<\/li>\n<li><strong>Verschiedene Typen:<\/strong> Erh\u00e4ltlich in einfachwirkender (einseitig wirkender) oder doppeltwirkender (beidseitig wirkender) Ausf\u00fchrung, um verschiedenen Einsatzanforderungen gerecht zu werden. Einige Modelle sind teleskopierbar und erm\u00f6glichen so eine gr\u00f6\u00dfere Auszugsl\u00e4nge ohne Vergr\u00f6\u00dferung der Au\u00dfenabmessungen.<\/li>\n<li><strong>Korrosionsbest\u00e4ndigkeit:<\/strong> Entwickelt aus Materialien, die Verschlei\u00df und Korrosion widerstehen und so Langlebigkeit und Zuverl\u00e4ssigkeit auch unter anspruchsvollen Bedingungen gew\u00e4hrleisten.<\/li>\n<li><strong>Anpassbare Optionen:<\/strong> Unsere Zylinder k\u00f6nnen individuell an spezifische Anforderungen angepasst werden, wodurch die Kompatibilit\u00e4t mit verschiedenen Hydrauliksystemen gew\u00e4hrleistet wird.<\/li>\n<\/ul>\n<p><img decoding=\"async\" src=\"https:\/\/www.hydraulic-cylinders.net\/wp-content\/uploads\/2025\/04\/songte-cylinder-head-with-all-kinds-excavator-models.webp\" alt=\"Anpassbare Optionen f\u00fcr den Auslegerzylinder\"><\/p>\n<h2>Anwendungsszenarien<\/h2>\n<h3>Baumaschinen<\/h3>\n<p>Bei Baggern ist der Auslegerzylinder entscheidend f\u00fcr das Graben, Laden und Bewegen von Erde oder Bauschutt. Seine pr\u00e4zise Steuerung erm\u00f6glicht effizientes Ausheben und Materialhandling und verk\u00fcrzt so die Gesamtbetriebszeit. Die M\u00f6glichkeit, die L\u00f6ffelposition anzupassen, steigert die Produktivit\u00e4t und gew\u00e4hrleistet die genaue Ausf\u00fchrung der Arbeiten.<\/p>\n<h3>Landmaschinen<\/h3>\n<p>Bei Frontladern dient der Auslegerzylinder zum Schaufeln, Anheben und Transportieren von Erde, Heu und anderen Materialien. Diese hydraulische Funktion steigert die Effizienz landwirtschaftlicher Arbeiten und erm\u00f6glicht es Landwirten, ihre Ressourcen effektiv zu nutzen und die Produktivit\u00e4t auch in der Hauptsaison aufrechtzuerhalten.<\/p>\n<h3>Bagger<\/h3>\n<p>Der L\u00f6ffelzylinder erm\u00f6glicht es Baggern, effektiv in den Boden einzudringen und so schnelle Aushubarbeiten zu erm\u00f6glichen. Dies erh\u00f6ht die Geschwindigkeit und Effizienz von Aushubarbeiten und macht ihn unverzichtbar f\u00fcr Bau- und Landschaftsbauprojekte.<\/p>\n<h3>Lader<\/h3>\n<p>Bei Frontladern unterst\u00fctzen Auslegerzylinder das effiziente Heben und Abladen von Lasten. Ihre F\u00e4higkeit, schwere Materialien zu bewegen, gew\u00e4hrleistet einen reibungslosen Ablauf von Bau- und Industrieprojekten und tr\u00e4gt somit zum Gesamterfolg des Betriebs bei.<\/p>\n<h2>Design\u00fcberlegungen und Auswahlkriterien<\/h2>\n<h3>Tragf\u00e4higkeit<\/h3>\n<p>Die Tragf\u00e4higkeit des Auslegerzylinders ist ein entscheidender Konstruktionsfaktor. Er muss ausreichend dimensioniert sein, um die maximal zu erwartenden Lasten im Betrieb aufzunehmen. Hersteller geben \u00fcblicherweise Spezifikationen zu den Belastungsgrenzen an, deren Einhaltung unerl\u00e4sslich ist, um einen Zylinderausfall zu vermeiden.<\/p>\n<h3>Dichtungsmechanismen<\/h3>\n<p>Eine effektive Abdichtung ist unerl\u00e4sslich, um den Hydraulikdruck aufrechtzuerhalten und Leckagen zu vermeiden. G\u00e4ngige Dichtungsmaterialien sind Polyurethan und Nitrilkautschuk, die aufgrund ihrer Langlebigkeit und Verschlei\u00dffestigkeit ausgew\u00e4hlt werden. Eine fachgerechte Abdichtung tr\u00e4gt dazu bei, die Lebensdauer des Zylinders zu verl\u00e4ngern, indem Fl\u00fcssigkeitsverlust und Verunreinigungen minimiert werden.<\/p>\n<h3>Haltbarkeit<\/h3>\n<p>Langlebigkeit ist bei Hydraulikzylindern von gr\u00f6\u00dfter Bedeutung, insbesondere unter rauen Betriebsbedingungen. Die verwendeten Werkstoffe m\u00fcssen verschlei\u00df- und korrosionsbest\u00e4ndig sein, um die dauerhafte Funktionsf\u00e4higkeit des Zylinders zu gew\u00e4hrleisten. Regelm\u00e4\u00dfige Wartung und Inspektionen k\u00f6nnen die Lebensdauer der Anlage zus\u00e4tzlich verl\u00e4ngern.<\/p>\n<h3>Sicherheitsfunktionen<\/h3>\n<p>Die Sicherheit von Hydrauliksystemen ist von entscheidender Bedeutung. Die Konstruktion sollte Merkmale wie Druckbegrenzungsventile zur Vermeidung von \u00dcberlastung beinhalten. Regelm\u00e4\u00dfige Sicherheitspr\u00fcfungen und die Einhaltung der Betriebsrichtlinien k\u00f6nnen die Risiken von Hydraulikausf\u00e4llen minimieren.<\/p>\n<h3>Wartungszug\u00e4nglichkeit<\/h3>\n<p>Die wartungsfreundliche Konstruktion gew\u00e4hrleistet, dass routinem\u00e4\u00dfige Inspektionen und Reparaturen ohne gr\u00f6\u00dfere Ausfallzeiten durchgef\u00fchrt werden k\u00f6nnen. Komponenten sollten leicht zug\u00e4nglich und austauschbar sein, um effiziente Wartungsmethoden zu erm\u00f6glichen und die Maschinen in optimalem Betriebszustand zu halten.<\/p>\n<p><img decoding=\"async\" src=\"https:\/\/www.hydraulic-cylinders.net\/wp-content\/uploads\/2025\/04\/songte-oil-pipes-and-spare-parts.webp\" alt=\"Konstruktions\u00fcberlegungen f\u00fcr Hydraulikzylinder\"><\/p>\n<h2>Abdichtung und Schmierung<\/h2>\n<p>Eine einwandfreie Abdichtung und Schmierung sind f\u00fcr die Funktion des Auslegerzylinders unerl\u00e4sslich. Verschiedene Dichtungskomponenten, wie Kolben- und Stangendichtungen, dienen dazu, das Hydraulik\u00f6l zur\u00fcckzuhalten und den Druck aufrechtzuerhalten. Dichtungen aus verschlei\u00dffesten Materialien wie Polyurethan und Nitrilkautschuk werden aufgrund ihrer Langlebigkeit bevorzugt. Dar\u00fcber hinaus werden Zylinderk\u00f6rper und Gewindeendfl\u00e4chen pr\u00e4zisionsbearbeitet, um die Verschlei\u00dffestigkeit weiter zu erh\u00f6hen.<\/p>\n<p>Regelm\u00e4\u00dfige Schmierung mit Hydraulik\u00f6l ist f\u00fcr einen reibungslosen Betrieb unerl\u00e4sslich. Das \u00d6l reduziert die Reibung zwischen beweglichen Teilen und verhindert \u00dcberhitzung. Es ist wichtig, den \u00d6lstand zu \u00fcberwachen und rechtzeitig \u00d6l nachzuf\u00fcllen, um die Leistungsf\u00e4higkeit aufrechtzuerhalten.<\/p>\n<h2>Regelm\u00e4\u00dfige Inspektionen und vorbeugende Wartung<\/h2>\n<ul>\n<li><strong>Regelm\u00e4\u00dfige Kontrollen:<\/strong> Regelm\u00e4\u00dfige Inspektionen des Hydrauliksystems helfen, Verschlei\u00df und potenzielle Probleme fr\u00fchzeitig zu erkennen. Achten Sie auf Anzeichen von Leckagen oder ungew\u00f6hnlichem Verschlei\u00df an Dichtungen und Bauteilen.<\/li>\n<li><strong>Geeignete Schmierung:<\/strong> Stellen Sie sicher, dass der Zylinder ausreichend mit Hydraulik\u00f6l geschmiert ist. Dies tr\u00e4gt zu einem reibungslosen Betrieb bei und reduziert den Verschlei\u00df an beweglichen Teilen.<\/li>\n<li><strong>Dichtungswechsel:<\/strong> Die Dichtungen sollten auf Verschlei\u00df gepr\u00fcft und gegebenenfalls ausgetauscht werden, um die Funktionsf\u00e4higkeit des Hydrauliksystems zu gew\u00e4hrleisten. Regelm\u00e4\u00dfige Austausche k\u00f6nnen teure Reparaturen verhindern.<\/li>\n<\/ul>\n<h2>Installationshinweise<\/h2>\n<p>Die korrekte Montage des Auslegerzylinders ist f\u00fcr eine optimale Leistung entscheidend. Stellen Sie zun\u00e4chst sicher, dass die Montagefl\u00e4chen sauber und frei von Verunreinigungen sind. Richten Sie den Zylinder pr\u00e4zise aus, um eine gleichm\u00e4\u00dfige Druckverteilung im Betrieb zu gew\u00e4hrleisten. Verwenden Sie geeignete Montagehalterungen, um den Zylinder sicher zu fixieren und jegliche Bewegung, die zu einer Fehlausrichtung f\u00fchren k\u00f6nnte, zu verhindern.<\/p>\n<p>Achten Sie bei der Installation genau auf die Hydraulikleitungen, um Knicke oder Verstopfungen zu vermeiden, die den Fl\u00fcssigkeitsfluss beeintr\u00e4chtigen k\u00f6nnten. F\u00fchren Sie nach der Installation eine gr\u00fcndliche \u00dcberpr\u00fcfung durch, um sicherzustellen, dass alle Verbindungen dicht und leckagefrei sind. Testen Sie das System abschlie\u00dfend unter niedrigem Druck, um die einwandfreie Funktion zu best\u00e4tigen, bevor Sie es mit dem vollen Betriebsdruck betreiben.<\/p>\n<p><img decoding=\"async\" src=\"https:\/\/www.hydraulic-cylinders.net\/wp-content\/uploads\/2025\/04\/songte-chushion-collar.webp\" alt=\"Auslegerzylinder-Installation\"><\/p>\n<h2>Sicherheitsaspekte und Umweltfaktoren<\/h2>\n<p>Beim Umgang mit Hydrauliksystemen hat die Einhaltung von Sicherheitsma\u00dfnahmen h\u00f6chste Priorit\u00e4t. Stellen Sie sicher, dass alle Bediener im sicheren Umgang mit Hydraulikger\u00e4ten geschult sind und die Bedeutung der Betriebsanweisungen verstehen. Regelm\u00e4\u00dfige Sicherheits\u00fcberpr\u00fcfungen helfen, potenzielle Gefahren zu erkennen und Risiken im Zusammenhang mit Hydraulikausf\u00e4llen oder -st\u00f6rungen zu minimieren.<\/p>\n<h2>Fehlerbehebung und h\u00e4ufige Probleme<\/h2>\n<ul>\n<li><strong>Leckage:<\/strong> Undichtigkeiten k\u00f6nnen durch verschlissene Dichtungen oder besch\u00e4digte Anschl\u00fcsse verursacht werden. \u00dcberpr\u00fcfen Sie die Dichtungen regelm\u00e4\u00dfig und tauschen Sie sie gegebenenfalls aus.<\/li>\n<li><strong>Unbest\u00e4ndige Leistung:<\/strong> Wenn der Zylinder nicht reibungslos reagiert, pr\u00fcfen Sie, ob sich Luft im Hydraulik\u00f6l befindet oder ob die Hydraulikleitungen verstopft sind.<\/li>\n<li><strong>\u00dcberhitzung:<\/strong> \u00dcberhitzung kann auf unzureichende Schmierung oder \u00dcberlastung hinweisen. Pr\u00fcfen Sie den \u00d6lstand und stellen Sie sicher, dass der Zylinder nicht \u00fcberlastet ist.<\/li>\n<\/ul>\n<h2>Tipps zur Fehlerbehebung<\/h2>\n<p>Um Probleme effektiv zu diagnostizieren und zu beheben, sollten Sie ein detailliertes Protokoll der Betriebsleistung und aller w\u00e4hrend des Gebrauchs festgestellten Unregelm\u00e4\u00dfigkeiten f\u00fchren. Dies kann helfen, Muster zu erkennen, die auf zugrunde liegende Probleme hinweisen. Vorbeugende Ma\u00dfnahmen wie planm\u00e4\u00dfige Wartung und rechtzeitiger Teileaustausch k\u00f6nnen die Wahrscheinlichkeit von Betriebsst\u00f6rungen deutlich verringern.<\/p>\n<p><img decoding=\"async\" src=\"https:\/\/www.hydraulic-cylinders.net\/wp-content\/uploads\/2025\/04\/songte-bushings-with-all-kinds-of-excavator-models.webp\" alt=\"Fehlerbehebung und h\u00e4ufige Probleme\"><\/p>\n<h2>Unternehmens\u00fcbersicht<\/h2>\n<p>Wir sind ein f\u00fchrender Hersteller und Gro\u00dfh\u00e4ndler von Hydraulikzylindern und spezialisiert auf die Produktion hochwertiger Ersatzzylinder. Unser umfangreiches Produktsortiment positioniert uns als wichtigen Akteur auf dem nationalen und internationalen Markt. Wir verpflichten uns zu h\u00f6chster Qualit\u00e4t und nutzen eine ausgereifte Fertigungsstrategie, die technologisches Know-how und modernste Produktionsanlagen umfasst.<\/p>\n<p>Unser Qualit\u00e4tsanspruch zeigt sich in unseren strengen Testverfahren und der Einhaltung internationaler Zertifizierungen. Wir bieten ma\u00dfgeschneiderte Dienstleistungen, um den vielf\u00e4ltigen Bed\u00fcrfnissen unserer Kunden gerecht zu werden und sicherzustellen, dass sie die optimalen Produkte f\u00fcr ihre Anwendungen erhalten. Unser professioneller Kundendienst garantiert Kundenzufriedenheit und Unterst\u00fctzung auch lange nach dem Kauf.<\/p>\n<p><img decoding=\"async\" src=\"https:\/\/www.hydraulic-cylinders.net\/wp-content\/uploads\/2025\/04\/songte-company-4.webp\" alt=\"Unternehmens\u00fcbersicht\"><br \/>\n<img decoding=\"async\" src=\"https:\/\/www.hydraulic-cylinders.net\/wp-content\/uploads\/2025\/04\/songte-company-3.webp\" alt=\"Unternehmensqualit\u00e4tssicherung\"><\/p>\n<p>Autor: lyl<\/p>","protected":false},"excerpt":{"rendered":"<p>Boom Cylinder For Xiniu XN80-L Product Overview The Boom Cylinder for Xiniu XN80-L is a specialized hydraulic cylinder designed for controlling the movement of buckets in various heavy machinery. This hydraulic component plays a pivotal role in excavators, backhoe loaders, and front loaders, enabling the bucket to lift, lower, and tilt efficiently, which facilitates various [&hellip;]<\/p>","protected":false},"featured_media":17868,"comment_status":"open","ping_status":"closed","template":"","meta":{"_et_pb_use_builder":"","_et_pb_old_content":"","_et_gb_content_width":""},"product_brand":[],"product_cat":[1546],"product_tag":[1547,1496],"class_list":{"0":"post-19725","1":"product","2":"type-product","3":"status-publish","4":"has-post-thumbnail","6":"product_cat-boom-cylinders","7":"product_tag-boom-cylinders","8":"product_tag-hydraulic-cylinders","10":"first","11":"instock","12":"shipping-taxable","13":"product-type-simple"},"amp_enabled":true,"_links":{"self":[{"href":"https:\/\/www.hydraulic-cylinders.net\/de\/wp-json\/wp\/v2\/product\/19725","targetHints":{"allow":["GET"]}}],"collection":[{"href":"https:\/\/www.hydraulic-cylinders.net\/de\/wp-json\/wp\/v2\/product"}],"about":[{"href":"https:\/\/www.hydraulic-cylinders.net\/de\/wp-json\/wp\/v2\/types\/product"}],"replies":[{"embeddable":true,"href":"https:\/\/www.hydraulic-cylinders.net\/de\/wp-json\/wp\/v2\/comments?post=19725"}],"wp:featuredmedia":[{"embeddable":true,"href":"https:\/\/www.hydraulic-cylinders.net\/de\/wp-json\/wp\/v2\/media\/17868"}],"wp:attachment":[{"href":"https:\/\/www.hydraulic-cylinders.net\/de\/wp-json\/wp\/v2\/media?parent=19725"}],"wp:term":[{"taxonomy":"product_brand","embeddable":true,"href":"https:\/\/www.hydraulic-cylinders.net\/de\/wp-json\/wp\/v2\/product_brand?post=19725"},{"taxonomy":"product_cat","embeddable":true,"href":"https:\/\/www.hydraulic-cylinders.net\/de\/wp-json\/wp\/v2\/product_cat?post=19725"},{"taxonomy":"product_tag","embeddable":true,"href":"https:\/\/www.hydraulic-cylinders.net\/de\/wp-json\/wp\/v2\/product_tag?post=19725"}],"curies":[{"name":"wp","href":"https:\/\/api.w.org\/{rel}","templated":true}]}}