{"id":19732,"date":"2025-04-07T07:04:34","date_gmt":"2025-04-07T07:04:34","guid":{"rendered":"https:\/\/www.hydraulic-cylinders.net\/product\/boom-cylinder-for-kato-small-excavator-hd550-1-7\/"},"modified":"2025-04-07T07:04:37","modified_gmt":"2025-04-07T07:04:37","slug":"boom-cylinder-for-kato-small-excavator-hd550-1-7","status":"publish","type":"product","link":"https:\/\/www.hydraulic-cylinders.net\/de\/produkt\/boom-cylinder-for-kato-small-excavator-hd550-1-7\/","title":{"rendered":"Auslegerzylinder f\u00fcr Kato-Kleinbagger HD550-1-7"},"content":{"rendered":"<h1>Auslegerzylinder f\u00fcr Kato-Kleinbagger HD550-1-7<\/h1>\n<h2>Den Auslegerzylinder verstehen<\/h2>\n<p>Der Auslegerzylinder ist ein Hydraulikzylinder, der speziell f\u00fcr die Steuerung der Auslegerbewegung an verschiedenen Baumaschinen wie Baggern, Baggerladern und Radladern entwickelt wurde. Diese wichtige Komponente erm\u00f6glicht das Heben, Senken und Neigen des Auslegers und tr\u00e4gt so zu effizienten Materialumschlagsarbeiten bei. In Hydrauliksystemen spielt der Auslegerzylinder eine zentrale Rolle, indem er mithilfe von Hydraulikfl\u00fcssigkeit Kraft \u00fcbertr\u00e4gt und so gleichm\u00e4\u00dfige und kontrollierte Bewegungen erm\u00f6glicht. Die Konstruktion dieser Zylinder gew\u00e4hrleistet robuste Leistung und Zuverl\u00e4ssigkeit und macht sie daher in Bau- und Erdbauanwendungen unverzichtbar.<\/p>\n<p><img decoding=\"async\" src=\"https:\/\/www.hydraulic-cylinders.net\/wp-content\/uploads\/2025\/04\/songte-company-1.webp\" alt=\"Auslegerzylinder f\u00fcr Kato Kleinbagger\"><\/p>\n<h3>Hauptmerkmale des Auslegerzylinders<\/h3>\n<ul>\n<li><strong>Hohe Festigkeit und Haltbarkeit:<\/strong> Der aus hochfestem Stahl oder Aluminium gefertigte Auslegerzylinder ist in der Lage, hohem Druck und schweren Lasten standzuhalten und eignet sich daher f\u00fcr raue Arbeitsbedingungen.<\/li>\n<li><strong>Effizienter Hydraulikbetrieb:<\/strong> Der Zylinder nutzt den Druck von Hydraulik\u00f6l, um ein gleichm\u00e4\u00dfiges Aus- und Einfahren zu erreichen und so eine schnelle Reaktion auf Bedienbefehle zu gew\u00e4hrleisten.<\/li>\n<li><strong>Verschiedene Typen:<\/strong> Erh\u00e4ltlich in einfachwirkender (hydraulischer Betrieb in eine Richtung) oder doppeltwirkender (hydraulischer Betrieb in beide Richtungen) Ausf\u00fchrung, um unterschiedlichen Betriebsanforderungen gerecht zu werden.<\/li>\n<li><strong>Kompaktes Design:<\/strong> Einige Modelle verf\u00fcgen \u00fcber ein Teleskopdesign, das eine gr\u00f6\u00dfere Auszugsl\u00e4nge erm\u00f6glicht, ohne die \u00e4u\u00dferen Abmessungen zu vergr\u00f6\u00dfern \u2013 ideal f\u00fcr Anwendungen mit begrenztem Platzangebot.<\/li>\n<li><strong>Austauschbarkeit:<\/strong> Unsere Zylinder sind so konzipiert, dass sie bestehende Hydraulikzylinder nahtlos ersetzen k\u00f6nnen und somit Kompatibilit\u00e4t und Betriebseffizienz gew\u00e4hrleisten.<\/li>\n<\/ul>\n<p><img decoding=\"async\" src=\"https:\/\/www.hydraulic-cylinders.net\/wp-content\/uploads\/2025\/04\/songte-cylinder-head-with-all-kinds-excavator-models.webp\" alt=\"Optionen zum Austausch des Hydraulikzylinders\"><\/p>\n<h2>Anwendungen des Auslegerzylinders<\/h2>\n<h3>1. Baumaschinen<\/h3>\n<p>Bei Baggern ist der Auslegerzylinder entscheidend f\u00fcr das Graben, Laden und Bewegen von Erde oder Bauschutt. Seine Ausfahr- und Einfahrfunktion erm\u00f6glicht pr\u00e4zises Graben und Materialplatzieren. Bei Baggerladern unterst\u00fctzt der Zylinder sowohl Aushub- als auch Hebearbeiten und steigert so die Gesamtproduktivit\u00e4t. Der effiziente Betrieb des Auslegerzylinders wirkt sich direkt auf die Geschwindigkeit und Effektivit\u00e4t von Bauprojekten aus.<\/p>\n<h3>2. Landwirtschaftliche Maschinen<\/h3>\n<p>Frontlader nutzen Auslegerzylinder zum Schaufeln, Anheben und Transportieren von Erde, Heu und anderen Materialien. Die vom Zylinder bereitgestellte Hydraulikleistung erm\u00f6glicht schnelle und effiziente Ladevorg\u00e4nge, die f\u00fcr die landwirtschaftliche Bewirtschaftung unerl\u00e4sslich sind. Die Anpassungsf\u00e4higkeit des Auslegerzylinders an verschiedene landwirtschaftliche Aufgaben erh\u00f6ht seinen Wert im Agrarsektor.<\/p>\n<h3>3. Bagger<\/h3>\n<p>Der Auslegerzylinder erm\u00f6glicht es der Schaufel, beim Ausheben tiefer in den Boden einzudringen und so ein effizienteres und tieferes Ausheben zu erm\u00f6glichen. Dank seiner Hydraulik kann der Bagger verschiedene Aufgaben wie Grabenbau und Planieren ausf\u00fchren und beweist damit seine Vielseitigkeit im Bauwesen und Landschaftsbau.<\/p>\n<h3>4. Lader<\/h3>\n<p>Bei Frontladern unterst\u00fctzen Auslegerzylinder das effiziente Heben und Abladen von Materialien. Diese Funktion ist im Bauwesen und Landschaftsbau unerl\u00e4sslich, da der rechtzeitige Materialtransport den Projektzeitplan ma\u00dfgeblich beeinflussen kann. Die Zuverl\u00e4ssigkeit des Auslegerzylinders gew\u00e4hrleistet einen optimalen Betrieb der Lader.<\/p>\n<h2>Design\u00fcberlegungen und Auswahlkriterien<\/h2>\n<h3>Tragf\u00e4higkeit<\/h3>\n<p>Bei der Auswahl eines Hubzylinders ist das Verst\u00e4ndnis der Tragf\u00e4higkeit von entscheidender Bedeutung. Der Zylinder muss das maximal zu hebende Gewicht ohne Einbu\u00dfen bei Leistung oder Sicherheit bew\u00e4ltigen k\u00f6nnen. Dies erfordert sorgf\u00e4ltige Berechnungen auf Basis der zu erwartenden Betriebslasten, um die Einhaltung der erforderlichen Spezifikationen sicherzustellen.<\/p>\n<h3>Dichtungsleistung<\/h3>\n<p>Eine effektive Abdichtung ist in Hydrauliksystemen unerl\u00e4sslich, um Fl\u00fcssigkeitsverluste zu verhindern und den Druck aufrechtzuerhalten. Hochwertige Dichtungsmaterialien wie Polyurethan und Nitrilkautschuk sollten gew\u00e4hlt werden, um die Langlebigkeit zu erh\u00f6hen. Die pr\u00e4zise Konstruktion der Dichtungskomponenten gew\u00e4hrleistet eine dauerhafte Funktion und minimiert den Wartungsaufwand.<\/p>\n<h3>Haltbarkeit<\/h3>\n<p>Langlebigkeit ist ein entscheidender Faktor, da Auslegerzylinder unter extremen Bedingungen arbeiten. Die Materialien sollten verschlei\u00dffest sein, und die Konstruktionen sollten \u00fcber Schutzbeschichtungen gegen Korrosion verf\u00fcgen. Dies verl\u00e4ngert die Lebensdauer des Zylinders erheblich und reduziert die Austauschh\u00e4ufigkeit.<\/p>\n<h3>Sicherheitsfunktionen<\/h3>\n<p>Die Integration von Sicherheitsmerkmalen wie Druckbegrenzungsventilen ist unerl\u00e4sslich, um \u00dcberlastungen und potenzielle Ausf\u00e4lle zu verhindern. Die Konstruktion sollte Mechanismen umfassen, die den sicheren Betrieb schwerer Maschinen gew\u00e4hrleisten und so zu einem sichereren Arbeitsumfeld beitragen.<\/p>\n<h3>Wartungszug\u00e4nglichkeit<\/h3>\n<p>Bei der Konstruktion von Auslegerzylindern ist Wartungsfreundlichkeit entscheidend. Die Komponenten sollten f\u00fcr regelm\u00e4\u00dfige Wartungsarbeiten leicht zug\u00e4nglich sein, um zeitnahe Inspektionen und Reparaturen zu erm\u00f6glichen. Diese Zug\u00e4nglichkeit tr\u00e4gt zur Verl\u00e4ngerung der Lebensdauer und zur Steigerung der Betriebseffizienz der Maschine bei.<\/p>\n<p><img decoding=\"async\" src=\"https:\/\/www.hydraulic-cylinders.net\/wp-content\/uploads\/2025\/04\/songte-oil-pipes-and-spare-parts.webp\" alt=\"Hydraulikzylinderkomponenten\"><\/p>\n<h2>Abdichtung und Schmierung<\/h2>\n<p>F\u00fcr die einwandfreie Funktion von Auslegerzylindern sind eine ordnungsgem\u00e4\u00dfe Abdichtung und Schmierung unerl\u00e4sslich. Verschiedene Dichtungselemente, wie Kolben- und Stangendichtungen, verhindern das Austreten von Hydraulikfl\u00fcssigkeit. Dichtungen aus verschlei\u00dffesten Materialien wie Polyurethan und Nitrilkautschuk werden aufgrund ihrer Langlebigkeit und Wirksamkeit bevorzugt.<\/p>\n<p>Der Zylinderk\u00f6rper und die Gewindeendfl\u00e4chen werden sorgf\u00e4ltig bearbeitet, um die Verschlei\u00dffestigkeit zu erh\u00f6hen. Regelm\u00e4\u00dfige Schmierung mit Hydraulik\u00f6l ist erforderlich, um die Reibung zu minimieren und einen reibungslosen Betrieb der Komponenten zu gew\u00e4hrleisten. Die Einhaltung eines Schmierplans tr\u00e4gt zur Aufrechterhaltung optimaler Leistung bei und verl\u00e4ngert die Lebensdauer des Zylinders.<\/p>\n<h2>Regelm\u00e4\u00dfige Inspektion und vorbeugende Wartung<\/h2>\n<ul>\n<li><strong>Sichtpr\u00fcfungen:<\/strong> \u00dcberpr\u00fcfen Sie den Auslegerzylinder regelm\u00e4\u00dfig auf sichtbare Sch\u00e4den, Leckagen oder Verschlei\u00dferscheinungen. Durch die fr\u00fchzeitige Erkennung von Problemen lassen sich Folgesch\u00e4den und kostspielige Reparaturen vermeiden.<\/li>\n<li><strong>Schmierungspr\u00fcfung:<\/strong> Stellen Sie sicher, dass der Hydraulik\u00f6lstand ausreichend ist und das \u00d6l frei von Verunreinigungen ist. Eine angemessene Schmierung ist f\u00fcr einen reibungslosen Betrieb unerl\u00e4sslich.<\/li>\n<li><strong>Dichtungswechsel:<\/strong> \u00dcberwachen Sie den Zustand der Dichtungen und tauschen Sie diese gegebenenfalls aus, um Leckagen zu vermeiden und den Hydraulikdruck aufrechtzuerhalten.<\/li>\n<\/ul>\n<h2>Installationshinweise<\/h2>\n<p>Die korrekte Montage des Auslegerzylinders ist entscheidend f\u00fcr seine Leistung und Lebensdauer. Richten Sie den Zylinder zun\u00e4chst pr\u00e4zise an den Befestigungspunkten der Maschine aus. Die Verwendung geeigneter Montagehalterungen wird dringend empfohlen, um Stabilit\u00e4t zu gew\u00e4hrleisten und Fehlausrichtungen w\u00e4hrend des Betriebs zu vermeiden.<\/p>\n<p>Vor Inbetriebnahme ist sicherzustellen, dass alle Hydraulikanschl\u00fcsse fest sitzen und auf m\u00f6gliche Leckagen gepr\u00fcft werden. Die Vorgaben des Herstellers hinsichtlich Drehmomenteinstellungen und Montageverfahren m\u00fcssen unbedingt eingehalten werden. Korrekte Ausrichtung und sichere Befestigung des Zylinders verbessern seine Leistung und minimieren den Verschlei\u00df.<\/p>\n<h2>Allgemeine Wartungsaufgaben<\/h2>\n<ul>\n<li><strong>Regelm\u00e4\u00dfige Kontrollen:<\/strong> F\u00fchren Sie regelm\u00e4\u00dfige Inspektionen durch, um Verschlei\u00dferscheinungen oder potenzielle Ausf\u00e4lle fr\u00fchzeitig zu erkennen. Dadurch werden rechtzeitige Eingriffe erm\u00f6glicht und gr\u00f6\u00dfere St\u00f6rungen verhindert.<\/li>\n<li><strong>Richtige Schmierung:<\/strong> Halten Sie einen regelm\u00e4\u00dfigen Schmierplan ein, um sicherzustellen, dass alle beweglichen Teile ausreichend geschmiert sind. Dies beugt \u00fcberm\u00e4\u00dfigem Verschlei\u00df vor und verl\u00e4ngert die Lebensdauer des Zylinders.<\/li>\n<li><strong>Dichtungswechsel:<\/strong> Dichtungen regelm\u00e4\u00dfig pr\u00fcfen und bei Verschlei\u00dferscheinungen austauschen. Diese einfache Ma\u00dfnahme beugt Leckagen vor und erh\u00e4lt die Funktionsf\u00e4higkeit des Hydrauliksystems.<\/li>\n<\/ul>\n<h2>Sicherheitsaspekte und Umweltfaktoren<\/h2>\n<p>Sicherheitsma\u00dfnahmen sind beim Betrieb von Hydraulikmaschinen unerl\u00e4sslich. Die Bediener sollten in der korrekten Bedienung und den Sicherheitsvorkehrungen geschult werden, um Risiken zu minimieren. Das Verst\u00e4ndnis der Maschinengrenzen und die Einhaltung der empfohlenen Betriebsanweisungen sind entscheidend, um Unf\u00e4lle zu vermeiden.<\/p>\n<h2>Fehlerbehebung und h\u00e4ufige Probleme<\/h2>\n<ul>\n<li><strong>Langsame Bewegung:<\/strong> Dies k\u00f6nnte auf einen niedrigen Hydraulikfl\u00fcssigkeitsstand oder Luft im System hindeuten. \u00dcberpr\u00fcfen Sie den Fl\u00fcssigkeitsstand und entl\u00fcften Sie das System, um das Problem zu beheben.<\/li>\n<li><strong>Leckage:<\/strong> Pr\u00fcfen Sie Dichtungen und Anschl\u00fcsse auf Verschlei\u00df oder Besch\u00e4digungen. Ersetzen Sie Dichtungen gegebenenfalls, um den Druck aufrechtzuerhalten und Leckagen zu vermeiden.<\/li>\n<li><strong>Keine Bewegung:<\/strong> Dies kann durch elektrische Probleme oder Verstopfungen in den Hydraulikleitungen verursacht werden. \u00dcberpr\u00fcfen Sie den Hydraulikkreislauf gr\u00fcndlich auf Fehler.<\/li>\n<\/ul>\n<h2>Tipps f\u00fcr eine effektive Fehlerbehebung<\/h2>\n<p>Bei der Fehlersuche am Auslegerzylinder sollten Sie zun\u00e4chst eine Sichtpr\u00fcfung durchf\u00fchren, um offensichtliche Probleme zu erkennen. Regelm\u00e4\u00dfige Wartungsarbeiten beugen vielen h\u00e4ufigen Problemen wie Leckagen und verlangsamtem Lauf vor. Ein detailliertes Wartungsprotokoll hilft dabei, wiederkehrende Probleme zu identifizieren und Reparaturen besser zu planen.<\/p>\n<p><img decoding=\"async\" src=\"https:\/\/www.hydraulic-cylinders.net\/wp-content\/uploads\/2025\/04\/songte-bushings-with-all-kinds-of-excavator-models.webp\" alt=\"Baggermodelle\"><\/p>\n<h2>\u00dcber unser Unternehmen<\/h2>\n<p>Wir sind ein f\u00fchrender Hersteller von Hydraulikzylindern und bieten ein umfassendes Produktsortiment. Unser Unternehmen hat sich als erstklassiger Hersteller und Gro\u00dfh\u00e4ndler von Hydraulikzylindern auf dem nationalen und internationalen Markt etabliert. Wir halten uns an h\u00f6chste Qualit\u00e4tsstandards und setzen eine ausgereifte Fertigungsmanagementstrategie ein.<\/p>\n<p>Durch den Einsatz talentierter Fachkr\u00e4fte, modernster digitaler Fertigungsanlagen und spezialisierter Testsysteme verbessern wir kontinuierlich unsere Fertigungskapazit\u00e4ten. Unser Qualit\u00e4tsanspruch erf\u00fcllt nicht nur die vielf\u00e4ltigen Kundenbed\u00fcrfnisse, sondern st\u00e4rkt auch unsere Marktposition.<\/p>\n<p><img decoding=\"async\" src=\"https:\/\/www.hydraulic-cylinders.net\/wp-content\/uploads\/2025\/04\/songte-company-4.webp\" alt=\"Unternehmens\u00fcbersicht\"><br \/>\n<img decoding=\"async\" src=\"https:\/\/www.hydraulic-cylinders.net\/wp-content\/uploads\/2025\/04\/songte-company-3.webp\" alt=\"Produktionsst\u00e4tte\"><\/p>\n<p>Wir sind stolz auf unsere Professionalit\u00e4t, unsere internationalen Zertifizierungen, unsere individuell anpassbaren Dienstleistungen und unseren exzellenten Kundendienst, der sicherstellt, dass unsere Kunden beste Qualit\u00e4t und besten Service erhalten.<\/p>\n<p>Autor: lyl<\/p>","protected":false},"excerpt":{"rendered":"<p>Boom Cylinder For Kato Small Excavator HD550-1-7 Understanding the Boom Cylinder The boom cylinder is a hydraulic cylinder specifically designed for controlling the movement of the boom on various heavy machinery, such as excavators, backhoe loaders, and front-end loaders. This essential component allows the boom to lift, lower, and tilt, facilitating efficient material handling tasks. [&hellip;]<\/p>","protected":false},"featured_media":17875,"comment_status":"open","ping_status":"closed","template":"","meta":{"_et_pb_use_builder":"","_et_pb_old_content":"","_et_gb_content_width":""},"product_brand":[],"product_cat":[1546],"product_tag":[1547,1496],"class_list":{"0":"post-19732","1":"product","2":"type-product","3":"status-publish","4":"has-post-thumbnail","6":"product_cat-boom-cylinders","7":"product_tag-boom-cylinders","8":"product_tag-hydraulic-cylinders","10":"first","11":"instock","12":"shipping-taxable","13":"product-type-simple"},"amp_enabled":true,"_links":{"self":[{"href":"https:\/\/www.hydraulic-cylinders.net\/de\/wp-json\/wp\/v2\/product\/19732","targetHints":{"allow":["GET"]}}],"collection":[{"href":"https:\/\/www.hydraulic-cylinders.net\/de\/wp-json\/wp\/v2\/product"}],"about":[{"href":"https:\/\/www.hydraulic-cylinders.net\/de\/wp-json\/wp\/v2\/types\/product"}],"replies":[{"embeddable":true,"href":"https:\/\/www.hydraulic-cylinders.net\/de\/wp-json\/wp\/v2\/comments?post=19732"}],"wp:featuredmedia":[{"embeddable":true,"href":"https:\/\/www.hydraulic-cylinders.net\/de\/wp-json\/wp\/v2\/media\/17875"}],"wp:attachment":[{"href":"https:\/\/www.hydraulic-cylinders.net\/de\/wp-json\/wp\/v2\/media?parent=19732"}],"wp:term":[{"taxonomy":"product_brand","embeddable":true,"href":"https:\/\/www.hydraulic-cylinders.net\/de\/wp-json\/wp\/v2\/product_brand?post=19732"},{"taxonomy":"product_cat","embeddable":true,"href":"https:\/\/www.hydraulic-cylinders.net\/de\/wp-json\/wp\/v2\/product_cat?post=19732"},{"taxonomy":"product_tag","embeddable":true,"href":"https:\/\/www.hydraulic-cylinders.net\/de\/wp-json\/wp\/v2\/product_tag?post=19732"}],"curies":[{"name":"wp","href":"https:\/\/api.w.org\/{rel}","templated":true}]}}