{"id":19744,"date":"2025-04-07T07:05:04","date_gmt":"2025-04-07T07:05:04","guid":{"rendered":"https:\/\/www.hydraulic-cylinders.net\/product\/boom-cylinder-for-kato-small-excavator-hd512-3\/"},"modified":"2025-04-07T07:05:07","modified_gmt":"2025-04-07T07:05:07","slug":"boom-cylinder-for-kato-small-excavator-hd512-3","status":"publish","type":"product","link":"https:\/\/www.hydraulic-cylinders.net\/de\/produkt\/boom-cylinder-for-kato-small-excavator-hd512-3\/","title":{"rendered":"Auslegerzylinder f\u00fcr Kato Kleinbagger HD512-3"},"content":{"rendered":"<h1>Auslegerzylinder f\u00fcr Kato Kleinbagger HD512-3<\/h1>\n<h2>\u00dcbersicht \u00fcber den Auslegerzylinder<\/h2>\n<p>Der Auslegerzylinder ist ein wesentlicher Bestandteil von Hydrauliksystemen und dient prim\u00e4r der Steuerung der Schaufelbewegung in verschiedenen Baumaschinen wie Baggern, Baggerladern und Radladern. Er erm\u00f6glicht das Heben, Senken und Neigen der Schaufel und erleichtert so effiziente Materialumschlagsarbeiten. Der Auslegerzylinder spielt eine entscheidende Rolle f\u00fcr die Leistungsf\u00e4higkeit und Vielseitigkeit von Baumaschinen, da er die pr\u00e4zise Steuerung und Bewegung schwerer Lasten erm\u00f6glicht und ihn daher f\u00fcr Bau- und Aushubarbeiten unverzichtbar macht.<\/p>\n<p><img decoding=\"async\" src=\"https:\/\/www.hydraulic-cylinders.net\/wp-content\/uploads\/2025\/04\/songte-company-1.webp\" alt=\"Auslegerzylinder f\u00fcr Bagger\" \/><\/p>\n<h2>Merkmale unseres Auslegerzylinders<\/h2>\n<ul>\n<li>\n<h3>Hohe Festigkeit und Haltbarkeit<\/h3>\n<p>Unsere aus hochfestem Stahl oder Aluminium gefertigten Auslegerzylinder sind so konstruiert, dass sie hohem Druck und schweren Lasten standhalten und sich gleichzeitig an raue Arbeitsumgebungen anpassen. Die Konstruktion ber\u00fccksichtigt Verschlei\u00df- und Korrosionsbest\u00e4ndigkeit und verl\u00e4ngert so die Lebensdauer des Produkts.<\/p>\n<\/li>\n<li>\n<h3>Effizienter Hydraulikbetrieb<\/h3>\n<p>Durch die Nutzung von Hydraulikfl\u00fcssigkeitsdruck erm\u00f6glichen unsere Zylinder ein sanftes Aus- und Einfahren, gew\u00e4hrleisten eine schnelle Reaktion auf die Befehle des Bedieners und liefern eine starke Schub- und Zugkraft \u2013 ideal f\u00fcr die Bew\u00e4ltigung schwerer und komplexer Arbeitsaufgaben.<\/p>\n<\/li>\n<li>\n<h3>Vielfalt der Typen<\/h3>\n<p>Unsere Auslegerzylinder sind in verschiedenen Ausf\u00fchrungen erh\u00e4ltlich, darunter einfachwirkende (einseitig wirkende) und doppeltwirkende (beidseitig wirkende) Typen. Einige Modelle sind teleskopierbar und erm\u00f6glichen so eine gr\u00f6\u00dfere Reichweite ohne Vergr\u00f6\u00dferung der Au\u00dfenabmessungen. Dadurch eignen sie sich ideal f\u00fcr Anwendungen mit beengten Platzverh\u00e4ltnissen.<\/p>\n<\/li>\n<li>\n<h3>Feinmechanik<\/h3>\n<p>Jeder Zylinder wird strengen Tests und Qualit\u00e4tskontrollen unterzogen, um zuverl\u00e4ssige Leistung und Langlebigkeit auch unter anspruchsvollen Bedingungen zu gew\u00e4hrleisten.<\/p>\n<\/li>\n<li>\n<h3>Vielseitige Einsatzm\u00f6glichkeiten<\/h3>\n<p>Unsere Zylinder sind so konzipiert, dass sie mit verschiedenen Baggermodellen kompatibel sind und OEM-Teile nahtlos ersetzen k\u00f6nnen, wodurch eine optimale Leistung gew\u00e4hrleistet wird.<\/p>\n<\/li>\n<\/ul>\n<p><img decoding=\"async\" src=\"https:\/\/www.hydraulic-cylinders.net\/wp-content\/uploads\/2025\/04\/songte-cylinder-head-with-all-kinds-excavator-models.webp\" alt=\"Kompatibilit\u00e4t der Baggermodelle\" \/><\/p>\n<h2>Anwendungsszenarien<\/h2>\n<ul>\n<li>\n<h3>Baumaschinen<\/h3>\n<p>Bei Baggern sind die Auslegerzylinder von zentraler Bedeutung f\u00fcr das Graben, Laden und Bewegen von Erde oder Bauschutt. Ihre Funktionalit\u00e4t ist auf Baustellen f\u00fcr Aufgaben, die das Heben schwerer Lasten und das pr\u00e4zise Platzieren von Materialien erfordern, unerl\u00e4sslich.<\/p>\n<\/li>\n<li>\n<h3>Landmaschinen<\/h3>\n<p>Diese in Frontladern eingesetzten Zylinder sind unverzichtbar zum Schaufeln, Anheben und Transportieren von Erde, Heu und anderen Materialien. Ihr effizienter Betrieb steigert die Produktivit\u00e4t in der Landwirtschaft.<\/p>\n<\/li>\n<li>\n<h3>Bagger<\/h3>\n<p>Die Auslegerzylinder erm\u00f6glichen es dem L\u00f6ffel, effektiv in den Boden einzudringen und so effiziente Grabvorg\u00e4nge zu gew\u00e4hrleisten, die f\u00fcr Aushubarbeiten unerl\u00e4sslich sind.<\/p>\n<\/li>\n<li>\n<h3>Lader<\/h3>\n<p>Bei Frontladern helfen die Auslegerzylinder beim effizienten Heben und Abladen von Lasten und sind daher unverzichtbare Werkzeuge bei Materialumschlag- und Bauprozessen.<\/p>\n<\/li>\n<\/ul>\n<h2>Design\u00fcberlegungen und Auswahlkriterien<\/h2>\n<ul>\n<li>\n<h3>Tragf\u00e4higkeit<\/h3>\n<p>Die Tragf\u00e4higkeit ist bei der Auswahl eines Auslegerzylinders von entscheidender Bedeutung. Er muss die zu erwartenden Lasten heben k\u00f6nnen, ohne zu versagen. Dabei m\u00fcssen sowohl die statischen als auch die dynamischen Belastungen im Betrieb ber\u00fccksichtigt werden.<\/p>\n<\/li>\n<li>\n<h3>Versiegelung<\/h3>\n<p>Eine effektive Abdichtung ist unerl\u00e4sslich, um das Austreten von Hydraulikfl\u00fcssigkeit zu verhindern, da dies zu Leistungseinbu\u00dfen und Umweltgefahren f\u00fchren kann. Hochwertige Dichtungen gew\u00e4hrleisten langfristige Zuverl\u00e4ssigkeit und minimalen Wartungsaufwand.<\/p>\n<\/li>\n<li>\n<h3>Haltbarkeit<\/h3>\n<p>Material und Konstruktion des Zylinders beeinflussen seine Lebensdauer. Die Wahl verschlei\u00df- und korrosionsbest\u00e4ndiger Materialien verl\u00e4ngert die Lebensdauer des Produkts und reduziert die H\u00e4ufigkeit von Austauschvorg\u00e4ngen.<\/p>\n<\/li>\n<li>\n<h3>Sicherheit<\/h3>\n<p>Die Integration von Sicherheitsmerkmalen wie Druckentlastungsventilen gew\u00e4hrleistet einen sicheren Betrieb unter verschiedenen Bedingungen, was in risikoreichen Umgebungen wie Baustellen unerl\u00e4sslich ist.<\/p>\n<\/li>\n<li>\n<h3>Wartbarkeit<\/h3>\n<p>Die Konstruktion von Zylindern im Hinblick auf eine einfache Wartung ist von entscheidender Bedeutung. Die Ber\u00fccksichtigung der Zug\u00e4nglichkeit wichtiger Komponenten f\u00fcr Inspektion und Wartung kann Ausfallzeiten erheblich reduzieren.<\/p>\n<\/li>\n<\/ul>\n<p><img decoding=\"async\" src=\"https:\/\/www.hydraulic-cylinders.net\/wp-content\/uploads\/2025\/04\/songte-oil-pipes-and-spare-parts.webp\" alt=\"Hydraulikteile und Wartung\" \/><\/p>\n<h2>Abdichtung und Schmierung<\/h2>\n<p>Eine ordnungsgem\u00e4\u00dfe Abdichtung und Schmierung sind f\u00fcr die Langlebigkeit von Hydraulikzylindern unerl\u00e4sslich. Verschiedene Dichtungen, wie Kolben- und Stangendichtungen, bestehen aus robusten Materialien wie Polyurethan und Nitrilkautschuk, die eine hervorragende Verschlei\u00dffestigkeit bieten. Die pr\u00e4zisionsbearbeiteten Oberfl\u00e4chen des Zylinderk\u00f6rpers und der Gewindeenden erh\u00f6hen die Haltbarkeit und reduzieren den Verschlei\u00df. Regelm\u00e4\u00dfiges Schmieren mit einer ausreichenden Menge Hydraulik\u00f6l ist notwendig, um eine optimale Leistung zu gew\u00e4hrleisten und Trockenlauf zu vermeiden, der zu vorzeitigem Ausfall f\u00fchren kann.<\/p>\n<h2>Vorbeugende Wartungsma\u00dfnahmen<\/h2>\n<ul>\n<li>\n<h3>Regelm\u00e4\u00dfige Inspektionen<\/h3>\n<p>Regelm\u00e4\u00dfige Inspektionen der Hydraulikzylinder auf Leckagen, Verschlei\u00df und andere Anzeichen von Abnutzung k\u00f6nnen dazu beitragen, Probleme zu erkennen, bevor sie zu ernsthaften Schwierigkeiten werden.<\/p>\n<\/li>\n<li>\n<h3>Geeignete Schmierung<\/h3>\n<p>Die Aufrechterhaltung eines angemessenen Schmierstoffniveaus und die Verwendung des richtigen Hydraulik\u00f6ls sind entscheidend f\u00fcr einen reibungslosen Betrieb und zur Minimierung der Reibung zwischen beweglichen Teilen.<\/p>\n<\/li>\n<li>\n<h3>Dichtungswechsel<\/h3>\n<p>Durch die regelm\u00e4\u00dfige \u00dcberpr\u00fcfung und den gegebenenfalls erforderlichen Austausch der Dichtungen wird der Hydraulikdruck aufrechterhalten und Leckagen werden vermieden, wodurch ein effizienter Betrieb des Systems gew\u00e4hrleistet wird.<\/p>\n<\/li>\n<\/ul>\n<h2>Installationshinweise<\/h2>\n<p>Die korrekte Montage des Auslegerzylinders ist entscheidend f\u00fcr seine Leistung und Lebensdauer. Stellen Sie zun\u00e4chst sicher, dass der Zylinder korrekt mit den Befestigungspunkten am Bagger ausgerichtet ist. Es empfiehlt sich, geeignete Montagehalterungen zu verwenden, um den Zylinder fest zu fixieren. Achten Sie darauf, dass alle Befestigungselemente gem\u00e4\u00df den Herstellervorgaben angezogen sind, um ein L\u00f6sen w\u00e4hrend des Betriebs zu vermeiden. Pr\u00fcfen Sie au\u00dferdem die Hydraulikanschl\u00fcsse auf Undichtigkeiten und stellen Sie sicher, dass der Hydraulik\u00f6lstand korrekt ist, bevor Sie die Funktion des Zylinders testen. Befolgen Sie stets die Montageanleitung des Herstellers genau, um eine optimale Leistung zu gew\u00e4hrleisten.<\/p>\n<h2>Allgemeine Wartungsaufgaben<\/h2>\n<ul>\n<li>\n<h3>Regelm\u00e4\u00dfige Kontrollen<\/h3>\n<p>\u00dcberpr\u00fcfen Sie regelm\u00e4\u00dfig den Druck und die Leistung des Hydrauliksystems. Die \u00dcberwachung auf Unregelm\u00e4\u00dfigkeiten stellt sicher, dass kleinere Probleme umgehend behoben werden, bevor es zu gr\u00f6\u00dferen Ausf\u00e4llen kommt.<\/p>\n<\/li>\n<li>\n<h3>Richtige Schmierung<\/h3>\n<p>Um den Verschlei\u00df der Zylinderkomponenten zu minimieren, ist eine ordnungsgem\u00e4\u00dfe Schmierung durch die Verwendung von hochwertigem Hydraulik\u00f6l und dessen Anwendung in den empfohlenen Intervallen sicherzustellen.<\/p>\n<\/li>\n<li>\n<h3>Dichtungswechsel und Kalibrierung<\/h3>\n<p>Um die Genauigkeit der Hydraulikfunktionen zu gew\u00e4hrleisten, sollten verschlissene Dichtungen regelm\u00e4\u00dfig ausgetauscht und Kalibrierungspr\u00fcfungen durchgef\u00fchrt werden. Dies erh\u00f6ht die Zuverl\u00e4ssigkeit und Effizienz des Systems.<\/p>\n<\/li>\n<\/ul>\n<p><img decoding=\"async\" src=\"https:\/\/www.hydraulic-cylinders.net\/wp-content\/uploads\/2025\/04\/songte-chushion-collar.webp\" alt=\"Zylinderd\u00e4mpfung\" \/><\/p>\n<h2>Sicherheitsaspekte und Umweltfaktoren<\/h2>\n<p>Beim Betrieb von Hydraulikzylindern haben Sicherheitsma\u00dfnahmen h\u00f6chste Priorit\u00e4t, um Personal und Ausr\u00fcstung zu sch\u00fctzen. Es ist stets sicherzustellen, dass Schutzvorrichtungen angebracht sind und die Bediener in der korrekten Handhabung geschult sind. Umwelteinfl\u00fcsse wie extreme Temperaturen und der Kontakt mit korrosiven Substanzen m\u00fcssen ebenfalls ber\u00fccksichtigt werden, da sie die Leistung und Lebensdauer der Zylinder beeintr\u00e4chtigen k\u00f6nnen. Regelm\u00e4\u00dfige Schulungen zu Sicherheitsprotokollen und Umweltbewusstsein k\u00f6nnen das Risiko von Unf\u00e4llen und Ger\u00e4teausf\u00e4llen deutlich reduzieren.<\/p>\n<h2>Fehlerdiagnose und h\u00e4ufige Probleme<\/h2>\n<ul>\n<li>\n<h3>Hydrauliklecks<\/h3>\n<p>Leckagen deuten h\u00e4ufig auf verschlissene Dichtungen oder besch\u00e4digte Bauteile hin. \u00dcberpr\u00fcfen Sie das System regelm\u00e4\u00dfig auf Anzeichen von Fl\u00fcssigkeitsverlust und beheben Sie das Problem umgehend, um Betriebsst\u00f6rungen zu vermeiden.<\/p>\n<\/li>\n<li>\n<h3>Unregelm\u00e4\u00dfige Bewegung<\/h3>\n<p>Wenn sich der Zylinder unregelm\u00e4\u00dfig bewegt oder nicht reagiert, kann dies an einem zu niedrigen Hydraulik\u00f6lstand oder Luft im System liegen. \u00dcberpr\u00fcfen Sie den \u00d6lstand und entl\u00fcften Sie die Leitungen, um die ordnungsgem\u00e4\u00dfe Funktion wiederherzustellen.<\/p>\n<\/li>\n<li>\n<h3>\u00dcberhitzung<\/h3>\n<p>\u00dcberm\u00e4\u00dfige Hitze kann ein Anzeichen f\u00fcr \u00dcberlastung oder unzureichende Schmierung sein. Stellen Sie sicher, dass der Zylinder nicht \u00fcberlastet wird und dass eine ausreichende Schmierung gew\u00e4hrleistet ist.<\/p>\n<\/li>\n<\/ul>\n<h2>Tipps zur Fehlerbehebung und zu vorbeugenden Ma\u00dfnahmen<\/h2>\n<p>F\u00fcr eine effektive Fehlerdiagnose sollten alle Probleme und durchgef\u00fchrten Reparaturen am Hydrauliksystem dokumentiert werden. Regelm\u00e4\u00dfige Wartungschecks und die sofortige Behebung von Verschlei\u00dferscheinungen k\u00f6nnen das Risiko schwerwiegender Probleme deutlich verringern. Die Implementierung eines vorbeugenden Wartungsplans mit routinem\u00e4\u00dfigen Inspektionen und Servicearbeiten erh\u00f6ht die Zuverl\u00e4ssigkeit und verl\u00e4ngert die Lebensdauer des Auslegerzylinders.<\/p>\n<p><img decoding=\"async\" src=\"https:\/\/www.hydraulic-cylinders.net\/wp-content\/uploads\/2025\/04\/songte-bushings-with-all-kinds-of-excavator-models.webp\" alt=\"Buchsen f\u00fcr Bagger\" \/><\/p>\n<h2>Unternehmensvorstellung<\/h2>\n<p>Wir sind ein f\u00fchrender Hersteller von alternativen Hydraulikzylindern und bieten ein umfassendes Produktsortiment, das uns zu einem der gr\u00f6\u00dften Gro\u00dfh\u00e4ndler im In- und Ausland macht. Wir verpflichten uns zu h\u00f6chster Qualit\u00e4t und setzen dabei auf eine industrielle Produktionsmanagementstrategie mit optimierten Fertigungsprozessen. Unser Unternehmen investiert in qualifiziertes Fachpersonal, modernste digitale Fertigungsanlagen und spezialisierte Testsysteme, um unsere Fertigungskompetenz kontinuierlich zu verbessern. Mit einem starken Fokus auf Effizienz, Pr\u00e4zision und Qualit\u00e4t erf\u00fcllen wir die vielf\u00e4ltigen Bed\u00fcrfnisse unserer Kunden durch ma\u00dfgeschneiderte L\u00f6sungen und einen zuverl\u00e4ssigen Kundendienst.<\/p>\n<p><img decoding=\"async\" src=\"https:\/\/www.hydraulic-cylinders.net\/wp-content\/uploads\/2025\/04\/songte-company-4.webp\" alt=\"Unternehmens\u00fcbersicht\" \/><br \/>\n<img decoding=\"async\" src=\"https:\/\/www.hydraulic-cylinders.net\/wp-content\/uploads\/2025\/04\/songte-company-3.webp\" alt=\"Produktionsst\u00e4tte\" \/><\/p>\n<p>Autor: lyl<\/p>","protected":false},"excerpt":{"rendered":"<p>Boom Cylinder For Kato Small Excavator HD512-3 Overview of Boom Cylinder The boom cylinder is an essential component in hydraulic systems, primarily designed to control the movement of buckets in various heavy machinery, such as excavators, backhoe loaders, and front loaders. This hydraulic cylinder enables the bucket to lift, lower, and tilt, facilitating material handling [&hellip;]<\/p>","protected":false},"featured_media":17872,"comment_status":"open","ping_status":"closed","template":"","meta":{"_et_pb_use_builder":"","_et_pb_old_content":"","_et_gb_content_width":""},"product_brand":[],"product_cat":[1546],"product_tag":[1547,1496],"class_list":{"0":"post-19744","1":"product","2":"type-product","3":"status-publish","4":"has-post-thumbnail","6":"product_cat-boom-cylinders","7":"product_tag-boom-cylinders","8":"product_tag-hydraulic-cylinders","10":"first","11":"instock","12":"shipping-taxable","13":"product-type-simple"},"amp_enabled":true,"_links":{"self":[{"href":"https:\/\/www.hydraulic-cylinders.net\/de\/wp-json\/wp\/v2\/product\/19744","targetHints":{"allow":["GET"]}}],"collection":[{"href":"https:\/\/www.hydraulic-cylinders.net\/de\/wp-json\/wp\/v2\/product"}],"about":[{"href":"https:\/\/www.hydraulic-cylinders.net\/de\/wp-json\/wp\/v2\/types\/product"}],"replies":[{"embeddable":true,"href":"https:\/\/www.hydraulic-cylinders.net\/de\/wp-json\/wp\/v2\/comments?post=19744"}],"wp:featuredmedia":[{"embeddable":true,"href":"https:\/\/www.hydraulic-cylinders.net\/de\/wp-json\/wp\/v2\/media\/17872"}],"wp:attachment":[{"href":"https:\/\/www.hydraulic-cylinders.net\/de\/wp-json\/wp\/v2\/media?parent=19744"}],"wp:term":[{"taxonomy":"product_brand","embeddable":true,"href":"https:\/\/www.hydraulic-cylinders.net\/de\/wp-json\/wp\/v2\/product_brand?post=19744"},{"taxonomy":"product_cat","embeddable":true,"href":"https:\/\/www.hydraulic-cylinders.net\/de\/wp-json\/wp\/v2\/product_cat?post=19744"},{"taxonomy":"product_tag","embeddable":true,"href":"https:\/\/www.hydraulic-cylinders.net\/de\/wp-json\/wp\/v2\/product_tag?post=19744"}],"curies":[{"name":"wp","href":"https:\/\/api.w.org\/{rel}","templated":true}]}}