{"id":19979,"date":"2025-04-21T01:11:28","date_gmt":"2025-04-21T01:11:28","guid":{"rendered":"https:\/\/www.hydraulic-cylinders.net\/?post_type=product&#038;p=19979"},"modified":"2025-04-21T03:47:37","modified_gmt":"2025-04-21T03:47:37","slug":"top-link-hydraulic-cylinder","status":"publish","type":"product","link":"https:\/\/www.hydraulic-cylinders.net\/de\/produkt\/top-link-hydraulic-cylinder\/","title":{"rendered":"Oberlenker-Hydraulikzylinder"},"content":{"rendered":"<h1 style=\"text-align: center;\"><strong>Oberlenker-Hydraulikzylinder<\/strong><\/h1>\n<p><img loading=\"lazy\" decoding=\"async\" class=\"aligncenter wp-image-19981\" src=\"https:\/\/www.hydraulic-cylinders.net\/wp-content\/uploads\/2025\/04\/top-link-hydraulic-cylinder-product-2.webp\" alt=\"Oberlenker-Hydraulikzylinder \" width=\"500\" height=\"500\" srcset=\"https:\/\/www.hydraulic-cylinders.net\/wp-content\/uploads\/2025\/04\/top-link-hydraulic-cylinder-product-2.webp 500w, https:\/\/www.hydraulic-cylinders.net\/wp-content\/uploads\/2025\/04\/top-link-hydraulic-cylinder-product-2-480x480.webp 480w\" sizes=\"(min-width: 0px) and (max-width: 480px) 480px, (min-width: 481px) 500px, 100vw\" \/><\/p>\n<p>Unser Oberlenker-Hydraulikzylinder f\u00fcr Traktoren ist f\u00fcr die nahtlose Integration in Dreipunktaufh\u00e4ngungssysteme konzipiert und erm\u00f6glicht die pr\u00e4zise Steuerung landwirtschaftlicher Anbauger\u00e4te. Diese auf Effizienzsteigerung ausgelegte Hydraulikl\u00f6sung justiert Pfl\u00fcge, S\u00e4maschinen und M\u00e4hwerke exakt und ist somit ideal f\u00fcr Pfl\u00fcgen, Direktsaat und Gr\u00fcnlandpflege.<\/p>\n<p>Es ist aus hochfesten Materialien gefertigt und gew\u00e4hrleistet Langlebigkeit auch unter anspruchsvollen Bedingungen in der Landwirtschaft, wie beispielsweise auf schlammigen oder nassen Feldern. Ob Sie die Saatgutablage in der nachhaltigen Landwirtschaft optimieren oder Weidefl\u00e4chen bewirtschaften \u2013 unser Oberlenker-Hydraulikzylinder bietet zuverl\u00e4ssige Leistung und steigert die Produktivit\u00e4t in vielf\u00e4ltigen landwirtschaftlichen Anwendungsbereichen.<\/p>\n<h2><strong>Parameter des Hydraulikzylinders des Oberlenkers:<img loading=\"lazy\" decoding=\"async\" class=\"wp-image-19983 aligncenter\" src=\"https:\/\/www.hydraulic-cylinders.net\/wp-content\/uploads\/2025\/04\/top-link-hydraulic-cylinder-product-1-1.webp\" alt=\"Oberlenker-Hydraulikzylinder\" width=\"500\" height=\"500\" srcset=\"https:\/\/www.hydraulic-cylinders.net\/wp-content\/uploads\/2025\/04\/top-link-hydraulic-cylinder-product-1-1.webp 500w, https:\/\/www.hydraulic-cylinders.net\/wp-content\/uploads\/2025\/04\/top-link-hydraulic-cylinder-product-1-1-480x480.webp 480w\" sizes=\"(min-width: 0px) and (max-width: 480px) 480px, (min-width: 481px) 500px, 100vw\" \/><\/strong><\/h2>\n<p><img loading=\"lazy\" decoding=\"async\" class=\"size-full wp-image-19984 aligncenter\" src=\"https:\/\/www.hydraulic-cylinders.net\/wp-content\/uploads\/2025\/04\/top-link-hydraulic-cylinder-parameter.webp\" alt=\"\" width=\"718\" height=\"458\" srcset=\"https:\/\/www.hydraulic-cylinders.net\/wp-content\/uploads\/2025\/04\/top-link-hydraulic-cylinder-parameter.webp 718w, https:\/\/www.hydraulic-cylinders.net\/wp-content\/uploads\/2025\/04\/top-link-hydraulic-cylinder-parameter-480x306.webp 480w\" sizes=\"(min-width: 0px) and (max-width: 480px) 480px, (min-width: 481px) 718px, 100vw\" \/><\/p>\n<table class=\"all magic-6\">\n<tbody>\n<tr>\n<td colspan=\"1\" rowspan=\"1\">\n<div class=\"magic-7\"><b>Produktname<\/b><\/div>\n<\/td>\n<td colspan=\"1\" rowspan=\"1\">\n<div class=\"magic-8\">Oberlenkerzylinder<\/div>\n<\/td>\n<\/tr>\n<tr>\n<td colspan=\"1\" rowspan=\"1\">\n<div class=\"magic-9\"><b>Zertifizierung<\/b><\/div>\n<\/td>\n<td colspan=\"1\" rowspan=\"1\">\n<div class=\"magic-10\">ISO9001:2000<\/div>\n<\/td>\n<\/tr>\n<tr>\n<td colspan=\"1\" rowspan=\"1\">\n<div class=\"magic-11\"><b>Bohrungsgr\u00f6\u00dfe<\/b><\/div>\n<\/td>\n<td colspan=\"1\" rowspan=\"1\">\n<div class=\"magic-12\">2-6 Zoll<\/div>\n<\/td>\n<\/tr>\n<tr>\n<td colspan=\"1\" rowspan=\"1\">\n<div class=\"magic-11\"><b>Stangengr\u00f6\u00dfe<\/b><\/div>\n<\/td>\n<td colspan=\"1\" rowspan=\"1\">\n<div class=\"magic-12\">1,125-4 Zoll<\/div>\n<\/td>\n<\/tr>\n<tr>\n<td colspan=\"1\" rowspan=\"1\">\n<div class=\"magic-11\"><b>Hubgr\u00f6\u00dfe<\/b><\/div>\n<\/td>\n<td colspan=\"1\" rowspan=\"1\">\n<div class=\"magic-12\">4-100 Zoll<\/div>\n<\/td>\n<\/tr>\n<tr>\n<td colspan=\"1\" rowspan=\"1\">\n<div class=\"magic-11\"><b>Stiftgr\u00f6\u00dfe<\/b><\/div>\n<\/td>\n<td colspan=\"1\" rowspan=\"1\">\n<div class=\"magic-12\">0,5-2 Zoll<\/div>\n<\/td>\n<\/tr>\n<tr>\n<td colspan=\"1\" rowspan=\"1\">\n<div class=\"magic-11\"><b>H\u00e4fen<\/b><\/div>\n<\/td>\n<td colspan=\"1\" rowspan=\"1\">\n<div class=\"magic-12\" data-spm-anchor-id=\"a2700.details-description.0.i0.3642vGtMvGtMlh\">G\/SAE\/NPT\/M<\/div>\n<\/td>\n<\/tr>\n<\/tbody>\n<\/table>\n<div><\/div>\n<h2><strong>Vorteile des Hydraulikzylinders des Oberlenkers:<\/strong><\/h2>\n<div>\n<p class=\"break-words\" dir=\"auto\"><strong>Pr\u00e4zise Tiefen- und Winkelkontrolle<\/strong>Die Hydraulikzylinder des Oberlenkers erm\u00f6glichen eine pr\u00e4zise hydraulische Einstellung von Traktoranbauger\u00e4ten wie Pfl\u00fcgen und S\u00e4maschinen und gew\u00e4hrleisten so eine gleichbleibende Arbeitstiefe und einen gleichm\u00e4\u00dfigen Arbeitswinkel. Diese Genauigkeit verbessert die Bodenbearbeitung und die Saatgutablage, was zu einem gleichm\u00e4\u00dfigen Pflanzenwachstum und h\u00f6heren Ertr\u00e4gen f\u00fchrt.<\/p>\n<p class=\"break-words\" dir=\"auto\"><strong>Robustes und langlebiges Design<\/strong>\uff1a Diese Zylinder sind aus hochfestem Stahl gefertigt und mit korrosionsbest\u00e4ndigen Beschichtungen versehen. Sie sind so konstruiert, dass sie rauen landwirtschaftlichen Umgebungen wie schlammigen Feldern, N\u00e4sse und abrasivem Boden standhalten und somit eine lange Lebensdauer gew\u00e4hrleisten.<\/p>\n<p class=\"break-words\" dir=\"auto\"><strong>Flexibler und vielseitiger Betrieb<\/strong>\uff1a Dank ihrer doppeltwirkenden Funktion erm\u00f6glichen die Hydraulikzylinder des Oberlenkers sanfte Schub- und Zugbewegungen, sodass Landwirte die Anbauger\u00e4te dynamisch und m\u00fchelos f\u00fcr Aufgaben wie Pfl\u00fcgen, Direktsaat und Gr\u00fcnlandpflege anpassen k\u00f6nnen.<\/p>\n<p class=\"break-words\" dir=\"auto\"><strong>Kompakt und platzsparend<\/strong>\uff1a Sie wurden so konstruiert, dass sie sich nahtlos in die Dreipunktaufh\u00e4ngung von Traktoren integrieren lassen. Ihre kompakte Bauweise gew\u00e4hrleistet eine einfache Installation und Bedienung, selbst auf engstem Raum, ohne Kompromisse bei Leistung oder Man\u00f6vrierf\u00e4higkeit einzugehen.<\/p>\n<p class=\"break-words\" dir=\"auto\"><strong>Zeit- und Arbeitseffizienz<\/strong>Durch die M\u00f6glichkeit schneller und pr\u00e4ziser Anpassungen verringern die Hydraulikzylinder des Oberlenkers den Bedarf an manuellen Eingriffen und sparen den Landwirten Zeit und M\u00fche bei anspruchsvollen Aufgaben wie der Feldvorbereitung, der Aussaat und der Heuernte.<\/p>\n<p class=\"break-words\" dir=\"auto\"><strong>Anpassbare Kompatibilit\u00e4t<\/strong>\uff1a Diese Zylinder sind in ma\u00dfgeschneiderten Ausf\u00fchrungen erh\u00e4ltlich und k\u00f6nnen an verschiedene Traktormodelle und Anbauger\u00e4te angepasst werden, wodurch eine perfekte Kompatibilit\u00e4t f\u00fcr vielf\u00e4ltige landwirtschaftliche Anwendungen gew\u00e4hrleistet wird, von kleinen landwirtschaftlichen Betrieben bis hin zu Gro\u00dfbetrieben.<\/p>\n<\/div>\n<h2><strong>Anwendung des Oberlenker-Hydraulikzylinders:<\/strong><\/h2>\n<p><img loading=\"lazy\" decoding=\"async\" class=\"alignnone size-full wp-image-19967\" src=\"https:\/\/www.hydraulic-cylinders.net\/wp-content\/uploads\/2025\/04\/top-link-hydraulic-cylinder-application-scaled.webp\" alt=\"Anwendung des Oberlenker-Hydraulikzylinders\" width=\"2560\" height=\"1440\" srcset=\"https:\/\/www.hydraulic-cylinders.net\/wp-content\/uploads\/2025\/04\/top-link-hydraulic-cylinder-application-scaled.webp 2560w, https:\/\/www.hydraulic-cylinders.net\/wp-content\/uploads\/2025\/04\/top-link-hydraulic-cylinder-application-1280x720.webp 1280w, https:\/\/www.hydraulic-cylinders.net\/wp-content\/uploads\/2025\/04\/top-link-hydraulic-cylinder-application-980x551.webp 980w, https:\/\/www.hydraulic-cylinders.net\/wp-content\/uploads\/2025\/04\/top-link-hydraulic-cylinder-application-480x270.webp 480w\" sizes=\"(min-width: 0px) and (max-width: 480px) 480px, (min-width: 481px) and (max-width: 980px) 980px, (min-width: 981px) and (max-width: 1280px) 1280px, (min-width: 1281px) 2560px, 100vw\" \/><\/p>\n<h4><strong>Einstellung der Dreipunktaufh\u00e4ngung am Traktor<\/strong>:<\/h4>\n<div>\n<p>Unsere Hydraulikzylinder am Oberlenker erm\u00f6glichen die pr\u00e4zise Einstellung von Traktoranbauger\u00e4ten wie Pfl\u00fcgen und S\u00e4maschinen. So gew\u00e4hrleisten wir eine gleichbleibende Arbeitstiefe und einen gleichm\u00e4\u00dfigen Arbeitswinkel f\u00fcr effizientes Pfl\u00fcgen und S\u00e4en \u2013 selbst unter schwierigen Feldbedingungen wie unebenem Gel\u00e4nde oder steinigen B\u00f6den. Diese Genauigkeit minimiert Ertragsschwankungen, optimiert die Bodenbearbeitung und steigert letztendlich die Ertr\u00e4ge Saison f\u00fcr Saison.<\/p>\n<h4><strong>Direktsaattiefensteuerung<\/strong>:<\/h4>\n<p>Der hydraulische Zylinder f\u00fcr die Direktsaat erm\u00f6glicht eine pr\u00e4zise Tiefenregulierung, minimiert die Bodenbearbeitung und optimiert die Saatgutablage f\u00fcr Kulturen wie Mais und Sojabohnen. Ideal f\u00fcr nachhaltige Landwirtschaft: Er tr\u00e4gt zur Erhaltung der Bodenfeuchtigkeit bei, reduziert Erosion und f\u00f6rdert ein ges\u00fcnderes Wurzelsystem f\u00fcr bessere Widerstandsf\u00e4higkeit und ein st\u00e4rkeres Wachstum der Pflanzen.<\/p>\n<h4><strong>Gr\u00fcnlandmanagement und Heuernte<\/strong>:<\/h4>\n<p>Unsere speziell f\u00fcr M\u00e4hwerke und Ballenpressen entwickelten Hydraulikzylinder f\u00fcr den Oberlenker erm\u00f6glichen eine pr\u00e4zise Schnitth\u00f6henverstellung und sorgen so f\u00fcr gleichm\u00e4\u00dfige Ergebnisse bei der Weidepflege und Heugewinnung in unterschiedlichen Landschaften. Dies gew\u00e4hrleistet hochwertiges Futter, reduziert die Belastung der Maschinen und spart wertvolle Zeit in der Hauptsaison der Ernte.<\/p>\n<h4><strong>Feldtransport und Ger\u00e4tepositionierung<\/strong>:<\/h4>\n<p>Beim Feldtransport heben unsere Oberlenker-Hydraulikzylinder f\u00fcr Traktoren Anbauger\u00e4te an, um Hindernisse wie Steine \u200b\u200boder Gr\u00e4ben zu umfahren. Sie erm\u00f6glichen eine flexible Positionierung, verbessern die Man\u00f6vrierf\u00e4higkeit und sch\u00fctzen wertvolle Ausr\u00fcstung. Diese nahtlose Steuerung erlaubt Landwirten einen schnellen Wechsel zwischen verschiedenen Arbeitsg\u00e4ngen und steigert so die Gesamteffizienz des Betriebs.<\/p>\n<\/div>\n<h2><strong>Wie kann ein Hydraulikzylinder am Oberlenker die Effizienz der Direktsaat auf unebenem Gel\u00e4nde verbessern?<\/strong><\/h2>\n<p>Ein hydraulischer Oberlenkerzylinder f\u00fcr die Direktsaat revolutioniert die Effizienz durch eine un\u00fcbertroffene Tiefenkontrolle, selbst auf unebenem Gel\u00e4nde wie steilen H\u00e4ngen, steinigen Stellen oder verdichteten B\u00f6den. Stellen Sie sich einen Sojabauern im Mittleren Westen vor, der ein h\u00fcgeliges Feld bewirtschaftet \u2013 unser hydraulischer Oberlenkerzylinder sorgt f\u00fcr eine gleichm\u00e4\u00dfige Saattiefe von 2\u20135 cm bei Kulturen wie Mais und Sojabohnen und f\u00f6rdert so eine gleichm\u00e4\u00dfige Keimung und ein kr\u00e4ftiges Wurzelwachstum. Dank seiner doppeltwirkenden Funktion lassen sich Druck- und Zugkr\u00e4fte stufenlos anpassen, sodass sich die Maschine sofort an ver\u00e4nderte Bodenverh\u00e4ltnisse anpasst, ohne dass manuelle Einstellungen vorgenommen werden m\u00fcssen.<\/p>\n<p>Das bedeutet weniger Ausfallzeiten in engen Pflanzfenstern und spart wertvolle Arbeitsstunden auf dem Feld. Durch die Minimierung der Bodenbearbeitung schont der Oberlenker-Hydraulikzylinder von Traktoren die Bodenstruktur, verbessert die Feuchtigkeitsspeicherung und reduziert die Erosion. Dies f\u00f6rdert nachhaltige Anbaumethoden, die langfristig zu ges\u00fcnderen Pflanzen und h\u00f6heren Ertr\u00e4gen f\u00fchren. Landwirte k\u00f6nnen auch anspruchsvolles Gel\u00e4nde souver\u00e4n bew\u00e4ltigen, da sie wissen, dass ihre Maschinen gesch\u00fctzt und ihre Arbeitsabl\u00e4ufe f\u00fcr maximale Produktivit\u00e4t optimiert sind.<\/p>\n<h2><strong>Produktionsbereich Hydraulikzylinder:<\/strong><\/h2>\n<h2><img loading=\"lazy\" decoding=\"async\" class=\"alignnone size-full wp-image-16972\" src=\"https:\/\/www.hydraulic-cylinders.net\/wp-content\/uploads\/2025\/01\/hydraulic-cylinder-factory-1-scaled.webp\" sizes=\"(min-width: 0px) and (max-width: 480px) 480px, (min-width: 481px) and (max-width: 980px) 980px, (min-width: 981px) and (max-width: 1280px) 1280px, (min-width: 1281px) 2016px, 100vw\" srcset=\"https:\/\/www.hydraulic-cylinders.net\/wp-content\/uploads\/2025\/01\/hydraulic-cylinder-factory-1-scaled.webp 2016w, https:\/\/www.hydraulic-cylinders.net\/wp-content\/uploads\/2025\/01\/hydraulic-cylinder-factory-1-1280x1625.webp 1280w, https:\/\/www.hydraulic-cylinders.net\/wp-content\/uploads\/2025\/01\/hydraulic-cylinder-factory-1-980x1244.webp 980w, https:\/\/www.hydraulic-cylinders.net\/wp-content\/uploads\/2025\/01\/hydraulic-cylinder-factory-1-480x610.webp 480w\" alt=\"\" width=\"2016\" height=\"2560\" \/><\/h2>\n<p>Wir verf\u00fcgen \u00fcber eine erstklassige, unabh\u00e4ngige F&amp;E-Plattform f\u00fcr die Montage. Die Produktionswerkstatt f\u00fcr Gabelstaplerzylinder hat vier halbautomatische Montagelinien f\u00fcr Hubzylinder und eine vollautomatische Montagelinie f\u00fcr Kippzylinder mit einer geplanten j\u00e4hrlichen Produktionskapazit\u00e4t von Millionen St\u00fcck. Die Spezialzylinderwerkstatt verf\u00fcgt \u00fcber halbautomatische Reinigungs- und Montagesysteme unterschiedlicher Spezifikationen mit einer geplanten j\u00e4hrlichen Produktionskapazit\u00e4t von 200.000 St\u00fcck. Sie ist mit CNC-Bearbeitungsmaschinen namhafter Marken, Bearbeitungszentren, Spezialger\u00e4ten f\u00fcr die hochpr\u00e4zise Zylinderbearbeitung, Roboterschwei\u00dfger\u00e4ten, automatischen Reinigungsmaschinen, automatischen Zylindermontagemaschinen und automatischen Lackierproduktionslinien ausgestattet. Wir haben mehr als 300 S\u00e4tze wichtiger Ger\u00e4te in Betrieb. Die optimierte Zuweisung und effiziente Nutzung der Ger\u00e4teressourcen gew\u00e4hrleistet die Pr\u00e4zisionsanforderungen der Produkte und erf\u00fcllt die hohen Standardqualit\u00e4tsanforderungen der Produkte.<\/p>\n<p>Die Bearbeitungswerkstatt ist mit ma\u00dfgefertigten Drehzentren mit kippbaren F\u00fchrungsschienen, Bearbeitungszentren, Hochgeschwindigkeits-Honmaschinen, Schwei\u00dfrobotern und anderen relevanten Ger\u00e4ten ausgestattet, die die Bearbeitung von Zylinderrohren mit einem maximalen Innendurchmesser von 400 mm und einer maximalen L\u00e4nge von 6 Metern bew\u00e4ltigen k\u00f6nnen.<\/p>\n<h2><img loading=\"lazy\" decoding=\"async\" class=\"alignnone size-full wp-image-16973\" src=\"https:\/\/www.hydraulic-cylinders.net\/wp-content\/uploads\/2025\/01\/hydraulic-cylinder-factory-2-scaled.webp\" sizes=\"(min-width: 0px) and (max-width: 480px) 480px, (min-width: 481px) and (max-width: 980px) 980px, (min-width: 981px) and (max-width: 1280px) 1280px, (min-width: 1281px) 2011px, 100vw\" srcset=\"https:\/\/www.hydraulic-cylinders.net\/wp-content\/uploads\/2025\/01\/hydraulic-cylinder-factory-2-scaled.webp 2011w, https:\/\/www.hydraulic-cylinders.net\/wp-content\/uploads\/2025\/01\/hydraulic-cylinder-factory-2-1280x1629.webp 1280w, https:\/\/www.hydraulic-cylinders.net\/wp-content\/uploads\/2025\/01\/hydraulic-cylinder-factory-2-980x1248.webp 980w, https:\/\/www.hydraulic-cylinders.net\/wp-content\/uploads\/2025\/01\/hydraulic-cylinder-factory-2-480x611.webp 480w\" alt=\"\" width=\"2011\" height=\"2560\" \/><\/h2>\n<p>Wir verf\u00fcgen \u00fcber eine vollautomatische Lackieranlage f\u00fcr kleine und mittelgro\u00dfe Zylinder mit automatischer Be- und Entladung sowie automatischen Spr\u00fchrobotern und einer Produktionskapazit\u00e4t von 4.000 Pl\u00e4tzen pro Schicht. F\u00fcr gro\u00dfe Zylinder haben wir eine weitere halbautomatische Lackieranlage mit Kettenantrieb und einer Kapazit\u00e4t von 60 Kisten pro Schicht.<\/p>\n<p>Um die Produktleistung weiter zu verbessern und die F\u00fchrungsposition unserer Hydraulikzylinder in der Branche zu etablieren, haben unser Unternehmen und zjimee gemeinsam ein umfassendes Leistungslabor f\u00fcr Hydraulikzylinder, Hydraulikventile und Hydraulikpumpen eingerichtet. Das Labor f\u00fchrt computergest\u00fctzte Tests mithilfe elektrohydraulischer Technologie durch. Die Testbedingungen werden von einem Computer voreingestellt, wodurch die Testgenauigkeit und Systemvielseitigkeit sowie die experimentellen Daten verbessert werden.<\/p>\n<p>Die automatische Datenerfassung erfolgt mittels Sensoren. Die Ausgabedaten, wie z. B. die interne Leckage und der Wirkungsgrad des Zylinders oder des Ventils, werden direkt vom Computer verarbeitet und in Standardeinheiten (ml\/min, 1 TP, 3 T) umgerechnet. Gleichzeitig wird zur Gew\u00e4hrleistung der Betriebssicherheit des Hydrauliksystems eine Zustands\u00fcberwachung wichtiger Leistungsparameter wie \u00d6ltemperatur, Fl\u00fcssigkeitsstand und Filterfunktion durchgef\u00fchrt. Der Hydraulikzylinder-Pr\u00fcfstand kann unter anderem die Leistungsf\u00e4higkeit des Zylinders unter Last testen.<br \/>\nDie Effizienz und die interne Leckage werden durch Messwerte ermittelt. Gleichzeitig ist das Ger\u00e4t mit einem Messgitter ausgestattet, das alle Pr\u00fcfanforderungen f\u00fcr Hydraulikzylinder gem\u00e4\u00df nationaler Norm erf\u00fcllt.<\/p>","protected":false},"excerpt":{"rendered":"<p>Top Link Hydraulic Cylinder Our top link hydraulic cylinder for tractors is engineered for seamless integration with three-point hitch systems, providing precise control for agricultural implements. Designed to enhance efficiency, this hydraulic solution adjusts plows, seeders, and mowers accurately, making it ideal for plowing, no-till seeding, and grassland management. It is built with high-strength materials [&hellip;]<\/p>","protected":false},"featured_media":19982,"comment_status":"open","ping_status":"closed","template":"","meta":{"_et_pb_use_builder":"","_et_pb_old_content":"","_et_gb_content_width":""},"product_brand":[],"product_cat":[1554],"product_tag":[],"class_list":{"0":"post-19979","1":"product","2":"type-product","3":"status-publish","4":"has-post-thumbnail","6":"product_cat-top-link-hydraulic-cylinder","8":"first","9":"instock","10":"shipping-taxable","11":"product-type-simple"},"amp_enabled":true,"_links":{"self":[{"href":"https:\/\/www.hydraulic-cylinders.net\/de\/wp-json\/wp\/v2\/product\/19979","targetHints":{"allow":["GET"]}}],"collection":[{"href":"https:\/\/www.hydraulic-cylinders.net\/de\/wp-json\/wp\/v2\/product"}],"about":[{"href":"https:\/\/www.hydraulic-cylinders.net\/de\/wp-json\/wp\/v2\/types\/product"}],"replies":[{"embeddable":true,"href":"https:\/\/www.hydraulic-cylinders.net\/de\/wp-json\/wp\/v2\/comments?post=19979"}],"wp:featuredmedia":[{"embeddable":true,"href":"https:\/\/www.hydraulic-cylinders.net\/de\/wp-json\/wp\/v2\/media\/19982"}],"wp:attachment":[{"href":"https:\/\/www.hydraulic-cylinders.net\/de\/wp-json\/wp\/v2\/media?parent=19979"}],"wp:term":[{"taxonomy":"product_brand","embeddable":true,"href":"https:\/\/www.hydraulic-cylinders.net\/de\/wp-json\/wp\/v2\/product_brand?post=19979"},{"taxonomy":"product_cat","embeddable":true,"href":"https:\/\/www.hydraulic-cylinders.net\/de\/wp-json\/wp\/v2\/product_cat?post=19979"},{"taxonomy":"product_tag","embeddable":true,"href":"https:\/\/www.hydraulic-cylinders.net\/de\/wp-json\/wp\/v2\/product_tag?post=19979"}],"curies":[{"name":"wp","href":"https:\/\/api.w.org\/{rel}","templated":true}]}}