{"id":20141,"date":"2025-05-11T14:31:41","date_gmt":"2025-05-11T14:31:41","guid":{"rendered":"https:\/\/www.hydraulic-cylinders.net\/?post_type=product&#038;p=20141"},"modified":"2025-05-12T05:30:19","modified_gmt":"2025-05-12T05:30:19","slug":"hydraulic-cylinders-for-crawler-crane","status":"publish","type":"product","link":"https:\/\/www.hydraulic-cylinders.net\/de\/produkt\/hydraulic-cylinders-for-crawler-crane\/","title":{"rendered":"Hydraulikzylinder f\u00fcr Raupenkrane"},"content":{"rendered":"<h1 style=\"text-align: center;\"><strong>Hydraulikzylinder f\u00fcr Raupenkrane<\/strong><\/h1>\n<p><img loading=\"lazy\" decoding=\"async\" class=\"wp-image-20150 aligncenter\" src=\"https:\/\/www.hydraulic-cylinders.net\/wp-content\/uploads\/2025\/05\/hydraulic-cylinders-for-crawler-crane-scaled.webp\" alt=\"\" width=\"500\" height=\"500\" \/><\/p>\n<section id=\"introduction\">Der Hydraulikzylinder f\u00fcr Raupenkrane von Ever-Power Huachang Hydraulic ist ein robuster Zylinder f\u00fcr schwere Hebearbeiten, kompatibel mit Modellen wie dem Liebherr LR 1300 und dem Manitowoc 14000. Dieser pr\u00e4zise konstruierte Hydraulikzylinder optimiert die Leistung des Kranhydrauliksystems in Bau-, Bergbau- und Industrieprojekten und liefert zuverl\u00e4ssige Kraft und Stabilit\u00e4t f\u00fcr anspruchsvolle Aufgaben.<\/section>\n<section id=\"specifications\">\n<h2><strong>Technische Daten:<\/strong><\/h2>\n<p><strong>Funktion:<\/strong>\u00a0Pufferwirkung<br \/>\n<strong>Zylinderdurchmesser:<\/strong>\u00a0120 mm\u2013300 mm<br \/>\n<strong>Stangendurchmesser:<\/strong>\u00a0100 mm\u2013280 mm<br \/>\n<strong>Reisen:<\/strong>\u00a0148 mm\u2013320 mm<br \/>\n<strong>Maximaler Druck:<\/strong>\u00a040 MPa<br \/>\n<strong>Maximaler Schub:<\/strong>\u00a02463KN<\/p>\n<\/section>\n<section id=\"features\">\n<h2><strong>Hauptmerkmale des Hydraulikzylinders f\u00fcr Raupenkrane:<\/strong><\/h2>\n<ul>\n<li><strong>Hohe Hubkraft:<\/strong>\u00a0Der Hydraulikzylinder f\u00fcr Raupenkrane bietet eine \u00fcberlegene Tragf\u00e4higkeit und ist somit der ideale Raupenkranzylinder f\u00fcr schwere Hebearbeiten in anspruchsvollen Umgebungen.<\/li>\n<li><strong>Langlebige Konstruktion:<\/strong>\u00a0Dieser aus hochfestem Stahl gefertigte und mit einer korrosionsbest\u00e4ndigen Beschichtung versehene Hochleistungs-Hydraulikzylinder h\u00e4lt auch rauen Bedingungen stand und gew\u00e4hrleistet so eine lange Lebensdauer in Kranhydrauliksystemen.<\/li>\n<li><strong>Pr\u00e4zisionstechnik:<\/strong>\u00a0Dieser industrielle Hydraulikzylinder wurde f\u00fcr die nahtlose Integration in Raupenkrane entwickelt und verbessert die Stabilit\u00e4t und Effizienz der Hydraulikzylinder bei Raupenkranoperationen.<\/li>\n<li><strong>Wartungsarmes Design:<\/strong>\u00a0Dank fortschrittlicher Dichtungstechnologie minimiert der Raupenkranzylinder Verschlei\u00df und reduziert so die Wartungskosten. Dadurch wird ein zuverl\u00e4ssiger Hydraulikzylinder f\u00fcr das Heben mit Raupenkranen gew\u00e4hrleistet.<\/li>\n<\/ul>\n<\/section>\n<section id=\"applications\">\n<h2><strong>Anwendungsbereiche des Hydraulikzylinders f\u00fcr Raupenkrane:<\/strong><\/h2>\n<p><img loading=\"lazy\" decoding=\"async\" class=\"alignnone size-full wp-image-20166\" src=\"https:\/\/www.hydraulic-cylinders.net\/wp-content\/uploads\/2025\/05\/hydraulic-cylinder-application-1.webp\" alt=\"\" width=\"2048\" height=\"1152\" srcset=\"https:\/\/www.hydraulic-cylinders.net\/wp-content\/uploads\/2025\/05\/hydraulic-cylinder-application-1.webp 2048w, https:\/\/www.hydraulic-cylinders.net\/wp-content\/uploads\/2025\/05\/hydraulic-cylinder-application-1-1280x720.webp 1280w, https:\/\/www.hydraulic-cylinders.net\/wp-content\/uploads\/2025\/05\/hydraulic-cylinder-application-1-980x551.webp 980w, https:\/\/www.hydraulic-cylinders.net\/wp-content\/uploads\/2025\/05\/hydraulic-cylinder-application-1-480x270.webp 480w\" sizes=\"(min-width: 0px) and (max-width: 480px) 480px, (min-width: 481px) and (max-width: 980px) 980px, (min-width: 981px) and (max-width: 1280px) 1280px, (min-width: 1281px) 2048px, 100vw\" \/><\/p>\n<ul>\n<li><strong>Bauprojekte:<\/strong>\u00a0Der Hydraulikzylinder f\u00fcr Raupenkrane zeichnet sich im Bauwesen aus und bietet einen robusten Hydraulikzylinder f\u00fcr Raupenkrane zum pr\u00e4zisen Anheben von Stahltr\u00e4gern und Betonplatten.<\/li>\n<li><strong>Bergbaubetriebe:<\/strong>\u00a0Dieser f\u00fcr den Bergbau konzipierte Raupenkranzylinder unterst\u00fctzt das effiziente Heben schwerer Lasten wie Erz und verbessert die Leistung des Hydraulikzylinders f\u00fcr Raupenkraneins\u00e4tze in unwegsamem Gel\u00e4nde.<\/li>\n<li><strong>Schwerindustriemaschinen:<\/strong>\u00a0Der industrielle Hydraulikzylinder f\u00fcr schwere Maschinen ist ideal f\u00fcr industrielle Umgebungen und gew\u00e4hrleistet einen sicheren und zuverl\u00e4ssigen Betrieb in Fabriken und Gro\u00dfprojekten.<\/li>\n<\/ul>\n<\/section>\n<section id=\"explore-more\">\n<h2><strong>Weitere Raupenkranzylinder entdecken:<\/strong><\/h2>\n<p>Wir bieten au\u00dferdem eine Vielzahl weiterer Raupenkranzylinder f\u00fcr unterschiedlichste Hebeanforderungen. Ob Sie einen Hydraulikzylinder f\u00fcr den Einsatz mit einem Raupenkran oder einen Ersatzzylinder ben\u00f6tigen \u2013 Ever-Power Huachang Hydraulic hat die passende L\u00f6sung. Entdecken Sie unser gesamtes Sortiment. <a href=\"https:\/\/www.hydraulic-cylinders.net\/de\/mobile-crane-hydraulic-cylinders\/\">Raupenkranzylinder<\/a>.<\/p>\n<h2 dir=\"auto\"><strong>Was ist der maximale Betriebsdruck des Hydraulikzylinders f\u00fcr Raupenkrane?<\/strong><\/h2>\n<p dir=\"auto\">Der maximale Betriebsdruck des Hydraulikzylinders f\u00fcr Raupenkrane betr\u00e4gt 350 bar, wie in den technischen Daten auf der Produktseite angegeben. Diese hohe Druckfestigkeit gew\u00e4hrleistet, dass der Hydraulikzylinder auch unter extremen Bedingungen wie Baustellen, im Bergbau und bei Industrieprojekten den hohen Anforderungen beim Heben schwerer Lasten und bei pr\u00e4zisen Kranbewegungen gerecht wird. Die Nennleistung von 350 bar unterstreicht die robuste Konstruktion dieses Hochleistungs-Hydraulikzylinders. Er erm\u00f6glicht es, erhebliche Lasten \u2013 bis zu mehreren Tonnen \u2013 zu tragen und dabei die strukturelle Integrit\u00e4t und Betriebsstabilit\u00e4t des Kranhydrauliksystems zu gew\u00e4hrleisten.<\/p>\n<p dir=\"auto\">Dieser Druckschwellenwert wird durch die Verwendung hochfester Stahlkonstruktion und fortschrittlicher Dichtungstechnik erreicht, die Leckagen verhindern und den Belastungen des Dauereinsatzes unter rauen Bedingungen wie staubigen Gebieten oder feuchten K\u00fcstenregionen standhalten. Dar\u00fcber hinaus ist der Hydraulikzylinder f\u00fcr Raupenkrane mit anpassbaren Bohrungsdurchmessern (180 mm bis 300 mm) und Hubl\u00e4ngen (600 mm bis 2500 mm) erh\u00e4ltlich, sodass er sich an die unterschiedlichen Druckanforderungen verschiedener Raupenkranmodelle wie dem Liebherr LR 1300 und dem Manitowoc 14000 anpassen l\u00e4sst.<\/p>\n<p dir=\"auto\">Die Kombination aus dieser Druckkapazit\u00e4t und der robusten Konstruktion minimiert den Verschlei\u00df, reduziert die Wartungsintervalle und verl\u00e4ngert die Lebensdauer des Industriehydraulikzylinders. Dadurch eignet er sich hervorragend als Ersatzzylinder f\u00fcr Raupenkrane und ist ideal f\u00fcr Anwender, die in anspruchsvollen Anwendungen zuverl\u00e4ssige Leistung ben\u00f6tigen. F\u00fcr spezifische Druckanpassungen oder Kompatibilit\u00e4tsdetails wenden Sie sich bitte an das Expertenteam von Ever-Power Huachang Hydraulic.<\/p>\n<\/section>\n<section id=\"company-introduction\">\n<h2><strong>\u00dcber Ever-Power Huachang Hydraulic:<\/strong><\/h2>\n<h2><img loading=\"lazy\" decoding=\"async\" class=\"alignnone size-full wp-image-16972\" src=\"https:\/\/www.hydraulic-cylinders.net\/wp-content\/uploads\/2025\/01\/hydraulic-cylinder-factory-1-scaled.webp\" alt=\"\" width=\"2016\" height=\"2560\" srcset=\"https:\/\/www.hydraulic-cylinders.net\/wp-content\/uploads\/2025\/01\/hydraulic-cylinder-factory-1-scaled.webp 2016w, https:\/\/www.hydraulic-cylinders.net\/wp-content\/uploads\/2025\/01\/hydraulic-cylinder-factory-1-1280x1625.webp 1280w, https:\/\/www.hydraulic-cylinders.net\/wp-content\/uploads\/2025\/01\/hydraulic-cylinder-factory-1-980x1244.webp 980w, https:\/\/www.hydraulic-cylinders.net\/wp-content\/uploads\/2025\/01\/hydraulic-cylinder-factory-1-480x610.webp 480w\" sizes=\"(min-width: 0px) and (max-width: 480px) 480px, (min-width: 481px) and (max-width: 980px) 980px, (min-width: 981px) and (max-width: 1280px) 1280px, (min-width: 1281px) 2016px, 100vw\" \/><\/h2>\n<p>Wir verf\u00fcgen \u00fcber eine hochmoderne, unabh\u00e4ngige Forschungs- und Entwicklungsplattform speziell f\u00fcr die Montage, die h\u00f6chste Innovationskraft und Qualit\u00e4t in unseren Fertigungsprozessen gew\u00e4hrleistet. Unsere Produktionswerkstatt f\u00fcr Gabelstaplerzylinder verf\u00fcgt \u00fcber vier halbautomatische Montagelinien f\u00fcr Hubzylinder und eine vollautomatische Montagelinie f\u00fcr Kippzylinder, die zusammen f\u00fcr die Produktion von bis zu einer Million Einheiten pro Jahr ausgelegt sind.<\/p>\n<p>Unsere Werkstatt verf\u00fcgt \u00fcber kundenspezifische Drehzentren mit Schwenkf\u00fchrung, Bearbeitungszentren, Hochgeschwindigkeits-Honmaschinen, Schwei\u00dfroboter und weitere wichtige Ger\u00e4te. Diese Ausstattung erm\u00f6glicht uns die Bearbeitung von Zylinderrohren mit einem maximalen Innendurchmesser von 400 mm und einer L\u00e4nge von bis zu 6 Metern und erweitert so unsere Produktionskapazit\u00e4ten.<\/p>\n<p>Wir betreiben eine vollautomatische Lackieranlage f\u00fcr Wasserlacke, die speziell f\u00fcr kleine und mittelgro\u00dfe Zylinder konzipiert ist und \u00fcber automatisierte Be- und Entlade- sowie Spr\u00fchroboter verf\u00fcgt. Diese hochmoderne Anlage verf\u00fcgt \u00fcber eine Produktionskapazit\u00e4t von 4.000 Einheiten pro Schicht. Zus\u00e4tzlich verf\u00fcgen wir \u00fcber eine halbautomatische Lackieranlage f\u00fcr Gro\u00dfzylinder mit Kettenantrieb und einer Kapazit\u00e4t von 60 Kisten pro Schicht.<\/p>\n<h2><img loading=\"lazy\" decoding=\"async\" class=\"alignnone size-full wp-image-16973\" src=\"https:\/\/www.hydraulic-cylinders.net\/wp-content\/uploads\/2025\/01\/hydraulic-cylinder-factory-2-scaled.webp\" alt=\"\" width=\"2011\" height=\"2560\" srcset=\"https:\/\/www.hydraulic-cylinders.net\/wp-content\/uploads\/2025\/01\/hydraulic-cylinder-factory-2-scaled.webp 2011w, https:\/\/www.hydraulic-cylinders.net\/wp-content\/uploads\/2025\/01\/hydraulic-cylinder-factory-2-1280x1629.webp 1280w, https:\/\/www.hydraulic-cylinders.net\/wp-content\/uploads\/2025\/01\/hydraulic-cylinder-factory-2-980x1248.webp 980w, https:\/\/www.hydraulic-cylinders.net\/wp-content\/uploads\/2025\/01\/hydraulic-cylinder-factory-2-480x611.webp 480w\" sizes=\"(min-width: 0px) and (max-width: 480px) 480px, (min-width: 481px) and (max-width: 980px) 980px, (min-width: 981px) and (max-width: 1280px) 1280px, (min-width: 1281px) 2011px, 100vw\" \/><\/h2>\n<p>Um die Produktleistung zu verbessern und unsere f\u00fchrende Position in der Hydraulikzylinderindustrie zu festigen, haben wir in Zusammenarbeit mit ZJIMEE ein umfassendes Leistungslabor f\u00fcr Hydraulikzylinder, Ventile und Pumpen eingerichtet. Dieses fortschrittliche Labor nutzt computergest\u00fctzte Tests mit elektrohydraulischer Technologie und erm\u00f6glicht voreingestellte Testbedingungen, die die Genauigkeit und Systemflexibilit\u00e4t verbessern. Der automatisierte Datenerfassungsprozess nutzt Sensoren, um Ausgangsdaten wie interne Leckagen und Lasteffizienz zu erfassen. Diese werden dann von einem Computer verarbeitet und in Standardeinheiten (ml\/min%) umgerechnet.<\/p>\n<p>Der Hydraulikzylinder f\u00fcr Raupenkrane unterstreicht unser Engagement f\u00fcr Qualit\u00e4t und Leistung. Er wurde als Hochleistungs-Hydraulikzylinder f\u00fcr Hebearbeiten an Raupenkranen, insbesondere f\u00fcr Modelle von Liebherr, Manitowoc und Kobelco, entwickelt. Weltweit vertrauen f\u00fchrende Ger\u00e4tehersteller auf unsere Produkte, die sich durch ihre Zuverl\u00e4ssigkeit einen hervorragenden Ruf erworben haben. Ever-Power Huachang Hydraulic gilt als f\u00fchrender Hersteller von Hydraulikzylindern.<\/p>\n<\/section>","protected":false},"excerpt":{"rendered":"<p>Hydraulic Cylinders for Crawler Crane The Hydraulic Cylinder for Crawler Crane from Ever-Power Huachang Hydraulic is a robust crawler crane cylinder designed for heavy-duty lifting, compatible with models like Liebherr LR 1300 and Manitowoc 14000. Engineered for precision, this hydraulic cylinder for crawler crane lifting enhances crane hydraulic system performance in construction, mining, and industrial [&hellip;]<\/p>","protected":false},"featured_media":20162,"comment_status":"open","ping_status":"closed","template":"","meta":{"_et_pb_use_builder":"","_et_pb_old_content":"","_et_gb_content_width":""},"product_brand":[],"product_cat":[1514],"product_tag":[],"class_list":{"0":"post-20141","1":"product","2":"type-product","3":"status-publish","4":"has-post-thumbnail","6":"product_cat-mobile-crane-hydraulic-cylinders","8":"first","9":"instock","10":"shipping-taxable","11":"product-type-simple"},"amp_enabled":true,"_links":{"self":[{"href":"https:\/\/www.hydraulic-cylinders.net\/de\/wp-json\/wp\/v2\/product\/20141","targetHints":{"allow":["GET"]}}],"collection":[{"href":"https:\/\/www.hydraulic-cylinders.net\/de\/wp-json\/wp\/v2\/product"}],"about":[{"href":"https:\/\/www.hydraulic-cylinders.net\/de\/wp-json\/wp\/v2\/types\/product"}],"replies":[{"embeddable":true,"href":"https:\/\/www.hydraulic-cylinders.net\/de\/wp-json\/wp\/v2\/comments?post=20141"}],"wp:featuredmedia":[{"embeddable":true,"href":"https:\/\/www.hydraulic-cylinders.net\/de\/wp-json\/wp\/v2\/media\/20162"}],"wp:attachment":[{"href":"https:\/\/www.hydraulic-cylinders.net\/de\/wp-json\/wp\/v2\/media?parent=20141"}],"wp:term":[{"taxonomy":"product_brand","embeddable":true,"href":"https:\/\/www.hydraulic-cylinders.net\/de\/wp-json\/wp\/v2\/product_brand?post=20141"},{"taxonomy":"product_cat","embeddable":true,"href":"https:\/\/www.hydraulic-cylinders.net\/de\/wp-json\/wp\/v2\/product_cat?post=20141"},{"taxonomy":"product_tag","embeddable":true,"href":"https:\/\/www.hydraulic-cylinders.net\/de\/wp-json\/wp\/v2\/product_tag?post=20141"}],"curies":[{"name":"wp","href":"https:\/\/api.w.org\/{rel}","templated":true}]}}