{"id":20179,"date":"2025-05-12T03:33:34","date_gmt":"2025-05-12T03:33:34","guid":{"rendered":"https:\/\/www.hydraulic-cylinders.net\/?post_type=product&#038;p=20179"},"modified":"2025-05-12T05:20:15","modified_gmt":"2025-05-12T05:20:15","slug":"counterweight-hydraulic-cylinders-for-car-crane","status":"publish","type":"product","link":"https:\/\/www.hydraulic-cylinders.net\/de\/produkt\/counterweight-hydraulic-cylinders-for-car-crane\/","title":{"rendered":"Gegengewicht-Hydraulikzylinder f\u00fcr Autokrane"},"content":{"rendered":"<h1 style=\"text-align: center;\"><strong>Gegengewicht-Hydraulikzylinder f\u00fcr Autokrane<\/strong><\/h1>\n<p><img loading=\"lazy\" decoding=\"async\" class=\"wp-image-20180 aligncenter\" src=\"https:\/\/www.hydraulic-cylinders.net\/wp-content\/uploads\/2025\/05\/counterweight-hydraulic-cylinder-for-car-crane-scaled.webp\" alt=\"Gegengewicht-Hydraulikzylinder f\u00fcr Autokran\" width=\"500\" height=\"500\" \/><\/p>\n<section id=\"introduction\">Die von Ever-Power Huachang Hydraulic gefertigten Gegengewichts-Hydraulikzylinder f\u00fcr Autokrane sind pr\u00e4zisionsgefertigte Ausgleichszylinder, die optimale Stabilit\u00e4t und Sicherheit bei schweren Hebevorg\u00e4ngen gew\u00e4hrleisten. Dieser Hydraulikzylinder ist nahtlos mit f\u00fchrenden Autokranmodellen kompatibel und optimiert das Lastmanagement im urbanen Bauwesen, in der Logistik und in industriellen Umgebungen. Als Hochleistungs-Hydraulikzylinder h\u00e4lt er hohen Dr\u00fccken bis zu 320 bar stand und bietet zuverl\u00e4ssige Leistung bei Hebeaufgaben bei gleichzeitig minimiertem Kipprisiko. Ob Stahlkonstruktionen oder schwere Maschinen \u2013 dieser Autokranzylinder bietet un\u00fcbertroffene Langlebigkeit und Kontrolle f\u00fcr Ihre Kranarbeiten.<\/section>\n<section id=\"specifications\">\n<h2><strong>Technische Daten:<\/strong><\/h2>\n<p><strong>Funktion:<\/strong> Die Wirkung des Gegengewichts steuern<br \/>\n<strong>Zylinderdurchmesser:<\/strong> 160 mm\u2013180 mm<br \/>\n<strong>Stangendurchmesser:<\/strong> 90 mm\u2013150 mm<br \/>\n<strong>Reisen:<\/strong> 180 mm \u2013 400 mm<br \/>\n<strong>Maximaler Druck:<\/strong> 25 MPa<br \/>\n<strong>Maximaler Schub:<\/strong> 1540 kN<\/p>\n<\/section>\n<section id=\"features\">\n<h2><strong>Hauptmerkmale der Gegengewicht-Hydraulikzylinder f\u00fcr Autokrane:<\/strong><\/h2>\n<ul>\n<li><strong>\u00dcberragende Pr\u00e4zision bei der Lastverteilung:<\/strong> Die Gegengewichts-Hydraulikzylinder f\u00fcr Autokrane verf\u00fcgen \u00fcber eine fortschrittliche Ausgleichszylinderkonstruktion, die eine gleichm\u00e4\u00dfige Gewichtsverteilung gew\u00e4hrleistet und so eine au\u00dfergew\u00f6hnliche Stabilit\u00e4t f\u00fcr den Betrieb der Autokranzylinder bei Hebevorg\u00e4ngen mit hoher Tragf\u00e4higkeit im urbanen Umfeld bietet.<\/li>\n<li><strong>Hochbelastbare Konstruktion:<\/strong>\u00a0Dieser aus hochfestem Stahl gefertigte und korrosionsbest\u00e4ndige Hydraulikzylinder f\u00fcr Autokrane widersteht dem Verschlei\u00df durch raue Einfl\u00fcsse wie Feuchtigkeit und Staub und ist somit ein zuverl\u00e4ssiger, hochbelastbarer Gegengewichtszylinder f\u00fcr Krane unter anspruchsvollen Bedingungen.<\/li>\n<li><strong>Anpassbar an unterschiedliche Bed\u00fcrfnisse:<\/strong>\u00a0Dank einstellbarer Bohrungsdurchmesser und Hubl\u00e4ngen l\u00e4sst sich dieser Autokranzylinder zur Lastverteilung an spezifische Hebeanforderungen anpassen und bietet somit Flexibilit\u00e4t f\u00fcr eine Vielzahl von Kranmodellen und Anwendungen, vom Bauwesen bis zur Logistik.<\/li>\n<li><strong>Optimiert f\u00fcr hohe Druckleistung:<\/strong>\u00a0Dieser Gegengewichts-Hydraulikzylinder wurde f\u00fcr einen effizienten Betrieb bei Dr\u00fccken bis zu 320 bar entwickelt und liefert eine konstante Leistung bei minimalem Energieverlust. Dadurch wird ein reibungsloser und sicherer Hebevorgang gew\u00e4hrleistet und gleichzeitig die Betriebskosten gesenkt.<\/li>\n<li><strong>Geringer Wartungsaufwand und lange Lebensdauer:<\/strong>\u00a0Dank fortschrittlicher Dichtungstechnik und pr\u00e4ziser Bearbeitung minimiert dieser Hochleistungs-Hydraulikzylinder Leckagen und Verschlei\u00df, reduziert den Wartungsaufwand und verl\u00e4ngert die Lebensdauer Ihres Autokrans auch bei h\u00e4ufigem Gebrauch.<\/li>\n<\/ul>\n<\/section>\n<section id=\"applications\">\n<h2><strong>Anwendungsbereiche der Gegengewicht-Hydraulikzylinder f\u00fcr Autokrane:<\/strong><\/h2>\n<h2><strong><img loading=\"lazy\" decoding=\"async\" class=\"alignnone size-full wp-image-20183\" src=\"https:\/\/www.hydraulic-cylinders.net\/wp-content\/uploads\/2025\/05\/counterweight-hydraulic-cylinder-for-car-crane-application.webp\" alt=\"\" width=\"1080\" height=\"617\" srcset=\"https:\/\/www.hydraulic-cylinders.net\/wp-content\/uploads\/2025\/05\/counterweight-hydraulic-cylinder-for-car-crane-application.webp 1080w, https:\/\/www.hydraulic-cylinders.net\/wp-content\/uploads\/2025\/05\/counterweight-hydraulic-cylinder-for-car-crane-application-980x560.webp 980w, https:\/\/www.hydraulic-cylinders.net\/wp-content\/uploads\/2025\/05\/counterweight-hydraulic-cylinder-for-car-crane-application-480x274.webp 480w\" sizes=\"(min-width: 0px) and (max-width: 480px) 480px, (min-width: 481px) and (max-width: 980px) 980px, (min-width: 981px) 1080px, 100vw\" \/><\/strong><\/h2>\n<ul>\n<li><strong>St\u00e4dtebau f\u00fcr Hochhausprojekte:<\/strong> Die Gegengewichts-Hydraulikzylinder f\u00fcr Autokrane eignen sich ideal f\u00fcr Bauprojekte im urbanen Raum, wie beispielsweise die Montage von Stahlkonstruktionen f\u00fcr Hochh\u00e4user oder die Installation von Betonfertigteilen. Dieser Ausgleichszylinder f\u00fcr den Betrieb von Autokranen gew\u00e4hrleistet eine pr\u00e4zise Lastverteilung auf engstem Raum, erh\u00f6ht die Sicherheit und reduziert die Kippgefahr bei schweren Hebevorg\u00e4ngen.<\/li>\n<li><strong>Logistik und Schwergutumschlag:<\/strong>\u00a0In der Logistik unterst\u00fctzt dieser Hydraulikzylinder zur Stabilisierung von Autokranen den sicheren und effizienten Transport schwerer G\u00fcter wie Seecontainer und gro\u00dfer Paletten in Lagerhallen oder H\u00e4fen. Der Lastausgleichszylinder des Autokrans verbessert die Man\u00f6vrierf\u00e4higkeit des Krans und steigert so die Produktivit\u00e4t in schnelllebigen Umgebungen.<\/li>\n<li><strong>Industrielle Montage in Produktionsanlagen:<\/strong>\u00a0Dieser hydraulische Gegengewichtszylinder eignet sich ideal f\u00fcr industrielle Anwendungen wie die Automobil- oder Maschinenbauindustrie und erm\u00f6glicht die pr\u00e4zise Positionierung schwerer Bauteile, beispielsweise von Pressen in Montagelinien oder Motorbl\u00f6cken. Als robuster Gegengewichtszylinder f\u00fcr Krane gew\u00e4hrleistet er stabile und kontrollierte Hebevorg\u00e4nge und optimiert so die Arbeitsabl\u00e4ufe in der Fabrik.<\/li>\n<\/ul>\n<\/section>\n<section id=\"explore-more\">\n<h2><strong>Entdecken Sie weitere Autokranzylinder:<\/strong><\/h2>\n<p>Wir bieten eine vielf\u00e4ltige Auswahl an Hydraulikzylindern f\u00fcr Autokrane, die unterschiedlichsten Hebeanforderungen gerecht werden. Ob Sie einen Hydraulikzylinder zur Stabilisierung eines Autokrans oder einen hochbelastbaren Gegengewichtszylinder f\u00fcr Krane ben\u00f6tigen \u2013 Ever-Power Huachang Hydraulic liefert ma\u00dfgeschneiderte L\u00f6sungen. Entdecken Sie unser gesamtes Sortiment. <a href=\"https:\/\/www.hydraulic-cylinders.net\/de\/mobile-crane-hydraulic-cylinders\/\">Autokranzylinder<\/a>.<\/p>\n<\/section>\n<div class=\"container-hfX5E8 flow-markdown-body theme-samantha-yJEgBp\" dir=\"ltr\" data-testid=\"message_text_content\" data-show-indicator=\"false\">\n<h2 class=\"header-jfw95c auto-hide-last-sibling-br\"><strong>Was sind die Hauptvorteile des Einsatzes eines Gegengewicht-Hydraulikzylinders in einem Kran?<\/strong><\/h2>\n<div class=\"auto-hide-last-sibling-br paragraph-qzbcQC paragraph-element br-paragraph-space\">Der Einsatz eines Gegengewicht-Hydraulikzylinders in einem Kran bietet mehrere wesentliche Vorteile:<\/div>\n<h3><strong>Verbesserte Stabilit\u00e4t<\/strong>:<\/h3>\n<h3><img loading=\"lazy\" decoding=\"async\" class=\"aligncenter wp-image-20184 size-full\" src=\"https:\/\/www.hydraulic-cylinders.net\/wp-content\/uploads\/2025\/05\/counterweight-hydraulic-cylinder-for-car-crane-1-1.webp\" alt=\"\" width=\"580\" height=\"326\" srcset=\"https:\/\/www.hydraulic-cylinders.net\/wp-content\/uploads\/2025\/05\/counterweight-hydraulic-cylinder-for-car-crane-1-1.webp 580w, https:\/\/www.hydraulic-cylinders.net\/wp-content\/uploads\/2025\/05\/counterweight-hydraulic-cylinder-for-car-crane-1-1-480x270.webp 480w\" sizes=\"(min-width: 0px) and (max-width: 480px) 480px, (min-width: 481px) 580px, 100vw\" \/><\/h3>\n<p>Ein hydraulischer Gegengewichtszylinder hilft, die Last auf dem Kran auszubalancieren. Durch die Anpassung von Position und Kraft des Gegengewichts kann das durch die gehobene Last erzeugte Drehmoment ausgeglichen werden. Dies verringert die Kippgefahr des Krans bei Schwerlasthebungen. Hebt ein Kran beispielsweise eine gro\u00dfe und schwere Betonfertigteilplatte auf einer Hochhausbaustelle, kann der hydraulische Gegengewichtszylinder so eingestellt werden, dass der Kran stabil bleibt.<\/p>\n<\/div>\n<div class=\"container-hfX5E8 flow-markdown-body theme-samantha-yJEgBp\" dir=\"ltr\" data-testid=\"message_text_content\" data-show-indicator=\"false\">\n<h3><strong>Pr\u00e4zises Lastmanagement<\/strong>:<\/h3>\n<p>Dies erm\u00f6glicht eine pr\u00e4zise Steuerung des Gegengewichts und damit ein genaueres Lastmanagement. Der Hydraulikzylinder l\u00e4sst sich in Echtzeit an Gewicht und Position der Last anpassen. Bei Logistikvorg\u00e4ngen, in denen ein Kran Container unterschiedlichen Gewichts bewegt, kann der Hydraulikzylinder des Gegengewichts feinjustiert werden, um ein reibungsloses und sicheres Anheben und Absetzen der Container zu gew\u00e4hrleisten.<\/p>\n<\/div>\n<div>\n<div class=\"image-box-grid-DI7Zd9\" data-finished=\"true\" data-testid=\"message_image_content\">\n<div class=\"image-box-grid-item-hjZBGw\">\n<div class=\"relative w-fit inline-flex\">\n<div class=\"container-pveQEn\"><\/div>\n<\/div>\n<\/div>\n<\/div>\n<\/div>\n<div class=\"container-hfX5E8 flow-markdown-body theme-samantha-yJEgBp\" dir=\"ltr\" data-testid=\"message_text_content\" data-show-indicator=\"false\">\n<h3><strong>Erh\u00f6hte Man\u00f6vrierf\u00e4higkeit<\/strong>:<\/h3>\n<h3><img loading=\"lazy\" decoding=\"async\" class=\"alignnone size-full wp-image-20185\" src=\"https:\/\/www.hydraulic-cylinders.net\/wp-content\/uploads\/2025\/05\/counterweight-hydraulic-cylinder-for-car-crane-2.webp\" alt=\"\" width=\"2048\" height=\"1152\" srcset=\"https:\/\/www.hydraulic-cylinders.net\/wp-content\/uploads\/2025\/05\/counterweight-hydraulic-cylinder-for-car-crane-2.webp 2048w, https:\/\/www.hydraulic-cylinders.net\/wp-content\/uploads\/2025\/05\/counterweight-hydraulic-cylinder-for-car-crane-2-1280x720.webp 1280w, https:\/\/www.hydraulic-cylinders.net\/wp-content\/uploads\/2025\/05\/counterweight-hydraulic-cylinder-for-car-crane-2-980x551.webp 980w, https:\/\/www.hydraulic-cylinders.net\/wp-content\/uploads\/2025\/05\/counterweight-hydraulic-cylinder-for-car-crane-2-480x270.webp 480w\" sizes=\"(min-width: 0px) and (max-width: 480px) 480px, (min-width: 481px) and (max-width: 980px) 980px, (min-width: 981px) and (max-width: 1280px) 1280px, (min-width: 1281px) 2048px, 100vw\" \/><\/h3>\n<p>In beengten R\u00e4umen wie st\u00e4dtischen Baustellen oder Produktionsanlagen verbessert der hydraulische Gegengewichtszylinder die Man\u00f6vrierf\u00e4higkeit des Krans. Er erm\u00f6glicht eine schnelle Anpassung des Gegengewichts an unterschiedliche Arbeitsbedingungen und r\u00e4umliche Gegebenheiten. Beispielsweise sorgt der Gegengewichtszylinder in einem Automobilwerk, wo ein Kran zum Positionieren von Motorbl\u00f6cken am Montageband eingesetzt wird, f\u00fcr eine freiere Bewegung und einen reibungsloseren Betrieb des Krans im begrenzten Raum.<\/p>\n<\/div>\n<div class=\"container-hfX5E8 flow-markdown-body theme-samantha-yJEgBp\" dir=\"ltr\" data-testid=\"message_text_content\" data-show-indicator=\"false\">\n<h3><strong>Verbesserte Sicherheit<\/strong>:<\/h3>\n<p>Durch die Gew\u00e4hrleistung von Stabilit\u00e4t und pr\u00e4ziser Lastf\u00fchrung erh\u00f6ht der Gegengewichts-Hydraulikzylinder die Sicherheit beim Kranbetrieb erheblich. Er verringert das Risiko von Unf\u00e4llen wie Lastabwurf oder Kraneinsturz und sch\u00fctzt so sowohl die Kranf\u00fchrer als auch die Umgebung. Ob auf risikoreichen Baustellen oder in stark frequentierten Logistikzentren \u2013 der Einsatz eines Gegengewichts-Hydraulikzylinders ist unerl\u00e4sslich f\u00fcr ein sicheres Arbeitsumfeld.<\/p>\n<\/div>\n<section id=\"company-introduction\">\n<h2><strong>\u00dcber Ever-Power Huachang Hydraulic:<\/strong><\/h2>\n<h2><img loading=\"lazy\" decoding=\"async\" class=\"alignnone size-full wp-image-16972\" src=\"https:\/\/www.hydraulic-cylinders.net\/wp-content\/uploads\/2025\/01\/hydraulic-cylinder-factory-1-scaled.webp\" alt=\"\" width=\"2016\" height=\"2560\" srcset=\"https:\/\/www.hydraulic-cylinders.net\/wp-content\/uploads\/2025\/01\/hydraulic-cylinder-factory-1-scaled.webp 2016w, https:\/\/www.hydraulic-cylinders.net\/wp-content\/uploads\/2025\/01\/hydraulic-cylinder-factory-1-1280x1625.webp 1280w, https:\/\/www.hydraulic-cylinders.net\/wp-content\/uploads\/2025\/01\/hydraulic-cylinder-factory-1-980x1244.webp 980w, https:\/\/www.hydraulic-cylinders.net\/wp-content\/uploads\/2025\/01\/hydraulic-cylinder-factory-1-480x610.webp 480w\" sizes=\"(min-width: 0px) and (max-width: 480px) 480px, (min-width: 481px) and (max-width: 980px) 980px, (min-width: 981px) and (max-width: 1280px) 1280px, (min-width: 1281px) 2016px, 100vw\" \/><\/h2>\n<p dir=\"auto\">Ever-Power Huachang Hydraulic treibt die Innovation von Hydraulikzylindern mit einer hochmodernen Forschungs- und Entwicklungseinrichtung voran, in der erfahrene Ingenieure Hochleistungsl\u00f6sungen f\u00fcr industrielle Anwendungen, darunter Autokrane und Schwerlastger\u00e4te, entwickeln.<\/p>\n<p dir=\"auto\">Unsere hochmoderne Produktionsanlage verf\u00fcgt \u00fcber eine automatisierte Montage und Pr\u00e4zisionsbearbeitung und produziert kundenspezifische Zylinder mit intelligenter Technologie, um Effizienz und die Einhaltung strenger Industriestandards zu gew\u00e4hrleisten. Sie unterst\u00fctzt Modelle wie Terex und Grove.<\/p>\n<h2><img loading=\"lazy\" decoding=\"async\" class=\"alignnone size-full wp-image-16973\" src=\"https:\/\/www.hydraulic-cylinders.net\/wp-content\/uploads\/2025\/01\/hydraulic-cylinder-factory-2-scaled.webp\" alt=\"\" width=\"2011\" height=\"2560\" srcset=\"https:\/\/www.hydraulic-cylinders.net\/wp-content\/uploads\/2025\/01\/hydraulic-cylinder-factory-2-scaled.webp 2011w, https:\/\/www.hydraulic-cylinders.net\/wp-content\/uploads\/2025\/01\/hydraulic-cylinder-factory-2-1280x1629.webp 1280w, https:\/\/www.hydraulic-cylinders.net\/wp-content\/uploads\/2025\/01\/hydraulic-cylinder-factory-2-980x1248.webp 980w, https:\/\/www.hydraulic-cylinders.net\/wp-content\/uploads\/2025\/01\/hydraulic-cylinder-factory-2-480x611.webp 480w\" sizes=\"(min-width: 0px) and (max-width: 480px) 480px, (min-width: 481px) and (max-width: 980px) 980px, (min-width: 981px) and (max-width: 1280px) 1280px, (min-width: 1281px) 2011px, 100vw\" \/><\/h2>\n<p>Wir sichern h\u00f6chste Qualit\u00e4t durch ein hochmodernes Testzentrum, validieren die Leistungsf\u00e4higkeit mit fortschrittlichen Diagnoseverfahren und verwenden umweltfreundliche Beschichtungen f\u00fcr erh\u00f6hte Langlebigkeit. Als Marktf\u00fchrer nutzen wir KI-gest\u00fctzte Forschung, um zuverl\u00e4ssige Hochleistungs-Hydraulikzylinder zu liefern, die weltweit gesch\u00e4tzt werden.<\/p>\n<\/section>","protected":false},"excerpt":{"rendered":"<p>Counterweight Hydraulic Cylinders for Car Crane The counterweight hydraulic cylinders for car crane, crafted by Ever-Power Huachang Hydraulic, are precision-engineered balance cylinders that ensure optimal stability and safety during heavy lifting operations. Designed for seamless compatibility with leading car crane models, this hydraulic cylinder for car crane enhances load management in urban construction, logistics, and [&hellip;]<\/p>","protected":false},"featured_media":20181,"comment_status":"open","ping_status":"closed","template":"","meta":{"_et_pb_use_builder":"","_et_pb_old_content":"","_et_gb_content_width":""},"product_brand":[],"product_cat":[1514],"product_tag":[],"class_list":{"0":"post-20179","1":"product","2":"type-product","3":"status-publish","4":"has-post-thumbnail","6":"product_cat-mobile-crane-hydraulic-cylinders","8":"first","9":"instock","10":"shipping-taxable","11":"product-type-simple"},"amp_enabled":true,"_links":{"self":[{"href":"https:\/\/www.hydraulic-cylinders.net\/de\/wp-json\/wp\/v2\/product\/20179","targetHints":{"allow":["GET"]}}],"collection":[{"href":"https:\/\/www.hydraulic-cylinders.net\/de\/wp-json\/wp\/v2\/product"}],"about":[{"href":"https:\/\/www.hydraulic-cylinders.net\/de\/wp-json\/wp\/v2\/types\/product"}],"replies":[{"embeddable":true,"href":"https:\/\/www.hydraulic-cylinders.net\/de\/wp-json\/wp\/v2\/comments?post=20179"}],"wp:featuredmedia":[{"embeddable":true,"href":"https:\/\/www.hydraulic-cylinders.net\/de\/wp-json\/wp\/v2\/media\/20181"}],"wp:attachment":[{"href":"https:\/\/www.hydraulic-cylinders.net\/de\/wp-json\/wp\/v2\/media?parent=20179"}],"wp:term":[{"taxonomy":"product_brand","embeddable":true,"href":"https:\/\/www.hydraulic-cylinders.net\/de\/wp-json\/wp\/v2\/product_brand?post=20179"},{"taxonomy":"product_cat","embeddable":true,"href":"https:\/\/www.hydraulic-cylinders.net\/de\/wp-json\/wp\/v2\/product_cat?post=20179"},{"taxonomy":"product_tag","embeddable":true,"href":"https:\/\/www.hydraulic-cylinders.net\/de\/wp-json\/wp\/v2\/product_tag?post=20179"}],"curies":[{"name":"wp","href":"https:\/\/api.w.org\/{rel}","templated":true}]}}