{"id":634,"date":"2023-08-21T02:32:30","date_gmt":"2023-08-21T02:32:30","guid":{"rendered":"https:\/\/hydraulic-cylinders.net\/?post_type=product&#038;p=634"},"modified":"2025-04-11T03:15:51","modified_gmt":"2025-04-11T03:15:51","slug":"forklift-tilt-hydraulic-cylinder","status":"publish","type":"product","link":"https:\/\/www.hydraulic-cylinders.net\/de\/produkt\/forklift-tilt-hydraulic-cylinder\/","title":{"rendered":"Gabelstapler Kipphydraulikzylinder"},"content":{"rendered":"<h1 style=\"text-align: center;\"><strong>Hydraulische Kippzylinder f\u00fcr Gabelstapler<\/strong><\/h1>\n<p><img loading=\"lazy\" decoding=\"async\" class=\"aligncenter wp-image-635\" src=\"https:\/\/hydraulic-cylinders.net\/wp-content\/uploads\/2023\/08\/tilt-hydraulic-cylinder-product-1-4-300x300.webp\" alt=\"kipp-hydraulische-zylinder-produkt\" width=\"400\" height=\"400\" \/><\/p>\n<p>Der hydraulische Kippzylinder f\u00fcr Gabelstapler ist ein doppelt wirkender Hydraulikzylinder, der zum Kippen des Gabelstaplermastes verwendet wird. Er befindet sich normalerweise auf der linken und rechten Seite des Gabelstaplers und ist mit dem Mast und dem Rahmen des Gabelstaplers verbunden.<\/p>\n<p>Der Kippzylinder funktioniert mit Hilfe von Hydraulik\u00f6l, das den Kolben im Inneren des Zylinders dr\u00fcckt und zieht. Wenn Hydraulik\u00f6l in den Zylinder gepumpt wird, bewegt sich der Kolben nach vorne und kippt den Mast nach vorne. Wenn das Hydraulik\u00f6l aus dem Zylinder gepumpt wird, bewegt sich der Kolben nach hinten und kippt den Mast zur\u00fcck.<\/p>\n<p>Kippzylinder sind ein wichtiger Bestandteil der Sicherheitsleistung von Gabelstaplern. Sie erm\u00f6glichen es dem Bediener, das Hubger\u00fcst zu kippen, um Material von der Gabel abzuladen oder zu laden. Der Kippzylinder tr\u00e4gt auch dazu bei, dass der Gabelstapler nicht umkippt.<\/p>\n<h2><strong>Hydraulische Kippzylinder f\u00fcr Gabelstapler Parameter:<\/strong><\/h2>\n<table>\n<tbody>\n<tr>\n<td><img loading=\"lazy\" decoding=\"async\" class=\"alignnone wp-image-636 size-full\" src=\"https:\/\/hydraulic-cylinders.net\/wp-content\/uploads\/2023\/08\/tilt-hydraulic-cylinder-product-1.webp\" alt=\"\" width=\"333\" height=\"262\" srcset=\"https:\/\/www.hydraulic-cylinders.net\/wp-content\/uploads\/2023\/08\/tilt-hydraulic-cylinder-product-1.webp 333w, https:\/\/www.hydraulic-cylinders.net\/wp-content\/uploads\/2023\/08\/tilt-hydraulic-cylinder-product-1-300x236.webp 300w\" sizes=\"(max-width: 333px) 100vw, 333px\" \/><\/td>\n<td><img loading=\"lazy\" decoding=\"async\" class=\"alignnone wp-image-637 size-full\" src=\"https:\/\/hydraulic-cylinders.net\/wp-content\/uploads\/2023\/08\/tilt-hydraulic-cylinder-product-1-1.webp\" alt=\"\" width=\"326\" height=\"286\" srcset=\"https:\/\/www.hydraulic-cylinders.net\/wp-content\/uploads\/2023\/08\/tilt-hydraulic-cylinder-product-1-1.webp 326w, https:\/\/www.hydraulic-cylinders.net\/wp-content\/uploads\/2023\/08\/tilt-hydraulic-cylinder-product-1-1-300x263.webp 300w\" sizes=\"(max-width: 326px) 100vw, 326px\" \/><\/td>\n<\/tr>\n<\/tbody>\n<\/table>\n<table border=\"1\" cellspacing=\"0\" cellpadding=\"0\">\n<tbody>\n<tr>\n<td width=\"246\">Name des Zylinders<\/td>\n<td width=\"336\">Zeichnungsnummer<\/td>\n<td width=\"126\">Bohrungsdurchmesser (D)<\/td>\n<td width=\"123\">Stabdurchmesser (d)<\/td>\n<td width=\"114\">Schlaganfall (S)<\/td>\n<td width=\"170\">Installationsabstand (L)<\/td>\n<td width=\"172\">Arbeitsdruck<\/td>\n<td width=\"366\">Abmessungen der Schnittstelle (M)<\/td>\n<td width=\"96\">Gewicht<\/td>\n<\/tr>\n<tr>\n<td width=\"246\">KIPP-ZYLINDER<\/td>\n<td>QA20V500-405000-000<\/td>\n<td>\u03a660<\/td>\n<td>\u03a630<\/td>\n<td>32<\/td>\n<td>109<\/td>\n<td>18MPa<\/td>\n<td>2-M14*1.5<\/td>\n<td>3,4 kg<\/td>\n<\/tr>\n<\/tbody>\n<\/table>\n<table>\n<tbody>\n<tr>\n<td><img loading=\"lazy\" decoding=\"async\" class=\"alignnone wp-image-638 size-full\" src=\"https:\/\/hydraulic-cylinders.net\/wp-content\/uploads\/2023\/08\/tilt-hydraulic-cylinder-product-1-2.webp\" alt=\"\" width=\"475\" height=\"365\" srcset=\"https:\/\/www.hydraulic-cylinders.net\/wp-content\/uploads\/2023\/08\/tilt-hydraulic-cylinder-product-1-2.webp 475w, https:\/\/www.hydraulic-cylinders.net\/wp-content\/uploads\/2023\/08\/tilt-hydraulic-cylinder-product-1-2-300x231.webp 300w\" sizes=\"(max-width: 475px) 100vw, 475px\" \/><\/td>\n<td><img loading=\"lazy\" decoding=\"async\" class=\"alignnone wp-image-639 size-full\" src=\"https:\/\/hydraulic-cylinders.net\/wp-content\/uploads\/2023\/08\/tilt-hydraulic-cylinder-product-1-3.webp\" alt=\"\" width=\"475\" height=\"155\" srcset=\"https:\/\/www.hydraulic-cylinders.net\/wp-content\/uploads\/2023\/08\/tilt-hydraulic-cylinder-product-1-3.webp 475w, https:\/\/www.hydraulic-cylinders.net\/wp-content\/uploads\/2023\/08\/tilt-hydraulic-cylinder-product-1-3-300x98.webp 300w\" sizes=\"(max-width: 475px) 100vw, 475px\" \/><\/td>\n<\/tr>\n<\/tbody>\n<\/table>\n<table border=\"1\" width=\"100%\" cellspacing=\"0\" cellpadding=\"0\">\n<tbody>\n<tr>\n<td width=\"246\">Name des Zylinders<\/td>\n<td width=\"336\">Zeichnungsnummer<\/td>\n<td width=\"126\">Bohrungsdurchmesser (D)<\/td>\n<td width=\"123\">Stabdurchmesser (d)<\/td>\n<td width=\"114\">Schlaganfall (S)<\/td>\n<td width=\"170\">Installationsabstand (L)<\/td>\n<td width=\"172\">Arbeitsdruck<\/td>\n<td width=\"366\">Abmessungen der Schnittstelle (M)<\/td>\n<td width=\"96\">Gewicht<\/td>\n<\/tr>\n<tr>\n<td width=\"246\">KIPP-ZYLINDER<\/td>\n<td>S16N450-600000-001Z<\/td>\n<td>\u03a663<\/td>\n<td>\u03a625<\/td>\n<td>55<\/td>\n<td>368<\/td>\n<td>18,1MPa<\/td>\n<td>2-G1\/4<\/td>\n<td>8,2 kg<\/td>\n<\/tr>\n<tr>\n<td width=\"246\">KIPP-ZYLINDER<\/td>\n<td>RTE35M300-600000-500<\/td>\n<td>\u03a685<\/td>\n<td>\u03a635<\/td>\n<td>180<\/td>\n<td>565<\/td>\n<td>18,1MPa<\/td>\n<td>2-M16*1.5<\/td>\n<td>17kg<\/td>\n<\/tr>\n<tr>\n<td width=\"246\">KIPP-ZYLINDER<\/td>\n<td>A15N450-600000AZ<\/td>\n<td>\u03a665<\/td>\n<td>\u03a625<\/td>\n<td>109<\/td>\n<td>514<\/td>\n<td>18,1MPa<\/td>\n<td>2-G1\/4<\/td>\n<td>11,6 kg<\/td>\n<\/tr>\n<\/tbody>\n<\/table>\n<table>\n<tbody>\n<tr>\n<td><img loading=\"lazy\" decoding=\"async\" class=\"alignnone wp-image-640 size-full\" src=\"https:\/\/hydraulic-cylinders.net\/wp-content\/uploads\/2023\/08\/tilt-hydraulic-cylinder-product-1-4-1.webp\" alt=\"\" width=\"476\" height=\"398\" srcset=\"https:\/\/www.hydraulic-cylinders.net\/wp-content\/uploads\/2023\/08\/tilt-hydraulic-cylinder-product-1-4-1.webp 476w, https:\/\/www.hydraulic-cylinders.net\/wp-content\/uploads\/2023\/08\/tilt-hydraulic-cylinder-product-1-4-1-300x251.webp 300w\" sizes=\"(max-width: 476px) 100vw, 476px\" \/><\/td>\n<td><img loading=\"lazy\" decoding=\"async\" class=\"alignnone wp-image-641 size-full\" src=\"https:\/\/hydraulic-cylinders.net\/wp-content\/uploads\/2023\/08\/tilt-hydraulic-cylinder-product-1-5.webp\" alt=\"\" width=\"475\" height=\"162\" srcset=\"https:\/\/www.hydraulic-cylinders.net\/wp-content\/uploads\/2023\/08\/tilt-hydraulic-cylinder-product-1-5.webp 475w, https:\/\/www.hydraulic-cylinders.net\/wp-content\/uploads\/2023\/08\/tilt-hydraulic-cylinder-product-1-5-300x102.webp 300w\" sizes=\"(max-width: 475px) 100vw, 475px\" \/><\/td>\n<\/tr>\n<\/tbody>\n<\/table>\n<table border=\"1\" width=\"100%\" cellspacing=\"0\" cellpadding=\"0\">\n<tbody>\n<tr>\n<td width=\"246\">Name des Zylinders<\/td>\n<td width=\"336\">Zeichnungsnummer<\/td>\n<td width=\"126\">Bohrungsdurchmesser (D)<\/td>\n<td width=\"123\">Stabdurchmesser (d)<\/td>\n<td width=\"114\">Schlaganfall (S)<\/td>\n<td width=\"170\">Installationsabstand (L)<\/td>\n<td width=\"172\">Arbeitsdruck<\/td>\n<td width=\"366\">Abmessungen der Schnittstelle (M)<\/td>\n<td width=\"96\">Gewicht<\/td>\n<\/tr>\n<tr>\n<td>KIPP-ZYLINDER<\/td>\n<td>A30M300-600000-000B<\/td>\n<td>\u03a670<\/td>\n<td>\u03a630<\/td>\n<td>156<\/td>\n<td>453<\/td>\n<td>18,1MPa<\/td>\n<td>2-G1\/4<\/td>\n<td>12kg<\/td>\n<\/tr>\n<tr>\n<td>KIPP-ZYLINDER<\/td>\n<td>A35M300-600000-000C<\/td>\n<td>\u03a680<\/td>\n<td>\u03a630<\/td>\n<td>156<\/td>\n<td>456.5<\/td>\n<td>18,1MPa<\/td>\n<td>2-G1\/4<\/td>\n<td>13kg<\/td>\n<\/tr>\n<tr>\n<td>KIPP-ZYLINDER<\/td>\n<td>A45M300-600000Z<\/td>\n<td>\u03a6100<\/td>\n<td>\u03a640<\/td>\n<td>193<\/td>\n<td>498<\/td>\n<td>18,1MPa<\/td>\n<td>2-M16*1.5<\/td>\n<td>22kg<\/td>\n<\/tr>\n<\/tbody>\n<\/table>\n<h2><strong>Verwendungsmethode von <\/strong><strong>Gabelstapler Heben Hydraulikzylinder<\/strong><strong>:<\/strong><\/h2>\n<ul>\n<li><strong>Schritt 1: Systemanalyse<\/strong>: Analysieren Sie die Anforderungen an Ihr Hydrauliksystem und bestimmen Sie die entsprechenden Spezifikationen f\u00fcr den Hydraulikzylinder. Ber\u00fccksichtigen Sie dabei Faktoren wie Tragf\u00e4higkeit, Hubl\u00e4nge und Betriebsdruck.<\/li>\n<li><strong>Schritt 2: Auswahl des Zylinders<\/strong>: W\u00e4hlen Sie den Hydraulikzylinder, der Ihren Systemanforderungen entspricht. Achten Sie auf Kompatibilit\u00e4t mit anderen Systemkomponenten und ber\u00fccksichtigen Sie Faktoren wie Montageart, Stangendurchmesser und Anschlussgr\u00f6\u00dfe.<\/li>\n<li><strong>Schritt 3: Einbau<\/strong>: Bauen Sie den Hydraulikzylinder gem\u00e4\u00df den Anweisungen des Herstellers in Ihr Hydrauliksystem ein. Achten Sie auf korrekte Ausrichtung, sichere Montage und leckagefreie Anschl\u00fcsse.<\/li>\n<li><strong>Schritt 4: Systempr\u00fcfung<\/strong>: F\u00fchren Sie eine gr\u00fcndliche Pr\u00fcfung des Hydrauliksystems, einschlie\u00dflich des Hydraulikzylinders, durch. Pr\u00fcfen Sie auf ordnungsgem\u00e4\u00dfen Betrieb, Fl\u00fcssigkeitsaustritt und m\u00f6gliche Probleme. Nehmen Sie die erforderlichen Einstellungen vor, um eine optimale Leistung zu gew\u00e4hrleisten.<\/li>\n<\/ul>\n<h2><strong>F\u00e4higkeit und Kapazit\u00e4t der Fabrik:<\/strong><\/h2>\n<h3>(1) Montage<\/h3>\n<p>Wir verf\u00fcgen \u00fcber eine erstklassige unabh\u00e4ngige Forschungs- und Entwicklungsplattform f\u00fcr die Montage. Die Produktionswerkstatt f\u00fcr Gabelstaplerzylinder verf\u00fcgt \u00fcber 4 halbautomatische Hubzylinder-Montagelinien und 1 automatische Kippzylinder-Montagelinie mit einer geplanten j\u00e4hrlichen Produktionskapazit\u00e4t von 1 Million St\u00fcck; die Werkstatt f\u00fcr Spezialzylinder ist mit einem halbautomatischen Reinigungssystem mit verschiedenen Spezifikationen ausgestattet und verf\u00fcgt \u00fcber eine j\u00e4hrliche Produktionskapazit\u00e4t von 200.000 St\u00fcck. Ausgestattet mit ber\u00fchmten CNC-Bearbeitungsmaschinen, Bearbeitungszentren, hochpr\u00e4zisen Spezialmaschinen f\u00fcr die Zylinderbearbeitung, Roboterschwei\u00dfmaschinen, automatischen Reinigungsmaschinen, automatischen Zylindermontagemaschinen und automatischen Lackieranlagen. Vorhandene Schl\u00fcsselausr\u00fcstung mehr als 300 S\u00e4tze (S\u00e4tze). Die optimale Zuweisung und effiziente Nutzung der Ausr\u00fcstungsressourcen gew\u00e4hrleisten die Genauigkeitsanforderungen der Produkte und erf\u00fcllen die hohen Qualit\u00e4tsanforderungen der Produkte.<\/p>\n<p><img loading=\"lazy\" decoding=\"async\" class=\"alignnone wp-image-626\" src=\"https:\/\/hydraulic-cylinders.net\/wp-content\/uploads\/2023\/08\/hydraulic-cylinder-product-1-300x158.webp\" alt=\"\" width=\"495\" height=\"260\" srcset=\"https:\/\/hydraulic-cylinders.net\/wp-content\/uploads\/2023\/08\/hydraulic-cylinder-product-1-300x158.webp 495w, https:\/\/hydraulic-cylinders.net\/wp-content\/uploads\/2023\/08\/hydraulic-cylinder-product-1-480x252.webp 480w\" sizes=\"(min-width: 0px) and (max-width: 480px) 480px, (min-width: 481px) 495px, 100vw\" \/> <img loading=\"lazy\" decoding=\"async\" class=\"alignnone wp-image-627\" src=\"https:\/\/hydraulic-cylinders.net\/wp-content\/uploads\/2023\/08\/hydraulic-cylinder-product-2-300x189.webp\" alt=\"\" width=\"413\" height=\"260\" \/><\/p>\n<h3>(2) Spanende Bearbeitung<\/h3>\n<p>Die Bearbeitungswerkstatt ist mit einem kundenspezifischen Schr\u00e4gschienen-Drehzentrum, einem Bearbeitungszentrum, einer Hochgeschwindigkeits-Honmaschine, einem Schwei\u00dfroboter und anderen zugeh\u00f6rigen Ger\u00e4ten ausgestattet, die die Bearbeitung von Zylinderrohren mit einem maximalen Innendurchmesser von 400 mm und einer maximalen L\u00e4nge von 6 Metern erm\u00f6glichen.<\/p>\n<p><img loading=\"lazy\" decoding=\"async\" class=\"alignnone wp-image-628 size-large\" src=\"https:\/\/hydraulic-cylinders.net\/wp-content\/uploads\/2023\/08\/hydraulic-cylinder-product-3-1024x391.webp\" alt=\"\" width=\"1024\" height=\"391\" srcset=\"https:\/\/hydraulic-cylinders.net\/wp-content\/uploads\/2023\/08\/hydraulic-cylinder-product-3-980x374.webp 980w, https:\/\/hydraulic-cylinders.net\/wp-content\/uploads\/2023\/08\/hydraulic-cylinder-product-3-480x183.webp 480w\" sizes=\"(min-width: 0px) and (max-width: 480px) 480px, (min-width: 481px) and (max-width: 980px) 980px, (min-width: 981px) 1024px, 100vw\" \/><\/p>\n<h3>(3) Schwei\u00dfen<\/h3>\n<p><img loading=\"lazy\" decoding=\"async\" class=\"alignnone wp-image-629 size-large\" src=\"https:\/\/hydraulic-cylinders.net\/wp-content\/uploads\/2023\/08\/hydraulic-cylinder-product-4-1024x510.webp\" alt=\"\" width=\"1024\" height=\"510\" srcset=\"https:\/\/hydraulic-cylinders.net\/wp-content\/uploads\/2023\/08\/hydraulic-cylinder-product-4-980x488.webp 980w, https:\/\/hydraulic-cylinders.net\/wp-content\/uploads\/2023\/08\/hydraulic-cylinder-product-4-480x239.webp 480w\" sizes=\"(min-width: 0px) and (max-width: 480px) 480px, (min-width: 481px) and (max-width: 980px) 980px, (min-width: 981px) 1024px, 100vw\" \/><\/p>\n<h3>(4) Malerei und Beschichtung<\/h3>\n<p>Mit kleinen und mittleren Zylinder automatische Lackieranlage auf Wasserbasis, um automatische Roboter Be-und Entladen und automatische Spritzen, die Design-Kapazit\u00e4t von 4000 St\u00fcck pro Schicht zu erreichen;<br \/>\nWir verf\u00fcgen auch \u00fcber eine halbautomatische Lackieranlage f\u00fcr gro\u00dfe Zylinder, die von einer Energiekette angetrieben wird und eine Kapazit\u00e4t von 60 Kisten pro Schicht hat.<\/p>\n<p><img loading=\"lazy\" decoding=\"async\" class=\"alignnone wp-image-630\" src=\"https:\/\/hydraulic-cylinders.net\/wp-content\/uploads\/2023\/08\/hydraulic-cylinder-product-5-300x213.webp\" alt=\"\" width=\"366\" height=\"260\" \/> <img loading=\"lazy\" decoding=\"async\" class=\"alignnone wp-image-631\" src=\"https:\/\/hydraulic-cylinders.net\/wp-content\/uploads\/2023\/08\/hydraulic-cylinder-product-6-300x225.webp\" alt=\"\" width=\"347\" height=\"260\" \/><\/p>\n<h3>(5) Pr\u00fcfung<\/h3>\n<p>Wir verf\u00fcgen \u00fcber erstklassige Pr\u00fcfeinrichtungen und Pr\u00fcfst\u00e4nde, um sicherzustellen, dass die Leistung des Zylinders den Anforderungen entspricht.<\/p>\n<p><img loading=\"lazy\" decoding=\"async\" class=\"alignnone wp-image-632\" src=\"https:\/\/hydraulic-cylinders.net\/wp-content\/uploads\/2023\/08\/hydraulic-cylinder-product-8-300x200.webp\" alt=\"\" width=\"389\" height=\"260\" \/><\/p>\n<p>&nbsp;<\/p>\n<p>&nbsp;<\/p>\n<p>Wir sind einer der besten Hersteller von Hydraulikzylindern. Wir k\u00f6nnen eine breite Palette von Hydraulikzylindern anbieten. Wir bieten auch entsprechende <a href=\"https:\/\/hzpt.com\/agricultural-pto-gearbox\/\" target=\"_blank\" rel=\"noopener\">landwirtschaftliche Getriebe<\/a>. Wir haben unsere Produkte an Kunden in der ganzen Welt exportiert und uns aufgrund unserer hervorragenden Produktqualit\u00e4t und unseres Kundendienstes einen guten Ruf erworben. Wir hei\u00dfen Kunden im In- und Ausland herzlich willkommen, uns zu kontaktieren, um Gesch\u00e4fte zu verhandeln, Informationen auszutauschen und\u00a0<a href=\"https:\/\/www.hydraulic-cylinders.net\/de\/contact-us\/\">mit uns zusammenarbeiten<\/a>!<\/p>","protected":false},"excerpt":{"rendered":"<p>Forklift Tilt Hydraulic Cylinders Forklift tilting hydraulic cylinder is a double acting hydraulic cylinder used for tilting the forklift mast. It is usually located on the left and right sides of the forklift and is connected to the mast and frame of the forklift. The tilting cylinder works by using hydraulic oil to push and [&hellip;]<\/p>","protected":false},"featured_media":642,"comment_status":"open","ping_status":"closed","template":"","meta":{"_et_pb_use_builder":"","_et_pb_old_content":"","_et_gb_content_width":""},"product_brand":[],"product_cat":[1550,1484],"product_tag":[1380],"class_list":{"0":"post-634","1":"product","2":"type-product","3":"status-publish","4":"has-post-thumbnail","6":"product_cat-double-acting-hydraulic-cylinder","7":"product_cat-forklift-hydraulic-cylinders","8":"product_tag-hydraulic-cylinder","10":"first","11":"instock","12":"shipping-taxable","13":"product-type-simple"},"amp_enabled":true,"_links":{"self":[{"href":"https:\/\/www.hydraulic-cylinders.net\/de\/wp-json\/wp\/v2\/product\/634","targetHints":{"allow":["GET"]}}],"collection":[{"href":"https:\/\/www.hydraulic-cylinders.net\/de\/wp-json\/wp\/v2\/product"}],"about":[{"href":"https:\/\/www.hydraulic-cylinders.net\/de\/wp-json\/wp\/v2\/types\/product"}],"replies":[{"embeddable":true,"href":"https:\/\/www.hydraulic-cylinders.net\/de\/wp-json\/wp\/v2\/comments?post=634"}],"wp:featuredmedia":[{"embeddable":true,"href":"https:\/\/www.hydraulic-cylinders.net\/de\/wp-json\/wp\/v2\/media\/642"}],"wp:attachment":[{"href":"https:\/\/www.hydraulic-cylinders.net\/de\/wp-json\/wp\/v2\/media?parent=634"}],"wp:term":[{"taxonomy":"product_brand","embeddable":true,"href":"https:\/\/www.hydraulic-cylinders.net\/de\/wp-json\/wp\/v2\/product_brand?post=634"},{"taxonomy":"product_cat","embeddable":true,"href":"https:\/\/www.hydraulic-cylinders.net\/de\/wp-json\/wp\/v2\/product_cat?post=634"},{"taxonomy":"product_tag","embeddable":true,"href":"https:\/\/www.hydraulic-cylinders.net\/de\/wp-json\/wp\/v2\/product_tag?post=634"}],"curies":[{"name":"wp","href":"https:\/\/api.w.org\/{rel}","templated":true}]}}