{"id":643,"date":"2023-08-21T02:44:39","date_gmt":"2023-08-21T02:44:39","guid":{"rendered":"https:\/\/hydraulic-cylinders.net\/?post_type=product&#038;p=643"},"modified":"2025-04-11T03:15:48","modified_gmt":"2025-04-11T03:15:48","slug":"forklift-steering-hydraulic-cylinder","status":"publish","type":"product","link":"https:\/\/www.hydraulic-cylinders.net\/de\/produkt\/forklift-steering-hydraulic-cylinder\/","title":{"rendered":"Hydraulikzylinder f\u00fcr Gabelstaplerlenkung"},"content":{"rendered":"<h1 style=\"text-align: center;\"><strong>Hydraulikzylinder f\u00fcr Gabelstaplerlenkung<\/strong><\/h1>\n<p><img loading=\"lazy\" decoding=\"async\" class=\"aligncenter wp-image-644 size-full\" src=\"https:\/\/hydraulic-cylinders.net\/wp-content\/uploads\/2023\/08\/steering-hydraulic-cylinder-product-1.webp\" alt=\"lenkhydraulik-zylinder-produkt\" width=\"382\" height=\"382\" srcset=\"https:\/\/www.hydraulic-cylinders.net\/wp-content\/uploads\/2023\/08\/steering-hydraulic-cylinder-product-1.webp 382w, https:\/\/www.hydraulic-cylinders.net\/wp-content\/uploads\/2023\/08\/steering-hydraulic-cylinder-product-1-300x300.webp 300w, https:\/\/www.hydraulic-cylinders.net\/wp-content\/uploads\/2023\/08\/steering-hydraulic-cylinder-product-1-100x100.webp 100w, https:\/\/www.hydraulic-cylinders.net\/wp-content\/uploads\/2023\/08\/steering-hydraulic-cylinder-product-1-150x150.webp 150w\" sizes=\"(max-width: 382px) 100vw, 382px\" \/><\/p>\n<p>Gabelstapler-Lenkhydraulikzylinder sind die treibende Kraft hinter der pr\u00e4zisen Lenkung und der verbesserten Man\u00f6vrierf\u00e4higkeit im Gabelstaplerbetrieb. Diese wesentlichen Komponenten spielen eine entscheidende Rolle bei der Gew\u00e4hrleistung einer reibungslosen und reaktionsschnellen Lenkung, die es dem Fahrer erm\u00f6glicht, auf engem Raum zu navigieren und schwere Lasten mit Leichtigkeit zu handhaben.<\/p>\n<p>Die Hydraulikzylinder f\u00fcr die Gabelstaplerlenkung sind mit einer Vielzahl von Gabelstaplermodellen und -marken kompatibel, was sie zu einer vielseitigen L\u00f6sung f\u00fcr unterschiedliche Anwendungen macht. Ganz gleich, ob Sie in der Lagerhaltung, Logistik, Fertigung oder einer anderen Branche t\u00e4tig sind, diese Zylinder k\u00f6nnen auf Ihre spezifischen Anforderungen zugeschnitten werden.<\/p>\n<p>Wenn Sie Ihre Gabelstapler mit diesen Zylindern aufr\u00fcsten, k\u00f6nnen Sie die Lenkeffizienz und Produktivit\u00e4t erheblich verbessern. Erleben Sie sanftere Kurvenfahrten, pr\u00e4zise Handhabung und geringere Erm\u00fcdung des Fahrers, was zu einem schnelleren und effizienteren Materialumschlag f\u00fchrt.<\/p>\n<h2><strong>Hydraulikzylinder f\u00fcr Gabelstaplerlenkung Parameter:<\/strong><\/h2>\n<table>\n<tbody>\n<tr>\n<td><img loading=\"lazy\" decoding=\"async\" class=\"alignnone wp-image-645 size-full\" src=\"https:\/\/hydraulic-cylinders.net\/wp-content\/uploads\/2023\/08\/steering-hydraulic-cylinder-product-1-1.webp\" alt=\"\" width=\"334\" height=\"255\" srcset=\"https:\/\/www.hydraulic-cylinders.net\/wp-content\/uploads\/2023\/08\/steering-hydraulic-cylinder-product-1-1.webp 334w, https:\/\/www.hydraulic-cylinders.net\/wp-content\/uploads\/2023\/08\/steering-hydraulic-cylinder-product-1-1-300x229.webp 300w\" sizes=\"(max-width: 334px) 100vw, 334px\" \/><\/td>\n<td><img loading=\"lazy\" decoding=\"async\" class=\"alignnone wp-image-646 size-full\" src=\"https:\/\/hydraulic-cylinders.net\/wp-content\/uploads\/2023\/08\/steering-hydraulic-cylinder-product-1-1.jpg.webp\" alt=\"\" width=\"475\" height=\"160\" srcset=\"https:\/\/www.hydraulic-cylinders.net\/wp-content\/uploads\/2023\/08\/steering-hydraulic-cylinder-product-1-1.jpg.webp 475w, https:\/\/www.hydraulic-cylinders.net\/wp-content\/uploads\/2023\/08\/steering-hydraulic-cylinder-product-1-1.jpg-300x101.webp 300w\" sizes=\"(max-width: 475px) 100vw, 475px\" \/><\/td>\n<\/tr>\n<\/tbody>\n<\/table>\n<table style=\"height: 95px;\" border=\"1\" cellspacing=\"0\" cellpadding=\"0\">\n<tbody>\n<tr style=\"height: 47px;\">\n<td style=\"height: 47px; width: 122.175px;\">Name des Zylinders<\/td>\n<td style=\"height: 47px; width: 154.2px;\">Zeichnungsnummer<\/td>\n<td style=\"height: 47px; width: 80.3125px;\">Bohrungsdurchmesser (D)<\/td>\n<td style=\"height: 47px; width: 79.225px;\">Stabdurchmesser (d)<\/td>\n<td style=\"height: 47px; width: 65.5375px;\">Schlaganfall (S)<\/td>\n<td style=\"height: 47px; width: 104.15px;\">Installationsabstand (L)<\/td>\n<td style=\"height: 47px; width: 97.925px;\">Arbeitsdruck<\/td>\n<td style=\"height: 47px; width: 177.45px;\">Abmessungen der Schnittstelle (M)<\/td>\n<td style=\"height: 47px; width: 60.5875px;\">Gewicht<\/td>\n<\/tr>\n<tr style=\"height: 48px;\">\n<td class=\"et3\" style=\"height: 48px; width: 122.175px;\" height=\"325\">Lenkungszylinder<\/td>\n<td class=\"et4\" style=\"height: 48px; width: 154.2px;\">R960-224000-001<\/td>\n<td class=\"et4\" style=\"height: 48px; width: 80.3125px;\">\u03a665<\/td>\n<td class=\"et4\" style=\"height: 48px; width: 79.225px;\">\u03a640<\/td>\n<td class=\"et4\" style=\"height: 48px; width: 65.5375px;\">2*98<\/td>\n<td class=\"et4\" style=\"height: 48px; width: 104.15px;\">672<\/td>\n<td class=\"et4\" style=\"height: 48px; width: 97.925px;\">10,5MPa<\/td>\n<td class=\"et4\" style=\"height: 48px; width: 177.45px;\">2-G1\/4<\/td>\n<td class=\"et4\" style=\"height: 48px; width: 60.5875px;\">15kg<\/td>\n<\/tr>\n<\/tbody>\n<\/table>\n<table>\n<tbody>\n<tr>\n<td><img loading=\"lazy\" decoding=\"async\" class=\"alignnone wp-image-647 size-full\" src=\"https:\/\/hydraulic-cylinders.net\/wp-content\/uploads\/2023\/08\/steering-hydraulic-cylinder-product-1-2.webp\" alt=\"\" width=\"333\" height=\"252\" srcset=\"https:\/\/www.hydraulic-cylinders.net\/wp-content\/uploads\/2023\/08\/steering-hydraulic-cylinder-product-1-2.webp 333w, https:\/\/www.hydraulic-cylinders.net\/wp-content\/uploads\/2023\/08\/steering-hydraulic-cylinder-product-1-2-300x227.webp 300w\" sizes=\"(max-width: 333px) 100vw, 333px\" \/><\/td>\n<td><img loading=\"lazy\" decoding=\"async\" class=\"alignnone wp-image-648 size-full\" src=\"https:\/\/hydraulic-cylinders.net\/wp-content\/uploads\/2023\/08\/steering-hydraulic-cylinder-product-1-3.webp\" alt=\"\" width=\"475\" height=\"168\" srcset=\"https:\/\/www.hydraulic-cylinders.net\/wp-content\/uploads\/2023\/08\/steering-hydraulic-cylinder-product-1-3.webp 475w, https:\/\/www.hydraulic-cylinders.net\/wp-content\/uploads\/2023\/08\/steering-hydraulic-cylinder-product-1-3-300x106.webp 300w\" sizes=\"(max-width: 475px) 100vw, 475px\" \/><\/td>\n<\/tr>\n<\/tbody>\n<\/table>\n<table style=\"height: 101px;\" border=\"1\" cellspacing=\"0\" cellpadding=\"0\">\n<tbody>\n<tr style=\"height: 47px;\">\n<td style=\"height: 47px; width: 122px;\">Name des Zylinders<\/td>\n<td style=\"height: 47px; width: 155px;\">Zeichnungsnummer<\/td>\n<td style=\"height: 47px; width: 80px;\">Bohrungsdurchmesser (D)<\/td>\n<td style=\"height: 47px; width: 79px;\">Stabdurchmesser (d)<\/td>\n<td style=\"height: 47px; width: 65px;\">Schlaganfall (S)<\/td>\n<td style=\"height: 47px; width: 104px;\">Installationsabstand (L)<\/td>\n<td style=\"height: 47px; width: 96px;\">Arbeitsdruck<\/td>\n<td style=\"height: 47px; width: 177px;\">Abmessungen der Schnittstelle (M)<\/td>\n<td style=\"height: 47px; width: 60px;\">Gewicht<\/td>\n<\/tr>\n<tr style=\"height: 54px;\">\n<td class=\"et3\" style=\"height: 54px; width: 122px;\" height=\"325\">Lenkungszylinder<\/td>\n<td class=\"et4\" style=\"height: 54px; width: 155px;\">A2A300-223000-000<\/td>\n<td class=\"et4\" style=\"height: 54px; width: 80px;\">\u03a680<\/td>\n<td class=\"et4\" style=\"height: 54px; width: 79px;\">\u03a650<\/td>\n<td class=\"et4\" style=\"height: 54px; width: 65px;\">2*103<\/td>\n<td class=\"et4\" style=\"height: 54px; width: 104px;\">652.2<\/td>\n<td class=\"et4\" style=\"height: 54px; width: 96px;\">10MPa<\/td>\n<td class=\"et4\" style=\"height: 54px; width: 177px;\">2-M16*1.5<\/td>\n<td class=\"et4\" style=\"height: 54px; width: 60px;\">18kg<\/td>\n<\/tr>\n<\/tbody>\n<\/table>\n<table>\n<tbody>\n<tr>\n<td><img loading=\"lazy\" decoding=\"async\" class=\"alignnone wp-image-649 size-full\" src=\"https:\/\/hydraulic-cylinders.net\/wp-content\/uploads\/2023\/08\/steering-hydraulic-cylinder-product-1-4.webp\" alt=\"\" width=\"333\" height=\"221\" srcset=\"https:\/\/www.hydraulic-cylinders.net\/wp-content\/uploads\/2023\/08\/steering-hydraulic-cylinder-product-1-4.webp 333w, https:\/\/www.hydraulic-cylinders.net\/wp-content\/uploads\/2023\/08\/steering-hydraulic-cylinder-product-1-4-300x199.webp 300w\" sizes=\"(max-width: 333px) 100vw, 333px\" \/><\/td>\n<td><img loading=\"lazy\" decoding=\"async\" class=\"alignnone wp-image-650 size-full\" src=\"https:\/\/hydraulic-cylinders.net\/wp-content\/uploads\/2023\/08\/steering-hydraulic-cylinder-product-1-5.webp\" alt=\"\" width=\"475\" height=\"176\" srcset=\"https:\/\/www.hydraulic-cylinders.net\/wp-content\/uploads\/2023\/08\/steering-hydraulic-cylinder-product-1-5.webp 475w, https:\/\/www.hydraulic-cylinders.net\/wp-content\/uploads\/2023\/08\/steering-hydraulic-cylinder-product-1-5-300x111.webp 300w\" sizes=\"(max-width: 475px) 100vw, 475px\" \/><\/td>\n<\/tr>\n<\/tbody>\n<\/table>\n<table style=\"height: 98px;\" border=\"1\" cellspacing=\"0\" cellpadding=\"0\">\n<tbody>\n<tr style=\"height: 47px;\">\n<td style=\"height: 47px; width: 122.338px;\">Name des Zylinders<\/td>\n<td style=\"height: 47px; width: 154.438px;\">Zeichnungsnummer<\/td>\n<td style=\"height: 47px; width: 80.3625px;\">Bohrungsdurchmesser (D)<\/td>\n<td style=\"height: 47px; width: 79.275px;\">Stabdurchmesser (d)<\/td>\n<td style=\"height: 47px; width: 65.5875px;\">Schlaganfall (S)<\/td>\n<td style=\"height: 47px; width: 104.25px;\">Installationsabstand (L)<\/td>\n<td style=\"height: 47px; width: 97.025px;\">Arbeitsdruck<\/td>\n<td style=\"height: 47px; width: 177.7px;\">Abmessungen der Schnittstelle (M)<\/td>\n<td style=\"height: 47px; width: 60.625px;\">Gewicht<\/td>\n<\/tr>\n<tr style=\"height: 51px;\">\n<td class=\"et3\" style=\"height: 51px; width: 122.338px;\" height=\"325\">Lenkungszylinder<\/td>\n<td class=\"et4\" style=\"height: 51px; width: 154.438px;\">XF250-223000-500T<\/td>\n<td class=\"et4\" style=\"height: 51px; width: 80.3625px;\">\u03a680<\/td>\n<td class=\"et4\" style=\"height: 51px; width: 79.275px;\">\u03a650<\/td>\n<td class=\"et4\" style=\"height: 51px; width: 65.5875px;\">2*94<\/td>\n<td class=\"et4\" style=\"height: 51px; width: 104.25px;\">654<\/td>\n<td class=\"et4\" style=\"height: 51px; width: 97.025px;\">16MPa<\/td>\n<td class=\"et4\" style=\"height: 51px; width: 177.7px;\">2-M16*1.5<\/td>\n<td class=\"et4\" style=\"height: 51px; width: 60.625px;\">20kg<\/td>\n<\/tr>\n<\/tbody>\n<\/table>\n<h2><strong>Leitlinien f\u00fcr die Instandhaltung von <\/strong><strong>Gabelstapler Heben Hydraulikzylinder<\/strong><strong>:<\/strong><\/h2>\n<ul>\n<li><strong>Regelm\u00e4\u00dfige Inspektionen<\/strong>: F\u00fchren Sie Routineinspektionen des Hydraulikzylinders durch, um ihn auf Anzeichen von Besch\u00e4digung, Verschlei\u00df oder Leckagen zu \u00fcberpr\u00fcfen. Untersuchen Sie die Stange, die Dichtungen und die Befestigungspunkte. K\u00fcmmern Sie sich umgehend um alle Probleme, um weitere Sch\u00e4den zu vermeiden und eine optimale Leistung zu erhalten.<\/li>\n<li><strong>Kontrolle und Austausch von Fl\u00fcssigkeiten<\/strong>: Kontrollieren Sie regelm\u00e4\u00dfig den F\u00fcllstand und die Qualit\u00e4t der Hydraulikfl\u00fcssigkeit. Stellen Sie sicher, dass die Fl\u00fcssigkeit sauber und frei von Verunreinigungen ist. Befolgen Sie die Empfehlungen des Herstellers f\u00fcr die Wechselintervalle der Fl\u00fcssigkeit, um eine ordnungsgem\u00e4\u00dfe Schmierung und Systemleistung zu gew\u00e4hrleisten.<\/li>\n<li><strong>Wartung der Siegel<\/strong>: Pr\u00fcfen Sie die Dichtungen des Hydraulikzylinders auf Anzeichen von Verschlei\u00df, Rissen oder Leckagen. Ersetzen Sie besch\u00e4digte Dichtungen umgehend, um Fl\u00fcssigkeitsaustritt zu verhindern und einen zuverl\u00e4ssigen Betrieb zu gew\u00e4hrleisten.<\/li>\n<li><strong>Wartung der Stangen<\/strong>: Halten Sie die Stange des Hydraulikzylinders sauber und frei von Verschmutzungen. Wischen Sie die Stange regelm\u00e4\u00dfig ab und tragen Sie ein geeignetes Schmiermittel auf, um die Reibung zu minimieren und die Lebensdauer der Dichtungen zu verl\u00e4ngern.<\/li>\n<li><strong>Systemdruckkontrollen<\/strong>: Pr\u00fcfen Sie regelm\u00e4\u00dfig den Druck des Hydrauliksystems, um sicherzustellen, dass er innerhalb des empfohlenen Bereichs liegt. Passen Sie den Druck bei Bedarf gem\u00e4\u00df den Richtlinien des Herstellers an.<\/li>\n<\/ul>\n<h2><strong>F\u00e4higkeit und Kapazit\u00e4t der Fabrik:<\/strong><\/h2>\n<h3>(1) Montage<\/h3>\n<p>Wir verf\u00fcgen \u00fcber eine erstklassige unabh\u00e4ngige Forschungs- und Entwicklungsplattform f\u00fcr die Montage. Die Produktionswerkstatt f\u00fcr Gabelstaplerzylinder verf\u00fcgt \u00fcber 4 halbautomatische Hubzylinder-Montagelinien und 1 automatische Kippzylinder-Montagelinie mit einer geplanten j\u00e4hrlichen Produktionskapazit\u00e4t von 1 Million St\u00fcck; die Werkstatt f\u00fcr Spezialzylinder ist mit einem halbautomatischen Reinigungssystem mit verschiedenen Spezifikationen ausgestattet und verf\u00fcgt \u00fcber eine j\u00e4hrliche Produktionskapazit\u00e4t von 200.000 St\u00fcck. Ausgestattet mit ber\u00fchmten CNC-Bearbeitungsmaschinen, Bearbeitungszentren, hochpr\u00e4zisen Spezialmaschinen f\u00fcr die Zylinderbearbeitung, Roboterschwei\u00dfmaschinen, automatischen Reinigungsmaschinen, automatischen Zylindermontagemaschinen und automatischen Lackieranlagen. Vorhandene Schl\u00fcsselausr\u00fcstung mehr als 300 S\u00e4tze (S\u00e4tze). Die optimale Zuweisung und effiziente Nutzung der Ausr\u00fcstungsressourcen gew\u00e4hrleisten die Genauigkeitsanforderungen der Produkte und erf\u00fcllen die hohen Qualit\u00e4tsanforderungen der Produkte.<\/p>\n<p><img loading=\"lazy\" decoding=\"async\" class=\"alignnone wp-image-626\" src=\"https:\/\/hydraulic-cylinders.net\/wp-content\/uploads\/2023\/08\/hydraulic-cylinder-product-1-300x158.webp\" alt=\"\" width=\"495\" height=\"260\" srcset=\"https:\/\/hydraulic-cylinders.net\/wp-content\/uploads\/2023\/08\/hydraulic-cylinder-product-1-300x158.webp 495w, https:\/\/hydraulic-cylinders.net\/wp-content\/uploads\/2023\/08\/hydraulic-cylinder-product-1-480x252.webp 480w\" sizes=\"(min-width: 0px) and (max-width: 480px) 480px, (min-width: 481px) 495px, 100vw\" \/> <img loading=\"lazy\" decoding=\"async\" class=\"alignnone wp-image-627\" src=\"https:\/\/hydraulic-cylinders.net\/wp-content\/uploads\/2023\/08\/hydraulic-cylinder-product-2-300x189.webp\" alt=\"\" width=\"413\" height=\"260\" \/><\/p>\n<h3>(2) Spanende Bearbeitung<\/h3>\n<p>Die Bearbeitungswerkstatt ist mit einem kundenspezifischen Schr\u00e4gschienen-Drehzentrum, einem Bearbeitungszentrum, einer Hochgeschwindigkeits-Honmaschine, einem Schwei\u00dfroboter und anderen zugeh\u00f6rigen Ger\u00e4ten ausgestattet, die die Bearbeitung von Zylinderrohren mit einem maximalen Innendurchmesser von 400 mm und einer maximalen L\u00e4nge von 6 Metern erm\u00f6glichen.<\/p>\n<p><img loading=\"lazy\" decoding=\"async\" class=\"alignnone wp-image-628 size-large\" src=\"https:\/\/hydraulic-cylinders.net\/wp-content\/uploads\/2023\/08\/hydraulic-cylinder-product-3-1024x391.webp\" alt=\"\" width=\"1024\" height=\"391\" srcset=\"https:\/\/hydraulic-cylinders.net\/wp-content\/uploads\/2023\/08\/hydraulic-cylinder-product-3-980x374.webp 980w, https:\/\/hydraulic-cylinders.net\/wp-content\/uploads\/2023\/08\/hydraulic-cylinder-product-3-480x183.webp 480w\" sizes=\"(min-width: 0px) and (max-width: 480px) 480px, (min-width: 481px) and (max-width: 980px) 980px, (min-width: 981px) 1024px, 100vw\" \/><\/p>\n<h3>(3) Schwei\u00dfen<\/h3>\n<p><img loading=\"lazy\" decoding=\"async\" class=\"alignnone wp-image-629 size-large\" src=\"https:\/\/hydraulic-cylinders.net\/wp-content\/uploads\/2023\/08\/hydraulic-cylinder-product-4-1024x510.webp\" alt=\"\" width=\"1024\" height=\"510\" srcset=\"https:\/\/hydraulic-cylinders.net\/wp-content\/uploads\/2023\/08\/hydraulic-cylinder-product-4-980x488.webp 980w, https:\/\/hydraulic-cylinders.net\/wp-content\/uploads\/2023\/08\/hydraulic-cylinder-product-4-480x239.webp 480w\" sizes=\"(min-width: 0px) and (max-width: 480px) 480px, (min-width: 481px) and (max-width: 980px) 980px, (min-width: 981px) 1024px, 100vw\" \/><\/p>\n<h3>(4) Malerei und Beschichtung<\/h3>\n<p>Mit kleinen und mittleren Zylinder automatische Lackieranlage auf Wasserbasis, um automatische Roboter Be-und Entladen und automatische Spritzen, die Design-Kapazit\u00e4t von 4000 St\u00fcck pro Schicht zu erreichen;<br \/>\nWir verf\u00fcgen auch \u00fcber eine halbautomatische Lackieranlage f\u00fcr gro\u00dfe Zylinder, die von einer Energiekette angetrieben wird und eine Kapazit\u00e4t von 60 Kisten pro Schicht hat.<\/p>\n<p><img loading=\"lazy\" decoding=\"async\" class=\"alignnone wp-image-630\" src=\"https:\/\/hydraulic-cylinders.net\/wp-content\/uploads\/2023\/08\/hydraulic-cylinder-product-5-300x213.webp\" alt=\"\" width=\"366\" height=\"260\" \/> <img loading=\"lazy\" decoding=\"async\" class=\"alignnone wp-image-631\" src=\"https:\/\/hydraulic-cylinders.net\/wp-content\/uploads\/2023\/08\/hydraulic-cylinder-product-6-300x225.webp\" alt=\"\" width=\"347\" height=\"260\" \/><\/p>\n<h3>(5) Pr\u00fcfung<\/h3>\n<p>Wir verf\u00fcgen \u00fcber erstklassige Pr\u00fcfeinrichtungen und Pr\u00fcfst\u00e4nde, um sicherzustellen, dass die Leistung des Zylinders den Anforderungen entspricht.<\/p>\n<p><img loading=\"lazy\" decoding=\"async\" class=\"alignnone wp-image-632\" src=\"https:\/\/hydraulic-cylinders.net\/wp-content\/uploads\/2023\/08\/hydraulic-cylinder-product-8-300x200.webp\" alt=\"\" width=\"389\" height=\"260\" \/><\/p>\n<p>&nbsp;<\/p>\n<p>&nbsp;<\/p>\n<p>Wir sind einer der besten Hersteller von Hydraulikzylindern. Wir k\u00f6nnen eine breite Palette von Hydraulikzylindern anbieten. Wir bieten auch entsprechende <a href=\"https:\/\/hzpt.com\/agricultural-pto-gearbox\/\" target=\"_blank\" rel=\"noopener\">landwirtschaftliche Getriebe<\/a>. Wir haben unsere Produkte an Kunden in der ganzen Welt exportiert und uns aufgrund unserer hervorragenden Produktqualit\u00e4t und unseres Kundendienstes einen guten Ruf erworben. Wir hei\u00dfen Kunden im In- und Ausland herzlich willkommen, uns zu kontaktieren, um Gesch\u00e4fte zu verhandeln, Informationen auszutauschen und\u00a0<a href=\"https:\/\/www.hydraulic-cylinders.net\/de\/contact-us\/\">mit uns zusammenarbeiten<\/a>!<\/p>","protected":false},"excerpt":{"rendered":"<p>Forklift Steering Hydraulic Cylinders Forklift Steering Hydraulic Cylinders, the driving force behind precise steering control and enhanced maneuverability in forklift operations. These essential components play a crucial role in ensuring smooth and responsive steering, allowing operators to navigate tight spaces and handle heavy loads with ease. The Forklift Steering Hydraulic Cylinders are compatible with a [&hellip;]<\/p>","protected":false},"featured_media":651,"comment_status":"open","ping_status":"closed","template":"","meta":{"_et_pb_use_builder":"","_et_pb_old_content":"","_et_gb_content_width":""},"product_brand":[],"product_cat":[1550,1484,1376],"product_tag":[1380],"class_list":{"0":"post-643","1":"product","2":"type-product","3":"status-publish","4":"has-post-thumbnail","6":"product_cat-double-acting-hydraulic-cylinder","7":"product_cat-forklift-hydraulic-cylinders","8":"product_cat-hydraulic-cylinder","9":"product_tag-hydraulic-cylinder","11":"first","12":"instock","13":"shipping-taxable","14":"product-type-simple"},"amp_enabled":true,"_links":{"self":[{"href":"https:\/\/www.hydraulic-cylinders.net\/de\/wp-json\/wp\/v2\/product\/643","targetHints":{"allow":["GET"]}}],"collection":[{"href":"https:\/\/www.hydraulic-cylinders.net\/de\/wp-json\/wp\/v2\/product"}],"about":[{"href":"https:\/\/www.hydraulic-cylinders.net\/de\/wp-json\/wp\/v2\/types\/product"}],"replies":[{"embeddable":true,"href":"https:\/\/www.hydraulic-cylinders.net\/de\/wp-json\/wp\/v2\/comments?post=643"}],"wp:featuredmedia":[{"embeddable":true,"href":"https:\/\/www.hydraulic-cylinders.net\/de\/wp-json\/wp\/v2\/media\/651"}],"wp:attachment":[{"href":"https:\/\/www.hydraulic-cylinders.net\/de\/wp-json\/wp\/v2\/media?parent=643"}],"wp:term":[{"taxonomy":"product_brand","embeddable":true,"href":"https:\/\/www.hydraulic-cylinders.net\/de\/wp-json\/wp\/v2\/product_brand?post=643"},{"taxonomy":"product_cat","embeddable":true,"href":"https:\/\/www.hydraulic-cylinders.net\/de\/wp-json\/wp\/v2\/product_cat?post=643"},{"taxonomy":"product_tag","embeddable":true,"href":"https:\/\/www.hydraulic-cylinders.net\/de\/wp-json\/wp\/v2\/product_tag?post=643"}],"curies":[{"name":"wp","href":"https:\/\/api.w.org\/{rel}","templated":true}]}}