{"id":652,"date":"2023-08-21T02:56:38","date_gmt":"2023-08-21T02:56:38","guid":{"rendered":"https:\/\/hydraulic-cylinders.net\/?post_type=product&#038;p=652"},"modified":"2025-04-11T01:45:01","modified_gmt":"2025-04-11T01:45:01","slug":"forklift-short-lifting-hydraulic-cylinder","status":"publish","type":"product","link":"https:\/\/www.hydraulic-cylinders.net\/de\/produkt\/forklift-short-lifting-hydraulic-cylinder\/","title":{"rendered":"Gabelstapler Kurzhub-Hydraulikzylinder"},"content":{"rendered":"<h1 style=\"text-align: center;\"><strong>Gabelstapler Kurzhub-Hydraulikzylinder<\/strong><\/h1>\n<p><img loading=\"lazy\" decoding=\"async\" class=\"aligncenter wp-image-653\" src=\"https:\/\/hydraulic-cylinders.net\/wp-content\/uploads\/2023\/08\/short-lifting-hydraulic-cylinder-product-2-300x300.webp\" alt=\"Kurzhub-Hydraulik-Zylinder-Produkt\" width=\"400\" height=\"400\" \/><\/p>\n<p>Der <strong>Kurzer Gabelstapler-Hubzylinder<\/strong> ist f\u00fcr die m\u00fchelose Bew\u00e4ltigung kurzer Hebeaufgaben konzipiert und bietet die Kraft und Pr\u00e4zision, die Sie zur Optimierung Ihrer Materialhandhabungsvorg\u00e4nge ben\u00f6tigen.<\/p>\n<p>Dank seiner robusten Konstruktion h\u00e4lt dieser Hydraulikzylinder hohen Belastungen, h\u00e4ufigem Einsatz und anspruchsvollen Betriebsbedingungen stand. Er ist auf Langlebigkeit ausgelegt und gew\u00e4hrleistet zuverl\u00e4ssige Leistung bei gleichzeitiger Minimierung von Ausfallzeiten durch Wartung oder Reparaturen.<\/p>\n<p>Mit au\u00dfergew\u00f6hnlicher Best\u00e4ndigkeit gegen Verschlei\u00df, Korrosion und Verschmutzung ist das <strong>Kurzer Gabelstapler-Hubzylinder<\/strong> beh\u00e4lt w\u00e4hrend seiner gesamten Lebensdauer seine Spitzenleistung bei. Es ist f\u00fcr raue Witterungsbedingungen ausgelegt und sch\u00fctzt sich effektiv vor Feuchtigkeit, Schmutz und anderen Verunreinigungen, die seine Funktionalit\u00e4t beeintr\u00e4chtigen k\u00f6nnten.<\/p>\n<p>F\u00fcr alle, die eine zuverl\u00e4ssige Hebel\u00f6sung suchen, ist dieser Hydraulikzylinder die ideale Wahl, da er bei jedem Vorgang Effizienz und Langlebigkeit gew\u00e4hrleistet.<\/p>\n<h2><strong>Gabelstapler Kurzhub-Hydraulikzylinder Parameter:<\/strong><\/h2>\n<table>\n<tbody>\n<tr>\n<td><img loading=\"lazy\" decoding=\"async\" class=\"alignnone wp-image-654 size-full\" src=\"https:\/\/hydraulic-cylinders.net\/wp-content\/uploads\/2023\/08\/short-lifting-hydraulic-cylinder-product-1.png\" alt=\"\" width=\"457\" height=\"315\" srcset=\"https:\/\/www.hydraulic-cylinders.net\/wp-content\/uploads\/2023\/08\/short-lifting-hydraulic-cylinder-product-1.png 457w, https:\/\/www.hydraulic-cylinders.net\/wp-content\/uploads\/2023\/08\/short-lifting-hydraulic-cylinder-product-1-300x207.png 300w\" sizes=\"(max-width: 457px) 100vw, 457px\" \/><\/td>\n<td><img loading=\"lazy\" decoding=\"async\" class=\"alignnone wp-image-655 size-full\" src=\"https:\/\/hydraulic-cylinders.net\/wp-content\/uploads\/2023\/08\/short-lifting-hydraulic-cylinder-product-1-1.png\" alt=\"\" width=\"475\" height=\"137\" srcset=\"https:\/\/www.hydraulic-cylinders.net\/wp-content\/uploads\/2023\/08\/short-lifting-hydraulic-cylinder-product-1-1.png 475w, https:\/\/www.hydraulic-cylinders.net\/wp-content\/uploads\/2023\/08\/short-lifting-hydraulic-cylinder-product-1-1-300x87.png 300w\" sizes=\"(max-width: 475px) 100vw, 475px\" \/><\/td>\n<\/tr>\n<\/tbody>\n<\/table>\n<table style=\"height: 95px; width: 931px;\" border=\"1\" cellspacing=\"0\" cellpadding=\"0\">\n<tbody>\n<tr style=\"height: 47px;\">\n<td style=\"height: 47px; width: 124.137px;\">Name des Zylinders<\/td>\n<td style=\"height: 47px; width: 182.712px;\">Zeichnungsnummer<\/td>\n<td style=\"height: 47px; width: 74.2125px;\">Bohrungsdurchmesser (D)<\/td>\n<td style=\"height: 47px; width: 63.6375px;\">Stabdurchmesser (d)<\/td>\n<td style=\"height: 47px; width: 69.75px;\">Schlaganfall (S)<\/td>\n<td style=\"height: 47px; width: 90.0875px;\">Installationsabstand (L)<\/td>\n<td style=\"height: 47px; width: 92.5625px;\">Arbeitsdruck<\/td>\n<td style=\"height: 47px; width: 148.925px;\">Abmessungen der Schnittstelle (M)<\/td>\n<td style=\"height: 47px; width: 68.975px;\">Gewicht<\/td>\n<\/tr>\n<tr style=\"height: 48px;\">\n<td class=\"et3\" style=\"height: 48px; width: 124.137px;\" height=\"325\">Kurzer Hubzylinder<\/td>\n<td style=\"width: 182.712px;\">RC25N480-800000-000A<\/td>\n<td style=\"width: 74.2125px;\">\u03a675<\/td>\n<td style=\"width: 63.6375px;\">\u03a660<\/td>\n<td style=\"width: 69.75px;\">800<\/td>\n<td style=\"width: 90.0875px;\">1065<\/td>\n<td style=\"width: 92.5625px;\">18,1MPa<\/td>\n<td style=\"width: 148.925px;\">M22*1.5<\/td>\n<td style=\"width: 68.975px;\">36kg<\/td>\n<\/tr>\n<tr>\n<td style=\"width: 124.137px;\">Kurzer Hubzylinder<\/td>\n<td style=\"width: 182.712px;\">X35N480-800000-001A<\/td>\n<td style=\"width: 74.2125px;\">\u03a695<\/td>\n<td style=\"width: 63.6375px;\">\u03a680<\/td>\n<td style=\"width: 69.75px;\">800<\/td>\n<td style=\"width: 90.0875px;\">1065<\/td>\n<td style=\"width: 92.5625px;\">18,1MPa<\/td>\n<td style=\"width: 148.925px;\">M22*1.5<\/td>\n<td style=\"width: 68.975px;\">48,7 kg<\/td>\n<\/tr>\n<\/tbody>\n<\/table>\n<table>\n<tbody>\n<tr>\n<td><img loading=\"lazy\" decoding=\"async\" class=\"alignnone wp-image-656 size-full\" src=\"https:\/\/hydraulic-cylinders.net\/wp-content\/uploads\/2023\/08\/short-lifting-hydraulic-cylinder-product-2-1.webp\" alt=\"\" width=\"451\" height=\"358\" srcset=\"https:\/\/www.hydraulic-cylinders.net\/wp-content\/uploads\/2023\/08\/short-lifting-hydraulic-cylinder-product-2-1.webp 451w, https:\/\/www.hydraulic-cylinders.net\/wp-content\/uploads\/2023\/08\/short-lifting-hydraulic-cylinder-product-2-1-300x238.webp 300w\" sizes=\"(max-width: 451px) 100vw, 451px\" \/><\/td>\n<td><img loading=\"lazy\" decoding=\"async\" class=\"alignnone wp-image-657 size-full\" src=\"https:\/\/hydraulic-cylinders.net\/wp-content\/uploads\/2023\/08\/short-lifting-hydraulic-cylinder-product-2-1-1.webp\" alt=\"\" width=\"475\" height=\"223\" srcset=\"https:\/\/www.hydraulic-cylinders.net\/wp-content\/uploads\/2023\/08\/short-lifting-hydraulic-cylinder-product-2-1-1.webp 475w, https:\/\/www.hydraulic-cylinders.net\/wp-content\/uploads\/2023\/08\/short-lifting-hydraulic-cylinder-product-2-1-1-300x141.webp 300w\" sizes=\"(max-width: 475px) 100vw, 475px\" \/><\/td>\n<\/tr>\n<\/tbody>\n<\/table>\n<table style=\"height: 101px; width: 938px;\" border=\"1\" cellspacing=\"0\" cellpadding=\"0\">\n<tbody>\n<tr style=\"height: 47px;\">\n<td style=\"height: 47px; width: 122px;\">Name des Zylinders<\/td>\n<td style=\"height: 47px; width: 155px;\">Zeichnungsnummer<\/td>\n<td style=\"height: 47px; width: 80px;\">Bohrungsdurchmesser (D)<\/td>\n<td style=\"height: 47px; width: 79px;\">Stabdurchmesser (d)<\/td>\n<td style=\"height: 47px; width: 65px;\">Schlaganfall (S)<\/td>\n<td style=\"height: 47px; width: 104px;\">Installationsabstand (L)<\/td>\n<td style=\"height: 47px; width: 96px;\">Arbeitsdruck<\/td>\n<td style=\"height: 47px; width: 177px;\">Abmessungen der Schnittstelle (M)<\/td>\n<td style=\"height: 47px; width: 60px;\">Gewicht<\/td>\n<\/tr>\n<tr style=\"height: 54px;\">\n<td class=\"et3\" style=\"height: 54px; width: 122px;\" height=\"325\">Kurzer Hubzylinder<\/td>\n<td style=\"width: 155px;\" width=\"270\">N30N450-800000-002A<\/td>\n<td style=\"width: 80px;\" width=\"102\">\u03a685<\/td>\n<td style=\"width: 79px;\" width=\"99\">\u03a670<\/td>\n<td style=\"width: 65px;\" width=\"91\">777<\/td>\n<td style=\"width: 104px;\" width=\"136\">1015<\/td>\n<td style=\"width: 96px;\" width=\"138\">18,1MPa<\/td>\n<td style=\"width: 177px;\" width=\"294\">M22*1.5<\/td>\n<td style=\"width: 60px;\" width=\"78\">45,5 kg<\/td>\n<\/tr>\n<tr>\n<td style=\"width: 122px;\">Kurzer Hubzylinder<\/td>\n<td style=\"width: 155px;\">3U3H-800000-001A<\/td>\n<td style=\"width: 80px;\">\u03a685<\/td>\n<td style=\"width: 79px;\">\u03a670<\/td>\n<td style=\"width: 65px;\">777<\/td>\n<td style=\"width: 104px;\">1015<\/td>\n<td style=\"width: 96px;\">18,1MPa<\/td>\n<td style=\"width: 177px;\">M22*1.5<\/td>\n<td style=\"width: 60px;\">45,5 kg<\/td>\n<\/tr>\n<tr>\n<td style=\"width: 122px;\">Kurzer Hubzylinder<\/td>\n<td style=\"width: 155px;\">N35N450-800000-003A<\/td>\n<td style=\"width: 80px;\">\u03a695<\/td>\n<td style=\"width: 79px;\">\u03a680<\/td>\n<td style=\"width: 65px;\">775<\/td>\n<td style=\"width: 104px;\">1013<\/td>\n<td style=\"width: 96px;\">18,1MPa<\/td>\n<td style=\"width: 177px;\">M22*1.5<\/td>\n<td style=\"width: 60px;\">54kg<\/td>\n<\/tr>\n<\/tbody>\n<\/table>\n<h2><strong>Erschlie\u00dfen Sie Effizienz und Pr\u00e4zision mit dem Hydraulikzylinder:<\/strong><\/h2>\n<p>Erleben Sie die wahre Kraft der Hydrauliktechnologie mit dem Hydraulikzylinder. Dieses bemerkenswerte Ger\u00e4t wurde entwickelt, um Pr\u00e4zision und Zuverl\u00e4ssigkeit in einer Vielzahl von Anwendungen zu gew\u00e4hrleisten. Von Industriemaschinen bis hin zu Baumaschinen ist der Hydraulikzylinder der Schl\u00fcssel zur Optimierung der Leistung und zum Erreichen hervorragender Ergebnisse. Entdecken Sie, wie dieses leistungsstarke Werkzeug Ihren Betrieb revolutionieren kann.<\/p>\n<ul>\n<li><strong>Feinmechanik<\/strong>: Der Hydraulikzylinder wurde sorgf\u00e4ltig entwickelt, um eine pr\u00e4zise Kontrolle \u00fcber Bewegung und Kraft zu erm\u00f6glichen. Mit seinem fortschrittlichen Design und seiner hochwertigen Konstruktion gew\u00e4hrleistet er eine genaue und wiederholbare Leistung, die es Ihnen erm\u00f6glicht, die gew\u00fcnschten Ergebnisse mit au\u00dfergew\u00f6hnlicher Pr\u00e4zision zu erzielen.<\/li>\n<li><strong>Verbesserte Effizienz<\/strong>: Verabschieden Sie sich von Ineffizienzen und ungleichm\u00e4\u00dfiger Leistung. Der Hydraulikzylinder optimiert die Nutzung der Hydraulikleistung und maximiert Effizienz und Produktivit\u00e4t. Erleben Sie sanfte und kontrollierte Bewegungen, die Energieverschwendung reduzieren und die Gesamtleistung des Systems verbessern.<\/li>\n<\/ul>\n<h2><strong>F\u00e4higkeit und Kapazit\u00e4t der Fabrik:<\/strong><\/h2>\n<h3><strong>(1) Montage<\/strong><\/h3>\n<p>Unser Werk verf\u00fcgt \u00fcber eine erstklassige, unabh\u00e4ngige Forschungs- und Entwicklungsplattform f\u00fcr die Produktion von Hydraulikzylindern. Wir betreiben vier halbautomatische Montagelinien f\u00fcr Hubzylinder und eine vollautomatische Montagelinie f\u00fcr Kippzylinder mit einer beeindruckenden j\u00e4hrlichen Produktionskapazit\u00e4t von 1 Million Zylindern.<img loading=\"lazy\" decoding=\"async\" class=\"aligncenter wp-image-626\" src=\"https:\/\/hydraulic-cylinders.net\/wp-content\/uploads\/2023\/08\/hydraulic-cylinder-product-1-300x158.webp\" alt=\"\" width=\"500\" height=\"263\" srcset=\"https:\/\/hydraulic-cylinders.net\/wp-content\/uploads\/2023\/08\/hydraulic-cylinder-product-1-300x158.webp 500w, https:\/\/hydraulic-cylinders.net\/wp-content\/uploads\/2023\/08\/hydraulic-cylinder-product-1-480x252.webp 480w\" sizes=\"(min-width: 0px) and (max-width: 480px) 480px, (min-width: 481px) 500px, 100vw\" \/><\/p>\n<p>In unserer spezialisierten Zylinderwerkstatt nutzen wir ein halbautomatisches Reinigungs- und Montagesystem f\u00fcr verschiedene Spezifikationen, mit dem wir j\u00e4hrlich 200.000 Zylinder produzieren k\u00f6nnen. Unsere Werkstatt ist mit modernen CNC-Bearbeitungsmaschinen, einem Bearbeitungszentrum, hochpr\u00e4zisen Zylinderbearbeitungswerkzeugen, Roboterschwei\u00dfmaschinen, automatischen Reinigungssystemen und einer automatisierten Zylindermontagelinie ausgestattet. Dar\u00fcber hinaus verf\u00fcgen wir \u00fcber eine vollautomatische Lackieranlage.<\/p>\n<p>Mit \u00fcber 300 kritischen Ger\u00e4ten stellt unsere optimale Ressourcenverteilung sicher, dass wir die strengen Genauigkeits- und Qualit\u00e4tsstandards unserer Kunden erf\u00fcllen. Dieses Engagement f\u00fcr Effizienz und Pr\u00e4zision positioniert uns als f\u00fchrendes Unternehmen in der Hydraulikzylinderindustrie.<\/p>\n<p><img loading=\"lazy\" decoding=\"async\" class=\"aligncenter wp-image-627\" src=\"https:\/\/hydraulic-cylinders.net\/wp-content\/uploads\/2023\/08\/hydraulic-cylinder-product-2-300x189.webp\" alt=\"\" width=\"500\" height=\"315\" srcset=\"https:\/\/hydraulic-cylinders.net\/wp-content\/uploads\/2023\/08\/hydraulic-cylinder-product-2-300x189.webp 500w, https:\/\/hydraulic-cylinders.net\/wp-content\/uploads\/2023\/08\/hydraulic-cylinder-product-2-480x302.webp 480w\" sizes=\"(min-width: 0px) and (max-width: 480px) 480px, (min-width: 481px) 500px, 100vw\" \/><\/p>\n<h3><strong>(2) Bearbeitungen<\/strong><\/h3>\n<p>Unsere mechanische Fertigung ist mit modernster Ausr\u00fcstung ausgestattet, darunter ein ma\u00dfgeschneidertes Schr\u00e4gschienen-Drehzentrum, ein Pr\u00e4zisionsbearbeitungszentrum, eine Hochgeschwindigkeits-Honmaschine und moderne Schwei\u00dfroboter. Diese hochentwickelte Ausstattung erm\u00f6glicht uns die effiziente Bearbeitung von Zylinderrohren mit einem maximalen Innendurchmesser von 400 mm und einer L\u00e4nge von bis zu 6 Metern.<\/p>\n<p><img loading=\"lazy\" decoding=\"async\" class=\"wp-image-628 size-large aligncenter\" src=\"https:\/\/hydraulic-cylinders.net\/wp-content\/uploads\/2023\/08\/hydraulic-cylinder-product-3-1024x391.webp\" alt=\"\" width=\"1024\" height=\"391\" srcset=\"https:\/\/hydraulic-cylinders.net\/wp-content\/uploads\/2023\/08\/hydraulic-cylinder-product-3-980x374.webp 980w, https:\/\/hydraulic-cylinders.net\/wp-content\/uploads\/2023\/08\/hydraulic-cylinder-product-3-480x183.webp 480w\" sizes=\"(min-width: 0px) and (max-width: 480px) 480px, (min-width: 481px) and (max-width: 980px) 980px, (min-width: 981px) 1024px, 100vw\" \/><\/p>\n<p>Mit unserer Spitzentechnologie gew\u00e4hrleisten wir eine hochwertige Bearbeitung, die den vielf\u00e4ltigen Anforderungen der Hydraulikzylinderproduktion gerecht wird.<\/p>\n<h3><strong>(3) Schwei\u00dfen<\/strong><\/h3>\n<p><img loading=\"lazy\" decoding=\"async\" class=\"wp-image-629 size-large aligncenter\" src=\"https:\/\/hydraulic-cylinders.net\/wp-content\/uploads\/2023\/08\/hydraulic-cylinder-product-4-1024x510.webp\" alt=\"\" width=\"1024\" height=\"510\" srcset=\"https:\/\/hydraulic-cylinders.net\/wp-content\/uploads\/2023\/08\/hydraulic-cylinder-product-4-980x488.webp 980w, https:\/\/hydraulic-cylinders.net\/wp-content\/uploads\/2023\/08\/hydraulic-cylinder-product-4-480x239.webp 480w\" sizes=\"(min-width: 0px) and (max-width: 480px) 480px, (min-width: 481px) and (max-width: 980px) 980px, (min-width: 981px) 1024px, 100vw\" \/><\/p>\n<h3><strong>(4) Lackieren &amp; Beschichten<\/strong><\/h3>\n<p><img loading=\"lazy\" decoding=\"async\" class=\"wp-image-630 aligncenter\" src=\"https:\/\/hydraulic-cylinders.net\/wp-content\/uploads\/2023\/08\/hydraulic-cylinder-product-5-300x213.webp\" alt=\"\" width=\"500\" height=\"355\" \/><\/p>\n<p>Unser Werk verf\u00fcgt \u00fcber moderne automatische Lackieranlagen f\u00fcr Wasserlacke, die speziell f\u00fcr kleine und mittelgro\u00dfe Zylinder konzipiert sind. Diese Anlagen nutzen Robotertechnologie f\u00fcr effizientes Be- und Entladen sowie Bespr\u00fchen und erreichen eine bemerkenswerte Produktionskapazit\u00e4t von 4.000 St\u00fcck pro Schicht.<\/p>\n<p><img loading=\"lazy\" decoding=\"async\" class=\"wp-image-631 aligncenter\" src=\"https:\/\/hydraulic-cylinders.net\/wp-content\/uploads\/2023\/08\/hydraulic-cylinder-product-6-300x225.webp\" alt=\"\" width=\"500\" height=\"375\" srcset=\"https:\/\/hydraulic-cylinders.net\/wp-content\/uploads\/2023\/08\/hydraulic-cylinder-product-6-300x225.webp 500w, https:\/\/hydraulic-cylinders.net\/wp-content\/uploads\/2023\/08\/hydraulic-cylinder-product-6-480x360.webp 480w\" sizes=\"(min-width: 0px) and (max-width: 480px) 480px, (min-width: 481px) 500px, 100vw\" \/><\/p>\n<p>Dar\u00fcber hinaus betreiben wir eine halbautomatische Lackieranlage f\u00fcr Gro\u00dfzylinder, die von einer robusten Antriebskette angetrieben wird und eine Kapazit\u00e4t von 60 Kisten pro Schicht hat. Diese Kombination aus Automatisierung und Effizienz gew\u00e4hrleistet eine hochwertige Lackierung aller unserer Hydraulikzylinder.<\/p>\n<h3><strong>(5) Pr\u00fcfung<\/strong><\/h3>\n<p>Wir verf\u00fcgen \u00fcber erstklassige Pr\u00fcfeinrichtungen und Pr\u00fcfst\u00e4nde, um sicherzustellen, dass die Leistung des Zylinders den Anforderungen entspricht.<\/p>\n<p><img loading=\"lazy\" decoding=\"async\" class=\"wp-image-632 aligncenter\" src=\"https:\/\/hydraulic-cylinders.net\/wp-content\/uploads\/2023\/08\/hydraulic-cylinder-product-8-300x200.webp\" alt=\"\" width=\"389\" height=\"260\" \/><\/p>\n<p>Wir sind ein renommierter Hersteller von <a href=\"https:\/\/hzpt.com\/mobile-machinery-hydraulic-cylinder\/\" target=\"_blank\" rel=\"noopener\">Hydraulikzylinder<\/a>, anerkannt als einer der besten der Branche. Unser umfangreiches Produktsortiment umfasst eine breite Palette an Hydraulikzylindern f\u00fcr unterschiedliche Anwendungen. Neben Hydraulikzylindern bieten wir auch hochwertige Agrargetriebe an und bieten unseren Kunden so umfassende L\u00f6sungen f\u00fcr ihre Maschinenanforderungen.<\/p>\n<p>Mit unserem Engagement f\u00fcr Spitzenleistungen exportieren wir unsere Produkte erfolgreich an Kunden weltweit und haben uns einen hervorragenden Ruf f\u00fcr h\u00f6chste Produktqualit\u00e4t und hervorragenden Kundendienst erworben. Unser Engagement f\u00fcr die Kundenzufriedenheit hat uns zu einem vertrauensw\u00fcrdigen Partner auf dem nationalen und internationalen Markt gemacht.<\/p>\n<h2><strong>Warum uns w\u00e4hlen?<\/strong><\/h2>\n<p><img loading=\"lazy\" decoding=\"async\" class=\"size-full wp-image-7201 aligncenter\" src=\"https:\/\/www.hydraulic-cylinders.net\/wp-content\/uploads\/2024\/09\/mining-dump-steering-cylinder-hydraulics-on-trucks-8.webp\" alt=\"\" width=\"1110\" height=\"735\" srcset=\"https:\/\/www.hydraulic-cylinders.net\/wp-content\/uploads\/2024\/09\/mining-dump-steering-cylinder-hydraulics-on-trucks-8.webp 1110w, https:\/\/www.hydraulic-cylinders.net\/wp-content\/uploads\/2024\/09\/mining-dump-steering-cylinder-hydraulics-on-trucks-8-980x649.webp 980w, https:\/\/www.hydraulic-cylinders.net\/wp-content\/uploads\/2024\/09\/mining-dump-steering-cylinder-hydraulics-on-trucks-8-480x318.webp 480w\" sizes=\"(min-width: 0px) and (max-width: 480px) 480px, (min-width: 481px) and (max-width: 980px) 980px, (min-width: 981px) 1110px, 100vw\" \/><\/p>\n<p><strong>Fachliche Expertise:<\/strong> Unser Team besteht aus Branchenexperten mit umfassenden Kenntnissen und Erfahrungen im Bereich Hydrauliksysteme, die sicherstellen, dass wir erstklassige Produkte und Dienstleistungen liefern.<\/p>\n<p><strong>Internationale Zertifizierungen:<\/strong> Wir halten uns an strenge Qualit\u00e4tsstandards und verf\u00fcgen \u00fcber verschiedene internationale Zertifizierungen, was unser Engagement f\u00fcr die Bereitstellung zuverl\u00e4ssiger und sicherer Hydraulikl\u00f6sungen unterstreicht.<\/p>\n<p><strong>Kundenspezifische L\u00f6sungen:<\/strong> Wir wissen, dass jeder Kunde individuelle Anforderungen hat. Deshalb bieten wir ma\u00dfgeschneiderte Hydraulikzylinder und Getriebe an, die auf die spezifischen Anforderungen zugeschnitten sind.<\/p>\n<p><strong>Moderne Produktionsausr\u00fcstung:<\/strong> Unsere hochmodernen Produktionsanlagen nutzen die neuste Technologie und Ausr\u00fcstung, sodass wir qualitativ hochwertige Produkte effizient herstellen k\u00f6nnen.<\/p>\n<p><strong>Umfassender After-Sales-Support:<\/strong> Unser Engagement f\u00fcr unsere Kunden geht \u00fcber den Verkauf hinaus. Wir bieten fortlaufenden Support und Wartungsdienste, um die optimale Leistung unserer Produkte sicherzustellen.<\/p>\n<p>Wir laden Kunden aus aller Welt ein, sich f\u00fcr Gesch\u00e4ftsverhandlungen, Informationsaustausch und Kooperationsm\u00f6glichkeiten an uns zu wenden. Gemeinsam k\u00f6nnen wir in der Hydraulikbranche gr\u00f6\u00dfere Erfolge erzielen!<\/p>","protected":false},"excerpt":{"rendered":"<p>Forklift Short Lifting Hydraulic Cylinder The Short Forklift Lift Cylinder is designed to tackle short lifting tasks effortlessly, delivering the power and precision needed to optimize your material handling operations. Featuring a robust design, this hydraulic cylinder can withstand heavy loads, frequent use, and challenging operating conditions. Built for durability, it ensures reliable performance while [&hellip;]<\/p>","protected":false},"featured_media":658,"comment_status":"open","ping_status":"closed","template":"","meta":{"_et_pb_use_builder":"","_et_pb_old_content":"","_et_gb_content_width":""},"product_brand":[],"product_cat":[1484,1549],"product_tag":[1380],"class_list":{"0":"post-652","1":"product","2":"type-product","3":"status-publish","4":"has-post-thumbnail","6":"product_cat-forklift-hydraulic-cylinders","7":"product_cat-single-acting-hydraulic-cylinder","8":"product_tag-hydraulic-cylinder","10":"first","11":"instock","12":"shipping-taxable","13":"product-type-simple"},"amp_enabled":true,"_links":{"self":[{"href":"https:\/\/www.hydraulic-cylinders.net\/de\/wp-json\/wp\/v2\/product\/652","targetHints":{"allow":["GET"]}}],"collection":[{"href":"https:\/\/www.hydraulic-cylinders.net\/de\/wp-json\/wp\/v2\/product"}],"about":[{"href":"https:\/\/www.hydraulic-cylinders.net\/de\/wp-json\/wp\/v2\/types\/product"}],"replies":[{"embeddable":true,"href":"https:\/\/www.hydraulic-cylinders.net\/de\/wp-json\/wp\/v2\/comments?post=652"}],"wp:featuredmedia":[{"embeddable":true,"href":"https:\/\/www.hydraulic-cylinders.net\/de\/wp-json\/wp\/v2\/media\/658"}],"wp:attachment":[{"href":"https:\/\/www.hydraulic-cylinders.net\/de\/wp-json\/wp\/v2\/media?parent=652"}],"wp:term":[{"taxonomy":"product_brand","embeddable":true,"href":"https:\/\/www.hydraulic-cylinders.net\/de\/wp-json\/wp\/v2\/product_brand?post=652"},{"taxonomy":"product_cat","embeddable":true,"href":"https:\/\/www.hydraulic-cylinders.net\/de\/wp-json\/wp\/v2\/product_cat?post=652"},{"taxonomy":"product_tag","embeddable":true,"href":"https:\/\/www.hydraulic-cylinders.net\/de\/wp-json\/wp\/v2\/product_tag?post=652"}],"curies":[{"name":"wp","href":"https:\/\/api.w.org\/{rel}","templated":true}]}}