{"id":759,"date":"2023-08-23T01:42:36","date_gmt":"2023-08-23T01:42:36","guid":{"rendered":"https:\/\/hydraulic-cylinders.net\/?post_type=product&#038;p=759"},"modified":"2025-03-27T01:13:04","modified_gmt":"2025-03-27T01:13:04","slug":"low-pressure-hydraulic-cylinder-rear-flange","status":"publish","type":"product","link":"https:\/\/www.hydraulic-cylinders.net\/de\/produkt\/low-pressure-hydraulic-cylinder-rear-flange\/","title":{"rendered":"Hinterer Flansch des Niederdruck-Hydraulikzylinders"},"content":{"rendered":"<h1 style=\"text-align: center;\"><strong>Hinterer Flansch des Niederdruck-Hydraulikzylinders<\/strong><\/h1>\n<p><img loading=\"lazy\" decoding=\"async\" class=\"wp-image-762 size-full aligncenter\" src=\"https:\/\/hydraulic-cylinders.net\/wp-content\/uploads\/2023\/08\/low-pressure-pull-rod-hydraulic-cylinder-back-flange-1-1.webp\" alt=\"\" width=\"488\" height=\"237\" srcset=\"https:\/\/hydraulic-cylinders.net\/wp-content\/uploads\/2023\/08\/low-pressure-pull-rod-hydraulic-cylinder-back-flange-1-1.webp 488w, https:\/\/hydraulic-cylinders.net\/wp-content\/uploads\/2023\/08\/low-pressure-pull-rod-hydraulic-cylinder-back-flange-1-1-480x233.webp 480w\" sizes=\"(min-width: 0px) and (max-width: 480px) 480px, (min-width: 481px) 488px, 100vw\" \/><\/p>\n<p>Ein Niederdruck-Hydraulikzylinder mit hinterem Flansch ist ein spezieller Typ eines Hydraulikzylinders mit einem Flansch am hinteren Ende. Dieser Flansch ist ein Befestigungspunkt oder eine Anschluss\u00f6ffnung, \u00fcber die der Zylinder mit anderen Teilen oder Ger\u00e4ten verbunden werden kann. Nachstehend finden Sie eine \u00dcbersicht \u00fcber Niederdruck-Hydraulikzylinder mit hinterem Flansch:<\/p>\n<p>Entwurf und Konstruktion des Niederdruck-Hydraulikzylinders<\/p>\n<p>Zylinderblock: Der Zylinderblock besteht in der Regel aus hochfestem Stahl oder einem anderen haltbaren Material, um dem hydraulischen Druck und den \u00e4u\u00dferen Kr\u00e4ften standzuhalten. Er beherbergt den Kolben und andere interne Teile.<br \/>\nKolben und Stange: Der Kolben ist ein zylindrisches Bauteil, das sich im Zylinder hin und her bewegt. Er ist mit einer Stange verbunden, die durch das hintere Ende des Zylinders verl\u00e4uft und den Fl\u00fcssigkeitsdruck \u00fcbertr\u00e4gt.<br \/>\nHinterer Flansch: Der hintere Flansch ist eine flache oder runde Platte, die sich am hinteren Ende des Zylinders befindet. Er ist mit Befestigungsl\u00f6chern oder anderen Verbindungsmechanismen versehen, um eine einfache Verbindung mit anderen Ger\u00e4ten oder Komponenten zu erm\u00f6glichen.<\/p>\n<h2><strong>Niederdruck-Hydraulikzylinder Hinterer Flansch Parameter:<\/strong><\/h2>\n<p><img loading=\"lazy\" decoding=\"async\" class=\"alignnone wp-image-763 size-large\" src=\"https:\/\/hydraulic-cylinders.net\/wp-content\/uploads\/2023\/08\/low-pressure-pull-rod-hydraulic-cylinder-back-flange-2-1-1024x556.webp\" alt=\"\" width=\"1024\" height=\"556\" srcset=\"https:\/\/hydraulic-cylinders.net\/wp-content\/uploads\/2023\/08\/low-pressure-pull-rod-hydraulic-cylinder-back-flange-2-1-980x532.webp 980w, https:\/\/hydraulic-cylinders.net\/wp-content\/uploads\/2023\/08\/low-pressure-pull-rod-hydraulic-cylinder-back-flange-2-1-480x261.webp 480w\" sizes=\"(min-width: 0px) and (max-width: 480px) 480px, (min-width: 481px) and (max-width: 980px) 980px, (min-width: 981px) 1024px, 100vw\" \/><\/p>\n<h2><strong>Anwendungen von <\/strong><strong>Hinterer Flansch des Niederdruck-Hydraulikzylinders<\/strong><strong>:<\/strong><\/h2>\n<ul>\n<li>Niederdruck-Hydraulikzylinder mit hinteren Flanschen eignen sich f\u00fcr eine Vielzahl von Branchen und Systemen, die mit niedrigeren Hydraulikdr\u00fccken arbeiten.<\/li>\n<li>Sie werden h\u00e4ufig in Industriemaschinen, mobilen Ger\u00e4ten und anderen Systemen eingesetzt, bei denen Platzmangel oder besondere Installationsanforderungen bestehen.<\/li>\n<li>Diese Zylinder eignen sich f\u00fcr Materialtransport, Hebevorrichtungen, F\u00f6rdersysteme und andere Ger\u00e4te, die eine lineare Kraft oder Bewegung erfordern.<\/li>\n<\/ul>\n<h2><strong>Montage und Anschluss von <\/strong><strong>Hinterer Flansch des Niederdruck-Hydraulikzylinders<\/strong><strong>:<\/strong><\/h2>\n<ul>\n<li>Der hintere Flansch des Niederdruck-Hydraulikzylinders bietet eine bequeme und sichere M\u00f6glichkeit zur Montage und zum Anschluss des Zylinders. Er erm\u00f6glicht die direkte Befestigung an anderen Ger\u00e4ten oder Strukturelementen.<\/li>\n<li>Die Befestigungsl\u00f6cher oder Anschlusspunkte am hinteren Flansch sind in der Regel mit den entsprechenden L\u00f6chern oder Anschlusspunkten am Ger\u00e4t oder der Struktur, an der es befestigt werden soll, ausgerichtet.<\/li>\n<li>Befestigungselemente wie Bolzen oder Schrauben werden verwendet, um den hinteren Flansch des Zylinders an der Gegenfl\u00e4che zu befestigen und eine stabile und feste Verbindung zu gew\u00e4hrleisten.<\/li>\n<\/ul>\n<h2><strong>Wie demontiert man einen Hydraulikzylinder?<\/strong><\/h2>\n<p>Die Demontage eines Hydraulikzylinders erfordert eine sorgf\u00e4ltige Handhabung und die Kenntnis der Komponenten des Zylinders. Im Folgenden finden Sie eine allgemeine Anleitung f\u00fcr die Demontage eines Hydraulikzylinders:<\/p>\n<ol>\n<li><strong>Sicherheitsvorkehrungen<\/strong>:\n<ul>\n<li>Stellen Sie sicher, dass das Hydrauliksystem drucklos ist und kein Restdruck im Zylinder vorhanden ist. Befolgen Sie die korrekten Verriegelungs- und Kennzeichnungsverfahren, um eine versehentliche Aktivierung des Systems zu verhindern.<\/li>\n<li>Tragen Sie eine geeignete pers\u00f6nliche Schutzausr\u00fcstung (PSA) wie Handschuhe und Schutzbrille, um sich vor Hydraulikfl\u00fcssigkeit und m\u00f6glichen Gefahren zu sch\u00fctzen.<\/li>\n<\/ul>\n<\/li>\n<li><strong>Ausbau des Zylinders<\/strong>:\n<ul>\n<li>Trennen Sie die an den Zylinder angeschlossenen Hydraulikleitungen und stellen Sie sicher, dass alle Fl\u00fcssigkeitsreste ordnungsgem\u00e4\u00df aufgefangen werden.<\/li>\n<li>Wenn der Zylinder an anderen Bauteilen montiert oder befestigt ist, entfernen Sie alle Befestigungselemente oder Halterungen, um den Zylinder zu befreien.<\/li>\n<li>Heben Sie den Zylinder vorsichtig an und nehmen Sie ihn aus seiner Einbauposition heraus. Achten Sie dabei darauf, dass Sie die angeschlossenen Schl\u00e4uche und Armaturen nicht besch\u00e4digen oder \u00fcberlasten.<\/li>\n<\/ul>\n<\/li>\n<li><strong>Inspektion und Dokumentation<\/strong>:\n<ul>\n<li>Untersuchen Sie das \u00c4u\u00dfere des Zylinders gr\u00fcndlich auf Anzeichen von Sch\u00e4den, Lecks oder \u00fcberm\u00e4\u00dfigem Verschlei\u00df. Dokumentieren Sie alle Beobachtungen oder Probleme f\u00fcr sp\u00e4tere Zwecke.<\/li>\n<li>Notieren Sie sich vor der Demontage die Ausrichtung des Zylinders und die Position von Dichtungen, Lagern und anderen Komponenten. Dies wird Ihnen beim Zusammenbau helfen.<\/li>\n<\/ul>\n<\/li>\n<li><strong>Demontage des Zylinders<\/strong>:\n<ul>\n<li>Suchen Sie die Endkappen oder Sicherungsringe an jedem Ende des Zylinders. Diese Komponenten halten das Zylinderrohr und die Kolbenbaugruppe zusammen.<\/li>\n<li>Entfernen Sie die Endkappen oder Sicherungsringe vorsichtig mit geeignetem Werkzeug, wobei Sie darauf achten m\u00fcssen, keine Oberfl\u00e4chen oder Bauteile zu besch\u00e4digen.<\/li>\n<li>Sobald die Endkappen oder Sicherungsringe entfernt sind, sollten sich Zylinderrohr und Kolbenbaugruppe frei voneinander trennen lassen.<\/li>\n<\/ul>\n<\/li>\n<li><strong>Entfernen von Komponenten<\/strong>:\n<ul>\n<li>Nehmen Sie den Kolben aus dem Zylinderrohr heraus und achten Sie dabei auf eventuell vorhandene Dichtungen, Lager oder andere Bauteile.<\/li>\n<li>Untersuchen und dokumentieren Sie den Zustand aller ausgebauten Komponenten und pr\u00fcfen Sie sie auf Verschlei\u00df, Besch\u00e4digungen oder Anzeichen von Leckagen. Ersetzen Sie verschlissene oder besch\u00e4digte Teile nach Bedarf.<\/li>\n<\/ul>\n<\/li>\n<li><strong>Komponenten reinigen und lagern<\/strong>:\n<ul>\n<li>Reinigen Sie alle demontierten Komponenten gr\u00fcndlich mit einem geeigneten Reinigungsmittel, um Schmutz, Ablagerungen und Hydraulikfl\u00fcssigkeit zu entfernen.<\/li>\n<li>Lagern Sie die Komponenten sauber und geordnet und sch\u00fctzen Sie sie vor Verschmutzung und Besch\u00e4digung.<\/li>\n<\/ul>\n<\/li>\n<\/ol>\n<h2><strong>F\u00e4higkeit und Kapazit\u00e4t der Fabrik:<\/strong><\/h2>\n<h3>(1) Montage<\/h3>\n<p>Wir verf\u00fcgen \u00fcber eine erstklassige unabh\u00e4ngige Forschungs- und Entwicklungsmontageplattform. Die Werkstatt f\u00fcr die Herstellung von Gabelstaplerzylindern verf\u00fcgt \u00fcber vier halbautomatische Hubzylinder-Montagelinien und eine automatische Kippzylinder-Montagelinie mit einer geplanten j\u00e4hrlichen Produktionskapazit\u00e4t von 1 Million St\u00fcck; die Werkstatt f\u00fcr Spezialzylinder ist mit einem halbautomatischen Reinigungsmontagesystem mit verschiedenen Spezifikationen ausgestattet und verf\u00fcgt \u00fcber eine geplante j\u00e4hrliche Produktionskapazit\u00e4t von 200.000. Ausgestattet mit ber\u00fchmten CNC-Bearbeitungsmaschinen, Bearbeitungszentren, hochpr\u00e4zisen Spezialmaschinen f\u00fcr die Zylinderbearbeitung, Roboterschwei\u00dfmaschinen, automatischen Reinigungsmaschinen, automatischen Zylindermontagemaschinen und automatischen Lackieranlagen. Bestehende Schl\u00fcsselausr\u00fcstung von mehr als 300 Sets (Sets). Die optimale Zuweisung und effiziente Nutzung der Ausr\u00fcstungsressourcen gew\u00e4hrleisten die Genauigkeitsanforderungen der Produkte und erf\u00fcllen die Qualit\u00e4tsanforderungen der Produkte.<\/p>\n<p><img loading=\"lazy\" decoding=\"async\" class=\"alignnone wp-image-626\" src=\"https:\/\/hydraulic-cylinders.net\/wp-content\/uploads\/2023\/08\/hydraulic-cylinder-product-1-300x158.webp\" alt=\"\" width=\"495\" height=\"260\" srcset=\"https:\/\/hydraulic-cylinders.net\/wp-content\/uploads\/2023\/08\/hydraulic-cylinder-product-1-300x158.webp 495w, https:\/\/hydraulic-cylinders.net\/wp-content\/uploads\/2023\/08\/hydraulic-cylinder-product-1-480x252.webp 480w\" sizes=\"(min-width: 0px) and (max-width: 480px) 480px, (min-width: 481px) 495px, 100vw\" \/> <img loading=\"lazy\" decoding=\"async\" class=\"alignnone wp-image-627\" src=\"https:\/\/hydraulic-cylinders.net\/wp-content\/uploads\/2023\/08\/hydraulic-cylinder-product-2-300x189.webp\" alt=\"\" width=\"413\" height=\"260\" \/><\/p>\n<h3>(2) Spanende Bearbeitung<\/h3>\n<p>Die Bearbeitungswerkstatt ist mit einem kundenspezifischen Schr\u00e4gschienen-Drehzentrum, einem Bearbeitungszentrum, einer Hochgeschwindigkeits-Honmaschine, einem Schwei\u00dfroboter und anderen zugeh\u00f6rigen Ger\u00e4ten ausgestattet, die die Bearbeitung von Zylinderrohren mit einem maximalen Innendurchmesser von 400 mm und einer maximalen L\u00e4nge von 6 Metern erm\u00f6glichen.<\/p>\n<p><img loading=\"lazy\" decoding=\"async\" class=\"alignnone wp-image-628 size-large\" src=\"https:\/\/hydraulic-cylinders.net\/wp-content\/uploads\/2023\/08\/hydraulic-cylinder-product-3-1024x391.webp\" alt=\"\" width=\"1024\" height=\"391\" srcset=\"https:\/\/hydraulic-cylinders.net\/wp-content\/uploads\/2023\/08\/hydraulic-cylinder-product-3-980x374.webp 980w, https:\/\/hydraulic-cylinders.net\/wp-content\/uploads\/2023\/08\/hydraulic-cylinder-product-3-480x183.webp 480w\" sizes=\"(min-width: 0px) and (max-width: 480px) 480px, (min-width: 481px) and (max-width: 980px) 980px, (min-width: 981px) 1024px, 100vw\" \/><\/p>\n<h3>(3) Schwei\u00dfen<\/h3>\n<p><img loading=\"lazy\" decoding=\"async\" class=\"alignnone wp-image-629 size-large\" src=\"https:\/\/hydraulic-cylinders.net\/wp-content\/uploads\/2023\/08\/hydraulic-cylinder-product-4-1024x510.webp\" alt=\"\" width=\"1024\" height=\"510\" srcset=\"https:\/\/hydraulic-cylinders.net\/wp-content\/uploads\/2023\/08\/hydraulic-cylinder-product-4-980x488.webp 980w, https:\/\/hydraulic-cylinders.net\/wp-content\/uploads\/2023\/08\/hydraulic-cylinder-product-4-480x239.webp 480w\" sizes=\"(min-width: 0px) and (max-width: 480px) 480px, (min-width: 481px) and (max-width: 980px) 980px, (min-width: 981px) 1024px, 100vw\" \/><\/p>\n<h3>(4) Malerei und Beschichtung<\/h3>\n<p>Mit kleinen und mittleren Zylinder automatische Lackieranlage auf Wasserbasis, um automatische Roboter Be-und Entladen und automatische Spritzen, die Design-Kapazit\u00e4t von 4000 St\u00fcck pro Schicht zu erreichen;<br \/>\nWir verf\u00fcgen auch \u00fcber eine halbautomatische Lackieranlage f\u00fcr gro\u00dfe Zylinder, die von einer Energiekette angetrieben wird und eine Kapazit\u00e4t von 60 Kisten pro Schicht hat.<\/p>\n<p><img loading=\"lazy\" decoding=\"async\" class=\"alignnone wp-image-630\" src=\"https:\/\/hydraulic-cylinders.net\/wp-content\/uploads\/2023\/08\/hydraulic-cylinder-product-5-300x213.webp\" alt=\"\" width=\"366\" height=\"260\" \/> <img loading=\"lazy\" decoding=\"async\" class=\"alignnone wp-image-631\" src=\"https:\/\/hydraulic-cylinders.net\/wp-content\/uploads\/2023\/08\/hydraulic-cylinder-product-6-300x225.webp\" alt=\"\" width=\"347\" height=\"260\" \/><\/p>\n<h3>(5) Pr\u00fcfung<\/h3>\n<p>Wir verf\u00fcgen \u00fcber erstklassige Pr\u00fcfeinrichtungen und Pr\u00fcfst\u00e4nde, um sicherzustellen, dass die Leistung des Zylinders den Anforderungen entspricht.<\/p>\n<p><img loading=\"lazy\" decoding=\"async\" class=\"alignnone wp-image-632\" src=\"https:\/\/hydraulic-cylinders.net\/wp-content\/uploads\/2023\/08\/hydraulic-cylinder-product-8-300x200.webp\" alt=\"\" width=\"389\" height=\"260\" \/><\/p>\n<p>&nbsp;<\/p>\n<p>&nbsp;<\/p>\n<p>Wir sind einer der besten Hersteller von Niederdruck-Hydraulikzylindern. Wir k\u00f6nnen eine breite Niederdruck-Hydraulikzylinder Lager anbieten. Wir bieten auch entsprechende <a href=\"https:\/\/hzpt.com\/agricultural-pto-gearbox\/\" target=\"_blank\" rel=\"noopener\">landwirtschaftliche Getriebe<\/a>. Wir haben unsere Produkte an Kunden in der ganzen Welt exportiert und uns aufgrund unserer hervorragenden Produktqualit\u00e4t und unseres Kundendienstes einen guten Ruf erworben. Wir hei\u00dfen Kunden im In- und Ausland herzlich willkommen, uns zu kontaktieren, um Gesch\u00e4fte zu verhandeln, Informationen auszutauschen und\u00a0<a href=\"https:\/\/www.hydraulic-cylinders.net\/de\/contact-us\/\">mit uns zusammenarbeiten<\/a>!<\/p>\n<p>&nbsp;<\/p>","protected":false},"excerpt":{"rendered":"<p>Low-Pressure Hydraulic Cylinder Rear Flange Rear flange low-pressure hydraulic cylinder refers to a special type of hydraulic cylinder with a flange at the back end. This flange is a mounting point or connection port used to connect the cylinder to other parts or equipment. Below is an overview of low-pressure hydraulic cylinders with rear flanges: [&hellip;]<\/p>","protected":false},"featured_media":764,"comment_status":"open","ping_status":"closed","template":"","meta":{"_et_pb_use_builder":"","_et_pb_old_content":"","_et_gb_content_width":""},"product_brand":[],"product_cat":[1376,1388],"product_tag":[1380],"class_list":{"0":"post-759","1":"product","2":"type-product","3":"status-publish","4":"has-post-thumbnail","6":"product_cat-hydraulic-cylinder","7":"product_cat-low-pressure-hydraulic-cylinder","8":"product_tag-hydraulic-cylinder","10":"first","11":"instock","12":"shipping-taxable","13":"product-type-simple"},"amp_enabled":true,"_links":{"self":[{"href":"https:\/\/www.hydraulic-cylinders.net\/de\/wp-json\/wp\/v2\/product\/759","targetHints":{"allow":["GET"]}}],"collection":[{"href":"https:\/\/www.hydraulic-cylinders.net\/de\/wp-json\/wp\/v2\/product"}],"about":[{"href":"https:\/\/www.hydraulic-cylinders.net\/de\/wp-json\/wp\/v2\/types\/product"}],"replies":[{"embeddable":true,"href":"https:\/\/www.hydraulic-cylinders.net\/de\/wp-json\/wp\/v2\/comments?post=759"}],"wp:featuredmedia":[{"embeddable":true,"href":"https:\/\/www.hydraulic-cylinders.net\/de\/wp-json\/wp\/v2\/media\/764"}],"wp:attachment":[{"href":"https:\/\/www.hydraulic-cylinders.net\/de\/wp-json\/wp\/v2\/media?parent=759"}],"wp:term":[{"taxonomy":"product_brand","embeddable":true,"href":"https:\/\/www.hydraulic-cylinders.net\/de\/wp-json\/wp\/v2\/product_brand?post=759"},{"taxonomy":"product_cat","embeddable":true,"href":"https:\/\/www.hydraulic-cylinders.net\/de\/wp-json\/wp\/v2\/product_cat?post=759"},{"taxonomy":"product_tag","embeddable":true,"href":"https:\/\/www.hydraulic-cylinders.net\/de\/wp-json\/wp\/v2\/product_tag?post=759"}],"curies":[{"name":"wp","href":"https:\/\/api.w.org\/{rel}","templated":true}]}}