{"id":773,"date":"2023-08-23T02:33:49","date_gmt":"2023-08-23T02:33:49","guid":{"rendered":"https:\/\/hydraulic-cylinders.net\/?post_type=product&#038;p=773"},"modified":"2025-03-27T01:12:58","modified_gmt":"2025-03-27T01:12:58","slug":"low-pressure-hydraulic-cylinder-intermediate-pin","status":"publish","type":"product","link":"https:\/\/www.hydraulic-cylinders.net\/de\/produkt\/low-pressure-hydraulic-cylinder-intermediate-pin\/","title":{"rendered":"Niederdruck-Hydraulikzylinder-Zwischenstecker"},"content":{"rendered":"<h1 style=\"text-align: center;\"><strong>Niederdruck-Hydraulikzylinder-Zwischenstecker<\/strong><\/h1>\n<p><img loading=\"lazy\" decoding=\"async\" class=\"aligncenter wp-image-774 size-full\" src=\"https:\/\/hydraulic-cylinders.net\/wp-content\/uploads\/2023\/08\/low-pressure-pull-rod-hydraulic-cylinder-middle-hinge-pin-1.webp\" alt=\"\" width=\"375\" height=\"175\" srcset=\"https:\/\/www.hydraulic-cylinders.net\/wp-content\/uploads\/2023\/08\/low-pressure-pull-rod-hydraulic-cylinder-middle-hinge-pin-1.webp 375w, https:\/\/www.hydraulic-cylinders.net\/wp-content\/uploads\/2023\/08\/low-pressure-pull-rod-hydraulic-cylinder-middle-hinge-pin-1-300x140.webp 300w\" sizes=\"(max-width: 375px) 100vw, 375px\" \/><\/p>\n<p>In einem Niederdruck-Hydraulikzylinder bezieht sich der Zwischenbolzen auf den Nagel oder die Welle zwischen dem Kolben und der Kolbenstange. Ein Verbindungselement \u00fcbertr\u00e4gt die Kraft vom Kolben auf die Stange und erm\u00f6glicht so eine lineare Bewegung.<\/p>\n<p>Entwurf und Konstruktion des Niederdruck-Hydraulikzylinders<\/p>\n<p>Zwischenstifte sind in der Regel massive Metallstifte oder Wellen im Inneren des Zylinders.<br \/>\nSie verbindet die beiden Teile zwischen dem Kolben und der Pleuelstange.<br \/>\nDie Aufgabe des Zwischenbolzens besteht darin, den vom Kolben erzeugten Fl\u00fcssigkeitsdruck auf die Kolbenstange zu \u00fcbertragen und so die f\u00fcr den Zylinder erforderliche lineare Bewegung zu erreichen.<\/p>\n<h2><strong>Niederdruck-Hydraulikzylinder-Zwischenstecker Parameter:<\/strong><\/h2>\n<p><img loading=\"lazy\" decoding=\"async\" class=\"alignnone wp-image-775 size-full\" src=\"https:\/\/hydraulic-cylinders.net\/wp-content\/uploads\/2023\/08\/low-pressure-pull-rod-hydraulic-cylinder-intermediate-pin-2.webp\" alt=\"\" width=\"690\" height=\"315\" srcset=\"https:\/\/hydraulic-cylinders.net\/wp-content\/uploads\/2023\/08\/low-pressure-pull-rod-hydraulic-cylinder-intermediate-pin-2.webp 690w, https:\/\/hydraulic-cylinders.net\/wp-content\/uploads\/2023\/08\/low-pressure-pull-rod-hydraulic-cylinder-intermediate-pin-2-480x219.webp 480w\" sizes=\"(min-width: 0px) and (max-width: 480px) 480px, (min-width: 481px) 690px, 100vw\" \/><\/p>\n<h2><strong>Funktion und Betrieb von <\/strong><strong>Niederdruck-Hydraulikzylinder-Zwischenstecker<\/strong><strong>:<\/strong><\/h2>\n<ul>\n<li>Wenn der Kolben mit Hydraulikdruck beaufschlagt wird, \u00fcbt er eine Kraft auf den mittleren Bolzen aus, die ihn in Bewegung setzt.<\/li>\n<li>Durch die Bewegung des Zwischenbolzens wird eine Kraft auf die Kolbenstange \u00fcbertragen, wodurch sich der Hydraulikzylinder ausdehnt oder zusammenzieht.<\/li>\n<li>Der Zwischenbolzen sorgt daf\u00fcr, dass die hydraulisch erzeugte Kraft effektiv auf die Kolbenstange \u00fcbertragen wird, wodurch die gew\u00fcnschte Bewegung des Zylinders erreicht wird.<\/li>\n<\/ul>\n<h2><strong>Wartung und Austausch des Zwischenstifts des Niederdruck-Hydraulikzylinders<\/strong><strong>:<\/strong><\/h2>\n<ul>\n<li>Bei der Reparatur oder \u00c4nderung des Niederdruck-Hydraulikzylinders sollte der Zustand des mittleren Bolzens \u00fcberpr\u00fcft werden.<\/li>\n<li>Bei Anzeichen von Verschlei\u00df, Besch\u00e4digung oder \u00dcberspielung sollte ein neuer Zwischenstift eingesetzt werden, um den normalen Betrieb des Zylinders zu gew\u00e4hrleisten.<\/li>\n<li>Beim Austausch des Mittelstifts m\u00fcssen die Richtlinien und Spezifikationen des Herstellers beachtet werden, um Kompatibilit\u00e4t und optimale Leistung zu gew\u00e4hrleisten.<\/li>\n<\/ul>\n<h2><strong>Wie misst man einen Hydraulikzylinder?<\/strong><\/h2>\n<ol>\n<li><strong>Bohrungsdurchmesser<\/strong>:\n<ul>\n<li>Messen Sie den Innendurchmesser des Zylinderrohrs. Dieser wird als \"Bohrungsdurchmesser\" bezeichnet.<\/li>\n<li>Setzen Sie den Messschieber in das Zylinderrohr ein und fahren Sie die Backen aus, bis sie die Innenw\u00e4nde ber\u00fchren.<\/li>\n<li>Notieren Sie sich das auf dem Messschieber angezeigte Ma\u00df.<\/li>\n<\/ul>\n<\/li>\n<li><strong>Stabdurchmesser<\/strong>:\n<ul>\n<li>Messen Sie den Au\u00dfendurchmesser der Kolbenstange. Dieser wird als \"Stangendurchmesser\" bezeichnet.<\/li>\n<li>Legen Sie den Messschieber um die Kolbenstange und stellen Sie die Klemmbacken so ein, dass sie die Oberfl\u00e4che der Stange leicht ber\u00fchren.<\/li>\n<li>Notieren Sie sich das auf dem Messschieber angezeigte Ma\u00df.<\/li>\n<\/ul>\n<\/li>\n<li><strong>Hubl\u00e4nge<\/strong>:\n<ul>\n<li>Bestimmen Sie die Hubl\u00e4nge, d. h. die maximale Strecke, die der Kolben im Zylinder zur\u00fccklegen kann.<\/li>\n<li>Fahren Sie die Kolbenstange ganz aus und messen Sie den Abstand von der Stirnfl\u00e4che des Zylinders bis zum Ende der Kolbenstange.<\/li>\n<li>Notieren Sie sich das Ma\u00df als Hubl\u00e4nge.<\/li>\n<\/ul>\n<\/li>\n<li><strong>Montage Abmessungen<\/strong>:\n<ul>\n<li>Messen Sie die Einbauma\u00dfe, um zu bestimmen, wie der Hydraulikzylinder an der Anlage oder Struktur befestigt werden soll.<\/li>\n<li>Messen Sie den Abstand zwischen den Befestigungsl\u00f6chern oder Halterungen am Befestigungsflansch des Zylinders.<\/li>\n<li>Messen Sie den Lochdurchmesser, falls zutreffend.<\/li>\n<\/ul>\n<\/li>\n<li><strong>Gesamtl\u00e4nge<\/strong>:\n<ul>\n<li>Messen Sie die Gesamtl\u00e4nge des Hydraulikzylinders, d. h. die L\u00e4nge des Zylinderrohrs, der Kolbenstange und aller anderen vorstehenden Teile.<\/li>\n<li>Legen Sie ein Haarlineal \u00fcber die Vorderseite des Zylinders und messen Sie den Abstand von der Vorderseite bis zum \u00e4u\u00dfersten Punkt am gegen\u00fcberliegenden Ende.<\/li>\n<\/ul>\n<\/li>\n<li><strong>Zus\u00e4tzliche Messungen<\/strong>:\n<ul>\n<li>Je nach den spezifischen Anforderungen Ihrer Anwendung m\u00fcssen Sie m\u00f6glicherweise zus\u00e4tzliche Details wie die L\u00e4nge des Kolbens, die Dicke der Endkappen oder die Abmessungen von Anschl\u00fcssen oder Fittings messen.<\/li>\n<\/ul>\n<\/li>\n<\/ol>\n<h2><strong>F\u00e4higkeit und Kapazit\u00e4t der Fabrik:<\/strong><\/h2>\n<h3>(1) Montage<\/h3>\n<p>Wir verf\u00fcgen \u00fcber eine erstklassige unabh\u00e4ngige Forschungs- und Entwicklungsmontageplattform. Die Werkstatt f\u00fcr die Herstellung von Gabelstaplerzylindern verf\u00fcgt \u00fcber vier halbautomatische Hubzylinder-Montagelinien und eine automatische Kippzylinder-Montagelinie mit einer geplanten j\u00e4hrlichen Produktionskapazit\u00e4t von 1 Million St\u00fcck; die Werkstatt f\u00fcr Spezialzylinder ist mit einem halbautomatischen Reinigungsmontagesystem mit verschiedenen Spezifikationen ausgestattet und verf\u00fcgt \u00fcber eine geplante j\u00e4hrliche Produktionskapazit\u00e4t von 200.000. Ausgestattet mit ber\u00fchmten CNC-Bearbeitungsmaschinen, Bearbeitungszentren, hochpr\u00e4zisen Spezialmaschinen f\u00fcr die Zylinderbearbeitung, Roboterschwei\u00dfmaschinen, automatischen Reinigungsmaschinen, automatischen Zylindermontagemaschinen und automatischen Lackieranlagen. Bestehende Schl\u00fcsselausr\u00fcstung von mehr als 300 Sets (Sets). Die optimale Zuweisung und effiziente Nutzung der Ausr\u00fcstungsressourcen gew\u00e4hrleisten die Genauigkeitsanforderungen der Produkte und erf\u00fcllen die Qualit\u00e4tsanforderungen der Produkte.<\/p>\n<p><img loading=\"lazy\" decoding=\"async\" class=\"alignnone wp-image-626\" src=\"https:\/\/hydraulic-cylinders.net\/wp-content\/uploads\/2023\/08\/hydraulic-cylinder-product-1-300x158.webp\" alt=\"\" width=\"495\" height=\"260\" srcset=\"https:\/\/hydraulic-cylinders.net\/wp-content\/uploads\/2023\/08\/hydraulic-cylinder-product-1-300x158.webp 495w, https:\/\/hydraulic-cylinders.net\/wp-content\/uploads\/2023\/08\/hydraulic-cylinder-product-1-480x252.webp 480w\" sizes=\"(min-width: 0px) and (max-width: 480px) 480px, (min-width: 481px) 495px, 100vw\" \/> <img loading=\"lazy\" decoding=\"async\" class=\"alignnone wp-image-627\" src=\"https:\/\/hydraulic-cylinders.net\/wp-content\/uploads\/2023\/08\/hydraulic-cylinder-product-2-300x189.webp\" alt=\"\" width=\"413\" height=\"260\" \/><\/p>\n<h3>(2) Spanende Bearbeitung<\/h3>\n<p>Die Bearbeitungswerkstatt ist mit einem kundenspezifischen Schr\u00e4gschienen-Drehzentrum, einem Bearbeitungszentrum, einer Hochgeschwindigkeits-Honmaschine, einem Schwei\u00dfroboter und anderen zugeh\u00f6rigen Ger\u00e4ten ausgestattet, die die Bearbeitung von Zylinderrohren mit einem maximalen Innendurchmesser von 400 mm und einer maximalen L\u00e4nge von 6 Metern erm\u00f6glichen.<\/p>\n<p><img loading=\"lazy\" decoding=\"async\" class=\"alignnone wp-image-628 size-large\" src=\"https:\/\/hydraulic-cylinders.net\/wp-content\/uploads\/2023\/08\/hydraulic-cylinder-product-3-1024x391.webp\" alt=\"\" width=\"1024\" height=\"391\" srcset=\"https:\/\/hydraulic-cylinders.net\/wp-content\/uploads\/2023\/08\/hydraulic-cylinder-product-3-980x374.webp 980w, https:\/\/hydraulic-cylinders.net\/wp-content\/uploads\/2023\/08\/hydraulic-cylinder-product-3-480x183.webp 480w\" sizes=\"(min-width: 0px) and (max-width: 480px) 480px, (min-width: 481px) and (max-width: 980px) 980px, (min-width: 981px) 1024px, 100vw\" \/><\/p>\n<h3>(3) Schwei\u00dfen<\/h3>\n<p><img loading=\"lazy\" decoding=\"async\" class=\"alignnone wp-image-629 size-large\" src=\"https:\/\/hydraulic-cylinders.net\/wp-content\/uploads\/2023\/08\/hydraulic-cylinder-product-4-1024x510.webp\" alt=\"\" width=\"1024\" height=\"510\" srcset=\"https:\/\/hydraulic-cylinders.net\/wp-content\/uploads\/2023\/08\/hydraulic-cylinder-product-4-980x488.webp 980w, https:\/\/hydraulic-cylinders.net\/wp-content\/uploads\/2023\/08\/hydraulic-cylinder-product-4-480x239.webp 480w\" sizes=\"(min-width: 0px) and (max-width: 480px) 480px, (min-width: 481px) and (max-width: 980px) 980px, (min-width: 981px) 1024px, 100vw\" \/><\/p>\n<h3>(4) Malerei und Beschichtung<\/h3>\n<p>Mit kleinen und mittleren Zylinder automatische Lackieranlage auf Wasserbasis, um automatische Roboter Be-und Entladen und automatische Spritzen, die Design-Kapazit\u00e4t von 4000 St\u00fcck pro Schicht zu erreichen;<br \/>\nWir verf\u00fcgen auch \u00fcber eine halbautomatische Lackieranlage f\u00fcr gro\u00dfe Zylinder, die von einer Energiekette angetrieben wird und eine Kapazit\u00e4t von 60 Kisten pro Schicht hat.<\/p>\n<p><img loading=\"lazy\" decoding=\"async\" class=\"alignnone wp-image-630\" src=\"https:\/\/hydraulic-cylinders.net\/wp-content\/uploads\/2023\/08\/hydraulic-cylinder-product-5-300x213.webp\" alt=\"\" width=\"366\" height=\"260\" \/> <img loading=\"lazy\" decoding=\"async\" class=\"alignnone wp-image-631\" src=\"https:\/\/hydraulic-cylinders.net\/wp-content\/uploads\/2023\/08\/hydraulic-cylinder-product-6-300x225.webp\" alt=\"\" width=\"347\" height=\"260\" \/><\/p>\n<h3>(5) Pr\u00fcfung<\/h3>\n<p>Wir verf\u00fcgen \u00fcber erstklassige Pr\u00fcfeinrichtungen und Pr\u00fcfst\u00e4nde, um sicherzustellen, dass die Leistung des Zylinders den Anforderungen entspricht.<\/p>\n<p><img loading=\"lazy\" decoding=\"async\" class=\"alignnone wp-image-632\" src=\"https:\/\/hydraulic-cylinders.net\/wp-content\/uploads\/2023\/08\/hydraulic-cylinder-product-8-300x200.webp\" alt=\"\" width=\"389\" height=\"260\" \/><\/p>\n<p>&nbsp;<\/p>\n<p>&nbsp;<\/p>\n<p>Wir sind einer der besten Hersteller von Niederdruck-Hydraulikzylindern. Wir k\u00f6nnen eine breite Niederdruck-Hydraulikzylinder Lager anbieten. Wir bieten auch entsprechende <a href=\"https:\/\/hzpt.com\/agricultural-pto-gearbox\/\" target=\"_blank\" rel=\"noopener\">landwirtschaftliche Getriebe<\/a>. Wir haben unsere Produkte an Kunden in der ganzen Welt exportiert und uns aufgrund unserer hervorragenden Produktqualit\u00e4t und unseres Kundendienstes einen guten Ruf erworben. Wir hei\u00dfen Kunden im In- und Ausland herzlich willkommen, uns zu kontaktieren, um Gesch\u00e4fte zu verhandeln, Informationen auszutauschen und\u00a0<a href=\"https:\/\/www.hydraulic-cylinders.net\/de\/contact-us\/\">mit uns zusammenarbeiten<\/a>!<\/p>\n<p>&nbsp;<\/p>","protected":false},"excerpt":{"rendered":"<p>Low-Pressure Hydraulic Cylinder Intermediate Pin In a low-pressure hydraulic cylinder, the intermediate pin refers to the nail or shaft between the piston and the piston rod. A connecting element transfers force from the piston to the rod, allowing for linear motion. Design and construction of the low-pressure hydraulic cylinder Intermediate pins are usually solid metal [&hellip;]<\/p>","protected":false},"featured_media":776,"comment_status":"open","ping_status":"closed","template":"","meta":{"_et_pb_use_builder":"","_et_pb_old_content":"","_et_gb_content_width":""},"product_brand":[],"product_cat":[1376,1388],"product_tag":[1380],"class_list":{"0":"post-773","1":"product","2":"type-product","3":"status-publish","4":"has-post-thumbnail","6":"product_cat-hydraulic-cylinder","7":"product_cat-low-pressure-hydraulic-cylinder","8":"product_tag-hydraulic-cylinder","10":"first","11":"instock","12":"shipping-taxable","13":"product-type-simple"},"amp_enabled":true,"_links":{"self":[{"href":"https:\/\/www.hydraulic-cylinders.net\/de\/wp-json\/wp\/v2\/product\/773","targetHints":{"allow":["GET"]}}],"collection":[{"href":"https:\/\/www.hydraulic-cylinders.net\/de\/wp-json\/wp\/v2\/product"}],"about":[{"href":"https:\/\/www.hydraulic-cylinders.net\/de\/wp-json\/wp\/v2\/types\/product"}],"replies":[{"embeddable":true,"href":"https:\/\/www.hydraulic-cylinders.net\/de\/wp-json\/wp\/v2\/comments?post=773"}],"wp:featuredmedia":[{"embeddable":true,"href":"https:\/\/www.hydraulic-cylinders.net\/de\/wp-json\/wp\/v2\/media\/776"}],"wp:attachment":[{"href":"https:\/\/www.hydraulic-cylinders.net\/de\/wp-json\/wp\/v2\/media?parent=773"}],"wp:term":[{"taxonomy":"product_brand","embeddable":true,"href":"https:\/\/www.hydraulic-cylinders.net\/de\/wp-json\/wp\/v2\/product_brand?post=773"},{"taxonomy":"product_cat","embeddable":true,"href":"https:\/\/www.hydraulic-cylinders.net\/de\/wp-json\/wp\/v2\/product_cat?post=773"},{"taxonomy":"product_tag","embeddable":true,"href":"https:\/\/www.hydraulic-cylinders.net\/de\/wp-json\/wp\/v2\/product_tag?post=773"}],"curies":[{"name":"wp","href":"https:\/\/api.w.org\/{rel}","templated":true}]}}