{"id":782,"date":"2023-08-23T03:36:50","date_gmt":"2023-08-23T03:36:50","guid":{"rendered":"https:\/\/hydraulic-cylinders.net\/?post_type=product&#038;p=782"},"modified":"2025-04-16T02:23:02","modified_gmt":"2025-04-16T02:23:02","slug":"machine-tool-low-pressure-hydraulic-cylinder","status":"publish","type":"product","link":"https:\/\/www.hydraulic-cylinders.net\/de\/produkt\/machine-tool-low-pressure-hydraulic-cylinder\/","title":{"rendered":"Niederdruck-Hydraulikzylinder f\u00fcr Werkzeugmaschinen"},"content":{"rendered":"<h1 style=\"text-align: center;\"><strong>Niederdruck-Hydraulikzylinder f\u00fcr Werkzeugmaschinen<\/strong><\/h1>\n<p><img loading=\"lazy\" decoding=\"async\" class=\"aligncenter wp-image-785 size-full\" src=\"https:\/\/hydraulic-cylinders.net\/wp-content\/uploads\/2023\/08\/low-pressure-hydraulic-cylinder-2.webp\" alt=\"\" width=\"300\" height=\"300\" srcset=\"https:\/\/www.hydraulic-cylinders.net\/wp-content\/uploads\/2023\/08\/low-pressure-hydraulic-cylinder-2.webp 300w, https:\/\/www.hydraulic-cylinders.net\/wp-content\/uploads\/2023\/08\/low-pressure-hydraulic-cylinder-2-100x100.webp 100w, https:\/\/www.hydraulic-cylinders.net\/wp-content\/uploads\/2023\/08\/low-pressure-hydraulic-cylinder-2-150x150.webp 150w\" sizes=\"(max-width: 300px) 100vw, 300px\" \/><\/p>\n<p>Niederdruck-Hydraulikzylinder ist der Vorteil des Unternehmens in Produkte, Fertigung Erfahrung, ausgereifte Technologie, Wirtschaftlichkeit, und kann den Hydraulikzylinder ersetzen.<\/p>\n<p>Kombiniert mit der Marktnachfrage, sortieren Sie die Werkzeugmaschinen-Industrie Niederdruck-Hydraulikzylinder Parameter, wie Bands\u00e4ge Maschine Hydraulikzylinder.<\/p>\n<p>Die Kunden k\u00f6nnen nach den folgenden Parametern bestellen, die bequem und schnell geliefert werden k\u00f6nnen.<\/p>\n<p>Niedrige Kosten: Niederdruck-Hydraulikzylinder sind in der Regel billiger als andere Zylinder.<br \/>\nEinfache Konstruktion: Die Konstruktion und Herstellung von Niederdruck-Hydraulikzylindern ist relativ einfach.<br \/>\nEinfache Wartung: Niederdruck-Hydraulikzylinder sind relativ einfach zu warten.<\/p>\n<h2><strong>Niederdruck-Hydraulikzylinder Parameter:<\/strong><\/h2>\n<h3>(1) Vorderer Flansch des Niederdruck-Hydraulikzylinders:<\/h3>\n<h3><img loading=\"lazy\" decoding=\"async\" class=\"alignnone wp-image-786 size-full\" src=\"https:\/\/hydraulic-cylinders.net\/wp-content\/uploads\/2023\/08\/low-pressure-pull-rod-hydraulic-cylinder-front-flange-2-2.webp\" alt=\"\" width=\"690\" height=\"397\" srcset=\"https:\/\/hydraulic-cylinders.net\/wp-content\/uploads\/2023\/08\/low-pressure-pull-rod-hydraulic-cylinder-front-flange-2-2.webp 690w, https:\/\/hydraulic-cylinders.net\/wp-content\/uploads\/2023\/08\/low-pressure-pull-rod-hydraulic-cylinder-front-flange-2-2-480x276.webp 480w\" sizes=\"(min-width: 0px) and (max-width: 480px) 480px, (min-width: 481px) 690px, 100vw\" \/><\/h3>\n<h3>(2) Niederdruck-Hydraulikzylinder R\u00fcckflansch:<\/h3>\n<h3><img loading=\"lazy\" decoding=\"async\" class=\"alignnone wp-image-787\" src=\"https:\/\/hydraulic-cylinders.net\/wp-content\/uploads\/2023\/08\/low-pressure-pull-rod-hydraulic-cylinder-back-flange-2-2-1024x556.webp\" alt=\"\" width=\"800\" height=\"434\" \/><\/h3>\n<h3>(3) Niederdruck-Hydraulikzylinder Vorderer Stift:<\/h3>\n<p><img loading=\"lazy\" decoding=\"async\" class=\"alignnone wp-image-788 size-full\" src=\"https:\/\/hydraulic-cylinders.net\/wp-content\/uploads\/2023\/08\/low-pressure-pull-rod-hydraulic-cylinder-front-hinge-pin-2-1.webp\" alt=\"\" width=\"660\" height=\"289\" srcset=\"https:\/\/hydraulic-cylinders.net\/wp-content\/uploads\/2023\/08\/low-pressure-pull-rod-hydraulic-cylinder-front-hinge-pin-2-1.webp 660w, https:\/\/hydraulic-cylinders.net\/wp-content\/uploads\/2023\/08\/low-pressure-pull-rod-hydraulic-cylinder-front-hinge-pin-2-1-480x210.webp 480w\" sizes=\"(min-width: 0px) and (max-width: 480px) 480px, (min-width: 481px) 660px, 100vw\" \/><\/p>\n<h3>(4) Zwischenstift des Niederdruck-Hydraulikzylinders:<\/h3>\n<p><img loading=\"lazy\" decoding=\"async\" class=\"alignnone wp-image-789 size-full\" src=\"https:\/\/hydraulic-cylinders.net\/wp-content\/uploads\/2023\/08\/low-pressure-pull-rod-hydraulic-cylinder-intermediate-pin-2-1.webp\" alt=\"\" width=\"690\" height=\"315\" srcset=\"https:\/\/hydraulic-cylinders.net\/wp-content\/uploads\/2023\/08\/low-pressure-pull-rod-hydraulic-cylinder-intermediate-pin-2-1.webp 690w, https:\/\/hydraulic-cylinders.net\/wp-content\/uploads\/2023\/08\/low-pressure-pull-rod-hydraulic-cylinder-intermediate-pin-2-1-480x219.webp 480w\" sizes=\"(min-width: 0px) and (max-width: 480px) 480px, (min-width: 481px) 690px, 100vw\" \/><\/p>\n<h3>(5) Hinterer Stift des Niederdruck-Hydraulikzylinders:<\/h3>\n<p><img loading=\"lazy\" decoding=\"async\" class=\"alignnone wp-image-790 size-full\" src=\"https:\/\/hydraulic-cylinders.net\/wp-content\/uploads\/2023\/08\/low-pressure-pull-rod-hydraulic-cylinder-rear-pin-hole-2-1.webp\" alt=\"\" width=\"690\" height=\"333\" srcset=\"https:\/\/hydraulic-cylinders.net\/wp-content\/uploads\/2023\/08\/low-pressure-pull-rod-hydraulic-cylinder-rear-pin-hole-2-1.webp 690w, https:\/\/hydraulic-cylinders.net\/wp-content\/uploads\/2023\/08\/low-pressure-pull-rod-hydraulic-cylinder-rear-pin-hole-2-1-480x232.webp 480w\" sizes=\"(min-width: 0px) and (max-width: 480px) 480px, (min-width: 481px) 690px, 100vw\" \/><\/p>\n<h3>(6) Niederdruck-Hydraulikzylinder Fu\u00dfst\u00fctze Parameter:<\/h3>\n<p><img loading=\"lazy\" decoding=\"async\" class=\"alignnone wp-image-791 size-full\" src=\"https:\/\/hydraulic-cylinders.net\/wp-content\/uploads\/2023\/08\/low-pressure-pull-rod-hydraulic-cylinder-footstand-2-1.webp\" alt=\"\" width=\"703\" height=\"314\" srcset=\"https:\/\/hydraulic-cylinders.net\/wp-content\/uploads\/2023\/08\/low-pressure-pull-rod-hydraulic-cylinder-footstand-2-1.webp 703w, https:\/\/hydraulic-cylinders.net\/wp-content\/uploads\/2023\/08\/low-pressure-pull-rod-hydraulic-cylinder-footstand-2-1-480x214.webp 480w\" sizes=\"(min-width: 0px) and (max-width: 480px) 480px, (min-width: 481px) 703px, 100vw\" \/><\/p>\n<h2><strong>Technische Parameter von <\/strong><strong>Niederdruck-Hydraulikzylinder:<\/strong><\/h2>\n<p>Der Installationsmodus kann aus den folgenden Optionen ausgew\u00e4hlt werden<br \/>\n1) Gewindegr\u00f6\u00dfe des Kolbenstangenendes: Innengewinde oder Au\u00dfengewinde, Gewindegr\u00f6\u00dfe und L\u00e4nge<br \/>\n2) Position des \u00d6lanschlusses;<br \/>\n3) Die \"Gesamtl\u00e4nge\" in der Parametertabelle, d.h. die L\u00e4nge des Zylinders, wenn der Hub 0 ist, z.B. der Hub ist 100mm, die Gesamtl\u00e4nge des Zylinders = der Wert \"Gesamtl\u00e4nge\" +100<\/p>\n<h2><strong>Anwendungsbereich von <\/strong><strong>Niederdruck-Hydraulikzylinder :<\/strong><\/h2>\n<p>1) Die Verwendung des Druckbereichs liegt unter 5MPA;<br \/>\n2) Der vordere Deckel, der hintere Deckel und der Kolben sind Gussteile, der Zylinder ist aus Stahl Nr. 20 und die Kolbenstange aus verchromtem Stahl Nr. 45;<br \/>\n3) Der Standard-Zylinder wird haupts\u00e4chlich durch die Schubkraft beeinflusst; wenn es haupts\u00e4chlich durch die Spannung verursacht wird, muss der Kunde besondere Anweisungen geben;<br \/>\n4) Der Innendurchmesser dieser Produktserie betr\u00e4gt 63~125 mm, die maximale Schubkraft betr\u00e4gt 4,8 Tonnen;<br \/>\n5) Standardm\u00e4\u00dfig kein Puffer; wenn eine Pufferung erforderlich ist, ben\u00f6tigt der Kunde besondere Anweisungen.<\/p>\n<p><img loading=\"lazy\" decoding=\"async\" class=\"size-full wp-image-316728 aligncenter\" src=\"https:\/\/hzpt.com\/wp-content\/uploads\/2023\/08\/low-pressure-hydraulic-cylinder-1.webp\" alt=\"\" width=\"540\" height=\"1015\" \/><\/p>\n<h2><strong>Wie misst man einen Hydraulikzylinder?<\/strong><\/h2>\n<p>Zum Messen eines Hydraulikzylinders ben\u00f6tigen Sie einige grundlegende Werkzeuge wie ein Ma\u00dfband oder ein Lineal, einen Messschieber und m\u00f6glicherweise einen Tiefenmesser. Im Folgenden finden Sie eine schrittweise Anleitung zum Messen eines Hydraulikzylinders:<\/p>\n<ol>\n<li><strong>Erweiterte L\u00e4nge<\/strong>:\n<ul>\n<li>Stellen Sie sicher, dass der Hydraulikzylinder vollst\u00e4ndig ausgefahren ist.<\/li>\n<li>Messen Sie den Abstand von der Mitte des Befestigungslochs an einem Ende des Zylinders bis zur Mitte des Befestigungslochs am anderen Ende. Dieses Ma\u00df stellt die ausgefahrene L\u00e4nge oder Gesamtl\u00e4nge des Zylinders dar.<\/li>\n<\/ul>\n<\/li>\n<li><strong>Eingezogene L\u00e4nge<\/strong>:\n<ul>\n<li>Ziehen Sie den Hydraulikzylinder vollst\u00e4ndig ein.<\/li>\n<li>Messen Sie den Abstand von der Mitte des Befestigungslochs an einem Ende des Zylinders bis zur Mitte des Befestigungslochs am anderen Ende. Dieses Ma\u00df stellt die eingefahrene L\u00e4nge des Zylinders dar.<\/li>\n<\/ul>\n<\/li>\n<li><strong>Bohrungsdurchmesser<\/strong>:\n<ul>\n<li>Messen Sie den Innendurchmesser des Zylinderrohrs, der als Bohrungsdurchmesser bezeichnet wird. Dies geschieht in der Regel mit einer Schieblehre.<\/li>\n<li>Setzen Sie den Messschieber in das Zylinderrohr ein und messen Sie den Abstand zwischen den Innenfl\u00e4chen der Zylinderrohrw\u00e4nde.<\/li>\n<\/ul>\n<\/li>\n<li><strong>Stabdurchmesser<\/strong>:\n<ul>\n<li>Messen Sie den Durchmesser der Kolbenstange. Dies geschieht in der Regel mit einer Schieblehre.<\/li>\n<li>Legen Sie die Klemmbacken des Messschiebers um die Kolbenstange und messen Sie den Abstand zwischen den Au\u00dfenfl\u00e4chen der Stange.<\/li>\n<\/ul>\n<\/li>\n<li><strong>Hubl\u00e4nge<\/strong>:\n<ul>\n<li>Die Hubl\u00e4nge bezieht sich auf den Weg, den die Kolbenstange zwischen der vollst\u00e4ndig ausgefahrenen und der vollst\u00e4ndig eingefahrenen Position zur\u00fccklegen kann.<\/li>\n<li>Ziehen Sie die Messung der eingefahrenen L\u00e4nge von der Messung der ausgefahrenen L\u00e4nge ab, um die Hubl\u00e4nge zu erhalten.<\/li>\n<\/ul>\n<\/li>\n<li><strong>Abmessungen der Dichtung und des Lagers<\/strong>:\n<ul>\n<li>Messen Sie bei Bedarf die Abmessungen von Dichtungen oder Lagern, die Teil des Hydraulikzylinders sind. Dies kann Messungen des Au\u00dfendurchmessers, des Innendurchmessers und der Dicke umfassen.<\/li>\n<\/ul>\n<\/li>\n<\/ol>\n<h2><strong>F\u00e4higkeit und Kapazit\u00e4t der Fabrik:<\/strong><\/h2>\n<h3>(1) Montage<\/h3>\n<p>Wir verf\u00fcgen \u00fcber eine erstklassige unabh\u00e4ngige Forschungs- und Entwicklungsmontageplattform. Die Werkstatt f\u00fcr die Herstellung von Gabelstaplerzylindern verf\u00fcgt \u00fcber vier halbautomatische Hubzylinder-Montagelinien und eine automatische Kippzylinder-Montagelinie mit einer geplanten j\u00e4hrlichen Produktionskapazit\u00e4t von 1 Million St\u00fcck; die Werkstatt f\u00fcr Spezialzylinder ist mit einem halbautomatischen Reinigungsmontagesystem mit verschiedenen Spezifikationen ausgestattet und verf\u00fcgt \u00fcber eine geplante j\u00e4hrliche Produktionskapazit\u00e4t von 200.000. Ausgestattet mit ber\u00fchmten CNC-Bearbeitungsmaschinen, Bearbeitungszentren, hochpr\u00e4zisen Spezialmaschinen f\u00fcr die Zylinderbearbeitung, Roboterschwei\u00dfmaschinen, automatischen Reinigungsmaschinen, automatischen Zylindermontagemaschinen und automatischen Lackieranlagen. Bestehende Schl\u00fcsselausr\u00fcstung von mehr als 300 Sets (Sets). Die optimale Zuweisung und effiziente Nutzung der Ausr\u00fcstungsressourcen gew\u00e4hrleisten die Genauigkeitsanforderungen der Produkte und erf\u00fcllen die Qualit\u00e4tsanforderungen der Produkte.<\/p>\n<p><img loading=\"lazy\" decoding=\"async\" class=\"alignnone wp-image-626\" src=\"https:\/\/hydraulic-cylinders.net\/wp-content\/uploads\/2023\/08\/hydraulic-cylinder-product-1-300x158.webp\" alt=\"\" width=\"495\" height=\"260\" srcset=\"https:\/\/hydraulic-cylinders.net\/wp-content\/uploads\/2023\/08\/hydraulic-cylinder-product-1-300x158.webp 495w, https:\/\/hydraulic-cylinders.net\/wp-content\/uploads\/2023\/08\/hydraulic-cylinder-product-1-480x252.webp 480w\" sizes=\"(min-width: 0px) and (max-width: 480px) 480px, (min-width: 481px) 495px, 100vw\" \/> <img loading=\"lazy\" decoding=\"async\" class=\"alignnone wp-image-627\" src=\"https:\/\/hydraulic-cylinders.net\/wp-content\/uploads\/2023\/08\/hydraulic-cylinder-product-2-300x189.webp\" alt=\"\" width=\"413\" height=\"260\" \/><\/p>\n<h3>(2) Spanende Bearbeitung<\/h3>\n<p>Die Bearbeitungswerkstatt ist mit einem kundenspezifischen Schr\u00e4gschienen-Drehzentrum, einem Bearbeitungszentrum, einer Hochgeschwindigkeits-Honmaschine, einem Schwei\u00dfroboter und anderen zugeh\u00f6rigen Ger\u00e4ten ausgestattet, die die Bearbeitung von Zylinderrohren mit einem maximalen Innendurchmesser von 400 mm und einer maximalen L\u00e4nge von 6 Metern erm\u00f6glichen.<\/p>\n<p><img loading=\"lazy\" decoding=\"async\" class=\"alignnone wp-image-628 size-large\" src=\"https:\/\/hydraulic-cylinders.net\/wp-content\/uploads\/2023\/08\/hydraulic-cylinder-product-3-1024x391.webp\" alt=\"\" width=\"1024\" height=\"391\" srcset=\"https:\/\/hydraulic-cylinders.net\/wp-content\/uploads\/2023\/08\/hydraulic-cylinder-product-3-980x374.webp 980w, https:\/\/hydraulic-cylinders.net\/wp-content\/uploads\/2023\/08\/hydraulic-cylinder-product-3-480x183.webp 480w\" sizes=\"(min-width: 0px) and (max-width: 480px) 480px, (min-width: 481px) and (max-width: 980px) 980px, (min-width: 981px) 1024px, 100vw\" \/><\/p>\n<h3>(3) Schwei\u00dfen<\/h3>\n<p><img loading=\"lazy\" decoding=\"async\" class=\"alignnone wp-image-629 size-large\" src=\"https:\/\/hydraulic-cylinders.net\/wp-content\/uploads\/2023\/08\/hydraulic-cylinder-product-4-1024x510.webp\" alt=\"\" width=\"1024\" height=\"510\" srcset=\"https:\/\/hydraulic-cylinders.net\/wp-content\/uploads\/2023\/08\/hydraulic-cylinder-product-4-980x488.webp 980w, https:\/\/hydraulic-cylinders.net\/wp-content\/uploads\/2023\/08\/hydraulic-cylinder-product-4-480x239.webp 480w\" sizes=\"(min-width: 0px) and (max-width: 480px) 480px, (min-width: 481px) and (max-width: 980px) 980px, (min-width: 981px) 1024px, 100vw\" \/><\/p>\n<h3>(4) Malerei und Beschichtung<\/h3>\n<p>Mit kleinen und mittleren Zylinder automatische Lackieranlagen auf Wasserbasis, zu erreichen automatische Roboter Be-und Entladen und automatische Spritzen, die Design-Kapazit\u00e4t von 4000 St\u00fcck pro Schicht;<br \/>\nWir verf\u00fcgen auch \u00fcber eine halbautomatische Lackieranlage f\u00fcr gro\u00dfe Zylinder, die von einer Energiekette angetrieben wird und eine Kapazit\u00e4t von 60 Kisten pro Schicht hat.<\/p>\n<p><img loading=\"lazy\" decoding=\"async\" class=\"alignnone wp-image-630\" src=\"https:\/\/hydraulic-cylinders.net\/wp-content\/uploads\/2023\/08\/hydraulic-cylinder-product-5-300x213.webp\" alt=\"\" width=\"408\" height=\"290\" \/> <img loading=\"lazy\" decoding=\"async\" class=\"alignnone wp-image-631\" src=\"https:\/\/hydraulic-cylinders.net\/wp-content\/uploads\/2023\/08\/hydraulic-cylinder-product-6-300x225.webp\" alt=\"\" width=\"387\" height=\"290\" \/><\/p>\n<h3>(5) Pr\u00fcfung<\/h3>\n<p>Wir verf\u00fcgen \u00fcber erstklassige Pr\u00fcfeinrichtungen und Pr\u00fcfst\u00e4nde, um sicherzustellen, dass die Leistung des Zylinders den Anforderungen entspricht.<\/p>\n<p><img loading=\"lazy\" decoding=\"async\" class=\"alignnone wp-image-632\" src=\"https:\/\/hydraulic-cylinders.net\/wp-content\/uploads\/2023\/08\/hydraulic-cylinder-product-8-300x200.webp\" alt=\"\" width=\"389\" height=\"260\" \/><\/p>\n<p>&nbsp;<\/p>\n<p>&nbsp;<\/p>\n<p>Wir sind einer der besten Hersteller von Niederdruck-Hydraulikzylindern. Wir k\u00f6nnen eine breite Niederdruck-Hydraulikzylinder Lager anbieten. Wir bieten auch entsprechende <a href=\"https:\/\/hzpt.com\/agricultural-pto-gearbox\/\" target=\"_blank\" rel=\"noopener\">landwirtschaftliche Getriebe<\/a>. Wir haben unsere Produkte an Kunden in der ganzen Welt exportiert und uns aufgrund unserer hervorragenden Produktqualit\u00e4t und unseres Kundendienstes einen guten Ruf erworben. Wir hei\u00dfen Kunden im In- und Ausland herzlich willkommen, uns zu kontaktieren, um Gesch\u00e4fte zu verhandeln, Informationen auszutauschen und\u00a0<a href=\"https:\/\/www.hydraulic-cylinders.net\/de\/contact-us\/\">mit uns zusammenarbeiten<\/a>!<\/p>\n<p>&nbsp;<\/p>\n<h2><\/h2>","protected":false},"excerpt":{"rendered":"<p>Machine Tool Low-Pressure Hydraulic Cylinder Low-pressure hydraulic cylinder is the company&#8217;s advantage in products, manufacturing experience, mature technology, cost-effectiveness, and can replace the hydraulic cylinder. Combined with the market demand, sort out the machine tool industry low-pressure hydraulic cylinder parameters, such as band saw machine hydraulic cylinder. Customers can order according to the following parameters, [&hellip;]<\/p>","protected":false},"featured_media":792,"comment_status":"open","ping_status":"closed","template":"","meta":{"_et_pb_use_builder":"","_et_pb_old_content":"","_et_gb_content_width":""},"product_brand":[],"product_cat":[1550,1525,1509,1376,1388],"product_tag":[],"class_list":{"0":"post-782","1":"product","2":"type-product","3":"status-publish","4":"has-post-thumbnail","6":"product_cat-double-acting-hydraulic-cylinder","7":"product_cat-machine-tool-hydraulic-cylinders","8":"product_cat-tie-rod-hydraulic-cylinder","9":"product_cat-hydraulic-cylinder","10":"product_cat-low-pressure-hydraulic-cylinder","12":"first","13":"instock","14":"shipping-taxable","15":"product-type-simple"},"amp_enabled":true,"_links":{"self":[{"href":"https:\/\/www.hydraulic-cylinders.net\/de\/wp-json\/wp\/v2\/product\/782","targetHints":{"allow":["GET"]}}],"collection":[{"href":"https:\/\/www.hydraulic-cylinders.net\/de\/wp-json\/wp\/v2\/product"}],"about":[{"href":"https:\/\/www.hydraulic-cylinders.net\/de\/wp-json\/wp\/v2\/types\/product"}],"replies":[{"embeddable":true,"href":"https:\/\/www.hydraulic-cylinders.net\/de\/wp-json\/wp\/v2\/comments?post=782"}],"wp:featuredmedia":[{"embeddable":true,"href":"https:\/\/www.hydraulic-cylinders.net\/de\/wp-json\/wp\/v2\/media\/792"}],"wp:attachment":[{"href":"https:\/\/www.hydraulic-cylinders.net\/de\/wp-json\/wp\/v2\/media?parent=782"}],"wp:term":[{"taxonomy":"product_brand","embeddable":true,"href":"https:\/\/www.hydraulic-cylinders.net\/de\/wp-json\/wp\/v2\/product_brand?post=782"},{"taxonomy":"product_cat","embeddable":true,"href":"https:\/\/www.hydraulic-cylinders.net\/de\/wp-json\/wp\/v2\/product_cat?post=782"},{"taxonomy":"product_tag","embeddable":true,"href":"https:\/\/www.hydraulic-cylinders.net\/de\/wp-json\/wp\/v2\/product_tag?post=782"}],"curies":[{"name":"wp","href":"https:\/\/api.w.org\/{rel}","templated":true}]}}