{"id":1012,"date":"2023-09-07T02:00:53","date_gmt":"2023-09-07T02:00:53","guid":{"rendered":"https:\/\/hydraulic-cylinders.net\/?post_type=product&#038;p=1012"},"modified":"2023-09-19T01:36:49","modified_gmt":"2023-09-19T01:36:49","slug":"rear-cover-trunnion-four-rod-hydraulic-cylinder","status":"publish","type":"product","link":"https:\/\/www.hydraulic-cylinders.net\/es\/producto\/rear-cover-trunnion-four-rod-hydraulic-cylinder\/","title":{"rendered":"Tapa trasera Mu\u00f1\u00f3n Cilindro hidr\u00e1ulico de cuatro bielas"},"content":{"rendered":"<h1 style=\"text-align: center;\"><strong>Tapa trasera Mu\u00f1\u00f3n Cilindro hidr\u00e1ulico de cuatro bielas<\/strong><\/h1>\n<p><img loading=\"lazy\" decoding=\"async\" class=\"size-full wp-image-1013 aligncenter\" src=\"https:\/\/hydraulic-cylinders.net\/wp-content\/uploads\/2023\/09\/rear-cover-trunnion-four-rod-hydraulic-cylinder-1-1.webp\" alt=\"\" width=\"231\" height=\"231\" srcset=\"https:\/\/www.hydraulic-cylinders.net\/wp-content\/uploads\/2023\/09\/rear-cover-trunnion-four-rod-hydraulic-cylinder-1-1.webp 231w, https:\/\/www.hydraulic-cylinders.net\/wp-content\/uploads\/2023\/09\/rear-cover-trunnion-four-rod-hydraulic-cylinder-1-1-100x100.webp 100w, https:\/\/www.hydraulic-cylinders.net\/wp-content\/uploads\/2023\/09\/rear-cover-trunnion-four-rod-hydraulic-cylinder-1-1-150x150.webp 150w, https:\/\/www.hydraulic-cylinders.net\/wp-content\/uploads\/2023\/09\/rear-cover-trunnion-four-rod-hydraulic-cylinder-1-1-12x12.webp 12w\" sizes=\"(max-width: 231px) 100vw, 231px\" \/><\/p>\n<p>El cilindro hidr\u00e1ulico de cuatro v\u00e1stagos con mu\u00f1\u00f3n en la tapa trasera es un componente de vanguardia dise\u00f1ado para brindar una potencia excepcional, un control preciso y un rendimiento inigualable en diversas aplicaciones industriales. Gracias a su innovador dise\u00f1o de mu\u00f1\u00f3n en la tapa trasera y su configuraci\u00f3n de cuatro v\u00e1stagos, este cilindro hidr\u00e1ulico ofrece mayor estabilidad, durabilidad y capacidad de carga, convirti\u00e9ndose en un elemento indispensable para sistemas hidr\u00e1ulicos exigentes.<\/p>\n<p>Caracter\u00edsticas esenciales del cilindro hidr\u00e1ulico de cuatro v\u00e1stagos:<\/p>\n<p><strong>Dise\u00f1o del soporte de la cubierta trasera:<\/strong><\/p>\n<ol>\n<li style=\"list-style-type: none;\">\n<ul>\n<li>El dise\u00f1o del mu\u00f1\u00f3n de la cubierta trasera proporciona una soluci\u00f3n de instalaci\u00f3n segura y eficiente que garantiza un funcionamiento fiable incluso bajo cargas pesadas y condiciones extremas.<\/li>\n<li>Simplifica la instalaci\u00f3n y puede integrarse f\u00e1cilmente en diversos sistemas o equipos hidr\u00e1ulicos.<\/li>\n<\/ul>\n<\/li>\n<\/ol>\n<p><strong>Configuraci\u00f3n de cuatro varillas:<\/strong><\/p>\n<ol>\n<li style=\"list-style-type: none;\">\n<ul>\n<li>La configuraci\u00f3n de cuatro v\u00e1stagos mejora la capacidad de carga del cilindro hidr\u00e1ulico de cuatro v\u00e1stagos y garantiza una estabilidad \u00f3ptima y un posicionamiento preciso.<\/li>\n<li>Permite que el cilindro hidr\u00e1ulico de cuatro v\u00e1stagos soporte eficazmente las cargas laterales, proporcionando una resistencia excepcional a la torsi\u00f3n y a las fuerzas laterales.<\/li>\n<\/ul>\n<\/li>\n<\/ol>\n<p><strong>Alta potencia de salida:<\/strong><\/p>\n<ol>\n<li style=\"list-style-type: none;\">\n<ul>\n<li>Este cilindro hidr\u00e1ulico de cuatro v\u00e1stagos tiene una impresionante potencia, lo que le permite manejar cargas pesadas con facilidad.<\/li>\n<li>Proporciona una potencia y un empuje superiores, lo que lo hace adecuado para aplicaciones que requieren mucha fuerza y \u200b\u200bcapacidad de elevaci\u00f3n.<\/li>\n<\/ul>\n<\/li>\n<\/ol>\n<p><strong>Control preciso:<\/strong><\/p>\n<ul>\n<li style=\"list-style-type: none;\">\n<ul>\n<li>El cilindro hidr\u00e1ulico de cuatro v\u00e1stagos del mu\u00f1\u00f3n de la cubierta trasera proporciona un control preciso del movimiento lineal para garantizar un posicionamiento exacto y un funcionamiento suave.<\/li>\n<li>Proporciona un excelente control de la carrera, lo que permite a los operadores lograr la velocidad y la precisi\u00f3n necesarias para tareas espec\u00edficas.<\/li>\n<\/ul>\n<\/li>\n<\/ul>\n<h2><strong>Par\u00e1metro del cilindro hidr\u00e1ulico de cuatro v\u00e1stagos del mu\u00f1\u00f3n de la cubierta trasera:<\/strong><\/h2>\n<p><img loading=\"lazy\" decoding=\"async\" class=\"alignnone wp-image-1010 size-full\" src=\"https:\/\/hydraulic-cylinders.net\/wp-content\/uploads\/2023\/09\/rear-cover-rectangular-flange-four-rod-hydraulic-cylinder-2.webp\" alt=\"\" width=\"655\" height=\"197\" srcset=\"https:\/\/hydraulic-cylinders.net\/wp-content\/uploads\/2023\/09\/rear-cover-rectangular-flange-four-rod-hydraulic-cylinder-2.webp 655w, https:\/\/hydraulic-cylinders.net\/wp-content\/uploads\/2023\/09\/rear-cover-rectangular-flange-four-rod-hydraulic-cylinder-2-480x144.webp 480w\" sizes=\"(min-width: 0px) and (max-width: 480px) 480px, (min-width: 481px) 655px, 100vw\" \/><\/p>\n<p><img loading=\"lazy\" decoding=\"async\" class=\"alignnone wp-image-1033 size-full\" src=\"https:\/\/hydraulic-cylinders.net\/wp-content\/uploads\/2023\/09\/d-db-dd-four-rod-hydraulic-cylinder.webp\" alt=\"\" width=\"655\" height=\"249\" srcset=\"https:\/\/hydraulic-cylinders.net\/wp-content\/uploads\/2023\/09\/d-db-dd-four-rod-hydraulic-cylinder.webp 655w, https:\/\/hydraulic-cylinders.net\/wp-content\/uploads\/2023\/09\/d-db-dd-four-rod-hydraulic-cylinder-480x182.webp 480w\" sizes=\"(min-width: 0px) and (max-width: 480px) 480px, (min-width: 481px) 655px, 100vw\" \/><\/p>\n<h2><strong>Tapa trasera Mu\u00f1\u00f3n Cilindro hidr\u00e1ulico de cuatro bielas <\/strong><strong>M\u00e9todo de uso<\/strong><strong>:<\/strong><\/h2>\n<p><strong>Montaje e instalaci\u00f3n:<\/strong><\/p>\n<ol>\n<li style=\"list-style-type: none;\">\n<ul>\n<li>Considere los requisitos de carga y las limitaciones de espacio para determinar la ubicaci\u00f3n de instalaci\u00f3n adecuada del cilindro hidr\u00e1ulico dentro del sistema o equipo.<\/li>\n<li>Aseg\u00farese de que la superficie de montaje est\u00e9 limpia, nivelada y sea capaz de soportar el peso del cilindro.<\/li>\n<li>Coloque los mu\u00f1ones de la cubierta trasera al ras con la superficie de montaje y f\u00edjelos utilizando los pernos o sujetadores recomendados.<\/li>\n<\/ul>\n<\/li>\n<\/ol>\n<p><strong>Conexiones hidr\u00e1ulicas:<\/strong><\/p>\n<ol>\n<li style=\"list-style-type: none;\">\n<ul>\n<li>Conecte la l\u00ednea de suministro del cilindro hidr\u00e1ulico de cuatro v\u00e1stagos al puerto del cilindro para asegurar un sellado adecuado y evitar fugas.<\/li>\n<li>Siga las recomendaciones del fabricante para el tipo de aceite hidr\u00e1ulico y llene el sistema hasta el nivel recomendado.<\/li>\n<\/ul>\n<\/li>\n<\/ol>\n<p><strong>Operaci\u00f3n:<\/strong><\/p>\n<ul>\n<li style=\"list-style-type: none;\">\n<ul>\n<li>Active el sistema hidr\u00e1ulico y controle el movimiento del cilindro mediante una v\u00e1lvula de control hidr\u00e1ulico u otro mecanismo de control adecuado.<\/li>\n<li>Ajuste los ajustes de flujo y presi\u00f3n para lograr la velocidad y fuerza de salida deseadas.<\/li>\n<li>Controle peri\u00f3dicamente el funcionamiento del cilindro para detectar cualquier signo de comportamiento anormal, como fugas, sobrecalentamiento o ruidos inusuales.<\/li>\n<\/ul>\n<\/li>\n<\/ul>\n<h2><strong>Mantenimiento del cilindro hidr\u00e1ulico de cuatro v\u00e1stagos del mu\u00f1\u00f3n de la cubierta trasera<\/strong><strong>:<\/strong><\/h2>\n<ol>\n<li><strong>Inspecci\u00f3n regular:<\/strong>\n<ul>\n<li>Realizar inspecciones visuales rutinarias para comprobar si hay signos de desgaste, fugas o da\u00f1os.<\/li>\n<li>Inspeccione la superficie de la varilla, los sellos y las conexiones de montaje para detectar cualquier anomal\u00eda y solucione cualquier problema de inmediato.<\/li>\n<\/ul>\n<\/li>\n<li><strong>Lubricaci\u00f3n:<\/strong>\n<ul>\n<li>Siga las instrucciones del fabricante sobre los intervalos de lubricaci\u00f3n y utilice un lubricante recomendado para garantizar un funcionamiento \u00f3ptimo.<\/li>\n<li>Aplique lubricante al v\u00e1stago, los sellos y otras piezas m\u00f3viles para minimizar la fricci\u00f3n y prolongar la vida \u00fatil del cilindro.<\/li>\n<\/ul>\n<\/li>\n<li><strong>Reemplazo del sello:<\/strong>\n<ul>\n<li>Con el tiempo, las juntas pueden desgastarse y requerir reemplazo. Si se detecta alguna fuga, retire con cuidado las juntas viejas e instale unas nuevas siguiendo las especificaciones del fabricante.<\/li>\n<\/ul>\n<\/li>\n<\/ol>\n<h2><strong>\u00bfC\u00f3mo se reconstruye un cilindro hidr\u00e1ulico?<\/strong><\/h2>\n<p>La reconstrucci\u00f3n de un cilindro hidr\u00e1ulico implica desmontarlo, inspeccionar sus componentes, reemplazar las piezas desgastadas o da\u00f1adas y volver a montarlo para restaurar su funcionamiento. A continuaci\u00f3n, se presenta una gu\u00eda general paso a paso sobre c\u00f3mo reconstruir un cilindro hidr\u00e1ulico:<\/p>\n<ol>\n<li><strong>Re\u00fana las herramientas y el equipo necesarios:<\/strong>\n<ul>\n<li>Antes de comenzar el proceso de reconstrucci\u00f3n, re\u00fana las herramientas necesarias, como llaves, alicates, un mazo de goma, una herramienta para rectificar cilindros, juntas y juntas t\u00f3ricas nuevas, una herramienta para la instalaci\u00f3n de juntas y un kit de reparaci\u00f3n de cilindros hidr\u00e1ulicos.<\/li>\n<\/ul>\n<\/li>\n<li><strong>Precauciones de seguridad:<\/strong>\n<ul>\n<li>Aseg\u00farese de que el sistema hidr\u00e1ulico est\u00e9 despresurizado y el cilindro desconectado de cualquier fuente de alimentaci\u00f3n.<\/li>\n<li>Utilice el equipo de protecci\u00f3n personal (EPP) adecuado, como guantes y gafas de seguridad, para protegerse durante la reconstrucci\u00f3n.<\/li>\n<\/ul>\n<\/li>\n<li><strong>Desmontaje del cilindro:<\/strong>\n<ul>\n<li>Retire el cilindro hidr\u00e1ulico del equipo o sistema.<\/li>\n<li>Desmonte cuidadosamente el cilindro, comenzando por retirar las tapas de los extremos o los anillos de retenci\u00f3n.<\/li>\n<li>Libere la presi\u00f3n dentro del cilindro retrayendo completamente la varilla.<\/li>\n<li>Tome nota de la secuencia de los componentes retirados para un reensamblaje preciso.<\/li>\n<\/ul>\n<\/li>\n<li><strong>Inspecci\u00f3n de componentes:<\/strong>\n<ul>\n<li>Inspeccione todos los componentes del cilindro, incluyendo la biela, el pist\u00f3n, los sellos y los cojinetes, en busca de signos de desgaste, da\u00f1os o corrosi\u00f3n.<\/li>\n<li>Mida las dimensiones de los componentes cr\u00edticos, como el di\u00e1metro de la varilla y del orificio, para asegurarse de que cumplen con las especificaciones.<\/li>\n<li>Preste mucha atenci\u00f3n al estado de las juntas y los anillos t\u00f3ricos, ya que son fuentes comunes de problemas en los cilindros hidr\u00e1ulicos.<\/li>\n<\/ul>\n<\/li>\n<li><strong>Sustituci\u00f3n de piezas desgastadas o da\u00f1adas:<\/strong>\n<ul>\n<li>Reemplace cualquier sello, junta t\u00f3rica u otro componente da\u00f1ado que se identifique durante la inspecci\u00f3n.<\/li>\n<li>Aseg\u00farese de que las piezas de repuesto sean compatibles con el modelo de cilindro y cumplan con las especificaciones requeridas.<\/li>\n<li>Lubrique las juntas o juntas t\u00f3ricas nuevas con aceite hidr\u00e1ulico antes de la instalaci\u00f3n.<\/li>\n<\/ul>\n<\/li>\n<li><strong>Reensamblaje del cilindro:<\/strong>\n<ul>\n<li>Limpie a fondo todos los componentes desmontados para eliminar cualquier suciedad o residuo.<\/li>\n<li>Aplique una fina pel\u00edcula de aceite hidr\u00e1ulico a los componentes durante el reensamblaje para proporcionar lubricaci\u00f3n.<\/li>\n<li>Siga las instrucciones del fabricante o el manual de reparaci\u00f3n para garantizar el correcto reensamblaje de los sujetadores y el cumplimiento de las especificaciones de torque.<\/li>\n<\/ul>\n<\/li>\n<li><strong>Prueba e instalaci\u00f3n:<\/strong>\n<ul>\n<li>Una vez que el cilindro est\u00e9 ensamblado nuevamente, pruebe su funcionamiento aplicando presi\u00f3n hidr\u00e1ulica.<\/li>\n<li>Durante las pruebas, compruebe que no haya fugas, ruidos anormales o movimientos err\u00e1ticos.<\/li>\n<li>Si el cilindro funciona correctamente y sin problemas, se puede reinstalar en el equipo o sistema.<\/li>\n<\/ul>\n<\/li>\n<\/ol>\n<h2><strong>Capacidad de la f\u00e1brica:<\/strong><\/h2>\n<h3>(1) Montaje<\/h3>\n<p>Contamos con una plataforma de ensamblaje independiente de primera clase para investigaci\u00f3n y desarrollo. El taller de producci\u00f3n de cilindros hidr\u00e1ulicos cuenta con cuatro l\u00edneas de ensamblaje de cilindros de elevaci\u00f3n semiautom\u00e1ticos y una l\u00ednea de ensamblaje de cilindros de inclinaci\u00f3n autom\u00e1ticos, con una capacidad de producci\u00f3n anual dise\u00f1ada de 1 mill\u00f3n de piezas. El taller de cilindros especiales est\u00e1 equipado con un sistema de ensamblaje de limpieza semiautom\u00e1tico de diversas especificaciones, con una capacidad de producci\u00f3n anual dise\u00f1ada de 200,000 unidades, y est\u00e1 equipado con reconocidos equipos de mecanizado CNC, un centro de mecanizado, equipos especiales de procesamiento de cilindros de alta precisi\u00f3n, una m\u00e1quina de soldadura robotizada, una m\u00e1quina de limpieza autom\u00e1tica, una m\u00e1quina de ensamblaje de cilindros autom\u00e1ticos y una l\u00ednea de producci\u00f3n de pintura autom\u00e1tica. Contamos con m\u00e1s de 300 equipos cr\u00edticos. La asignaci\u00f3n \u00f3ptima y el uso eficiente de los recursos de equipo garantizan la precisi\u00f3n y la alta calidad de los productos.<\/p>\n<p><img loading=\"lazy\" decoding=\"async\" class=\"alignnone wp-image-626\" src=\"https:\/\/hydraulic-cylinders.net\/wp-content\/uploads\/2023\/08\/hydraulic-cylinder-product-1-300x158.webp\" alt=\"\" width=\"495\" height=\"260\" srcset=\"https:\/\/hydraulic-cylinders.net\/wp-content\/uploads\/2023\/08\/hydraulic-cylinder-product-1-300x158.webp 495w, https:\/\/hydraulic-cylinders.net\/wp-content\/uploads\/2023\/08\/hydraulic-cylinder-product-1-480x252.webp 480w\" sizes=\"(min-width: 0px) and (max-width: 480px) 480px, (min-width: 481px) 495px, 100vw\" \/> <img loading=\"lazy\" decoding=\"async\" class=\"alignnone wp-image-627\" src=\"https:\/\/hydraulic-cylinders.net\/wp-content\/uploads\/2023\/08\/hydraulic-cylinder-product-2-300x189.webp\" alt=\"\" width=\"413\" height=\"260\" \/><\/p>\n<h3>(2) Mecanizado<\/h3>\n<p>El taller de mecanizado est\u00e1 equipado con un centro de torneado de carril inclinado personalizado, un centro de mecanizado, una m\u00e1quina de bru\u00f1ido de alta velocidad, un robot de soldadura y otros equipos relacionados, que pueden procesar tubos cil\u00edndricos con un di\u00e1metro interior m\u00e1ximo de 400 mm y una longitud m\u00e1xima de 6 metros.<\/p>\n<p><img loading=\"lazy\" decoding=\"async\" class=\"alignnone wp-image-628 size-large\" src=\"https:\/\/hydraulic-cylinders.net\/wp-content\/uploads\/2023\/08\/hydraulic-cylinder-product-3-1024x391.webp\" alt=\"\" width=\"1024\" height=\"391\" srcset=\"https:\/\/hydraulic-cylinders.net\/wp-content\/uploads\/2023\/08\/hydraulic-cylinder-product-3-980x374.webp 980w, https:\/\/hydraulic-cylinders.net\/wp-content\/uploads\/2023\/08\/hydraulic-cylinder-product-3-480x183.webp 480w\" sizes=\"(min-width: 0px) and (max-width: 480px) 480px, (min-width: 481px) and (max-width: 980px) 980px, (min-width: 981px) 1024px, 100vw\" \/><\/p>\n<h3>(3) Soldadura<\/h3>\n<p><img loading=\"lazy\" decoding=\"async\" class=\"alignnone wp-image-629 size-large\" src=\"https:\/\/hydraulic-cylinders.net\/wp-content\/uploads\/2023\/08\/hydraulic-cylinder-product-4-1024x510.webp\" alt=\"\" width=\"1024\" height=\"510\" srcset=\"https:\/\/hydraulic-cylinders.net\/wp-content\/uploads\/2023\/08\/hydraulic-cylinder-product-4-980x488.webp 980w, https:\/\/hydraulic-cylinders.net\/wp-content\/uploads\/2023\/08\/hydraulic-cylinder-product-4-480x239.webp 480w\" sizes=\"(min-width: 0px) and (max-width: 480px) 480px, (min-width: 481px) and (max-width: 980px) 980px, (min-width: 981px) 1024px, 100vw\" \/><\/p>\n<h3>(4) Pintura y revestimiento<\/h3>\n<p>Con peque\u00f1as y medianas l\u00edneas de cilindros autom\u00e1ticos de recubrimiento de pintura a base de agua, para lograr la carga y descarga autom\u00e1tica de robots y pulverizaci\u00f3n autom\u00e1tica, la capacidad de dise\u00f1o de 4000 piezas por turno;<br \/>\nTambi\u00e9n disponemos de una l\u00ednea semiautom\u00e1tica de producci\u00f3n de pintura para grandes cilindros accionada por cadena, con una capacidad de dise\u00f1o de 60 cajas por turno.<\/p>\n<p><img loading=\"lazy\" decoding=\"async\" class=\"alignnone wp-image-630\" src=\"https:\/\/hydraulic-cylinders.net\/wp-content\/uploads\/2023\/08\/hydraulic-cylinder-product-5-300x213.webp\" alt=\"\" width=\"366\" height=\"260\" \/> <img loading=\"lazy\" decoding=\"async\" class=\"alignnone wp-image-631\" src=\"https:\/\/hydraulic-cylinders.net\/wp-content\/uploads\/2023\/08\/hydraulic-cylinder-product-6-300x225.webp\" alt=\"\" width=\"347\" height=\"260\" \/><\/p>\n<h3>(5) Pruebas<\/h3>\n<p>Disponemos de instalaciones de inspecci\u00f3n y bancos de pruebas de primera clase para garantizar que el rendimiento del cilindro cumple los requisitos.<\/p>\n<p><img loading=\"lazy\" decoding=\"async\" class=\"alignnone wp-image-632\" src=\"https:\/\/hydraulic-cylinders.net\/wp-content\/uploads\/2023\/08\/hydraulic-cylinder-product-8-300x200.webp\" alt=\"\" width=\"389\" height=\"260\" \/><\/p>\n<p>&nbsp;<\/p>\n<p>&nbsp;<\/p>\n<p>Somos uno de los mejores fabricantes de cilindros hidr\u00e1ulicos ligeros de cuatro v\u00e1stagos. Ofrecemos un completo inventario de cilindros hidr\u00e1ulicos ligeros de cuatro v\u00e1stagos. Tambi\u00e9n proporcionamos... <a href=\"https:\/\/hzpt.com\/agricultural-pto-gearbox\/\" target=\"_blank\" rel=\"noopener\">cajas de cambios agr\u00edcolas<\/a>. Hemos exportado nuestros productos a clientes de todo el mundo y nos hemos ganado una buena reputaci\u00f3n gracias a la calidad superior de nuestros productos y a nuestro servicio posventa. Invitamos cordialmente a los clientes nacionales y extranjeros a ponerse en contacto con nosotros para negociar negocios, intercambiar informaci\u00f3n y...\u00a0<a href=\"https:\/\/www.hydraulic-cylinders.net\/es\/contact-us\/\">colabore con nosotros<\/a>!<\/p>\n<h2><\/h2>\n<h2><\/h2>\n<h2><\/h2>","protected":false},"excerpt":{"rendered":"<p>Rear Cover Trunnion Four Rod Hydraulic Cylinder The rear cover trunnion four rod hydraulic cylinder is a cutting-edge component designed to provide exceptional power, precise control, and unmatched performance in various industrial applications. With its innovative rear cover trunnion design and four rod configuration, this four rod hydraulic cylinder offers enhanced stability, durability, and load-bearing [&hellip;]<\/p>","protected":false},"featured_media":1039,"comment_status":"open","ping_status":"closed","template":"","meta":{"_et_pb_use_builder":"","_et_pb_old_content":"","_et_gb_content_width":""},"product_brand":[],"product_cat":[1376,1386],"product_tag":[1380],"class_list":{"0":"post-1012","1":"product","2":"type-product","3":"status-publish","4":"has-post-thumbnail","6":"product_cat-hydraulic-cylinder","7":"product_cat-four-rod-hydraulic-cylinder","8":"product_tag-hydraulic-cylinder","10":"first","11":"instock","12":"shipping-taxable","13":"product-type-simple"},"amp_enabled":true,"_links":{"self":[{"href":"https:\/\/www.hydraulic-cylinders.net\/es\/wp-json\/wp\/v2\/product\/1012","targetHints":{"allow":["GET"]}}],"collection":[{"href":"https:\/\/www.hydraulic-cylinders.net\/es\/wp-json\/wp\/v2\/product"}],"about":[{"href":"https:\/\/www.hydraulic-cylinders.net\/es\/wp-json\/wp\/v2\/types\/product"}],"replies":[{"embeddable":true,"href":"https:\/\/www.hydraulic-cylinders.net\/es\/wp-json\/wp\/v2\/comments?post=1012"}],"wp:featuredmedia":[{"embeddable":true,"href":"https:\/\/www.hydraulic-cylinders.net\/es\/wp-json\/wp\/v2\/media\/1039"}],"wp:attachment":[{"href":"https:\/\/www.hydraulic-cylinders.net\/es\/wp-json\/wp\/v2\/media?parent=1012"}],"wp:term":[{"taxonomy":"product_brand","embeddable":true,"href":"https:\/\/www.hydraulic-cylinders.net\/es\/wp-json\/wp\/v2\/product_brand?post=1012"},{"taxonomy":"product_cat","embeddable":true,"href":"https:\/\/www.hydraulic-cylinders.net\/es\/wp-json\/wp\/v2\/product_cat?post=1012"},{"taxonomy":"product_tag","embeddable":true,"href":"https:\/\/www.hydraulic-cylinders.net\/es\/wp-json\/wp\/v2\/product_tag?post=1012"}],"curies":[{"name":"wp","href":"https:\/\/api.w.org\/{rel}","templated":true}]}}