{"id":1019,"date":"2023-09-07T03:16:54","date_gmt":"2023-09-07T03:16:54","guid":{"rendered":"https:\/\/hydraulic-cylinders.net\/?post_type=product&#038;p=1019"},"modified":"2023-09-19T01:36:32","modified_gmt":"2023-09-19T01:36:32","slug":"double-pistion-rod-hydraulic-cylinder","status":"publish","type":"product","link":"https:\/\/www.hydraulic-cylinders.net\/es\/producto\/double-pistion-rod-hydraulic-cylinder\/","title":{"rendered":"Cilindro hidr\u00e1ulico de doble v\u00e1stago"},"content":{"rendered":"<h1 style=\"text-align: center;\"><strong>Cilindro hidr\u00e1ulico de doble v\u00e1stago<\/strong><\/h1>\n<p><img loading=\"lazy\" decoding=\"async\" class=\"size-full wp-image-1022 aligncenter\" src=\"https:\/\/hydraulic-cylinders.net\/wp-content\/uploads\/2023\/09\/double-piston-rod-hydraulic-cylinder-1-1.webp\" alt=\"\" width=\"281\" height=\"281\" srcset=\"https:\/\/www.hydraulic-cylinders.net\/wp-content\/uploads\/2023\/09\/double-piston-rod-hydraulic-cylinder-1-1.webp 281w, https:\/\/www.hydraulic-cylinders.net\/wp-content\/uploads\/2023\/09\/double-piston-rod-hydraulic-cylinder-1-1-100x100.webp 100w, https:\/\/www.hydraulic-cylinders.net\/wp-content\/uploads\/2023\/09\/double-piston-rod-hydraulic-cylinder-1-1-150x150.webp 150w, https:\/\/www.hydraulic-cylinders.net\/wp-content\/uploads\/2023\/09\/double-piston-rod-hydraulic-cylinder-1-1-12x12.webp 12w\" sizes=\"(max-width: 281px) 100vw, 281px\" \/><\/p>\n<p>El cilindro hidr\u00e1ulico de doble v\u00e1stago es un elemento hidr\u00e1ulico de vanguardia dise\u00f1ado para proporcionar potencia, estabilidad y versatilidad superiores para una amplia gama de aplicaciones industriales. Gracias a su exclusiva configuraci\u00f3n de doble v\u00e1stago, este cilindro hidr\u00e1ulico ofrece mayor capacidad de carga, control preciso y rendimiento fiable, lo que lo convierte en un elemento indispensable en sistemas hidr\u00e1ulicos exigentes.<\/p>\n<p>Caracter\u00edsticas esenciales del cilindro hidr\u00e1ulico de cuatro v\u00e1stagos:<\/p>\n<p><strong>Configuraci\u00f3n de v\u00e1stago de pist\u00f3n doble:<\/strong><\/p>\n<ol>\n<li style=\"list-style-type: none;\">\n<ul>\n<li>La configuraci\u00f3n de v\u00e1stago de pist\u00f3n doble hace que el cilindro hidr\u00e1ulico sea diferente del dise\u00f1o tradicional, con mayor estabilidad, capacidad de carga y resistencia a la carga lateral.<\/li>\n<li>Proporciona una distribuci\u00f3n sim\u00e9trica de fuerzas, garantizando un movimiento equilibrado y preciso durante el funcionamiento.<\/li>\n<\/ul>\n<\/li>\n<\/ol>\n<p><strong>Alta potencia de salida:<\/strong><\/p>\n<ol>\n<li style=\"list-style-type: none;\">\n<ul>\n<li>Este cilindro hidr\u00e1ulico tiene una potencia de salida impresionante, lo que lo hace adecuado para aplicaciones que requieren mucha potencia y capacidad de elevaci\u00f3n.<\/li>\n<li>Proporciona un empuje especial que le permite manejar f\u00e1cilmente cargas pesadas.<\/li>\n<\/ul>\n<\/li>\n<\/ol>\n<p><strong>Control y posicionamiento precisos:<\/strong><\/p>\n<ol>\n<li style=\"list-style-type: none;\">\n<ul>\n<li>Los cilindros hidr\u00e1ulicos de v\u00e1stago de pist\u00f3n doble proporcionan un control preciso sobre el movimiento lineal, lo que garantiza un posicionamiento preciso y un funcionamiento suave.<\/li>\n<li>Proporciona un excelente control de la carrera, lo que permite a los operadores lograr la velocidad y la precisi\u00f3n necesarias para tareas espec\u00edficas.<\/li>\n<\/ul>\n<\/li>\n<\/ol>\n<p><strong>Aplicaci\u00f3n vers\u00e1til:<\/strong><\/p>\n<ul>\n<li style=\"list-style-type: none;\">\n<ul>\n<li>Su construcci\u00f3n robusta y dise\u00f1o vers\u00e1til hacen que este cilindro hidr\u00e1ulico sea adecuado para diversas industrias y aplicaciones.<\/li>\n<li>Se puede utilizar en maquinaria pesada, equipos de construcci\u00f3n, sistemas de manipulaci\u00f3n de materiales, maquinaria agr\u00edcola, etc.<\/li>\n<\/ul>\n<\/li>\n<\/ul>\n<h2><strong>Par\u00e1metros del cilindro hidr\u00e1ulico de doble v\u00e1stago de pist\u00f3n:<\/strong><\/h2>\n<p><img loading=\"lazy\" decoding=\"async\" class=\"alignnone wp-image-1023 size-full\" src=\"https:\/\/hydraulic-cylinders.net\/wp-content\/uploads\/2023\/09\/double-piston-rod-hydraulic-cylinder-2.webp\" alt=\"\" width=\"654\" height=\"388\" srcset=\"https:\/\/hydraulic-cylinders.net\/wp-content\/uploads\/2023\/09\/double-piston-rod-hydraulic-cylinder-2.webp 654w, https:\/\/hydraulic-cylinders.net\/wp-content\/uploads\/2023\/09\/double-piston-rod-hydraulic-cylinder-2-480x285.webp 480w\" sizes=\"(min-width: 0px) and (max-width: 480px) 480px, (min-width: 481px) 654px, 100vw\" \/><\/p>\n<h2><strong>Cilindro hidr\u00e1ulico de doble v\u00e1stago <\/strong><strong>M\u00e9todo de uso<\/strong><strong>:<\/strong><\/h2>\n<p><strong>Montaje e instalaci\u00f3n:<\/strong><\/p>\n<ol>\n<li style=\"list-style-type: none;\">\n<ul>\n<li>Considere los requisitos de carga y las limitaciones de espacio para determinar la ubicaci\u00f3n de instalaci\u00f3n adecuada del cilindro hidr\u00e1ulico dentro del sistema o equipo.<\/li>\n<li>Aseg\u00farese de que la superficie de montaje est\u00e9 limpia, nivelada y sea capaz de soportar el peso del cilindro.<\/li>\n<li>Asegure los cilindros utilizando pernos o sujetadores recomendados de acuerdo con las pautas del fabricante.<\/li>\n<\/ul>\n<\/li>\n<\/ol>\n<p><strong>Conexiones hidr\u00e1ulicas:<\/strong><\/p>\n<ol>\n<li style=\"list-style-type: none;\">\n<ul>\n<li>Conecte la l\u00ednea de suministro hidr\u00e1ulico al puerto del cilindro, asegur\u00e1ndose de que haya un sellado adecuado para evitar fugas.<\/li>\n<li>Siga las recomendaciones del fabricante para el tipo de aceite hidr\u00e1ulico y llene el sistema hasta el nivel recomendado.<\/li>\n<\/ul>\n<\/li>\n<\/ol>\n<p><strong>Operaci\u00f3n:<\/strong><\/p>\n<ul>\n<li style=\"list-style-type: none;\">\n<ul>\n<li>Active el sistema hidr\u00e1ulico y controle el movimiento del cilindro mediante una v\u00e1lvula de control hidr\u00e1ulico u otro mecanismo de control adecuado.<\/li>\n<li>Ajuste los ajustes de flujo y presi\u00f3n para lograr la velocidad y fuerza de salida deseadas.<\/li>\n<li>Supervise peri\u00f3dicamente el funcionamiento del cilindro para detectar comportamientos anormales, como fugas, sobrecalentamiento o ruidos inusuales.<\/li>\n<\/ul>\n<\/li>\n<\/ul>\n<h2><strong>Cilindro hidr\u00e1ulico de doble v\u00e1stago <\/strong><strong>Mantenimiento<\/strong><strong>:<\/strong><\/h2>\n<p><strong>Inspecci\u00f3n regular:<\/strong><\/p>\n<ol>\n<li style=\"list-style-type: none;\">\n<ul>\n<li>Realice inspecciones visuales de rutina para verificar si hay signos de desgaste, fugas o da\u00f1os.<\/li>\n<li>Verifique el v\u00e1stago del pist\u00f3n, los sellos y las conexiones de montaje para detectar anomal\u00edas y solucione cualquier problema de inmediato.<\/li>\n<\/ul>\n<\/li>\n<\/ol>\n<p><strong>Lubricaci\u00f3n:<\/strong><\/p>\n<ol>\n<li style=\"list-style-type: none;\">\n<ul>\n<li>Siga las pautas de intervalo de lubricaci\u00f3n del fabricante y utilice el lubricante recomendado para garantizar un funcionamiento suave.<\/li>\n<li>Lubrique los v\u00e1stagos de los pistones, los sellos y otras piezas m\u00f3viles para minimizar la fricci\u00f3n y prolongar la vida \u00fatil del cilindro.<\/li>\n<\/ul>\n<\/li>\n<\/ol>\n<p><strong>Reemplazo del sello:<\/strong><\/p>\n<ul>\n<li style=\"list-style-type: none;\">\n<ul>\n<li>Con el tiempo, los sellos pueden desgastarse y ser necesarios. Si se detecta una fuga, retire con cuidado el sello usado e instale el nuevo seg\u00fan las especificaciones del fabricante.<\/li>\n<\/ul>\n<\/li>\n<\/ul>\n<h2><strong>Cilindro hidr\u00e1ulico de cuatro bielas tipo TB <\/strong><strong>Mantenimiento<\/strong><strong>:<\/strong><\/h2>\n<ol>\n<li><strong>Inspecci\u00f3n regular:<\/strong><\/li>\n<\/ol>\n<ul>\n<li>Inspeccione peri\u00f3dicamente el cilindro para detectar fugas, da\u00f1os o desgaste excesivo.<\/li>\n<li>Verifique el estado de los sellos, varillas y componentes de montaje y reemplace cualquier pieza desgastada o da\u00f1ada.<\/li>\n<\/ul>\n<ol start=\"2\">\n<li><strong>Lubricaci\u00f3n:<\/strong><\/li>\n<\/ol>\n<ul>\n<li>Siga las recomendaciones del fabricante sobre los intervalos de lubricaci\u00f3n y utilice aceite hidr\u00e1ulico de alta calidad o grasa adecuada para las especificaciones del cilindro.<\/li>\n<li>Aplique lubricaci\u00f3n a la varilla, los sellos y otras partes m\u00f3viles para minimizar la fricci\u00f3n y garantizar un funcionamiento suave.<\/li>\n<\/ul>\n<ol start=\"3\">\n<li><strong>Limpieza:<\/strong><\/li>\n<\/ol>\n<ul>\n<li>Mantenga el cilindro y su \u00e1rea circundante limpios y libres de residuos, polvo o contaminantes que afecten su rendimiento.<\/li>\n<li>Utilice un agente de limpieza suave y un pa\u00f1o suave para limpiar las superficies externas del cilindro.<\/li>\n<\/ul>\n<h2><strong>Capacidad de la f\u00e1brica:<\/strong><\/h2>\n<h3>(1) Montaje<\/h3>\n<p>Contamos con una plataforma de ensamblaje independiente de primera clase para investigaci\u00f3n y desarrollo. El taller de producci\u00f3n de cilindros hidr\u00e1ulicos cuenta con cuatro l\u00edneas de ensamblaje de cilindros de elevaci\u00f3n semiautom\u00e1ticos y una l\u00ednea de ensamblaje de cilindros de inclinaci\u00f3n autom\u00e1ticos, con una capacidad de producci\u00f3n anual dise\u00f1ada de 1 mill\u00f3n de piezas. El taller de cilindros especiales est\u00e1 equipado con un sistema de ensamblaje de limpieza semiautom\u00e1tico de diversas especificaciones, con una capacidad de producci\u00f3n anual dise\u00f1ada de 200,000 unidades, y est\u00e1 equipado con reconocidos equipos de mecanizado CNC, un centro de mecanizado, equipos especiales de procesamiento de cilindros de alta precisi\u00f3n, una m\u00e1quina de soldadura robotizada, una m\u00e1quina de limpieza autom\u00e1tica, una m\u00e1quina de ensamblaje de cilindros autom\u00e1ticos y una l\u00ednea de producci\u00f3n de pintura autom\u00e1tica. Contamos con m\u00e1s de 300 equipos cr\u00edticos. La asignaci\u00f3n \u00f3ptima y el uso eficiente de los recursos de equipo garantizan la precisi\u00f3n y la alta calidad de los productos.<\/p>\n<p><img loading=\"lazy\" decoding=\"async\" class=\"alignnone wp-image-626\" src=\"https:\/\/hydraulic-cylinders.net\/wp-content\/uploads\/2023\/08\/hydraulic-cylinder-product-1-300x158.webp\" alt=\"\" width=\"495\" height=\"260\" srcset=\"https:\/\/hydraulic-cylinders.net\/wp-content\/uploads\/2023\/08\/hydraulic-cylinder-product-1-300x158.webp 495w, https:\/\/hydraulic-cylinders.net\/wp-content\/uploads\/2023\/08\/hydraulic-cylinder-product-1-480x252.webp 480w\" sizes=\"(min-width: 0px) and (max-width: 480px) 480px, (min-width: 481px) 495px, 100vw\" \/> <img loading=\"lazy\" decoding=\"async\" class=\"alignnone wp-image-627\" src=\"https:\/\/hydraulic-cylinders.net\/wp-content\/uploads\/2023\/08\/hydraulic-cylinder-product-2-300x189.webp\" alt=\"\" width=\"413\" height=\"260\" \/><\/p>\n<h3>(2) Mecanizado<\/h3>\n<p>El taller de mecanizado est\u00e1 equipado con un centro de torneado de carril inclinado personalizado, un centro de mecanizado, una m\u00e1quina de bru\u00f1ido de alta velocidad, un robot de soldadura y otros equipos relacionados, que pueden procesar tubos cil\u00edndricos con un di\u00e1metro interior m\u00e1ximo de 400 mm y una longitud m\u00e1xima de 6 metros.<\/p>\n<p><img loading=\"lazy\" decoding=\"async\" class=\"alignnone wp-image-628 size-large\" src=\"https:\/\/hydraulic-cylinders.net\/wp-content\/uploads\/2023\/08\/hydraulic-cylinder-product-3-1024x391.webp\" alt=\"\" width=\"1024\" height=\"391\" srcset=\"https:\/\/hydraulic-cylinders.net\/wp-content\/uploads\/2023\/08\/hydraulic-cylinder-product-3-980x374.webp 980w, https:\/\/hydraulic-cylinders.net\/wp-content\/uploads\/2023\/08\/hydraulic-cylinder-product-3-480x183.webp 480w\" sizes=\"(min-width: 0px) and (max-width: 480px) 480px, (min-width: 481px) and (max-width: 980px) 980px, (min-width: 981px) 1024px, 100vw\" \/><\/p>\n<h3>(3) Soldadura<\/h3>\n<p><img loading=\"lazy\" decoding=\"async\" class=\"alignnone wp-image-629 size-large\" src=\"https:\/\/hydraulic-cylinders.net\/wp-content\/uploads\/2023\/08\/hydraulic-cylinder-product-4-1024x510.webp\" alt=\"\" width=\"1024\" height=\"510\" srcset=\"https:\/\/hydraulic-cylinders.net\/wp-content\/uploads\/2023\/08\/hydraulic-cylinder-product-4-980x488.webp 980w, https:\/\/hydraulic-cylinders.net\/wp-content\/uploads\/2023\/08\/hydraulic-cylinder-product-4-480x239.webp 480w\" sizes=\"(min-width: 0px) and (max-width: 480px) 480px, (min-width: 481px) and (max-width: 980px) 980px, (min-width: 981px) 1024px, 100vw\" \/><\/p>\n<h3>(4) Pintura y revestimiento<\/h3>\n<p>Con peque\u00f1as y medianas l\u00edneas de cilindros autom\u00e1ticos de recubrimiento de pintura a base de agua, para lograr la carga y descarga autom\u00e1tica de robots y pulverizaci\u00f3n autom\u00e1tica, la capacidad de dise\u00f1o de 4000 piezas por turno;<br \/>\nTambi\u00e9n disponemos de una l\u00ednea semiautom\u00e1tica de producci\u00f3n de pintura para grandes cilindros accionada por cadena, con una capacidad de dise\u00f1o de 60 cajas por turno.<\/p>\n<p><img loading=\"lazy\" decoding=\"async\" class=\"alignnone wp-image-630\" src=\"https:\/\/hydraulic-cylinders.net\/wp-content\/uploads\/2023\/08\/hydraulic-cylinder-product-5-300x213.webp\" alt=\"\" width=\"366\" height=\"260\" \/> <img loading=\"lazy\" decoding=\"async\" class=\"alignnone wp-image-631\" src=\"https:\/\/hydraulic-cylinders.net\/wp-content\/uploads\/2023\/08\/hydraulic-cylinder-product-6-300x225.webp\" alt=\"\" width=\"347\" height=\"260\" \/><\/p>\n<h3>(5) Pruebas<\/h3>\n<p>Disponemos de instalaciones de inspecci\u00f3n y bancos de pruebas de primera clase para garantizar que el rendimiento del cilindro cumple los requisitos.<\/p>\n<p><img loading=\"lazy\" decoding=\"async\" class=\"alignnone wp-image-632\" src=\"https:\/\/hydraulic-cylinders.net\/wp-content\/uploads\/2023\/08\/hydraulic-cylinder-product-8-300x200.webp\" alt=\"\" width=\"389\" height=\"260\" \/><\/p>\n<p>&nbsp;<\/p>\n<p>&nbsp;<\/p>\n<p>Somos uno de los mejores fabricantes de cilindros hidr\u00e1ulicos ligeros de cuatro v\u00e1stagos. Ofrecemos un completo inventario de cilindros hidr\u00e1ulicos ligeros de cuatro v\u00e1stagos. Tambi\u00e9n proporcionamos... <a href=\"https:\/\/hzpt.com\/agricultural-pto-gearbox\/\" target=\"_blank\" rel=\"noopener\">cajas de cambios agr\u00edcolas<\/a>. Hemos exportado nuestros productos a clientes de todo el mundo y nos hemos ganado una buena reputaci\u00f3n gracias a la calidad superior de nuestros productos y a nuestro servicio posventa. Invitamos cordialmente a los clientes nacionales y extranjeros a ponerse en contacto con nosotros para negociar negocios, intercambiar informaci\u00f3n y...\u00a0<a href=\"https:\/\/www.hydraulic-cylinders.net\/es\/contact-us\/\">colabore con nosotros<\/a>!<\/p>\n<h2><\/h2>\n<h2><\/h2>","protected":false},"excerpt":{"rendered":"<p>Double Piston Rod Hydraulic Cylinder The double piston rod hydraulic cylinder is a cutting-edge hydraulic element designed to provide superior power, stability, and versatility for a wide range of industrial applications. With its unique dual piston rod configuration, this hydraulic cylinder offers enhanced load-carrying capacity, precise control, and reliable performance, making it an indispensable asset [&hellip;]<\/p>","protected":false},"featured_media":1024,"comment_status":"open","ping_status":"closed","template":"","meta":{"_et_pb_use_builder":"","_et_pb_old_content":"","_et_gb_content_width":""},"product_brand":[],"product_cat":[1376,1386],"product_tag":[1380],"class_list":{"0":"post-1019","1":"product","2":"type-product","3":"status-publish","4":"has-post-thumbnail","6":"product_cat-hydraulic-cylinder","7":"product_cat-four-rod-hydraulic-cylinder","8":"product_tag-hydraulic-cylinder","10":"first","11":"instock","12":"shipping-taxable","13":"product-type-simple"},"amp_enabled":true,"_links":{"self":[{"href":"https:\/\/www.hydraulic-cylinders.net\/es\/wp-json\/wp\/v2\/product\/1019","targetHints":{"allow":["GET"]}}],"collection":[{"href":"https:\/\/www.hydraulic-cylinders.net\/es\/wp-json\/wp\/v2\/product"}],"about":[{"href":"https:\/\/www.hydraulic-cylinders.net\/es\/wp-json\/wp\/v2\/types\/product"}],"replies":[{"embeddable":true,"href":"https:\/\/www.hydraulic-cylinders.net\/es\/wp-json\/wp\/v2\/comments?post=1019"}],"wp:featuredmedia":[{"embeddable":true,"href":"https:\/\/www.hydraulic-cylinders.net\/es\/wp-json\/wp\/v2\/media\/1024"}],"wp:attachment":[{"href":"https:\/\/www.hydraulic-cylinders.net\/es\/wp-json\/wp\/v2\/media?parent=1019"}],"wp:term":[{"taxonomy":"product_brand","embeddable":true,"href":"https:\/\/www.hydraulic-cylinders.net\/es\/wp-json\/wp\/v2\/product_brand?post=1019"},{"taxonomy":"product_cat","embeddable":true,"href":"https:\/\/www.hydraulic-cylinders.net\/es\/wp-json\/wp\/v2\/product_cat?post=1019"},{"taxonomy":"product_tag","embeddable":true,"href":"https:\/\/www.hydraulic-cylinders.net\/es\/wp-json\/wp\/v2\/product_tag?post=1019"}],"curies":[{"name":"wp","href":"https:\/\/api.w.org\/{rel}","templated":true}]}}