{"id":1218,"date":"2023-09-13T08:11:02","date_gmt":"2023-09-13T08:11:02","guid":{"rendered":"https:\/\/hydraulic-cylinders.net\/?post_type=product&#038;p=1218"},"modified":"2025-04-11T05:06:49","modified_gmt":"2025-04-11T05:06:49","slug":"y-hg1-metallurgical-hydraulic-cylinder","status":"publish","type":"product","link":"https:\/\/www.hydraulic-cylinders.net\/es\/producto\/y-hg1-metallurgical-hydraulic-cylinder\/","title":{"rendered":"Cilindro hidr\u00e1ulico metal\u00fargico Y-HG1"},"content":{"rendered":"<h1 style=\"text-align: center;\"><strong>Cilindro hidr\u00e1ulico metal\u00fargico Y-HG1<\/strong><\/h1>\n<p>El cilindro hidr\u00e1ulico del equipo metal\u00fargico de la serie Y-HG1 es un cilindro de pist\u00f3n de doble acci\u00f3n, y el di\u00e1metro del cilindro generalmente est\u00e1 en el rango de 40 ~ 320 mm, la presi\u00f3n de trabajo &lt;= 16 MPA, el sistema mec\u00e1nico de aceite hidr\u00e1ulico se puede utilizar para el transporte de leche y otros medios de trabajo, brida de instalaci\u00f3n, pendientes, pasadores, dispositivo de liberaci\u00f3n (base) y diferentes tipos.<\/p>\n<p>M\u00e1quina bru\u00f1idora CNC de alta precisi\u00f3n, m\u00e1quina de soldadura autom\u00e1tica, centro de mecanizado vertical y horizontal, centro de mecanizado de p\u00f3rtico, torno CNC y otros equipos de procesamiento, la calidad del producto es estable y garantizada.<\/p>\n<p><img loading=\"lazy\" decoding=\"async\" class=\"aligncenter wp-image-1219 size-full\" src=\"https:\/\/hydraulic-cylinders.net\/wp-content\/uploads\/2023\/09\/y-hg1-hydraulic-cylinder-1-1.webp\" alt=\"\" width=\"372\" height=\"372\" srcset=\"https:\/\/www.hydraulic-cylinders.net\/wp-content\/uploads\/2023\/09\/y-hg1-hydraulic-cylinder-1-1.webp 372w, https:\/\/www.hydraulic-cylinders.net\/wp-content\/uploads\/2023\/09\/y-hg1-hydraulic-cylinder-1-1-300x300.webp 300w, https:\/\/www.hydraulic-cylinders.net\/wp-content\/uploads\/2023\/09\/y-hg1-hydraulic-cylinder-1-1-100x100.webp 100w, https:\/\/www.hydraulic-cylinders.net\/wp-content\/uploads\/2023\/09\/y-hg1-hydraulic-cylinder-1-1-150x150.webp 150w, https:\/\/www.hydraulic-cylinders.net\/wp-content\/uploads\/2023\/09\/y-hg1-hydraulic-cylinder-1-1-12x12.webp 12w\" sizes=\"(max-width: 372px) 100vw, 372px\" \/><\/p>\n<h2><strong>Par\u00e1metros del cilindro hidr\u00e1ulico metal\u00fargico:\u00a0<\/strong><\/h2>\n<h3>(1) Par\u00e1metros del cilindro hidr\u00e1ulico metal\u00fargico de tipo tr\u00edpode axial<\/h3>\n<h2><strong><img loading=\"lazy\" decoding=\"async\" class=\"alignnone wp-image-1155 size-large\" src=\"https:\/\/hydraulic-cylinders.net\/wp-content\/uploads\/2023\/09\/axial-tripod-type-metallurgical-hydraulic-cylinder-1-1024x715.webp\" alt=\"\" width=\"1024\" height=\"715\" srcset=\"https:\/\/hydraulic-cylinders.net\/wp-content\/uploads\/2023\/09\/axial-tripod-type-metallurgical-hydraulic-cylinder-1-1024x715.webp 1024w, https:\/\/hydraulic-cylinders.net\/wp-content\/uploads\/2023\/09\/axial-tripod-type-metallurgical-hydraulic-cylinder-1-980x684.webp 980w, https:\/\/hydraulic-cylinders.net\/wp-content\/uploads\/2023\/09\/axial-tripod-type-metallurgical-hydraulic-cylinder-1-480x335.webp 480w\" sizes=\"(min-width: 0px) and (max-width: 480px) 480px, (min-width: 481px) and (max-width: 980px) 980px, (min-width: 981px) 1024px, 100vw\" \/><\/strong><\/h2>\n<h3>(2) Cilindro hidr\u00e1ulico metal\u00fargico tipo orqu\u00eddea con m\u00e9todo de cabezal<\/h3>\n<h2><strong><img loading=\"lazy\" decoding=\"async\" class=\"alignnone wp-image-1161 size-large\" src=\"https:\/\/hydraulic-cylinders.net\/wp-content\/uploads\/2023\/09\/head-method-orchid-type-hydraulic-cylinder-1-1024x678.jpg\" alt=\"\" width=\"1024\" height=\"678\" srcset=\"https:\/\/hydraulic-cylinders.net\/wp-content\/uploads\/2023\/09\/head-method-orchid-type-hydraulic-cylinder-1-980x649.jpg 980w, https:\/\/hydraulic-cylinders.net\/wp-content\/uploads\/2023\/09\/head-method-orchid-type-hydraulic-cylinder-1-480x318.jpg 480w\" sizes=\"(min-width: 0px) and (max-width: 480px) 480px, (min-width: 481px) and (max-width: 980px) 980px, (min-width: 981px) 1024px, 100vw\" \/>\u00a0<\/strong><\/h2>\n<h3>(3) Cilindro hidr\u00e1ulico metal\u00fargico con pasador de cabeza<\/h3>\n<h2><strong><img loading=\"lazy\" decoding=\"async\" class=\"alignnone wp-image-1166 size-large\" src=\"https:\/\/hydraulic-cylinders.net\/wp-content\/uploads\/2023\/09\/head-pin-type-metallurgical-hydraulic-cylinder-1-1024x603.webp\" alt=\"\" width=\"1024\" height=\"603\" srcset=\"https:\/\/hydraulic-cylinders.net\/wp-content\/uploads\/2023\/09\/head-pin-type-metallurgical-hydraulic-cylinder-1-980x577.webp 980w, https:\/\/hydraulic-cylinders.net\/wp-content\/uploads\/2023\/09\/head-pin-type-metallurgical-hydraulic-cylinder-1-480x283.webp 480w\" sizes=\"(min-width: 0px) and (max-width: 480px) 480px, (min-width: 481px) and (max-width: 980px) 980px, (min-width: 981px) 1024px, 100vw\" \/>\u00a0<\/strong><\/h2>\n<h3>(4) Cilindro hidr\u00e1ulico metal\u00fargico de brida rectangular con cabezal<\/h3>\n<h2><strong><img loading=\"lazy\" decoding=\"async\" class=\"alignnone wp-image-1170 size-large\" src=\"https:\/\/hydraulic-cylinders.net\/wp-content\/uploads\/2023\/09\/head-rectangular-flange-type-metallurgical-hydraulic-cylinder-1-1024x749.webp\" alt=\"\" width=\"1024\" height=\"749\" srcset=\"https:\/\/hydraulic-cylinders.net\/wp-content\/uploads\/2023\/09\/head-rectangular-flange-type-metallurgical-hydraulic-cylinder-1-980x717.webp 980w, https:\/\/hydraulic-cylinders.net\/wp-content\/uploads\/2023\/09\/head-rectangular-flange-type-metallurgical-hydraulic-cylinder-1-480x351.webp 480w\" sizes=\"(min-width: 0px) and (max-width: 480px) 480px, (min-width: 481px) and (max-width: 980px) 980px, (min-width: 981px) 1024px, 100vw\" \/>\u00a0<\/strong><\/h2>\n<h3>(5) Cilindro hidr\u00e1ulico metal\u00fargico de brida redonda con cabezal<\/h3>\n<h2><strong><img loading=\"lazy\" decoding=\"async\" class=\"alignnone wp-image-1175 size-large\" src=\"https:\/\/hydraulic-cylinders.net\/wp-content\/uploads\/2023\/09\/head-round-flange-type-metallurgical-hydraulic-cylinder-1-1024x626.webp\" alt=\"\" width=\"1024\" height=\"626\" srcset=\"https:\/\/hydraulic-cylinders.net\/wp-content\/uploads\/2023\/09\/head-round-flange-type-metallurgical-hydraulic-cylinder-1-980x599.webp 980w, https:\/\/hydraulic-cylinders.net\/wp-content\/uploads\/2023\/09\/head-round-flange-type-metallurgical-hydraulic-cylinder-1-480x294.webp 480w\" sizes=\"(min-width: 0px) and (max-width: 480px) 480px, (min-width: 481px) and (max-width: 980px) 980px, (min-width: 981px) 1024px, 100vw\" \/>\u00a0<\/strong><\/h2>\n<h3>(6) Cilindro hidr\u00e1ulico metal\u00fargico de tipo pasador intermedio<\/h3>\n<h2><strong><img loading=\"lazy\" decoding=\"async\" class=\"alignnone wp-image-1179 size-large\" src=\"https:\/\/hydraulic-cylinders.net\/wp-content\/uploads\/2023\/09\/middle-pin-type-metallurgical-hydraulic-cylinder-1-1024x694.webp\" alt=\"\" width=\"1024\" height=\"694\" srcset=\"https:\/\/hydraulic-cylinders.net\/wp-content\/uploads\/2023\/09\/middle-pin-type-metallurgical-hydraulic-cylinder-1-980x664.webp 980w, https:\/\/hydraulic-cylinders.net\/wp-content\/uploads\/2023\/09\/middle-pin-type-metallurgical-hydraulic-cylinder-1-480x325.webp 480w\" sizes=\"(min-width: 0px) and (max-width: 480px) 480px, (min-width: 481px) and (max-width: 980px) 980px, (min-width: 981px) 1024px, 100vw\" \/>\u00a0<\/strong><\/h2>\n<h3>(7) Cilindro hidr\u00e1ulico metal\u00fargico tipo orqu\u00eddea de m\u00e9todo trasero<\/h3>\n<h2><strong><img loading=\"lazy\" decoding=\"async\" class=\"alignnone wp-image-1183 size-large\" src=\"https:\/\/hydraulic-cylinders.net\/wp-content\/uploads\/2023\/09\/rear-method-orchid-type-hydraulic-cylinder-1-1024x610.jpg\" alt=\"\" width=\"1024\" height=\"610\" srcset=\"https:\/\/hydraulic-cylinders.net\/wp-content\/uploads\/2023\/09\/rear-method-orchid-type-hydraulic-cylinder-1-980x584.jpg 980w, https:\/\/hydraulic-cylinders.net\/wp-content\/uploads\/2023\/09\/rear-method-orchid-type-hydraulic-cylinder-1-480x286.jpg 480w\" sizes=\"(min-width: 0px) and (max-width: 480px) 480px, (min-width: 481px) and (max-width: 980px) 980px, (min-width: 981px) 1024px, 100vw\" \/>\u00a0<\/strong><\/h2>\n<h3>(8) Cilindro hidr\u00e1ulico metal\u00fargico tipo pasador trasero<\/h3>\n<h2><strong><img loading=\"lazy\" decoding=\"async\" class=\"alignnone wp-image-1188 size-large\" src=\"https:\/\/hydraulic-cylinders.net\/wp-content\/uploads\/2023\/09\/rear-pin-type-metallurgical-hydraulic-cylinder-1-1024x608.webp\" alt=\"\" width=\"1024\" height=\"608\" srcset=\"https:\/\/hydraulic-cylinders.net\/wp-content\/uploads\/2023\/09\/rear-pin-type-metallurgical-hydraulic-cylinder-1-1024x608.webp 1024w, https:\/\/hydraulic-cylinders.net\/wp-content\/uploads\/2023\/09\/rear-pin-type-metallurgical-hydraulic-cylinder-1-980x581.webp 980w, https:\/\/hydraulic-cylinders.net\/wp-content\/uploads\/2023\/09\/rear-pin-type-metallurgical-hydraulic-cylinder-1-480x285.webp 480w\" sizes=\"(min-width: 0px) and (max-width: 480px) 480px, (min-width: 481px) and (max-width: 980px) 980px, (min-width: 981px) 1024px, 100vw\" \/>\u00a0<\/strong><\/h2>\n<h3>(9) Cilindro hidr\u00e1ulico metal\u00fargico tipo brida rectangular trasera<\/h3>\n<h2><strong><img loading=\"lazy\" decoding=\"async\" class=\"alignnone wp-image-1192 size-large\" src=\"https:\/\/hydraulic-cylinders.net\/wp-content\/uploads\/2023\/09\/rear-rectangular-flange-type-metallurgical-hydraulic-cylinder-1-1024x637.webp\" alt=\"\" width=\"1024\" height=\"637\" srcset=\"https:\/\/hydraulic-cylinders.net\/wp-content\/uploads\/2023\/09\/rear-rectangular-flange-type-metallurgical-hydraulic-cylinder-1-980x610.webp 980w, https:\/\/hydraulic-cylinders.net\/wp-content\/uploads\/2023\/09\/rear-rectangular-flange-type-metallurgical-hydraulic-cylinder-1-480x299.webp 480w\" sizes=\"(min-width: 0px) and (max-width: 480px) 480px, (min-width: 481px) and (max-width: 980px) 980px, (min-width: 981px) 1024px, 100vw\" \/>\u00a0<\/strong><\/h2>\n<h3>(10) Cilindro hidr\u00e1ulico metal\u00fargico de brida redonda trasera<\/h3>\n<p><img loading=\"lazy\" decoding=\"async\" class=\"alignnone wp-image-1211 size-large\" src=\"https:\/\/hydraulic-cylinders.net\/wp-content\/uploads\/2023\/09\/rear-round-flange-type-metallurgical-hydraulic-cylinder-1-1024x613.webp\" alt=\"\" width=\"1024\" height=\"613\" srcset=\"https:\/\/hydraulic-cylinders.net\/wp-content\/uploads\/2023\/09\/rear-round-flange-type-metallurgical-hydraulic-cylinder-1-980x587.webp 980w, https:\/\/hydraulic-cylinders.net\/wp-content\/uploads\/2023\/09\/rear-round-flange-type-metallurgical-hydraulic-cylinder-1-480x287.webp 480w\" sizes=\"(min-width: 0px) and (max-width: 480px) 480px, (min-width: 481px) and (max-width: 980px) 980px, (min-width: 981px) 1024px, 100vw\" \/><\/p>\n<h3>(11) Cilindro hidr\u00e1ulico metal\u00fargico de tipo pendiente simple trasero<\/h3>\n<p><img loading=\"lazy\" decoding=\"async\" class=\"alignnone wp-image-1221 size-large\" src=\"https:\/\/hydraulic-cylinders.net\/wp-content\/uploads\/2023\/09\/rear-single-earring-type-metallurgical-hydraulic-cylinder-1-1024x684.webp\" alt=\"\" width=\"1024\" height=\"684\" srcset=\"https:\/\/hydraulic-cylinders.net\/wp-content\/uploads\/2023\/09\/rear-single-earring-type-metallurgical-hydraulic-cylinder-1-980x655.webp 980w, https:\/\/hydraulic-cylinders.net\/wp-content\/uploads\/2023\/09\/rear-single-earring-type-metallurgical-hydraulic-cylinder-1-480x321.webp 480w\" sizes=\"(min-width: 0px) and (max-width: 480px) 480px, (min-width: 481px) and (max-width: 980px) 980px, (min-width: 981px) 1024px, 100vw\" \/><\/p>\n<h3>(12) Cilindro hidr\u00e1ulico metal\u00fargico normal Y-HG1<\/h3>\n<h2><strong><img loading=\"lazy\" decoding=\"async\" class=\"alignnone wp-image-1215 size-large\" src=\"https:\/\/hydraulic-cylinders.net\/wp-content\/uploads\/2023\/09\/y-hg-1-noraml-metallurgical-hydraulic-cylinder-1-1024x307.webp\" alt=\"\" width=\"1024\" height=\"307\" srcset=\"https:\/\/hydraulic-cylinders.net\/wp-content\/uploads\/2023\/09\/y-hg-1-noraml-metallurgical-hydraulic-cylinder-1-980x293.webp 980w, https:\/\/hydraulic-cylinders.net\/wp-content\/uploads\/2023\/09\/y-hg-1-noraml-metallurgical-hydraulic-cylinder-1-480x144.webp 480w\" sizes=\"(min-width: 0px) and (max-width: 480px) 480px, (min-width: 481px) and (max-width: 980px) 980px, (min-width: 981px) 1024px, 100vw\" \/> <img loading=\"lazy\" decoding=\"async\" class=\"alignnone wp-image-1216 size-full\" src=\"https:\/\/hydraulic-cylinders.net\/wp-content\/uploads\/2023\/09\/y-hg-1-noraml-metallurgical-hydraulic-cylinder-2.webp\" alt=\"\" width=\"1458\" height=\"788\" srcset=\"https:\/\/hydraulic-cylinders.net\/wp-content\/uploads\/2023\/09\/y-hg-1-noraml-metallurgical-hydraulic-cylinder-2.webp 1458w, https:\/\/hydraulic-cylinders.net\/wp-content\/uploads\/2023\/09\/y-hg-1-noraml-metallurgical-hydraulic-cylinder-2-1280x692.webp 1280w, https:\/\/hydraulic-cylinders.net\/wp-content\/uploads\/2023\/09\/y-hg-1-noraml-metallurgical-hydraulic-cylinder-2-980x530.webp 980w, https:\/\/hydraulic-cylinders.net\/wp-content\/uploads\/2023\/09\/y-hg-1-noraml-metallurgical-hydraulic-cylinder-2-480x259.webp 480w\" sizes=\"(min-width: 0px) and (max-width: 480px) 480px, (min-width: 481px) and (max-width: 980px) 980px, (min-width: 981px) and (max-width: 1280px) 1280px, (min-width: 1281px) 1458px, 100vw\" \/><\/strong><\/h2>\n<h2><strong>Par\u00e1metros t\u00e9cnicos del cilindro hidr\u00e1ulico metal\u00fargico:<\/strong><\/h2>\n<p>Ejemplo de modelo: Y-HG1-E40\/22*50LJ1L10T1<\/p>\n<p><img loading=\"lazy\" decoding=\"async\" class=\"alignnone wp-image-1222 size-full\" src=\"https:\/\/hydraulic-cylinders.net\/wp-content\/uploads\/2023\/09\/y-hg-1-hydraulic-cylinder-2-2.webp\" alt=\"\" width=\"530\" height=\"540\" srcset=\"https:\/\/hydraulic-cylinders.net\/wp-content\/uploads\/2023\/09\/y-hg-1-hydraulic-cylinder-2-2.webp 530w, https:\/\/hydraulic-cylinders.net\/wp-content\/uploads\/2023\/09\/y-hg-1-hydraulic-cylinder-2-2-480x489.webp 480w\" sizes=\"(min-width: 0px) and (max-width: 480px) 480px, (min-width: 481px) 530px, 100vw\" \/><\/p>\n<h2><strong>Cilindro hidr\u00e1ulico metal\u00fargico <\/strong><strong>\u00c1mbito de aplicaci\u00f3n:<\/strong><\/h2>\n<p>El cilindro hidr\u00e1ulico de los equipos metal\u00fargicos de la serie Y-HG1 es un cilindro de pist\u00f3n de doble efecto. Su di\u00e1metro suele estar entre 40 y 320 mm y su presi\u00f3n de trabajo es &lt;= 16 MPA. Sus par\u00e1metros b\u00e1sicos incluyen el di\u00e1metro del cilindro, el di\u00e1metro del v\u00e1stago, la carrera, el tama\u00f1o del puerto de aceite, etc.<\/p>\n<h2><strong>\u00bfC\u00f3mo desmontar un cilindro hidr\u00e1ulico?<\/strong><\/h2>\n<p>El desmontaje de un cilindro hidr\u00e1ulico requiere un desmontaje cuidadoso para evitar da\u00f1os y garantizar una manipulaci\u00f3n segura. Estos son los pasos generales a seguir:<\/p>\n<ol>\n<li><strong>Precauciones de seguridad:<\/strong>\n<ul>\n<li>Aseg\u00farese de que el sistema hidr\u00e1ulico est\u00e9 despresurizado y que el cilindro est\u00e9 en posici\u00f3n retra\u00edda.<\/li>\n<li>Utilice equipo de protecci\u00f3n personal adecuado, como guantes y gafas de seguridad.<\/li>\n<li>Prepare un espacio de trabajo limpio y organizado con iluminaci\u00f3n y ventilaci\u00f3n adecuadas.<\/li>\n<\/ul>\n<\/li>\n<li><strong>Identificar los componentes del cilindro:<\/strong>\n<ul>\n<li>Familiar\u00edcese con las diferentes partes del cilindro hidr\u00e1ulico, incluido el cuerpo del cilindro, el pist\u00f3n, la varilla, los sellos y las tapas de los extremos.<\/li>\n<\/ul>\n<\/li>\n<li><strong>Eliminar conexiones externas:<\/strong>\n<ul>\n<li>Desconecte todas las mangueras hidr\u00e1ulicas, accesorios u otras conexiones externas conectadas al cilindro.<\/li>\n<li>Utilice herramientas adecuadas, como llaves inglesas o alicates, para aflojar y quitar las conexiones con cuidado.<\/li>\n<\/ul>\n<\/li>\n<li><strong>Asegure el cilindro:<\/strong>\n<ul>\n<li>Place the cylinder securely in a vise or similar holding fixture, ensuring it is stable and won&#8217;t move during disassembly.<\/li>\n<\/ul>\n<\/li>\n<li><strong>Retire la tapa del extremo de la varilla:<\/strong>\n<ul>\n<li>Localice la tapa del extremo de la varilla, que normalmente est\u00e1 situada en el extremo del cilindro opuesto al pist\u00f3n.<\/li>\n<li>Utilice la llave o el dado adecuado para aflojar y quitar los pernos que sujetan la tapa del extremo de la varilla.<\/li>\n<li>Golpee suavemente la tapa del extremo con un mazo de goma si es necesario para romper cualquier sello o uni\u00f3n adhesiva.<\/li>\n<\/ul>\n<\/li>\n<li><strong>Separar el conjunto de varilla y pist\u00f3n:<\/strong>\n<ul>\n<li>Una vez que se quita la tapa del extremo de la varilla, deslice con cuidado el conjunto de varilla y pist\u00f3n fuera del cuerpo del cilindro.<\/li>\n<li>Sostenga el peso del conjunto para evitar que se caiga o cause da\u00f1os.<\/li>\n<\/ul>\n<\/li>\n<li><strong>Desmontar el conjunto de varilla y pist\u00f3n:<\/strong>\n<ul>\n<li>Examine el conjunto de varilla y pist\u00f3n para detectar anillos de retenci\u00f3n, anillos el\u00e1sticos u otros dispositivos de retenci\u00f3n.<\/li>\n<li>Utilice herramientas adecuadas, como alicates o alicates para anillos el\u00e1sticos, para quitar estos dispositivos de retenci\u00f3n, lo que permite desmontar el conjunto en sus componentes individuales.<\/li>\n<li>Tome nota del orden y la orientaci\u00f3n de cada componente para el reensamblaje.<\/li>\n<\/ul>\n<\/li>\n<li><strong>Inspeccionar y limpiar:<\/strong>\n<ul>\n<li>Inspeccione todos los componentes desmontados para detectar desgaste, da\u00f1os o signos de fugas.<\/li>\n<li>Limpie cada componente a fondo utilizando un solvente o agente de limpieza adecuado para eliminar suciedad, residuos y residuos de l\u00edquido hidr\u00e1ulico.<\/li>\n<li>Seque completamente los componentes antes de volver a ensamblarlos.<\/li>\n<\/ul>\n<\/li>\n<li><strong>Reensamblaje o reemplazo de componentes:<\/strong>\n<ul>\n<li>If necessary, replace any damaged or worn components with new ones following the manufacturer&#8217;s specifications.<\/li>\n<li>Vuelva a ensamblar el cilindro hidr\u00e1ulico en el orden inverso al de desmontaje, asegur\u00e1ndose de la alineaci\u00f3n y orientaci\u00f3n adecuadas de los componentes.<\/li>\n<li>Tighten bolts or fasteners to the manufacturer&#8217;s recommended torque specifications.<\/li>\n<\/ul>\n<\/li>\n<\/ol>\n<h2><strong>Capacidad de la f\u00e1brica:<\/strong><\/h2>\n<h3>(1) Montaje<\/h3>\n<p>Contamos con una plataforma de ensamblaje independiente de primera clase para investigaci\u00f3n y desarrollo. El taller de producci\u00f3n de cilindros hidr\u00e1ulicos cuenta con cuatro l\u00edneas de ensamblaje de cilindros de elevaci\u00f3n semiautom\u00e1ticos y una l\u00ednea de ensamblaje de cilindros de inclinaci\u00f3n autom\u00e1ticos, con una capacidad de producci\u00f3n anual dise\u00f1ada de 1 mill\u00f3n de piezas. El taller de cilindros especiales est\u00e1 equipado con un sistema de ensamblaje de limpieza semiautom\u00e1tico de diversas especificaciones, con una capacidad de producci\u00f3n anual dise\u00f1ada de 200,000 unidades, y est\u00e1 equipado con reconocidos equipos de mecanizado CNC, un centro de mecanizado, equipos especiales de procesamiento de cilindros de alta precisi\u00f3n, una m\u00e1quina de soldadura robotizada, una m\u00e1quina de limpieza autom\u00e1tica, una m\u00e1quina de ensamblaje de cilindros autom\u00e1ticos y una l\u00ednea de producci\u00f3n de pintura autom\u00e1tica. Contamos con m\u00e1s de 300 equipos cr\u00edticos. La asignaci\u00f3n \u00f3ptima y el uso eficiente de los recursos de equipo garantizan la precisi\u00f3n y la alta calidad de los productos.<\/p>\n<p><img loading=\"lazy\" decoding=\"async\" class=\"alignnone wp-image-626\" src=\"https:\/\/hydraulic-cylinders.net\/wp-content\/uploads\/2023\/08\/hydraulic-cylinder-product-1-300x158.webp\" alt=\"\" width=\"495\" height=\"260\" srcset=\"https:\/\/hydraulic-cylinders.net\/wp-content\/uploads\/2023\/08\/hydraulic-cylinder-product-1-300x158.webp 495w, https:\/\/hydraulic-cylinders.net\/wp-content\/uploads\/2023\/08\/hydraulic-cylinder-product-1-480x252.webp 480w\" sizes=\"(min-width: 0px) and (max-width: 480px) 480px, (min-width: 481px) 495px, 100vw\" \/> <img loading=\"lazy\" decoding=\"async\" class=\"alignnone wp-image-627\" src=\"https:\/\/hydraulic-cylinders.net\/wp-content\/uploads\/2023\/08\/hydraulic-cylinder-product-2-300x189.webp\" alt=\"\" width=\"413\" height=\"260\" \/><\/p>\n<h3>(2) Mecanizado<\/h3>\n<p>El taller de mecanizado est\u00e1 equipado con un centro de torneado de carril inclinado personalizado, un centro de mecanizado, una m\u00e1quina de bru\u00f1ido de alta velocidad, un robot de soldadura y otros equipos relacionados, que pueden procesar tubos cil\u00edndricos con un di\u00e1metro interior m\u00e1ximo de 400 mm y una longitud m\u00e1xima de 6 metros.<\/p>\n<p><img loading=\"lazy\" decoding=\"async\" class=\"alignnone wp-image-628 size-large\" src=\"https:\/\/hydraulic-cylinders.net\/wp-content\/uploads\/2023\/08\/hydraulic-cylinder-product-3-1024x391.webp\" alt=\"\" width=\"1024\" height=\"391\" srcset=\"https:\/\/hydraulic-cylinders.net\/wp-content\/uploads\/2023\/08\/hydraulic-cylinder-product-3-980x374.webp 980w, https:\/\/hydraulic-cylinders.net\/wp-content\/uploads\/2023\/08\/hydraulic-cylinder-product-3-480x183.webp 480w\" sizes=\"(min-width: 0px) and (max-width: 480px) 480px, (min-width: 481px) and (max-width: 980px) 980px, (min-width: 981px) 1024px, 100vw\" \/><\/p>\n<h3>(3) Soldadura<\/h3>\n<p><img loading=\"lazy\" decoding=\"async\" class=\"alignnone wp-image-629 size-large\" src=\"https:\/\/hydraulic-cylinders.net\/wp-content\/uploads\/2023\/08\/hydraulic-cylinder-product-4-1024x510.webp\" alt=\"\" width=\"1024\" height=\"510\" srcset=\"https:\/\/hydraulic-cylinders.net\/wp-content\/uploads\/2023\/08\/hydraulic-cylinder-product-4-980x488.webp 980w, https:\/\/hydraulic-cylinders.net\/wp-content\/uploads\/2023\/08\/hydraulic-cylinder-product-4-480x239.webp 480w\" sizes=\"(min-width: 0px) and (max-width: 480px) 480px, (min-width: 481px) and (max-width: 980px) 980px, (min-width: 981px) 1024px, 100vw\" \/><\/p>\n<h3>(4) Pintura y revestimiento<\/h3>\n<p>Con peque\u00f1as y medianas l\u00edneas de cilindros autom\u00e1ticos de recubrimiento de pintura a base de agua, para lograr la carga y descarga autom\u00e1tica de robots y pulverizaci\u00f3n autom\u00e1tica, la capacidad de dise\u00f1o de 4000 piezas por turno;<br \/>\nTambi\u00e9n disponemos de una l\u00ednea semiautom\u00e1tica de producci\u00f3n de pintura para grandes cilindros accionada por cadena, con una capacidad de dise\u00f1o de 60 cajas por turno.<\/p>\n<p><img loading=\"lazy\" decoding=\"async\" class=\"alignnone wp-image-630\" src=\"https:\/\/hydraulic-cylinders.net\/wp-content\/uploads\/2023\/08\/hydraulic-cylinder-product-5-300x213.webp\" alt=\"\" width=\"366\" height=\"260\" \/> <img loading=\"lazy\" decoding=\"async\" class=\"alignnone wp-image-631\" src=\"https:\/\/hydraulic-cylinders.net\/wp-content\/uploads\/2023\/08\/hydraulic-cylinder-product-6-300x225.webp\" alt=\"\" width=\"347\" height=\"260\" \/><\/p>\n<h3>(5) Pruebas<\/h3>\n<p>Disponemos de instalaciones de inspecci\u00f3n y bancos de pruebas de primera clase para garantizar que el rendimiento del cilindro cumple los requisitos.<\/p>\n<p><img loading=\"lazy\" decoding=\"async\" class=\"alignnone wp-image-632\" src=\"https:\/\/hydraulic-cylinders.net\/wp-content\/uploads\/2023\/08\/hydraulic-cylinder-product-8-300x200.webp\" alt=\"\" width=\"389\" height=\"260\" \/><\/p>\n<p>&nbsp;<\/p>\n<p>&nbsp;<\/p>\n<p>Somos uno de los mejores fabricantes de cilindros hidr\u00e1ulicos metal\u00fargicos. Ofrecemos un completo inventario de cilindros hidr\u00e1ulicos metal\u00fargicos. Tambi\u00e9n proporcionamos los correspondientes... <a href=\"https:\/\/hzpt.com\/agricultural-pto-gearbox\/\" target=\"_blank\" rel=\"noopener\">cajas de cambios agr\u00edcolas<\/a>Hemos exportado nuestros productos a clientes de todo el mundo y nos hemos ganado una excelente reputaci\u00f3n gracias a nuestra excelente calidad y servicio posventa. Invitamos a clientes nacionales e internacionales a contactarnos para negociar negocios, intercambiar informaci\u00f3n y... <a href=\"https:\/\/www.hydraulic-cylinders.net\/es\/contact-us\/\">colabore con nosotros<\/a>!<\/p>\n<h2><\/h2>\n<p>&nbsp;<\/p>\n<p>&nbsp;<\/p>\n<p>&nbsp;<\/p>","protected":false},"excerpt":{"rendered":"<p>Y-HG1 Metallurgical Hydraulic Cylinder Y-HG1 series metallurgical equipment hydraulic cylinder is a double-acting piston cylinder, and the cylinder diameter is generally in the range of 40~320mm, the working pressure &lt;=16MPA, the hydraulic oil mechanical system can be used for milk transport and other working medium, installation flange, earrings, pins, release device (base) and different types. [&hellip;]<\/p>","protected":false},"featured_media":1220,"comment_status":"open","ping_status":"closed","template":"","meta":{"_et_pb_use_builder":"","_et_pb_old_content":"","_et_gb_content_width":""},"product_brand":[],"product_cat":[1376,1550,1524],"product_tag":[1380],"class_list":{"0":"post-1218","1":"product","2":"type-product","3":"status-publish","4":"has-post-thumbnail","6":"product_cat-hydraulic-cylinder","7":"product_cat-double-acting-hydraulic-cylinder","8":"product_cat-steel-mill-hydraulic-cylinders","9":"product_tag-hydraulic-cylinder","11":"first","12":"instock","13":"shipping-taxable","14":"product-type-simple"},"amp_enabled":true,"_links":{"self":[{"href":"https:\/\/www.hydraulic-cylinders.net\/es\/wp-json\/wp\/v2\/product\/1218","targetHints":{"allow":["GET"]}}],"collection":[{"href":"https:\/\/www.hydraulic-cylinders.net\/es\/wp-json\/wp\/v2\/product"}],"about":[{"href":"https:\/\/www.hydraulic-cylinders.net\/es\/wp-json\/wp\/v2\/types\/product"}],"replies":[{"embeddable":true,"href":"https:\/\/www.hydraulic-cylinders.net\/es\/wp-json\/wp\/v2\/comments?post=1218"}],"wp:featuredmedia":[{"embeddable":true,"href":"https:\/\/www.hydraulic-cylinders.net\/es\/wp-json\/wp\/v2\/media\/1220"}],"wp:attachment":[{"href":"https:\/\/www.hydraulic-cylinders.net\/es\/wp-json\/wp\/v2\/media?parent=1218"}],"wp:term":[{"taxonomy":"product_brand","embeddable":true,"href":"https:\/\/www.hydraulic-cylinders.net\/es\/wp-json\/wp\/v2\/product_brand?post=1218"},{"taxonomy":"product_cat","embeddable":true,"href":"https:\/\/www.hydraulic-cylinders.net\/es\/wp-json\/wp\/v2\/product_cat?post=1218"},{"taxonomy":"product_tag","embeddable":true,"href":"https:\/\/www.hydraulic-cylinders.net\/es\/wp-json\/wp\/v2\/product_tag?post=1218"}],"curies":[{"name":"wp","href":"https:\/\/api.w.org\/{rel}","templated":true}]}}