{"id":1272,"date":"2023-09-15T08:13:33","date_gmt":"2023-09-15T08:13:33","guid":{"rendered":"https:\/\/hydraulic-cylinders.net\/?post_type=product&#038;p=1272"},"modified":"2025-04-11T05:25:53","modified_gmt":"2025-04-11T05:25:53","slug":"cx-series-biaxial-compact-hydraulic-cylinder","status":"publish","type":"product","link":"https:\/\/www.hydraulic-cylinders.net\/es\/producto\/cx-series-biaxial-compact-hydraulic-cylinder\/","title":{"rendered":"Cilindro hidr\u00e1ulico compacto biaxial serie CX"},"content":{"rendered":"<h1 style=\"text-align: center;\"><strong>Cilindro hidr\u00e1ulico compacto biaxial serie CX<\/strong><\/h1>\n<p>El cilindro hidr\u00e1ulico compacto de dos ejes de la serie cx es un elemento hidr\u00e1ulico de vanguardia dise\u00f1ado para proporcionar una transmisi\u00f3n de potencia eficiente y fiable en diversas aplicaciones industriales. Gracias a su dise\u00f1o compacto, rendimiento superior y durabilidad, este cilindro hidr\u00e1ulico ofrece un control preciso y una gran versatilidad. Ya sea para su uso en fabricaci\u00f3n, manipulaci\u00f3n de materiales o construcci\u00f3n, la serie cx de cilindros hidr\u00e1ulicos compactos de dos ejes est\u00e1 dise\u00f1ada para optimizar el funcionamiento hidr\u00e1ulico e incrementar la productividad.<\/p>\n<p>Los cilindros compactos de la serie CX se utilizan para cilindros de sujeci\u00f3n. Su instalaci\u00f3n es sencilla. Nuestra f\u00e1brica cuenta con equipos hidr\u00e1ulicos de \u00faltima generaci\u00f3n, incluyendo centros de mecanizado verticales y horizontales, y cilindros hidr\u00e1ulicos de tama\u00f1o mediano y grande. Poseemos una excelente tecnolog\u00eda para la producci\u00f3n de cilindros delgados.<\/p>\n<p><img loading=\"lazy\" decoding=\"async\" class=\"wp-image-1275 aligncenter\" src=\"https:\/\/hydraulic-cylinders.net\/wp-content\/uploads\/2023\/09\/cx-compact-hydraulic-cylinder-1-300x300.webp\" alt=\"\" width=\"400\" height=\"400\" \/><\/p>\n<h2><strong>Descripci\u00f3n del modelo de cilindro hidr\u00e1ulico compacto biaxial serie CX:<\/strong><\/h2>\n<p><img loading=\"lazy\" decoding=\"async\" class=\"alignnone size-full wp-image-323127\" src=\"https:\/\/hzpt.com\/wp-content\/uploads\/2023\/09\/cx-compact-hydraulic-cylinder-2.webp\" alt=\"\" width=\"730\" height=\"119\" \/><\/p>\n<h2><strong>Cilindro hidr\u00e1ulico compacto biaxial serie CX <\/strong><strong>Caracter\u00edsticas<\/strong>:<\/h2>\n<p><img loading=\"lazy\" decoding=\"async\" class=\"alignnone size-full wp-image-323128\" src=\"https:\/\/hzpt.com\/wp-content\/uploads\/2023\/09\/cx-compact-hydraulic-cylinder-3.webp\" alt=\"\" width=\"730\" height=\"87\" \/><\/p>\n<h2><strong>Par\u00e1metros del cilindro hidr\u00e1ulico compacto biaxial serie CX:<\/strong><\/h2>\n<p><img loading=\"lazy\" decoding=\"async\" class=\"alignnone wp-image-1274 size-full\" src=\"https:\/\/hydraulic-cylinders.net\/wp-content\/uploads\/2023\/09\/cx-compact-hydraulic-cylinder-5.webp\" alt=\"\" width=\"730\" height=\"871\" srcset=\"https:\/\/hydraulic-cylinders.net\/wp-content\/uploads\/2023\/09\/cx-compact-hydraulic-cylinder-5.webp 730w, https:\/\/hydraulic-cylinders.net\/wp-content\/uploads\/2023\/09\/cx-compact-hydraulic-cylinder-5-480x573.webp 480w\" sizes=\"(min-width: 0px) and (max-width: 480px) 480px, (min-width: 481px) 730px, 100vw\" \/><\/p>\n<h2><strong>Cilindro hidr\u00e1ulico compacto biaxial serie CX <\/strong><strong>Caracter\u00edsticas y beneficios clave<\/strong><strong>:<\/strong><\/h2>\n<ol>\n<li><strong>Dise\u00f1o compacto:<\/strong>\n<ul>\n<li>Los cilindros hidr\u00e1ulicos compactos de dos ejes de la serie CX presentan un dise\u00f1o que ahorra espacio, lo que los hace adecuados para aplicaciones con \u00e1reas de montaje limitadas.<\/li>\n<li>Su tama\u00f1o compacto permite una f\u00e1cil integraci\u00f3n en diversas configuraciones del dispositivo, optimizando el uso del espacio.<\/li>\n<\/ul>\n<\/li>\n<li><strong>Control preciso:<\/strong>\n<ul>\n<li>Este cilindro hidr\u00e1ulico proporciona un control superior de movimiento y posicionamiento, lo que permite un funcionamiento preciso y eficiente.<\/li>\n<li>El mecanismo de control preciso garantiza un movimiento suave y controlable y mejora la eficiencia general de producci\u00f3n.<\/li>\n<\/ul>\n<\/li>\n<li><strong>Rendimiento alto:<\/strong>\n<ul>\n<li>Los cilindros hidr\u00e1ulicos compactos de dos ejes de la serie CX est\u00e1n dise\u00f1ados para proporcionar capacidades de transmisi\u00f3n de potencia de alto rendimiento.<\/li>\n<li>Puede soportar cargas pesadas y aplicaciones industriales exigentes, garantizando un rendimiento confiable y constante.<\/li>\n<\/ul>\n<\/li>\n<li><strong>Aplicaciones vers\u00e1tiles:<\/strong>\n<ul>\n<li>Los cilindros hidr\u00e1ulicos compactos de dos ejes de la serie CX est\u00e1n dise\u00f1ados para una variedad de industrias, incluyendo la manufactura, el manejo de materiales y la construcci\u00f3n.<\/li>\n<li>Se puede utilizar en diversos equipos como prensas, compactadoras, cargadoras, etc.<\/li>\n<\/ul>\n<\/li>\n<\/ol>\n<h2><strong>Cilindro hidr\u00e1ulico compacto biaxial serie CX <\/strong><strong>M\u00e9todo de uso<\/strong><strong>:<\/strong><\/h2>\n<ol>\n<li><strong>Montaje e instalaci\u00f3n:<\/strong>\n<ul>\n<li>Determine la ubicaci\u00f3n de montaje adecuada para el cilindro hidr\u00e1ulico compacto de dos ejes de la serie CX en funci\u00f3n de los requisitos espec\u00edficos de su equipo o m\u00e1quina.<\/li>\n<li>Aseg\u00farese de que la superficie de montaje sea fuerte, nivelada y pueda soportar de forma segura el peso y la carga del cilindro.<\/li>\n<\/ul>\n<\/li>\n<li><strong>Conexi\u00f3n del sistema hidr\u00e1ulico:<\/strong>\n<ul>\n<li>Conecte el cilindro hidr\u00e1ulico al sistema hidr\u00e1ulico mediante una manguera o tuber\u00eda hidr\u00e1ulica compatible.<\/li>\n<li>Una alineaci\u00f3n adecuada y conexiones ajustadas evitan fugas y garantizan un rendimiento \u00f3ptimo.<\/li>\n<\/ul>\n<\/li>\n<li><strong>Operaci\u00f3n del cilindro:<\/strong>\n<ul>\n<li>Ponga en marcha el sistema hidr\u00e1ulico e inicie el movimiento del cilindro hidr\u00e1ulico compacto de dos ejes de la serie CX.<\/li>\n<\/ul>\n<\/li>\n<\/ol>\n<h2><strong>\u00bfC\u00f3mo reemplazar los sellos en el cilindro hidr\u00e1ulico?<\/strong><\/h2>\n<p>Para quitar un cilindro hidr\u00e1ulico de una silla, siga estos pasos:<\/p>\n<ol>\n<li><strong>Preparar el espacio de trabajo:<\/strong>\n<ul>\n<li>Despeje el \u00e1rea alrededor de la silla para crear un espacio de trabajo seguro y sin obstrucciones.<\/li>\n<li>Coloque una cubierta o pa\u00f1o protector en el piso para evitar da\u00f1ar la silla o las superficies circundantes.<\/li>\n<\/ul>\n<\/li>\n<li><strong>Bajar la silla:<\/strong>\n<ul>\n<li>Utilice la palanca de ajuste de la silla o el mecanismo de control para bajarla a su posici\u00f3n m\u00e1s baja.<\/li>\n<li>Este paso asegura que el cilindro est\u00e9 completamente comprimido, lo que facilita su extracci\u00f3n.<\/li>\n<\/ul>\n<\/li>\n<li><strong>Localice el cilindro:<\/strong>\n<ul>\n<li>Identifique el cilindro hidr\u00e1ulico de la silla. Generalmente se encuentra cerca de la base y se conecta al asiento o al mecanismo de la silla.<\/li>\n<\/ul>\n<\/li>\n<li><strong>Retire el asiento de la silla:<\/strong>\n<ul>\n<li>Si el asiento de la silla es desmontable, localice los tornillos o pernos de montaje que lo fijan al cilindro o a la base de la silla.<\/li>\n<li>Utilice la herramienta adecuada, como un destornillador o una llave inglesa, para quitar los tornillos o pernos.<\/li>\n<li>Levante el asiento de la silla, dejando al descubierto el cilindro hidr\u00e1ulico.<\/li>\n<\/ul>\n<\/li>\n<li><strong>Apoye a la Silla:<\/strong>\n<ul>\n<li>Dado que la silla quedar\u00e1 inestable sin el asiento, proporci\u00f3nele soporte para evitar que se vuelque.<\/li>\n<li>Utilice un objeto resistente, como una caja o un bloque de madera, para apuntalar la estructura restante de la silla.<\/li>\n<\/ul>\n<\/li>\n<li><strong>Desconecte el cilindro:<\/strong>\n<ul>\n<li>Examine los puntos de conexi\u00f3n entre el cilindro hidr\u00e1ulico y el mecanismo o base de la silla.<\/li>\n<li>Dependiendo del dise\u00f1o de la silla, es posible que encuentre soportes de montaje, clips o tornillos que aseguren el cilindro.<\/li>\n<li>Retire todos los sujetadores que mantienen el cilindro en su lugar usando las herramientas adecuadas.<\/li>\n<li>Una vez quitados los sujetadores, tire o mueva suavemente el cilindro para separarlo de la silla.<\/li>\n<\/ul>\n<\/li>\n<li><strong>Reemplazar o desechar el cilindro:<\/strong>\n<ul>\n<li>Si va a reemplazar el cilindro hidr\u00e1ulico, aseg\u00farese de tener un reemplazo compatible que coincida con las especificaciones del cilindro anterior.<\/li>\n<li>Si es necesario, consulte con el fabricante de la silla o con un profesional para obtener el cilindro de repuesto correcto.<\/li>\n<li>Si va a desechar el cilindro, siga las normas y pautas locales para una eliminaci\u00f3n adecuada.<\/li>\n<\/ul>\n<\/li>\n<li><strong>Vuelva a montar la silla:<\/strong>\n<ul>\n<li>Vuelva a colocar el asiento de la silla alineando los orificios de los tornillos y asegur\u00e1ndolos con los tornillos o pernos adecuados si quit\u00f3 el asiento de la silla.<\/li>\n<li>Aseg\u00farese de que el asiento est\u00e9 firmemente fijado y estable antes de volver a utilizar la silla.<\/li>\n<\/ul>\n<\/li>\n<\/ol>\n<h2><strong>Capacidad de la f\u00e1brica:<\/strong><\/h2>\n<h3>(1) Montaje<\/h3>\n<p>Contamos con una plataforma de ensamblaje independiente de primera clase para investigaci\u00f3n y desarrollo. El taller de producci\u00f3n de cilindros hidr\u00e1ulicos cuenta con cuatro l\u00edneas de ensamblaje de cilindros de elevaci\u00f3n semiautom\u00e1ticos y una l\u00ednea de ensamblaje de cilindros de inclinaci\u00f3n autom\u00e1ticos, con una capacidad de producci\u00f3n anual dise\u00f1ada de 1 mill\u00f3n de piezas. El taller de cilindros especiales est\u00e1 equipado con un sistema de ensamblaje de limpieza semiautom\u00e1tico de diversas especificaciones, con una capacidad de producci\u00f3n anual dise\u00f1ada de 200,000 unidades, y est\u00e1 equipado con reconocidos equipos de mecanizado CNC, un centro de mecanizado, equipos especiales de procesamiento de cilindros de alta precisi\u00f3n, una m\u00e1quina de soldadura robotizada, una m\u00e1quina de limpieza autom\u00e1tica, una m\u00e1quina de ensamblaje de cilindros autom\u00e1ticos y una l\u00ednea de producci\u00f3n de pintura autom\u00e1tica. Contamos con m\u00e1s de 300 equipos cr\u00edticos. La asignaci\u00f3n \u00f3ptima y el uso eficiente de los recursos de equipo garantizan la precisi\u00f3n y la alta calidad de los productos.<\/p>\n<p><img loading=\"lazy\" decoding=\"async\" class=\"alignnone wp-image-626\" src=\"https:\/\/hydraulic-cylinders.net\/wp-content\/uploads\/2023\/08\/hydraulic-cylinder-product-1-300x158.webp\" alt=\"\" width=\"495\" height=\"260\" srcset=\"https:\/\/hydraulic-cylinders.net\/wp-content\/uploads\/2023\/08\/hydraulic-cylinder-product-1-300x158.webp 495w, https:\/\/hydraulic-cylinders.net\/wp-content\/uploads\/2023\/08\/hydraulic-cylinder-product-1-480x252.webp 480w\" sizes=\"(min-width: 0px) and (max-width: 480px) 480px, (min-width: 481px) 495px, 100vw\" \/> <img loading=\"lazy\" decoding=\"async\" class=\"alignnone wp-image-627\" src=\"https:\/\/hydraulic-cylinders.net\/wp-content\/uploads\/2023\/08\/hydraulic-cylinder-product-2-300x189.webp\" alt=\"\" width=\"413\" height=\"260\" \/><\/p>\n<h3>(2) Mecanizado<\/h3>\n<p>El taller de mecanizado est\u00e1 equipado con un centro de torneado de carril inclinado personalizado, un centro de mecanizado, una m\u00e1quina de bru\u00f1ido de alta velocidad, un robot de soldadura y otros equipos relacionados, que pueden procesar tubos cil\u00edndricos con un di\u00e1metro interior m\u00e1ximo de 400 mm y una longitud m\u00e1xima de 6 metros.<\/p>\n<p><img loading=\"lazy\" decoding=\"async\" class=\"alignnone wp-image-628 size-large\" src=\"https:\/\/hydraulic-cylinders.net\/wp-content\/uploads\/2023\/08\/hydraulic-cylinder-product-3-1024x391.webp\" alt=\"\" width=\"1024\" height=\"391\" srcset=\"https:\/\/hydraulic-cylinders.net\/wp-content\/uploads\/2023\/08\/hydraulic-cylinder-product-3-980x374.webp 980w, https:\/\/hydraulic-cylinders.net\/wp-content\/uploads\/2023\/08\/hydraulic-cylinder-product-3-480x183.webp 480w\" sizes=\"(min-width: 0px) and (max-width: 480px) 480px, (min-width: 481px) and (max-width: 980px) 980px, (min-width: 981px) 1024px, 100vw\" \/><\/p>\n<h3>(3) Soldadura<\/h3>\n<p><img loading=\"lazy\" decoding=\"async\" class=\"alignnone wp-image-629 size-large\" src=\"https:\/\/hydraulic-cylinders.net\/wp-content\/uploads\/2023\/08\/hydraulic-cylinder-product-4-1024x510.webp\" alt=\"\" width=\"1024\" height=\"510\" srcset=\"https:\/\/hydraulic-cylinders.net\/wp-content\/uploads\/2023\/08\/hydraulic-cylinder-product-4-980x488.webp 980w, https:\/\/hydraulic-cylinders.net\/wp-content\/uploads\/2023\/08\/hydraulic-cylinder-product-4-480x239.webp 480w\" sizes=\"(min-width: 0px) and (max-width: 480px) 480px, (min-width: 481px) and (max-width: 980px) 980px, (min-width: 981px) 1024px, 100vw\" \/><\/p>\n<h3>(4) Pintura y revestimiento<\/h3>\n<p>Con peque\u00f1as y medianas l\u00edneas de cilindros autom\u00e1ticos de recubrimiento de pintura a base de agua, para lograr la carga y descarga autom\u00e1tica de robots y pulverizaci\u00f3n autom\u00e1tica, la capacidad de dise\u00f1o de 4000 piezas por turno;<br \/>\nTambi\u00e9n disponemos de una l\u00ednea semiautom\u00e1tica de producci\u00f3n de pintura para grandes cilindros accionada por cadena, con una capacidad de dise\u00f1o de 60 cajas por turno.<\/p>\n<p><img loading=\"lazy\" decoding=\"async\" class=\"alignnone wp-image-630\" src=\"https:\/\/hydraulic-cylinders.net\/wp-content\/uploads\/2023\/08\/hydraulic-cylinder-product-5-300x213.webp\" alt=\"\" width=\"366\" height=\"260\" \/> <img loading=\"lazy\" decoding=\"async\" class=\"alignnone wp-image-631\" src=\"https:\/\/hydraulic-cylinders.net\/wp-content\/uploads\/2023\/08\/hydraulic-cylinder-product-6-300x225.webp\" alt=\"\" width=\"347\" height=\"260\" \/><\/p>\n<h3>(5) Pruebas<\/h3>\n<p>Disponemos de instalaciones de inspecci\u00f3n y bancos de pruebas de primera clase para garantizar que el rendimiento del cilindro cumple los requisitos.<\/p>\n<p><img loading=\"lazy\" decoding=\"async\" class=\"alignnone wp-image-632\" src=\"https:\/\/hydraulic-cylinders.net\/wp-content\/uploads\/2023\/08\/hydraulic-cylinder-product-8-300x200.webp\" alt=\"\" width=\"389\" height=\"260\" \/><\/p>\n<p>&nbsp;<\/p>\n<p>&nbsp;<\/p>\n<p>Somos uno de los mejores fabricantes de cilindros hidr\u00e1ulicos compactos. Ofrecemos un amplio stock de cilindros hidr\u00e1ulicos compactos. Tambi\u00e9n proporcionamos... <a href=\"https:\/\/hzpt.com\/agricultural-pto-gearbox\/\" target=\"_blank\" rel=\"noopener\">cajas de cambios agr\u00edcolas<\/a>Hemos exportado nuestros productos a clientes de todo el mundo y nos hemos ganado una excelente reputaci\u00f3n gracias a nuestra excelente calidad y servicio posventa. Invitamos a clientes nacionales e internacionales a contactarnos para negociar negocios, intercambiar informaci\u00f3n y... <a href=\"https:\/\/www.hydraulic-cylinders.net\/es\/contact-us\/\">colabore con nosotros<\/a>!<\/p>\n<p>&nbsp;<\/p>","protected":false},"excerpt":{"rendered":"<p>CX Series Biaxial Compact Hydraulic Cylinder The cx Series two-axis compact hydraulic cylinder is a cutting-edge hydraulic element designed to provide efficient and reliable power transmission for a variety of industrial applications. With its compact design, superior performance and durability, this hydraulic cylinder offers precise control and versatility. Whether used in manufacturing, material handling or [&hellip;]<\/p>","protected":false},"featured_media":1276,"comment_status":"open","ping_status":"closed","template":"","meta":{"_et_pb_use_builder":"","_et_pb_old_content":"","_et_gb_content_width":""},"product_brand":[],"product_cat":[1526,1550,1376],"product_tag":[1380],"class_list":{"0":"post-1272","1":"product","2":"type-product","3":"status-publish","4":"has-post-thumbnail","6":"product_cat-assembly-line-hydraulic-cylinders","7":"product_cat-double-acting-hydraulic-cylinder","8":"product_cat-hydraulic-cylinder","9":"product_tag-hydraulic-cylinder","11":"first","12":"instock","13":"shipping-taxable","14":"product-type-simple"},"amp_enabled":true,"_links":{"self":[{"href":"https:\/\/www.hydraulic-cylinders.net\/es\/wp-json\/wp\/v2\/product\/1272","targetHints":{"allow":["GET"]}}],"collection":[{"href":"https:\/\/www.hydraulic-cylinders.net\/es\/wp-json\/wp\/v2\/product"}],"about":[{"href":"https:\/\/www.hydraulic-cylinders.net\/es\/wp-json\/wp\/v2\/types\/product"}],"replies":[{"embeddable":true,"href":"https:\/\/www.hydraulic-cylinders.net\/es\/wp-json\/wp\/v2\/comments?post=1272"}],"wp:featuredmedia":[{"embeddable":true,"href":"https:\/\/www.hydraulic-cylinders.net\/es\/wp-json\/wp\/v2\/media\/1276"}],"wp:attachment":[{"href":"https:\/\/www.hydraulic-cylinders.net\/es\/wp-json\/wp\/v2\/media?parent=1272"}],"wp:term":[{"taxonomy":"product_brand","embeddable":true,"href":"https:\/\/www.hydraulic-cylinders.net\/es\/wp-json\/wp\/v2\/product_brand?post=1272"},{"taxonomy":"product_cat","embeddable":true,"href":"https:\/\/www.hydraulic-cylinders.net\/es\/wp-json\/wp\/v2\/product_cat?post=1272"},{"taxonomy":"product_tag","embeddable":true,"href":"https:\/\/www.hydraulic-cylinders.net\/es\/wp-json\/wp\/v2\/product_tag?post=1272"}],"curies":[{"name":"wp","href":"https:\/\/api.w.org\/{rel}","templated":true}]}}