{"id":1286,"date":"2023-09-15T08:52:26","date_gmt":"2023-09-15T08:52:26","guid":{"rendered":"https:\/\/hydraulic-cylinders.net\/?post_type=product&#038;p=1286"},"modified":"2025-03-27T01:00:52","modified_gmt":"2025-03-27T01:00:52","slug":"earring-joint-two-stage-telescopic-hydraulic-cylinder","status":"publish","type":"product","link":"https:\/\/www.hydraulic-cylinders.net\/es\/producto\/earring-joint-two-stage-telescopic-hydraulic-cylinder\/","title":{"rendered":"Cilindro hidr\u00e1ulico telesc\u00f3pico de dos etapas con articulaci\u00f3n de pendiente"},"content":{"rendered":"<h1 style=\"text-align: center;\"><strong>Cilindro hidr\u00e1ulico telesc\u00f3pico de dos etapas con articulaci\u00f3n de pendiente<\/strong><\/h1>\n<p>El cilindro hidr\u00e1ulico telesc\u00f3pico de dos etapas con junta de oreja es un dispositivo hidr\u00e1ulico de vanguardia dise\u00f1ado para proporcionar una transmisi\u00f3n de potencia eficiente en diversas aplicaciones industriales. Gracias a su dise\u00f1o innovador, rendimiento superior y versatilidad, este cilindro hidr\u00e1ulico ofrece un control preciso y una mayor productividad. Ya sea para su uso en la construcci\u00f3n, la manipulaci\u00f3n de materiales o la maquinaria agr\u00edcola, los cilindros hidr\u00e1ulicos telesc\u00f3picos de dos etapas con junta de oreja est\u00e1n dise\u00f1ados para optimizar el funcionamiento hidr\u00e1ulico y proporcionar resultados excepcionales.<\/p>\n<p>Los cilindros compactos de la serie CX se utilizan para la sujeci\u00f3n de cilindros. Su instalaci\u00f3n es compacta. Nuestra f\u00e1brica cuenta con equipos hidr\u00e1ulicos avanzados, que incluyen un centro de mecanizado vertical y horizontal, y cilindros hidr\u00e1ulicos de tama\u00f1o mediano y grande. La tecnolog\u00eda de producci\u00f3n de cilindros delgados es excelente.<\/p>\n<p><img loading=\"lazy\" decoding=\"async\" class=\"aligncenter wp-image-1287\" src=\"https:\/\/hydraulic-cylinders.net\/wp-content\/uploads\/2023\/09\/two-stage-telescopic-hydraulic-cylinder-3-300x300.webp\" alt=\"\" width=\"400\" height=\"400\" \/><\/p>\n<h2><strong>Par\u00e1metro del cilindro hidr\u00e1ulico telesc\u00f3pico de dos etapas con junta de pendiente:<\/strong><\/h2>\n<p><img loading=\"lazy\" decoding=\"async\" class=\"alignnone wp-image-1289 size-full\" src=\"https:\/\/hydraulic-cylinders.net\/wp-content\/uploads\/2023\/09\/two-stage-telescopic-hydraulic-cylinder-3-2.webp\" alt=\"\" width=\"1430\" height=\"1123\" srcset=\"https:\/\/hydraulic-cylinders.net\/wp-content\/uploads\/2023\/09\/two-stage-telescopic-hydraulic-cylinder-3-2.webp 1430w, https:\/\/hydraulic-cylinders.net\/wp-content\/uploads\/2023\/09\/two-stage-telescopic-hydraulic-cylinder-3-2-1280x1005.webp 1280w, https:\/\/hydraulic-cylinders.net\/wp-content\/uploads\/2023\/09\/two-stage-telescopic-hydraulic-cylinder-3-2-980x770.webp 980w, https:\/\/hydraulic-cylinders.net\/wp-content\/uploads\/2023\/09\/two-stage-telescopic-hydraulic-cylinder-3-2-480x377.webp 480w\" sizes=\"(min-width: 0px) and (max-width: 480px) 480px, (min-width: 481px) and (max-width: 980px) 980px, (min-width: 981px) and (max-width: 1280px) 1280px, (min-width: 1281px) 1430px, 100vw\" \/><\/p>\n<h2><strong>Cilindro hidr\u00e1ulico telesc\u00f3pico de dos etapas con articulaci\u00f3n de pendiente <\/strong><strong>Caracter\u00edsticas y beneficios clave<\/strong><strong>:<\/strong><\/h2>\n<ol>\n<li><strong>Dise\u00f1o telesc\u00f3pico de dos etapas:<\/strong>\n<ul>\n<li>El cilindro hidr\u00e1ulico telesc\u00f3pico de dos etapas con junta de pendiente tiene un dise\u00f1o telesc\u00f3pico de dos etapas que aumenta la longitud de la carrera manteniendo un tama\u00f1o retr\u00e1ctil compacto.<\/li>\n<li>Este dise\u00f1o proporciona un mayor alcance sin comprometer las limitaciones de espacio, lo que lo hace ideal para aplicaciones donde la distancia y la compacidad son fundamentales.<\/li>\n<\/ul>\n<\/li>\n<li><strong>Construcci\u00f3n de la uni\u00f3n del pendiente:<\/strong>\n<ul>\n<li>El cilindro est\u00e1 equipado con una junta de orejeta, que permite un movimiento suave y sincronizado de las etapas telesc\u00f3picas.<\/li>\n<li>El mecanismo de uni\u00f3n de los pendientes garantiza la estabilidad, la alineaci\u00f3n precisa y una excelente capacidad de carga durante el funcionamiento.<\/li>\n<\/ul>\n<\/li>\n<li><strong>Control preciso:<\/strong>\n<ul>\n<li>El cilindro hidr\u00e1ulico telesc\u00f3pico de dos etapas con junta de pendiente proporciona un excelente control de expansi\u00f3n y contracci\u00f3n, lo que permite un posicionamiento preciso y un funcionamiento eficiente.<\/li>\n<li>El mecanismo de control de precisi\u00f3n garantiza un movimiento suave y controlado, mejorando la productividad y la precisi\u00f3n generales.<\/li>\n<\/ul>\n<\/li>\n<li><strong>Alta capacidad de carga:<\/strong>\n<ul>\n<li>Dise\u00f1ados para soportar cargas pesadas y aplicaciones industriales exigentes, los cilindros hidr\u00e1ulicos telesc\u00f3picos de dos etapas con juntas de oreja proporcionan una capacidad de carga excepcional.<\/li>\n<li>Puede levantar, empujar o tirar grandes cantidades de peso, lo que la convierte en una opci\u00f3n fiable para tareas que requieren mucha fuerza.<\/li>\n<\/ul>\n<\/li>\n<\/ol>\n<h2><strong>Cilindro hidr\u00e1ulico telesc\u00f3pico de dos etapas con articulaci\u00f3n de pendiente <\/strong><strong>M\u00e9todo de uso<\/strong><strong>:<\/strong><\/h2>\n<ol>\n<li><strong>Montaje e instalaci\u00f3n:<\/strong>\n<ul>\n<li>Determine la ubicaci\u00f3n de instalaci\u00f3n adecuada del cilindro hidr\u00e1ulico telesc\u00f3pico secundario de la junta de oreja seg\u00fan los requisitos de su equipo o mec\u00e1nicos.<\/li>\n<li>Aseg\u00farese de que la superficie de montaje sea fuerte, nivelada y pueda soportar de forma segura el peso y la carga del cilindro.<\/li>\n<\/ul>\n<\/li>\n<li><strong>Conexi\u00f3n del sistema hidr\u00e1ulico:<\/strong>\n<ul>\n<li>Conecte el cilindro hidr\u00e1ulico al sistema hidr\u00e1ulico mediante una manguera o tuber\u00eda hidr\u00e1ulica compatible.<\/li>\n<li>Una alineaci\u00f3n adecuada y conexiones ajustadas evitan fugas y garantizan un rendimiento \u00f3ptimo.<\/li>\n<\/ul>\n<\/li>\n<li><strong>Operaci\u00f3n del cilindro:<\/strong>\n<ul>\n<li>Active el sistema hidr\u00e1ulico e inicie el movimiento del cilindro hidr\u00e1ulico telesc\u00f3pico secundario del conector del pendiente.<\/li>\n<li>Utilice un sistema de control hidr\u00e1ulico, como una v\u00e1lvula o una palanca, para controlar con precisi\u00f3n la extensi\u00f3n y la contracci\u00f3n del cilindro y lograr un funcionamiento eficiente.<\/li>\n<\/ul>\n<\/li>\n<\/ol>\n<h2><strong>\u00bfC\u00f3mo funciona un cilindro hidr\u00e1ulico unidireccional?<\/strong><\/h2>\n<p>Un cilindro hidr\u00e1ulico de simple efecto y unidireccional funciona mediante un sistema hidr\u00e1ulico para generar movimiento lineal en una direcci\u00f3n. Consta de un cilindro, un pist\u00f3n, un v\u00e1stago y fluido hidr\u00e1ulico. As\u00ed es como funciona:<\/p>\n<ol>\n<li><strong>Suministro de fluido hidr\u00e1ulico:<\/strong>\n<ul>\n<li>El sistema hidr\u00e1ulico suministra fluido presurizado, normalmente aceite, al cilindro a trav\u00e9s de una bomba hidr\u00e1ulica o una fuente de alimentaci\u00f3n.<\/li>\n<\/ul>\n<\/li>\n<li><strong>Extensi\u00f3n del cilindro:<\/strong>\n<ul>\n<li>Cuando se suministra fluido hidr\u00e1ulico al cilindro, este entra en el cuerpo del cilindro a trav\u00e9s de un orificio de entrada.<\/li>\n<li>El fluido a presi\u00f3n empuja contra el pist\u00f3n, provocando que se mueva en la direcci\u00f3n deseada (normalmente extendiendo el v\u00e1stago del pist\u00f3n).<\/li>\n<li>A medida que aumenta la presi\u00f3n del fluido, esta vence la resistencia o carga sobre el pist\u00f3n, lo que provoca la extensi\u00f3n del v\u00e1stago del pist\u00f3n.<\/li>\n<\/ul>\n<\/li>\n<li><strong>Mecanismo de sellado:<\/strong>\n<ul>\n<li>El cilindro est\u00e1 sellado para evitar fugas de fluido. Normalmente incorpora juntas alrededor del pist\u00f3n y el v\u00e1stago, como juntas t\u00f3ricas o retenes de labio.<\/li>\n<li>Estos sellos garantizan que el fluido presurizado act\u00fae solo sobre un lado del pist\u00f3n, creando un desequilibrio de presi\u00f3n que impulsa el pist\u00f3n en la direcci\u00f3n deseada.<\/li>\n<\/ul>\n<\/li>\n<li><strong>Golpe de retorno:<\/strong>\n<ul>\n<li>Tras la carrera de extensi\u00f3n, el fluido hidr\u00e1ulico se libera o se expulsa del cilindro.<\/li>\n<li>El sistema hidr\u00e1ulico puede utilizar la gravedad, un resorte o una fuerza externa para retraer el pist\u00f3n y el v\u00e1stago del pist\u00f3n a sus posiciones iniciales.<\/li>\n<li>Durante la carrera de retorno, el fluido hidr\u00e1ulico fluye fuera del cilindro a trav\u00e9s de un puerto de salida.<\/li>\n<\/ul>\n<\/li>\n<li><strong>Soporte de carga:<\/strong>\n<ul>\n<li>El v\u00e1stago del pist\u00f3n del cilindro hidr\u00e1ulico suele estar conectado a una carga o mecanismo que requiere movimiento lineal o fuerza.<\/li>\n<li>A medida que el pist\u00f3n se extiende o se retrae, proporciona la fuerza necesaria para mover o sostener la carga.<\/li>\n<\/ul>\n<\/li>\n<li><strong>Control y v\u00e1lvulas:<\/strong>\n<ul>\n<li>Para controlar la extensi\u00f3n y retracci\u00f3n del cilindro hidr\u00e1ulico unidireccional, el sistema hidr\u00e1ulico incorpora v\u00e1lvulas, tales como v\u00e1lvulas de retenci\u00f3n o v\u00e1lvulas de control direccional.<\/li>\n<li>Estas v\u00e1lvulas regulan el flujo del fluido hidr\u00e1ulico, permitiendo que entre y salga del cilindro en la direcci\u00f3n deseada.<\/li>\n<\/ul>\n<\/li>\n<li><strong>Detalles de la aplicaci\u00f3n:<\/strong>\n<ul>\n<li>Los cilindros hidr\u00e1ulicos unidireccionales se utilizan habitualmente en aplicaciones donde se requiere fuerza o movimiento en una sola direcci\u00f3n, como elevaci\u00f3n, empuje o sujeci\u00f3n.<\/li>\n<li>Suelen encontrarse en gatos hidr\u00e1ulicos, prensas hidr\u00e1ulicas, camiones volquete y diversos otros equipos industriales y m\u00f3viles.<\/li>\n<\/ul>\n<\/li>\n<\/ol>\n<h2><strong>Capacidad de la f\u00e1brica:<\/strong><\/h2>\n<h3>(1) Montaje<\/h3>\n<p>Contamos con una plataforma de ensamblaje independiente de primera clase para investigaci\u00f3n y desarrollo. El taller de producci\u00f3n de cilindros hidr\u00e1ulicos cuenta con cuatro l\u00edneas de ensamblaje de cilindros de elevaci\u00f3n semiautom\u00e1ticos y una l\u00ednea de ensamblaje de cilindros de inclinaci\u00f3n autom\u00e1ticos, con una capacidad de producci\u00f3n anual dise\u00f1ada de 1 mill\u00f3n de piezas. El taller de cilindros especiales est\u00e1 equipado con un sistema de ensamblaje de limpieza semiautom\u00e1tico de diversas especificaciones, con una capacidad de producci\u00f3n anual dise\u00f1ada de 200,000 unidades, y est\u00e1 equipado con reconocidos equipos de mecanizado CNC, un centro de mecanizado, equipos especiales de procesamiento de cilindros de alta precisi\u00f3n, una m\u00e1quina de soldadura robotizada, una m\u00e1quina de limpieza autom\u00e1tica, una m\u00e1quina de ensamblaje de cilindros autom\u00e1ticos y una l\u00ednea de producci\u00f3n de pintura autom\u00e1tica. Contamos con m\u00e1s de 300 equipos cr\u00edticos. La asignaci\u00f3n \u00f3ptima y el uso eficiente de los recursos de equipo garantizan la precisi\u00f3n y la alta calidad de los productos.<\/p>\n<p><img loading=\"lazy\" decoding=\"async\" class=\"alignnone wp-image-626\" src=\"https:\/\/hydraulic-cylinders.net\/wp-content\/uploads\/2023\/08\/hydraulic-cylinder-product-1-300x158.webp\" alt=\"\" width=\"495\" height=\"260\" srcset=\"https:\/\/hydraulic-cylinders.net\/wp-content\/uploads\/2023\/08\/hydraulic-cylinder-product-1-300x158.webp 495w, https:\/\/hydraulic-cylinders.net\/wp-content\/uploads\/2023\/08\/hydraulic-cylinder-product-1-480x252.webp 480w\" sizes=\"(min-width: 0px) and (max-width: 480px) 480px, (min-width: 481px) 495px, 100vw\" \/> <img loading=\"lazy\" decoding=\"async\" class=\"alignnone wp-image-627\" src=\"https:\/\/hydraulic-cylinders.net\/wp-content\/uploads\/2023\/08\/hydraulic-cylinder-product-2-300x189.webp\" alt=\"\" width=\"413\" height=\"260\" \/><\/p>\n<h3>(2) Mecanizado<\/h3>\n<p>El taller de mecanizado est\u00e1 equipado con un centro de torneado de carril inclinado personalizado, un centro de mecanizado, una m\u00e1quina de bru\u00f1ido de alta velocidad, un robot de soldadura y otros equipos relacionados, que pueden procesar tubos cil\u00edndricos con un di\u00e1metro interior m\u00e1ximo de 400 mm y una longitud m\u00e1xima de 6 metros.<\/p>\n<p><img loading=\"lazy\" decoding=\"async\" class=\"alignnone wp-image-628 size-large\" src=\"https:\/\/hydraulic-cylinders.net\/wp-content\/uploads\/2023\/08\/hydraulic-cylinder-product-3-1024x391.webp\" alt=\"\" width=\"1024\" height=\"391\" srcset=\"https:\/\/hydraulic-cylinders.net\/wp-content\/uploads\/2023\/08\/hydraulic-cylinder-product-3-980x374.webp 980w, https:\/\/hydraulic-cylinders.net\/wp-content\/uploads\/2023\/08\/hydraulic-cylinder-product-3-480x183.webp 480w\" sizes=\"(min-width: 0px) and (max-width: 480px) 480px, (min-width: 481px) and (max-width: 980px) 980px, (min-width: 981px) 1024px, 100vw\" \/><\/p>\n<h3>(3) Soldadura<\/h3>\n<p><img loading=\"lazy\" decoding=\"async\" class=\"alignnone wp-image-629 size-large\" src=\"https:\/\/hydraulic-cylinders.net\/wp-content\/uploads\/2023\/08\/hydraulic-cylinder-product-4-1024x510.webp\" alt=\"\" width=\"1024\" height=\"510\" srcset=\"https:\/\/hydraulic-cylinders.net\/wp-content\/uploads\/2023\/08\/hydraulic-cylinder-product-4-980x488.webp 980w, https:\/\/hydraulic-cylinders.net\/wp-content\/uploads\/2023\/08\/hydraulic-cylinder-product-4-480x239.webp 480w\" sizes=\"(min-width: 0px) and (max-width: 480px) 480px, (min-width: 481px) and (max-width: 980px) 980px, (min-width: 981px) 1024px, 100vw\" \/><\/p>\n<h3>(4) Pintura y revestimiento<\/h3>\n<p>Con peque\u00f1as y medianas l\u00edneas de cilindros autom\u00e1ticos de recubrimiento de pintura a base de agua, para lograr la carga y descarga autom\u00e1tica de robots y pulverizaci\u00f3n autom\u00e1tica, la capacidad de dise\u00f1o de 4000 piezas por turno;<br \/>\nTambi\u00e9n disponemos de una l\u00ednea semiautom\u00e1tica de producci\u00f3n de pintura para grandes cilindros accionada por cadena, con una capacidad de dise\u00f1o de 60 cajas por turno.<\/p>\n<p><img loading=\"lazy\" decoding=\"async\" class=\"alignnone wp-image-630\" src=\"https:\/\/hydraulic-cylinders.net\/wp-content\/uploads\/2023\/08\/hydraulic-cylinder-product-5-300x213.webp\" alt=\"\" width=\"366\" height=\"260\" \/> <img loading=\"lazy\" decoding=\"async\" class=\"alignnone wp-image-631\" src=\"https:\/\/hydraulic-cylinders.net\/wp-content\/uploads\/2023\/08\/hydraulic-cylinder-product-6-300x225.webp\" alt=\"\" width=\"347\" height=\"260\" \/><\/p>\n<h3>(5) Pruebas<\/h3>\n<p>Disponemos de instalaciones de inspecci\u00f3n y bancos de pruebas de primera clase para garantizar que el rendimiento del cilindro cumple los requisitos.<\/p>\n<p><img loading=\"lazy\" decoding=\"async\" class=\"alignnone wp-image-632\" src=\"https:\/\/hydraulic-cylinders.net\/wp-content\/uploads\/2023\/08\/hydraulic-cylinder-product-8-300x200.webp\" alt=\"\" width=\"389\" height=\"260\" \/><\/p>\n<p>&nbsp;<\/p>\n<p>&nbsp;<\/p>\n<p>Somos uno de los mejores fabricantes de cilindros hidr\u00e1ulicos compactos. Ofrecemos un amplio stock de cilindros hidr\u00e1ulicos compactos. Tambi\u00e9n proporcionamos... <a href=\"https:\/\/hzpt.com\/agricultural-pto-gearbox\/\" target=\"_blank\" rel=\"noopener\">cajas de cambios agr\u00edcolas<\/a>Hemos exportado nuestros productos a clientes de todo el mundo y nos hemos ganado una excelente reputaci\u00f3n gracias a nuestra excelente calidad y servicio posventa. Invitamos a clientes nacionales e internacionales a contactarnos para negociar negocios, intercambiar informaci\u00f3n y... <a href=\"https:\/\/www.hydraulic-cylinders.net\/es\/contact-us\/\">colabore con nosotros<\/a>!<\/p>\n<h2><\/h2>\n<h2><\/h2>","protected":false},"excerpt":{"rendered":"<p>Earring Joint Two Stage Telescopic Hydraulic Cylinder The earring joint two-stage telescopic hydraulic cylinder is a cutting-edge hydraulic device designed to provide efficient power transmission in a variety of industrial applications. With its innovative design, superior performance and versatility, this hydraulic cylinder offers precise control and increased productivity. Whether used in construction, material handling, or [&hellip;]<\/p>","protected":false},"featured_media":1288,"comment_status":"open","ping_status":"closed","template":"","meta":{"_et_pb_use_builder":"","_et_pb_old_content":"","_et_gb_content_width":""},"product_brand":[],"product_cat":[1376,1393],"product_tag":[1380],"class_list":{"0":"post-1286","1":"product","2":"type-product","3":"status-publish","4":"has-post-thumbnail","6":"product_cat-hydraulic-cylinder","7":"product_cat-telescopic-hydraulic-cylinder","8":"product_tag-hydraulic-cylinder","10":"first","11":"instock","12":"shipping-taxable","13":"product-type-simple"},"amp_enabled":true,"_links":{"self":[{"href":"https:\/\/www.hydraulic-cylinders.net\/es\/wp-json\/wp\/v2\/product\/1286","targetHints":{"allow":["GET"]}}],"collection":[{"href":"https:\/\/www.hydraulic-cylinders.net\/es\/wp-json\/wp\/v2\/product"}],"about":[{"href":"https:\/\/www.hydraulic-cylinders.net\/es\/wp-json\/wp\/v2\/types\/product"}],"replies":[{"embeddable":true,"href":"https:\/\/www.hydraulic-cylinders.net\/es\/wp-json\/wp\/v2\/comments?post=1286"}],"wp:featuredmedia":[{"embeddable":true,"href":"https:\/\/www.hydraulic-cylinders.net\/es\/wp-json\/wp\/v2\/media\/1288"}],"wp:attachment":[{"href":"https:\/\/www.hydraulic-cylinders.net\/es\/wp-json\/wp\/v2\/media?parent=1286"}],"wp:term":[{"taxonomy":"product_brand","embeddable":true,"href":"https:\/\/www.hydraulic-cylinders.net\/es\/wp-json\/wp\/v2\/product_brand?post=1286"},{"taxonomy":"product_cat","embeddable":true,"href":"https:\/\/www.hydraulic-cylinders.net\/es\/wp-json\/wp\/v2\/product_cat?post=1286"},{"taxonomy":"product_tag","embeddable":true,"href":"https:\/\/www.hydraulic-cylinders.net\/es\/wp-json\/wp\/v2\/product_tag?post=1286"}],"curies":[{"name":"wp","href":"https:\/\/api.w.org\/{rel}","templated":true}]}}