{"id":1420,"date":"2023-09-18T08:30:35","date_gmt":"2023-09-18T08:30:35","guid":{"rendered":"https:\/\/hydraulic-cylinders.net\/?post_type=product&#038;p=1420"},"modified":"2025-04-11T02:57:08","modified_gmt":"2025-04-11T02:57:08","slug":"32-mdc-series-compact-mold-cylinder","status":"publish","type":"product","link":"https:\/\/www.hydraulic-cylinders.net\/es\/producto\/32-mdc-series-compact-mold-cylinder\/","title":{"rendered":"Cilindro de moldeo compacto Serie 32 MDC"},"content":{"rendered":"<h1 style=\"text-align: center;\"><strong>Cilindro de moldeo compacto Serie 32 MDC<\/strong><\/h1>\n<p>El cilindro de molde compacto de la serie 32 MDC es un cilindro hidr\u00e1ulico eficiente y vers\u00e1til, dise\u00f1ado espec\u00edficamente para aplicaciones de troquelado. Gracias a su dise\u00f1o compacto, rendimiento superior y construcci\u00f3n duradera, este cilindro proporciona un funcionamiento fiable y preciso en diversos entornos industriales. Ya sea en m\u00e1quinas de moldeo por inyecci\u00f3n, equipos de fundici\u00f3n a presi\u00f3n u otras aplicaciones relacionadas con el troquelado, el cilindro de molde compacto 32 MDC ofrece una funcionalidad y productividad excepcionales.<\/p>\n<p>\u00b7 MDC es un cilindro hidr\u00e1ulico compacto (cx) con una caja el\u00e9ctrica y un v\u00e1stago para controlar con precisi\u00f3n la posici\u00f3n del neutr\u00f3n del molde.<br \/>\n\u00b7 Cilindro hidr\u00e1ulico apto para uso en moldes de pl\u00e1stico.<\/p>\n<p><img loading=\"lazy\" decoding=\"async\" class=\"wp-image-323230 aligncenter\" src=\"https:\/\/hzpt.com\/wp-content\/uploads\/2023\/09\/mdc-compact-hydraulic-cylinder-7.webp\" alt=\"\" width=\"400\" height=\"400\" \/><\/p>\n<h2><strong>Descripci\u00f3n del modelo de cilindro de molde compacto:<\/strong><\/h2>\n<p><img loading=\"lazy\" decoding=\"async\" class=\"alignnone size-full wp-image-323234\" src=\"https:\/\/hzpt.com\/wp-content\/uploads\/2023\/09\/mdc-compact-hydraulic-cylinder-2.webp\" alt=\"\" width=\"966\" height=\"882\" \/><\/p>\n<h2><strong>Datos caracter\u00edsticos del cilindro de molde compacto:<\/strong><\/h2>\n<p><img loading=\"lazy\" decoding=\"async\" class=\"alignnone size-full wp-image-323236\" src=\"https:\/\/hzpt.com\/wp-content\/uploads\/2023\/09\/mdc-compact-hydraulic-cylinder-3-1.webp\" alt=\"\" width=\"899\" height=\"262\" \/><\/p>\n<h2><strong>Diagrama de estructura de cilindro de molde compacto:<\/strong><\/h2>\n<p><img loading=\"lazy\" decoding=\"async\" class=\"alignnone size-full wp-image-323250\" src=\"https:\/\/hzpt.com\/wp-content\/uploads\/2023\/09\/mdc-compact-hydraulic-cylinder-4-1.webp\" alt=\"\" width=\"737\" height=\"808\" \/><\/p>\n<h2><strong>Diagrama del tama\u00f1o de la conexi\u00f3n del v\u00e1stago del pist\u00f3n:<\/strong><\/h2>\n<p><img loading=\"lazy\" decoding=\"async\" class=\"alignnone size-large wp-image-323239\" src=\"https:\/\/hzpt.com\/wp-content\/uploads\/2023\/09\/mdc-compact-hydraulic-cylinder-5-787x1024.webp\" alt=\"\" width=\"787\" height=\"1024\" \/><\/p>\n<h2><strong>Posici\u00f3n de la hebilla de la caja el\u00e9ctrica, posici\u00f3n del puerto de aceite y posici\u00f3n de la salida de distribuci\u00f3n:<\/strong><\/h2>\n<p><img loading=\"lazy\" decoding=\"async\" class=\"alignnone size-large wp-image-323241\" src=\"https:\/\/hzpt.com\/wp-content\/uploads\/2023\/09\/mdc-compact-hydraulic-cylinder-6-616x1024.webp\" alt=\"\" width=\"616\" height=\"1024\" \/><\/p>\n<h2><strong>Par\u00e1metros del cilindro de molde compacto serie 32 MDC:<\/strong><\/h2>\n<p><img loading=\"lazy\" decoding=\"async\" class=\"alignnone size-large wp-image-323240\" src=\"https:\/\/hzpt.com\/wp-content\/uploads\/2023\/09\/mdc-compact-hydraulic-cylinder-7-1-903x1024.webp\" alt=\"\" width=\"903\" height=\"1024\" \/><\/p>\n<h2><strong>Caracter\u00edsticas y beneficios clave del cilindro de molde compacto serie 32 MDC:<\/strong><\/h2>\n<ol>\n<li><strong>Dise\u00f1o compacto:<\/strong>\n<ul>\n<li>Los cilindros de molde compactos de la serie 32 MDC presentan un dise\u00f1o compacto que se puede integrar f\u00e1cilmente en espacios estrechos y aplicaciones de molde con espacio libre limitado.<\/li>\n<li>Su dise\u00f1o que ahorra espacio garantiza un uso \u00f3ptimo del espacio de trabajo disponible manteniendo un alto rendimiento.<\/li>\n<\/ul>\n<\/li>\n<li><strong>Alta precisi\u00f3n y exactitud:<\/strong>\n<ul>\n<li>El cilindro est\u00e1 dise\u00f1ado para proporcionar un movimiento preciso y exacto, garantizando resultados consistentes y repetibles en la operaci\u00f3n del molde.<\/li>\n<li>Proporciona un excelente control sobre las acciones de apertura, cierre y sujeci\u00f3n del molde, lo que permite una producci\u00f3n de alta calidad.<\/li>\n<\/ul>\n<\/li>\n<li><strong>Construcci\u00f3n robusta:<\/strong>\n<ul>\n<li>Los cilindros de molde compactos de la serie 32 MDC cuentan con materiales y componentes de alta calidad para soportar condiciones de operaci\u00f3n exigentes.<\/li>\n<li>Tiene excelente durabilidad, resistencia al desgaste y una vida \u00fatil prolongada, minimizando el tiempo de inactividad y los costos de mantenimiento.<\/li>\n<\/ul>\n<\/li>\n<li><strong>Tiempo de respuesta r\u00e1pido:<\/strong>\n<ul>\n<li>Con su eficiente sistema hidr\u00e1ulico y dise\u00f1o optimizado, el cilindro proporciona tiempos de respuesta r\u00e1pidos y reduce los tiempos de ciclo para las operaciones de molde.<\/li>\n<li>Una respuesta r\u00e1pida puede mejorar la productividad y aumentar la producci\u00f3n.<\/li>\n<\/ul>\n<\/li>\n<\/ol>\n<h2><strong>\u00bfC\u00f3mo desmontar un cilindro hidr\u00e1ulico?<\/strong><\/h2>\n<p>Para desmontar un cilindro hidr\u00e1ulico, siga estos pasos generales:<\/p>\n<ol>\n<li><strong>Precauciones de seguridad:<\/strong>\n<ul>\n<li>Antes de comenzar, aseg\u00farese de que el sistema hidr\u00e1ulico est\u00e9 despresurizado y la fuente de alimentaci\u00f3n est\u00e9 desconectada.<\/li>\n<li>Utilice equipo de protecci\u00f3n personal adecuado, como guantes y gafas de seguridad, para protegerse de posibles peligros.<\/li>\n<\/ul>\n<\/li>\n<li><strong>Posicionamiento y soporte:<\/strong>\n<ul>\n<li>Coloque el cilindro hidr\u00e1ulico sobre una superficie de trabajo estable, asegur\u00e1ndose de que tenga un apoyo adecuado para evitar movimientos o da\u00f1os accidentales.<\/li>\n<\/ul>\n<\/li>\n<li><strong>Eliminar componentes externos:<\/strong>\n<ul>\n<li>Desconecte cualquier componente externo conectado al cilindro, como mangueras, accesorios o soportes de montaje.<\/li>\n<li>Utilice herramientas adecuadas, como llaves inglesas o alicates, para aflojar y retirar estos componentes con cuidado.<\/li>\n<\/ul>\n<\/li>\n<li><strong>Drenar fluido hidr\u00e1ulico:<\/strong>\n<ul>\n<li>Localice el tap\u00f3n de drenaje o la v\u00e1lvula en el cilindro y ret\u00edrelo para permitir que el fluido hidr\u00e1ulico se drene en un recipiente adecuado.<\/li>\n<li>Coloque el cilindro de manera que facilite el drenaje completo.<\/li>\n<\/ul>\n<\/li>\n<li><strong>Desmontar las tapas de los extremos:<\/strong>\n<ul>\n<li>Identifique las tapas del cilindro hidr\u00e1ulico. Generalmente se encuentran en cada extremo del cuerpo del cilindro.<\/li>\n<li>Retire pernos, tornillos o sujetadores, asegurando las tapas de los extremos usando las herramientas adecuadas.<\/li>\n<li>Si es necesario, golpee suavemente las tapas de los extremos con un mazo de goma para romper cualquier sello o uni\u00f3n adhesiva.<\/li>\n<\/ul>\n<\/li>\n<li><strong>Componentes del cilindro separados:<\/strong>\n<ul>\n<li>Con las tapas de los extremos quitadas, deslice con cuidado el pist\u00f3n y el v\u00e1stago del pist\u00f3n fuera del cuerpo del cilindro.<\/li>\n<li>Preste atenci\u00f3n a los sellos, cojinetes o bujes presentes y ret\u00edrelos seg\u00fan sea necesario.<\/li>\n<li>Tenga en cuenta el orden y la orientaci\u00f3n de los componentes para facilitar el reensamblaje.<\/li>\n<\/ul>\n<\/li>\n<li><strong>Inspeccionar y limpiar los componentes:<\/strong>\n<ul>\n<li>Inspeccione cada componente desmontado para detectar signos de desgaste, da\u00f1os o contaminaci\u00f3n.<\/li>\n<li>Limpie todos los componentes utilizando un solvente o limpiador adecuado para eliminar suciedad, residuos o lubricante viejo.<\/li>\n<li>Utilice un pa\u00f1o suave o un cepillo para limpiar suavemente las superficies sin causar ning\u00fan da\u00f1o.<\/li>\n<\/ul>\n<\/li>\n<li><strong>Reemplazar o reparar componentes:<\/strong>\n<ul>\n<li>Si alguno de los componentes muestra un desgaste o da\u00f1o significativo, considere reemplazarlo por uno nuevo.<\/li>\n<li>Reparar o reconstruir componentes, como reemplazar sellos o reacondicionar la varilla del pist\u00f3n.<\/li>\n<\/ul>\n<\/li>\n<li><strong>Reensamblaje:<\/strong>\n<ul>\n<li>Siga el orden inverso al desmontaje para volver a montar el cilindro hidr\u00e1ulico, asegur\u00e1ndose de la alineaci\u00f3n y orientaci\u00f3n adecuadas de los componentes.<\/li>\n<li>Lubrique las piezas adecuadas con el fluido hidr\u00e1ulico o lubricante recomendado durante el reensamblaje.<\/li>\n<li>Apriete todos los sujetadores seg\u00fan las especificaciones del fabricante, utilizando una llave dinamom\u00e9trica si es necesario.<\/li>\n<\/ul>\n<\/li>\n<li><strong>Pruebas e inspecci\u00f3n:<\/strong><\/li>\n<\/ol>\n<ul>\n<li>Una vez reensamblado, realice una inspecci\u00f3n exhaustiva para asegurarse de que todos los componentes est\u00e9n correctamente alineados y asegurados.<\/li>\n<li>Pruebe el cilindro hidr\u00e1ulico de forma controlada para verificar su funcionalidad y comprobar si hay fugas o funcionamiento anormal.<\/li>\n<\/ul>\n<h2><strong>Capacidad de la f\u00e1brica:<\/strong><\/h2>\n<h3>(1) Montaje<\/h3>\n<p>Contamos con una plataforma de ensamblaje independiente de primera clase para investigaci\u00f3n y desarrollo. El taller de producci\u00f3n de cilindros hidr\u00e1ulicos cuenta con cuatro l\u00edneas de ensamblaje de cilindros de elevaci\u00f3n semiautom\u00e1ticos y una l\u00ednea de ensamblaje de cilindros de inclinaci\u00f3n autom\u00e1ticos, con una capacidad de producci\u00f3n anual dise\u00f1ada de 1 mill\u00f3n de piezas. El taller de cilindros especiales est\u00e1 equipado con un sistema de ensamblaje de limpieza semiautom\u00e1tico de diversas especificaciones, con una capacidad de producci\u00f3n anual dise\u00f1ada de 200,000 unidades, y est\u00e1 equipado con reconocidos equipos de mecanizado CNC, un centro de mecanizado, equipos especiales de procesamiento de cilindros de alta precisi\u00f3n, una m\u00e1quina de soldadura robotizada, una m\u00e1quina de limpieza autom\u00e1tica, una m\u00e1quina de ensamblaje de cilindros autom\u00e1ticos y una l\u00ednea de producci\u00f3n de pintura autom\u00e1tica. Contamos con m\u00e1s de 300 equipos cr\u00edticos. La asignaci\u00f3n \u00f3ptima y el uso eficiente de los recursos de equipo garantizan la precisi\u00f3n y la alta calidad de los productos.<\/p>\n<p><img loading=\"lazy\" decoding=\"async\" class=\"alignnone wp-image-626\" src=\"https:\/\/hydraulic-cylinders.net\/wp-content\/uploads\/2023\/08\/hydraulic-cylinder-product-1-300x158.webp\" alt=\"\" width=\"495\" height=\"260\" srcset=\"https:\/\/hydraulic-cylinders.net\/wp-content\/uploads\/2023\/08\/hydraulic-cylinder-product-1-300x158.webp 495w, https:\/\/hydraulic-cylinders.net\/wp-content\/uploads\/2023\/08\/hydraulic-cylinder-product-1-480x252.webp 480w\" sizes=\"(min-width: 0px) and (max-width: 480px) 480px, (min-width: 481px) 495px, 100vw\" \/> <img loading=\"lazy\" decoding=\"async\" class=\"alignnone wp-image-627\" src=\"https:\/\/hydraulic-cylinders.net\/wp-content\/uploads\/2023\/08\/hydraulic-cylinder-product-2-300x189.webp\" alt=\"\" width=\"413\" height=\"260\" \/><\/p>\n<h3>(2) Mecanizado<\/h3>\n<p>El taller de mecanizado est\u00e1 equipado con un centro de torneado de carril inclinado personalizado, un centro de mecanizado, una m\u00e1quina de bru\u00f1ido de alta velocidad, un robot de soldadura y otros equipos relacionados, que pueden procesar tubos cil\u00edndricos con un di\u00e1metro interior m\u00e1ximo de 400 mm y una longitud m\u00e1xima de 6 metros.<\/p>\n<p><img loading=\"lazy\" decoding=\"async\" class=\"alignnone wp-image-628 size-large\" src=\"https:\/\/hydraulic-cylinders.net\/wp-content\/uploads\/2023\/08\/hydraulic-cylinder-product-3-1024x391.webp\" alt=\"\" width=\"1024\" height=\"391\" srcset=\"https:\/\/hydraulic-cylinders.net\/wp-content\/uploads\/2023\/08\/hydraulic-cylinder-product-3-980x374.webp 980w, https:\/\/hydraulic-cylinders.net\/wp-content\/uploads\/2023\/08\/hydraulic-cylinder-product-3-480x183.webp 480w\" sizes=\"(min-width: 0px) and (max-width: 480px) 480px, (min-width: 481px) and (max-width: 980px) 980px, (min-width: 981px) 1024px, 100vw\" \/><\/p>\n<h3>(3) Soldadura<\/h3>\n<p><img loading=\"lazy\" decoding=\"async\" class=\"alignnone wp-image-629 size-large\" src=\"https:\/\/hydraulic-cylinders.net\/wp-content\/uploads\/2023\/08\/hydraulic-cylinder-product-4-1024x510.webp\" alt=\"\" width=\"1024\" height=\"510\" srcset=\"https:\/\/hydraulic-cylinders.net\/wp-content\/uploads\/2023\/08\/hydraulic-cylinder-product-4-980x488.webp 980w, https:\/\/hydraulic-cylinders.net\/wp-content\/uploads\/2023\/08\/hydraulic-cylinder-product-4-480x239.webp 480w\" sizes=\"(min-width: 0px) and (max-width: 480px) 480px, (min-width: 481px) and (max-width: 980px) 980px, (min-width: 981px) 1024px, 100vw\" \/><\/p>\n<h3>(4) Pintura y revestimiento<\/h3>\n<p>Con peque\u00f1as y medianas l\u00edneas de cilindros autom\u00e1ticos de recubrimiento de pintura a base de agua, para lograr la carga y descarga autom\u00e1tica de robots y pulverizaci\u00f3n autom\u00e1tica, la capacidad de dise\u00f1o de 4000 piezas por turno;<br \/>\nTambi\u00e9n disponemos de una l\u00ednea semiautom\u00e1tica de producci\u00f3n de pintura para grandes cilindros accionada por cadena, con una capacidad de dise\u00f1o de 60 cajas por turno.<\/p>\n<p><img loading=\"lazy\" decoding=\"async\" class=\"alignnone wp-image-630\" src=\"https:\/\/hydraulic-cylinders.net\/wp-content\/uploads\/2023\/08\/hydraulic-cylinder-product-5-300x213.webp\" alt=\"\" width=\"366\" height=\"260\" \/> <img loading=\"lazy\" decoding=\"async\" class=\"alignnone wp-image-631\" src=\"https:\/\/hydraulic-cylinders.net\/wp-content\/uploads\/2023\/08\/hydraulic-cylinder-product-6-300x225.webp\" alt=\"\" width=\"347\" height=\"260\" \/><\/p>\n<h3>(5) Pruebas<\/h3>\n<p>Disponemos de instalaciones de inspecci\u00f3n y bancos de pruebas de primera clase para garantizar que el rendimiento del cilindro cumple los requisitos.<\/p>\n<p><img loading=\"lazy\" decoding=\"async\" class=\"alignnone wp-image-632\" src=\"https:\/\/hydraulic-cylinders.net\/wp-content\/uploads\/2023\/08\/hydraulic-cylinder-product-8-300x200.webp\" alt=\"\" width=\"389\" height=\"260\" \/><\/p>\n<p>&nbsp;<\/p>\n<p>&nbsp;<\/p>\n<p>Somos uno de los mejores fabricantes de cilindros hidr\u00e1ulicos compactos. Ofrecemos un amplio stock de cilindros hidr\u00e1ulicos compactos. Tambi\u00e9n proporcionamos... <a href=\"https:\/\/hzpt.com\/agricultural-pto-gearbox\/\" target=\"_blank\" rel=\"noopener\">cajas de cambios agr\u00edcolas<\/a>Hemos exportado nuestros productos a clientes de todo el mundo y nos hemos ganado una excelente reputaci\u00f3n gracias a nuestra excelente calidad y servicio posventa. Invitamos a clientes nacionales e internacionales a contactarnos para negociar negocios, intercambiar informaci\u00f3n y... <a href=\"https:\/\/www.hydraulic-cylinders.net\/es\/contact-us\/\">colabore con nosotros<\/a>!<\/p>\n<h2><\/h2>","protected":false},"excerpt":{"rendered":"<p>32 MDC Series Compact Mold Cylinder The 32 MDC Series compact mold cylinder is an efficient and versatile hydraulic cylinder designed specifically for die applications. With its compact design, superior performance, and durable construction, this cylinder provides reliable and precise operation in various industrial environments. Whether used in injection molding machines, die-casting equipment, or other [&hellip;]<\/p>","protected":false},"featured_media":1421,"comment_status":"open","ping_status":"closed","template":"","meta":{"_et_pb_use_builder":"","_et_pb_old_content":"","_et_gb_content_width":""},"product_brand":[],"product_cat":[1523,1549,1376],"product_tag":[1380],"class_list":{"0":"post-1420","1":"product","2":"type-product","3":"status-publish","4":"has-post-thumbnail","6":"product_cat-injection-molding-hydraulic-cylinders","7":"product_cat-single-acting-hydraulic-cylinder","8":"product_cat-hydraulic-cylinder","9":"product_tag-hydraulic-cylinder","11":"first","12":"instock","13":"shipping-taxable","14":"product-type-simple"},"amp_enabled":true,"_links":{"self":[{"href":"https:\/\/www.hydraulic-cylinders.net\/es\/wp-json\/wp\/v2\/product\/1420","targetHints":{"allow":["GET"]}}],"collection":[{"href":"https:\/\/www.hydraulic-cylinders.net\/es\/wp-json\/wp\/v2\/product"}],"about":[{"href":"https:\/\/www.hydraulic-cylinders.net\/es\/wp-json\/wp\/v2\/types\/product"}],"replies":[{"embeddable":true,"href":"https:\/\/www.hydraulic-cylinders.net\/es\/wp-json\/wp\/v2\/comments?post=1420"}],"wp:featuredmedia":[{"embeddable":true,"href":"https:\/\/www.hydraulic-cylinders.net\/es\/wp-json\/wp\/v2\/media\/1421"}],"wp:attachment":[{"href":"https:\/\/www.hydraulic-cylinders.net\/es\/wp-json\/wp\/v2\/media?parent=1420"}],"wp:term":[{"taxonomy":"product_brand","embeddable":true,"href":"https:\/\/www.hydraulic-cylinders.net\/es\/wp-json\/wp\/v2\/product_brand?post=1420"},{"taxonomy":"product_cat","embeddable":true,"href":"https:\/\/www.hydraulic-cylinders.net\/es\/wp-json\/wp\/v2\/product_cat?post=1420"},{"taxonomy":"product_tag","embeddable":true,"href":"https:\/\/www.hydraulic-cylinders.net\/es\/wp-json\/wp\/v2\/product_tag?post=1420"}],"curies":[{"name":"wp","href":"https:\/\/api.w.org\/{rel}","templated":true}]}}