{"id":1431,"date":"2023-09-19T08:50:37","date_gmt":"2023-09-19T08:50:37","guid":{"rendered":"https:\/\/hydraulic-cylinders.net\/?post_type=product&#038;p=1431"},"modified":"2025-04-11T03:49:40","modified_gmt":"2025-04-11T03:49:40","slug":"50-100-double-acting-single-axis-flange-type-mdc-series-compact-mold-cylinder","status":"publish","type":"product","link":"https:\/\/www.hydraulic-cylinders.net\/es\/producto\/50-100-double-acting-single-axis-flange-type-mdc-series-compact-mold-cylinder\/","title":{"rendered":"50-100 Cilindro compacto de doble efecto y un eje con brida serie MDC"},"content":{"rendered":"<h1 style=\"text-align: center;\"><strong>50-100 Cilindro compacto de doble efecto y un eje con brida serie MDC<\/strong><\/h1>\n<p>The double acting single axis flange type MDC series compact mold cylinder is a cutting-edge hydraulic cylinder designed specifically for mold applications. With its exceptional features, reliable performance, and compact design, this cylinder offers outstanding functionality and efficiency in various industrial settings. Whether used in injection molding machines, die-casting equipment, or other mold-related applications, the double-acting single-axis flange type MDC series compact mold cylinder provides precise control and optimal productivity.<\/p>\n<p>\u00b7 MDC es un cilindro hidr\u00e1ulico compacto (cx) con una caja el\u00e9ctrica y un v\u00e1stago para controlar con precisi\u00f3n la posici\u00f3n del neutr\u00f3n del molde.<br \/>\n\u00b7 Cilindro hidr\u00e1ulico apto para uso en moldes de pl\u00e1stico.<\/p>\n<p><img loading=\"lazy\" decoding=\"async\" class=\"wp-image-323506 aligncenter\" src=\"https:\/\/hzpt.com\/wp-content\/uploads\/2023\/09\/mdc-compact-hydraulic-cylinder-12.webp\" alt=\"\" width=\"400\" height=\"400\" \/><\/p>\n<h2><strong>Descripci\u00f3n del modelo de cilindro de molde compacto:<\/strong><\/h2>\n<p><img loading=\"lazy\" decoding=\"async\" class=\"alignnone size-full wp-image-323234\" src=\"https:\/\/hzpt.com\/wp-content\/uploads\/2023\/09\/mdc-compact-hydraulic-cylinder-2.webp\" alt=\"\" width=\"966\" height=\"882\" \/><\/p>\n<h2><strong>Datos caracter\u00edsticos del cilindro de molde compacto:<\/strong><\/h2>\n<p><img loading=\"lazy\" decoding=\"async\" class=\"alignnone size-full wp-image-323236\" src=\"https:\/\/hzpt.com\/wp-content\/uploads\/2023\/09\/mdc-compact-hydraulic-cylinder-3-1.webp\" alt=\"\" width=\"899\" height=\"262\" \/><\/p>\n<h2><strong>Diagrama de estructura de cilindro de molde compacto:<\/strong><\/h2>\n<p><img loading=\"lazy\" decoding=\"async\" class=\"alignnone size-full wp-image-323250\" src=\"https:\/\/hzpt.com\/wp-content\/uploads\/2023\/09\/mdc-compact-hydraulic-cylinder-4-1.webp\" alt=\"\" width=\"737\" height=\"808\" \/><\/p>\n<h2><strong>Diagrama del tama\u00f1o de la conexi\u00f3n del v\u00e1stago del pist\u00f3n:<\/strong><\/h2>\n<p><img loading=\"lazy\" decoding=\"async\" class=\"alignnone size-large wp-image-323239\" src=\"https:\/\/hzpt.com\/wp-content\/uploads\/2023\/09\/mdc-compact-hydraulic-cylinder-5-787x1024.webp\" alt=\"\" width=\"787\" height=\"1024\" \/><\/p>\n<h2><strong>Posici\u00f3n de la hebilla de la caja el\u00e9ctrica, posici\u00f3n del puerto de aceite y posici\u00f3n de la salida de distribuci\u00f3n:<\/strong><\/h2>\n<p><img loading=\"lazy\" decoding=\"async\" class=\"alignnone size-large wp-image-323241\" src=\"https:\/\/hzpt.com\/wp-content\/uploads\/2023\/09\/mdc-compact-hydraulic-cylinder-6-616x1024.webp\" alt=\"\" width=\"616\" height=\"1024\" \/><\/p>\n<h2><strong>50-100 50-100 Double Acting Single Axis Flange Type MDC Series Compact Mold Cylinder:<\/strong><\/h2>\n<p><img loading=\"lazy\" decoding=\"async\" class=\"alignnone size-large wp-image-323277\" src=\"https:\/\/hzpt.com\/wp-content\/uploads\/2023\/09\/mdc-compact-hydraulic-cylinder-11-1-878x1024.webp\" alt=\"\" width=\"878\" height=\"1024\" \/><\/p>\n<h2><strong>Key Characteristics and Benefits Of 50-100 Double Acting Single Axis Flange Type MDC Series Compact Mold Cylinder:<\/strong><\/h2>\n<ol>\n<li><strong>Dise\u00f1o de doble acci\u00f3n:<\/strong><\/li>\n<\/ol>\n<ul>\n<li>Double-acting single-axis flanged MDC Series compact cylinders operate in both directions, allowing two-way movement.<\/li>\n<li>Este dise\u00f1o puede controlar de manera efectiva y precisa la acci\u00f3n de apertura y cierre del molde y mejorar la flexibilidad de la operaci\u00f3n.<\/li>\n<\/ul>\n<ol start=\"2\">\n<li><strong>Configuraci\u00f3n de un solo eje:<\/strong><\/li>\n<\/ol>\n<ul>\n<li>This cylinder is designed for uniaxial motion, providing linear motion in one direction.<\/li>\n<li>The single-axis configuration is ideal for applications requiring a direct mold action, ensuring simplicity and ease of use.<\/li>\n<\/ul>\n<ol start=\"3\">\n<li><strong>Flange Type Construction:<\/strong><\/li>\n<\/ol>\n<ul>\n<li>The MDC series compact mold cylinders are designed with flanges for easy installation and integration into the mold system.<\/li>\n<li>Flanges provide secure and rigid mounting connections to ensure stability during operation.<\/li>\n<\/ul>\n<ol start=\"4\">\n<li><strong>Compacto y ahorra espacio:<\/strong><\/li>\n<\/ol>\n<ul>\n<li>The compact design of the MDC Series compact mold cylinders optimizes the space utilization of the mold system with limited clearance.<\/li>\n<li>Its space-saving structure allows easy integration into tight Spaces, ensuring efficient use of available workspace.<\/li>\n<\/ul>\n<h2><strong>\u00bfC\u00f3mo purgar el aire de un cilindro hidr\u00e1ulico?<\/strong><\/h2>\n<p>Retirar un cilindro hidr\u00e1ulico de una cargadora frontal requiere una preparaci\u00f3n y una ejecuci\u00f3n cuidadosas. Aqu\u00ed tiene una gu\u00eda paso a paso para ayudarle en el proceso:<\/p>\n<ol>\n<li><strong>Seguridad ante todo:<\/strong>\n<ul>\n<li>Antes de comenzar a trabajar, aseg\u00farese de que el cargador frontal est\u00e9 estacionado en una superficie nivelada y que el motor est\u00e9 apagado.<\/li>\n<li>Active el freno de estacionamiento y coloque calzos detr\u00e1s de las ruedas traseras para evitar movimientos accidentales.<\/li>\n<li>Use equipo de protecci\u00f3n personal (EPP) adecuado, incluidos guantes y gafas de seguridad.<\/li>\n<\/ul>\n<\/li>\n<li><strong>Identificar el cilindro:<\/strong>\n<ul>\n<li>Localice el cilindro hidr\u00e1ulico que desea retirar. Este estar\u00e1 conectado al sistema hidr\u00e1ulico de la cargadora y fijado a puntos de montaje espec\u00edficos.<\/li>\n<\/ul>\n<\/li>\n<li><strong>Alivio de la presi\u00f3n hidr\u00e1ulica:<\/strong>\n<ul>\n<li>Para evitar movimientos repentinos o posibles lesiones, alivie la presi\u00f3n hidr\u00e1ulica en el sistema antes de desconectar el cilindro.<\/li>\n<li>Arranque el motor y accione los controles hidr\u00e1ulicos del cargador para mover el cuchar\u00f3n o el accesorio a una posici\u00f3n completamente extendida o elevada.<\/li>\n<li>Apague el motor y libere la presi\u00f3n restante accionando los controles hidr\u00e1ulicos unas cuantas veces.<\/li>\n<\/ul>\n<\/li>\n<li><strong>Desconectar las conexiones hidr\u00e1ulicas:<\/strong>\n<ul>\n<li>Localice las mangueras o l\u00edneas hidr\u00e1ulicas conectadas al cilindro. Estas suelen estar fijadas con accesorios, pernos o acoplamientos r\u00e1pidos.<\/li>\n<li>Afloje y desconecte con cuidado las conexiones hidr\u00e1ulicas, utilizando las herramientas adecuadas seg\u00fan sea necesario.<\/li>\n<li>Est\u00e9 preparado para que haya fugas de l\u00edquido hidr\u00e1ulico, as\u00ed que tenga a mano un recipiente colector o material absorbente para minimizar los derrames.<\/li>\n<\/ul>\n<\/li>\n<li><strong>Retire el hardware de montaje:<\/strong>\n<ul>\n<li>Identifique los puntos de montaje donde se fija el cilindro a la estructura del cargador. Estos pueden incluir pasadores, pernos o soportes.<\/li>\n<li>Retire los pasadores o pernos de retenci\u00f3n que fijan el cilindro al cargador utilizando las herramientas adecuadas.<\/li>\n<li>Realice un seguimiento del hardware a medida que lo retira, asegur\u00e1ndose de que no se pierda ni se extrav\u00ede.<\/li>\n<\/ul>\n<\/li>\n<li><strong>Desmontar el cilindro:<\/strong>\n<ul>\n<li>Con las conexiones hidr\u00e1ulicas y el hardware de montaje quitados, el cilindro ahora deber\u00eda poder separarse.<\/li>\n<li>Deslice o maniobre con cuidado el cilindro fuera de su posici\u00f3n de montaje, sin da\u00f1ar ning\u00fan componente circundante ni l\u00edneas hidr\u00e1ulicas.<\/li>\n<li>Utilice equipo de elevaci\u00f3n o asistencia para manipular y retirar el cilindro del cargador de forma segura.<\/li>\n<\/ul>\n<\/li>\n<li><strong>Almacenamiento y mantenimiento adecuados:<\/strong>\n<ul>\n<li>Una vez retirado el cilindro, inspecci\u00f3nelo para detectar cualquier signo de da\u00f1o o desgaste. Reemplace los sellos o componentes desgastados, si es necesario.<\/li>\n<li>Guarde el cilindro hidr\u00e1ulico en un \u00e1rea limpia y seca, protegida del polvo, la humedad y temperaturas extremas.<\/li>\n<li>Si el cilindro requiere mantenimiento adicional, consulte las pautas del fabricante o busque asistencia profesional.<\/li>\n<\/ul>\n<\/li>\n<\/ol>\n<h2><strong>Capacidad de la f\u00e1brica:<\/strong><\/h2>\n<h3>(1) Montaje<\/h3>\n<p>Contamos con una plataforma de ensamblaje independiente de primera clase para investigaci\u00f3n y desarrollo. El taller de producci\u00f3n de cilindros hidr\u00e1ulicos cuenta con cuatro l\u00edneas de ensamblaje de cilindros de elevaci\u00f3n semiautom\u00e1ticos y una l\u00ednea de ensamblaje de cilindros de inclinaci\u00f3n autom\u00e1ticos, con una capacidad de producci\u00f3n anual dise\u00f1ada de 1 mill\u00f3n de piezas. El taller de cilindros especiales est\u00e1 equipado con un sistema de ensamblaje de limpieza semiautom\u00e1tico de diversas especificaciones, con una capacidad de producci\u00f3n anual dise\u00f1ada de 200,000 unidades, y est\u00e1 equipado con reconocidos equipos de mecanizado CNC, un centro de mecanizado, equipos especiales de procesamiento de cilindros de alta precisi\u00f3n, una m\u00e1quina de soldadura robotizada, una m\u00e1quina de limpieza autom\u00e1tica, una m\u00e1quina de ensamblaje de cilindros autom\u00e1ticos y una l\u00ednea de producci\u00f3n de pintura autom\u00e1tica. Contamos con m\u00e1s de 300 equipos cr\u00edticos. La asignaci\u00f3n \u00f3ptima y el uso eficiente de los recursos de equipo garantizan la precisi\u00f3n y la alta calidad de los productos.<\/p>\n<p><img loading=\"lazy\" decoding=\"async\" class=\"alignnone wp-image-626\" src=\"https:\/\/hydraulic-cylinders.net\/wp-content\/uploads\/2023\/08\/hydraulic-cylinder-product-1-300x158.webp\" alt=\"\" width=\"495\" height=\"260\" srcset=\"https:\/\/hydraulic-cylinders.net\/wp-content\/uploads\/2023\/08\/hydraulic-cylinder-product-1-300x158.webp 495w, https:\/\/hydraulic-cylinders.net\/wp-content\/uploads\/2023\/08\/hydraulic-cylinder-product-1-480x252.webp 480w\" sizes=\"(min-width: 0px) and (max-width: 480px) 480px, (min-width: 481px) 495px, 100vw\" \/> <img loading=\"lazy\" decoding=\"async\" class=\"alignnone wp-image-627\" src=\"https:\/\/hydraulic-cylinders.net\/wp-content\/uploads\/2023\/08\/hydraulic-cylinder-product-2-300x189.webp\" alt=\"\" width=\"413\" height=\"260\" \/><\/p>\n<h3>(2) Mecanizado<\/h3>\n<p>El taller de mecanizado est\u00e1 equipado con un centro de torneado de carril inclinado personalizado, un centro de mecanizado, una m\u00e1quina de bru\u00f1ido de alta velocidad, un robot de soldadura y otros equipos relacionados, que pueden procesar tubos cil\u00edndricos con un di\u00e1metro interior m\u00e1ximo de 400 mm y una longitud m\u00e1xima de 6 metros.<\/p>\n<p><img loading=\"lazy\" decoding=\"async\" class=\"alignnone wp-image-628 size-large\" src=\"https:\/\/hydraulic-cylinders.net\/wp-content\/uploads\/2023\/08\/hydraulic-cylinder-product-3-1024x391.webp\" alt=\"\" width=\"1024\" height=\"391\" srcset=\"https:\/\/hydraulic-cylinders.net\/wp-content\/uploads\/2023\/08\/hydraulic-cylinder-product-3-980x374.webp 980w, https:\/\/hydraulic-cylinders.net\/wp-content\/uploads\/2023\/08\/hydraulic-cylinder-product-3-480x183.webp 480w\" sizes=\"(min-width: 0px) and (max-width: 480px) 480px, (min-width: 481px) and (max-width: 980px) 980px, (min-width: 981px) 1024px, 100vw\" \/><\/p>\n<h3>(3) Soldadura<\/h3>\n<p><img loading=\"lazy\" decoding=\"async\" class=\"alignnone wp-image-629 size-large\" src=\"https:\/\/hydraulic-cylinders.net\/wp-content\/uploads\/2023\/08\/hydraulic-cylinder-product-4-1024x510.webp\" alt=\"\" width=\"1024\" height=\"510\" srcset=\"https:\/\/hydraulic-cylinders.net\/wp-content\/uploads\/2023\/08\/hydraulic-cylinder-product-4-980x488.webp 980w, https:\/\/hydraulic-cylinders.net\/wp-content\/uploads\/2023\/08\/hydraulic-cylinder-product-4-480x239.webp 480w\" sizes=\"(min-width: 0px) and (max-width: 480px) 480px, (min-width: 481px) and (max-width: 980px) 980px, (min-width: 981px) 1024px, 100vw\" \/><\/p>\n<h3>(4) Pintura y revestimiento<\/h3>\n<p>Con peque\u00f1as y medianas l\u00edneas de cilindros autom\u00e1ticos de recubrimiento de pintura a base de agua, para lograr la carga y descarga autom\u00e1tica de robots y pulverizaci\u00f3n autom\u00e1tica, la capacidad de dise\u00f1o de 4000 piezas por turno;<br \/>\nTambi\u00e9n disponemos de una l\u00ednea semiautom\u00e1tica de producci\u00f3n de pintura para grandes cilindros accionada por cadena, con una capacidad de dise\u00f1o de 60 cajas por turno.<\/p>\n<p><img loading=\"lazy\" decoding=\"async\" class=\"alignnone wp-image-630\" src=\"https:\/\/hydraulic-cylinders.net\/wp-content\/uploads\/2023\/08\/hydraulic-cylinder-product-5-300x213.webp\" alt=\"\" width=\"366\" height=\"260\" \/> <img loading=\"lazy\" decoding=\"async\" class=\"alignnone wp-image-631\" src=\"https:\/\/hydraulic-cylinders.net\/wp-content\/uploads\/2023\/08\/hydraulic-cylinder-product-6-300x225.webp\" alt=\"\" width=\"347\" height=\"260\" \/><\/p>\n<h3>(5) Pruebas<\/h3>\n<p>Disponemos de instalaciones de inspecci\u00f3n y bancos de pruebas de primera clase para garantizar que el rendimiento del cilindro cumple los requisitos.<\/p>\n<p><img loading=\"lazy\" decoding=\"async\" class=\"alignnone wp-image-632\" src=\"https:\/\/hydraulic-cylinders.net\/wp-content\/uploads\/2023\/08\/hydraulic-cylinder-product-8-300x200.webp\" alt=\"\" width=\"389\" height=\"260\" \/><\/p>\n<p>&nbsp;<\/p>\n<p>&nbsp;<\/p>\n<p>Somos uno de los mejores fabricantes de cilindros hidr\u00e1ulicos compactos. Ofrecemos un amplio stock de cilindros hidr\u00e1ulicos compactos. Tambi\u00e9n proporcionamos... <a href=\"https:\/\/hzpt.com\/agricultural-pto-gearbox\/\" target=\"_blank\" rel=\"noopener\">cajas de cambios agr\u00edcolas<\/a>Hemos exportado nuestros productos a clientes de todo el mundo y nos hemos ganado una excelente reputaci\u00f3n gracias a nuestra excelente calidad y servicio posventa. Invitamos a clientes nacionales e internacionales a contactarnos para negociar negocios, intercambiar informaci\u00f3n y... <a href=\"https:\/\/www.hydraulic-cylinders.net\/es\/contact-us\/\">colabore con nosotros<\/a>!<\/p>","protected":false},"excerpt":{"rendered":"<p>50-100 Double Acting Single Axis Flange Type MDC Series Compact Mold Cylinder The double acting single axis flange type MDC series compact mold cylinder is a cutting-edge hydraulic cylinder designed specifically for mold applications. With its exceptional features, reliable performance, and compact design, this cylinder offers outstanding functionality and efficiency in various industrial settings. Whether [&hellip;]<\/p>","protected":false},"featured_media":1433,"comment_status":"open","ping_status":"closed","template":"","meta":{"_et_pb_use_builder":"","_et_pb_old_content":"","_et_gb_content_width":""},"product_brand":[],"product_cat":[1376,1550,1523],"product_tag":[1394,1380],"class_list":{"0":"post-1431","1":"product","2":"type-product","3":"status-publish","4":"has-post-thumbnail","6":"product_cat-hydraulic-cylinder","7":"product_cat-double-acting-hydraulic-cylinder","8":"product_cat-injection-molding-hydraulic-cylinders","9":"product_tag-compact-mold-cylinder","10":"product_tag-hydraulic-cylinder","12":"first","13":"instock","14":"shipping-taxable","15":"product-type-simple"},"amp_enabled":true,"_links":{"self":[{"href":"https:\/\/www.hydraulic-cylinders.net\/es\/wp-json\/wp\/v2\/product\/1431","targetHints":{"allow":["GET"]}}],"collection":[{"href":"https:\/\/www.hydraulic-cylinders.net\/es\/wp-json\/wp\/v2\/product"}],"about":[{"href":"https:\/\/www.hydraulic-cylinders.net\/es\/wp-json\/wp\/v2\/types\/product"}],"replies":[{"embeddable":true,"href":"https:\/\/www.hydraulic-cylinders.net\/es\/wp-json\/wp\/v2\/comments?post=1431"}],"wp:featuredmedia":[{"embeddable":true,"href":"https:\/\/www.hydraulic-cylinders.net\/es\/wp-json\/wp\/v2\/media\/1433"}],"wp:attachment":[{"href":"https:\/\/www.hydraulic-cylinders.net\/es\/wp-json\/wp\/v2\/media?parent=1431"}],"wp:term":[{"taxonomy":"product_brand","embeddable":true,"href":"https:\/\/www.hydraulic-cylinders.net\/es\/wp-json\/wp\/v2\/product_brand?post=1431"},{"taxonomy":"product_cat","embeddable":true,"href":"https:\/\/www.hydraulic-cylinders.net\/es\/wp-json\/wp\/v2\/product_cat?post=1431"},{"taxonomy":"product_tag","embeddable":true,"href":"https:\/\/www.hydraulic-cylinders.net\/es\/wp-json\/wp\/v2\/product_tag?post=1431"}],"curies":[{"name":"wp","href":"https:\/\/api.w.org\/{rel}","templated":true}]}}