{"id":14688,"date":"2025-01-18T08:01:00","date_gmt":"2025-01-18T08:01:00","guid":{"rendered":"https:\/\/www.hydraulic-cylinders.net\/product\/replacement-of-an401944-hydraulic-cylinder-2\/"},"modified":"2025-01-18T08:01:02","modified_gmt":"2025-01-18T08:01:02","slug":"replacement-of-an401944-hydraulic-cylinder-2","status":"publish","type":"product","link":"https:\/\/www.hydraulic-cylinders.net\/es\/producto\/replacement-of-an401944-hydraulic-cylinder-2\/","title":{"rendered":"Reemplazo del cilindro hidr\u00e1ulico AN401944"},"content":{"rendered":"<h1>Reemplazo del cilindro hidr\u00e1ulico AN401944<\/h1>\n<p>El cilindro hidr\u00e1ulico de repuesto AN401944 es un componente esencial en diversas m\u00e1quinas y equipos de servicio pesado. Est\u00e1 dise\u00f1ado para proporcionar potencia hidr\u00e1ulica a las m\u00e1quinas y equipos para su correcto funcionamiento. Este cilindro hidr\u00e1ulico pesa 24 kg (53,111 lb), tiene una altura de 13,5 cm (5,3 pulgadas) y una longitud de 86 cm (34 pulgadas). Es compatible con el modelo 5430I.<\/p>\n<h2>Especificaciones y modelo<\/h2>\n<h3>Presupuesto<\/h3>\n<ul>\n<li>Peso: 53.111 libras<\/li>\n<li>Altura: 5,3 pulgadas<\/li>\n<li>Longitud: 34 pulgadas<\/li>\n<\/ul>\n<h3>Modelo<\/h3>\n<p>Este cilindro hidr\u00e1ulico est\u00e1 dise\u00f1ado para adaptarse al modelo 5430I.<\/p>\n<h2>Caracter\u00edsticas<\/h2>\n<p>Nuestro reemplazo de cilindro hidr\u00e1ulico AN401944 tiene las siguientes caracter\u00edsticas:<\/p>\n<ul>\n<li>Alta durabilidad y resistencia.<\/li>\n<li>Excelente rendimiento de sellado<\/li>\n<li>F\u00e1cil de instalar y mantener.<\/li>\n<li>Reemplazo rentable de cilindros hidr\u00e1ulicos originales<\/li>\n<li>Compatible con varias m\u00e1quinas y equipos.<\/li>\n<\/ul>\n<p>Como fabricante confiable, podemos producir este producto para reemplazar perfectamente estos cilindros hidr\u00e1ulicos:<\/p>\n<ul>\n<li>John Deere AN401944<\/li>\n<li>Caso IH A184785<\/li>\n<li>Nueva Holanda 86570977<\/li>\n<li>Oruga 1710039<\/li>\n<li>Y m\u00e1s<\/li>\n<\/ul>\n<h2>Aplicaciones<\/h2>\n<p>El reemplazo del cilindro hidr\u00e1ulico AN401944 se utiliza en diversas industrias para distintos prop\u00f3sitos. Algunas de sus aplicaciones incluyen:<\/p>\n<h3>Construcci\u00f3n<\/h3>\n<p>Este cilindro hidr\u00e1ulico se utiliza generalmente en equipos de construcci\u00f3n, como gr\u00faas, polipastos y ascensores, para sujetar de forma segura objetos pesados \u200b\u200ben su lugar.<\/p>\n<h3>Fabricaci\u00f3n<\/h3>\n<p>En la fabricaci\u00f3n, el cilindro hidr\u00e1ulico se utiliza en prensas donde se forman materiales bajo alta presi\u00f3n, requiriendo una sujeci\u00f3n segura para evitar accidentes.<\/p>\n<h3>Transporte<\/h3>\n<p>El cilindro hidr\u00e1ulico se utiliza en estabilizadores y gatos para veh\u00edculos, garantizando la seguridad durante el mantenimiento o el transporte.<\/p>\n<h3>Aviaci\u00f3n<\/h3>\n<p>El cilindro hidr\u00e1ulico se utiliza en los sistemas de tren de aterrizaje para asegurar el tren de aterrizaje en su lugar durante el despegue y el aterrizaje.<\/p>\n<h2>Consideraciones de dise\u00f1o y criterios de selecci\u00f3n<\/h2>\n<p>A la hora de dise\u00f1ar y seleccionar un cilindro hidr\u00e1ulico, se deben tener en cuenta varios factores:<\/p>\n<h3>Capacidad de carga<\/h3>\n<p>El cilindro hidr\u00e1ulico debe estar dise\u00f1ado para soportar la carga m\u00e1xima a la que estar\u00e1 sometido. Esto garantiza que pueda realizar su funci\u00f3n sin averiarse.<\/p>\n<h3>Rendimiento de sellado<\/h3>\n<p>El rendimiento de sellado del cilindro hidr\u00e1ulico es fundamental para evitar fugas, que pueden provocar da\u00f1os en el equipo y representar peligro para los operadores.<\/p>\n<h3>Durabilidad<\/h3>\n<p>El cilindro hidr\u00e1ulico debe estar dise\u00f1ado para ser duradero, con materiales que puedan soportar el desgaste y los entornos de trabajo hostiles.<\/p>\n<h3>Seguridad<\/h3>\n<p>Los cilindros hidr\u00e1ulicos deben dise\u00f1arse teniendo en cuenta la seguridad, con caracter\u00edsticas que eviten accidentes, como protecci\u00f3n contra sobrepresi\u00f3n y mecanismos de parada de emergencia.<\/p>\n<h3>Mantenimiento<\/h3>\n<p>Los cilindros hidr\u00e1ulicos deben estar dise\u00f1ados para que su mantenimiento sea f\u00e1cil, con piezas accesibles que puedan reemplazarse o repararse r\u00e1pidamente.<\/p>\n<h2>Sellado y lubricaci\u00f3n<\/h2>\n<p>El reemplazo del cilindro hidr\u00e1ulico AN401944 est\u00e1 dise\u00f1ado con diversos elementos de sellado, como sellos de pist\u00f3n, sellos de v\u00e1stago y rascadores, para evitar fugas y contaminaci\u00f3n. Utilizamos materiales resistentes al desgaste como poliuretano y caucho de nitrilo para nuestros sellos. El cuerpo del cilindro y las superficies roscadas de los extremos se someten a un procesamiento fino para mejorar la resistencia al desgaste. La lubricaci\u00f3n regular con aceite hidr\u00e1ulico es necesaria para el correcto funcionamiento del cilindro.<\/p>\n<h2>Mantenimiento y reparaci\u00f3n<\/h2>\n<p>El mantenimiento y la reparaci\u00f3n regulares son esenciales para prolongar la vida \u00fatil de los cilindros hidr\u00e1ulicos. Las tareas de mantenimiento habituales incluyen la lubricaci\u00f3n, el reemplazo de sellos y la calibraci\u00f3n. Es fundamental instalar el cilindro correctamente, alinearlo correctamente y utilizar los soportes adecuados. Recomendamos seguir las instrucciones del fabricante para la inspecci\u00f3n, reparaci\u00f3n y reemplazo. Tambi\u00e9n ofrecemos repuestos y servicios de reconstrucci\u00f3n para garantizar la longevidad del cilindro hidr\u00e1ulico.<\/p>\n<h2>Consideraciones de seguridad y medio ambiente<\/h2>\n<p>Al trabajar con cilindros hidr\u00e1ulicos, la seguridad debe ser una prioridad absoluta. Es fundamental seguir todas las normas de seguridad y utilizar equipo de seguridad, como guantes y gafas protectoras. La eliminaci\u00f3n adecuada del aceite hidr\u00e1ulico usado y otros residuos es fundamental para evitar la contaminaci\u00f3n ambiental.<\/p>\n<h2>Soluci\u00f3n de problemas y problemas comunes<\/h2>\n<p>Los problemas comunes con los cilindros hidr\u00e1ulicos incluyen fugas, potencia insuficiente y funcionamiento ruidoso. Para solucionar estos problemas, es necesario inspeccionar y reparar los sellos, verificar el nivel de fluido hidr\u00e1ulico y asegurar una alineaci\u00f3n y un montaje correctos. Es fundamental seguir las instrucciones del fabricante para la reparaci\u00f3n y el reemplazo.<\/p>\n<h2>Gu\u00eda de instalaci\u00f3n<\/h2>\n<p>Siga estos pasos para instalar el reemplazo del cilindro hidr\u00e1ulico AN401944:<\/p>\n<ol>\n<li>Alinee el cilindro hidr\u00e1ulico con la superficie de montaje.<\/li>\n<li>Instale los pernos y apri\u00e9telos seg\u00fan las especificaciones del fabricante.<\/li>\n<li>Conecte las mangueras y racores hidr\u00e1ulicos.<\/li>\n<li>Verifique la alineaci\u00f3n y el movimiento correctos antes de utilizar el cilindro hidr\u00e1ulico.<\/li>\n<\/ol>\n<p><img decoding=\"async\" src=\"https:\/\/www.hydraulic-cylinders.net\/wp-content\/uploads\/2024\/12\/Replacement-Of-John-Deere-Hydraulic-Cylinder-7.webp\" alt=\"Imagen de cilindro hidr\u00e1ulico\"><\/p>\n<h2>Tareas de mantenimiento<\/h2>\n<p>Las siguientes tareas de mantenimiento son cruciales para garantizar la longevidad del cilindro hidr\u00e1ulico:<\/p>\n<ul>\n<li>Lubricaci\u00f3n regular con aceite hidr\u00e1ulico<\/li>\n<li>Reemplazo del sello<\/li>\n<li>Comprobaciones de calibraci\u00f3n<\/li>\n<\/ul>\n<p>La instalaci\u00f3n, lubricaci\u00f3n y ajuste adecuados son cruciales para el correcto funcionamiento del cilindro hidr\u00e1ulico. Es fundamental seguir las instrucciones del fabricante para su inspecci\u00f3n, reparaci\u00f3n y sustituci\u00f3n.<\/p>\n<p><img decoding=\"async\" src=\"https:\/\/www.hydraulic-cylinders.net\/wp-content\/uploads\/2024\/12\/Replacement-Of-John-Deere-Hydraulic-Cylinder-8.webp\" alt=\"Imagen de cilindro hidr\u00e1ulico\"><\/p>\n<h2>Sobre nosotros<\/h2>\n<p>Somos un fabricante y distribuidor mayorista l\u00edder de cilindros hidr\u00e1ulicos, con una amplia gama de productos que satisfacen diversas necesidades de la industria. Ofrecemos servicios profesionales que incluyen certificaci\u00f3n internacional, soluciones personalizadas, equipos de producci\u00f3n de \u00faltima generaci\u00f3n y un excelente servicio posventa.<\/p>\n<p><img decoding=\"async\" src=\"https:\/\/www.hydraulic-cylinders.net\/wp-content\/uploads\/2024\/12\/hydraulic-cylinder-factory.webp\" alt=\"Imagen de f\u00e1brica de cilindros hidr\u00e1ulicos\"><\/p>\n<p>Autor: lyl<\/p>","protected":false},"excerpt":{"rendered":"<p>Replacement Of AN401944 Hydraulic Cylinder The Replacement Of AN401944 Hydraulic Cylinder is a vital component used in various heavy-duty machines and equipment. It is designed to provide hydraulic power to machines and equipment for them to function correctly. This hydraulic cylinder weighs 53.111 lb, has a height of 5.3 in, and a length of 34 [&hellip;]<\/p>","protected":false},"featured_media":14650,"comment_status":"open","ping_status":"closed","template":"","meta":{"_et_pb_use_builder":"","_et_pb_old_content":"","_et_gb_content_width":""},"product_brand":[],"product_cat":[1489],"product_tag":[1490,1492],"class_list":{"0":"post-14688","1":"product","2":"type-product","3":"status-publish","4":"has-post-thumbnail","6":"product_cat-replacement-of-john-deere-hydraulic-cylinder","7":"product_tag-replacement-of-hydraulic-cylinder","8":"product_tag-replacement-of-john-deere-hydraulic-cylinder","10":"first","11":"instock","12":"shipping-taxable","13":"product-type-simple"},"amp_enabled":true,"_links":{"self":[{"href":"https:\/\/www.hydraulic-cylinders.net\/es\/wp-json\/wp\/v2\/product\/14688","targetHints":{"allow":["GET"]}}],"collection":[{"href":"https:\/\/www.hydraulic-cylinders.net\/es\/wp-json\/wp\/v2\/product"}],"about":[{"href":"https:\/\/www.hydraulic-cylinders.net\/es\/wp-json\/wp\/v2\/types\/product"}],"replies":[{"embeddable":true,"href":"https:\/\/www.hydraulic-cylinders.net\/es\/wp-json\/wp\/v2\/comments?post=14688"}],"wp:featuredmedia":[{"embeddable":true,"href":"https:\/\/www.hydraulic-cylinders.net\/es\/wp-json\/wp\/v2\/media\/14650"}],"wp:attachment":[{"href":"https:\/\/www.hydraulic-cylinders.net\/es\/wp-json\/wp\/v2\/media?parent=14688"}],"wp:term":[{"taxonomy":"product_brand","embeddable":true,"href":"https:\/\/www.hydraulic-cylinders.net\/es\/wp-json\/wp\/v2\/product_brand?post=14688"},{"taxonomy":"product_cat","embeddable":true,"href":"https:\/\/www.hydraulic-cylinders.net\/es\/wp-json\/wp\/v2\/product_cat?post=14688"},{"taxonomy":"product_tag","embeddable":true,"href":"https:\/\/www.hydraulic-cylinders.net\/es\/wp-json\/wp\/v2\/product_tag?post=14688"}],"curies":[{"name":"wp","href":"https:\/\/api.w.org\/{rel}","templated":true}]}}