{"id":15118,"date":"2025-01-19T14:07:43","date_gmt":"2025-01-19T14:07:43","guid":{"rendered":"https:\/\/www.hydraulic-cylinders.net\/product\/bucket-cylinder-for-komatsu-small-excavator-pc40\/"},"modified":"2025-01-19T14:07:45","modified_gmt":"2025-01-19T14:07:45","slug":"bucket-cylinder-for-komatsu-small-excavator-pc40","status":"publish","type":"product","link":"https:\/\/www.hydraulic-cylinders.net\/es\/producto\/bucket-cylinder-for-komatsu-small-excavator-pc40\/","title":{"rendered":"Cilindro de cuchar\u00f3n para excavadora peque\u00f1a Komatsu PC40"},"content":{"rendered":"<h2>Introducci\u00f3n<\/h2>\n<h3>\u00bfQu\u00e9 es el cilindro del cuchar\u00f3n para la excavadora peque\u00f1a Komatsu PC40?<\/h3>\n<p>El cilindro de la cuchara para la excavadora peque\u00f1a Komatsu PC40 es un cilindro hidr\u00e1ulico especialmente dise\u00f1ado para controlar el movimiento de las cucharas en maquinaria pesada como excavadoras, retroexcavadoras y cargadoras frontales. Su funci\u00f3n principal es permitir que la cuchara se eleve, baje e incline, facilitando as\u00ed diversas tareas de manipulaci\u00f3n de materiales. En el sistema hidr\u00e1ulico, el cilindro de la cuchara controla con precisi\u00f3n el movimiento de la cuchara mediante cambios en la presi\u00f3n del aceite hidr\u00e1ulico, lo que permite a los operadores manipular cargas pesadas con eficiencia y adaptarse a entornos de trabajo complejos y diversos requisitos operativos.<\/p>\n<p><img decoding=\"async\" src=\"https:\/\/www.hydraulic-cylinders.net\/wp-content\/uploads\/2025\/01\/songte-company-2.webp\" alt=\"Cilindro de cuchar\u00f3n para excavadora peque\u00f1a Komatsu PC40\"><\/p>\n<h2>Caracter\u00edsticas<\/h2>\n<ul>\n<li><strong>Alta resistencia y durabilidad:<\/strong> Generalmente fabricado en acero o aluminio de alta resistencia, soporta alta presi\u00f3n y cargas pesadas, adapt\u00e1ndose a entornos de trabajo hostiles. Su dise\u00f1o considera la resistencia al desgaste y a la corrosi\u00f3n, lo que prolonga su vida \u00fatil.<\/li>\n<li><strong>Operaci\u00f3n hidr\u00e1ulica eficiente:<\/strong> La acci\u00f3n telesc\u00f3pica suave se logra mediante el uso de presi\u00f3n de aceite hidr\u00e1ulico, lo que permite una respuesta r\u00e1pida a los comandos de control, proporciona una poderosa fuerza de empuje y tracci\u00f3n y es adecuado para manipular cargas pesadas y tareas operativas complejas.<\/li>\n<li><strong>Varios tipos:<\/strong> Se pueden seleccionar cilindros de simple efecto (hidr\u00e1ulicos en una sola direcci\u00f3n) o de doble efecto (hidr\u00e1ulicos en ambas direcciones) seg\u00fan las necesidades operativas. Algunos modelos son telesc\u00f3picos, lo que permite una mayor extensi\u00f3n sin aumentar las dimensiones externas, ideal para aplicaciones con espacio limitado.<\/li>\n<li><strong>Producci\u00f3n personalizada:<\/strong> Podemos producir este producto, que puede reemplazar perfectamente estos cilindros hidr\u00e1ulicos.<\/li>\n<\/ul>\n<p><img decoding=\"async\" src=\"https:\/\/www.hydraulic-cylinders.net\/wp-content\/uploads\/2025\/01\/songte-cylinder-head-with-all-kinds-excavator-models.webp\" alt=\"Cilindro de cuchar\u00f3n para excavadora peque\u00f1a Komatsu PC40\"><\/p>\n<h2>Aplicaci\u00f3n<\/h2>\n<p>El cilindro del cuchar\u00f3n para la excavadora peque\u00f1a Komatsu PC40 se usa ampliamente en diversas industrias, como equipos de construcci\u00f3n, maquinaria agr\u00edcola, excavadoras y cargadoras. <\/p>\n<h3>Equipos de construcci\u00f3n:<\/h3>\n<ul>\n<li>En las excavadoras, es esencial para la excavaci\u00f3n, carga y movimiento de tierra o escombros.<\/li>\n<li> En las excavadoras retroexcavadoras, el cilindro del cuchar\u00f3n ayuda tanto a excavar como a levantar.<\/li>\n<li> En cargadores frontales, ayuda a levantar e inclinar las mercanc\u00edas de manera eficaz.<\/li>\n<\/ul>\n<h3>Maquinaria agr\u00edcola:<\/h3>\n<p>Se utiliza para cargadores frontales, para recoger, levantar y transportar tierra, heno y otros materiales.<\/p>\n<h3>Excavadoras:<\/h3>\n<p>El cilindro del cuchar\u00f3n permite la acci\u00f3n de excavaci\u00f3n al permitir que el cuchar\u00f3n penetre en el suelo. <\/p>\n<p><img decoding=\"async\" src=\"https:\/\/www.hydraulic-cylinders.net\/wp-content\/uploads\/2025\/01\/songte-bushings-with-all-kinds-of-excavator-models.webp\" alt=\"Cilindro de cuchar\u00f3n para excavadora peque\u00f1a Komatsu PC40\"><\/p>\n<h2>Consideraciones de dise\u00f1o y est\u00e1ndares de selecci\u00f3n<\/h2>\n<ul>\n<li><strong>Capacidad de carga:<\/strong> El cilindro del cuchar\u00f3n debe soportar cargas de alta presi\u00f3n.<\/li>\n<li><strong>Caza de focas:<\/strong> Varios sellos, como sellos de pist\u00f3n y sellos de varilla, deben estar hechos de materiales resistentes al desgaste, como poliuretano y caucho de nitrilo, para garantizar el rendimiento del sellado.<\/li>\n<li><strong>Durabilidad:<\/strong> El cuerpo del cilindro y la superficie del extremo roscado deben procesarse finamente para mejorar la resistencia al desgaste.<\/li>\n<li><strong>Seguridad:<\/strong> El dise\u00f1o debe tener en cuenta la seguridad del funcionamiento del cilindro.<\/li>\n<li><strong>Mantenimiento:<\/strong> El cilindro debe ser f\u00e1cil de reparar y mantener.<\/li>\n<\/ul>\n<p><img decoding=\"async\" src=\"https:\/\/www.hydraulic-cylinders.net\/wp-content\/uploads\/2025\/01\/songte-oil-pipes-and-spare-parts.webp\" alt=\"Cilindro de cuchar\u00f3n para excavadora peque\u00f1a Komatsu PC40\"><\/p>\n<h2>Sellado y lubricaci\u00f3n<\/h2>\n<p>Diversos componentes de sellado, como los sellos de pist\u00f3n y de v\u00e1stago, deben fabricarse con materiales resistentes al desgaste, como poliuretano y caucho de nitrilo, para garantizar un sellado eficaz. El cuerpo del cilindro y la cara roscada deben estar finamente procesados \u200b\u200bpara mejorar la resistencia al desgaste. Es necesario a\u00f1adir regularmente aceite hidr\u00e1ulico adecuado para la lubricaci\u00f3n.<\/p>\n<p><img decoding=\"async\" src=\"https:\/\/www.hydraulic-cylinders.net\/wp-content\/uploads\/2025\/01\/songte-chushion-collar.webp\" alt=\"Cilindro de cuchar\u00f3n para excavadora peque\u00f1a Komatsu PC40\"><\/p>\n<h2>Mantenimiento y reparaci\u00f3n<\/h2>\n<p>La inspecci\u00f3n regular, la lubricaci\u00f3n adecuada, el reemplazo de sellos y las comprobaciones de calibraci\u00f3n son tareas comunes de mantenimiento. La instalaci\u00f3n, la lubricaci\u00f3n y el ajuste correctos son vitales, y se debe proporcionar una gu\u00eda de alineaci\u00f3n adecuada durante la instalaci\u00f3n. Se deben recomendar soportes de instalaci\u00f3n adecuados para fijar el cilindro, y se deben proporcionar procedimientos de revisi\u00f3n, reparaci\u00f3n y reemplazo para prolongar su vida \u00fatil.<\/p>\n<h2>Consideraciones de seguridad y factores ambientales<\/h2>\n<p>Es fundamental seguir las medidas de seguridad al utilizar cilindros de cangilones para protegerse contra posibles riesgos. Se deben respetar las normas ambientales al manipular aceite hidr\u00e1ulico y otros materiales.<\/p>\n<h2>Diagn\u00f3stico de fallas y problemas comunes<\/h2>\n<p>Los problemas comunes con los cilindros de cuchar\u00f3n incluyen fugas de fluido, fuerza insuficiente y ruidos anormales. El diagn\u00f3stico de fallas debe basarse en una inspecci\u00f3n exhaustiva del cilindro y los componentes circundantes. Un mantenimiento adecuado y una reparaci\u00f3n oportuna son esenciales para prevenir estos problemas.<\/p>\n<h2>Introducci\u00f3n de la empresa<\/h2>\n<p>Somos fabricantes de cilindros hidr\u00e1ulicos de repuesto y ofrecemos una gama completa de productos. Somos uno de los principales fabricantes y distribuidores mayoristas de cilindros hidr\u00e1ulicos en el mercado nacional e internacional. Buscamos la excelencia en la calidad y nos basamos en estrategias de gesti\u00f3n de producci\u00f3n industrializada en talleres de alta calidad, mejorando continuamente la plataforma de fabricaci\u00f3n, perfeccionando la l\u00ednea de producci\u00f3n de calidad del producto y contando con una s\u00f3lida capacidad de creaci\u00f3n. Nuestro objetivo es satisfacer las necesidades de nuestros clientes con alta eficiencia, precisi\u00f3n y principios de alta calidad.<\/p>\n<p><img decoding=\"async\" src=\"https:\/\/hzpt.com\/wp-content\/uploads\/2024\/11\/songte-company-1.webp\" alt=\"Cilindro de cuchar\u00f3n para excavadora peque\u00f1a Komatsu PC40\"><\/p>\n<h2>Profesionalismo y Certificaci\u00f3n Internacional<\/h2>\n<p>Nuestra empresa se compromete a garantizar que todos nuestros empleados cuenten con las cualificaciones y habilidades necesarias para brindar servicios profesionales a nuestros clientes. Contamos con certificaciones internacionales relevantes, como ISO y CE, que garantizan que nuestros productos cumplen con los est\u00e1ndares internacionales de calidad.<\/p>\n<h2>Servicios personalizados y equipos de producci\u00f3n<\/h2>\n<p>Ofrecemos servicios personalizados para brindar soluciones de cilindros hidr\u00e1ulicos a medida seg\u00fan las necesidades espec\u00edficas de cada cliente. Contamos con equipos de producci\u00f3n avanzados, como m\u00e1quinas CNC y sistemas de prueba profesionales, para garantizar la calidad y fiabilidad de cada producto.<\/p>\n<h2>Servicio posventa<\/h2>\n<p>Nuestra empresa ofrece una gama completa de servicios posventa, que incluyen reparaci\u00f3n, reemplazo y reconstrucci\u00f3n de los productos que ofrecemos. Nos comprometemos a brindar a nuestros clientes soluciones y servicios t\u00e9cnicos de alta calidad para garantizar que obtengan el mejor valor por su inversi\u00f3n.<\/p>\n<p>Autor: lyl<\/p>","protected":false},"excerpt":{"rendered":"<p>Introduction What is Bucket Cylinder for Komatsu Small Excavator PC40? Bucket Cylinder for Komatsu Small Excavator PC40 is a specially designed hydraulic cylinder used for controlling the movement of buckets in heavy machinery such as excavators, backhoe excavators, and front-end loaders. Its main function is to enable the bucket to lift, lower, and tilt, thus [&hellip;]<\/p>","protected":false},"featured_media":14788,"comment_status":"open","ping_status":"closed","template":"","meta":{"_et_pb_use_builder":"","_et_pb_old_content":"","_et_gb_content_width":""},"product_brand":[],"product_cat":[1494],"product_tag":[1495,1496],"class_list":{"0":"post-15118","1":"product","2":"type-product","3":"status-publish","4":"has-post-thumbnail","6":"product_cat-bucket-cylinders","7":"product_tag-bucket-cylinders","8":"product_tag-hydraulic-cylinders","10":"first","11":"instock","12":"shipping-taxable","13":"product-type-simple"},"amp_enabled":true,"_links":{"self":[{"href":"https:\/\/www.hydraulic-cylinders.net\/es\/wp-json\/wp\/v2\/product\/15118","targetHints":{"allow":["GET"]}}],"collection":[{"href":"https:\/\/www.hydraulic-cylinders.net\/es\/wp-json\/wp\/v2\/product"}],"about":[{"href":"https:\/\/www.hydraulic-cylinders.net\/es\/wp-json\/wp\/v2\/types\/product"}],"replies":[{"embeddable":true,"href":"https:\/\/www.hydraulic-cylinders.net\/es\/wp-json\/wp\/v2\/comments?post=15118"}],"wp:featuredmedia":[{"embeddable":true,"href":"https:\/\/www.hydraulic-cylinders.net\/es\/wp-json\/wp\/v2\/media\/14788"}],"wp:attachment":[{"href":"https:\/\/www.hydraulic-cylinders.net\/es\/wp-json\/wp\/v2\/media?parent=15118"}],"wp:term":[{"taxonomy":"product_brand","embeddable":true,"href":"https:\/\/www.hydraulic-cylinders.net\/es\/wp-json\/wp\/v2\/product_brand?post=15118"},{"taxonomy":"product_cat","embeddable":true,"href":"https:\/\/www.hydraulic-cylinders.net\/es\/wp-json\/wp\/v2\/product_cat?post=15118"},{"taxonomy":"product_tag","embeddable":true,"href":"https:\/\/www.hydraulic-cylinders.net\/es\/wp-json\/wp\/v2\/product_tag?post=15118"}],"curies":[{"name":"wp","href":"https:\/\/api.w.org\/{rel}","templated":true}]}}